{"id":4497,"date":"2021-08-20T04:17:53","date_gmt":"2021-08-20T04:17:53","guid":{"rendered":"https:\/\/isopllc.com\/de\/?page_id=4497"},"modified":"2023-05-14T11:43:46","modified_gmt":"2023-05-14T11:43:46","slug":"videos","status":"publish","type":"page","link":"https:\/\/isopllc.com\/at\/videos\/","title":{"rendered":"Videos"},"content":{"rendered":"\n<h2 class=\"wp-block-heading has-text-align-center\"><strong>Feuerleiter von ISOP<\/strong><\/h2>\n\n\n\n<figure class=\"wp-block-embed is-type-video is-provider-youtube wp-block-embed-youtube wp-embed-aspect-16-9 wp-has-aspect-ratio\"><div class=\"wp-block-embed__wrapper\">\n<iframe loading=\"lazy\" title=\"Fire Escape Ladder 3 Story \/ The Best Safety Ladder  2023 \/ Rettungsleiter Feuerwehr 2023\" width=\"980\" height=\"551\" src=\"https:\/\/www.youtube.com\/embed\/UGmhw7BWbe8?feature=oembed\" frameborder=\"0\" allow=\"accelerometer; autoplay; clipboard-write; encrypted-media; gyroscope; picture-in-picture; web-share\" allowfullscreen><\/iframe>\n<\/div><\/figure>\n\n\n\n<h2 class=\"wp-block-heading has-text-align-center\"><strong>Rettungs-Strickleiter<\/strong><\/h2>\n\n\n\n<figure class=\"wp-block-embed is-type-video is-provider-youtube wp-block-embed-youtube wp-embed-aspect-16-9 wp-has-aspect-ratio\"><div class=\"wp-block-embed__wrapper\">\n<iframe loading=\"lazy\" title=\"Rettungs Strickleiter\" width=\"980\" height=\"551\" src=\"https:\/\/www.youtube.com\/embed\/tuq37HK4GpA?feature=oembed\" frameborder=\"0\" allow=\"accelerometer; autoplay; clipboard-write; encrypted-media; gyroscope; picture-in-picture; web-share\" allowfullscreen><\/iframe>\n<\/div><\/figure>\n\n\n\n<h2 class=\"wp-block-heading has-text-align-center\"><strong>Feuerleiter-Seilleiter 2 Stockwerke von ISOP<\/strong><\/h2>\n\n\n\n<figure class=\"wp-block-video\"><video height=\"720\" style=\"aspect-ratio: 1280 \/ 720;\" width=\"1280\" controls src=\"https:\/\/isopllc.com\/at\/wp-content\/uploads\/sites\/13\/2020\/03\/Fire-Escape-Rope-Ladder-2-Story-by-ISOP.mp4\"><\/video><\/figure>\n\n\n\n<h2 class=\"wp-block-heading has-text-align-center\"><strong>Rettungsleiter aus Gurtband<\/strong><\/h2>\n\n\n\n<figure class=\"wp-block-embed is-type-video is-provider-youtube wp-block-embed-youtube wp-embed-aspect-16-9 wp-has-aspect-ratio\"><div class=\"wp-block-embed__wrapper\">\n<iframe loading=\"lazy\" title=\"Top Fire Escape Ladder 2023 Made in USA \/ Fire Escape Rope Ladder by ISOP \/ \u00e9chelle de corde\" width=\"980\" height=\"551\" src=\"https:\/\/www.youtube.com\/embed\/UbVzLEHfRRY?feature=oembed\" frameborder=\"0\" allow=\"accelerometer; autoplay; clipboard-write; encrypted-media; gyroscope; picture-in-picture; web-share\" allowfullscreen><\/iframe>\n<\/div><\/figure>\n\n\n\n<h2 class=\"wp-block-heading has-text-align-center\"><strong>Reflektierende Strickleiter<\/strong><\/h2>\n\n\n\n<figure class=\"wp-block-embed is-type-video is-provider-youtube wp-block-embed-youtube wp-embed-aspect-16-9 wp-has-aspect-ratio\"><div class=\"wp-block-embed__wrapper\">\n<iframe loading=\"lazy\" title=\"Reflective rope ladder\" width=\"980\" height=\"551\" src=\"https:\/\/www.youtube.com\/embed\/qvLLLYL4KD8?feature=oembed\" frameborder=\"0\" allow=\"accelerometer; autoplay; clipboard-write; encrypted-media; gyroscope; picture-in-picture; web-share\" allowfullscreen><\/iframe>\n<\/div><\/figure>\n\n\n\n<h2 class=\"wp-block-heading has-text-align-center\"><strong>Sicherheitsseilleiter<\/strong><\/h2>\n\n\n\n<figure class=\"wp-block-embed is-type-video is-provider-youtube wp-block-embed-youtube wp-embed-aspect-16-9 wp-has-aspect-ratio\"><div class=\"wp-block-embed__wrapper\">\n<iframe loading=\"lazy\" title=\"Safety Rope Ladder By ISOP\" width=\"980\" height=\"551\" src=\"https:\/\/www.youtube.com\/embed\/79lsZMpmFo0?feature=oembed\" frameborder=\"0\" allow=\"accelerometer; autoplay; clipboard-write; encrypted-media; gyroscope; picture-in-picture; web-share\" allowfullscreen><\/iframe>\n<\/div><\/figure>\n\n\n\n<h2 class=\"wp-block-heading has-text-align-center\"><strong>Feuerleitern 4 Stockwerke 10 m mit Sicherheitsgurt\/Gurt<\/strong><\/h2>\n\n\n\n<figure class=\"wp-block-embed is-type-video is-provider-youtube wp-block-embed-youtube wp-embed-aspect-16-9 wp-has-aspect-ratio\"><div class=\"wp-block-embed__wrapper\">\n<iframe loading=\"lazy\" title=\"Fire Escape Ladder 4 Story \/ Emergency Rope Ladder for Apartment \/\" width=\"980\" height=\"551\" src=\"https:\/\/www.youtube.com\/embed\/pLS26VuaRGY?feature=oembed\" frameborder=\"0\" allow=\"accelerometer; autoplay; clipboard-write; encrypted-media; gyroscope; picture-in-picture; web-share\" allowfullscreen><\/iframe>\n<\/div><\/figure>\n\n\n\n<h2 class=\"wp-block-heading has-text-align-center\"><strong>Brandevakuierungs-Trageger\u00e4t f\u00fcr Haustiere<\/strong><\/h2>\n\n\n\n<figure class=\"wp-block-embed is-type-video is-provider-youtube wp-block-embed-youtube wp-embed-aspect-16-9 wp-has-aspect-ratio\"><div class=\"wp-block-embed__wrapper\">\n<iframe loading=\"lazy\" title=\"Fire Evacuation Carrier Device for Pets\" width=\"980\" height=\"551\" src=\"https:\/\/www.youtube.com\/embed\/s_dujbv3Kdk?feature=oembed\" frameborder=\"0\" allow=\"accelerometer; autoplay; clipboard-write; encrypted-media; gyroscope; picture-in-picture; web-share\" allowfullscreen><\/iframe>\n<\/div><\/figure>\n\n\n\n<h2 class=\"wp-block-heading has-text-align-center\"><strong>Seilleitern mit Karabinern<\/strong><\/h2>\n\n\n\n<figure class=\"wp-block-embed is-type-video is-provider-youtube wp-block-embed-youtube wp-embed-aspect-16-9 wp-has-aspect-ratio\"><div class=\"wp-block-embed__wrapper\">\n<iframe loading=\"lazy\" title=\"Fire Escape Rope Ladders by Isop \/ Rettungsleiter amazon\" width=\"980\" height=\"551\" src=\"https:\/\/www.youtube.com\/embed\/MshUcIE9zVM?feature=oembed\" frameborder=\"0\" allow=\"accelerometer; autoplay; clipboard-write; encrypted-media; gyroscope; picture-in-picture; web-share\" allowfullscreen><\/iframe>\n<\/div><\/figure>\n\n\n\n<h2 class=\"wp-block-heading has-text-align-center\"><strong>Kletterstrickleiter f\u00fcr Kinder von ISOP<\/strong><\/h2>\n\n\n\n<figure class=\"wp-block-embed is-type-video is-provider-youtube wp-block-embed-youtube wp-embed-aspect-16-9 wp-has-aspect-ratio\"><div class=\"wp-block-embed__wrapper\">\n<iframe loading=\"lazy\" title=\"Climbing Rope Ladder for Kids by ISOP from 26$\" width=\"980\" height=\"551\" src=\"https:\/\/www.youtube.com\/embed\/nn0aB3S8o_g?feature=oembed\" frameborder=\"0\" allow=\"accelerometer; autoplay; clipboard-write; encrypted-media; gyroscope; picture-in-picture; web-share\" allowfullscreen><\/iframe>\n<\/div><\/figure>\n\n\n\n<h2 class=\"wp-block-heading has-text-align-center\"><strong>L\u00f6schdecke f\u00fcr Zuhause oder Auto<\/strong><\/h2>\n\n\n\n<figure class=\"wp-block-embed is-type-video is-provider-youtube wp-block-embed-youtube wp-embed-aspect-16-9 wp-has-aspect-ratio\"><div class=\"wp-block-embed__wrapper\">\n<iframe loading=\"lazy\" title=\"Fire Blanket for Home or Car\" width=\"980\" height=\"551\" src=\"https:\/\/www.youtube.com\/embed\/j2Ih3MqAoKI?feature=oembed\" frameborder=\"0\" allow=\"accelerometer; autoplay; clipboard-write; encrypted-media; gyroscope; picture-in-picture; web-share\" allowfullscreen><\/iframe>\n<\/div><\/figure>\n\n\n\n<h2 class=\"wp-block-heading has-text-align-center\"><strong>Mini Outdoor Campingkocher<\/strong><\/h2>\n\n\n\n<figure class=\"wp-block-embed is-type-video is-provider-youtube wp-block-embed-youtube wp-embed-aspect-16-9 wp-has-aspect-ratio\"><div class=\"wp-block-embed__wrapper\">\n<iframe loading=\"lazy\" title=\"Mini Outdoor Backpacking Stove\" width=\"980\" height=\"551\" src=\"https:\/\/www.youtube.com\/embed\/SlGVpKiAnnU?feature=oembed\" frameborder=\"0\" allow=\"accelerometer; autoplay; clipboard-write; encrypted-media; gyroscope; picture-in-picture; web-share\" allowfullscreen><\/iframe>\n<\/div><\/figure>\n\n\n\n<figure class=\"wp-block-embed is-type-video is-provider-youtube wp-block-embed-youtube wp-embed-aspect-16-9 wp-has-aspect-ratio\"><div class=\"wp-block-embed__wrapper\">\n<iframe loading=\"lazy\" title=\"Mini Outdoor Camping Stove\" width=\"980\" height=\"551\" src=\"https:\/\/www.youtube.com\/embed\/m01lecU6SUo?feature=oembed\" frameborder=\"0\" allow=\"accelerometer; autoplay; clipboard-write; encrypted-media; gyroscope; picture-in-picture; web-share\" allowfullscreen><\/iframe>\n<\/div><\/figure>\n\n\n\n<h2 class=\"wp-block-heading has-text-align-center\"><strong>Notfall-\u00dcberlebensset<\/strong><\/h2>\n\n\n\n<figure class=\"wp-block-embed is-type-video is-provider-youtube wp-block-embed-youtube wp-embed-aspect-16-9 wp-has-aspect-ratio\"><div class=\"wp-block-embed__wrapper\">\n<iframe loading=\"lazy\" title=\"Emergency Survival Kit\" width=\"980\" height=\"551\" src=\"https:\/\/www.youtube.com\/embed\/7dkbhokINNQ?feature=oembed\" frameborder=\"0\" allow=\"accelerometer; autoplay; clipboard-write; encrypted-media; gyroscope; picture-in-picture; web-share\" allowfullscreen><\/iframe>\n<\/div><\/figure>\n\n\n\n<figure class=\"wp-block-embed is-type-video is-provider-youtube wp-block-embed-youtube wp-embed-aspect-16-9 wp-has-aspect-ratio\"><div class=\"wp-block-embed__wrapper\">\n<iframe loading=\"lazy\" title=\"Emergency Box Multifuctional \/ Survival Kit \/ Rettungs-\u00dcberlebens-Mini-Kit\" width=\"980\" height=\"551\" src=\"https:\/\/www.youtube.com\/embed\/XaUoa5iq_V4?feature=oembed\" frameborder=\"0\" allow=\"accelerometer; autoplay; clipboard-write; encrypted-media; gyroscope; picture-in-picture; web-share\" allowfullscreen><\/iframe>\n<\/div><\/figure>\n\n\n\n<h2 class=\"wp-block-heading has-text-align-center\"><strong>Survival-Notfallset \/ Rettungs-\u00dcberlebensrucksack f\u00fcr jeden Notfall \/ \u00dcberlebenspaket<\/strong><\/h2>\n\n\n\n<figure class=\"wp-block-embed is-type-video is-provider-youtube wp-block-embed-youtube wp-embed-aspect-16-9 wp-has-aspect-ratio\"><div class=\"wp-block-embed__wrapper\">\n<iframe loading=\"lazy\" title=\"Survival Emergency kit \/ Rescue Survival Backpack for any Emergency \/  \u00fcberlebenspaket\" width=\"980\" height=\"551\" src=\"https:\/\/www.youtube.com\/embed\/geQ6lNYxEyI?feature=oembed\" frameborder=\"0\" allow=\"accelerometer; autoplay; clipboard-write; encrypted-media; gyroscope; picture-in-picture; web-share\" allowfullscreen><\/iframe>\n<\/div><\/figure>\n","protected":false},"excerpt":{"rendered":"<p>Feuerleiter von ISOP Rettungs-Strickleiter Feuerleiter-Seilleiter 2 Stockwerke von ISOP Rettungsleiter aus Gurtband Reflektierende Strickleiter Sicherheitsseilleiter Feuerleitern 4 Stockwerke 10 m mit Sicherheitsgurt\/Gurt Brandevakuierungs-Trageger\u00e4t f\u00fcr Haustiere Seilleitern mit Karabinern Kletterstrickleiter f\u00fcr Kinder von ISOP L\u00f6schdecke f\u00fcr Zuhause oder Auto Mini Outdoor Campingkocher Notfall-\u00dcberlebensset Survival-Notfallset \/ Rettungs-\u00dcberlebensrucksack f\u00fcr jeden Notfall \/ \u00dcberlebenspaket<\/p>\n","protected":false},"author":2,"featured_media":0,"parent":0,"menu_order":0,"comment_status":"closed","ping_status":"closed","template":"","meta":{"footnotes":""},"class_list":["post-4497","page","type-page","status-publish","hentry"],"_links":{"self":[{"href":"https:\/\/isopllc.com\/at\/wp-json\/wp\/v2\/pages\/4497","targetHints":{"allow":["GET"]}}],"collection":[{"href":"https:\/\/isopllc.com\/at\/wp-json\/wp\/v2\/pages"}],"about":[{"href":"https:\/\/isopllc.com\/at\/wp-json\/wp\/v2\/types\/page"}],"author":[{"embeddable":true,"href":"https:\/\/isopllc.com\/at\/wp-json\/wp\/v2\/users\/2"}],"replies":[{"embeddable":true,"href":"https:\/\/isopllc.com\/at\/wp-json\/wp\/v2\/comments?post=4497"}],"version-history":[{"count":0,"href":"https:\/\/isopllc.com\/at\/wp-json\/wp\/v2\/pages\/4497\/revisions"}],"wp:attachment":[{"href":"https:\/\/isopllc.com\/at\/wp-json\/wp\/v2\/media?parent=4497"}],"curies":[{"name":"wp","href":"https:\/\/api.w.org\/{rel}","templated":true}]}}