{"id":5243,"date":"2025-05-21T10:44:15","date_gmt":"2025-05-21T10:44:15","guid":{"rendered":"https:\/\/isopllc.com\/at\/?page_id=5243"},"modified":"2025-05-21T10:44:36","modified_gmt":"2025-05-21T10:44:36","slug":"grosshandelsangebot","status":"publish","type":"page","link":"https:\/\/isopllc.com\/at\/grosshandelsangebot\/","title":{"rendered":"Gro\u00dfhandelsangebot"},"content":{"rendered":"\n<p>Wenn Sie mehr als 20 Einheiten eines einzelnen Produkts kaufen m\u00f6chten, sind Sie f\u00fcr ein Gro\u00dfhandelsangebot berechtigt.<\/p>\n\n\n\n<p>Bitte kontaktieren Sie uns mit Ihrer Bestellung, und wir unterbreiten Ihnen ein spezielles Angebot.<\/p>\n\n\n\n<p>Schreiben Sie uns eine <a href=\"mailto:isopllc@gmail.com\" data-type=\"mailto\" data-id=\"mailto:isopllc@gmail.com\">E-Mail<\/a> oder hinterlassen Sie unten eine Nachricht:<\/p>\n\n\n<div class=\"wpforms-container wpforms-container-full wpforms-block wpforms-block-bbfaed4e-dbf0-4421-8a69-486036a058cd\" id=\"wpforms-4550\"><form id=\"wpforms-form-4550\" class=\"wpforms-validate wpforms-form\" data-formid=\"4550\" method=\"post\" enctype=\"multipart\/form-data\" action=\"\/at\/wp-json\/wp\/v2\/pages\/5243\" data-token=\"029303a8af806d1bb2ff96a398b7f569\" data-token-time=\"1775413199\"><noscript class=\"wpforms-error-noscript\">Bitte aktiviere JavaScript in deinem Browser, um dieses Formular fertigzustellen.<\/noscript><div class=\"wpforms-field-container\"><div id=\"wpforms-4550-field_0-container\" class=\"wpforms-field wpforms-field-name\" data-field-id=\"0\"><label class=\"wpforms-field-label\" for=\"wpforms-4550-field_0\">Name <span class=\"wpforms-required-label\">*<\/span><\/label><input type=\"text\" id=\"wpforms-4550-field_0\" class=\"wpforms-field-medium wpforms-field-required\" name=\"wpforms[fields][0]\" required><\/div><div id=\"wpforms-4550-field_1-container\" class=\"wpforms-field wpforms-field-email\" data-field-id=\"1\"><label class=\"wpforms-field-label\" for=\"wpforms-4550-field_1\">Email <span class=\"wpforms-required-label\">*<\/span><\/label><input type=\"email\" id=\"wpforms-4550-field_1\" class=\"wpforms-field-medium wpforms-field-required\" name=\"wpforms[fields][1]\" spellcheck=\"false\" required><\/div><div id=\"wpforms-4550-field_2-container\" class=\"wpforms-field wpforms-field-textarea\" data-field-id=\"2\"><label class=\"wpforms-field-label\" for=\"wpforms-4550-field_2\">Kommentar oder Nachricht <span class=\"wpforms-required-label\">*<\/span><\/label><textarea id=\"wpforms-4550-field_2\" class=\"wpforms-field-medium wpforms-field-required\" name=\"wpforms[fields][2]\" required><\/textarea><\/div><\/div><!-- .wpforms-field-container --><div class=\"wpforms-recaptcha-container wpforms-is-recaptcha wpforms-is-recaptcha-type-invisible\" ><div class=\"g-recaptcha\" data-sitekey=\"6LcfxDYqAAAAAOl_SmnVi9ioJKmVBOPMdWHhhWBq\" data-size=\"invisible\"><\/div><\/div><div class=\"wpforms-submit-container\" ><input type=\"hidden\" name=\"wpforms[id]\" value=\"4550\"><input type=\"hidden\" name=\"page_title\" value=\"\"><input type=\"hidden\" name=\"page_url\" value=\"https:\/\/isopllc.com\/at\/wp-json\/wp\/v2\/pages\/5243\"><input type=\"hidden\" name=\"url_referer\" value=\"\"><button type=\"submit\" name=\"wpforms[submit]\" id=\"wpforms-submit-4550\" class=\"wpforms-submit\" data-alt-text=\"Senden ...\" data-submit-text=\"Einreichen\" aria-live=\"assertive\" value=\"wpforms-submit\">Einreichen<\/button><\/div><\/form><\/div>  <!-- .wpforms-container -->","protected":false},"excerpt":{"rendered":"<p>Wenn Sie mehr als 20 Einheiten eines einzelnen Produkts kaufen m\u00f6chten, sind Sie f\u00fcr ein Gro\u00dfhandelsangebot berechtigt. Bitte kontaktieren Sie uns mit Ihrer Bestellung, und wir unterbreiten Ihnen ein spezielles Angebot. Schreiben Sie uns eine E-Mail oder hinterlassen Sie unten eine Nachricht:<\/p>\n","protected":false},"author":2,"featured_media":0,"parent":0,"menu_order":0,"comment_status":"closed","ping_status":"closed","template":"","meta":{"footnotes":""},"class_list":["post-5243","page","type-page","status-publish","hentry"],"_links":{"self":[{"href":"https:\/\/isopllc.com\/at\/wp-json\/wp\/v2\/pages\/5243","targetHints":{"allow":["GET"]}}],"collection":[{"href":"https:\/\/isopllc.com\/at\/wp-json\/wp\/v2\/pages"}],"about":[{"href":"https:\/\/isopllc.com\/at\/wp-json\/wp\/v2\/types\/page"}],"author":[{"embeddable":true,"href":"https:\/\/isopllc.com\/at\/wp-json\/wp\/v2\/users\/2"}],"replies":[{"embeddable":true,"href":"https:\/\/isopllc.com\/at\/wp-json\/wp\/v2\/comments?post=5243"}],"version-history":[{"count":0,"href":"https:\/\/isopllc.com\/at\/wp-json\/wp\/v2\/pages\/5243\/revisions"}],"wp:attachment":[{"href":"https:\/\/isopllc.com\/at\/wp-json\/wp\/v2\/media?parent=5243"}],"curies":[{"name":"wp","href":"https:\/\/api.w.org\/{rel}","templated":true}]}}