{"id":1049,"date":"2020-01-20T08:00:58","date_gmt":"2020-01-20T08:00:58","guid":{"rendered":"https:\/\/rightfoodonly.com\/?post_type=product&#038;p=1049"},"modified":"2025-07-01T11:04:20","modified_gmt":"2025-07-01T11:04:20","slug":"feuerleiter-2-stockig-5-m","status":"publish","type":"product","link":"https:\/\/isopllc.com\/at\/product\/feuerleiter-2-stockig-5-m\/","title":{"rendered":"Feuerfeste Rettungsleiter &#8211; Notausgang Strickleiter 2 Geschossig 5 m"},"content":{"rendered":"<div class=\"celwidget aplus-module module-12\" data-csa-c-id=\"ftxyry-8dnl9x-3p689i-o09ks3\" data-cel-widget=\"aplus-module-12\">\n<div class=\"a-expander-collapsed-height a-row a-expander-container a-expander-partial-collapse-container\" data-a-expander-name=\"aplus-module-expander\" data-a-expander-collapsed-height=\"360\">\n<div class=\"a-expander-content a-expander-partial-collapse-content\">\n<div class=\"aplus-module-wrapper apm-spacing apm-floatnone\">\n<div class=\"apm-sidemodule aplus-module-content\">\n<div class=\"textright apm-hero-text\">\n<h2><img decoding=\"async\" class=\"\" src=\"https:\/\/m.media-amazon.com\/images\/S\/aplus-media\/sc\/21a3f03b-829f-4554-b494-34215adbd6c9.__CR0,724,2000,619_PT0_SX970_V1___.jpg\" alt=\"back\" data-src=\"https:\/\/m.media-amazon.com\/images\/S\/aplus-media\/sc\/21a3f03b-829f-4554-b494-34215adbd6c9.__CR0,724,2000,619_PT0_SX970_V1___.jpg\" \/><\/h2>\n<h2 class=\"a-size-large a-spacing-none\" style=\"text-align: center;\"><span class=\"a-size-large product-title-word-break\">ISOP <\/span><span id=\"productTitle\" class=\"a-size-large product-title-word-break\">Feuerfeste Rettungsleiter &#8211; Notausgang Strickleiter 2 Geschossig 5 m (16 Fu\u00df) Feuerfeste Feuerl\u00f6schleiter mit Karabinern. Gewicht Kapazit\u00e4t bis zu 900 kg<\/span><\/h2>\n<\/div>\n<\/div>\n<div style=\"text-align: center;\"><\/div>\n<\/div>\n<\/div>\n<\/div>\n<\/div>\n<div class=\"celwidget aplus-module module-9\" style=\"text-align: center;\" data-csa-c-id=\"3d7463-l3bdk0-ygs321-8assbf\" data-cel-widget=\"aplus-module-9\">\n<div class=\"a-expander-collapsed-height a-row a-expander-container a-expander-partial-collapse-container\" data-a-expander-name=\"aplus-module-expander\" data-a-expander-collapsed-height=\"700\">\n<div class=\"a-expander-content a-expander-partial-collapse-content\">\n<div class=\"aplus-module-wrapper\">\n<div class=\"apm-spacing apm-fixed-width\">\n<h3 class=\"a-spacing-small\"><strong>Warum uns w\u00e4hlen?<\/strong><\/h3>\n<div class=\"apm-sidemodule-imageleft\"><img decoding=\"async\" class=\"aligncenter\" src=\"https:\/\/m.media-amazon.com\/images\/S\/aplus-media-library-service-media\/3217fc67-3649-4fc5-8067-00f8bfd97d1b.__CR0,0,300,300_PT0_SX300_V1___.jpg\" alt=\"Warum uns w\u00e4hlen?\" data-src=\"https:\/\/m.media-amazon.com\/images\/S\/aplus-media-library-service-media\/3217fc67-3649-4fc5-8067-00f8bfd97d1b.__CR0,0,300,300_PT0_SX300_V1___.jpg\" \/><\/div>\n<div><\/div>\n<div class=\"apm-sidemodule-textright\">\n<h4><strong>Patentierte reflektierende Technologie<\/strong><\/h4>\n<p>Diese Leiter wurde im Hinblick auf Komfort und Zug\u00e4nglichkeit entwickelt.<\/p>\n<p>Ein spezieller reflektierender Streifen, der in dieses Nylonseil eingewebt ist, sorgt daf\u00fcr, dass es im Strahl der Taschenlampe gut sichtbar ist, sodass Sie nachts nicht dar\u00fcber stolpern.<\/p>\n<p><img decoding=\"async\" class=\"a-spacing-mini aligncenter\" src=\"https:\/\/m.media-amazon.com\/images\/S\/aplus-media\/sc\/1d1c9f11-8b81-43e1-b2d9-232d2a154745.__CR0,193,641,641_PT0_SX300_V1___.jpg\" alt=\"Sturdy\" data-src=\"https:\/\/m.media-amazon.com\/images\/S\/aplus-media\/sc\/1d1c9f11-8b81-43e1-b2d9-232d2a154745.__CR0,193,641,641_PT0_SX300_V1___.jpg\" \/><\/p>\n<\/div>\n<\/div>\n<div class=\"apm-spacing apm-fixed-width\">\n<h4 class=\"a-spacing-mini\"><strong>ULTRA m\u00e4chtig<\/strong><\/h4>\n<p>Es gibt keine st\u00e4rkeren und zuverl\u00e4ssigeren Leitern als unsere, <strong>getestet (!)<\/strong> &#8211; mit 900 kg oder 10 Personen! Selbst Kettenleitern k\u00f6nnen sich dieser Gewichtskapazit\u00e4t nicht r\u00fchmen.<\/p>\n<p><img decoding=\"async\" class=\"a-spacing-mini aligncenter\" src=\"https:\/\/m.media-amazon.com\/images\/S\/aplus-media\/sc\/66906d66-df90-4038-8550-d72faf80c38f.__CR0,0,1200,1200_PT0_SX300_V1___.jpg\" alt=\"Multifunction\" data-src=\"https:\/\/m.media-amazon.com\/images\/S\/aplus-media\/sc\/66906d66-df90-4038-8550-d72faf80c38f.__CR0,0,1200,1200_PT0_SX300_V1___.jpg\" \/><\/p>\n<h4 class=\"a-spacing-mini\"><strong>Multifunktion<\/strong><\/h4>\n<p>kann f\u00fcr verschiedene Zwecke wie Spielplatz, Schaukeln, Baumhaus, Dachboden, Garten, Dach, Dachboden, Bunker, Marine und sogar dekorative Zwecke verwendet werden. Endlose Vielfalt an Nutzungsm\u00f6glichkeiten.<\/p>\n<p><img decoding=\"async\" class=\"a-spacing-mini aligncenter\" src=\"https:\/\/m.media-amazon.com\/images\/S\/aplus-media\/sc\/a53251f8-492d-40f3-a9db-2bdd1415646f.__CR1018,0,1260,1260_PT0_SX300_V1___.png\" alt=\"anti-slip\" data-src=\"https:\/\/m.media-amazon.com\/images\/S\/aplus-media\/sc\/a53251f8-492d-40f3-a9db-2bdd1415646f.__CR1018,0,1260,1260_PT0_SX300_V1___.png\" \/><\/p>\n<h4 class=\"a-spacing-mini\"><strong>Rutschfeste Sprossen<\/strong><\/h4>\n<p>Die Sprossen sind achteckig, daher zuverl\u00e4ssig und nicht rutschig.<\/p>\n<p><img loading=\"lazy\" decoding=\"async\" class=\"aligncenter\" src=\"https:\/\/m.media-amazon.com\/images\/S\/aplus-media\/sc\/2b5aeb68-441e-435d-b89c-5d2faf4eb063.__CR0,0,1000,1000_PT0_SX220_V1___.jpg\" alt=\"Portable\" width=\"300\" height=\"300\" data-src=\"https:\/\/m.media-amazon.com\/images\/S\/aplus-media\/sc\/2b5aeb68-441e-435d-b89c-5d2faf4eb063.__CR0,0,1000,1000_PT0_SX220_V1___.jpg\" \/><\/p>\n<h4 class=\"a-spacing-mini\"><strong>Tragbar<\/strong><\/h4>\n<p class=\"a-size-small\">kommt mit einer sch\u00f6n gestalteten schwarzen Tasche. Die Leiter ist leicht \u00fcberall in einer Tasche zu tragen. Enth\u00e4lt eine Geschenkbox in nat\u00fcrlicher Holzfarbe.<\/p>\n<p><img loading=\"lazy\" decoding=\"async\" class=\"aligncenter\" src=\"https:\/\/m.media-amazon.com\/images\/S\/aplus-media\/sc\/f2e8fc4d-adcb-4ad8-87e7-2d18df74811d.__CR0,13,974,974_PT0_SX220_V1___.jpg\" alt=\"Lightweight\" width=\"300\" height=\"300\" data-src=\"https:\/\/m.media-amazon.com\/images\/S\/aplus-media\/sc\/f2e8fc4d-adcb-4ad8-87e7-2d18df74811d.__CR0,13,974,974_PT0_SX220_V1___.jpg\" \/><\/p>\n<h4 class=\"a-spacing-mini\"><strong>Leicht<\/strong><\/h4>\n<p class=\"a-size-small\">Zum Beispiel wiegt 2,5 m nur 1,8 kg<\/p>\n<p><img loading=\"lazy\" decoding=\"async\" class=\"aligncenter\" src=\"https:\/\/m.media-amazon.com\/images\/S\/aplus-media\/sc\/0552c400-f2fc-46a1-84a9-d5030a1ca8e2.__CR0,0,1000,1000_PT0_SX220_V1___.jpg\" alt=\"Weather resistant\" width=\"300\" height=\"300\" data-src=\"https:\/\/m.media-amazon.com\/images\/S\/aplus-media\/sc\/0552c400-f2fc-46a1-84a9-d5030a1ca8e2.__CR0,0,1000,1000_PT0_SX220_V1___.jpg\" \/><\/p>\n<\/div>\n<div>\n<h4 class=\"a-spacing-mini\"><strong>Wetterresistent<\/strong><\/h4>\n<p class=\"a-size-small\">Fast nie alternde Leitern f\u00fcr jedes Wetter, kann im Regen nicht besch\u00e4digt werden.<\/p>\n<h4 class=\"a-spacing-mini\"><img loading=\"lazy\" decoding=\"async\" class=\"aligncenter\" style=\"font-size: 16px;\" src=\"https:\/\/m.media-amazon.com\/images\/S\/aplus-media\/sc\/14916db8-10a6-4760-8535-f49470d709ad.__CR11,0,1189,1189_PT0_SX220_V1___.jpg\" alt=\"Heavy duty carabiners\" width=\"300\" height=\"300\" data-src=\"https:\/\/m.media-amazon.com\/images\/S\/aplus-media\/sc\/14916db8-10a6-4760-8535-f49470d709ad.__CR11,0,1189,1189_PT0_SX220_V1___.jpg\" \/><\/h4>\n<\/div>\n<\/div>\n<\/div>\n<\/div>\n<\/div>\n<div class=\"celwidget aplus-module module-4\" style=\"text-align: center;\" data-csa-c-id=\"5glng-jun4yd-v4jukx-uxl7pr\" data-cel-widget=\"aplus-module-4\">\n<div class=\"a-expander-collapsed-height a-row a-expander-container a-expander-partial-collapse-container\" data-a-expander-name=\"aplus-module-expander\" data-a-expander-collapsed-height=\"700\">\n<div class=\"a-expander-content a-expander-partial-collapse-content\">\n<div class=\"aplus-module-wrapper\">\n<div class=\"apm-spacing\">\n<div class=\"apm-floatleft apm-fixed-width\">\n<div class=\"apm-spacing\">\n<h4 class=\"a-spacing-mini\"><strong>Hochleistungskarabiner<\/strong><\/h4>\n<p class=\"a-size-small\">Die Leitern sind mit verchromten Karabinern mit einer Bruchfestigkeit von 11 kN ausgestattet<\/p>\n<\/div>\n<\/div>\n<\/div>\n<\/div>\n<p><img loading=\"lazy\" decoding=\"async\" class=\"a-spacing-mini aligncenter\" src=\"https:\/\/m.media-amazon.com\/images\/S\/aplus-media\/sc\/eebfdeb6-a881-47d1-a2d7-3677df2e925c.__CR521,0,1333,1333_PT0_SX300_V1___.jpg\" alt=\"ladder with carabiners\" width=\"300\" height=\"300\" data-src=\"https:\/\/m.media-amazon.com\/images\/S\/aplus-media\/sc\/eebfdeb6-a881-47d1-a2d7-3677df2e925c.__CR521,0,1333,1333_PT0_SX300_V1___.jpg\" \/><\/p>\n<h4 class=\"a-spacing-mini\"><strong>Feuerresistent<\/strong><\/h4>\n<p>Durch die spezielle nicht brennbare Zusammensetzung der Fasern kann die Leiter einige Zeit einem Feuer standhalten. Wir empfehlen jedoch nicht, sie bei direktem Feuer zu verwenden.<\/p>\n<div><img loading=\"lazy\" decoding=\"async\" class=\"a-spacing-mini aligncenter\" src=\"https:\/\/m.media-amazon.com\/images\/S\/aplus-media\/sc\/d843778e-92b5-40e7-a239-8e35fcbadff6.__CR0,0,2000,2000_PT0_SX300_V1___.jpg\" alt=\"Different length\" width=\"300\" height=\"300\" data-src=\"https:\/\/m.media-amazon.com\/images\/S\/aplus-media\/sc\/d843778e-92b5-40e7-a239-8e35fcbadff6.__CR0,0,2000,2000_PT0_SX300_V1___.jpg\" \/><\/div>\n<div>\n<h4 class=\"a-spacing-mini\"><strong>Unterschiedliche L\u00e4nge<\/strong><\/h4>\n<p>verf\u00fcgbar 2,5 \/ 4\/5 \/ 7,5 \/ 10 m f\u00fcr 1-4-st\u00f6ckige H\u00e4user.<\/p>\n<p><img loading=\"lazy\" decoding=\"async\" class=\"a-spacing-mini aligncenter\" src=\"https:\/\/m.media-amazon.com\/images\/S\/aplus-media\/sc\/b32fbb7f-dd3b-4bce-a9d4-1f51dbe477df.__CR0,0,1000,1000_PT0_SX300_V1___.jpg\" alt=\"reusable\" width=\"300\" height=\"300\" data-src=\"https:\/\/m.media-amazon.com\/images\/S\/aplus-media\/sc\/b32fbb7f-dd3b-4bce-a9d4-1f51dbe477df.__CR0,0,1000,1000_PT0_SX300_V1___.jpg\" \/><\/p>\n<\/div>\n<\/div>\n<\/div>\n<div>\n<h4 class=\"a-spacing-mini\"><strong>Wiederverwendbar<\/strong><\/h4>\n<p>Im Gegensatz zu anderen Aluminiumleitern sind unsere Strickleitern wiederverwendbar.<\/p>\n<\/div>\n<\/div>\n<div class=\"celwidget aplus-module module-9\" style=\"text-align: center;\" data-csa-c-id=\"m09cvz-o5p85w-qopj3k-czo0y3\" data-cel-widget=\"aplus-module-9\">\n<div class=\"a-expander-collapsed-height a-row a-expander-container a-expander-partial-collapse-container\" data-a-expander-name=\"aplus-module-expander\" data-a-expander-collapsed-height=\"700\">\n<div class=\"a-expander-content a-expander-partial-collapse-content\">\n<div><\/div>\n<\/div>\n<\/div>\n<\/div>\n<div class=\"celwidget aplus-module module-2\" data-csa-c-id=\"c1j3x0-mk1xcm-qa38lk-mib4cf\" data-cel-widget=\"aplus-module-2\">\n<div class=\"a-expander-collapsed-height a-row a-expander-container a-expander-partial-collapse-container\" data-a-expander-name=\"aplus-module-expander\" data-a-expander-collapsed-height=\"700\">\n<div class=\"a-expander-content a-expander-partial-collapse-content\">\n<div class=\"aplus-module-wrapper apm-floatnone\">\n<div class=\"apm-sidemodule apm-spacing\">\n<div class=\"apm-sidemodule-imageleft\" style=\"text-align: center;\"><img decoding=\"async\" class=\"aligncenter\" src=\"https:\/\/m.media-amazon.com\/images\/S\/aplus-media\/sc\/fa263336-bda8-42e1-8872-40df9f912f96.__CR0,0,1000,1000_PT0_SX300_V1___.jpg\" alt=\"ladder\" data-src=\"https:\/\/m.media-amazon.com\/images\/S\/aplus-media\/sc\/fa263336-bda8-42e1-8872-40df9f912f96.__CR0,0,1000,1000_PT0_SX300_V1___.jpg\" \/><\/div>\n<div class=\"apm-sidemodule-textright\">\n<h2 class=\"a-spacing-mini\" style=\"text-align: center;\">Diese Notfall-Evakuierungsleiter ist auf Komfort und Zug\u00e4nglichkeit ausgelegt<\/h2>\n<p style=\"text-align: center;\">Eine Katastrophe kann jederzeit eintreten, unabh\u00e4ngig davon, ob Sie bereit sind oder nicht. Im Notfall zu Hause, in der Schule oder im B\u00fcro sollte es Ihre oberste Priorit\u00e4t sein, sicherzustellen, dass alle sicher aussteigen. Aus diesem Grund haben wir unsere Fluchtleitern f\u00fcr bis zu zweist\u00f6ckige H\u00e4user entwickelt, um Ihnen eine bequeme und zuverl\u00e4ssige M\u00f6glichkeit zu bieten, jedes Geb\u00e4ude durch die Fenster zu verlassen. Wenn Ihr Haus, Ihre Schule oder Ihre Wohnung keinen Fluchtweg hat oder wenn sie nicht leicht zug\u00e4nglich sind, ben\u00f6tigen Sie eine Sicherheitsleiter, auf die Sie z\u00e4hlen k\u00f6nnen.<\/p>\n<p style=\"text-align: center;\">Diese 2-st\u00f6ckige Fluchtleiter ist sorgf\u00e4ltig verpackt und bietet einen verwickelungsfreien, schnellen und bequemen Fluchtweg durch Ihr Fenster, der sowohl f\u00fcr Kinder als auch f\u00fcr Erwachsene geeignet ist. Dank seiner soliden Konstruktion kann es bis zu 900 kg tragen, w\u00e4hrend die Hochleistungskarabiner einen stabilen Halt bieten, damit Sie so anst\u00e4ndig wie m\u00f6glich sind. Diese Notleiter ist ein Muss f\u00fcr jeden, der m\u00f6chte, dass sie und ihre Familie oder Mitarbeiter sicher sind im Notfall.<\/p>\n<\/div>\n<\/div>\n<\/div>\n<\/div>\n<\/div>\n<\/div>\n","protected":false},"excerpt":{"rendered":"[embed]https:\/\/youtu.be\/IJjTa-Ewpl4[\/embed]\n<p class=\"a-size-large a-spacing-none\" style=\"text-align: center;\"><span class=\"a-size-large product-title-word-break\">ISOP <\/span><span id=\"productTitle\" class=\"a-size-large product-title-word-break\">Feuerfeste Rettungsleiter &#8211; Notausgang Strickleiter 2 Geschossig 5 m Feuerfeste Feuerl\u00f6schleiter mit Karabinern. Gewicht Kapazit\u00e4t bis zu 900 kg<\/span><\/p>\n<p style=\"text-align: center;\">Kostenlose Lieferung innerhalb von 3-7 Tagen<\/p>\n<p style=\"text-align: center;\"><a href=\"https:\/\/www.amazon.de\/dp\/B08QZCFK2B?ref=myi_title_dp\"><img loading=\"lazy\" decoding=\"async\" class=\"aligncenter wp-image-1040 size-full\" src=\"https:\/\/isopllc.com\/at\/wp-content\/uploads\/sites\/13\/2020\/01\/amazon-button9.png\" alt=\"\" width=\"160\" height=\"59\" \/><\/a><\/p>\n<p>&nbsp;<\/p>\n","protected":false},"featured_media":4281,"comment_status":"open","ping_status":"closed","template":"","meta":[],"product_brand":[],"product_cat":[349,348,345],"product_tag":[215,216,85,217],"class_list":{"0":"post-1049","1":"product","2":"type-product","3":"status-publish","4":"has-post-thumbnail","6":"product_cat-feuerleitern-1-stoeckig","7":"product_cat-feuerleitern-2-stoeckig","8":"product_cat-strickleitern-als-feuerleiter","9":"product_tag-feuerfeste-rettungsleiter","10":"product_tag-notausgang-strickleiter","11":"product_tag-rettungsleiter","12":"product_tag-sicherheitsleiter-fuer-wohnungen","14":"first","15":"instock","16":"purchasable","17":"product-type-simple"},"_links":{"self":[{"href":"https:\/\/isopllc.com\/at\/wp-json\/wp\/v2\/product\/1049","targetHints":{"allow":["GET"]}}],"collection":[{"href":"https:\/\/isopllc.com\/at\/wp-json\/wp\/v2\/product"}],"about":[{"href":"https:\/\/isopllc.com\/at\/wp-json\/wp\/v2\/types\/product"}],"replies":[{"embeddable":true,"href":"https:\/\/isopllc.com\/at\/wp-json\/wp\/v2\/comments?post=1049"}],"wp:featuredmedia":[{"embeddable":true,"href":"https:\/\/isopllc.com\/at\/wp-json\/wp\/v2\/media\/4281"}],"wp:attachment":[{"href":"https:\/\/isopllc.com\/at\/wp-json\/wp\/v2\/media?parent=1049"}],"wp:term":[{"taxonomy":"product_brand","embeddable":true,"href":"https:\/\/isopllc.com\/at\/wp-json\/wp\/v2\/product_brand?post=1049"},{"taxonomy":"product_cat","embeddable":true,"href":"https:\/\/isopllc.com\/at\/wp-json\/wp\/v2\/product_cat?post=1049"},{"taxonomy":"product_tag","embeddable":true,"href":"https:\/\/isopllc.com\/at\/wp-json\/wp\/v2\/product_tag?post=1049"}],"curies":[{"name":"wp","href":"https:\/\/api.w.org\/{rel}","templated":true}]}}