{"id":1450,"date":"2020-02-05T03:15:38","date_gmt":"2020-02-05T03:15:38","guid":{"rendered":"https:\/\/rightfoodonly.com\/?post_type=product&#038;p=1450"},"modified":"2025-07-21T08:14:59","modified_gmt":"2025-07-21T08:14:59","slug":"strickleiter-fuer-schaukelset","status":"publish","type":"product","link":"https:\/\/isopllc.com\/at\/product\/strickleiter-fuer-schaukelset\/","title":{"rendered":"Strickleiter f\u00fcr Schaukelset 2,5 m | Belastbar, Sicher und Ideal f\u00fcr Outdoor"},"content":{"rendered":"<h3><img loading=\"lazy\" decoding=\"async\" class=\"alignnone size-medium\" src=\"https:\/\/m.media-amazon.com\/images\/S\/aplus-media\/sc\/b8ed94ac-c904-409e-b504-aa88009b57f7.__CR0,0,970,300_PT0_SX970_V1___.jpg\" width=\"970\" height=\"300\" \/><\/h3>\n<div class=\"celwidget aplus-module module-9\" style=\"text-align: center\" data-csa-c-id=\"8qdekw-f2p4k0-r9icce-qoj6p0\" data-cel-widget=\"aplus-module-9\">\n<div class=\"a-expander-collapsed-height a-row a-expander-container a-expander-partial-collapse-container\" aria-live=\"polite\" data-a-expander-name=\"aplus-module-expander\" data-a-expander-collapsed-height=\"700\">\n<div class=\"a-expander-content a-expander-partial-collapse-content\" aria-expanded=\"false\">\n<div class=\"aplus-module-wrapper\">\n<div class=\"apm-spacing apm-fixed-width\">\n<p><span style=\"vertical-align: inherit\">Eine Strickleiter ist eine fantastische M\u00f6glichkeit, ein neues Element des Spa\u00dfes in den Spielraum Ihres Kindes zu integrieren. Eine Strickleiter f\u00fcr Schaukel ist eine der M\u00f6glichkeiten, dies zu tun. Sie m\u00fcssen die beste f\u00fcr den Au\u00dfenbereich oder die Schaukel ausw\u00e4hlen und Ihr Kind ermutigen, in seinen Spielstunden seine abenteuerliche Seite zu erkunden. <\/span><br \/>\n<span style=\"vertical-align: inherit\">Da sie ausschlie\u00dflich darauf ausgerichtet sind, die Sicherheitsvorkehrungen eines Kindes zu ber\u00fccksichtigen, ist die Verwendung zu jedem Zeitpunkt sicher und zuverl\u00e4ssig. Bei einer Schaukel ist eines der vielen wichtigen Elemente die Strickleiter. Daher ist es wichtig, mit mehreren Sicherheitsfunktionen ausgestattet zu sein. Bei ISOP kommt eine Strickleiter f\u00fcr Schaukel mit besonderen Features. Reden wir dar\u00fcber:<\/span><\/p>\n<h3 class=\"a-spacing-small\"><strong><span style=\"vertical-align: inherit\">Warum uns w\u00e4hlen?<\/span><\/strong><\/h3>\n<p><img loading=\"lazy\" decoding=\"async\" class=\" wp-image-4675 aligncenter\" src=\"https:\/\/isopllc.com\/at\/wp-content\/uploads\/sites\/13\/2022\/11\/reflective-rope-ladders-225x300.jpg\" alt=\"\" width=\"299\" height=\"398\" srcset=\"https:\/\/isopllc.com\/at\/wp-content\/uploads\/sites\/13\/2022\/11\/reflective-rope-ladders-225x300.jpg 225w, https:\/\/isopllc.com\/at\/wp-content\/uploads\/sites\/13\/2022\/11\/reflective-rope-ladders-768x1024.jpg 768w, https:\/\/isopllc.com\/at\/wp-content\/uploads\/sites\/13\/2022\/11\/reflective-rope-ladders-750x1000.jpg 750w, https:\/\/isopllc.com\/at\/wp-content\/uploads\/sites\/13\/2022\/11\/reflective-rope-ladders-416x555.jpg 416w, https:\/\/isopllc.com\/at\/wp-content\/uploads\/sites\/13\/2022\/11\/reflective-rope-ladders.jpg 1080w\" sizes=\"auto, (max-width: 299px) 100vw, 299px\" \/><\/p>\n<h4><strong>Patentierte reflektierende Technologie<\/strong><\/h4>\n<p>Diese Leiter wurde im Hinblick auf Komfort und Zug\u00e4nglichkeit entwickelt.<\/p>\n<p>Ein spezieller reflektierender Streifen, der in dieses Nylonseil eingewebt ist, sorgt daf\u00fcr, dass es im Strahl der Taschenlampe gut sichtbar ist, sodass Sie nachts nicht dar\u00fcber stolpern.<\/p>\n<p>&nbsp;<\/p>\n<p><img decoding=\"async\" class=\"a-spacing-mini aligncenter\" style=\"font-weight: 600\" src=\"https:\/\/m.media-amazon.com\/images\/S\/aplus-media\/sc\/1d1c9f11-8b81-43e1-b2d9-232d2a154745.__CR0,193,641,641_PT0_SX300_V1___.jpg\" alt=\"Robust\" data-src=\"https:\/\/m.media-amazon.com\/images\/S\/aplus-media\/sc\/1d1c9f11-8b81-43e1-b2d9-232d2a154745.__CR0,193,641,641_PT0_SX300_V1___.jpg\" \/><\/p>\n<h4 class=\"a-spacing-mini\"><span style=\"vertical-align: inherit\">ULTRA leistungsstark<\/span><\/h4>\n<p><span style=\"vertical-align: inherit\">Es gibt keine st\u00e4rkere und zuverl\u00e4ssigere Leiter als unsere,\u00a0 <\/span><span class=\"a-text-bold\"><span style=\"vertical-align: inherit\">getestet (!)\u00a0<\/span><\/span><span style=\"vertical-align: inherit\"> &#8211; mit 2500 lb oder 10 Personen! Selbst Kettenleitern k\u00f6nnen sich mit dieser Tragf\u00e4higkeit nicht r\u00fchmen.<\/span><\/p>\n<p><img decoding=\"async\" class=\"a-spacing-mini aligncenter\" src=\"https:\/\/m.media-amazon.com\/images\/S\/aplus-media\/sc\/66906d66-df90-4038-8550-d72faf80c38f.__CR0,0,1200,1200_PT0_SX300_V1___.jpg\" alt=\"Multifunktions\" data-src=\"https:\/\/m.media-amazon.com\/images\/S\/aplus-media\/sc\/66906d66-df90-4038-8550-d72faf80c38f.__CR0,0,1200,1200_PT0_SX300_V1___.jpg\" \/><\/p>\n<h4 class=\"a-spacing-mini\"><span style=\"vertical-align: inherit\">Multifunktions<\/span><\/h4>\n<p><span style=\"vertical-align: inherit\">kann f\u00fcr verschiedene Zwecke wie Spielplatz, Schaukel, Baumhaus, Dachboden, Garten, Dach, Dachboden, Bunker, Marine und sogar Dekorationszwecke sowie als Feuerleiter verwendet werden. Endlose Vielfalt an Nutzungsm\u00f6glichkeiten.<\/span><\/p>\n<p><img decoding=\"async\" class=\"a-spacing-mini aligncenter\" src=\"https:\/\/m.media-amazon.com\/images\/S\/aplus-media\/sc\/a53251f8-492d-40f3-a9db-2bdd1415646f.__CR1018,0,1260,1260_PT0_SX300_V1___.png\" alt=\"Anti-Rutsch\" data-src=\"https:\/\/m.media-amazon.com\/images\/S\/aplus-media\/sc\/a53251f8-492d-40f3-a9db-2bdd1415646f.__CR1018,0,1260,1260_PT0_SX300_V1___.png\" \/><\/p>\n<h4 class=\"a-spacing-mini\"><span style=\"vertical-align: inherit\">Rutschfeste Sprossen<\/span><\/h4>\n<p><span style=\"vertical-align: inherit\">Die Sprossen sind achteckig geformt, daher zuverl\u00e4ssig und nicht rutschig.<\/span><\/p>\n<p><img decoding=\"async\" class=\"aligncenter\" src=\"https:\/\/m.media-amazon.com\/images\/S\/aplus-media\/sc\/2b5aeb68-441e-435d-b89c-5d2faf4eb063.__CR0,0,1000,1000_PT0_SX220_V1___.jpg\" alt=\"tragbar\" data-src=\"https:\/\/m.media-amazon.com\/images\/S\/aplus-media\/sc\/2b5aeb68-441e-435d-b89c-5d2faf4eb063.__CR0,0,1000,1000_PT0_SX220_V1___.jpg\" \/><\/p>\n<\/div>\n<div>\n<h4 class=\"a-spacing-mini\"><span style=\"vertical-align: inherit\">tragbar<\/span><\/h4>\n<p class=\"a-size-small\"><span style=\"vertical-align: inherit\">Enth\u00e4lt eine Geschenkbox in Naturholzfarbe und eine h\u00fcbsch gestaltete schwarze Tasche.<\/span><\/p>\n<p><img decoding=\"async\" class=\"aligncenter\" src=\"https:\/\/m.media-amazon.com\/images\/S\/aplus-media\/sc\/f2e8fc4d-adcb-4ad8-87e7-2d18df74811d.__CR0,13,974,974_PT0_SX220_V1___.jpg\" alt=\"Leicht\" data-src=\"https:\/\/m.media-amazon.com\/images\/S\/aplus-media\/sc\/f2e8fc4d-adcb-4ad8-87e7-2d18df74811d.__CR0,13,974,974_PT0_SX220_V1___.jpg\" \/><\/p>\n<\/div>\n<\/div>\n<\/div>\n<div>\n<h4 class=\"a-spacing-mini\"><span style=\"vertical-align: inherit\">Leicht<\/span><\/h4>\n<p class=\"a-size-small\"><span style=\"vertical-align: inherit\">8ft wiegt zum Beispiel nur 4 lb<\/span><\/p>\n<p><img decoding=\"async\" class=\"aligncenter\" src=\"https:\/\/m.media-amazon.com\/images\/S\/aplus-media\/sc\/0552c400-f2fc-46a1-84a9-d5030a1ca8e2.__CR0,0,1000,1000_PT0_SX220_V1___.jpg\" alt=\"Wetterresistent\" data-src=\"https:\/\/m.media-amazon.com\/images\/S\/aplus-media\/sc\/0552c400-f2fc-46a1-84a9-d5030a1ca8e2.__CR0,0,1000,1000_PT0_SX220_V1___.jpg\" \/><\/p>\n<h4 class=\"a-spacing-mini\"><span style=\"vertical-align: inherit\">Wetterresistent<\/span><\/h4>\n<p class=\"a-size-small\"><span style=\"vertical-align: inherit\">fast nie alternde Leitern f\u00fcr jedes Wetter, k\u00f6nnen bei Regen nicht besch\u00e4digt werden.<\/span><\/p>\n<p><img decoding=\"async\" class=\"aligncenter\" src=\"https:\/\/m.media-amazon.com\/images\/S\/aplus-media\/sc\/14916db8-10a6-4760-8535-f49470d709ad.__CR11,0,1189,1189_PT0_SX220_V1___.jpg\" alt=\"Schwerlastkarabiner\" data-src=\"https:\/\/m.media-amazon.com\/images\/S\/aplus-media\/sc\/14916db8-10a6-4760-8535-f49470d709ad.__CR11,0,1189,1189_PT0_SX220_V1___.jpg\" \/><\/p>\n<h4 class=\"a-spacing-mini\"><span style=\"vertical-align: inherit\">Schwerlastkarabiner<\/span><\/h4>\n<p class=\"a-size-small\"><span style=\"vertical-align: inherit\">die Leitern sind mit verchromten Karabinern ausgestattet Bruchfestigkeit 11KN<\/span><\/p>\n<\/div>\n<\/div>\n<\/div>\n<div class=\"celwidget aplus-module module-4\" style=\"text-align: center\" data-csa-c-id=\"r0jyvc-byof08-6y9606-vmksqx\" data-cel-widget=\"aplus-module-4\">\n<div class=\"a-expander-collapsed-height a-row a-expander-container a-expander-partial-collapse-container\" aria-live=\"polite\" data-a-expander-name=\"aplus-module-expander\" data-a-expander-collapsed-height=\"700\">\n<div class=\"a-expander-content a-expander-partial-collapse-content\" aria-expanded=\"false\">\n<div>\n<p><img decoding=\"async\" class=\"a-spacing-mini aligncenter\" src=\"https:\/\/m.media-amazon.com\/images\/S\/aplus-media\/sc\/d843778e-92b5-40e7-a239-8e35fcbadff6.__CR0,0,2000,2000_PT0_SX300_V1___.jpg\" alt=\"Unterschiedliche L\u00e4nge\" data-src=\"https:\/\/m.media-amazon.com\/images\/S\/aplus-media\/sc\/d843778e-92b5-40e7-a239-8e35fcbadff6.__CR0,0,2000,2000_PT0_SX300_V1___.jpg\" \/><\/p>\n<h4 class=\"a-spacing-mini\"><span style=\"vertical-align: inherit\">Unterschiedliche L\u00e4nge<\/span><\/h4>\n<p><span style=\"vertical-align: inherit\">verf\u00fcgbar 8\/13\/16\/25\/32ft f\u00fcr 1 &#8211; 4-st\u00f6ckige H\u00e4user.<\/span><\/p>\n<p><img decoding=\"async\" class=\"a-spacing-mini aligncenter\" src=\"https:\/\/m.media-amazon.com\/images\/S\/aplus-media\/sc\/b32fbb7f-dd3b-4bce-a9d4-1f51dbe477df.__CR0,0,1000,1000_PT0_SX300_V1___.jpg\" alt=\"wiederverwendbar\" data-src=\"https:\/\/m.media-amazon.com\/images\/S\/aplus-media\/sc\/b32fbb7f-dd3b-4bce-a9d4-1f51dbe477df.__CR0,0,1000,1000_PT0_SX300_V1___.jpg\" \/><\/p>\n<h4 class=\"a-spacing-mini\"><span style=\"vertical-align: inherit\">Wiederverwendbar<\/span><\/h4>\n<p><span style=\"vertical-align: inherit\">im Gegensatz zu anderen Aluminiumleitern sind unsere Strickleitern wiederverwendbar.<\/span><\/p>\n<div class=\"apm-sidemodule-imageleft\">\n<div class=\"apm-sidemodule-imageleft\"><img decoding=\"async\" class=\"aligncenter\" src=\"https:\/\/m.media-amazon.com\/images\/S\/aplus-media\/sc\/7c7570fe-6600-49ef-9540-55b6a874c8a7.__CR0,0,1280,1280_PT0_SX300_V1___.jpg\" alt=\"DAS BESTE\" data-src=\"https:\/\/m.media-amazon.com\/images\/S\/aplus-media\/sc\/7c7570fe-6600-49ef-9540-55b6a874c8a7.__CR0,0,1280,1280_PT0_SX300_V1___.jpg\" \/><\/div>\n<div class=\"apm-sidemodule-textright\"><\/div>\n<\/div>\n<div class=\"apm-sidemodule-textright\">\n<h2 class=\"a-spacing-mini\"><span style=\"vertical-align: inherit\">DAS BESTE<\/span><\/h2>\n<p><span style=\"vertical-align: inherit\">Es gibt andere Strickleiter-Angebote, die unserem \u00e4hnlich sehen. ABER (!) sie flechten nicht gen\u00fcgend F\u00e4den in die Seile und sparen dies, daher sind die Seile nicht ausreichend dicht oder fest, daher nicht zuverl\u00e4ssig.<\/span><\/p>\n<\/div>\n<h3 class=\"a-spacing-mini\"><span style=\"vertical-align: inherit\">Machen Sie sich bereit f\u00fcr das erfrischendste Abenteuer!<\/span><\/h3>\n<h4 class=\"a-spacing-mini a-color-secondary a-text-italic\"><span style=\"vertical-align: inherit\">Wir stellen vor: Die ultimative Kletterseilleiter f\u00fcr Schaukelset, erstellt von ISOP<\/span><\/h4>\n<p class=\"a-spacing-base\"><span style=\"vertical-align: inherit\">M\u00f6chten Sie Ihre Spielplatz- oder Baumhaus-Zubeh\u00f6rkiste mit einem faszinierenden Spielzeug erg\u00e4nzen?<\/span><\/p>\n<p class=\"a-spacing-base\"><span style=\"vertical-align: inherit\">M\u00f6chten Sie Ihren Kindern endlose Kletterstunden im Freien oder in der Halle g\u00f6nnen?<\/span><\/p>\n<p class=\"a-spacing-base\"><span style=\"vertical-align: inherit\">Wie w\u00e4re es mit einer multifunktionalen Seilkletterleiter, die im Notfall auch Leben retten k\u00f6nnte?<\/span><\/p>\n<p class=\"a-spacing-base\"><span style=\"vertical-align: inherit\">Begeistern Sie Ihre Kinder mit einer fesselnden Kletterleiter und helfen Sie ihnen, das Beste aus ihrem Spiel zu machen!<\/span><\/p>\n<p class=\"a-spacing-base\"><strong><span class=\"a-text-bold\"><span style=\"vertical-align: inherit\">3 verschiedene Gr\u00f6\u00dfen f\u00fcr alle Ihre Bed\u00fcrfnisse<\/span><\/span><\/strong><\/p>\n<p class=\"a-spacing-base\"><span style=\"vertical-align: inherit\">Im Gegensatz zu Verk\u00e4ufern \u00e4hnlicher Produkte bieten wir Ihnen 3 verschiedene Strickleitergr\u00f6\u00dfen an. W\u00e4hlen Sie Ihre.<\/span><\/p>\n<div class=\"amp-centerthirdcol-listbox\">\n<div class=\"a-box a-spacing-small a-color-alternate-background apm-listbox amp-centerthirdcol-listbox\">\n<div class=\"a-box-inner\">\n<ul class=\"a-unordered-list a-vertical\">\n<li style=\"text-align: left\"><span class=\"a-list-item\"><span class=\"a-size-base\"><span style=\"vertical-align: inherit\">Ideal zum Aufh\u00e4ngen an einem Ast, einem Etagenbett oder einem Baumhaus, es ist ein Spielzeug, von dem kleine Kinder nie gelangweilt werden. Lassen Sie sie den Urlaub, den Wochenendausflug oder das fr\u00f6hliche Spielen zu Hause in vollen Z\u00fcgen genie\u00dfen.<\/span><\/span><\/span><\/li>\n<li style=\"text-align: left\"><span class=\"a-list-item\"><span class=\"a-size-base\"><span style=\"vertical-align: inherit\">Killer 2500 &#8211; Pfund Bruchfestigkeit<\/span><\/span><\/span><\/li>\n<li style=\"text-align: left\"><span class=\"a-list-item\"><span class=\"a-size-base\"><span style=\"vertical-align: inherit\">Langlebig &amp; f\u00fcr viele Jahre gemacht<\/span><\/span><\/span><\/li>\n<\/ul>\n<h3 class=\"a-color-secondary\"><span style=\"vertical-align: inherit\">Wir wissen, dass die Sicherheit Ihrer Familie f\u00fcr Sie oberste Priorit\u00e4t hat<\/span><\/h3>\n<p class=\"a-spacing-small a-size-small a-color-secondary\"><span style=\"vertical-align: inherit\">Wir haben unsere Strickleiter aus dem stabilsten Nylonseil gefertigt, mit Harz verst\u00e4rkt und mit EXTRA starken 11KN Karabinern geliefert, um Ihre vertrauensw\u00fcrdige Fluchtleiter im Brandfall zu machen.<\/span><\/p>\n<p class=\"a-spacing-small a-size-small a-color-secondary\"><span style=\"vertical-align: inherit\">H\u00e4ngen Sie es au\u00dferhalb des Fensters auf und helfen Sie Ihrer Familie, sicher auf den Boden zu kommen!<\/span><\/p>\n<\/div>\n<\/div>\n<\/div>\n<\/div>\n<\/div>\n<\/div>\n<\/div>\n","protected":false},"excerpt":{"rendered":"[embed]https:\/\/youtu.be\/IJjTa-Ewpl4[\/embed]\n<p class=\"mceTemp\" style=\"text-align: center\">Kletter-H\u00e4ngeseil f\u00fcr Kinder und Erwachsene &#8211; Robust und leicht f\u00fcr Loft &#8211; Dach oder Baumhaus<\/p>\n<p style=\"text-align: center\">Kostenlose Lieferung innerhalb von 3-7 Tagen<\/p>\n<p style=\"text-align: center\"><a href=\"https:\/\/www.amazon.de\/dp\/B07PLJGTVQ?ref=myi_title_dp\"><img loading=\"lazy\" decoding=\"async\" class=\"aligncenter wp-image-1040 size-full\" src=\"https:\/\/isopllc.com\/at\/wp-content\/uploads\/sites\/13\/2020\/01\/amazon-button9.png\" alt=\"\" width=\"160\" height=\"59\" \/><\/a><\/p>\n<p>&nbsp;<\/p>\n","protected":false},"featured_media":4866,"comment_status":"open","ping_status":"closed","template":"","meta":[],"product_brand":[],"product_cat":[345,340,342],"product_tag":[274,196,325,324],"class_list":{"0":"post-1450","1":"product","2":"type-product","3":"status-publish","4":"has-post-thumbnail","6":"product_cat-strickleitern-als-feuerleiter","7":"product_cat-strickleitern-fuer-kinder","8":"product_cat-wandleitern","9":"product_tag-kinderleiter","10":"product_tag-kletterausruestung","11":"product_tag-schaukelset-leiter","12":"product_tag-strickleiter","14":"first","15":"instock","16":"purchasable","17":"product-type-simple"},"_links":{"self":[{"href":"https:\/\/isopllc.com\/at\/wp-json\/wp\/v2\/product\/1450","targetHints":{"allow":["GET"]}}],"collection":[{"href":"https:\/\/isopllc.com\/at\/wp-json\/wp\/v2\/product"}],"about":[{"href":"https:\/\/isopllc.com\/at\/wp-json\/wp\/v2\/types\/product"}],"replies":[{"embeddable":true,"href":"https:\/\/isopllc.com\/at\/wp-json\/wp\/v2\/comments?post=1450"}],"wp:featuredmedia":[{"embeddable":true,"href":"https:\/\/isopllc.com\/at\/wp-json\/wp\/v2\/media\/4866"}],"wp:attachment":[{"href":"https:\/\/isopllc.com\/at\/wp-json\/wp\/v2\/media?parent=1450"}],"wp:term":[{"taxonomy":"product_brand","embeddable":true,"href":"https:\/\/isopllc.com\/at\/wp-json\/wp\/v2\/product_brand?post=1450"},{"taxonomy":"product_cat","embeddable":true,"href":"https:\/\/isopllc.com\/at\/wp-json\/wp\/v2\/product_cat?post=1450"},{"taxonomy":"product_tag","embeddable":true,"href":"https:\/\/isopllc.com\/at\/wp-json\/wp\/v2\/product_tag?post=1450"}],"curies":[{"name":"wp","href":"https:\/\/api.w.org\/{rel}","templated":true}]}}