{"id":1489,"date":"2020-02-06T04:57:10","date_gmt":"2020-02-06T04:57:10","guid":{"rendered":"https:\/\/rightfoodonly.com\/?post_type=product&#038;p=1489"},"modified":"2025-07-21T08:15:14","modified_gmt":"2025-07-21T08:15:14","slug":"kletterseilleiter-im-freien-8-m","status":"publish","type":"product","link":"https:\/\/isopllc.com\/at\/product\/kletterseilleiter-im-freien-8-m\/","title":{"rendered":"Kletterseilleiter im Freien 8 m | Platzsparend und Einfach zu Montieren"},"content":{"rendered":"<h3><img loading=\"lazy\" decoding=\"async\" class=\"alignnone size-medium\" src=\"https:\/\/m.media-amazon.com\/images\/S\/aplus-media\/sc\/b8ed94ac-c904-409e-b504-aa88009b57f7.__CR0,0,970,300_PT0_SX970_V1___.jpg\" width=\"970\" height=\"300\" \/><\/h3>\n<h2>Innen- \/ Au\u00dfenleitern Kletterseilleiter 7,5 m Kompakte, Tragbare Sicherheitsseilleitern<\/h2>\n<p><span style=\"vertical-align: inherit\">Eine Strickleiter ist eine fantastische M\u00f6glichkeit, ein neues Element des Spa\u00dfes in den Spielraum Ihres Kindes zu integrieren. Eine Strickleiter f\u00fcr Schaukel ist eine der M\u00f6glichkeiten, dies zu tun. Sie m\u00fcssen die beste f\u00fcr den Au\u00dfenbereich oder die Schaukel ausw\u00e4hlen und Ihr Kind ermutigen, in seinen Spielstunden seine abenteuerliche Seite zu erkunden. <\/span><br \/>\n<span style=\"vertical-align: inherit\">Da sie ausschlie\u00dflich darauf ausgerichtet sind, die Sicherheitsvorkehrungen eines Kindes zu ber\u00fccksichtigen, ist die Verwendung zu jedem Zeitpunkt sicher und zuverl\u00e4ssig. Bei einer Schaukel ist eines der vielen wichtigen Elemente die Strickleiter. Daher ist es wichtig, mit mehreren Sicherheitsfunktionen ausgestattet zu sein. Bei ISOP kommt eine Strickleiter f\u00fcr Schaukel mit besonderen Features. Reden wir dar\u00fcber:<\/span><\/p>\n<div class=\"celwidget aplus-module module-12 aplus-standard\" data-csa-c-id=\"dbo0f9-6w6kl-z7lp44-mntrof\" data-cel-widget=\"aplus-module-12\">\n<div class=\"a-expander-collapsed-height a-row a-expander-container a-expander-partial-collapse-container\" data-a-expander-name=\"aplus-module-expander\" data-a-expander-collapsed-height=\"360\">\n<div class=\"a-expander-content a-expander-partial-collapse-content\">\n<div style=\"text-align: center\">\n<h3 class=\"a-spacing-mini\"><strong>Warum uns w\u00e4hlen?<\/strong><\/h3>\n<\/div>\n<\/div>\n<\/div>\n<\/div>\n<div class=\"celwidget aplus-module module-2 aplus-standard\" style=\"text-align: center\" data-csa-c-id=\"h9wq8v-t631tf-g0cezh-6jwar7\" data-cel-widget=\"aplus-module-2\">\n<div class=\"a-expander-collapsed-height a-row a-expander-container a-expander-partial-collapse-container\" data-a-expander-name=\"aplus-module-expander\" data-a-expander-collapsed-height=\"700\">\n<div class=\"a-expander-content a-expander-partial-collapse-content\">\n<div class=\"aplus-module-wrapper apm-floatnone apm-fixed-width\">\n<div class=\"apm-sidemodule apm-spacing\">\n<div class=\"apm-sidemodule-imageleft\"><img decoding=\"async\" class=\"aligncenter\" src=\"https:\/\/m.media-amazon.com\/images\/S\/aplus-media-library-service-media\/3217fc67-3649-4fc5-8067-00f8bfd97d1b.__CR0,0,300,300_PT0_SX300_V1___.jpg\" alt=\"Warum uns w\u00e4hlen?\" data-src=\"https:\/\/m.media-amazon.com\/images\/S\/aplus-media-library-service-media\/3217fc67-3649-4fc5-8067-00f8bfd97d1b.__CR0,0,300,300_PT0_SX300_V1___.jpg\" \/><\/div>\n<div class=\"apm-sidemodule-textright\">\n<h3 class=\"a-spacing-mini\"><\/h3>\n<h4><strong>Patentierte reflektierende Technologie<\/strong><\/h4>\n<p>Diese Leiter wurde im Hinblick auf Komfort und Zug\u00e4nglichkeit entwickelt.<\/p>\n<p>Ein spezieller reflektierender Streifen, der in dieses Nylonseil eingewebt ist, sorgt daf\u00fcr, dass es im Strahl der Taschenlampe gut sichtbar ist, sodass Sie nachts nicht dar\u00fcber stolpern.<\/p>\n<p>&nbsp;<\/p>\n<p><img decoding=\"async\" class=\"a-spacing-mini aligncenter\" src=\"https:\/\/m.media-amazon.com\/images\/S\/aplus-media\/sc\/b32549cf-c143-49e7-85ae-e60e1efe44a5.__CR0,213,641,641_PT0_SX300_V1___.jpg\" alt=\"ULTRA powerful\" data-src=\"https:\/\/m.media-amazon.com\/images\/S\/aplus-media\/sc\/b32549cf-c143-49e7-85ae-e60e1efe44a5.__CR0,213,641,641_PT0_SX300_V1___.jpg\" \/><\/p>\n<h4 class=\"a-spacing-mini\">ULTRA m\u00e4chtig<\/h4>\n<p>Es gibt keine st\u00e4rkeren und zuverl\u00e4ssigeren Leitern als unsere,\u00a0<span class=\"a-text-bold\">getestet<\/span>\u00a0(!) &#8211; mit 900 kg oder 10 Personen! Selbst Kettenleitern k\u00f6nnen sich dieser Gewichtskapazit\u00e4t nicht r\u00fchmen.<\/p>\n<\/div>\n<\/div>\n<\/div>\n<div><img decoding=\"async\" class=\"a-spacing-mini aligncenter\" src=\"https:\/\/m.media-amazon.com\/images\/S\/aplus-media\/sc\/1984a528-0d09-40c8-b497-80077ff687bf.__CR0,0,1200,1200_PT0_SX300_V1___.jpg\" alt=\"Multifunction\" data-src=\"https:\/\/m.media-amazon.com\/images\/S\/aplus-media\/sc\/1984a528-0d09-40c8-b497-80077ff687bf.__CR0,0,1200,1200_PT0_SX300_V1___.jpg\" \/><\/div>\n<div>\n<h4 class=\"a-spacing-mini\">Multifunktion<\/h4>\n<p>kann f\u00fcr verschiedene Zwecke wie Spielplatz, Schaukeln, Baumhaus, Dachboden, Garten, Dach, Dachboden, Bunker, Marine und sogar dekorative Zwecke sowie Feuerleiter verwendet werden. Endlose Vielfalt an Nutzungsm\u00f6glichkeiten.<\/p>\n<p><img decoding=\"async\" class=\"a-spacing-mini aligncenter\" src=\"https:\/\/m.media-amazon.com\/images\/S\/aplus-media\/sc\/55529042-1305-4b9f-8c11-08297f08cae4.__CR945,0,1260,1260_PT0_SX300_V1___.png\" alt=\"Anti-slip rungs\" data-src=\"https:\/\/m.media-amazon.com\/images\/S\/aplus-media\/sc\/55529042-1305-4b9f-8c11-08297f08cae4.__CR945,0,1260,1260_PT0_SX300_V1___.png\" \/><\/p>\n<h4 class=\"a-spacing-mini\">Rutschfeste Sprossen<\/h4>\n<p>Die Sprossen sind achteckig, daher zuverl\u00e4ssig und nicht rutschig.<\/p>\n<\/div>\n<\/div>\n<\/div>\n<\/div>\n<div class=\"celwidget aplus-module module-9 aplus-standard\" style=\"text-align: center\" data-csa-c-id=\"sffm9c-nihpai-wkrfxu-mwmv4o\" data-cel-widget=\"aplus-module-9\">\n<div class=\"a-expander-collapsed-height a-row a-expander-container a-expander-partial-collapse-container\" data-a-expander-name=\"aplus-module-expander\" data-a-expander-collapsed-height=\"700\">\n<div class=\"a-expander-content a-expander-partial-collapse-content\">\n<div class=\"aplus-module-wrapper apm-fixed-width\">\n<div class=\"apm-spacing apm-fixed-width\"><\/div>\n<\/div>\n<div><img decoding=\"async\" class=\"a-spacing-mini aligncenter\" src=\"https:\/\/m.media-amazon.com\/images\/S\/aplus-media\/sc\/2c004625-5819-421c-9fb9-d43ceafdb36f.__CR0,0,1000,1000_PT0_SX300_V1___.jpg\" alt=\"Portable\" data-src=\"https:\/\/m.media-amazon.com\/images\/S\/aplus-media\/sc\/2c004625-5819-421c-9fb9-d43ceafdb36f.__CR0,0,1000,1000_PT0_SX300_V1___.jpg\" \/><\/div>\n<div>\n<h4 class=\"a-spacing-mini\">Tragbar<\/h4>\n<p>Enth\u00e4lt eine Geschenkbox in nat\u00fcrlicher Holzfarbe und eine sch\u00f6n gestaltete schwarze Tasche.<\/p>\n<p><img loading=\"lazy\" decoding=\"async\" class=\"a-spacing-mini aligncenter\" src=\"https:\/\/m.media-amazon.com\/images\/S\/aplus-media\/sc\/d2118046-170c-42b0-a532-a20715fbd1be.__CR0,13,974,974_PT0_SX300_V1___.jpg\" alt=\"Lightweight\" width=\"300\" height=\"300\" data-src=\"https:\/\/m.media-amazon.com\/images\/S\/aplus-media\/sc\/d2118046-170c-42b0-a532-a20715fbd1be.__CR0,13,974,974_PT0_SX300_V1___.jpg\" \/><\/p>\n<h4 class=\"a-spacing-mini\">Leicht<\/h4>\n<p>Zum Beispiel wiegt 2,5 m nur 1,8 kg<\/p>\n<p><img decoding=\"async\" class=\"a-spacing-mini aligncenter\" style=\"font-weight: 600;text-align: left\" src=\"https:\/\/m.media-amazon.com\/images\/S\/aplus-media\/sc\/d97d0744-b2b3-4b88-804c-174cb8108173.__CR0,0,1000,1000_PT0_SX300_V1___.jpg\" alt=\"Weather resistant\" data-src=\"https:\/\/m.media-amazon.com\/images\/S\/aplus-media\/sc\/d97d0744-b2b3-4b88-804c-174cb8108173.__CR0,0,1000,1000_PT0_SX300_V1___.jpg\" \/><\/p>\n<h4 class=\"a-spacing-mini\">Wetterresistent<\/h4>\n<p>Fast nie alternde Leitern f\u00fcr jedes Wetter, kann im Regen nicht besch\u00e4digt werden.<\/p>\n<\/div>\n<\/div>\n<\/div>\n<\/div>\n<div class=\"celwidget aplus-module module-9 aplus-standard\" style=\"text-align: center\" data-csa-c-id=\"el3hso-5vs06e-9mf0g5-pzsjx2\" data-cel-widget=\"aplus-module-9\">\n<div class=\"a-expander-collapsed-height a-row a-expander-container a-expander-partial-collapse-container\" data-a-expander-name=\"aplus-module-expander\" data-a-expander-collapsed-height=\"700\">\n<div class=\"a-expander-content a-expander-partial-collapse-content\">\n<div class=\"aplus-module-wrapper apm-fixed-width\">\n<div class=\"apm-spacing apm-fixed-width\"><img loading=\"lazy\" decoding=\"async\" class=\"aligncenter\" src=\"https:\/\/m.media-amazon.com\/images\/S\/aplus-media\/sc\/974ce277-ca78-439b-a607-323983785ec9.__CR5,0,1189,1189_PT0_SX220_V1___.jpg\" alt=\"Heavy duty carabiners\" width=\"300\" height=\"300\" data-src=\"https:\/\/m.media-amazon.com\/images\/S\/aplus-media\/sc\/974ce277-ca78-439b-a607-323983785ec9.__CR5,0,1189,1189_PT0_SX220_V1___.jpg\" \/><\/div>\n<div>\n<h4 class=\"a-spacing-mini\">Hochleistungskarabiner<\/h4>\n<p class=\"a-size-small\">Die Leitern sind mit verchromten Karabinern mit einer Bruchfestigkeit von 11 kN ausgestattet<\/p>\n<p><img loading=\"lazy\" decoding=\"async\" class=\"aligncenter\" src=\"https:\/\/m.media-amazon.com\/images\/S\/aplus-media\/sc\/7b4dbdb2-be19-47f7-bd45-ab9fb4a38381.__CR0,0,2000,2000_PT0_SX220_V1___.jpg\" alt=\"Different length\" width=\"300\" height=\"300\" data-src=\"https:\/\/m.media-amazon.com\/images\/S\/aplus-media\/sc\/7b4dbdb2-be19-47f7-bd45-ab9fb4a38381.__CR0,0,2000,2000_PT0_SX220_V1___.jpg\" \/><\/p>\n<h4 class=\"a-spacing-mini\">Unterschiedliche L\u00e4nge<\/h4>\n<p class=\"a-size-small\">verf\u00fcgbar 2,5 \/ 4 \/ 5 \/ 7,5 \/ 10 m f\u00fcr 1 &#8211; 4-st\u00f6ckige H\u00e4user.<\/p>\n<p><img loading=\"lazy\" decoding=\"async\" class=\"aligncenter\" src=\"https:\/\/m.media-amazon.com\/images\/S\/aplus-media\/sc\/73057d87-cbbe-4dff-9363-38c14209a166.__CR0,0,1000,1000_PT0_SX220_V1___.jpg\" alt=\"Reusable\" width=\"300\" height=\"300\" data-src=\"https:\/\/m.media-amazon.com\/images\/S\/aplus-media\/sc\/73057d87-cbbe-4dff-9363-38c14209a166.__CR0,0,1000,1000_PT0_SX220_V1___.jpg\" \/><\/p>\n<h4 class=\"a-spacing-mini\">Wiederverwendbar<\/h4>\n<p class=\"a-size-small\">Im Gegensatz zu anderen Aluminiumleitern sind unsere Strickleitern wiederverwendbar.<\/p>\n<p><img loading=\"lazy\" decoding=\"async\" class=\"aligncenter\" style=\"font-weight: 600;text-align: left\" src=\"https:\/\/m.media-amazon.com\/images\/S\/aplus-media\/sc\/46e60be6-5120-441b-ac49-8f9b03152ca4.__CR406,0,1333,1333_PT0_SX220_V1___.jpg\" alt=\"THE BEST\" width=\"300\" height=\"300\" data-src=\"https:\/\/m.media-amazon.com\/images\/S\/aplus-media\/sc\/46e60be6-5120-441b-ac49-8f9b03152ca4.__CR406,0,1333,1333_PT0_SX220_V1___.jpg\" \/><\/p>\n<h4 class=\"a-spacing-mini\">DAS BESTE<\/h4>\n<p class=\"a-size-small\">Es gibt andere Angebote f\u00fcr Strickleitern, die unseren \u00e4hnlich sehen. ABER (!) Flechten sie nicht genug F\u00e4den in die Seile und sparen dies, daher sind die Seile nicht ausreichend dicht oder fest und daher nicht zuverl\u00e4ssig.<\/p>\n<\/div>\n<\/div>\n<\/div>\n<\/div>\n<\/div>\n<div class=\"celwidget aplus-module module-4 aplus-standard\" data-csa-c-id=\"bckqxe-x3mhad-sfv71v-a6rr70\" data-cel-widget=\"aplus-module-4\">\n<div class=\"a-expander-collapsed-height a-row a-expander-container a-expander-partial-collapse-container\" data-a-expander-name=\"aplus-module-expander\" data-a-expander-collapsed-height=\"700\">\n<div class=\"a-expander-content a-expander-partial-collapse-content\">\n<div style=\"text-align: center\"><\/div>\n<\/div>\n<\/div>\n<\/div>\n<div class=\"celwidget aplus-module module-1 aplus-standard\" data-csa-c-id=\"rfpn43-a86fnq-19ocjr-xdl6sx\" data-cel-widget=\"aplus-module-1\">\n<div class=\"a-expander-collapsed-height a-row a-expander-container a-expander-partial-collapse-container\" data-a-expander-name=\"aplus-module-expander\" data-a-expander-collapsed-height=\"700\">\n<div class=\"a-expander-content a-expander-partial-collapse-content a-expander-content-expanded\">\n<div class=\"aplus-module-wrapper apm-fixed-width\">\n<div class=\"apm-spacing apm-wrap\">\n<div class=\"apm-floatleft apm-wrap\">\n<div class=\"apm-leftimage\"><img decoding=\"async\" class=\"a-spacing-mini aligncenter\" src=\"https:\/\/m.media-amazon.com\/images\/S\/aplus-media\/sc\/625522fe-70a4-4e7c-83af-fa30750d82a8.__CR0,0,960,1280_PT0_SX300_V1___.jpg\" alt=\"ladder\" data-src=\"https:\/\/m.media-amazon.com\/images\/S\/aplus-media\/sc\/625522fe-70a4-4e7c-83af-fa30750d82a8.__CR0,0,960,1280_PT0_SX300_V1___.jpg\" \/><br \/>\n<strong>\u00a0Wir wissen, dass die Sicherheit Ihrer Familie oberste Priorit\u00e4t hat<\/strong><\/div>\n<div class=\"apm-rightthirdcol\">\n<div class=\"apm-rightthirdcol-inner\">\n<div class=\"celwidget aplus-module module-1 aplus-standard\" data-cel-widget=\"aplus-module-1\" data-csa-c-id=\"iinan9-r6r5ny-b7mynf-tvk5vf\">\n<div class=\"a-expander-collapsed-height a-row a-expander-container a-expander-partial-collapse-container\" data-a-expander-name=\"aplus-module-expander\" data-a-expander-collapsed-height=\"700\">\n<div class=\"a-expander-content a-expander-partial-collapse-content\">\n<div class=\"aplus-module-wrapper apm-fixed-width\">\n<div class=\"apm-spacing apm-wrap\">\n<div class=\"apm-floatleft apm-wrap\">\n<div class=\"apm-rightthirdcol\">\n<div class=\"apm-rightthirdcol-inner\">\n<p class=\"a-spacing-small a-size-small a-color-secondary\">Wir haben unsere Strickleiter aus dem stabilsten Nylonseil hergestellt, das mit Harz verst\u00e4rkt ist und mit EXTRA starken 11KN-Karabinern geliefert wird, um Ihre vertrauensw\u00fcrdige Fluchtleiter im Brandfall herzustellen.<\/p>\n<p class=\"a-spacing-small a-size-small a-color-secondary\">H\u00e4ngen Sie es vor das Fenster und helfen Sie Ihrer Familie, es sicher auf den Boden zu bringen!<\/p>\n<\/div>\n<\/div>\n<div class=\"apm-centerthirdcol apm-wrap\">\n<h3 class=\"a-spacing-mini\">Machen Sie sich bereit f\u00fcr das erfrischendste Abenteuer!<\/h3>\n<h4 class=\"a-spacing-mini a-color-secondary a-text-italic\">Vorstellung der ultimativen Kletterseilleiter, erstellt von ISOP<\/h4>\n<p class=\"a-spacing-base\">M\u00f6chten Sie Ihren Spielplatz oder Ihre Baumhaus-Zubeh\u00f6rbox mit einem faszinierenden Spielzeug erg\u00e4nzen?<\/p>\n<p class=\"a-spacing-base\">M\u00f6chten Sie Ihren Kindern endlose Stunden Klettern im Freien oder drinnen g\u00f6nnen?<\/p>\n<p class=\"a-spacing-base\">Wie w\u00e4re es mit einer multifunktionalen Kletterleiter, die auch im Notfall Leben retten k\u00f6nnte?<\/p>\n<p class=\"a-spacing-base\">Begeistern Sie Ihre Kinder mit einer faszinierenden Kletterleiter und helfen Sie ihnen, das Beste aus ihrem Spiel herauszuholen!<\/p>\n<div class=\"amp-centerthirdcol-listbox\">\n<div class=\"a-box a-spacing-small a-color-alternate-background apm-listbox amp-centerthirdcol-listbox\">\n<div class=\"a-box-inner\">\n<ul class=\"a-unordered-list a-vertical\">\n<li><span class=\"a-list-item\"><span class=\"a-size-base\">Es eignet sich hervorragend zum Aufh\u00e4ngen an einem Ast, einem Etagenbett oder einem Baumhaus und ist ein Spielzeug, von dem kleine Kinder nie gelangweilt werden.<\/span><\/span><\/li>\n<li><span class=\"a-list-item\"><span class=\"a-size-base\">900 kg Bruchfestigkeit<\/span><\/span><\/li>\n<li><span class=\"a-list-item\"><span class=\"a-size-base\">Langlebig und f\u00fcr lange Jahre gemacht<\/span><\/span><\/li>\n<li><span class=\"a-list-item\"><span class=\"a-size-base\">3 verschiedene Gr\u00f6\u00dfen f\u00fcr alle Ihre Bed\u00fcrfnisse Im Gegensatz zu Verk\u00e4ufern \u00e4hnlicher Produkte bieten wir Ihnen 3 verschiedene Strickleitergr\u00f6\u00dfen an. W\u00e4hle deine<\/span><\/span><\/li>\n<\/ul>\n<\/div>\n<\/div>\n<\/div>\n<\/div>\n<\/div>\n<\/div>\n<\/div>\n<\/div>\n<\/div>\n<\/div>\n<\/div>\n<\/div>\n<\/div>\n<\/div>\n<\/div>\n<\/div>\n<\/div>\n<\/div>\n","protected":false},"excerpt":{"rendered":"[embed]https:\/\/youtu.be\/IJjTa-Ewpl4[\/embed]\n<p class=\"mceTemp\" style=\"text-align: center\">H\u00e4ngeseil mit Haken f\u00fcr Jugendliche &amp; Erwachsene &#8211; \u00dcbungsseilleiter f\u00fcr Schaukel &amp; Baumhaus<\/p>\n<p style=\"text-align: center\">Kostenlose Lieferung innerhalb von 3-7 Tagen<\/p>\n<p style=\"text-align: center\"><a href=\"https:\/\/www.amazon.de\/dp\/B07PLNSY5K?ref=myi_title_dp\"><img loading=\"lazy\" decoding=\"async\" class=\"aligncenter wp-image-1040 size-full\" src=\"https:\/\/isopllc.com\/at\/wp-content\/uploads\/sites\/13\/2020\/01\/amazon-button9.png\" alt=\"\" width=\"160\" height=\"59\" \/><\/a><\/p>\n","protected":false},"featured_media":4868,"comment_status":"open","ping_status":"closed","template":"","meta":[],"product_brand":[],"product_cat":[347,345,342],"product_tag":[296,291,294,295],"class_list":{"0":"post-1489","1":"product","2":"type-product","3":"status-publish","4":"has-post-thumbnail","6":"product_cat-feuerleitern-3-stoeckig","7":"product_cat-strickleitern-als-feuerleiter","8":"product_cat-wandleitern","9":"product_tag-kinderkletterleiter","10":"product_tag-kletterseilleiter","11":"product_tag-outdoor-kletter","12":"product_tag-sicherheitsklettern","14":"first","15":"instock","16":"purchasable","17":"product-type-simple"},"_links":{"self":[{"href":"https:\/\/isopllc.com\/at\/wp-json\/wp\/v2\/product\/1489","targetHints":{"allow":["GET"]}}],"collection":[{"href":"https:\/\/isopllc.com\/at\/wp-json\/wp\/v2\/product"}],"about":[{"href":"https:\/\/isopllc.com\/at\/wp-json\/wp\/v2\/types\/product"}],"replies":[{"embeddable":true,"href":"https:\/\/isopllc.com\/at\/wp-json\/wp\/v2\/comments?post=1489"}],"wp:featuredmedia":[{"embeddable":true,"href":"https:\/\/isopllc.com\/at\/wp-json\/wp\/v2\/media\/4868"}],"wp:attachment":[{"href":"https:\/\/isopllc.com\/at\/wp-json\/wp\/v2\/media?parent=1489"}],"wp:term":[{"taxonomy":"product_brand","embeddable":true,"href":"https:\/\/isopllc.com\/at\/wp-json\/wp\/v2\/product_brand?post=1489"},{"taxonomy":"product_cat","embeddable":true,"href":"https:\/\/isopllc.com\/at\/wp-json\/wp\/v2\/product_cat?post=1489"},{"taxonomy":"product_tag","embeddable":true,"href":"https:\/\/isopllc.com\/at\/wp-json\/wp\/v2\/product_tag?post=1489"}],"curies":[{"name":"wp","href":"https:\/\/api.w.org\/{rel}","templated":true}]}}