{"id":1496,"date":"2020-02-06T09:11:16","date_gmt":"2020-02-06T09:11:16","guid":{"rendered":"https:\/\/rightfoodonly.com\/?post_type=product&#038;p=1496"},"modified":"2025-07-21T08:15:20","modified_gmt":"2025-07-21T08:15:20","slug":"feuerfeste-geldsichere-dokumententasche","status":"publish","type":"product","link":"https:\/\/isopllc.com\/at\/product\/feuerfeste-geldsichere-dokumententasche\/","title":{"rendered":"Feuerfeste Geldsichere Dokumententasche 28&#215;38 cm"},"content":{"rendered":"<div class=\"celwidget aplus-module module-11\">\n<div class=\"a-expander-collapsed-height a-row a-expander-container a-expander-partial-collapse-container\" data-a-expander-name=\"aplus-module-expander\" data-a-expander-collapsed-height=\"360\">\n<div class=\"a-expander-content a-expander-partial-collapse-content\">\n<div class=\"aplus-module-wrapper apm-spacing apm-floatnone\">\n<div class=\"apm-sidemodule aplus-module-content\">\n<div class=\"apm-hero-image\">\n<p><strong>Machen Sie sich Sorgen dar\u00fcber, was im Brandfall mit Ihren Dokumenten, Ihrem Geld, Ihrem Reisepass oder anderen Wertsachen passieren k\u00f6nnte?<\/strong><\/p>\n<p>Unsere feuerfeste Dokumententasche sch\u00fctzt alles vor Brandsch\u00e4den. Es besteht aus hochwertigem Silikon-Glasfasermaterial, das bis zu 1832 \u00b0 F standh\u00e4lt. Der zus\u00e4tzliche Schutz der feuerfesten Geldtasche stellt sicher, dass Ihre Wertsachen vollst\u00e4ndig gesch\u00fctzt sind, sodass Sie beruhigt bleiben.<\/p>\n<p><img decoding=\"async\" class=\"alignnone\" style=\"font-weight: bold;text-align: center\" src=\"https:\/\/m.media-amazon.com\/images\/S\/aplus-media\/sc\/3e67dcec-29c9-4420-bc36-23edbba1d052.__CR0,0,500,500_PT0_SX220_V1___.jpg\" alt=\"isop fire case\" data-src=\"https:\/\/m.media-amazon.com\/images\/S\/aplus-media\/sc\/3e67dcec-29c9-4420-bc36-23edbba1d052.__CR0,0,500,500_PT0_SX220_V1___.jpg\" \/><\/p>\n<p><strong>EXTREMER FEUERSICHERER SCHUTZ<\/strong><\/p>\n<p>Lassen Sie sich nicht vom Feuer \u00fcberraschen &#8211; besser sicher als leid. Die feuerfeste Tasche sch\u00fctzt Ihre Wertsachen bei Temperaturen von bis zu 550 \u00b0 C! Mit 28 x 38 cm ist es die ideale Gr\u00f6\u00dfe, um Bargeld, Schmuck, Kreditkarten, Ausweise, Reisepass, wichtige Dokumente und mehr aufzubewahren.<\/p>\n<p><img decoding=\"async\" class=\"alignnone\" src=\"https:\/\/m.media-amazon.com\/images\/S\/aplus-media\/sc\/ab3ce7c8-8b20-4836-be6b-c68c346f8fc5.__CR0,0,500,500_PT0_SX220_V1___.jpg\" alt=\"money pouch\" data-src=\"https:\/\/m.media-amazon.com\/images\/S\/aplus-media\/sc\/ab3ce7c8-8b20-4836-be6b-c68c346f8fc5.__CR0,0,500,500_PT0_SX220_V1___.jpg\" \/><\/p>\n<p><strong>HALTEN SIE IHREN WERTVOLLEN SICHER UND SICHER<\/strong><\/p>\n<p>Unsere wasserdichte Tasche ist der perfekte Weg, um Wertsachen sicher und frei von Besch\u00e4digungen aller Art zu halten. Sie k\u00f6nnen alles aufbewahren, was unser Dokumententasche aus wichtigen Unterlagen, Bargeld, Juwelier, Batterien oder allem mit hohem Wert und Bedeutung ist.<\/p>\n<p><img decoding=\"async\" class=\"alignnone\" src=\"https:\/\/m.media-amazon.com\/images\/S\/aplus-media\/sc\/61a07ae1-9b7a-448f-844e-b7fd1b6a421e.__CR0,0,500,500_PT0_SX220_V1___.jpg\" alt=\"fire safe\" data-src=\"https:\/\/m.media-amazon.com\/images\/S\/aplus-media\/sc\/61a07ae1-9b7a-448f-844e-b7fd1b6a421e.__CR0,0,500,500_PT0_SX220_V1___.jpg\" \/><\/p>\n<p><strong>NICHT-ITCHY &amp; DOPPELSCHICHT-SCHUTZ<\/strong><\/p>\n<p>Unsere feuerfesten Dokumententaschen bestehen aus aluminiumbeschichtetem Glasfaserglas (innen) und Silikonkleberglasfaser (au\u00dfen), um einen doppelschichtigen Schutz zu bieten, genau wie feuerfest.<\/p>\n<p><img decoding=\"async\" class=\"alignnone\" style=\"font-weight: bold;text-align: center\" src=\"https:\/\/m.media-amazon.com\/images\/S\/aplus-media\/sc\/baca919d-3e50-4f02-921f-615055d5b3e9.__CR0,0,500,500_PT0_SX220_V1___.jpg\" alt=\"fire\/water resistant case\" data-src=\"https:\/\/m.media-amazon.com\/images\/S\/aplus-media\/sc\/baca919d-3e50-4f02-921f-615055d5b3e9.__CR0,0,500,500_PT0_SX220_V1___.jpg\" \/><\/p>\n<p><strong>Ein Muss zu Hause haben<\/strong><\/p>\n<p>Die Kombination eines feuerfesten Beutels und einer SAFE BOX ist die beste L\u00f6sung, um Ihren Dokumenten und Wertsachen bei jedem Brandunfall einen vollst\u00e4ndigen Schutz zu bieten. Andernfalls kann Papier in jedem feuerfesten Material nach l\u00e4ngerer Einwirkung hoher Temperaturen kohlens\u00e4urehaltig werden.<\/p>\n<\/div>\n<\/div>\n<\/div>\n<\/div>\n<\/div>\n<\/div>\n","protected":false},"excerpt":{"rendered":"<p id=\"title\" class=\"a-size-large a-spacing-none\" style=\"text-align: center\"><span id=\"productTitle\" class=\"a-size-large product-title-word-break\">Feuerfeste geldsichere Dokumententasche 28 x 38 cm Nicht juckende silikonbeschichtete feuerfeste wasserdichte Geldtasche Sichere Aufbewahrung f\u00fcr Geld, Dokumente, Schmuck und Reisepass<\/span><\/p>\n<p style=\"text-align: center\">Kostenlose Lieferung innerhalb von 3-7 Tagen<\/p>\n<p style=\"text-align: center\"><a href=\"https:\/\/www.amazon.de\/geldsichere-Dokumententasche-silikonbeschichtete-wasserdichte-Aufbewahrung\/dp\/B07QDGFVYJ\/ref=sr_1_1?__mk_de_DE=%C3%85M%C3%85%C5%BD%C3%95%C3%91&amp;keywords=Feuerfeste%20geldsichere&amp;qid=1673275772&amp;s=kitchen&amp;sr=1-1\"><img loading=\"lazy\" decoding=\"async\" class=\"aligncenter wp-image-1040 size-full\" src=\"https:\/\/isopllc.com\/at\/wp-content\/uploads\/sites\/13\/2020\/01\/amazon-button9.png\" alt=\"\" width=\"160\" height=\"59\" \/><\/a><\/p>\n<p style=\"text-align: center\">\n","protected":false},"featured_media":4289,"comment_status":"open","ping_status":"closed","template":"","meta":[],"product_brand":[],"product_cat":[335],"product_tag":[211,213,214,212],"class_list":{"0":"post-1496","1":"product","2":"type-product","3":"status-publish","4":"has-post-thumbnail","6":"product_cat-rettungs-und-ueberlebenssets","7":"product_tag-feuerfeste-dokumententasche","8":"product_tag-feuerfester-beutel","9":"product_tag-geldsicherheitsbeutel","10":"product_tag-sichere-dokumentenaufbewahrung","12":"first","13":"instock","14":"purchasable","15":"product-type-simple"},"_links":{"self":[{"href":"https:\/\/isopllc.com\/at\/wp-json\/wp\/v2\/product\/1496","targetHints":{"allow":["GET"]}}],"collection":[{"href":"https:\/\/isopllc.com\/at\/wp-json\/wp\/v2\/product"}],"about":[{"href":"https:\/\/isopllc.com\/at\/wp-json\/wp\/v2\/types\/product"}],"replies":[{"embeddable":true,"href":"https:\/\/isopllc.com\/at\/wp-json\/wp\/v2\/comments?post=1496"}],"wp:featuredmedia":[{"embeddable":true,"href":"https:\/\/isopllc.com\/at\/wp-json\/wp\/v2\/media\/4289"}],"wp:attachment":[{"href":"https:\/\/isopllc.com\/at\/wp-json\/wp\/v2\/media?parent=1496"}],"wp:term":[{"taxonomy":"product_brand","embeddable":true,"href":"https:\/\/isopllc.com\/at\/wp-json\/wp\/v2\/product_brand?post=1496"},{"taxonomy":"product_cat","embeddable":true,"href":"https:\/\/isopllc.com\/at\/wp-json\/wp\/v2\/product_cat?post=1496"},{"taxonomy":"product_tag","embeddable":true,"href":"https:\/\/isopllc.com\/at\/wp-json\/wp\/v2\/product_tag?post=1496"}],"curies":[{"name":"wp","href":"https:\/\/api.w.org\/{rel}","templated":true}]}}