{"id":4149,"date":"2020-07-23T00:03:11","date_gmt":"2020-07-23T00:03:11","guid":{"rendered":"https:\/\/isopllc.com\/uk\/?post_type=product&#038;p=4149"},"modified":"2025-07-01T11:11:31","modified_gmt":"2025-07-01T11:11:31","slug":"kletterseil-15m-8mm-fur-outdoor-aktivitaten","status":"publish","type":"product","link":"https:\/\/isopllc.com\/at\/product\/kletterseil-15m-8mm-fur-outdoor-aktivitaten\/","title":{"rendered":"ISOP Kletterseil 15 m &#8211; 8 mm f\u00fcr Outdoor-Aktivit\u00e4ten"},"content":{"rendered":"<p>ISOP Kletterseil 15m &#8211; 8mm f\u00fcr Outdoor-Aktivit\u00e4ten &#8211; Schaukelset-Zubeh\u00f6r &#8211; Baumkletter-Robustes Seil<\/p>\n<div class=\"celwidget aplus-module 3p-module-b\" data-csa-c-id=\"nowmhf-2y3beb-44u65e-yyx98q\" data-cel-widget=\"aplus-3p-module-b\">\n<div class=\"aplus-3p-fixed-width\">\n<p><img decoding=\"async\" class=\"a-spacing-base\" src=\"https:\/\/m.media-amazon.com\/images\/S\/aplus-media\/sc\/2139ab74-3bba-4e4d-9e48-bd89cc9a627f.__CR0,0,1191,737_PT0_SX970_V1___.jpg\" alt=\"rope\" data-src=\"https:\/\/m.media-amazon.com\/images\/S\/aplus-media\/sc\/2139ab74-3bba-4e4d-9e48-bd89cc9a627f.__CR0,0,1191,737_PT0_SX970_V1___.jpg\" \/><\/p>\n<p class=\"a-spacing-base\"><span class=\"a-text-bold\">ISOP Outdoor Indoor <\/span><span class=\"a-text-bold\">Kletterseil<\/span><\/p>\n<p><img decoding=\"async\" class=\"a-spacing-mini alignnone\" style=\"font-weight: 600;\" src=\"https:\/\/m.media-amazon.com\/images\/S\/aplus-media\/sc\/e7c2fbd5-c25f-4e0e-a5e8-a6cb9ed414a8.__CR0,6,444,444_PT0_SX300_V1___.jpg\" alt=\"rope carabiner\" data-src=\"https:\/\/m.media-amazon.com\/images\/S\/aplus-media\/sc\/e7c2fbd5-c25f-4e0e-a5e8-a6cb9ed414a8.__CR0,6,444,444_PT0_SX300_V1___.jpg\" \/><\/p>\n<ul class=\"a-unordered-list a-vertical\">\n<li>Hohe Feuchtigkeitsbest\u00e4ndigkeit, geringe Dehnung und hohe Festigkeit, Outdoor-Kletterseil mit zwei Federhaken. Ein Polyesterseil Zwei Metallkarabiner Hochfester Polyester mit 12 Kernen. Sehr stark und langlebig, rei\u00dffest, verblassend.<\/li>\n<li>Weit verbreitete Anwendung: Flucht, \u00dcberleben des Feuers, Unterst\u00fctzung, Klettern, Wandern, Camping, Abfahrt, technischer Schutz, Angeln, Lanyard, Baumst\u00e4nderzubeh\u00f6r, Training, Arbeiten in der Luft, H\u00f6hlenforschung, Abseilen, SRT usw.<\/li>\n<\/ul>\n<p><img decoding=\"async\" class=\"a-spacing-mini alignnone\" src=\"https:\/\/m.media-amazon.com\/images\/S\/aplus-media\/sc\/bd5e2b88-9be2-4b18-997f-132ecc5b4c79.__CR0,0,375,375_PT0_SX300_V1___.jpg\" alt=\"rope in use\" data-src=\"https:\/\/m.media-amazon.com\/images\/S\/aplus-media\/sc\/bd5e2b88-9be2-4b18-997f-132ecc5b4c79.__CR0,0,375,375_PT0_SX300_V1___.jpg\" \/><\/p>\n<ul class=\"a-unordered-list a-vertical\">\n<li>ISOP Lightweight Multipurpose-Seile eignen sich am besten f\u00fcr Rettungsarbeiten, H\u00f6hlenforschung, Wandern, Abseilen, Klettern, Baumarbeiten, Lebenssicherheitsseile im Innen- und Au\u00dfenbereich, Klettern an festen Leinen mit Aufsteigern und Ziehen von Lasten.<\/li>\n<li>8 mm Durchmesser, Zugfestigkeit 10 kN (ca. 1,15 t), aus verst\u00e4rktem Polyesterseil, 12 Ganzkernseile &#8211; m\u00e4\u00dfige Weichheit und starke Bindef\u00e4higkeit.<\/li>\n<li>Statische Seile, L\u00e4nge 10 m, 15 m, 24 m. Durchmesser 8 mm<\/li>\n<\/ul>\n<p><img decoding=\"async\" class=\"a-spacing-mini alignleft\" src=\"https:\/\/m.media-amazon.com\/images\/S\/aplus-media\/sc\/25108dab-00f3-4339-9d10-6ece0d3ecf3a.__CR0,0,474,474_PT0_SX300_V1___.jpg\" alt=\"rope\" data-src=\"https:\/\/m.media-amazon.com\/images\/S\/aplus-media\/sc\/25108dab-00f3-4339-9d10-6ece0d3ecf3a.__CR0,0,474,474_PT0_SX300_V1___.jpg\" \/><\/p>\n<\/div>\n<\/div>\n<div class=\"celwidget aplus-module module-9\" data-csa-c-id=\"yrxrkz-2df20p-aecg9q-sln8nr\" data-cel-widget=\"aplus-module-9\">\n<div class=\"a-expander-collapsed-height a-row a-expander-container a-expander-partial-collapse-container\" data-a-expander-name=\"aplus-module-expander\" data-a-expander-collapsed-height=\"700\">\n<div class=\"a-expander-content a-expander-partial-collapse-content\">\n<div class=\"aplus-module-wrapper\">\n<div class=\"apm-spacing apm-fixed-width\"><\/div>\n<\/div>\n<\/div>\n<\/div>\n<\/div>\n","protected":false},"excerpt":{"rendered":"<p style=\"text-align: center;\">ISOP Kletterseil 15m &#8211; 8mm f\u00fcr Outdoor-Aktivit\u00e4ten &#8211; Schaukelset-Zubeh\u00f6r &#8211; Baumkletter-Robustes Seil<\/p>\n<p style=\"text-align: center;\">Kostenlose Lieferung innerhalb von 3-7 Tagen<\/p>\n","protected":false},"featured_media":4293,"comment_status":"open","ping_status":"closed","template":"","meta":[],"product_brand":[],"product_cat":[335],"product_tag":[271,266,270,267,269],"class_list":{"0":"post-4149","1":"product","2":"type-product","3":"status-publish","4":"has-post-thumbnail","6":"product_cat-rettungs-und-ueberlebenssets","7":"product_tag-isop","8":"product_tag-kletterseil","9":"product_tag-kletterzubehoer","10":"product_tag-outdoor-aktivitaeten","11":"product_tag-sicherheitsseil","13":"first","14":"outofstock","15":"purchasable","16":"product-type-simple"},"_links":{"self":[{"href":"https:\/\/isopllc.com\/at\/wp-json\/wp\/v2\/product\/4149","targetHints":{"allow":["GET"]}}],"collection":[{"href":"https:\/\/isopllc.com\/at\/wp-json\/wp\/v2\/product"}],"about":[{"href":"https:\/\/isopllc.com\/at\/wp-json\/wp\/v2\/types\/product"}],"replies":[{"embeddable":true,"href":"https:\/\/isopllc.com\/at\/wp-json\/wp\/v2\/comments?post=4149"}],"wp:featuredmedia":[{"embeddable":true,"href":"https:\/\/isopllc.com\/at\/wp-json\/wp\/v2\/media\/4293"}],"wp:attachment":[{"href":"https:\/\/isopllc.com\/at\/wp-json\/wp\/v2\/media?parent=4149"}],"wp:term":[{"taxonomy":"product_brand","embeddable":true,"href":"https:\/\/isopllc.com\/at\/wp-json\/wp\/v2\/product_brand?post=4149"},{"taxonomy":"product_cat","embeddable":true,"href":"https:\/\/isopllc.com\/at\/wp-json\/wp\/v2\/product_cat?post=4149"},{"taxonomy":"product_tag","embeddable":true,"href":"https:\/\/isopllc.com\/at\/wp-json\/wp\/v2\/product_tag?post=4149"}],"curies":[{"name":"wp","href":"https:\/\/api.w.org\/{rel}","templated":true}]}}