{"id":4196,"date":"2020-07-22T12:50:06","date_gmt":"2020-07-22T12:50:06","guid":{"rendered":"https:\/\/isopllc.com\/uk\/?post_type=product&#038;p=4131"},"modified":"2025-07-01T11:00:23","modified_gmt":"2025-07-01T11:00:23","slug":"ganzkorper-klettergurt-mit-lanyard","status":"publish","type":"product","link":"https:\/\/isopllc.com\/at\/product\/ganzkorper-klettergurt-mit-lanyard\/","title":{"rendered":"Ganzk\u00f6rper-Klettergurt mit Lanyard"},"content":{"rendered":"<div class=\"celwidget aplus-module module-9\" data-cel-widget=\"aplus-module-9\">\n<div class=\"a-expander-collapsed-height a-row a-expander-container a-expander-partial-collapse-container\" data-a-expander-name=\"aplus-module-expander\" data-a-expander-collapsed-height=\"700\">\n<div class=\"a-expander-content a-expander-partial-collapse-content\">\n<div class=\"aplus-module-wrapper\">\n<div class=\"apm-spacing apm-fixed-width\">\n<ul class=\"a-unordered-list a-vertical\">\n<li>Hervorragend gebaut: Der industrielle Ganzk\u00f6rpergurt ISOP 5D-Ring verf\u00fcgt \u00fcber einen R\u00fcckenring auf der R\u00fcckseite und zwei auf der Schulter sowie zwei an der H\u00fcfte f\u00fcr die Arbeitspositionierung. Der R\u00fcckenring wird haupts\u00e4chlich zur Absturzsicherung und auch zur R\u00fcckhaltung und Rettung verwendet. Die Vorderseite besteht aus zwei Gurtschlaufen, die als Sitzschlinge oder LADDER CLIMB-Befestigungspunkt verwendet wurden. Die beiden Schlaufen m\u00fcssen mit einem Karabiner oder Sicherheitshaken als einem Befestigungspunkt miteinander verbunden werden.<\/li>\n<li>Super bequem: Unser professioneller Sicherheitsgurt bietet Ihnen eine komfortable Montage von H\u00fcftpolster und Beinpolster und erm\u00f6glicht den Arbeitern eine stufenlose Anpassung nach oben und unten sowie in Winkeln f\u00fcr eine perfekte Passform. Ideal f\u00fcr Bauarbeiten, Abbrucharbeiten, Klettern, Schwei\u00dfen, \u00dcberdachung, Camping, Notf\u00e4lle, Ersthelfer, Landschaftsgestaltung, Pflasterung, Polizei, Eisenbahn, Hygiene, Sicherheit, Vermessung, Baumpfleger, Fensterputzer, Dachrinnenreinigung und mehr.<\/li>\n<li>Universelle Gr\u00f6\u00dfe: Einheitsgr\u00f6\u00dfe f\u00fcr M\u00e4nner und Frauen (S-M-XL). Taillengr\u00f6\u00dfe: 66-130 cm (26 Zoll-51,1 Zoll) Beingr\u00f6\u00dfe: 46-76 cm (18,1 Zoll-29,9 Zoll) Es ist einfach anzuziehen, den ganzen Tag angenehm zu tragen und einfach zu bedienen. PREMIUMMATERIAL UND FESTES STICKEN: Alle unsere Sicherheitsgurte wurden aus 100% hochwertigen hochfesten industriellen synthetischen Polyesterfasern hergestellt, die eine hervorragende Alterungs-, Abrieb- und W\u00e4rmebest\u00e4ndigkeit aufweisen und eine Festigkeit des Gurtbandes von bis zu 25 kN (2500 kg) gew\u00e4hrleisten.<\/li>\n<li>Die Arbeitsschutzbeh\u00f6rde wurde vom Kongress ins Leben gerufen, um M\u00e4nnern und Frauen sichere und gesunde Arbeitsbedingungen zu gew\u00e4hrleisten, indem Standards festgelegt und Schulungen, \u00d6ffentlichkeitsarbeit, Bildung und Unterst\u00fctzung angeboten werden. Ein pers\u00f6nliches Absturzsicherungssystem ist erforderlich, wenn Sie 6 Fu\u00df arbeiten. oder mehr \u00fcber niedrigeren Ebenen und bestehen normalerweise aus einem Ganzk\u00f6rpergurt, einem Deklarationsger\u00e4t, einem Lanyard und einem Ankerpunkt. Bau, Baumpfleger, Fensterputzer, Dachrinnenreinigung, Dachdecker, Suche und Rettung.<\/li>\n<\/ul>\n<p><img decoding=\"async\" class=\"aligncenter\" src=\"https:\/\/m.media-amazon.com\/images\/S\/aplus-media\/sc\/b2ce0b46-0c95-4365-8c61-a5fd05505e58.__CR0,0,970,300_PT0_SX970_V1___.jpg\" alt=\"belt-harness\" data-src=\"https:\/\/m.media-amazon.com\/images\/S\/aplus-media\/sc\/b2ce0b46-0c95-4365-8c61-a5fd05505e58.__CR0,0,970,300_PT0_SX970_V1___.jpg\" \/><\/p>\n<\/div>\n<\/div>\n<\/div>\n<\/div>\n<\/div>\n<div class=\"celwidget aplus-module module-12\" data-cel-widget=\"aplus-module-12\">\n<div class=\"a-expander-collapsed-height a-row a-expander-container a-expander-partial-collapse-container\" data-a-expander-name=\"aplus-module-expander\" data-a-expander-collapsed-height=\"360\">\n<div class=\"a-expander-content a-expander-partial-collapse-content\">\n<div class=\"aplus-module-wrapper apm-spacing apm-floatnone\">\n<div class=\"apm-sidemodule aplus-module-content\">\n<div>\n<p>&nbsp;<\/p>\n<\/div>\n<p>&nbsp;<\/p>\n<\/div>\n<\/div>\n<\/div>\n<\/div>\n<\/div>\n","protected":false},"excerpt":{"rendered":"<p style=\"text-align: center;\">Baumklettern, Outdoor-Aktivit\u00e4ten, Training &#8211; Langlebiges Material in Premium-Qualit\u00e4t &#8211; Verstellbarer D-Ring zum Zur\u00fcckschieben &#8211; Schlitzschnallen<\/p>\n<p style=\"text-align: center;\">Kostenlose Lieferung innerhalb von 3-7 Tagen<\/p>\n<p style=\"text-align: center;\"><a href=\"https:\/\/www.amazon.de\/dp\/B09X5K5W6J?ref=myi_title_dp\"><img loading=\"lazy\" decoding=\"async\" class=\"aligncenter wp-image-1040 size-full\" src=\"https:\/\/isopllc.com\/at\/wp-content\/uploads\/sites\/13\/2020\/01\/amazon-button9.png\" alt=\"\" width=\"160\" height=\"59\" \/><\/a><\/p>\n","protected":false},"featured_media":4290,"comment_status":"open","ping_status":"closed","template":"","meta":[],"product_brand":[],"product_cat":[339],"product_tag":[240,236,237,239,238],"class_list":{"0":"post-4196","1":"product","2":"type-product","3":"status-publish","4":"has-post-thumbnail","6":"product_cat-zubehoer-fuer-feuerleitern","7":"product_tag-absturzsicherung","8":"product_tag-ganzkoerper-klettergurt","9":"product_tag-klettergurt","10":"product_tag-lanyard","11":"product_tag-sicherheitsgurt","13":"first","14":"instock","15":"purchasable","16":"product-type-simple"},"_links":{"self":[{"href":"https:\/\/isopllc.com\/at\/wp-json\/wp\/v2\/product\/4196","targetHints":{"allow":["GET"]}}],"collection":[{"href":"https:\/\/isopllc.com\/at\/wp-json\/wp\/v2\/product"}],"about":[{"href":"https:\/\/isopllc.com\/at\/wp-json\/wp\/v2\/types\/product"}],"replies":[{"embeddable":true,"href":"https:\/\/isopllc.com\/at\/wp-json\/wp\/v2\/comments?post=4196"}],"wp:featuredmedia":[{"embeddable":true,"href":"https:\/\/isopllc.com\/at\/wp-json\/wp\/v2\/media\/4290"}],"wp:attachment":[{"href":"https:\/\/isopllc.com\/at\/wp-json\/wp\/v2\/media?parent=4196"}],"wp:term":[{"taxonomy":"product_brand","embeddable":true,"href":"https:\/\/isopllc.com\/at\/wp-json\/wp\/v2\/product_brand?post=4196"},{"taxonomy":"product_cat","embeddable":true,"href":"https:\/\/isopllc.com\/at\/wp-json\/wp\/v2\/product_cat?post=4196"},{"taxonomy":"product_tag","embeddable":true,"href":"https:\/\/isopllc.com\/at\/wp-json\/wp\/v2\/product_tag?post=4196"}],"curies":[{"name":"wp","href":"https:\/\/api.w.org\/{rel}","templated":true}]}}