{"id":4270,"date":"2020-09-03T03:09:19","date_gmt":"2020-09-03T03:09:19","guid":{"rendered":"https:\/\/isopllc.com\/de\/?post_type=product&#038;p=4270"},"modified":"2025-07-21T07:26:22","modified_gmt":"2025-07-21T07:26:22","slug":"outdoor-zubehor-kletterseilleiter-2-m","status":"publish","type":"product","link":"https:\/\/isopllc.com\/at\/product\/outdoor-zubehor-kletterseilleiter-2-m\/","title":{"rendered":"Kletterseilleiter f\u00fcr Kinder 2 m | Sichere Kletterhilfe f\u00fcr Spielpl\u00e4tze und G\u00e4rten"},"content":{"rendered":"<h2>ISOP Outdoor-Zubeh\u00f6r &#8211; Kletterseilleiter f\u00fcr Kinder | Baumleiter Spielger\u00e4te | Holzleiter Slack-Line mit Karabinern | Schaukelseilleiter | Kinder-Kletterspielzeug f\u00fcr Schaukelhof<\/h2>\n<div class=\"celwidget aplus-module 3p-module-b\" data-csa-c-id=\"nowmhf-2y3beb-44u65e-yyx98q\" data-cel-widget=\"aplus-3p-module-b\">\n<div class=\"aplus-3p-fixed-width\">\n<div class=\"celwidget aplus-module module-1\" data-csa-c-id=\"kaxovw-pugup4-9dajxp-ispncw\" data-cel-widget=\"aplus-module-1\">\n<div class=\"a-expander-collapsed-height a-row a-expander-container a-expander-partial-collapse-container\" data-a-expander-name=\"aplus-module-expander\" data-a-expander-collapsed-height=\"700\">\n<div class=\"a-expander-content a-expander-partial-collapse-content\">\n<div class=\"aplus-module-wrapper apm-fixed-width\">\n<div class=\"apm-spacing apm-wrap\">\n<div class=\"apm-floatleft apm-wrap\">\n<div class=\"apm-centerthirdcol apm-wrap\">\n<h3 class=\"a-spacing-small\">Warum uns w\u00e4hlen?<\/h3>\n<div class=\"celwidget aplus-module module-9 aplus-standard\" data-csa-c-id=\"dra0lg-qq9md5-8rjzq6-mk3tsy\" data-cel-widget=\"aplus-module-9\">\n<div class=\"a-expander-collapsed-height a-row a-expander-container a-expander-partial-collapse-container\" data-a-expander-name=\"aplus-module-expander\" data-a-expander-collapsed-height=\"700\">\n<div class=\"a-expander-content a-expander-partial-collapse-content\">\n<div class=\"aplus-module-wrapper apm-fixed-width\">\n<div class=\"apm-spacing apm-fixed-width\">\n<p><img decoding=\"async\" class=\"a-spacing-mini\" style=\"font-weight: 600\" src=\"https:\/\/m.media-amazon.com\/images\/S\/aplus-media\/sc\/d82a1e3e-a900-400f-bdc7-88edbf99815e.__CR0,33,467,467_PT0_SX300_V1___.jpg\" alt=\"EXTREMELY DURABLE\" data-src=\"https:\/\/m.media-amazon.com\/images\/S\/aplus-media\/sc\/d82a1e3e-a900-400f-bdc7-88edbf99815e.__CR0,33,467,467_PT0_SX300_V1___.jpg\" \/><\/p>\n<h4 class=\"a-spacing-mini\">EXTREM LANGLEBIG<\/h4>\n<p>F\u00fcr unsere Leitern, die einen Elefanten tragen, werden Holzstangen mit einem Durchmesser von 2.5 cm und Nylonseile verwendet! nicht nur Kinder.<\/p>\n<p><img decoding=\"async\" class=\"a-spacing-mini\" src=\"https:\/\/m.media-amazon.com\/images\/S\/aplus-media\/sc\/4604e7fb-7786-4a3c-a69a-de2cfa6981c3.__CR0,0,1000,1000_PT0_SX300_V1___.jpg\" alt=\"Rope ladder\" data-src=\"https:\/\/m.media-amazon.com\/images\/S\/aplus-media\/sc\/4604e7fb-7786-4a3c-a69a-de2cfa6981c3.__CR0,0,1000,1000_PT0_SX300_V1___.jpg\" \/><\/p>\n<h4 class=\"a-spacing-mini\">WETTERRESISTENT<\/h4>\n<p>Die f\u00fcr Kletterseilleitern f\u00fcr Kinder 2 m verwendeten Materialien erm\u00f6glichen es, allen Wetterbedingungen standzuhalten.<\/p>\n<p><img decoding=\"async\" class=\"a-spacing-mini\" src=\"https:\/\/m.media-amazon.com\/images\/S\/aplus-media\/sc\/6f8fabcf-0a0b-4280-9baa-ddc10f50f697.__CR0,0,1000,1000_PT0_SX300_V1___.jpg\" alt=\"MULTI USE\" data-src=\"https:\/\/m.media-amazon.com\/images\/S\/aplus-media\/sc\/6f8fabcf-0a0b-4280-9baa-ddc10f50f697.__CR0,0,1000,1000_PT0_SX300_V1___.jpg\" \/><\/p>\n<div class=\"apm-eventhirdcol apm-floatleft\">\n<h4 class=\"a-spacing-mini\">MULTIFUNKTIONS<\/h4>\n<p>Diese Baumleiterspielger\u00e4te sind langlebig, leicht und tragbar, sodass sie nicht nur f\u00fcr Kinder und nicht nur als Teil eines Spielplatzes, sondern auch als Dachbodenleiter, Dachbodenleiter, Kletterleiter, Sicherheitsleiter, Fluchtleiter, verwendet werden k\u00f6nnen. Bootsleiter, schleichen Sie sich aus dem Schlafzimmer im zweiten Stock und so weiter.<\/p>\n<\/div>\n<h4 class=\"a-spacing-mini\"><img decoding=\"async\" class=\"a-spacing-mini\" style=\"font-size: 16px\" src=\"https:\/\/m.media-amazon.com\/images\/S\/aplus-media\/sc\/17d6b901-16b9-43e1-82ca-f4dc630b4be9.__CR0,0,1000,1000_PT0_SX300_V1___.jpg\" alt=\"lightweight\" data-src=\"https:\/\/m.media-amazon.com\/images\/S\/aplus-media\/sc\/17d6b901-16b9-43e1-82ca-f4dc630b4be9.__CR0,0,1000,1000_PT0_SX300_V1___.jpg\" \/><\/h4>\n<\/div>\n<div><\/div>\n<\/div>\n<div>\n<h4 class=\"a-spacing-mini\">LEICHT<\/h4>\n<p>Im Vergleich zu Analoga aus Strickleitern sind unsere Holzleitern viel leichter, zum Beispiel 5 m Leiter ist nur 2,5 kg.<\/p>\n<p><img decoding=\"async\" class=\"a-spacing-mini\" src=\"https:\/\/m.media-amazon.com\/images\/S\/aplus-media\/sc\/ea94af7c-a9af-41fa-9454-4f92481a28dd.__CR0,0,1500,1500_PT0_SX300_V1___.jpg\" alt=\"INDOOR AND OUTDOOR\" data-src=\"https:\/\/m.media-amazon.com\/images\/S\/aplus-media\/sc\/ea94af7c-a9af-41fa-9454-4f92481a28dd.__CR0,0,1500,1500_PT0_SX300_V1___.jpg\" \/><\/p>\n<h4 class=\"a-spacing-mini\">DRINNEN UND DRAUSSEN<\/h4>\n<p>Unsere Holzleitern k\u00f6nnen sowohl im Garten im Freien als auch im Innenbereich eines Raums verwendet werden. Verwenden Sie dazu einfach Karabinerhaken, die am Verkauf angebracht sind. \u00dcbrigens kommen nur unsere Leitern mit Clips und Karabinern!<\/p>\n<p><img decoding=\"async\" class=\"a-spacing-mini\" src=\"https:\/\/m.media-amazon.com\/images\/S\/aplus-media\/sc\/39fbd97a-64cf-40ac-a60b-6a4ab47004a0.__CR0,0,1000,1000_PT0_SX300_V1___.jpg\" alt=\"compact\" data-src=\"https:\/\/m.media-amazon.com\/images\/S\/aplus-media\/sc\/39fbd97a-64cf-40ac-a60b-6a4ab47004a0.__CR0,0,1000,1000_PT0_SX300_V1___.jpg\" \/><\/p>\n<h4 class=\"a-spacing-mini\">KOMPAKT UND TRAGBAR<\/h4>\n<p>Nehmen Sie sehr wenig Platz ein. Kann unter einem Bett, in einem Schrank oder sogar in einem Regal aufbewahrt werden.<\/p>\n<h4 class=\"a-spacing-mini\"><img decoding=\"async\" class=\"a-spacing-mini\" style=\"font-size: 16px\" src=\"https:\/\/m.media-amazon.com\/images\/S\/aplus-media\/sc\/c5e53092-548a-4ab6-a5a9-6819fe9ace42.__CR0,0,1000,1000_PT0_SX300_V1___.jpg\" alt=\"available 6.5ft (2m) 10ft (3m) and 16ft (5m)\" data-src=\"https:\/\/m.media-amazon.com\/images\/S\/aplus-media\/sc\/c5e53092-548a-4ab6-a5a9-6819fe9ace42.__CR0,0,1000,1000_PT0_SX300_V1___.jpg\" \/><\/h4>\n<\/div>\n<\/div>\n<\/div>\n<\/div>\n<div class=\"celwidget aplus-module module-9 aplus-standard\" data-csa-c-id=\"7vmiqp-qi9gff-nm76qb-qdt4yc\" data-cel-widget=\"aplus-module-9\">\n<div class=\"a-expander-collapsed-height a-row a-expander-container a-expander-partial-collapse-container\" data-a-expander-name=\"aplus-module-expander\" data-a-expander-collapsed-height=\"700\">\n<div class=\"a-expander-content a-expander-partial-collapse-content\">\n<div class=\"aplus-module-wrapper apm-fixed-width\">\n<div><\/div>\n<\/div>\n<div>\n<h4 class=\"a-spacing-mini\">3 GR\u00d6SSEN<\/h4>\n<p>Verf\u00fcgbar 2 m, 3 m und 5 m.<\/p>\n<p><img decoding=\"async\" class=\"a-spacing-mini\" src=\"https:\/\/m.media-amazon.com\/images\/S\/aplus-media\/sc\/4ee58deb-dd1b-4047-8ab7-b31abe407442.__CR35,444,556,556_PT0_SX300_V1___.jpg\" alt=\"BEST QUALITY\" data-src=\"https:\/\/m.media-amazon.com\/images\/S\/aplus-media\/sc\/4ee58deb-dd1b-4047-8ab7-b31abe407442.__CR35,444,556,556_PT0_SX300_V1___.jpg\" \/><\/p>\n<h4 class=\"a-spacing-mini\">BESTE QUALIT\u00c4T<\/h4>\n<p>Wir sind stolz darauf, dass es w\u00e4hrend der gesamten Verkaufszeit keine einzige Beschwerde gab, dass diese Leitern von schlechter Qualit\u00e4t waren und wegen schlechter Qualit\u00e4t keine Rendite erzielten!<\/p>\n<\/div>\n<\/div>\n<p><em>Wir empfehlen, Leitern von einem Unternehmen zu kaufen, das sich auf deren Herstellung spezialisiert hat, da es sich um ein Sicherheitsprodukt handelt. <strong>ISOP<\/strong> ist eines der wenigen Unternehmen, das eine gro\u00dfe Auswahl an Leitern aus seiner eigenen Produktionsst\u00e4tte anbietet.<\/em><\/p>\n<\/div>\n<\/div>\n<\/div>\n<\/div>\n<\/div>\n<\/div>\n<\/div>\n<\/div>\n<\/div>\n<\/div>\n<\/div>\n","protected":false},"excerpt":{"rendered":"[embed]https:\/\/youtu.be\/nn0aB3S8o_g?si=thz0ZOe8lPElC9Yk[\/embed]\n<p style=\"text-align: center\">ISOP Outdoor-Zubeh\u00f6r &#8211; Kletterseilleiter f\u00fcr Kinder | Baumleiter Spielger\u00e4te | Holzleiter Slack-Line mit Karabinern | Schaukelseilleiter | Kinder-Kletterspielzeug f\u00fcr Schaukelhof<\/p>\n<p style=\"text-align: center\">Kostenlose Lieferung innerhalb von 3-7 Tagen<\/p>\n<p style=\"text-align: center\"><a href=\"https:\/\/www.amazon.de\/dp\/B08CZDHL15?ref=myi_title_dp\"><img loading=\"lazy\" decoding=\"async\" class=\"aligncenter wp-image-1040 size-full\" src=\"https:\/\/isopllc.com\/at\/wp-content\/uploads\/sites\/13\/2020\/01\/amazon-button9.png\" alt=\"\" width=\"160\" height=\"59\" \/><\/a><\/p>\n","protected":false},"featured_media":4295,"comment_status":"open","ping_status":"closed","template":"","meta":[],"product_brand":[],"product_cat":[340],"product_tag":[292,293,291,195],"class_list":{"0":"post-4270","1":"product","2":"type-product","3":"status-publish","4":"has-post-thumbnail","6":"product_cat-strickleitern-fuer-kinder","7":"product_tag-kinderseil","8":"product_tag-kinderspielgeraete","9":"product_tag-kletterseilleiter","10":"product_tag-sicherheitsleiter","12":"first","13":"instock","14":"purchasable","15":"product-type-simple"},"_links":{"self":[{"href":"https:\/\/isopllc.com\/at\/wp-json\/wp\/v2\/product\/4270","targetHints":{"allow":["GET"]}}],"collection":[{"href":"https:\/\/isopllc.com\/at\/wp-json\/wp\/v2\/product"}],"about":[{"href":"https:\/\/isopllc.com\/at\/wp-json\/wp\/v2\/types\/product"}],"replies":[{"embeddable":true,"href":"https:\/\/isopllc.com\/at\/wp-json\/wp\/v2\/comments?post=4270"}],"wp:featuredmedia":[{"embeddable":true,"href":"https:\/\/isopllc.com\/at\/wp-json\/wp\/v2\/media\/4295"}],"wp:attachment":[{"href":"https:\/\/isopllc.com\/at\/wp-json\/wp\/v2\/media?parent=4270"}],"wp:term":[{"taxonomy":"product_brand","embeddable":true,"href":"https:\/\/isopllc.com\/at\/wp-json\/wp\/v2\/product_brand?post=4270"},{"taxonomy":"product_cat","embeddable":true,"href":"https:\/\/isopllc.com\/at\/wp-json\/wp\/v2\/product_cat?post=4270"},{"taxonomy":"product_tag","embeddable":true,"href":"https:\/\/isopllc.com\/at\/wp-json\/wp\/v2\/product_tag?post=4270"}],"curies":[{"name":"wp","href":"https:\/\/api.w.org\/{rel}","templated":true}]}}