{"id":4400,"date":"2021-06-01T01:40:47","date_gmt":"2021-06-01T01:40:47","guid":{"rendered":"https:\/\/isopllc.com\/de\/?post_type=product&#038;p=4400"},"modified":"2025-07-21T06:55:27","modified_gmt":"2025-07-21T06:55:27","slug":"isop-feuerleitern-4-m","status":"publish","type":"product","link":"https:\/\/isopllc.com\/at\/product\/isop-feuerleitern-4-m\/","title":{"rendered":"ISOP Feuerleitern 4 m |  Wetterfeste und Tragbare Rettungsleiter f\u00fcr den Notfall"},"content":{"rendered":"<div class=\"celwidget aplus-module module-4 aplus-standard\" data-csa-c-id=\"6mnb1z-9dwrl2-ic24uv-jd1phn\" data-cel-widget=\"aplus-module-4\">\n<div class=\"a-expander-collapsed-height a-row a-expander-container a-expander-partial-collapse-container\" data-a-expander-name=\"aplus-module-expander\" data-a-expander-collapsed-height=\"700\">\n<div class=\"a-expander-content a-expander-partial-collapse-content\">\n<div class=\"aplus-module-wrapper apm-fixed-width\">\n<div class=\"apm-spacing\">\n<div class=\"apm-floatleft apm-fixed-width\">\n<div>\n<div id=\"title_feature_div\" class=\"celwidget\" data-feature-name=\"title\" data-csa-c-id=\"m5t5xw-wzxd1-od319-pyb58o\" data-cel-widget=\"title_feature_div\">\n<div id=\"titleSection\" class=\"a-section a-spacing-none\">\n<div id=\"title_feature_div\" class=\"celwidget\" data-feature-name=\"title\" data-csa-c-id=\"m5t5xw-wzxd1-od319-pyb58o\" data-cel-widget=\"title_feature_div\">\n<div id=\"titleSection\" class=\"a-section a-spacing-none\">\n<h2 id=\"title\" class=\"a-size-large a-spacing-none\" style=\"text-align: left\"><span id=\"productTitle\" class=\"a-size-large product-title-word-break\"><span style=\"vertical-align: inherit\">ISOP Feuerleitern 4 m | Wetterfeste und Tragbare Rettungsleiter f\u00fcr den Notfall | Einziehbare Leitern f\u00fcr 2-st\u00f6ckige H\u00e4user | Kompakt und tragbar | Seilleiter geeignet f\u00fcr Balkon- und Fensterflucht<\/span><\/span><\/h2>\n<\/div>\n<\/div>\n<\/div>\n<\/div>\n<\/div>\n<\/div>\n<\/div>\n<\/div>\n<\/div>\n<\/div>\n<\/div>\n<div class=\"celwidget aplus-module module-9 aplus-standard\" data-csa-c-id=\"kgh8ns-6rdhac-l4uce3-redgno\" data-cel-widget=\"aplus-module-9\">\n<div class=\"a-expander-collapsed-height a-row a-expander-container a-expander-partial-collapse-container\" data-a-expander-name=\"aplus-module-expander\" data-a-expander-collapsed-height=\"700\">\n<div class=\"a-expander-content a-expander-partial-collapse-content\">\n<div class=\"aplus-module-wrapper apm-fixed-width\">\n<div class=\"apm-spacing apm-fixed-width\">\n<div class=\"celwidget aplus-module module-9 aplus-standard\" style=\"text-align: left\" data-csa-c-id=\"6rrkxj-o9oo3p-2dk8kw-v8mrts\" data-cel-widget=\"aplus-module-9\">\n<div class=\"a-expander-collapsed-height a-row a-expander-container a-expander-partial-collapse-container\" data-a-expander-name=\"aplus-module-expander\" data-a-expander-collapsed-height=\"700\">\n<div class=\"a-expander-content a-expander-partial-collapse-content\">\n<div class=\"aplus-module-wrapper apm-fixed-width\">\n<div class=\"apm-spacing apm-fixed-width\">\n<h3 class=\"a-spacing-small\"><span style=\"vertical-align: inherit\">10 Gr\u00fcnde, warum Sie sich f\u00fcr unsere Feuerleitern entscheiden sollten<\/span><\/h3>\n<p><img decoding=\"async\" class=\"a-spacing-mini\" src=\"https:\/\/m.media-amazon.com\/images\/S\/aplus-media\/sc\/596137ba-d892-4ce9-9c0b-a68e219a433f.__CR277,0,1000,1000_PT0_SX300_V1___.jpg\" alt=\"Integrierte Gurte\" data-src=\"https:\/\/m.media-amazon.com\/images\/S\/aplus-media\/sc\/596137ba-d892-4ce9-9c0b-a68e219a433f.__CR277,0,1000,1000_PT0_SX300_V1___.jpg\" \/><\/p>\n<h3><span class=\"a-text-bold\"><span style=\"vertical-align: inherit\">F\u00fcr Fenster oder Balkon<\/span><\/span><\/h3>\n<p><span style=\"vertical-align: inherit\">Im Rettungstreppen-Set enthalten wir einen Satz Haken f\u00fcr die Feuerleiter von Fenstern, die am Fensterrahmen befestigt werden, sowie 11kn Profi-Karabiner zum Befestigen der Leiter an Balkonstangen. Au\u00dferdem wird ein wasserdichter 15-Liter-Beutel zum Kajakfahren mitgeliefert, damit Sie die Leiter auf dem Balkon oder im Lagerhaus aufbewahren k\u00f6nnen.<\/span><\/p>\n<h3><span class=\"a-text-bold\"><span style=\"vertical-align: inherit\">Breite Anwendung<\/span><\/span><\/h3>\n<p><span style=\"vertical-align: inherit\">Kann als Fluchtleiter oder f\u00fcr Notf\u00e4lle verwendet werden. kann auch als Dachbodenbunker, Dachbodenleiter, Mauerleiter und sogar als permanente Leiter usw. dienen.<\/span><\/p>\n<p><img decoding=\"async\" class=\"a-spacing-mini\" src=\"https:\/\/m.media-amazon.com\/images\/S\/aplus-media\/sc\/d4cc9639-a61a-4b3c-b1c6-a62967c917dd.__CR145,0,1000,1000_PT0_SX300_V1___.jpg\" alt=\"Anti-Rutsch-Sprossen\" data-src=\"https:\/\/m.media-amazon.com\/images\/S\/aplus-media\/sc\/d4cc9639-a61a-4b3c-b1c6-a62967c917dd.__CR145,0,1000,1000_PT0_SX300_V1___.jpg\" \/><\/p>\n<h3><span class=\"a-text-bold\"><span style=\"vertical-align: inherit\">Sanft zu den H\u00e4nden<\/span><\/span><\/h3>\n<p><span style=\"vertical-align: inherit\">Bei der Erstellung dieser Leitern haben wir die M\u00e4ngel unserer Wettbewerber ber\u00fccksichtigt. Die Bestseller wie first alert und kidde beschweren sich oft dar\u00fcber, dass Sprossen beim Gebrauch ihrer Leitern die H\u00e4nde der Benutzer schneiden, weil Aluminiumsprossen scharf sind. Wir haben dies ber\u00fccksichtigt und unsere Leitern haben keine scharfen Ecken und sind sowohl f\u00fcr Erwachsene als auch f\u00fcr Kinder sicher.<\/span><\/p>\n<p><img decoding=\"async\" class=\"a-spacing-mini\" src=\"https:\/\/m.media-amazon.com\/images\/S\/aplus-media\/sc\/27f9c708-c858-49c0-96f7-815dd0fa4f9a.__CR0,0,1000,1000_PT0_SX300_V1___.jpg\" alt=\"Breite Anwendung\" data-src=\"https:\/\/m.media-amazon.com\/images\/S\/aplus-media\/sc\/27f9c708-c858-49c0-96f7-815dd0fa4f9a.__CR0,0,1000,1000_PT0_SX300_V1___.jpg\" \/><\/p>\n<h3><span class=\"a-text-bold\"><span style=\"vertical-align: inherit\">Integrierte Gurte<\/span><\/span><\/h3>\n<p><span style=\"vertical-align: inherit\">Auch beim Vergleich unserer Leitern mit Mitbewerbern ist anzumerken, dass unsere Leitern im Gegensatz zu anderen von oben bis unten aus einem St\u00fcck Gurtband bestehen, das dank einer speziellen patentierten Technologie mehr als eine 44 Pfund (!) aush\u00e4lt. W\u00e4hrend die Gurtleitern der Wettbewerber in St\u00fccke gen\u00e4ht werden, ist dies unserer Meinung nach unzuverl\u00e4ssig.<\/span><\/p>\n<\/div>\n<\/div>\n<div>\n<p>&nbsp;<\/p>\n<p><img decoding=\"async\" class=\"a-spacing-mini\" src=\"https:\/\/m.media-amazon.com\/images\/S\/aplus-media\/sc\/42cab632-a2d0-40fd-a2dd-280d531bf010.__CR282,0,1000,1000_PT0_SX300_V1___.jpg\" alt=\"F\u00fcr Fenster oder Balkon\" data-src=\"https:\/\/m.media-amazon.com\/images\/S\/aplus-media\/sc\/42cab632-a2d0-40fd-a2dd-280d531bf010.__CR282,0,1000,1000_PT0_SX300_V1___.jpg\" \/><\/p>\n<h3><span class=\"a-text-bold\"><span style=\"vertical-align: inherit\">Stabilisatoren<\/span><\/span><\/h3>\n<p><span style=\"vertical-align: inherit\">Die Sprossen unserer Leitern sind mit Stabilisatoren versehen, die daf\u00fcr sorgen, dass die Leitern nicht fest an der Wand kleben, sondern fest an der Wand bleiben und so den Abstieg aus dem zweiten oder dritten Stock erheblich erleichtern.<\/span><\/p>\n<h3><span class=\"a-text-bold\"><span style=\"vertical-align: inherit\">Anti-Rutsch-Sprossen<\/span><\/span><\/h3>\n<p><span style=\"vertical-align: inherit\">Ein spezielles Muster auf der Oberfl\u00e4che der Sprossen macht den Abstieg aus der Wohnung bei jedem Wetter rutschfest.<\/span><\/p>\n<p><img decoding=\"async\" class=\"a-spacing-mini\" src=\"https:\/\/m.media-amazon.com\/images\/S\/aplus-media\/sc\/8b1ba6ce-d84f-4314-b98a-95d063fc3e5e.__CR500,0,1000,1000_PT0_SX300_V1___.jpg\" alt=\"F\u00fcr Fenster oder Balkon\" data-src=\"https:\/\/m.media-amazon.com\/images\/S\/aplus-media\/sc\/8b1ba6ce-d84f-4314-b98a-95d063fc3e5e.__CR500,0,1000,1000_PT0_SX300_V1___.jpg\" \/><\/p>\n<h3><span class=\"a-text-bold\"><span style=\"vertical-align: inherit\">Wetterfest<\/span><\/span><\/h3>\n<p><span style=\"vertical-align: inherit\">Die spezielle pulverbeschichtete Lackierung sch\u00fctzt Sprossen vor Rost und das Polyester-Gurtband ist sehr widerstandsf\u00e4hig gegen Wasser oder Schnee, daher sind unsere Feuerleitern witterungsbest\u00e4ndig.<\/span><\/p>\n<h3><span class=\"a-text-bold\"><span style=\"vertical-align: inherit\">Wiederverwendbar<\/span><\/span><\/h3>\n<p><span style=\"vertical-align: inherit\">Unsere Leitern sind im Gegensatz zu Mitbewerbern wiederverwendbar. Bei richtiger Lagerung k\u00f6nnen sie jahrelang halten!<\/span><\/p>\n<\/div>\n<\/div>\n<\/div>\n<\/div>\n<div class=\"celwidget aplus-module module-9 aplus-standard\" style=\"text-align: left\" data-csa-c-id=\"hn4tie-rexf97-49vntp-dywif3\" data-cel-widget=\"aplus-module-9\">\n<div class=\"a-expander-collapsed-height a-row a-expander-container a-expander-partial-collapse-container\" data-a-expander-name=\"aplus-module-expander\" data-a-expander-collapsed-height=\"700\">\n<div class=\"a-expander-content a-expander-partial-collapse-content\">\n<div><\/div>\n<\/div>\n<\/div>\n<\/div>\n<div class=\"celwidget aplus-module module-2 aplus-standard\" data-csa-c-id=\"czdp8c-vpt42n-ub22e6-8qlfjz\" data-cel-widget=\"aplus-module-2\">\n<div class=\"a-expander-collapsed-height a-row a-expander-container a-expander-partial-collapse-container\" data-a-expander-name=\"aplus-module-expander\" data-a-expander-collapsed-height=\"700\">\n<div class=\"a-expander-content a-expander-partial-collapse-content\">\n<div class=\"aplus-module-wrapper apm-floatnone apm-fixed-width\">\n<div class=\"apm-sidemodule apm-spacing\">\n<div class=\"apm-sidemodule-imageleft\" style=\"text-align: left\"><img decoding=\"async\" class=\"\" src=\"https:\/\/m.media-amazon.com\/images\/S\/aplus-media\/sc\/55dfe070-7172-4b34-b379-6ab49b743dd1.__CR226,0,1000,1000_PT0_SX300_V1___.jpg\" alt=\"Variation von 2 Gr\u00f6\u00dfen\" data-src=\"https:\/\/m.media-amazon.com\/images\/S\/aplus-media\/sc\/55dfe070-7172-4b34-b379-6ab49b743dd1.__CR226,0,1000,1000_PT0_SX300_V1___.jpg\" \/><\/div>\n<div class=\"apm-sidemodule-textright\">\n<h3 style=\"text-align: left\"><span class=\"a-text-bold\"><span style=\"vertical-align: inherit\">Variation von 2 Gr\u00f6\u00dfen<\/span><\/span><\/h3>\n<p style=\"text-align: left\"><span style=\"vertical-align: inherit\">Wir bieten 2 Gr\u00f6\u00dfen unserer Leitern an &#8211; Feuerleiter 2-st\u00f6ckige &amp; Feuerleiter 3-st\u00f6ckige H\u00e4user.<\/span><\/p>\n<h3 style=\"text-align: left\"><span class=\"a-text-bold\"><span style=\"vertical-align: inherit\">Professionelle Leiterfirma<\/span><\/span><\/h3>\n<p style=\"text-align: left\"><span style=\"vertical-align: inherit\">Wir empfehlen den Kauf von Leitern bei einem auf Leitern spezialisierten Unternehmen, da dies ein Sicherheitsprodukt ist.<\/span><\/p>\n<p style=\"text-align: left\"><span style=\"vertical-align: inherit\">Und ISOP ist eines der wenigen Unternehmen, das eine gro\u00dfe Auswahl verschiedener Leitern aus seiner eigenen Produktionsst\u00e4tte anbietet.<\/span><\/p>\n<\/div>\n<\/div>\n<\/div>\n<\/div>\n<\/div>\n<\/div>\n<\/div>\n<\/div>\n<\/div>\n<\/div>\n<\/div>\n","protected":false},"excerpt":{"rendered":"[embed]https:\/\/youtu.be\/xVIlpHe3gxg[\/embed]\n<p class=\"mceTemp\" style=\"text-align: center\"><span id=\"productTitle\" class=\"a-size-large product-title-word-break\"><span style=\"vertical-align: inherit\">ISOP Feuerleitern 4 m | Einziehbare Leitern f\u00fcr 2-st\u00f6ckige H\u00e4user | Kompakt und tragbar | Seilleiter geeignet f\u00fcr Balkon- und Fensterflucht<\/span><\/span><\/p>\n<p style=\"text-align: center\"><span style=\"vertical-align: inherit\">KOSTENLOSE LIEFERUNG INNERHALB VON 3-7 TAGEN<\/span><\/p>\n<p style=\"text-align: center\"><a href=\"https:\/\/www.amazon.de\/dp\/B08LBSSYLB?ref=myi_title_dp\"><img loading=\"lazy\" decoding=\"async\" class=\"aligncenter wp-image-1040 size-full\" src=\"https:\/\/isopllc.com\/at\/wp-content\/uploads\/sites\/13\/2020\/01\/amazon-button9.png\" alt=\"\" width=\"160\" height=\"59\" \/><\/a><\/p>\n","protected":false},"featured_media":4959,"comment_status":"open","ping_status":"closed","template":"","meta":[],"product_brand":[],"product_cat":[349,348,344],"product_tag":[40,61,85],"class_list":{"0":"post-4400","1":"product","2":"type-product","3":"status-publish","4":"has-post-thumbnail","6":"product_cat-feuerleitern-1-stoeckig","7":"product_cat-feuerleitern-2-stoeckig","8":"product_cat-feuerleitern-mit-abstandshaltern","9":"product_tag-brandschutzleiter","10":"product_tag-feuerleitern","11":"product_tag-rettungsleiter","13":"first","14":"instock","15":"shipping-taxable","16":"purchasable","17":"product-type-simple"},"_links":{"self":[{"href":"https:\/\/isopllc.com\/at\/wp-json\/wp\/v2\/product\/4400","targetHints":{"allow":["GET"]}}],"collection":[{"href":"https:\/\/isopllc.com\/at\/wp-json\/wp\/v2\/product"}],"about":[{"href":"https:\/\/isopllc.com\/at\/wp-json\/wp\/v2\/types\/product"}],"replies":[{"embeddable":true,"href":"https:\/\/isopllc.com\/at\/wp-json\/wp\/v2\/comments?post=4400"}],"wp:featuredmedia":[{"embeddable":true,"href":"https:\/\/isopllc.com\/at\/wp-json\/wp\/v2\/media\/4959"}],"wp:attachment":[{"href":"https:\/\/isopllc.com\/at\/wp-json\/wp\/v2\/media?parent=4400"}],"wp:term":[{"taxonomy":"product_brand","embeddable":true,"href":"https:\/\/isopllc.com\/at\/wp-json\/wp\/v2\/product_brand?post=4400"},{"taxonomy":"product_cat","embeddable":true,"href":"https:\/\/isopllc.com\/at\/wp-json\/wp\/v2\/product_cat?post=4400"},{"taxonomy":"product_tag","embeddable":true,"href":"https:\/\/isopllc.com\/at\/wp-json\/wp\/v2\/product_tag?post=4400"}],"curies":[{"name":"wp","href":"https:\/\/api.w.org\/{rel}","templated":true}]}}