{"id":4454,"date":"2021-07-13T06:37:02","date_gmt":"2021-07-13T06:37:02","guid":{"rendered":"https:\/\/isopllc.com\/de\/?post_type=product&#038;p=4454"},"modified":"2025-07-21T06:19:06","modified_gmt":"2025-07-21T06:19:06","slug":"isop-fluchtleiter-5-m","status":"publish","type":"product","link":"https:\/\/isopllc.com\/at\/product\/isop-fluchtleiter-5-m\/","title":{"rendered":"ISOP Fluchtleiter 5 m | Platzsparende und Stabile Rettungsleiter f\u00fcr Geb\u00e4ude"},"content":{"rendered":"<div class=\"celwidget aplus-module module-4 aplus-standard\" data-csa-c-id=\"6mnb1z-9dwrl2-ic24uv-jd1phn\" data-cel-widget=\"aplus-module-4\">\n<div class=\"a-expander-collapsed-height a-row a-expander-container a-expander-partial-collapse-container\" data-a-expander-name=\"aplus-module-expander\" data-a-expander-collapsed-height=\"700\">\n<div class=\"a-expander-content a-expander-partial-collapse-content\">\n<div class=\"aplus-module-wrapper apm-fixed-width\">\n<div class=\"apm-spacing\">\n<div class=\"apm-floatleft apm-fixed-width\">\n<div id=\"title_feature_div\" class=\"celwidget\" data-feature-name=\"title\" data-csa-c-id=\"m5t5xw-wzxd1-od319-pyb58o\" data-cel-widget=\"title_feature_div\">\n<div id=\"titleSection\" class=\"a-section a-spacing-none\">\n<div id=\"title_feature_div\" class=\"celwidget\" data-feature-name=\"title\" data-csa-c-id=\"m5t5xw-wzxd1-od319-pyb58o\" data-cel-widget=\"title_feature_div\">\n<div id=\"titleSection\" class=\"a-section a-spacing-none\">\n<div class=\"celwidget aplus-module module-4 aplus-standard\" data-csa-c-id=\"6mnb1z-9dwrl2-ic24uv-jd1phn\" data-cel-widget=\"aplus-module-4\">\n<div class=\"a-expander-collapsed-height a-row a-expander-container a-expander-partial-collapse-container\" data-a-expander-name=\"aplus-module-expander\" data-a-expander-collapsed-height=\"700\">\n<div class=\"a-expander-content a-expander-partial-collapse-content\">\n<div class=\"aplus-module-wrapper apm-fixed-width\">\n<div class=\"apm-spacing\">\n<div class=\"apm-floatleft apm-fixed-width\">\n<div>\n<h2 id=\"title\" class=\"a-size-large a-spacing-none\"><span id=\"productTitle\" class=\"a-size-large product-title-word-break\">Fluchtleiter 5 m\u00a0| Platzsparende und Stabile Rettungsleiter f\u00fcr Geb\u00e4ude | Karabinerhaken im Lieferumfang enthalten &#8211; Leicht und langlebig bis zu 460 lbs. | Notfallausr\u00fcstung | Kletterleiter<\/span><\/h2>\n<\/div>\n<div>\n<div class=\"celwidget aplus-module module-4 aplus-standard\" data-csa-c-id=\"whszte-d1ne31-4utxm0-wdtd3p\" data-cel-widget=\"aplus-module-4\">\n<div class=\"a-expander-collapsed-height a-row a-expander-container a-expander-partial-collapse-container\" data-a-expander-name=\"aplus-module-expander\" data-a-expander-collapsed-height=\"700\">\n<div class=\"a-expander-content a-expander-partial-collapse-content\">\n<div class=\"aplus-module-wrapper apm-fixed-width\">\n<div class=\"apm-spacing\">\n<div class=\"apm-floatleft apm-fixed-width\">\n<h3 class=\"a-spacing-small\">12 Gr\u00fcnde, warum Sie uns w\u00e4hlen sollten<\/h3>\n<p><img loading=\"lazy\" decoding=\"async\" class=\"\" src=\"https:\/\/m.media-amazon.com\/images\/S\/aplus-media\/sc\/0484a226-8be6-4965-8b8a-062de5498c97.__CR0,0,600,600_PT0_SX220_V1___.jpg\" alt=\"Leicht\" width=\"300\" height=\"300\" data-src=\"https:\/\/m.media-amazon.com\/images\/S\/aplus-media\/sc\/0484a226-8be6-4965-8b8a-062de5498c97.__CR0,0,600,600_PT0_SX220_V1___.jpg\" \/><\/p>\n<h4 class=\"a-spacing-mini\">Leicht<\/h4>\n<p class=\"a-size-small\">Dies ist die leichteste Leiter auf dem Markt. Das Gewicht einer 3 m Leiter betr\u00e4gt nur 2,4 lb \/ 1 kg.<\/p>\n<p><img loading=\"lazy\" decoding=\"async\" class=\"\" src=\"https:\/\/m.media-amazon.com\/images\/S\/aplus-media\/sc\/74a6e3c1-c8e9-4370-82e8-2ece837c08f7.__CR0,0,1000,1000_PT0_SX220_V1___.jpg\" alt=\"Stark und stabil\" width=\"300\" height=\"300\" data-src=\"https:\/\/m.media-amazon.com\/images\/S\/aplus-media\/sc\/74a6e3c1-c8e9-4370-82e8-2ece837c08f7.__CR0,0,1000,1000_PT0_SX220_V1___.jpg\" \/><\/p>\n<h4 class=\"a-spacing-mini\">Stark und stabil<\/h4>\n<p class=\"a-size-small\">Einer der gro\u00dfen Vorteile unserer Rettungsgurtleiter ist, dass die Hauptgurte aus Nylon von unten nach oben einst\u00fcckig sind und nicht aus vern\u00e4hten Teilen wie z.\u00a0Und auch die f\u00fcr die Sprossen verwendeten Materialien wie Fiberglas und Basaltfaser machen diese Gurtleiter viel stabiler als Einweg-Aluminiumleitern.<\/p>\n<p><img loading=\"lazy\" decoding=\"async\" class=\"\" src=\"https:\/\/m.media-amazon.com\/images\/S\/aplus-media\/sc\/a31e0885-9da9-4fe2-a571-e1558cab0393.__CR0,0,600,600_PT0_SX220_V1___.jpg\" alt=\"Verwicklung frei\" width=\"300\" height=\"300\" data-src=\"https:\/\/m.media-amazon.com\/images\/S\/aplus-media\/sc\/a31e0885-9da9-4fe2-a571-e1558cab0393.__CR0,0,600,600_PT0_SX220_V1___.jpg\" \/><\/p>\n<h4 class=\"a-spacing-mini\">Verwicklung frei<\/h4>\n<p class=\"a-size-small\">Unsere Gurtbandleitern lassen sich nach Gebrauch einfach wieder in die Aufbewahrungstasche verstauen.<\/p>\n<p class=\"a-size-small\">Kein Verheddern bei der Montage.<\/p>\n<p><img decoding=\"async\" src=\"https:\/\/m.media-amazon.com\/images\/S\/aplus-media-library-service-media\/89ce4a71-aad8-4e11-9943-b5105b8856ed.__CR0,0,600,600_PT0_SX300_V1___.jpg\" alt=\"Polen\" \/><\/p>\n<h4 class=\"a-spacing-mini\">Hergestellt in den Polen<\/h4>\n<p>Sie k\u00f6nnen sich der Qualit\u00e4t sicher sein!<\/p>\n<div class=\"apm-spacing\"><img loading=\"lazy\" decoding=\"async\" class=\"\" src=\"https:\/\/m.media-amazon.com\/images\/S\/aplus-media\/sc\/393ac846-c55d-4d1f-b20c-d83de7de6999.__CR0,0,1000,1000_PT0_SX220_V1___.jpg\" alt=\"L\u00e4nge\" width=\"300\" height=\"300\" data-src=\"https:\/\/m.media-amazon.com\/images\/S\/aplus-media\/sc\/393ac846-c55d-4d1f-b20c-d83de7de6999.__CR0,0,1000,1000_PT0_SX220_V1___.jpg\" \/><\/div>\n<div><\/div>\n<\/div>\n<\/div>\n<\/div>\n<div>\n<h4 class=\"a-spacing-mini\">L\u00e4nge<\/h4>\n<p class=\"a-size-small\">Unsere Rettungsgurtleitern k\u00f6nnen f\u00fcr eine gr\u00f6\u00dfere L\u00e4nge miteinander verbunden werden.<\/p>\n<p><img loading=\"lazy\" decoding=\"async\" class=\"\" src=\"https:\/\/m.media-amazon.com\/images\/S\/aplus-media\/sc\/6625ab17-5247-415b-a353-7a0e3ca2bb1d.__CR0,0,1000,1000_PT0_SX220_V1___.jpg\" alt=\"Wetterresistent\" width=\"300\" height=\"300\" data-src=\"https:\/\/m.media-amazon.com\/images\/S\/aplus-media\/sc\/6625ab17-5247-415b-a353-7a0e3ca2bb1d.__CR0,0,1000,1000_PT0_SX220_V1___.jpg\" \/><\/p>\n<h4 class=\"a-spacing-mini\">Wetterresistent<\/h4>\n<p class=\"a-size-small\">Das Material selbst ist Polyester-Gurtband sowie professionelle UV-Nylon-gebundene F\u00e4den, die auch im Wasser Best\u00e4ndigkeit gegen jedes Wetter bieten.\u00a0Daher k\u00f6nnen sie als Bootsleiter oder Bootsleiter verwendet werden.\u00a0Geringe Feuchtigkeitsaufnahme, abriebfest, best\u00e4ndig gegen \u00d6lsch\u00e4den und viele Chemikalien, weich, schnelltrocknend.<\/p>\n<p><img loading=\"lazy\" decoding=\"async\" class=\"\" src=\"https:\/\/m.media-amazon.com\/images\/S\/aplus-media\/sc\/b1929708-9dad-44c2-a6ed-070474464c51.__CR0,0,1000,1000_PT0_SX220_V1___.jpg\" alt=\"Kompakt\" width=\"300\" height=\"300\" data-src=\"https:\/\/m.media-amazon.com\/images\/S\/aplus-media\/sc\/b1929708-9dad-44c2-a6ed-070474464c51.__CR0,0,1000,1000_PT0_SX220_V1___.jpg\" \/><\/p>\n<h4 class=\"a-spacing-mini\">Kompakt<\/h4>\n<p class=\"a-size-small\">Kompaktere Leitern k\u00f6nnen Sie sich nicht vorstellen.\u00a0Die gesamte Leiter passt in Ihre Handfl\u00e4che.\u00a0Sie nehmen nicht viel Platz ein, k\u00f6nnen \u00fcberall verstaut werden, z. B. unter dem Bett im Schlafzimmer, auf dem Balkon und auf dem Dach.<\/p>\n<p><img loading=\"lazy\" decoding=\"async\" class=\"\" src=\"https:\/\/m.media-amazon.com\/images\/S\/aplus-media\/sc\/91d8e70e-82c2-457c-9c48-019a2fbff56a.__CR1282,342,714,714_PT0_SX220_V1___.png\" alt=\"Multifunktionalit\u00e4t\" width=\"300\" height=\"300\" data-src=\"https:\/\/m.media-amazon.com\/images\/S\/aplus-media\/sc\/91d8e70e-82c2-457c-9c48-019a2fbff56a.__CR1282,342,714,714_PT0_SX220_V1___.png\" \/><\/p>\n<h4 class=\"a-spacing-mini\">Rutschfeste Sprossen<\/h4>\n<p class=\"a-size-small\">Gurtmaterial ist bekanntlich viel weniger rutschig als jedes andere harte Material wie Aluminium, Metall oder Kunststoff.<\/p>\n<p><img loading=\"lazy\" decoding=\"async\" class=\"\" src=\"https:\/\/m.media-amazon.com\/images\/S\/aplus-media\/sc\/88500a1b-9a49-4721-a955-87e6a78287e3.__CR0,0,1000,1000_PT0_SX220_V1___.jpg\" alt=\"Multifunktionalit\u00e4t\" width=\"300\" height=\"300\" data-src=\"https:\/\/m.media-amazon.com\/images\/S\/aplus-media\/sc\/88500a1b-9a49-4721-a955-87e6a78287e3.__CR0,0,1000,1000_PT0_SX220_V1___.jpg\" \/><\/p>\n<\/div>\n<\/div>\n<\/div>\n<\/div>\n<div>\n<h4 class=\"a-spacing-mini\">Multifunktionalit\u00e4t<\/h4>\n<p class=\"a-size-small\">Die ISOP Rettungsleitern k\u00f6nnen sowohl f\u00fcr eine Feuerleiter und f\u00fcr Notf\u00e4lle als auch f\u00fcr Kinder auf dem Spielplatz oder f\u00fcr ein Baumhaus verwendet werden.<\/p>\n<p><img loading=\"lazy\" decoding=\"async\" class=\"\" src=\"https:\/\/m.media-amazon.com\/images\/S\/aplus-media\/sc\/0ce14b90-f644-4e71-9958-a603ab85be7a.__CR0,0,800,800_PT0_SX220_V1___.jpg\" alt=\"Karabiner\" width=\"300\" height=\"300\" data-src=\"https:\/\/m.media-amazon.com\/images\/S\/aplus-media\/sc\/0ce14b90-f644-4e71-9958-a603ab85be7a.__CR0,0,800,800_PT0_SX220_V1___.jpg\" \/><\/p>\n<h4 class=\"a-spacing-mini\">Karabiner<\/h4>\n<p class=\"a-size-small\">Professionelle 11kn verchromte Karabinerhaken im Lieferumfang enthalten.<\/p>\n<p><img loading=\"lazy\" decoding=\"async\" class=\"\" src=\"https:\/\/m.media-amazon.com\/images\/S\/aplus-media\/sc\/91fd5669-769f-4880-a4f6-2c1fa7823109.__CR130,0,720,720_PT0_SX220_V1___.png\" alt=\"Wasserdichte Tasche\" width=\"300\" height=\"300\" data-src=\"https:\/\/m.media-amazon.com\/images\/S\/aplus-media\/sc\/91fd5669-769f-4880-a4f6-2c1fa7823109.__CR130,0,720,720_PT0_SX220_V1___.png\" \/><\/p>\n<h4 class=\"a-spacing-mini\">Wasserdichte Tasche<\/h4>\n<p class=\"a-size-small\">Coole Designer Strandtasche ist im Set enthalten.<\/p>\n<\/div>\n<\/div>\n<\/div>\n<\/div>\n<\/div>\n<\/div>\n<\/div>\n<\/div>\n<\/div>\n<\/div>\n<\/div>\n<\/div>\n<\/div>\n<\/div>\n<\/div>\n<\/div>\n<\/div>\n<\/div>\n","protected":false},"excerpt":{"rendered":"[embed]https:\/\/youtu.be\/9aivkjUGbFY[\/embed]\n<p id=\"title\" class=\"a-size-large a-spacing-none\" style=\"text-align: center\"><span id=\"productTitle\" class=\"a-size-large product-title-word-break\">Fluchtleiter 5 m | Karabinerhaken im Lieferumfang enthalten &#8211; Leicht und langlebig bis zu 460 lbs. | Notfallausr\u00fcstung | Kletterleiter<\/span><\/p>\n<p style=\"text-align: center\"><span style=\"vertical-align: inherit\">KOSTENLOSE LIEFERUNG INNERHALB VON 3-7 TAGEN<\/span><\/p>\n<p style=\"text-align: center\"><a href=\"https:\/\/www.amazon.de\/dp\/B08F4BKBD1?ref=myi_title_dp\"><img loading=\"lazy\" decoding=\"async\" class=\"aligncenter wp-image-1040 size-full\" src=\"https:\/\/isopllc.com\/at\/wp-content\/uploads\/sites\/13\/2020\/01\/amazon-button9.png\" alt=\"\" width=\"160\" height=\"59\" \/><\/a><\/p>\n","protected":false},"featured_media":4600,"comment_status":"open","ping_status":"closed","template":"","meta":[],"product_brand":[],"product_cat":[349,348,343],"product_tag":[235,85,195],"class_list":{"0":"post-4454","1":"product","2":"type-product","3":"status-publish","4":"has-post-thumbnail","6":"product_cat-feuerleitern-1-stoeckig","7":"product_cat-feuerleitern-2-stoeckig","8":"product_cat-feuerrettungsleitern","9":"product_tag-fluchtleiter","10":"product_tag-rettungsleiter","11":"product_tag-sicherheitsleiter","13":"first","14":"instock","15":"shipping-taxable","16":"purchasable","17":"product-type-simple"},"_links":{"self":[{"href":"https:\/\/isopllc.com\/at\/wp-json\/wp\/v2\/product\/4454","targetHints":{"allow":["GET"]}}],"collection":[{"href":"https:\/\/isopllc.com\/at\/wp-json\/wp\/v2\/product"}],"about":[{"href":"https:\/\/isopllc.com\/at\/wp-json\/wp\/v2\/types\/product"}],"replies":[{"embeddable":true,"href":"https:\/\/isopllc.com\/at\/wp-json\/wp\/v2\/comments?post=4454"}],"wp:featuredmedia":[{"embeddable":true,"href":"https:\/\/isopllc.com\/at\/wp-json\/wp\/v2\/media\/4600"}],"wp:attachment":[{"href":"https:\/\/isopllc.com\/at\/wp-json\/wp\/v2\/media?parent=4454"}],"wp:term":[{"taxonomy":"product_brand","embeddable":true,"href":"https:\/\/isopllc.com\/at\/wp-json\/wp\/v2\/product_brand?post=4454"},{"taxonomy":"product_cat","embeddable":true,"href":"https:\/\/isopllc.com\/at\/wp-json\/wp\/v2\/product_cat?post=4454"},{"taxonomy":"product_tag","embeddable":true,"href":"https:\/\/isopllc.com\/at\/wp-json\/wp\/v2\/product_tag?post=4454"}],"curies":[{"name":"wp","href":"https:\/\/api.w.org\/{rel}","templated":true}]}}