{"id":4556,"date":"2021-10-17T10:25:48","date_gmt":"2021-10-17T10:25:48","guid":{"rendered":"https:\/\/isopllc.com\/at\/?post_type=product&#038;p=4556"},"modified":"2025-07-01T10:56:34","modified_gmt":"2025-07-01T10:56:34","slug":"ankerhaken-expansionsbolzen-und-hander-fixe-1-kletteranker","status":"publish","type":"product","link":"https:\/\/isopllc.com\/at\/product\/ankerhaken-expansionsbolzen-und-hander-fixe-1-kletteranker\/","title":{"rendered":"Ankerhaken &#8211; Expansionsbolzen und Hander FIXE 1 Kletteranker"},"content":{"rendered":"<div class=\"celwidget aplus-module module-4 aplus-standard\" data-csa-c-id=\"6mnb1z-9dwrl2-ic24uv-jd1phn\" data-cel-widget=\"aplus-module-4\">\n<div class=\"a-expander-collapsed-height a-row a-expander-container a-expander-partial-collapse-container\" data-a-expander-name=\"aplus-module-expander\" data-a-expander-collapsed-height=\"700\">\n<div class=\"a-expander-content a-expander-partial-collapse-content\">\n<div class=\"aplus-module-wrapper apm-fixed-width\">\n<div class=\"apm-spacing\">\n<div class=\"apm-floatleft apm-fixed-width\">\n<div id=\"title_feature_div\" class=\"celwidget\" data-feature-name=\"title\" data-csa-c-id=\"m5t5xw-wzxd1-od319-pyb58o\" data-cel-widget=\"title_feature_div\">\n<div id=\"titleSection\" class=\"a-section a-spacing-none\">\n<div id=\"title_feature_div\" class=\"celwidget\" data-feature-name=\"title\" data-csa-c-id=\"m5t5xw-wzxd1-od319-pyb58o\" data-cel-widget=\"title_feature_div\">\n<div id=\"titleSection\" class=\"a-section a-spacing-none\">\n<div class=\"celwidget aplus-module module-4 aplus-standard\" data-csa-c-id=\"6mnb1z-9dwrl2-ic24uv-jd1phn\" data-cel-widget=\"aplus-module-4\">\n<div class=\"a-expander-collapsed-height a-row a-expander-container a-expander-partial-collapse-container\" data-a-expander-name=\"aplus-module-expander\" data-a-expander-collapsed-height=\"700\">\n<div class=\"a-expander-content a-expander-partial-collapse-content\">\n<div class=\"aplus-module-wrapper apm-fixed-width\">\n<div class=\"apm-spacing\">\n<div class=\"apm-floatleft apm-fixed-width\">\n<div id=\"title_feature_div\" class=\"celwidget\" data-feature-name=\"title\" data-csa-c-id=\"sf8q9w-qyh7ax-wdi1w7-9bl0fc\" data-cel-widget=\"title_feature_div\">\n<div id=\"titleSection\" class=\"a-section a-spacing-none\">\n<h1 id=\"title\" class=\"a-size-large a-spacing-none\"><span id=\"productTitle\" class=\"a-size-large product-title-word-break\">Ankerhaken &#8211; Expansionsbolzen und Hander FIXE 1 Kletteranker<\/span><span id=\"titleEDPPlaceHolder\"><\/span><\/h1>\n<\/div>\n<\/div>\n<div id=\"bylineInfo_feature_div\" class=\"celwidget\" data-feature-name=\"bylineInfo\" data-csa-c-id=\"epe0v1-btpgko-8nc6bh-but6wt\" data-cel-widget=\"bylineInfo_feature_div\"><\/div>\n<div class=\"celwidget aplus-module launchpad-brand-description-left aplus-standard\">\n<div class=\"a-section launchpad-module launchpad-module-brand-description-left\">\n<div class=\"a-section launchpad-text-left-justify\">\n<div class=\"celwidget aplus-module launchpad-brand-description-left aplus-standard\" data-csa-c-id=\"peii8c-x52a71-q7cqai-fu661t\" data-cel-widget=\"aplus-launchpad-brand-description-left\">\n<div class=\"a-section launchpad-module launchpad-module-brand-description-left\">\n<div class=\"a-section launchpad-text-left-justify\">\n<p>Wiegt 110 g mit Edelstahl 316, die Hauptachsenfestigkeit betr\u00e4gt 25 kN. Sicherheit mit Expansionsschraube und Unterlegscheibe.<\/p>\n<p>L\u00e4nge: 10,8 cm, Bolzendurchmesser: 10 mm<\/p>\n<p>Professioneller Hochseilanker zum Klettern, Bergabfahren, Abseilen. Indoor Hanger Bolt f\u00fcr H\u00e4ngematte, Schaukel, Aerial Yoga, Boxsack etc.<\/p>\n<p>Muttern und Unterlegscheiben sind enthalten.<\/p>\n<p>Befestigungsauge f\u00fcr zwei Karabiner, maximale Belastbarkeit: 25KN.<\/p>\n<p><img decoding=\"async\" class=\"a-spacing-mini\" src=\"https:\/\/m.media-amazon.com\/images\/S\/aplus-media\/sc\/d9d1cc8a-da5e-44cd-8705-446d3f3b3913.__CR70,192,1023,1023_PT0_SX300_V1___.jpg\" alt=\"anchors\" data-src=\"https:\/\/m.media-amazon.com\/images\/S\/aplus-media\/sc\/d9d1cc8a-da5e-44cd-8705-446d3f3b3913.__CR70,192,1023,1023_PT0_SX300_V1___.jpg\" \/><\/p>\n<p>Das Set der Kletterankerbolzen enth\u00e4lt 2 St\u00fcck Aufh\u00e4ngungsplatten und 2 St\u00fcck Expansionsschrauben. Schraubenmuttern und Unterlegscheiben sind im Lieferumfang enthalten.<\/p>\n<p><img decoding=\"async\" class=\"a-spacing-mini\" src=\"https:\/\/m.media-amazon.com\/images\/S\/aplus-media\/sc\/7af1ccff-2172-4b01-9eca-35a00c55cc1f.__CR98,309,937,937_PT180_SX300_V1___.jpg\" alt=\"rock climbing anchors\" data-src=\"https:\/\/m.media-amazon.com\/images\/S\/aplus-media\/sc\/7af1ccff-2172-4b01-9eca-35a00c55cc1f.__CR98,309,937,937_PT180_SX300_V1___.jpg\" \/><\/p>\n<p>Aufh\u00e4ngerplatten f\u00fcr dauerhaften Ankerpunkt. Befestigungsauge f\u00fcr zwei Karabiner.<\/p>\n<p><img decoding=\"async\" class=\"a-spacing-mini\" src=\"https:\/\/m.media-amazon.com\/images\/S\/aplus-media\/sc\/8da593fa-f695-495c-a3ab-c3de4bb2fe7a.__CR84,20,312,312_PT0_SX300_V1___.jpg\" alt=\"anchors wall attachment\" data-src=\"https:\/\/m.media-amazon.com\/images\/S\/aplus-media\/sc\/8da593fa-f695-495c-a3ab-c3de4bb2fe7a.__CR84,20,312,312_PT0_SX300_V1___.jpg\" \/><\/p>\n<p>Hergestellt aus hochwertigem und haltbarem Edelstahlmaterial. Leicht, geeignet f\u00fcr Bergsteigen, Klettern, H\u00f6hlenforschung und andere Outdoor-Aktivit\u00e4ten.<\/p>\n<\/div>\n<\/div>\n<\/div>\n<div class=\"celwidget aplus-module module-9 aplus-standard\" data-csa-c-id=\"epzk4v-mtukvp-rhc5jc-q12508\" data-cel-widget=\"aplus-module-9\">\n<div class=\"a-expander-collapsed-height a-row a-expander-container a-expander-partial-collapse-container\" aria-live=\"polite\" data-a-expander-name=\"aplus-module-expander\" data-a-expander-collapsed-height=\"700\">\n<div class=\"a-expander-content a-expander-partial-collapse-content\" aria-expanded=\"false\">\n<div class=\"aplus-module-wrapper apm-fixed-width\">\n<div class=\"apm-spacing apm-fixed-width\"><\/div>\n<\/div>\n<\/div>\n<\/div>\n<\/div>\n<\/div>\n<\/div>\n<\/div>\n<\/div>\n<\/div>\n<\/div>\n<\/div>\n<\/div>\n<\/div>\n<\/div>\n<\/div>\n<\/div>\n<\/div>\n<\/div>\n<\/div>\n<\/div>\n<\/div>\n<\/div>\n<\/div>\n","protected":false},"excerpt":{"rendered":"<p id=\"title\" class=\"a-size-large a-spacing-none\" style=\"text-align: center;\"><span id=\"productTitle\" class=\"a-size-large product-title-word-break\">Ankerhaken &#8211; Expansionsbolzen und Hander FIXE 1 Kletteranker<\/span><\/p>\n<p style=\"text-align: center;\"><span style=\"vertical-align: inherit;\">KOSTENLOSE LIEFERUNG INNERHALB VON 3-7 TAGEN<\/span><\/p>\n<p style=\"text-align: center;\"><a href=\"https:\/\/www.amazon.de\/dp\/B07P978JW5?ref=myi_title_dp\"><img loading=\"lazy\" decoding=\"async\" class=\"aligncenter wp-image-1040 size-full\" src=\"https:\/\/isopllc.com\/at\/wp-content\/uploads\/sites\/13\/2020\/01\/amazon-button9.png\" alt=\"\" width=\"160\" height=\"59\" \/><\/a><\/p>\n","protected":false},"featured_media":4559,"comment_status":"open","ping_status":"closed","template":"","meta":[],"product_brand":[],"product_cat":[339],"product_tag":[189,191,190,192],"class_list":{"0":"post-4556","1":"product","2":"type-product","3":"status-publish","4":"has-post-thumbnail","6":"product_cat-zubehoer-fuer-feuerleitern","7":"product_tag-ankerhaken","8":"product_tag-expansionsbolzen","9":"product_tag-kletteranker","10":"product_tag-sicherheitsausruestung","12":"first","13":"instock","14":"shipping-taxable","15":"purchasable","16":"product-type-simple"},"_links":{"self":[{"href":"https:\/\/isopllc.com\/at\/wp-json\/wp\/v2\/product\/4556","targetHints":{"allow":["GET"]}}],"collection":[{"href":"https:\/\/isopllc.com\/at\/wp-json\/wp\/v2\/product"}],"about":[{"href":"https:\/\/isopllc.com\/at\/wp-json\/wp\/v2\/types\/product"}],"replies":[{"embeddable":true,"href":"https:\/\/isopllc.com\/at\/wp-json\/wp\/v2\/comments?post=4556"}],"wp:featuredmedia":[{"embeddable":true,"href":"https:\/\/isopllc.com\/at\/wp-json\/wp\/v2\/media\/4559"}],"wp:attachment":[{"href":"https:\/\/isopllc.com\/at\/wp-json\/wp\/v2\/media?parent=4556"}],"wp:term":[{"taxonomy":"product_brand","embeddable":true,"href":"https:\/\/isopllc.com\/at\/wp-json\/wp\/v2\/product_brand?post=4556"},{"taxonomy":"product_cat","embeddable":true,"href":"https:\/\/isopllc.com\/at\/wp-json\/wp\/v2\/product_cat?post=4556"},{"taxonomy":"product_tag","embeddable":true,"href":"https:\/\/isopllc.com\/at\/wp-json\/wp\/v2\/product_tag?post=4556"}],"curies":[{"name":"wp","href":"https:\/\/api.w.org\/{rel}","templated":true}]}}