{"id":4560,"date":"2021-10-17T10:44:34","date_gmt":"2021-10-17T10:44:34","guid":{"rendered":"https:\/\/isopllc.com\/at\/?post_type=product&#038;p=4560"},"modified":"2025-07-21T08:19:01","modified_gmt":"2025-07-21T08:19:01","slug":"hochleistungskletterkarabiner","status":"publish","type":"product","link":"https:\/\/isopllc.com\/at\/product\/hochleistungskletterkarabiner\/","title":{"rendered":"Hochleistungskletterkarabiner | Robuster und Sicherer"},"content":{"rendered":"<div class=\"celwidget aplus-module module-4 aplus-standard\" data-csa-c-id=\"6mnb1z-9dwrl2-ic24uv-jd1phn\" data-cel-widget=\"aplus-module-4\">\n<div class=\"a-expander-collapsed-height a-row a-expander-container a-expander-partial-collapse-container\" data-a-expander-name=\"aplus-module-expander\" data-a-expander-collapsed-height=\"700\">\n<div class=\"a-expander-content a-expander-partial-collapse-content\">\n<div class=\"aplus-module-wrapper apm-fixed-width\">\n<div class=\"apm-spacing\">\n<div class=\"apm-floatleft apm-fixed-width\">\n<div id=\"title_feature_div\" class=\"celwidget\" data-feature-name=\"title\" data-csa-c-id=\"m5t5xw-wzxd1-od319-pyb58o\" data-cel-widget=\"title_feature_div\">\n<div id=\"titleSection\" class=\"a-section a-spacing-none\">\n<div id=\"title_feature_div\" class=\"celwidget\" data-feature-name=\"title\" data-csa-c-id=\"m5t5xw-wzxd1-od319-pyb58o\" data-cel-widget=\"title_feature_div\">\n<div id=\"titleSection\" class=\"a-section a-spacing-none\">\n<div class=\"celwidget aplus-module module-4 aplus-standard\" data-csa-c-id=\"6mnb1z-9dwrl2-ic24uv-jd1phn\" data-cel-widget=\"aplus-module-4\">\n<div class=\"a-expander-collapsed-height a-row a-expander-container a-expander-partial-collapse-container\" data-a-expander-name=\"aplus-module-expander\" data-a-expander-collapsed-height=\"700\">\n<div class=\"a-expander-content a-expander-partial-collapse-content\">\n<div class=\"aplus-module-wrapper apm-fixed-width\">\n<div class=\"apm-spacing\">\n<div class=\"apm-floatleft apm-fixed-width\">\n<div id=\"title_feature_div\" class=\"celwidget\" data-feature-name=\"title\" data-csa-c-id=\"sf8q9w-qyh7ax-wdi1w7-9bl0fc\" data-cel-widget=\"title_feature_div\">\n<div id=\"titleSection\" class=\"a-section a-spacing-none\">\n<div id=\"title_feature_div\" class=\"celwidget\" data-feature-name=\"title\" data-csa-c-id=\"y5xd67-9op4em-bxynl-i2qb45\">\n<div id=\"titleSection\" class=\"a-section a-spacing-none\">\n<h2 id=\"title\" class=\"a-size-large a-spacing-none\"><span id=\"productTitle\" class=\"a-size-large product-title-word-break\">ISOP Hochleistungskletterkarabiner 2er-Pack Bruchfestigkeit 11KN Langlebige Federhaken f\u00fcr Takelage, Seile, H\u00e4ngematten, Camping<\/span><span id=\"titleEDPPlaceHolder\"><\/span><\/h2>\n<p><img decoding=\"async\" class=\"\" src=\"https:\/\/m.media-amazon.com\/images\/S\/aplus-media-library-service-media\/34734964-5819-4759-a00d-c5f2b6ddd3f4.__CR0,0,220,220_PT0_SX220_V1___.jpg\" alt=\"isop carabiners\" data-src=\"https:\/\/m.media-amazon.com\/images\/S\/aplus-media-library-service-media\/34734964-5819-4759-a00d-c5f2b6ddd3f4.__CR0,0,220,220_PT0_SX220_V1___.jpg\" \/><\/p>\n<h4 class=\"a-spacing-mini\">DIE PERFEKTEN CARABINER CLIPS<\/h4>\n<p class=\"a-size-small\">Unsere Karabiner sind CE &amp; UIAA-zertifiziert f\u00fcr hohe Beanspruchung und sollen lange halten. Verwenden Sie diese zum Binden von Seilen, Klettern, Abseilen, Verankern, Aufr\u00fcsten, Arbeiten aus der Luft, tragende Technik, lockeres Futter, Rucksackwandern, Aufh\u00e4ngen, Bouldern, Baum- und Ausr\u00fcstungsaufr\u00fcsten.<\/p>\n<p><img decoding=\"async\" class=\"\" src=\"https:\/\/m.media-amazon.com\/images\/S\/aplus-media-library-service-media\/a422051d-3216-43f8-aebf-3a5b3711627a.__CR0,0,220,220_PT0_SX220_V1___.jpg\" alt=\"isop carabiners\" data-src=\"https:\/\/m.media-amazon.com\/images\/S\/aplus-media-library-service-media\/a422051d-3216-43f8-aebf-3a5b3711627a.__CR0,0,220,220_PT0_SX220_V1___.jpg\" \/><\/p>\n<h4 class=\"a-spacing-mini\">HOHE FESTIGKEIT<\/h4>\n<p class=\"a-size-small\">Unsere gro\u00dfen Karabiner bestehen aus den besten Materialien, sodass Sie sie f\u00fcr alle Ihre Outdoor-, Industrie- und Sportaktivit\u00e4ten verwenden k\u00f6nnen. Dies kann ein wesentlicher Bestandteil Ihrer Baumkletterausr\u00fcstung sein, Ihre Leine hochhalten, wichtige Ausr\u00fcstung festbinden oder alles, was Sie f\u00fcr einen tragenden Karabinerhaken ben\u00f6tigen.<\/p>\n<p><img decoding=\"async\" class=\"\" src=\"https:\/\/m.media-amazon.com\/images\/S\/aplus-media-library-service-media\/35135eb4-1040-4c66-8495-6dfc35f17d57.__CR0,0,220,220_PT0_SX220_V1___.jpg\" alt=\"isop carabiners\" data-src=\"https:\/\/m.media-amazon.com\/images\/S\/aplus-media-library-service-media\/35135eb4-1040-4c66-8495-6dfc35f17d57.__CR0,0,220,220_PT0_SX220_V1___.jpg\" \/><\/p>\n<h4 class=\"a-spacing-mini\">SMART LOCKING SYSTEM MIT EINHAND<\/h4>\n<p class=\"a-size-small\">Einfach zu bedienendes Verriegelungsfedertor, damit Sie den Karabiner sicher sichern k\u00f6nnen, ohne bef\u00fcrchten zu m\u00fcssen, dass er herausrutscht oder den Halt verliert. Die symmetrische Form f\u00fcr gleichm\u00e4\u00dfiges Laden erm\u00f6glicht es dem Karabiner, das Gewicht gleichm\u00e4\u00dfig zu tragen und zu verteilen.<\/p>\n<p><img decoding=\"async\" class=\"\" src=\"https:\/\/m.media-amazon.com\/images\/S\/aplus-media-library-service-media\/348668ea-1b15-406f-8c46-9090de163207.__CR0,0,220,220_PT0_SX220_V1___.jpg\" alt=\"isop carabiners\" data-src=\"https:\/\/m.media-amazon.com\/images\/S\/aplus-media-library-service-media\/348668ea-1b15-406f-8c46-9090de163207.__CR0,0,220,220_PT0_SX220_V1___.jpg\" \/><\/p>\n<h4 class=\"a-spacing-mini\">GROSS F\u00dcR ALLE AKTIVIT\u00c4TEN<\/h4>\n<p class=\"a-size-small\">Unsere Karabiner k\u00f6nnen auch f\u00fcr den t\u00e4glichen Bedarf verwendet werden, z. B. zum Halten von Schaukeln, Baumgurten, H\u00e4ngematten, TRX-Workouts oder einfach nur f\u00fcr einen robusten Schl\u00fcsselbund.<\/p>\n<\/div>\n<\/div>\n<div id=\"bylineInfo_feature_div\" class=\"celwidget\" data-feature-name=\"bylineInfo\" data-csa-c-id=\"y4d5sr-65y235-23bj6e-5iqx2z\">\n<div class=\"celwidget aplus-module module-4 aplus-standard\" data-csa-c-id=\"bmc54s-ve7okt-ctighe-2x1z7z\">\n<div class=\"a-expander-collapsed-height a-row a-expander-container a-expander-partial-collapse-container\" aria-live=\"polite\" data-a-expander-name=\"aplus-module-expander\" data-a-expander-collapsed-height=\"700\">\n<div class=\"a-expander-content a-expander-partial-collapse-content\" aria-expanded=\"false\">\n<div><\/div>\n<\/div>\n<\/div>\n<\/div>\n<div class=\"celwidget aplus-module launchpad-brand-description-left aplus-standard\" data-csa-c-id=\"en8y76-9se5z9-b2dace-nrxajl\">\n<div class=\"a-section launchpad-module launchpad-module-brand-description-left\">\n<div class=\"a-section launchpad-text-left-justify\">\n<p>CE \/ UIAA-ZERTIFIZIERTES ZAHNRAD MIT SICHERHEITSBEWERTUNG &#8211; Unsere Karabiner erf\u00fcllen aus Sicherheitsgr\u00fcnden die CE-Zertifizierung, sodass Sie sicher sein k\u00f6nnen, dass Sie f\u00fcr jede industrielle, sportliche Anwendung, Baumkletterausr\u00fcstung oder Zubeh\u00f6r sicher sind.<\/p>\n<p>1. Verf\u00fcgt \u00fcber eine Schraubverriegelung<\/p>\n<p>2. Langlebig und strapazierf\u00e4hig<\/p>\n<p>3. Rutschfest und sicher<\/p>\n<p>4. O-Form: Eine perfekte Form f\u00fcr so viele verschiedene Anwendungen<\/p>\n<p>5. Ideal f\u00fcr Outdoor-Aktivit\u00e4ten Camping Angeln Wandern Reisen Schl\u00fcsselbund etc.<\/p>\n<p>Spezifikation<\/p>\n<p>Material: Verzinkter Stahl Zertifizierungssystem: CE (0321 c205)<\/p>\n<p>Maximale Spannung: 25KN (5600kg)<\/p>\n<p>Abmessungen (L x B): 4,29 &#8222;x 2,3&#8220;<\/p>\n<\/div>\n<\/div>\n<\/div>\n<\/div>\n<\/div>\n<\/div>\n<\/div>\n<\/div>\n<\/div>\n<\/div>\n<\/div>\n<\/div>\n<\/div>\n<\/div>\n<\/div>\n<\/div>\n<\/div>\n<\/div>\n<\/div>\n<\/div>\n<\/div>\n<\/div>\n","protected":false},"excerpt":{"rendered":"<p id=\"title\" class=\"a-size-large a-spacing-none\" style=\"text-align: center\"><span id=\"productTitle\" class=\"a-size-large product-title-word-break\">ISOP Hochleistungskletterkarabiner 2er-Pack Bruchfestigkeit 11KN Langlebige Federhaken f\u00fcr Takelage, Seile, H\u00e4ngematten, Camping<\/span><\/p>\n<p style=\"text-align: center\"><span style=\"vertical-align: inherit\">KOSTENLOSE LIEFERUNG INNERHALB VON 3-7 TAGEN<\/span><\/p>\n<p style=\"text-align: center\"><a href=\"https:\/\/www.amazon.de\/dp\/B07P91TJHQ?ref=myi_title_dp\"><img loading=\"lazy\" decoding=\"async\" class=\"aligncenter wp-image-1040 size-full\" src=\"https:\/\/isopllc.com\/at\/wp-content\/uploads\/sites\/13\/2020\/01\/amazon-button9.png\" alt=\"\" width=\"160\" height=\"59\" \/><\/a><\/p>\n","protected":false},"featured_media":4561,"comment_status":"open","ping_status":"closed","template":"","meta":[],"product_brand":[],"product_cat":[339],"product_tag":[242,241,243],"class_list":{"0":"post-4560","1":"product","2":"type-product","3":"status-publish","4":"has-post-thumbnail","6":"product_cat-zubehoer-fuer-feuerleitern","7":"product_tag-hochleistungskarabiner","8":"product_tag-kletterkarabiner","9":"product_tag-sicherheitskarabiner","11":"first","12":"instock","13":"shipping-taxable","14":"purchasable","15":"product-type-simple"},"_links":{"self":[{"href":"https:\/\/isopllc.com\/at\/wp-json\/wp\/v2\/product\/4560","targetHints":{"allow":["GET"]}}],"collection":[{"href":"https:\/\/isopllc.com\/at\/wp-json\/wp\/v2\/product"}],"about":[{"href":"https:\/\/isopllc.com\/at\/wp-json\/wp\/v2\/types\/product"}],"replies":[{"embeddable":true,"href":"https:\/\/isopllc.com\/at\/wp-json\/wp\/v2\/comments?post=4560"}],"wp:featuredmedia":[{"embeddable":true,"href":"https:\/\/isopllc.com\/at\/wp-json\/wp\/v2\/media\/4561"}],"wp:attachment":[{"href":"https:\/\/isopllc.com\/at\/wp-json\/wp\/v2\/media?parent=4560"}],"wp:term":[{"taxonomy":"product_brand","embeddable":true,"href":"https:\/\/isopllc.com\/at\/wp-json\/wp\/v2\/product_brand?post=4560"},{"taxonomy":"product_cat","embeddable":true,"href":"https:\/\/isopllc.com\/at\/wp-json\/wp\/v2\/product_cat?post=4560"},{"taxonomy":"product_tag","embeddable":true,"href":"https:\/\/isopllc.com\/at\/wp-json\/wp\/v2\/product_tag?post=4560"}],"curies":[{"name":"wp","href":"https:\/\/api.w.org\/{rel}","templated":true}]}}