{"id":4703,"date":"2023-01-18T13:47:12","date_gmt":"2023-01-18T13:47:12","guid":{"rendered":"https:\/\/isopllc.com\/at\/?post_type=product&#038;p=4703"},"modified":"2025-07-21T08:02:46","modified_gmt":"2025-07-21T08:02:46","slug":"notfall-ueberlebenskit","status":"publish","type":"product","link":"https:\/\/isopllc.com\/at\/product\/notfall-ueberlebenskit\/","title":{"rendered":"Notfall-\u00dcberlebenskit | Hochwertige Ausr\u00fcstung"},"content":{"rendered":"<div class=\"celwidget aplus-module premium-module-3-four-column-images aplus-premium\" data-csa-c-id=\"5x7ui9-ius50c-ssm1r8-66oj1i\" data-cel-widget=\"aplus-premium-module-3-four-column-images\">\n<div class=\"a-section a-spacing-none premium-aplus premium-aplus-module-3 aplus-container-1\">\n<div class=\"celwidget aplus-module premium-module-3-four-column-images aplus-premium\" data-csa-c-id=\"5x7ui9-ius50c-ssm1r8-66oj1i\" data-cel-widget=\"aplus-premium-module-3-four-column-images\">\n<h1 class=\"a-section a-spacing-none premium-aplus premium-aplus-module-3 aplus-container-1\">Notfall-\u00dcberlebenskit | Milit\u00e4risches \u00dcberlebenskit | Notfall-\u00dcberlebensausr\u00fcstung und Angelausr\u00fcstung f\u00fcr Camping, Wandern, Jagd, Outdoor-Abenteuer | Survival Tools mit Notfall-Armband-Pfeifen-Taschenlampe<\/h1>\n<\/div>\n<\/div>\n<\/div>\n<div class=\"celwidget aplus-module premium-module-4-two-column-images aplus-premium\" data-csa-c-id=\"15yl7x-eio1n0-m9lh6n-socwzs\" data-cel-widget=\"aplus-premium-module-4-two-column-images\">\n<div class=\"a-section a-spacing-none premium-aplus premium-aplus-module-4 aplus-container-1\">\n<div class=\"a-section a-spacing-none premium-aplus-two-column\">\n<div class=\"a-section a-spacing-none premium-aplus-column\">\n<div class=\"a-section a-spacing-none column-description\">\n<div class=\"celwidget aplus-module premium-module-15-text aplus-premium\" data-csa-c-id=\"bnb6tm-tysnie-sthwlh-4mqwnf\" data-cel-widget=\"aplus-premium-module-15-text\">\n<div class=\"a-section a-spacing-none premium-aplus premium-aplus-module-15\">\n<div class=\"a-section a-spacing-none\">\n<div id=\"aplus_feature_div\" class=\"celwidget\" data-feature-name=\"aplus\" data-csa-c-type=\"widget\" data-csa-c-content-id=\"aplus\" data-csa-c-slot-id=\"aplus_feature_div\" data-csa-c-asin=\"\" data-csa-c-is-in-initial-active-row=\"false\" data-csa-c-id=\"hrjqk3-olh6i-2zbtsj-fsbg4i\">\n<div id=\"aplus\" class=\"a-section a-spacing-large bucket\">\n<div class=\"aplus-v2 desktop celwidget\" data-csa-c-id=\"7p6bth-t6s03-mu9bah-t86rud\">\n<div class=\"celwidget aplus-module premium-module-1-image-text aplus-premium\" data-csa-c-id=\"w4g4q0-i5pch3-n1vxz6-j29p3m\">\n<div class=\"a-section a-spacing-none premium-aplus premium-aplus-module-1 aplus-container-1\">\n<div class=\"a-section a-spacing-none aplus-display-table\">\n<div class=\"a-section a-spacing-none aplus-module-section aplus-display-table-cell aplus-text-section-left\">\n<div id=\"aplus_feature_div\" class=\"celwidget\" data-feature-name=\"aplus\" data-csa-c-type=\"widget\" data-csa-c-content-id=\"aplus\" data-csa-c-slot-id=\"aplus_feature_div\" data-csa-c-asin=\"\" data-csa-c-is-in-initial-active-row=\"false\" data-csa-c-id=\"hrjqk3-olh6i-2zbtsj-fsbg4i\">\n<div id=\"aplus\" class=\"a-section a-spacing-large bucket\">\n<div class=\"aplus-v2 desktop celwidget\" data-csa-c-id=\"7p6bth-t6s03-mu9bah-t86rud\">\n<div class=\"celwidget aplus-module premium-module-1-image-text aplus-premium\" data-csa-c-id=\"w4g4q0-i5pch3-n1vxz6-j29p3m\">\n<div class=\"a-section a-spacing-none premium-aplus premium-aplus-module-1 aplus-container-1\">\n<div class=\"a-section a-spacing-none aplus-display-table\">\n<div class=\"a-section a-spacing-none aplus-module-section aplus-display-table-cell aplus-text-section-left\">\n<div id=\"aplus_feature_div\" class=\"celwidget\" data-feature-name=\"aplus\" data-csa-c-type=\"widget\" data-csa-c-content-id=\"aplus\" data-csa-c-slot-id=\"aplus_feature_div\" data-csa-c-asin=\"\" data-csa-c-is-in-initial-active-row=\"false\" data-csa-c-id=\"werwrh-oppmo3-svcp6d-fhfg25\" data-cel-widget=\"aplus_feature_div\">\n<div id=\"aplus\" class=\"a-section a-spacing-large bucket\">\n<div class=\"aplus-v2 desktop celwidget\" data-csa-c-id=\"7xtdo9-r4wrro-f3nno8-bwxukn\" data-cel-widget=\"aplus\">\n<div class=\"celwidget aplus-module premium-module-1-image-text aplus-premium\" data-csa-c-id=\"2rlhkz-8y7w7x-cqhx54-3sn8qp\" data-cel-widget=\"aplus-premium-module-1-image-text\">\n<div class=\"a-section a-spacing-none premium-aplus premium-aplus-module-1 aplus-container-1\">\n<div class=\"a-section a-spacing-none aplus-display-table\">\n<div class=\"a-section a-spacing-none aplus-module-section aplus-display-table-cell aplus-text-section-left\">\n<p class=\"aplus-p2 aplus-module-1-description\">\n<\/div>\n<div class=\"a-section a-spacing-none aplus-module-section aplus-display-table-cell aplus-image-section\"><img decoding=\"async\" class=\"\" src=\"https:\/\/m.media-amazon.com\/images\/S\/aplus-media-library-service-media\/040643e9-74cb-41eb-b1fc-1c6259247f60.__CR0,0,800,600_PT0_SX800_V1___.jpg\" alt=\"Emergency Survival Kit\" data-src=\"https:\/\/m.media-amazon.com\/images\/S\/aplus-media-library-service-media\/040643e9-74cb-41eb-b1fc-1c6259247f60.__CR0,0,800,600_PT0_SX800_V1___.jpg\" \/><\/div>\n<div>\n<h1 class=\"aplus-h1 aplus-module-1-heading a-text-bold\">Wir pr\u00e4sentieren Ihnen das am besten ausgestattete Survival-Set von ISOP f\u00fcr jeden Anlass<\/h1>\n<p class=\"aplus-p2 aplus-module-1-description\">Erdbeben, Feuer oder \u00dcberschwemmung, dieses Set hilft Ihnen zu \u00fcberleben. Selbst wenn Sie sich wie Robinson Crusoe auf einer einsamen Insel befinden, haben Sie alle Werkzeuge, um zu \u00fcberleben. Nachfolgend stellen wir Ihnen jeden Artikel des Sets, den wir gewissenhaft ausgew\u00e4hlt haben, einzeln vor und informieren Sie \u00fcber alle Einsatzm\u00f6glichkeiten der einzelnen Produkte, die \u00fcbrigens nicht nur in Notsituationen, sondern auch im Alltag, Camping, Klettern, n\u00fctzlich sind die Berge oder Wandern mit der Familie.<\/p>\n<\/div>\n<\/div>\n<\/div>\n<\/div>\n<div class=\"celwidget aplus-module premium-module-4-two-column-images aplus-premium\" data-csa-c-id=\"ptm5mu-ovnfo3-2bizob-7qtr4k\" data-cel-widget=\"aplus-premium-module-4-two-column-images\">\n<div class=\"a-section a-spacing-none premium-aplus premium-aplus-module-4 aplus-container-1\">\n<div class=\"a-section a-spacing-none premium-aplus-two-column\">\n<div class=\"a-section a-spacing-none premium-aplus-column\">\n<div class=\"a-section a-spacing-none {'column-image'}\"><img decoding=\"async\" class=\"\" src=\"https:\/\/m.media-amazon.com\/images\/S\/aplus-media-library-service-media\/2c5841b2-ca84-4686-aff4-e5dcad44de3e.__CR0,0,650,350_PT0_SX650_V1___.jpg\" alt=\"Emergency Survival Kit | Military Survival Kit \" data-src=\"https:\/\/m.media-amazon.com\/images\/S\/aplus-media-library-service-media\/2c5841b2-ca84-4686-aff4-e5dcad44de3e.__CR0,0,650,350_PT0_SX650_V1___.jpg\" \/><\/div>\n<div class=\"a-section a-spacing-none column-heading\">\n<h1 class=\"aplus-h3 a-text-bold\">Notfall-\u00dcberlebenskit | Milit\u00e4risches \u00dcberlebenskit<\/h1>\n<\/div>\n<div class=\"a-section a-spacing-none column-description\">\n<p class=\"aplus-p3\">Aktualisiertes Mehrzweck-Taktik-Kit ist ein multiprofessionelles 21-in-1-Notfall-\u00dcberlebenskit, das Outdoor-\u00dcberlebensausr\u00fcstung enth\u00e4lt, die f\u00fcr Camping, Angeln, Jagen, Motorradreisen, Ausfl\u00fcge in die Wildnis, Wandern und \u00dcberlebensszenarien unerl\u00e4sslich ist. Es ist eine erstaunliche \u00dcberraschung und ein Gadget f\u00fcr alle.<\/p>\n<\/div>\n<\/div>\n<div class=\"a-section a-spacing-none premium-aplus-column\">\n<div class=\"a-section a-spacing-none {'column-image'}\"><img decoding=\"async\" class=\"\" src=\"https:\/\/m.media-amazon.com\/images\/S\/aplus-media-library-service-media\/90587192-739f-468d-8e4f-30e9c7944395.__CR0,0,650,350_PT0_SX650_V1___.jpg\" alt=\"Emergency Survival Gear &amp; Fishing Equipment for Camping Hiking Hunting Outdoor Adventure \" data-src=\"https:\/\/m.media-amazon.com\/images\/S\/aplus-media-library-service-media\/90587192-739f-468d-8e4f-30e9c7944395.__CR0,0,650,350_PT0_SX650_V1___.jpg\" \/><\/div>\n<div class=\"a-section a-spacing-none column-heading\">\n<h1 class=\"aplus-h3 a-text-bold\">\u00dcberlebenswerkzeuge mit Armbandpfeife Taschenlampe<\/h1>\n<\/div>\n<div class=\"a-section a-spacing-none column-description\">\n<p class=\"aplus-p3\">Das Notfall-Survival-Set beinhaltet: Rettungsdecke, Taschenlampe, Mehrzweckspork, Angelset, Drahts\u00e4ge, Wasserflaschenclip, Paracord-Armband, Feuerstein-Feuerstarter, S\u00e4belkarte, Blasrohr, Feuerseil, Trillerpfeife, Mehrzweckmesser, Kletterhaken, Kompass, Sicherheitsnadeln , taktischer Stift und sto\u00dffestes Etui.<\/p>\n<\/div>\n<\/div>\n<\/div>\n<\/div>\n<\/div>\n<div class=\"celwidget aplus-module premium-module-4-two-column-images aplus-premium\" data-csa-c-id=\"ujf5z8-whexhd-hnk56z-8ldfmh\" data-cel-widget=\"aplus-premium-module-4-two-column-images\">\n<div class=\"a-section a-spacing-none premium-aplus premium-aplus-module-4 aplus-container-1\">\n<div class=\"a-section a-spacing-none premium-aplus-two-column\">\n<div class=\"a-section a-spacing-none premium-aplus-column\">\n<div class=\"a-section a-spacing-none {'column-image'}\"><img decoding=\"async\" class=\"\" src=\"https:\/\/m.media-amazon.com\/images\/S\/aplus-media-library-service-media\/b5058cd4-d615-4f08-af36-65a0fd6f2f8a.__CR0,0,650,350_PT0_SX650_V1___.jpg\" alt=\"Survival Tools with Emergency Bracelet Whistle Flashlight\" data-src=\"https:\/\/m.media-amazon.com\/images\/S\/aplus-media-library-service-media\/b5058cd4-d615-4f08-af36-65a0fd6f2f8a.__CR0,0,650,350_PT0_SX650_V1___.jpg\" \/><\/div>\n<div class=\"a-section a-spacing-none column-heading\">\n<h1 class=\"aplus-h3 a-text-bold\">Notfall-\u00dcberlebensausr\u00fcstung und Angelausr\u00fcstung<\/h1>\n<\/div>\n<div class=\"a-section a-spacing-none column-description\">\n<p class=\"aplus-p3\">Mit diesem Survival-Kit k\u00f6nnen Sie eine Naturkatastrophe \u00fcberleben. Der ideale Campingbegleiter, um f\u00fcr jede Situation gewappnet zu sein, ist dieser Artikel. Sch\u00fctzen Sie sich in jeder Notsituation. Perfekt f\u00fcr Camping, Wandern, Abenteuer, Survival und im Notfall. Wird in einer sto\u00dffesten und leicht zu transportierenden Box geliefert.<\/p>\n<\/div>\n<\/div>\n<div class=\"a-section a-spacing-none premium-aplus-column\">\n<div class=\"a-section a-spacing-none {'column-image'}\"><img decoding=\"async\" class=\"\" src=\"https:\/\/m.media-amazon.com\/images\/S\/aplus-media-library-service-media\/a03308c4-5304-421a-a370-686b59f30d97.__CR0,0,650,350_PT0_SX650_V1___.jpg\" alt=\"Emergency Survival Kit \" data-src=\"https:\/\/m.media-amazon.com\/images\/S\/aplus-media-library-service-media\/a03308c4-5304-421a-a370-686b59f30d97.__CR0,0,650,350_PT0_SX650_V1___.jpg\" \/><\/div>\n<div class=\"a-section a-spacing-none column-heading\">\n<h1 class=\"aplus-h3 a-text-bold\">Camping Wandern Jagd Outdoor-Abenteuer<\/h1>\n<\/div>\n<div class=\"a-section a-spacing-none column-description\">\n<p class=\"aplus-p3\">Beim Wandern, Camping, Jagen, Angeln, Trekking oder bei Abenteuern tr\u00e4gt es auch zu Ihrer Sicherheit bei. Dieses Survival-Kit wird Ihre Zuneigung genauer vermitteln. Wenn es nicht Ihren Erwartungen entspricht oder Sie irgendwelche Probleme haben, kontaktieren Sie uns bitte und wir helfen Ihnen weiter.<\/p>\n<\/div>\n<\/div>\n<\/div>\n<\/div>\n<\/div>\n<\/div>\n<\/div>\n<\/div>\n<\/div>\n<\/div>\n<\/div>\n<\/div>\n<\/div>\n<\/div>\n<\/div>\n<\/div>\n<\/div>\n<\/div>\n<\/div>\n<\/div>\n<\/div>\n<\/div>\n<\/div>\n<\/div>\n<\/div>\n<\/div>\n<\/div>\n<\/div>\n<\/div>\n<\/div>\n","protected":false},"excerpt":{"rendered":"[embed]https:\/\/youtu.be\/PJJDgcjf26g?si=PcPZf9V7nLizKWpq[\/embed]\n<p class=\"a-section a-spacing-none premium-aplus premium-aplus-module-3 aplus-container-1\" style=\"text-align: center\">Notfall-\u00dcberlebenskit | Milit\u00e4risches \u00dcberlebenskit | Notfall-\u00dcberlebensausr\u00fcstung und Angelausr\u00fcstung f\u00fcr Camping, Wandern, Jagd, Outdoor-Abenteuer | Survival Tools mit Notfall-Armband-Pfeifen-Taschenlampe<\/p>\n<p style=\"text-align: center\">KOSTENLOSE LIEFERUNG INNERHALB VON 3-7 TAGEN<\/p>\n<h4 style=\"text-align: center\"><strong>KAUFEN SIE ES AN<\/strong><\/h4>\n<p><a href=\"http:\/\/www.amazon.de\/dp\/B0BPP3VJ3G?ref=myi_title_dp\"><img loading=\"lazy\" decoding=\"async\" class=\"aligncenter wp-image-1040 size-full\" src=\"https:\/\/isopllc.com\/at\/wp-content\/uploads\/sites\/13\/2020\/01\/amazon-button9.png\" alt=\"\" width=\"160\" height=\"59\" \/><\/a><\/p>\n","protected":false},"featured_media":4704,"comment_status":"open","ping_status":"closed","template":"","meta":[],"product_brand":[],"product_cat":[335],"product_tag":[288,304,305],"class_list":{"0":"post-4703","1":"product","2":"type-product","3":"status-publish","4":"has-post-thumbnail","6":"product_cat-rettungs-und-ueberlebenssets","7":"product_tag-erste-hilfe-set","8":"product_tag-notfallkit","9":"product_tag-ueberlebenskit","11":"first","12":"instock","13":"shipping-taxable","14":"purchasable","15":"product-type-simple"},"_links":{"self":[{"href":"https:\/\/isopllc.com\/at\/wp-json\/wp\/v2\/product\/4703","targetHints":{"allow":["GET"]}}],"collection":[{"href":"https:\/\/isopllc.com\/at\/wp-json\/wp\/v2\/product"}],"about":[{"href":"https:\/\/isopllc.com\/at\/wp-json\/wp\/v2\/types\/product"}],"replies":[{"embeddable":true,"href":"https:\/\/isopllc.com\/at\/wp-json\/wp\/v2\/comments?post=4703"}],"wp:featuredmedia":[{"embeddable":true,"href":"https:\/\/isopllc.com\/at\/wp-json\/wp\/v2\/media\/4704"}],"wp:attachment":[{"href":"https:\/\/isopllc.com\/at\/wp-json\/wp\/v2\/media?parent=4703"}],"wp:term":[{"taxonomy":"product_brand","embeddable":true,"href":"https:\/\/isopllc.com\/at\/wp-json\/wp\/v2\/product_brand?post=4703"},{"taxonomy":"product_cat","embeddable":true,"href":"https:\/\/isopllc.com\/at\/wp-json\/wp\/v2\/product_cat?post=4703"},{"taxonomy":"product_tag","embeddable":true,"href":"https:\/\/isopllc.com\/at\/wp-json\/wp\/v2\/product_tag?post=4703"}],"curies":[{"name":"wp","href":"https:\/\/api.w.org\/{rel}","templated":true}]}}