{"id":4757,"date":"2023-01-27T15:46:03","date_gmt":"2023-01-27T15:46:03","guid":{"rendered":"https:\/\/isopllc.com\/at\/?post_type=product&#038;p=4757"},"modified":"2025-07-01T10:54:07","modified_gmt":"2025-07-01T10:54:07","slug":"isop-campingkocher-reisebecher-set","status":"publish","type":"product","link":"https:\/\/isopllc.com\/at\/product\/isop-campingkocher-reisebecher-set\/","title":{"rendered":"ISOP Campingkocher &#038; Reisebecher-Set"},"content":{"rendered":"<h1 class=\"a-section a-spacing-none premium-aplus premium-aplus-module-3 aplus-container-1\">ISOP Campingkocher &amp; Reisebecher-Set \u2013 tragbarer Mini-Kocher f\u00fcr Reisen, Kaffeebecher \u2013 auslaufsicherer Camping-\/Wander-\/Rucksackkocher \u2013 Edelstahl-Alkoholkocher und zusammenklappbarer Becher f\u00fcr unterwegs \u2013 Silikon-Campingbecher<\/h1>\n<div class=\"celwidget aplus-module premium-module-4-two-column-images aplus-premium\" data-csa-c-id=\"sdy05b-vrb5mv-3tmwc5-k338fj\">\n<div class=\"a-section a-spacing-none premium-aplus premium-aplus-module-4 aplus-container-1\">\n<div class=\"a-section a-spacing-none premium-aplus-two-column\">\n<div class=\"a-section a-spacing-none premium-aplus-column\">\n<div class=\"a-section a-spacing-none {'column-image'}\"><img decoding=\"async\" class=\"\" src=\"https:\/\/m.media-amazon.com\/images\/S\/aplus-media-library-service-media\/9bc7ce8d-f977-4807-9523-6a597f759391.__CR0,0,650,350_PT0_SX650_V1___.jpg\" alt=\"Camping Stove &amp; Travel Mug Set - Mini Portable Stove Travel Coffee Mug\" data-src=\"https:\/\/m.media-amazon.com\/images\/S\/aplus-media-library-service-media\/9bc7ce8d-f977-4807-9523-6a597f759391.__CR0,0,650,350_PT0_SX650_V1___.jpg\" \/><\/div>\n<div class=\"a-section a-spacing-none column-heading\"><\/div>\n<div class=\"a-section a-spacing-none column-description\">\n<p class=\"aplus-p3\">Robuster und stabiler Campingbrenner aus langlebigem Edelstahl. Alkohol wird in das mittlere Reservoir des Mini-Campingkochers gegossen und dann angez\u00fcndet. Die D\u00e4mpfe entweichen aus einem Ring kleiner L\u00f6cher, um ein sch\u00f6nes, gleichm\u00e4\u00dfiges Feuer zu erzeugen. L\u00f6schen Sie, indem Sie die Kappe vorsichtig \u00fcber die Flammen setzen und sie ersticken.<\/p>\n<\/div>\n<\/div>\n<div class=\"a-section a-spacing-none premium-aplus-column\">\n<div class=\"a-section a-spacing-none {'column-image'}\"><img decoding=\"async\" class=\"\" src=\"https:\/\/m.media-amazon.com\/images\/S\/aplus-media-library-service-media\/faa31d46-35b8-4347-b136-6915e89a2bdb.__CR0,0,650,350_PT0_SX650_V1___.jpg\" alt=\"Collapsible Cup for Travel - Silicone Camping Mug\" data-src=\"https:\/\/m.media-amazon.com\/images\/S\/aplus-media-library-service-media\/faa31d46-35b8-4347-b136-6915e89a2bdb.__CR0,0,650,350_PT0_SX650_V1___.jpg\" \/><\/div>\n<div class=\"a-section a-spacing-none column-heading\"><\/div>\n<div class=\"a-section a-spacing-none column-description\">\n<p class=\"aplus-p3\">Der faltbare Becher f\u00fcr unterwegs besteht aus lebensmittelechtem Silikonmaterial, das ohne sch\u00e4dliche Zus\u00e4tze sicher zu verwenden ist. Kein Plastik, keine seltsamen Chemikalien und nichts, was Sie nicht in Ihrem K\u00f6rper haben wollen. Nur Sie und Ihr Lieblingsgetr\u00e4nk.<\/p>\n<\/div>\n<\/div>\n<\/div>\n<\/div>\n<\/div>\n<div class=\"celwidget aplus-module premium-module-4-two-column-images aplus-premium\" data-csa-c-id=\"e5hmvm-44h78t-crc2qp-99d5vq\">\n<div class=\"a-section a-spacing-none premium-aplus premium-aplus-module-4 aplus-container-1\">\n<div class=\"a-section a-spacing-none premium-aplus-two-column\">\n<div class=\"a-section a-spacing-none premium-aplus-column\">\n<div class=\"a-section a-spacing-none {'column-image'}\"><img decoding=\"async\" class=\"\" src=\"https:\/\/m.media-amazon.com\/images\/S\/aplus-media-library-service-media\/b07733d2-7a18-4f2b-8ebc-2c79dfd37612.__CR0,0,650,350_PT0_SX650_V1___.jpg\" alt=\"Camping Stove &amp; Travel Mug Set - Mini Portable Stove Travel Coffee Mug\" data-src=\"https:\/\/m.media-amazon.com\/images\/S\/aplus-media-library-service-media\/b07733d2-7a18-4f2b-8ebc-2c79dfd37612.__CR0,0,650,350_PT0_SX650_V1___.jpg\" \/><\/div>\n<div class=\"a-section a-spacing-none column-heading\"><\/div>\n<div class=\"a-section a-spacing-none column-description\">\n<p class=\"aplus-p3\">Mit diesem Mini-Campingkocher mit variabler Temperaturregelung k\u00f6nnen Sie \u00fcberall und jederzeit im Freien grillen. Der klappbare Griff am Flammenregler hilft bei der Steuerung und Aufrechterhaltung der Temperatur nach Bedarf. Die mikrowellengeeignete Kaffeetasse sorgt bei diesen Abenteuern f\u00fcr kalten Kaffee oder hei\u00dfen Tee.<\/p>\n<\/div>\n<\/div>\n<div class=\"a-section a-spacing-none premium-aplus-column\">\n<div class=\"a-section a-spacing-none {'column-image'}\"><img decoding=\"async\" class=\"\" src=\"https:\/\/m.media-amazon.com\/images\/S\/aplus-media-library-service-media\/1564a539-8573-458e-bd63-ed68d7c76394.__CR0,0,650,350_PT0_SX650_V1___.jpg\" alt=\"Camping Stove &amp; Travel Mug Set - Mini Portable Stove Travel Coffee Mug\" data-src=\"https:\/\/m.media-amazon.com\/images\/S\/aplus-media-library-service-media\/1564a539-8573-458e-bd63-ed68d7c76394.__CR0,0,650,350_PT0_SX650_V1___.jpg\" \/><\/div>\n<div class=\"a-section a-spacing-none column-heading\"><\/div>\n<div class=\"a-section a-spacing-none column-description\">\n<p class=\"aplus-p3\">Dieser Notkocher ist ein grundlegendes Werkzeug, das sich in jedem Notfall als sehr wertvoll erweisen kann. Reisen Sie mit unserem tragbaren und leichten Outdoor-Kocherbrenner-Set, um die Winterk\u00e4lte in den Bergen zu genie\u00dfen. Geeignet f\u00fcr Camping, Wandern, Picknick, Grillen, \u00dcberleben im Freien, Autofahrten, Van-Leben und Abenteuer.<\/p>\n<\/div>\n<\/div>\n<\/div>\n<\/div>\n<\/div>\n","protected":false},"excerpt":{"rendered":"<p id=\"title\" class=\"a-size-large a-spacing-none\" style=\"text-align: center;\">ISOP Campingkocher &amp; Reisebecher-Set \u2013 tragbarer Mini-Kocher f\u00fcr Reisen, Kaffeebecher \u2013 auslaufsicherer Camping-\/Wander-\/Rucksackkocher \u2013 Edelstahl-Alkoholkocher und zusammenklappbarer Becher f\u00fcr unterwegs \u2013 Silikon-Campingbecher<\/p>\n<p style=\"text-align: center;\">KOSTENLOSE LIEFERUNG INNERHALB VON 3-7 TAGEN<\/p>\n<h4 style=\"text-align: center;\"><strong>KAUFEN SIE ES AN<\/strong><\/h4>\n<p><a href=\"https:\/\/www.amazon.de\/dp\/B0BNQJ1H8P?ref=myi_title_dp\"><img loading=\"lazy\" decoding=\"async\" class=\"aligncenter wp-image-1040 size-full\" src=\"https:\/\/isopllc.com\/de\/wp-content\/uploads\/sites\/3\/2020\/01\/amazon-button9.png\" alt=\"\" width=\"160\" height=\"59\" \/><\/a><\/p>\n","protected":false},"featured_media":4758,"comment_status":"open","ping_status":"closed","template":"","meta":[],"product_brand":[],"product_cat":[335],"product_tag":[253,254,255],"class_list":{"0":"post-4757","1":"product","2":"type-product","3":"status-publish","4":"has-post-thumbnail","6":"product_cat-rettungs-und-ueberlebenssets","7":"product_tag-campingkocher","8":"product_tag-reisebecher","9":"product_tag-set","11":"first","12":"instock","13":"shipping-taxable","14":"purchasable","15":"product-type-simple"},"_links":{"self":[{"href":"https:\/\/isopllc.com\/at\/wp-json\/wp\/v2\/product\/4757","targetHints":{"allow":["GET"]}}],"collection":[{"href":"https:\/\/isopllc.com\/at\/wp-json\/wp\/v2\/product"}],"about":[{"href":"https:\/\/isopllc.com\/at\/wp-json\/wp\/v2\/types\/product"}],"replies":[{"embeddable":true,"href":"https:\/\/isopllc.com\/at\/wp-json\/wp\/v2\/comments?post=4757"}],"wp:featuredmedia":[{"embeddable":true,"href":"https:\/\/isopllc.com\/at\/wp-json\/wp\/v2\/media\/4758"}],"wp:attachment":[{"href":"https:\/\/isopllc.com\/at\/wp-json\/wp\/v2\/media?parent=4757"}],"wp:term":[{"taxonomy":"product_brand","embeddable":true,"href":"https:\/\/isopllc.com\/at\/wp-json\/wp\/v2\/product_brand?post=4757"},{"taxonomy":"product_cat","embeddable":true,"href":"https:\/\/isopllc.com\/at\/wp-json\/wp\/v2\/product_cat?post=4757"},{"taxonomy":"product_tag","embeddable":true,"href":"https:\/\/isopllc.com\/at\/wp-json\/wp\/v2\/product_tag?post=4757"}],"curies":[{"name":"wp","href":"https:\/\/api.w.org\/{rel}","templated":true}]}}