{"id":4804,"date":"2023-03-11T15:13:16","date_gmt":"2023-03-11T15:13:16","guid":{"rendered":"https:\/\/isopllc.com\/at\/?post_type=product&#038;p=4804"},"modified":"2025-07-21T08:19:45","modified_gmt":"2025-07-21T08:19:45","slug":"notfall-ueberlebenskit-2","status":"publish","type":"product","link":"https:\/\/isopllc.com\/at\/product\/notfall-ueberlebenskit-2\/","title":{"rendered":"Notfall-\u00dcberlebensrucksack | Komplett Ausgestatteter Survival-Rucksack"},"content":{"rendered":"<h1>Notfall-\u00dcberlebenskit |\u00a0 Notfall-\u00dcberlebensrucksack und Erste-Hilfe-Ausr\u00fcstung f\u00fcr Camping Wandern im Freien| Survival-Notfallwerkzeuge f\u00fcr jeden Anlass | \u00dcberlebensrucksack voller Ausr\u00fcstung<\/h1>\n<h2>Wir pr\u00e4sentieren Ihnen den am besten ausgestatteten Survival-Rucksack f\u00fcr jeden Anlass<\/h2>\n<p>Erdbeben, Feuer oder \u00dcberschwemmung, dieses Set hilft Ihnen zu \u00fcberleben. Selbst wenn Sie sich wie Robinson Crusoe auf einer einsamen Insel befinden, haben Sie alle Werkzeuge, um zu \u00fcberleben. Nachfolgend stellen wir Ihnen jeden Artikel des Sets, den wir gewissenhaft ausgew\u00e4hlt haben, einzeln vor und informieren Sie \u00fcber alle Einsatzm\u00f6glichkeiten der einzelnen Produkte, die \u00fcbrigens nicht nur in Notsituationen, sondern auch im Alltag, Camping, Klettern, n\u00fctzlich sind die Berge oder Wandern mit der Familie.<\/p>\n<p><img loading=\"lazy\" decoding=\"async\" class=\"alignnone size-medium wp-image-4801\" src=\"https:\/\/isopllc.com\/at\/wp-content\/uploads\/sites\/13\/2023\/01\/Emergency-Survival-Kit-_-Emergency-Survival-Backpack-First-Aid-Equipment-for-Camping-Hiking-Outdoor-_-Survival-Emergency-Tools-for-Any-Occasion-_-Survival-Backpack-Full-of-Gear-2-300x300.jpg\" alt=\"\" width=\"300\" height=\"300\" srcset=\"https:\/\/isopllc.com\/at\/wp-content\/uploads\/sites\/13\/2023\/01\/Emergency-Survival-Kit-_-Emergency-Survival-Backpack-First-Aid-Equipment-for-Camping-Hiking-Outdoor-_-Survival-Emergency-Tools-for-Any-Occasion-_-Survival-Backpack-Full-of-Gear-2-300x300.jpg 300w, https:\/\/isopllc.com\/at\/wp-content\/uploads\/sites\/13\/2023\/01\/Emergency-Survival-Kit-_-Emergency-Survival-Backpack-First-Aid-Equipment-for-Camping-Hiking-Outdoor-_-Survival-Emergency-Tools-for-Any-Occasion-_-Survival-Backpack-Full-of-Gear-2-150x150.jpg 150w, https:\/\/isopllc.com\/at\/wp-content\/uploads\/sites\/13\/2023\/01\/Emergency-Survival-Kit-_-Emergency-Survival-Backpack-First-Aid-Equipment-for-Camping-Hiking-Outdoor-_-Survival-Emergency-Tools-for-Any-Occasion-_-Survival-Backpack-Full-of-Gear-2-768x768.jpg 768w, https:\/\/isopllc.com\/at\/wp-content\/uploads\/sites\/13\/2023\/01\/Emergency-Survival-Kit-_-Emergency-Survival-Backpack-First-Aid-Equipment-for-Camping-Hiking-Outdoor-_-Survival-Emergency-Tools-for-Any-Occasion-_-Survival-Backpack-Full-of-Gear-2-416x416.jpg 416w, https:\/\/isopllc.com\/at\/wp-content\/uploads\/sites\/13\/2023\/01\/Emergency-Survival-Kit-_-Emergency-Survival-Backpack-First-Aid-Equipment-for-Camping-Hiking-Outdoor-_-Survival-Emergency-Tools-for-Any-Occasion-_-Survival-Backpack-Full-of-Gear-2-100x100.jpg 100w, https:\/\/isopllc.com\/at\/wp-content\/uploads\/sites\/13\/2023\/01\/Emergency-Survival-Kit-_-Emergency-Survival-Backpack-First-Aid-Equipment-for-Camping-Hiking-Outdoor-_-Survival-Emergency-Tools-for-Any-Occasion-_-Survival-Backpack-Full-of-Gear-2.jpg 900w\" sizes=\"auto, (max-width: 300px) 100vw, 300px\" \/><\/p>\n<h2>Notfall-\u00dcberlebensrucksack<\/h2>\n<p>Mehrzweck Aktualisiert Tactics Kit ist ein multiprofessionelles 32-in-1-Notfall-Survival-Kit, das Outdoor-Survival-Ausr\u00fcstung enth\u00e4lt, die f\u00fcr Camping, Angeln, Jagen, Motorradreisen, Ausfl\u00fcge in die Wildnis, Wandern und \u00dcberlebensszenarien unerl\u00e4sslich ist. Es ist eine erstaunliche \u00dcberraschung und ein Gadget f\u00fcr alle.<\/p>\n<p><img loading=\"lazy\" decoding=\"async\" class=\"alignnone size-medium wp-image-4824\" src=\"https:\/\/isopllc.com\/at\/wp-content\/uploads\/sites\/13\/2023\/03\/IMG-2855-1-225x300.jpg\" alt=\"\" width=\"225\" height=\"300\" srcset=\"https:\/\/isopllc.com\/at\/wp-content\/uploads\/sites\/13\/2023\/03\/IMG-2855-1-225x300.jpg 225w, https:\/\/isopllc.com\/at\/wp-content\/uploads\/sites\/13\/2023\/03\/IMG-2855-1-768x1024.jpg 768w, https:\/\/isopllc.com\/at\/wp-content\/uploads\/sites\/13\/2023\/03\/IMG-2855-1-750x1000.jpg 750w, https:\/\/isopllc.com\/at\/wp-content\/uploads\/sites\/13\/2023\/03\/IMG-2855-1-416x555.jpg 416w, https:\/\/isopllc.com\/at\/wp-content\/uploads\/sites\/13\/2023\/03\/IMG-2855-1.jpg 1020w\" sizes=\"auto, (max-width: 225px) 100vw, 225px\" \/><\/p>\n<h2>Hochwertige Materialien<\/h2>\n<p>F\u00fcr die gesamte Notfall-\u00dcberlebensausr\u00fcstung werden die hochwertigsten, wetterbest\u00e4ndigen Materialien verwendet. Mit der Ausr\u00fcstung f\u00fcr die Notversorgung k\u00f6nnen Sie auch nach l\u00e4ngerem Gebrauch weiter \u00fcberleben und die Gelegenheit nutzen, um zu campen, Abenteuer zu erleben oder einen Berg zu besteigen.<\/p>\n<p><img loading=\"lazy\" decoding=\"async\" class=\"alignnone size-medium wp-image-4800\" src=\"https:\/\/isopllc.com\/at\/wp-content\/uploads\/sites\/13\/2023\/01\/Emergency-Survival-Kit-_-Emergency-Survival-Backpack-First-Aid-Equipment-for-Camping-Hiking-Outdoor-_-Survival-Emergency-Tools-for-Any-Occasion-_-Survival-Backpack-Full-of-Gear-4-300x300.jpg\" alt=\"\" width=\"300\" height=\"300\" srcset=\"https:\/\/isopllc.com\/at\/wp-content\/uploads\/sites\/13\/2023\/01\/Emergency-Survival-Kit-_-Emergency-Survival-Backpack-First-Aid-Equipment-for-Camping-Hiking-Outdoor-_-Survival-Emergency-Tools-for-Any-Occasion-_-Survival-Backpack-Full-of-Gear-4-300x300.jpg 300w, https:\/\/isopllc.com\/at\/wp-content\/uploads\/sites\/13\/2023\/01\/Emergency-Survival-Kit-_-Emergency-Survival-Backpack-First-Aid-Equipment-for-Camping-Hiking-Outdoor-_-Survival-Emergency-Tools-for-Any-Occasion-_-Survival-Backpack-Full-of-Gear-4-150x150.jpg 150w, https:\/\/isopllc.com\/at\/wp-content\/uploads\/sites\/13\/2023\/01\/Emergency-Survival-Kit-_-Emergency-Survival-Backpack-First-Aid-Equipment-for-Camping-Hiking-Outdoor-_-Survival-Emergency-Tools-for-Any-Occasion-_-Survival-Backpack-Full-of-Gear-4-768x768.jpg 768w, https:\/\/isopllc.com\/at\/wp-content\/uploads\/sites\/13\/2023\/01\/Emergency-Survival-Kit-_-Emergency-Survival-Backpack-First-Aid-Equipment-for-Camping-Hiking-Outdoor-_-Survival-Emergency-Tools-for-Any-Occasion-_-Survival-Backpack-Full-of-Gear-4-416x416.jpg 416w, https:\/\/isopllc.com\/at\/wp-content\/uploads\/sites\/13\/2023\/01\/Emergency-Survival-Kit-_-Emergency-Survival-Backpack-First-Aid-Equipment-for-Camping-Hiking-Outdoor-_-Survival-Emergency-Tools-for-Any-Occasion-_-Survival-Backpack-Full-of-Gear-4-100x100.jpg 100w, https:\/\/isopllc.com\/at\/wp-content\/uploads\/sites\/13\/2023\/01\/Emergency-Survival-Kit-_-Emergency-Survival-Backpack-First-Aid-Equipment-for-Camping-Hiking-Outdoor-_-Survival-Emergency-Tools-for-Any-Occasion-_-Survival-Backpack-Full-of-Gear-4.jpg 900w\" sizes=\"auto, (max-width: 300px) 100vw, 300px\" \/><\/p>\n<h2>Notfall-\u00dcberlebensausr\u00fcstung und Angelausr\u00fcstung<\/h2>\n<p>Mit diesem Survival-Rucksack \u00fcberstehst du eine Naturkatastrophe. Der ideale Campingbegleiter f\u00fcr jede Situation ist dieses Set. Sch\u00fctzen Sie sich in jeder Notsituation. Perfekt f\u00fcr Camping, Wandern, Abenteuer, Survival und im Notfall. Sorgf\u00e4ltig verpackt in einem wasserdichten, leicht zu tragenden Rucksack.<\/p>\n<p><img loading=\"lazy\" decoding=\"async\" class=\"alignnone size-medium wp-image-4802\" src=\"https:\/\/isopllc.com\/at\/wp-content\/uploads\/sites\/13\/2023\/01\/Emergency-Survival-Kit-_-Emergency-Survival-Backpack-First-Aid-Equipment-for-Camping-Hiking-Outdoor-_-Survival-Emergency-Tools-for-Any-Occasion-_-Survival-Backpack-Full-of-Gear-1-300x300.jpg\" alt=\"\" width=\"300\" height=\"300\" srcset=\"https:\/\/isopllc.com\/at\/wp-content\/uploads\/sites\/13\/2023\/01\/Emergency-Survival-Kit-_-Emergency-Survival-Backpack-First-Aid-Equipment-for-Camping-Hiking-Outdoor-_-Survival-Emergency-Tools-for-Any-Occasion-_-Survival-Backpack-Full-of-Gear-1-300x300.jpg 300w, https:\/\/isopllc.com\/at\/wp-content\/uploads\/sites\/13\/2023\/01\/Emergency-Survival-Kit-_-Emergency-Survival-Backpack-First-Aid-Equipment-for-Camping-Hiking-Outdoor-_-Survival-Emergency-Tools-for-Any-Occasion-_-Survival-Backpack-Full-of-Gear-1-150x150.jpg 150w, https:\/\/isopllc.com\/at\/wp-content\/uploads\/sites\/13\/2023\/01\/Emergency-Survival-Kit-_-Emergency-Survival-Backpack-First-Aid-Equipment-for-Camping-Hiking-Outdoor-_-Survival-Emergency-Tools-for-Any-Occasion-_-Survival-Backpack-Full-of-Gear-1-768x768.jpg 768w, https:\/\/isopllc.com\/at\/wp-content\/uploads\/sites\/13\/2023\/01\/Emergency-Survival-Kit-_-Emergency-Survival-Backpack-First-Aid-Equipment-for-Camping-Hiking-Outdoor-_-Survival-Emergency-Tools-for-Any-Occasion-_-Survival-Backpack-Full-of-Gear-1-416x416.jpg 416w, https:\/\/isopllc.com\/at\/wp-content\/uploads\/sites\/13\/2023\/01\/Emergency-Survival-Kit-_-Emergency-Survival-Backpack-First-Aid-Equipment-for-Camping-Hiking-Outdoor-_-Survival-Emergency-Tools-for-Any-Occasion-_-Survival-Backpack-Full-of-Gear-1-100x100.jpg 100w, https:\/\/isopllc.com\/at\/wp-content\/uploads\/sites\/13\/2023\/01\/Emergency-Survival-Kit-_-Emergency-Survival-Backpack-First-Aid-Equipment-for-Camping-Hiking-Outdoor-_-Survival-Emergency-Tools-for-Any-Occasion-_-Survival-Backpack-Full-of-Gear-1.jpg 900w\" sizes=\"auto, (max-width: 300px) 100vw, 300px\" \/><\/p>\n<h2>Camping Wandern Jagd Outdoor-Abenteuer<\/h2>\n<p>Beim Wandern, Camping, Jagen, Angeln, Trekking oder bei Abenteuern tr\u00e4gt es auch zu Ihrer Sicherheit bei. Dieser \u00dcberlebensrucksack wird Ihre Zuneigung genauer vermitteln. Wenn es nicht Ihren Erwartungen entspricht oder Sie irgendwelche Probleme haben, kontaktieren Sie uns bitte und wir helfen Ihnen weiter.<\/p>\n<p><img loading=\"lazy\" decoding=\"async\" class=\"alignnone size-medium wp-image-4798\" src=\"https:\/\/isopllc.com\/at\/wp-content\/uploads\/sites\/13\/2023\/01\/Emergency-Survival-Kit-_-Emergency-Survival-Backpack-First-Aid-Equipment-for-Camping-Hiking-Outdoor-_-Survival-Emergency-Tools-for-Any-Occasion-_-Survival-Backpack-Full-of-Gear-5-300x300.jpg\" alt=\"\" width=\"300\" height=\"300\" srcset=\"https:\/\/isopllc.com\/at\/wp-content\/uploads\/sites\/13\/2023\/01\/Emergency-Survival-Kit-_-Emergency-Survival-Backpack-First-Aid-Equipment-for-Camping-Hiking-Outdoor-_-Survival-Emergency-Tools-for-Any-Occasion-_-Survival-Backpack-Full-of-Gear-5-300x300.jpg 300w, https:\/\/isopllc.com\/at\/wp-content\/uploads\/sites\/13\/2023\/01\/Emergency-Survival-Kit-_-Emergency-Survival-Backpack-First-Aid-Equipment-for-Camping-Hiking-Outdoor-_-Survival-Emergency-Tools-for-Any-Occasion-_-Survival-Backpack-Full-of-Gear-5-150x150.jpg 150w, https:\/\/isopllc.com\/at\/wp-content\/uploads\/sites\/13\/2023\/01\/Emergency-Survival-Kit-_-Emergency-Survival-Backpack-First-Aid-Equipment-for-Camping-Hiking-Outdoor-_-Survival-Emergency-Tools-for-Any-Occasion-_-Survival-Backpack-Full-of-Gear-5-768x768.jpg 768w, https:\/\/isopllc.com\/at\/wp-content\/uploads\/sites\/13\/2023\/01\/Emergency-Survival-Kit-_-Emergency-Survival-Backpack-First-Aid-Equipment-for-Camping-Hiking-Outdoor-_-Survival-Emergency-Tools-for-Any-Occasion-_-Survival-Backpack-Full-of-Gear-5-416x416.jpg 416w, https:\/\/isopllc.com\/at\/wp-content\/uploads\/sites\/13\/2023\/01\/Emergency-Survival-Kit-_-Emergency-Survival-Backpack-First-Aid-Equipment-for-Camping-Hiking-Outdoor-_-Survival-Emergency-Tools-for-Any-Occasion-_-Survival-Backpack-Full-of-Gear-5-100x100.jpg 100w, https:\/\/isopllc.com\/at\/wp-content\/uploads\/sites\/13\/2023\/01\/Emergency-Survival-Kit-_-Emergency-Survival-Backpack-First-Aid-Equipment-for-Camping-Hiking-Outdoor-_-Survival-Emergency-Tools-for-Any-Occasion-_-Survival-Backpack-Full-of-Gear-5.jpg 900w\" sizes=\"auto, (max-width: 300px) 100vw, 300px\" \/><\/p>\n<p>Unser professionelles Notfall-Rucksack-Set beinhaltet: Erste-Hilfe-Set, Handschuhe, \u00dcberlebensarmband, S\u00e4belkarte, Drahts\u00e4ge, Notfalldecke, Notfallzelt, Regenmantel, Taschenlampe, Schaufel, Kampf-Tourniquet, tragbarer Herd, faltbarer Becher, Angelset, Powerbank, Moskito Deckennetz, Sicherheitsnadeln, Mehrzweckmesser, Multifunktionszange, Mehrzweck-G\u00f6ffel, Leuchtstab, Wasserfilter und Wasserbeutel, Gesichtsmaske, Feueranz\u00fcnder, Minitopf, Spiegel, Warnweste, Schwimmarmb\u00e4nder, Kabelbinder.<\/p>\n","protected":false},"excerpt":{"rendered":"<p style=\"text-align: center\">Notfall-\u00dcberlebenskit | Notfall-\u00dcberlebensrucksack und Erste-Hilfe-Ausr\u00fcstung f\u00fcr Camping Wandern im Freien| Survival-Notfallwerkzeuge f\u00fcr jeden Anlass | \u00dcberlebensrucksack voller Ausr\u00fcstung<\/p>\n<p style=\"text-align: center\">KOSTENLOSE LIEFERUNG INNERHALB VON 3-7 TAGEN<\/p>\n<h4 style=\"text-align: center\"><strong>KAUFEN SIE ES AN<\/strong><\/h4>\n<p><a href=\"https:\/\/www.amazon.de\/dp\/B0BPP2F6GJ?ref=myi_title_dp\"><img loading=\"lazy\" decoding=\"async\" class=\"aligncenter wp-image-1040 size-full\" src=\"https:\/\/isopllc.com\/at\/wp-content\/uploads\/sites\/13\/2020\/01\/amazon-button9.png\" alt=\"\" width=\"160\" height=\"59\" \/><\/a><\/p>\n","protected":false},"featured_media":4829,"comment_status":"open","ping_status":"closed","template":"","meta":[],"product_brand":[],"product_cat":[335],"product_tag":[307,308,306],"class_list":{"0":"post-4804","1":"product","2":"type-product","3":"status-publish","4":"has-post-thumbnail","6":"product_cat-rettungs-und-ueberlebenssets","7":"product_tag-notfallrucksack","8":"product_tag-rettungsrucksack","9":"product_tag-ueberlebensrucksack","11":"first","12":"instock","13":"shipping-taxable","14":"purchasable","15":"product-type-simple"},"_links":{"self":[{"href":"https:\/\/isopllc.com\/at\/wp-json\/wp\/v2\/product\/4804","targetHints":{"allow":["GET"]}}],"collection":[{"href":"https:\/\/isopllc.com\/at\/wp-json\/wp\/v2\/product"}],"about":[{"href":"https:\/\/isopllc.com\/at\/wp-json\/wp\/v2\/types\/product"}],"replies":[{"embeddable":true,"href":"https:\/\/isopllc.com\/at\/wp-json\/wp\/v2\/comments?post=4804"}],"wp:featuredmedia":[{"embeddable":true,"href":"https:\/\/isopllc.com\/at\/wp-json\/wp\/v2\/media\/4829"}],"wp:attachment":[{"href":"https:\/\/isopllc.com\/at\/wp-json\/wp\/v2\/media?parent=4804"}],"wp:term":[{"taxonomy":"product_brand","embeddable":true,"href":"https:\/\/isopllc.com\/at\/wp-json\/wp\/v2\/product_brand?post=4804"},{"taxonomy":"product_cat","embeddable":true,"href":"https:\/\/isopllc.com\/at\/wp-json\/wp\/v2\/product_cat?post=4804"},{"taxonomy":"product_tag","embeddable":true,"href":"https:\/\/isopllc.com\/at\/wp-json\/wp\/v2\/product_tag?post=4804"}],"curies":[{"name":"wp","href":"https:\/\/api.w.org\/{rel}","templated":true}]}}