{"id":4848,"date":"2023-06-12T08:45:46","date_gmt":"2023-06-12T08:45:46","guid":{"rendered":"https:\/\/isopllc.com\/at\/?post_type=product&#038;p=4848"},"modified":"2025-07-21T05:26:23","modified_gmt":"2025-07-21T05:26:23","slug":"notausstiegsleiter-3-stoeckig-8-m-mit-karabinern","status":"publish","type":"product","link":"https:\/\/isopllc.com\/at\/product\/notausstiegsleiter-3-stoeckig-8-m-mit-karabinern\/","title":{"rendered":"ISOP Feuerleiter 7,5 m mit Karabinern | Hochwertige Rettungsleiter f\u00fcr Au\u00dfenbereiche"},"content":{"rendered":"<div class=\"celwidget aplus-module module-4 aplus-standard\" data-csa-c-id=\"6mnb1z-9dwrl2-ic24uv-jd1phn\" data-cel-widget=\"aplus-module-4\">\n<div class=\"a-expander-collapsed-height a-row a-expander-container a-expander-partial-collapse-container\" aria-live=\"polite\" data-a-expander-name=\"aplus-module-expander\" data-a-expander-collapsed-height=\"700\">\n<div class=\"a-expander-content a-expander-partial-collapse-content\" aria-expanded=\"false\">\n<div class=\"aplus-module-wrapper apm-fixed-width\">\n<div class=\"apm-spacing\">\n<div class=\"apm-floatleft apm-fixed-width\">\n<div id=\"title_feature_div\" class=\"celwidget\" data-feature-name=\"title\" data-csa-c-id=\"m5t5xw-wzxd1-od319-pyb58o\" data-cel-widget=\"title_feature_div\">\n<div id=\"titleSection\" class=\"a-section a-spacing-none\">\n<div id=\"title_feature_div\" class=\"celwidget\" data-feature-name=\"title\" data-csa-c-id=\"m5t5xw-wzxd1-od319-pyb58o\" data-cel-widget=\"title_feature_div\">\n<div id=\"titleSection\" class=\"a-section a-spacing-none\">\n<div id=\"title_feature_div\" class=\"celwidget\" data-feature-name=\"title\" data-csa-c-type=\"widget\" data-csa-c-content-id=\"title\" data-csa-c-slot-id=\"title_feature_div\" data-csa-c-asin=\"B08LBSSYLB\" data-csa-c-is-in-initial-active-row=\"false\" data-csa-c-id=\"17ru46-17y14b-n67b8m-2oxpt\" data-cel-widget=\"title_feature_div\">\n<div id=\"titleSection\" class=\"a-section a-spacing-none\">\n<div id=\"title_feature_div\" class=\"celwidget\" data-feature-name=\"title\" data-csa-c-type=\"widget\" data-csa-c-content-id=\"title\" data-csa-c-slot-id=\"title_feature_div\" data-csa-c-asin=\"B08MC9LH29\" data-csa-c-is-in-initial-active-row=\"false\" data-csa-c-id=\"analhw-te1xyy-60lyno-20y2gm\" data-cel-widget=\"title_feature_div\">\n<div id=\"titleSection\" class=\"a-section a-spacing-none\">\n<div id=\"title_feature_div\" class=\"celwidget\" data-feature-name=\"title\" data-csa-c-type=\"widget\" data-csa-c-content-id=\"title\" data-csa-c-slot-id=\"title_feature_div\" data-csa-c-asin=\"B09TLDMQBR\" data-csa-c-is-in-initial-active-row=\"false\" data-csa-c-id=\"oha51v-3fel6l-hph8o8-sfkywd\" data-cel-widget=\"title_feature_div\">\n<div id=\"titleSection\" class=\"a-section a-spacing-none\">\n<h2 id=\"title\" class=\"a-size-large a-spacing-none\"><span id=\"productTitle\" class=\"a-size-large product-title-word-break\">ISOP Feuerleiter 7,5 m | Einziehbare Leitern f\u00fcr 2-St\u00f6ckige H\u00e4user | Kompakt &amp; Tragbar | Strickleiter Geeignet f\u00fcr Balkon Flucht | Rettungsleiter<\/span><\/h2>\n<\/div>\n<\/div>\n<\/div>\n<\/div>\n<\/div>\n<\/div>\n<\/div>\n<\/div>\n<\/div>\n<\/div>\n<\/div>\n<\/div>\n<\/div>\n<\/div>\n<\/div>\n<\/div>\n<div class=\"celwidget aplus-module module-9 aplus-standard\" data-csa-c-id=\"kgh8ns-6rdhac-l4uce3-redgno\" data-cel-widget=\"aplus-module-9\">\n<div class=\"a-expander-collapsed-height a-row a-expander-container a-expander-partial-collapse-container\" aria-live=\"polite\" data-a-expander-name=\"aplus-module-expander\" data-a-expander-collapsed-height=\"700\">\n<div class=\"a-expander-content a-expander-partial-collapse-content\" aria-expanded=\"false\">\n<div class=\"aplus-module-wrapper apm-fixed-width\">\n<div class=\"apm-spacing apm-fixed-width\">\n<div class=\"celwidget aplus-module module-2 aplus-standard\" data-csa-c-id=\"czdp8c-vpt42n-ub22e6-8qlfjz\" data-cel-widget=\"aplus-module-2\">\n<div class=\"a-expander-collapsed-height a-row a-expander-container a-expander-partial-collapse-container\" aria-live=\"polite\" data-a-expander-name=\"aplus-module-expander\" data-a-expander-collapsed-height=\"700\">\n<div class=\"a-expander-content a-expander-partial-collapse-content\" aria-expanded=\"false\">\n<div class=\"aplus-module-wrapper apm-floatnone apm-fixed-width\">\n<div class=\"apm-sidemodule apm-spacing\">\n<div class=\"apm-sidemodule-textright\">\n<div class=\"celwidget aplus-module module-9 aplus-standard\">\n<div class=\"a-expander-collapsed-height a-row a-expander-container a-expander-partial-collapse-container\" data-a-expander-name=\"aplus-module-expander\" data-a-expander-collapsed-height=\"700\">\n<div class=\"a-expander-content a-expander-partial-collapse-content\" aria-expanded=\"false\">\n<div class=\"celwidget aplus-module module-9 aplus-standard\" data-csa-c-id=\"kgh8ns-6rdhac-l4uce3-redgno\" data-cel-widget=\"aplus-module-9\">\n<div class=\"a-expander-collapsed-height a-row a-expander-container a-expander-partial-collapse-container\" aria-live=\"polite\" data-a-expander-name=\"aplus-module-expander\" data-a-expander-collapsed-height=\"700\">\n<div class=\"a-expander-content a-expander-partial-collapse-content\" aria-expanded=\"false\">\n<div class=\"aplus-module-wrapper apm-fixed-width\">\n<div class=\"apm-spacing apm-fixed-width\">\n<div class=\"celwidget aplus-module module-9 aplus-standard\" data-csa-c-id=\"6rrkxj-o9oo3p-2dk8kw-v8mrts\" data-cel-widget=\"aplus-module-9\">\n<div class=\"a-expander-collapsed-height a-row a-expander-container a-expander-partial-collapse-container\" aria-live=\"polite\" data-a-expander-name=\"aplus-module-expander\" data-a-expander-collapsed-height=\"700\">\n<div class=\"a-expander-content a-expander-partial-collapse-content\" aria-expanded=\"false\">\n<div class=\"aplus-module-wrapper apm-fixed-width\">\n<div class=\"apm-spacing apm-fixed-width\"><\/div>\n<\/div>\n<\/div>\n<\/div>\n<\/div>\n<div class=\"celwidget aplus-module module-2 aplus-standard\" data-csa-c-id=\"czdp8c-vpt42n-ub22e6-8qlfjz\" data-cel-widget=\"aplus-module-2\">\n<div class=\"a-expander-collapsed-height a-row a-expander-container a-expander-partial-collapse-container\" aria-live=\"polite\" data-a-expander-name=\"aplus-module-expander\" data-a-expander-collapsed-height=\"700\">\n<div class=\"a-expander-content a-expander-partial-collapse-content\" aria-expanded=\"false\">\n<div class=\"aplus-module-wrapper apm-floatnone apm-fixed-width\">\n<div class=\"apm-sidemodule apm-spacing\">\n<div class=\"apm-sidemodule-textright\">\n<div class=\"celwidget aplus-module module-9 aplus-standard\">\n<div class=\"a-expander-collapsed-height a-row a-expander-container a-expander-partial-collapse-container\" data-a-expander-name=\"aplus-module-expander\" data-a-expander-collapsed-height=\"700\">\n<div class=\"a-expander-content a-expander-partial-collapse-content\" aria-expanded=\"false\">\n<div class=\"aplus-module-wrapper apm-fixed-width\">\n<div class=\"apm-spacing apm-fixed-width\">\n<div class=\"celwidget aplus-module module-9 aplus-standard\" data-csa-c-id=\"emkbnl-11vq23-1incdi-lfo9yf\" data-cel-widget=\"aplus-module-9\">\n<div class=\"aplus-module-wrapper apm-fixed-width\">\n<div class=\"apm-spacing apm-fixed-width\">\n<h3 class=\"a-spacing-small\">Warum sollten Sie sich f\u00fcr unsere Feuerleitern entscheiden?<\/h3>\n<p><img decoding=\"async\" class=\"a-spacing-mini\" src=\"https:\/\/m.media-amazon.com\/images\/S\/aplus-media-library-service-media\/94e0f1b0-d713-4663-a172-3e35c4090aaa.__CR0,0,1000,1000_PT0_SX300_V1___.jpg\" alt=\"Gentle to hands\" data-src=\"https:\/\/m.media-amazon.com\/images\/S\/aplus-media-library-service-media\/94e0f1b0-d713-4663-a172-3e35c4090aaa.__CR0,0,1000,1000_PT0_SX300_V1___.jpg\" \/><\/p>\n<h3>Sanft zu den H\u00e4nden<\/h3>\n<p>Bei der Entwicklung dieser Leitern haben wir die M\u00e4ngel unserer Mitbewerber ber\u00fccksichtigt. Die anderen Unternehmen wie First Alert und Kidde beschweren sich h\u00e4ufig dar\u00fcber, dass sich Benutzer beim Benutzen ihrer Leitersprossen die H\u00e4nde schneiden, weil die Aluminiumsprossen scharf sind. Wir haben dies ber\u00fccksichtigt und unsere Leitern haben keine scharfen Ecken und sind sowohl f\u00fcr Erwachsene als auch f\u00fcr Kinder sicher.<\/p>\n<p><img decoding=\"async\" class=\"a-spacing-mini\" src=\"https:\/\/m.media-amazon.com\/images\/S\/aplus-media-library-service-media\/f4a0822e-ae1c-4dd4-9fb4-65b3a55dfe23.__CR0,0,300,300_PT0_SX300_V1___.jpg\" alt=\"Gentle to hands\" data-src=\"https:\/\/m.media-amazon.com\/images\/S\/aplus-media-library-service-media\/f4a0822e-ae1c-4dd4-9fb4-65b3a55dfe23.__CR0,0,300,300_PT0_SX300_V1___.jpg\" \/><\/p>\n<h3>Integrierte Riemen<\/h3>\n<p>Auch hier ist beim Vergleich unserer Leitern mit Wettbewerbern zu beachten, dass unsere Leitern vom oberen Ende bis zum unteren Ende aus einem St\u00fcck Gurtband bestehen, das dank einer speziellen patentierten Technologie bis zu 1200 Pfund (!) aush\u00e4lt. W\u00e4hrend die Gurtleitern der Konkurrenz in Einzelteilen gen\u00e4ht sind, ist dies unserer Meinung nach unzuverl\u00e4ssig.<\/p>\n<p><img decoding=\"async\" class=\"a-spacing-mini\" src=\"https:\/\/m.media-amazon.com\/images\/S\/aplus-media-library-service-media\/1e590bfd-623a-4bb9-8619-39e17e4db234.__CR0,0,1500,1500_PT0_SX300_V1___.jpg\" alt=\"designer bag and carabiners\" data-src=\"https:\/\/m.media-amazon.com\/images\/S\/aplus-media-library-service-media\/1e590bfd-623a-4bb9-8619-39e17e4db234.__CR0,0,1500,1500_PT0_SX300_V1___.jpg\" \/><\/p>\n<h3>Zubeh\u00f6r<\/h3>\n<p>Zu den Leitern geh\u00f6ren verchromte Hochleistungskarabiner mit einer Bruchfestigkeit von 11 KN und eine stilvolle Aufbewahrungstasche.<\/p>\n<p><img decoding=\"async\" class=\"a-spacing-mini\" src=\"https:\/\/m.media-amazon.com\/images\/S\/aplus-media-library-service-media\/31cb1ffe-be10-49a6-9183-b2586ead68f1.__CR0,0,300,300_PT0_SX300_V1___.jpg\" alt=\"For window or balcony\" data-src=\"https:\/\/m.media-amazon.com\/images\/S\/aplus-media-library-service-media\/31cb1ffe-be10-49a6-9183-b2586ead68f1.__CR0,0,300,300_PT0_SX300_V1___.jpg\" \/><\/p>\n<h3>Variation von 2 Gr\u00f6\u00dfen<\/h3>\n<p>Wir bieten unsere Leitern in zwei Gr\u00f6\u00dfen an: Feuerleiter f\u00fcr 2-st\u00f6ckige H\u00e4user und Feuerleiter f\u00fcr 3-st\u00f6ckige H\u00e4user.<\/p>\n<p><img decoding=\"async\" class=\"a-spacing-mini\" src=\"https:\/\/m.media-amazon.com\/images\/S\/aplus-media\/sc\/42cab632-a2d0-40fd-a2dd-280d531bf010.__CR282,0,1000,1000_PT0_SX300_V1___.jpg\" alt=\"For window or balcony\" data-src=\"https:\/\/m.media-amazon.com\/images\/S\/aplus-media\/sc\/42cab632-a2d0-40fd-a2dd-280d531bf010.__CR282,0,1000,1000_PT0_SX300_V1___.jpg\" \/><\/p>\n<\/div>\n<div>\n<h3>Stabilisatoren<\/h3>\n<p>Die Sprossen unserer Leitern verf\u00fcgen \u00fcber Stabilisatoren, die daf\u00fcr sorgen, dass die Leitern nicht fest an der Wand haften, sondern fest an der Wand anliegen und so den Abstieg aus dem zweiten oder dritten Stock erheblich erleichtern.<\/p>\n<h3>Anti-Rutsch-Sprossen<\/h3>\n<p>Ein spezielles Muster auf der Oberfl\u00e4che der Sprossen macht den Abstieg aus der Wohnung bei jedem Wetter rutschfest.<\/p>\n<p><img decoding=\"async\" class=\"a-spacing-mini\" style=\"font-weight: 600\" src=\"https:\/\/m.media-amazon.com\/images\/S\/aplus-media\/sc\/8b1ba6ce-d84f-4314-b98a-95d063fc3e5e.__CR500,0,1000,1000_PT0_SX300_V1___.jpg\" alt=\"For window or balcony\" data-src=\"https:\/\/m.media-amazon.com\/images\/S\/aplus-media\/sc\/8b1ba6ce-d84f-4314-b98a-95d063fc3e5e.__CR500,0,1000,1000_PT0_SX300_V1___.jpg\" \/><\/p>\n<\/div>\n<\/div>\n<div>\n<h3>Wetterfest<\/h3>\n<p>Die spezielle Pulverbeschichtung sch\u00fctzt die Sprossen vor Rost und das Polyestergewebe ist \u00e4u\u00dferst wasser- und schneebest\u00e4ndig, sodass unsere Feuerleitern wetterbest\u00e4ndig sind.<\/p>\n<h3>Zertifiziert<\/h3>\n<p>Unsere Leitern sind im Gegensatz zu allen \u00e4hnlichen auf dem Markt nach der Qualit\u00e4tsnorm EN 131 zertifiziert. Es ist besser, sein Leben einem Produkt anzuvertrauen, das alle notwendigen Tests bestanden hat, als einem etwas g\u00fcnstigeren Artikel, der aus fragw\u00fcrdigem Material besteht.<\/p>\n<p><img loading=\"lazy\" decoding=\"async\" class=\"alignnone size-medium wp-image-5284\" src=\"https:\/\/isopllc.com\/at\/wp-content\/uploads\/sites\/13\/2023\/06\/idk-300x300.jpg\" alt=\"Zertifiziert Feuerleiter 7,5 m mit Karabinern\" width=\"300\" height=\"300\" srcset=\"https:\/\/isopllc.com\/at\/wp-content\/uploads\/sites\/13\/2023\/06\/idk-300x300.jpg 300w, https:\/\/isopllc.com\/at\/wp-content\/uploads\/sites\/13\/2023\/06\/idk-1024x1024.jpg 1024w, https:\/\/isopllc.com\/at\/wp-content\/uploads\/sites\/13\/2023\/06\/idk-150x150.jpg 150w, https:\/\/isopllc.com\/at\/wp-content\/uploads\/sites\/13\/2023\/06\/idk-768x768.jpg 768w, https:\/\/isopllc.com\/at\/wp-content\/uploads\/sites\/13\/2023\/06\/idk-1000x1000.jpg 1000w, https:\/\/isopllc.com\/at\/wp-content\/uploads\/sites\/13\/2023\/06\/idk-416x416.jpg 416w, https:\/\/isopllc.com\/at\/wp-content\/uploads\/sites\/13\/2023\/06\/idk-100x100.jpg 100w, https:\/\/isopllc.com\/at\/wp-content\/uploads\/sites\/13\/2023\/06\/idk.jpg 1080w\" sizes=\"auto, (max-width: 300px) 100vw, 300px\" \/><\/p>\n<h3>Wiederverwendbar<\/h3>\n<p>Unsere Leitern sind wiederverwendbar und lassen sich zudem leicht befestigen. Bei richtiger Lagerung k\u00f6nnen sie jahrelang halten!<\/p>\n<\/div>\n<\/div>\n<div class=\"celwidget aplus-module module-9 aplus-standard\" data-csa-c-id=\"cxy7g4-m6iik-ejevv3-t7eszl\" data-cel-widget=\"aplus-module-9\">\n<div><\/div>\n<\/div>\n<div class=\"celwidget aplus-module module-2 aplus-standard\" data-csa-c-id=\"u15ifx-f00ln-jvos6j-opfbnn\" data-cel-widget=\"aplus-module-2\">\n<div class=\"aplus-module-wrapper apm-floatnone apm-fixed-width\">\n<div class=\"apm-sidemodule apm-spacing\">\n<div class=\"apm-sidemodule-imageleft\"><img decoding=\"async\" class=\"\" src=\"https:\/\/m.media-amazon.com\/images\/S\/aplus-media-library-service-media\/0c3c254d-684e-4313-bc9f-ae4b4b7e7ee7.__CR0,0,300,300_PT0_SX300_V1___.jpg\" alt=\"professional ladder\" data-src=\"https:\/\/m.media-amazon.com\/images\/S\/aplus-media-library-service-media\/0c3c254d-684e-4313-bc9f-ae4b4b7e7ee7.__CR0,0,300,300_PT0_SX300_V1___.jpg\" \/><\/div>\n<div class=\"apm-sidemodule-textright\">\n<h3 class=\"a-spacing-mini\">Professionelles Leiterunternehmen<\/h3>\n<p>Wir empfehlen den Kauf von Leitern bei einem auf Leitern spezialisierten Unternehmen, da es sich um ein Sicherheitsprodukt handelt.<\/p>\n<p>Und ISOP ist eines der wenigen Unternehmen, das aus eigener Fertigung eine gro\u00dfe Auswahl an unterschiedlichen Leitern anbietet.<\/p>\n<p>Ebenfalls erh\u00e4ltlich in <a href=\"https:\/\/isopllc.com\/at\/product\/notausstiegsleiter-2-stoeckig-4-m-mit-karabinern\/\"><strong>4 m.<\/strong><\/a><\/p>\n<\/div>\n<\/div>\n<\/div>\n<\/div>\n<\/div>\n<\/div>\n<\/div>\n<\/div>\n<\/div>\n<\/div>\n<\/div>\n<\/div>\n<\/div>\n<\/div>\n<\/div>\n<\/div>\n<\/div>\n<\/div>\n<\/div>\n<\/div>\n<\/div>\n<\/div>\n<\/div>\n<\/div>\n<\/div>\n<\/div>\n<\/div>\n<\/div>\n<\/div>\n<\/div>\n<\/div>\n<\/div>\n<\/div>\n<\/div>\n","protected":false},"excerpt":{"rendered":"<div class=\"celwidget aplus-module module-4 aplus-standard\" data-csa-c-id=\"6mnb1z-9dwrl2-ic24uv-jd1phn\" data-cel-widget=\"aplus-module-4\">\n<div class=\"a-expander-collapsed-height a-row a-expander-container a-expander-partial-collapse-container\" aria-live=\"polite\" data-a-expander-name=\"aplus-module-expander\" data-a-expander-collapsed-height=\"700\">\n<div class=\"a-expander-content a-expander-partial-collapse-content\" aria-expanded=\"false\">\n<div class=\"aplus-module-wrapper apm-fixed-width\">\n<div class=\"apm-spacing\">\n<div class=\"apm-floatleft apm-fixed-width\">\n<div id=\"title_feature_div\" class=\"celwidget\" data-feature-name=\"title\" data-csa-c-id=\"m5t5xw-wzxd1-od319-pyb58o\" data-cel-widget=\"title_feature_div\">\n<div id=\"titleSection\" class=\"a-section a-spacing-none\">\n<div id=\"title_feature_div\" class=\"celwidget\" data-feature-name=\"title\" data-csa-c-id=\"m5t5xw-wzxd1-od319-pyb58o\" data-cel-widget=\"title_feature_div\">\n<div id=\"titleSection\" class=\"a-section a-spacing-none\">\n<div id=\"title_feature_div\" class=\"celwidget\" data-feature-name=\"title\" data-csa-c-type=\"widget\" data-csa-c-content-id=\"title\" data-csa-c-slot-id=\"title_feature_div\" data-csa-c-asin=\"B08LBSSYLB\" data-csa-c-is-in-initial-active-row=\"false\" data-csa-c-id=\"17ru46-17y14b-n67b8m-2oxpt\" data-cel-widget=\"title_feature_div\">\n<div id=\"titleSection\" class=\"a-section a-spacing-none\">\n<div id=\"title_feature_div\" class=\"celwidget\" data-feature-name=\"title\" data-csa-c-type=\"widget\" data-csa-c-content-id=\"title\" data-csa-c-slot-id=\"title_feature_div\" data-csa-c-asin=\"B08MC9LH29\" data-csa-c-is-in-initial-active-row=\"false\" data-csa-c-id=\"analhw-te1xyy-60lyno-20y2gm\" data-cel-widget=\"title_feature_div\">\n<div id=\"titleSection\" class=\"a-section a-spacing-none\">\n<div id=\"title_feature_div\" class=\"celwidget\" data-feature-name=\"title\" data-csa-c-type=\"widget\" data-csa-c-content-id=\"title\" data-csa-c-slot-id=\"title_feature_div\" data-csa-c-asin=\"B09TLDMQBR\" data-csa-c-is-in-initial-active-row=\"false\" data-csa-c-id=\"oha51v-3fel6l-hph8o8-sfkywd\" data-cel-widget=\"title_feature_div\">\n<div id=\"titleSection\" class=\"a-section a-spacing-none\">\n[embed]https:\/\/youtu.be\/xVIlpHe3gxg[\/embed]\n<p id=\"title\" class=\"a-size-large a-spacing-none\" style=\"text-align: center\"><span id=\"productTitle\" class=\"a-size-large product-title-word-break\">ISOP Feuerleiter 7,5 m | Einziehbare Leitern f\u00fcr 2-St\u00f6ckige H\u00e4user | Kompakt &amp; Tragbar | Strickleiter Geeignet f\u00fcr Balkon Flucht | Rettungsleiter<\/span><\/p>\n<\/div>\n<\/div>\n<\/div>\n<\/div>\n<\/div>\n<\/div>\n<\/div>\n<\/div>\n<\/div>\n<\/div>\n<\/div>\n<\/div>\n<\/div>\n<\/div>\n<\/div>\n<\/div>\n<div class=\"celwidget aplus-module module-9 aplus-standard\" data-csa-c-id=\"kgh8ns-6rdhac-l4uce3-redgno\" data-cel-widget=\"aplus-module-9\">\n<div class=\"a-expander-collapsed-height a-row a-expander-container a-expander-partial-collapse-container\" aria-live=\"polite\" data-a-expander-name=\"aplus-module-expander\" data-a-expander-collapsed-height=\"700\">\n<div class=\"a-expander-content a-expander-partial-collapse-content\" aria-expanded=\"false\">\n<div class=\"aplus-module-wrapper apm-fixed-width\">\n<div class=\"apm-spacing apm-fixed-width\">\n<div class=\"celwidget aplus-module module-9 aplus-standard\" data-csa-c-id=\"6rrkxj-o9oo3p-2dk8kw-v8mrts\" data-cel-widget=\"aplus-module-9\">\n<div class=\"a-expander-collapsed-height a-row a-expander-container a-expander-partial-collapse-container\" aria-live=\"polite\" data-a-expander-name=\"aplus-module-expander\" data-a-expander-collapsed-height=\"700\">\n<div class=\"a-expander-content a-expander-partial-collapse-content\" aria-expanded=\"false\">\n<div class=\"aplus-module-wrapper apm-fixed-width\">\n<div class=\"apm-spacing apm-fixed-width\"><\/div>\n<\/div>\n<\/div>\n<\/div>\n<\/div>\n<\/div>\n<\/div>\n<\/div>\n<\/div>\n<\/div>\n<p style=\"text-align: center\">KOSTENLOSE LIEFERUNG INNERHALB VON 3-7 TAGEN<\/p>\n<h4 style=\"text-align: center\"><strong>KAUFEN SIE ES AN<\/strong><\/h4>\n<p><a href=\"https:\/\/www.amazon.de\/dp\/B09TLDMQBR?ref=myi_title_dp\"><img loading=\"lazy\" decoding=\"async\" class=\"aligncenter wp-image-1040 size-full\" src=\"https:\/\/isopllc.com\/de\/wp-content\/uploads\/sites\/3\/2020\/01\/amazon-button9.png\" alt=\"\" width=\"160\" height=\"59\" \/><\/a><\/p>\n","protected":false},"featured_media":4859,"comment_status":"open","ping_status":"closed","template":"","meta":[],"product_brand":[],"product_cat":[347,344],"product_tag":[301,85,195],"class_list":{"0":"post-4848","1":"product","2":"type-product","3":"status-publish","4":"has-post-thumbnail","6":"product_cat-feuerleitern-3-stoeckig","7":"product_cat-feuerleitern-mit-abstandshaltern","8":"product_tag-notausstiegsleiter","9":"product_tag-rettungsleiter","10":"product_tag-sicherheitsleiter","12":"first","13":"instock","14":"shipping-taxable","15":"purchasable","16":"product-type-simple"},"_links":{"self":[{"href":"https:\/\/isopllc.com\/at\/wp-json\/wp\/v2\/product\/4848","targetHints":{"allow":["GET"]}}],"collection":[{"href":"https:\/\/isopllc.com\/at\/wp-json\/wp\/v2\/product"}],"about":[{"href":"https:\/\/isopllc.com\/at\/wp-json\/wp\/v2\/types\/product"}],"replies":[{"embeddable":true,"href":"https:\/\/isopllc.com\/at\/wp-json\/wp\/v2\/comments?post=4848"}],"wp:featuredmedia":[{"embeddable":true,"href":"https:\/\/isopllc.com\/at\/wp-json\/wp\/v2\/media\/4859"}],"wp:attachment":[{"href":"https:\/\/isopllc.com\/at\/wp-json\/wp\/v2\/media?parent=4848"}],"wp:term":[{"taxonomy":"product_brand","embeddable":true,"href":"https:\/\/isopllc.com\/at\/wp-json\/wp\/v2\/product_brand?post=4848"},{"taxonomy":"product_cat","embeddable":true,"href":"https:\/\/isopllc.com\/at\/wp-json\/wp\/v2\/product_cat?post=4848"},{"taxonomy":"product_tag","embeddable":true,"href":"https:\/\/isopllc.com\/at\/wp-json\/wp\/v2\/product_tag?post=4848"}],"curies":[{"name":"wp","href":"https:\/\/api.w.org\/{rel}","templated":true}]}}