{"id":4899,"date":"2023-07-07T04:30:49","date_gmt":"2023-07-07T04:30:49","guid":{"rendered":"https:\/\/isopllc.com\/at\/?post_type=product&#038;p=4899"},"modified":"2025-07-21T09:01:18","modified_gmt":"2025-07-21T09:01:18","slug":"zweistoeckige-feuerleiter-4-m-mit-abstandsstabilisatoren","status":"publish","type":"product","link":"https:\/\/isopllc.com\/at\/product\/zweistoeckige-feuerleiter-4-m-mit-abstandsstabilisatoren\/","title":{"rendered":"Zweist\u00f6ckige Feuerleiter 4 m mit Abstandsstabilisatoren"},"content":{"rendered":"<div class=\"celwidget aplus-module module-9\" style=\"text-align: center\" data-csa-c-id=\"8qdekw-f2p4k0-r9icce-qoj6p0\" data-cel-widget=\"aplus-module-9\">\n<div class=\"a-expander-collapsed-height a-row a-expander-container a-expander-partial-collapse-container\" aria-live=\"polite\" data-a-expander-name=\"aplus-module-expander\" data-a-expander-collapsed-height=\"700\">\n<div class=\"a-expander-content a-expander-partial-collapse-content\" aria-expanded=\"false\">\n<div class=\"aplus-module-wrapper\">\n<div class=\"apm-spacing apm-fixed-width\">\n<h1 id=\"title\" class=\"a-size-large a-spacing-none\" style=\"text-align: left\"><span id=\"productTitle\" class=\"a-size-large product-title-word-break\">Zweist\u00f6ckige Feuerleiter 4 m mit Abstandsstabilisatoren \u2013 schwer entflammbare Notfall-Strickleiter mit Karabinerhaken \u2013 wiederverwendbar \u2013 Tragf\u00e4higkeit bis zu 900 kg<\/span><\/h1>\n<\/div>\n<\/div>\n<\/div>\n<\/div>\n<\/div>\n<div class=\"celwidget aplus-module module-4\" style=\"text-align: center\" data-csa-c-id=\"r0jyvc-byof08-6y9606-vmksqx\" data-cel-widget=\"aplus-module-4\">\n<div class=\"a-expander-collapsed-height a-row a-expander-container a-expander-partial-collapse-container\" aria-live=\"polite\" data-a-expander-name=\"aplus-module-expander\" data-a-expander-collapsed-height=\"700\">\n<div class=\"a-expander-content a-expander-partial-collapse-content\" aria-expanded=\"false\">\n<div class=\"amp-centerthirdcol-listbox\">\n<div class=\"a-box a-spacing-small a-color-alternate-background apm-listbox amp-centerthirdcol-listbox\">\n<div class=\"a-box-inner\">\n<div class=\"celwidget aplus-module module-12 aplus-standard\">\n<div class=\"a-expander-collapsed-height a-row a-expander-container a-expander-partial-collapse-container\" data-a-expander-name=\"aplus-module-expander\" data-a-expander-collapsed-height=\"360\">\n<div class=\"a-expander-content a-expander-partial-collapse-content\" aria-expanded=\"false\">\n<div class=\"aplus-module-wrapper apm-spacing apm-floatnone apm-fixed-width\">\n<div class=\"apm-sidemodule aplus-module-content\">\n<div class=\"textright apm-hero-text\"><\/div>\n<\/div>\n<\/div>\n<\/div>\n<\/div>\n<\/div>\n<div class=\"celwidget aplus-module module-9 aplus-standard\">\n<div class=\"a-expander-collapsed-height a-row a-expander-container a-expander-partial-collapse-container\" data-a-expander-name=\"aplus-module-expander\" data-a-expander-collapsed-height=\"700\">\n<div class=\"a-expander-content a-expander-partial-collapse-content\" aria-expanded=\"false\">\n<div class=\"aplus-module-wrapper apm-fixed-width\">\n<div class=\"apm-spacing apm-fixed-width\">\n<div class=\"celwidget aplus-module module-9 aplus-standard\">\n<div class=\"a-expander-collapsed-height a-row a-expander-container a-expander-partial-collapse-container\" data-a-expander-name=\"aplus-module-expander\" data-a-expander-collapsed-height=\"700\">\n<div class=\"a-expander-content a-expander-partial-collapse-content\" aria-expanded=\"false\">\n<h3 class=\"a-spacing-small\" style=\"text-align: left\">Warum uns w\u00e4hlen?<\/h3>\n<h4 style=\"text-align: left\"><img loading=\"lazy\" decoding=\"async\" class=\"alignnone wp-image-4785\" src=\"https:\/\/isopllc.com\/usa\/wp-content\/uploads\/sites\/4\/2022\/12\/reflective-rope-ladders.jpg\" alt=\"reflective rope ladder\" width=\"307\" height=\"409\" \/>Patentierte reflektierende Technologie<\/h4>\n<p style=\"text-align: left\">Diese Leiter wurde im Hinblick auf Komfort und Zug\u00e4nglichkeit entwickelt.<\/p>\n<p style=\"text-align: left\">Ein spezieller reflektierender Streifen, der in dieses Nylonseil eingewebt ist, sorgt daf\u00fcr, dass es im Strahl der Taschenlampe gut sichtbar ist, sodass Sie nachts nicht dar\u00fcber stolpern.<\/p>\n<div class=\"celwidget aplus-module module-9 aplus-standard\">\n<div class=\"a-expander-collapsed-height a-row a-expander-container a-expander-partial-collapse-container\" data-a-expander-name=\"aplus-module-expander\" data-a-expander-collapsed-height=\"700\">\n<div class=\"a-expander-content a-expander-partial-collapse-content\" aria-expanded=\"false\">\n<p><img decoding=\"async\" class=\"a-spacing-mini\" src=\"https:\/\/m.media-amazon.com\/images\/S\/aplus-media-library-service-media\/811fc784-e602-432e-9106-11c40b5fca8f.__CR0,0,1000,1000_PT0_SX300_V1___.jpg\" alt=\"reinforced rung cap\" data-src=\"https:\/\/m.media-amazon.com\/images\/S\/aplus-media-library-service-media\/811fc784-e602-432e-9106-11c40b5fca8f.__CR0,0,1000,1000_PT0_SX300_V1___.jpg\" \/><\/p>\n<h4 class=\"a-spacing-mini\" style=\"text-align: left\">Verst\u00e4rkte Sprossenkappen<\/h4>\n<p class=\"aplus-module-wrapper apm-fixed-width\" style=\"text-align: left\">Unsere Kappen sind dicker, gr\u00f6\u00dfer und stabiler. Wie die Praxis gezeigt hat, brechen diese Sprossen unter der Belastung genau an diesen Stellen, daher sind verst\u00e4rkte Kappen f\u00fcr den langen und sicheren Einsatz von Leitern unverzichtbar.<\/p>\n<p><img decoding=\"async\" class=\"a-spacing-mini\" src=\"https:\/\/m.media-amazon.com\/images\/S\/aplus-media-library-service-media\/ee031fb3-8354-45bf-b886-4886ca25315d.__CR0,0,300,300_PT0_SX300_V1___.jpg\" alt=\"ULTRA POWEFUL\" data-src=\"https:\/\/m.media-amazon.com\/images\/S\/aplus-media-library-service-media\/ee031fb3-8354-45bf-b886-4886ca25315d.__CR0,0,300,300_PT0_SX300_V1___.jpg\" \/><\/p>\n<h4 class=\"a-spacing-mini\" style=\"text-align: left\">ULTRA powerful<\/h4>\n<p style=\"text-align: left\">Es gibt keine st\u00e4rkeren und zuverl\u00e4ssigeren Leitern als unsere (getestet!) \u2013 sie tragen 2500 Pfund oder 10 Personen! Selbst Kettenleitern k\u00f6nnen mit dieser Belastbarkeit nicht aufwarten.<\/p>\n<p style=\"text-align: left\"><img loading=\"lazy\" decoding=\"async\" class=\"alignnone wp-image-4734\" src=\"https:\/\/isopllc.com\/usa\/wp-content\/uploads\/sites\/4\/2022\/12\/Stabilizers-for-Fire-Escape-Ladder-3.jpg\" alt=\"Stabilizers for Fire Escape Ladder 3\" width=\"298\" height=\"417\" \/><\/p>\n<h3 class=\"a-spacing-small\" style=\"text-align: left\">Abstandsstabilisatoren | Ein Set mit 10 Paaren wird in einem separaten Paket geliefert<\/h3>\n<p style=\"text-align: left\">Unsere innovativen Stabilisatoren sorgen daf\u00fcr, dass die Leitern stabil an der Wand stehen und erleichtern den Abstieg vom zweiten bis zum f\u00fcnften Stock erheblich.<\/p>\n<p style=\"text-align: left\"><img loading=\"lazy\" decoding=\"async\" class=\"alignnone wp-image-5031\" src=\"https:\/\/isopllc.com\/usa\/wp-content\/uploads\/sites\/4\/2023\/06\/standoff-for-ladder.png\" alt=\"\" width=\"303\" height=\"246\" \/><\/p>\n<p>&nbsp;<\/p>\n<p style=\"text-align: left\">Solide stabile Sprossenstabilisatoren sind leicht und einfach anzubringen. Passend f\u00fcr jede ISOP-Strickleiter. Eine Packung enth\u00e4lt 20 Stabilisatoren, die ausreichen, um an 10 Sprossen befestigt zu werden.<\/p>\n<p><img loading=\"lazy\" decoding=\"async\" class=\"alignnone wp-image-5030\" src=\"https:\/\/isopllc.com\/usa\/wp-content\/uploads\/sites\/4\/2023\/06\/PNG-2.png\" alt=\"\" width=\"327\" height=\"266\" \/><\/p>\n<p style=\"text-align: left\">F\u00fcr einen schnellen Einsatz befestigen Sie die Stabilisatoren vorab an einer Leiter. Abstandsstabilisatoren f\u00fcr Feuerleitern sorgen f\u00fcr mehr Sicherheit beim Abstieg oder Aufstieg. Strickleiterstabilisatoren mit rutschfesten Sprossen sorgen f\u00fcr einen stabileren Abstieg.<\/p>\n<p><img loading=\"lazy\" decoding=\"async\" class=\"alignnone wp-image-4740\" src=\"https:\/\/isopllc.com\/usa\/wp-content\/uploads\/sites\/4\/2022\/12\/Stabilizers-for-Fire-Escape-Ladder-5.jpg\" alt=\"Stabilizers for Fire Escape Ladder 5\" width=\"320\" height=\"222\" \/><\/p>\n<p style=\"text-align: left\">F\u00fcr einen schnellen Einsatz befestigen Sie die Stabilisatoren vorab an einer Leiter.<\/p>\n<p><img loading=\"lazy\" decoding=\"async\" class=\"alignnone wp-image-4733\" src=\"https:\/\/isopllc.com\/usa\/wp-content\/uploads\/sites\/4\/2022\/12\/Stabilizers-for-Fire-Escape-Ladder-2.jpg\" alt=\"Stabilizers for Fire Escape Ladder 2\" width=\"282\" height=\"435\" \/><\/p>\n<p style=\"text-align: left\">Abstandsstabilisatoren f\u00fcr Feuerleitern sorgen f\u00fcr mehr Sicherheit beim Abstieg oder Aufstieg.<\/p>\n<p><img loading=\"lazy\" decoding=\"async\" class=\"alignnone wp-image-4739\" src=\"https:\/\/isopllc.com\/usa\/wp-content\/uploads\/sites\/4\/2022\/12\/Stabilizers-for-Fire-Escape-Ladder-6.jpg\" alt=\"Stabilizers for Fire Escape Ladder 6\" width=\"298\" height=\"242\" \/><\/p>\n<p style=\"text-align: left\">Strickleiterstabilisatoren mit rutschfesten Sprossen sorgen f\u00fcr einen stabileren Abstieg.<\/p>\n<p style=\"text-align: left\"><img decoding=\"async\" class=\"a-spacing-mini\" src=\"https:\/\/m.media-amazon.com\/images\/S\/aplus-media\/sc\/66906d66-df90-4038-8550-d72faf80c38f.__CR0,0,1200,1200_PT0_SX300_V1___.jpg\" alt=\"Multifunction\" data-src=\"https:\/\/m.media-amazon.com\/images\/S\/aplus-media\/sc\/66906d66-df90-4038-8550-d72faf80c38f.__CR0,0,1200,1200_PT0_SX300_V1___.jpg\" \/><\/p>\n<h4 class=\"a-spacing-mini\" style=\"text-align: left\">Multifunktion<\/h4>\n<p style=\"text-align: left\">Kann f\u00fcr verschiedene Zwecke wie Spielplatz, Schaukeln, Baumhaus, Dachboden, Garten, Dach, Dachboden, Bunker, Marine und sogar dekorative Zwecke verwendet werden. Unendliche Vielfalt an Nutzungsm\u00f6glichkeiten.<\/p>\n<p><img decoding=\"async\" class=\"a-spacing-mini\" src=\"https:\/\/m.media-amazon.com\/images\/S\/aplus-media\/sc\/a53251f8-492d-40f3-a9db-2bdd1415646f.__CR1018,0,1260,1260_PT0_SX300_V1___.png\" alt=\"anti-slip\" data-src=\"https:\/\/m.media-amazon.com\/images\/S\/aplus-media\/sc\/a53251f8-492d-40f3-a9db-2bdd1415646f.__CR1018,0,1260,1260_PT0_SX300_V1___.png\" \/><\/p>\n<h4 class=\"a-spacing-mini\" style=\"text-align: left\">Rutschfeste Sprossen<\/h4>\n<p style=\"text-align: left\">Die Sprossen sind achteckig geformt, daher sind sie zuverl\u00e4ssig und nicht rutschig.<\/p>\n<p><img decoding=\"async\" class=\"a-spacing-mini\" src=\"https:\/\/m.media-amazon.com\/images\/S\/aplus-media-library-service-media\/1657651a-3b04-4f8f-8300-ddb668ab5476.__CR0,0,400,400_PT0_SX300_V1___.jpg\" alt=\"Lightweight\" data-src=\"https:\/\/m.media-amazon.com\/images\/S\/aplus-media-library-service-media\/1657651a-3b04-4f8f-8300-ddb668ab5476.__CR0,0,400,400_PT0_SX300_V1___.jpg\" \/><\/p>\n<div class=\"apm-spacing apm-fixed-width\">\n<h4 class=\"a-spacing-mini\" style=\"text-align: left\">Leicht<\/h4>\n<p style=\"text-align: left\">Beispielsweise wiegen 2,5 m nur 2 kg.<\/p>\n<p><img decoding=\"async\" class=\"a-spacing-mini\" src=\"https:\/\/m.media-amazon.com\/images\/S\/aplus-media-library-service-media\/4e4268ea-f325-4435-a292-29bd7abd9c01.__CR0,0,400,400_PT0_SX300_V1___.jpg\" alt=\"Weather resistant\" data-src=\"https:\/\/m.media-amazon.com\/images\/S\/aplus-media-library-service-media\/4e4268ea-f325-4435-a292-29bd7abd9c01.__CR0,0,400,400_PT0_SX300_V1___.jpg\" \/><\/p>\n<h4 class=\"a-spacing-mini\" style=\"text-align: left\">Wetterresistent<\/h4>\n<p style=\"text-align: left\">Fast nie alternde Leitern f\u00fcr jedes Wetter, k\u00f6nnen auch bei Regen nicht besch\u00e4digt werden.<\/p>\n<p><img decoding=\"async\" class=\"a-spacing-mini\" src=\"https:\/\/m.media-amazon.com\/images\/S\/aplus-media-library-service-media\/2b946128-4652-4d13-abea-6ac4f59b6e56.__CR0,0,300,300_PT0_SX300_V1___.jpg\" alt=\"Flame resistant\" data-src=\"https:\/\/m.media-amazon.com\/images\/S\/aplus-media-library-service-media\/2b946128-4652-4d13-abea-6ac4f59b6e56.__CR0,0,300,300_PT0_SX300_V1___.jpg\" \/><\/p>\n<h4 class=\"a-spacing-mini\" style=\"text-align: left\">Feuerresistent<\/h4>\n<p style=\"text-align: left\">Durch die spezielle, nicht brennbare Faserzusammensetzung kann die Leiter einem Feuer einige Zeit standhalten, wir empfehlen jedoch nicht, sie in direktem Feuer zu verwenden.<\/p>\n<p><img decoding=\"async\" class=\"a-spacing-mini\" src=\"https:\/\/m.media-amazon.com\/images\/S\/aplus-media-library-service-media\/7ea4637f-e804-413f-ac03-996786e67981.__CR0,0,300,300_PT0_SX300_V1___.jpg\" alt=\"Reusable\" data-src=\"https:\/\/m.media-amazon.com\/images\/S\/aplus-media-library-service-media\/7ea4637f-e804-413f-ac03-996786e67981.__CR0,0,300,300_PT0_SX300_V1___.jpg\" \/><\/p>\n<h4 class=\"a-spacing-mini\" style=\"text-align: left\">Wiederverwendbar<\/h4>\n<p style=\"text-align: left\">Im Gegensatz zu anderen Aluminiumleitern sind unsere Strickleitern wiederverwendbar.<\/p>\n<p><img decoding=\"async\" class=\"a-spacing-mini\" src=\"https:\/\/m.media-amazon.com\/images\/S\/aplus-media\/sc\/d843778e-92b5-40e7-a239-8e35fcbadff6.__CR0,0,2000,2000_PT0_SX300_V1___.jpg\" alt=\"Different length \" data-src=\"https:\/\/m.media-amazon.com\/images\/S\/aplus-media\/sc\/d843778e-92b5-40e7-a239-8e35fcbadff6.__CR0,0,2000,2000_PT0_SX300_V1___.jpg\" \/><\/p>\n<\/div>\n<\/div>\n<\/div>\n<\/div>\n<div class=\"celwidget aplus-module module-9 aplus-standard\">\n<div class=\"a-expander-collapsed-height a-row a-expander-container a-expander-partial-collapse-container\" data-a-expander-name=\"aplus-module-expander\" data-a-expander-collapsed-height=\"700\">\n<div class=\"a-expander-content a-expander-partial-collapse-content\" aria-expanded=\"false\">\n<h4 class=\"a-spacing-mini\" style=\"text-align: left\">Unterschiedliche L\u00e4nge<\/h4>\n<p style=\"text-align: left\">Erh\u00e4ltlich in 2,5 \/ 4 \/ 5 \/ 8 \/ 10 m f\u00fcr 1- bis 4-st\u00f6ckige H\u00e4user.<\/p>\n<\/div>\n<\/div>\n<\/div>\n<div class=\"celwidget aplus-module module-9 aplus-standard\">\n<div class=\"a-expander-collapsed-height a-row a-expander-container a-expander-partial-collapse-container\" data-a-expander-name=\"aplus-module-expander\" data-a-expander-collapsed-height=\"700\">\n<div class=\"a-expander-content a-expander-partial-collapse-content\" aria-expanded=\"false\">\n<div class=\"aplus-module-wrapper apm-fixed-width\">\n<div class=\"apm-spacing apm-fixed-width\"><img decoding=\"async\" class=\"a-spacing-mini\" src=\"https:\/\/m.media-amazon.com\/images\/S\/aplus-media-library-service-media\/7e929cf8-7d43-486b-bf09-23dd5b161d01.__CR0,0,300,300_PT0_SX300_V1___.jpg\" alt=\"THE BEST\" data-src=\"https:\/\/m.media-amazon.com\/images\/S\/aplus-media-library-service-media\/7e929cf8-7d43-486b-bf09-23dd5b161d01.__CR0,0,300,300_PT0_SX300_V1___.jpg\" \/><\/div>\n<div><\/div>\n<\/div>\n<div>\n<h4 class=\"a-spacing-mini\" style=\"text-align: left\">DER BESTE<\/h4>\n<p style=\"text-align: left\">Es gibt weitere Strickleiter-Angebote, die unserem \u00e4hneln. ABER (!) sie flechten nicht gen\u00fcgend F\u00e4den in die Seile und sparen daran, daher sind die Seile nicht ausreichend dicht bzw. stramm, also nicht zuverl\u00e4ssig.<\/p>\n<\/div>\n<\/div>\n<\/div>\n<\/div>\n<\/div>\n<\/div>\n<\/div>\n<\/div>\n<\/div>\n<\/div>\n<\/div>\n<\/div>\n<div class=\"celwidget aplus-module module-7 aplus-standard\">\n<div class=\"a-expander-collapsed-height a-row a-expander-container a-expander-partial-collapse-container\" data-a-expander-name=\"aplus-module-expander\" data-a-expander-collapsed-height=\"700\">\n<div class=\"a-expander-content a-expander-partial-collapse-content\" aria-expanded=\"false\">\n<div class=\"aplus-module-wrapper apm-fixed-width\">\n<div class=\"apm-spacing apm-wrap\">\n<div class=\"apm-floatleft apm-wrap\">\n<div class=\"apm-leftimage\" style=\"text-align: left\">Auch erh\u00e4ltlich in\u00a0 <a href=\"https:\/\/isopllc.com\/at\/product\/strickleiter-feuerleiter-25-m-mit-stand-off-stabilisatoren\/\"><strong>2,5 m<\/strong><\/a>\u00a0 |\u00a0\u00a0<a href=\"https:\/\/isopllc.com\/at\/product\/7-5-m-sicherheits-strickleiter-mit-stand-off-stabilisatoren\/\"><strong>8 m<\/strong><\/a>\u00a0 |\u00a0 <a href=\"https:\/\/isopllc.com\/at\/product\/sicherheitsleiter-10-m-schwer-entflammbar-mit-abstandsstabilisatoren\/\"><strong>10 m.<\/strong><\/a><\/div>\n<\/div>\n<\/div>\n<\/div>\n<\/div>\n<\/div>\n<\/div>\n<\/div>\n<\/div>\n<\/div>\n<\/div>\n<\/div>\n<\/div>\n","protected":false},"excerpt":{"rendered":"<p id=\"title\" class=\"a-size-large a-spacing-none\" style=\"text-align: center\"><span id=\"productTitle\" class=\"a-size-large product-title-word-break\">Zweist\u00f6ckige Feuerleiter 4 m mit Abstandsstabilisatoren \u2013 schwer entflammbare Notfall-Strickleiter mit Karabinerhaken \u2013 wiederverwendbar \u2013 Tragf\u00e4higkeit bis zu 900 kg<\/span><\/p>\n<p style=\"text-align: center\">KOSTENLOSE LIEFERUNG INNERHALB VON 3-7 TAGEN<\/p>\n<h4 style=\"text-align: center\"><strong>KAUFEN SIE ES AN<\/strong><\/h4>\n<p><a href=\"https:\/\/www.amazon.de\/dp\/B0BM939DD7?ref=myi_title_dp\"><img loading=\"lazy\" decoding=\"async\" class=\"aligncenter wp-image-1040 size-full\" src=\"https:\/\/isopllc.com\/de\/wp-content\/uploads\/sites\/3\/2020\/01\/amazon-button9.png\" alt=\"\" width=\"160\" height=\"59\" \/><\/a><\/p>\n","protected":false},"featured_media":4884,"comment_status":"open","ping_status":"closed","template":"","meta":[],"product_brand":[],"product_cat":[349,348,344,345],"product_tag":[323,195,333],"class_list":{"0":"post-4899","1":"product","2":"type-product","3":"status-publish","4":"has-post-thumbnail","6":"product_cat-feuerleitern-1-stoeckig","7":"product_cat-feuerleitern-2-stoeckig","8":"product_cat-feuerleitern-mit-abstandshaltern","9":"product_cat-strickleitern-als-feuerleiter","10":"product_tag-abstandsstabilisatoren","11":"product_tag-sicherheitsleiter","12":"product_tag-zweistoeckige-feuerleiter","14":"first","15":"instock","16":"shipping-taxable","17":"purchasable","18":"product-type-variable"},"_links":{"self":[{"href":"https:\/\/isopllc.com\/at\/wp-json\/wp\/v2\/product\/4899","targetHints":{"allow":["GET"]}}],"collection":[{"href":"https:\/\/isopllc.com\/at\/wp-json\/wp\/v2\/product"}],"about":[{"href":"https:\/\/isopllc.com\/at\/wp-json\/wp\/v2\/types\/product"}],"replies":[{"embeddable":true,"href":"https:\/\/isopllc.com\/at\/wp-json\/wp\/v2\/comments?post=4899"}],"wp:featuredmedia":[{"embeddable":true,"href":"https:\/\/isopllc.com\/at\/wp-json\/wp\/v2\/media\/4884"}],"wp:attachment":[{"href":"https:\/\/isopllc.com\/at\/wp-json\/wp\/v2\/media?parent=4899"}],"wp:term":[{"taxonomy":"product_brand","embeddable":true,"href":"https:\/\/isopllc.com\/at\/wp-json\/wp\/v2\/product_brand?post=4899"},{"taxonomy":"product_cat","embeddable":true,"href":"https:\/\/isopllc.com\/at\/wp-json\/wp\/v2\/product_cat?post=4899"},{"taxonomy":"product_tag","embeddable":true,"href":"https:\/\/isopllc.com\/at\/wp-json\/wp\/v2\/product_tag?post=4899"}],"curies":[{"name":"wp","href":"https:\/\/api.w.org\/{rel}","templated":true}]}}