{"id":4924,"date":"2023-10-26T15:42:29","date_gmt":"2023-10-26T15:42:29","guid":{"rendered":"https:\/\/isopllc.com\/at\/?post_type=product&#038;p=4924"},"modified":"2025-07-01T10:51:04","modified_gmt":"2025-07-01T10:51:04","slug":"feuer-evakuierungsstation-station-gross","status":"publish","type":"product","link":"https:\/\/isopllc.com\/at\/product\/feuer-evakuierungsstation-station-gross\/","title":{"rendered":"Feuer-Evakuierungsstation Station Gro\u00df | AED-Defibrillator"},"content":{"rendered":"<h1 id=\"title\" class=\"a-size-large a-spacing-none\">Feuer-Evakuierungsstation \u2013 Rote Box f\u00fcr Brandschutzartikel \u2013 mit Haken f\u00fcr L\u00f6schdecke und Feuerl\u00f6scher \u2013 36 * 29 * 17 cm \u2013 Wandschrank<\/h1>\n<p><img loading=\"lazy\" decoding=\"async\" class=\"alignnone wp-image-5043\" src=\"https:\/\/isopllc.com\/usa\/wp-content\/uploads\/sites\/4\/2023\/06\/71dmxhPEm7L._AC_SL1500_.jpg\" alt=\"\" width=\"413\" height=\"397\" \/><\/p>\n<div class=\"a-section a-spacing-none premium-aplus-15-heading\">\n<h1 class=\"premium-aplus-15-heading-text a-text-bold\">Warum glauben wir, dass es besser ist, einen Zugangskasten f\u00fcr die Notleiter zu kaufen?<\/h1>\n<\/div>\n<div class=\"a-section a-spacing-none\">\n<p class=\"description\">Aus mehreren Gr\u00fcnden!<\/p>\n<p>1. Durch die Befestigung der Box an der Wand (unter dem Fenster oder auf dem Balkon) mit Ankern k\u00f6nnen Sie die Leiter sofort an den Ankerschlaufen befestigen und im Notfall einfach die Leiter aus dem Fenster werfen und sofort mit dem Abstieg beginnen ohne kostbare Sekunden im Durcheinander der Suche nach der Anbringungsstelle f\u00fcr die Leiter zu verschwenden.<\/p>\n<p>2. Sie k\u00f6nnen die Box sowohl innerhalb als auch au\u00dferhalb des Hauses anbringen. Im Au\u00dfenbereich liegt der Vorteil darin, dass es zu Hause keinen Platz einnimmt und die Gestaltung des Raumes nicht beeintr\u00e4chtigt, gleichzeitig aber gut zug\u00e4nglich ist, wenn es neben einem Fenster oder auf einem Balkon angebracht wird.<\/p>\n<p>3. Auch von innen ist es praktisch, da man es immer zur Hand hat und die wichtigen lebensrettenden Dinge in Sichtweite hat, sodass man bei einem Brand keine Zeit mit der Suche verschwenden muss.<\/p>\n<p>4. Unserer Meinung nach ist es sehr sicher, die Leitern an den Kletterankern im Inneren des Kastens zu befestigen, da diese einer Belastung von 25 KN standhalten als alles andere in Ihrem Zuhause, einschlie\u00dflich Fensterrahmen oder Balkongitter.<\/p>\n<p><img loading=\"lazy\" decoding=\"async\" class=\"alignnone wp-image-5044\" src=\"https:\/\/isopllc.com\/usa\/wp-content\/uploads\/sites\/4\/2023\/06\/e08f082b-1e10-499b-8698-78d3a32260a7.__CR00800600_PT0_SX800_V1___.jpg\" alt=\"\" width=\"405\" height=\"304\" \/><\/p>\n<h1 class=\"aplus-h1 aplus-module-1-heading a-text-bold\">Die One-Stop-Feuernotrufstation bewahrt alle Ihre Notfallvorr\u00e4te an einem Ort auf<\/h1>\n<ul class=\"a-unordered-list a-vertical\">\n<li>Rote Aluminiumbox mit magnetischer Glast\u00fcr f\u00fcr Feuerevakuierungsleiter 36*29*17 cm<\/li>\n<li>Hardware f\u00fcr die Installation (Montageanker 25KN)<\/li>\n<li>Haken f\u00fcr Feuerl\u00f6scher und Feuerl\u00f6schdecke (an den Seiten der Box)<\/li>\n<\/ul>\n<p><img loading=\"lazy\" decoding=\"async\" class=\"alignnone wp-image-5045\" src=\"https:\/\/isopllc.com\/usa\/wp-content\/uploads\/sites\/4\/2023\/06\/cb120de2-f0e0-46e6-9ca4-ca80dc32f1e5.__CR00800600_PT0_SX800_V1___.jpg\" alt=\"\" width=\"418\" height=\"313\" \/><\/p>\n<h1 class=\"aplus-h1 aplus-module-1-heading a-text-bold\">Aluminiumbox f\u00fcr den Innen- und Au\u00dfenbereich f\u00fcr Feuerleiter, Feuerl\u00f6scher oder Feuerl\u00f6schdecke<\/h1>\n<ul class=\"a-unordered-list a-vertical\">\n<li>Kompaktes Design<\/li>\n<li>Robuste Eisenkonstruktion<\/li>\n<li>Acrylglas (das in Notf\u00e4llen sicherer als Standardglas ist)<\/li>\n<li>Einfache Montage an der Wand<\/li>\n<li>Bei Bedarf leicht zu finden<\/li>\n<\/ul>\n<p><img loading=\"lazy\" decoding=\"async\" class=\"alignnone wp-image-5046\" src=\"https:\/\/isopllc.com\/usa\/wp-content\/uploads\/sites\/4\/2023\/06\/30d1215a-a397-4e25-a9a6-f4f6b8fc8a0a.__CR00800600_PT0_SX800_V1___.jpg\" alt=\"\" width=\"425\" height=\"319\" \/><\/p>\n<h1 class=\"aplus-h1 aplus-module-1-heading a-text-bold\">Feuerleiterschrank aus Eisen<\/h1>\n<p>H\u00e4lt Ihren Feuerl\u00f6scher oder Ihre Fluchtleiter im Notfall leicht zug\u00e4nglich.<\/p>\n<p>Aufgrund seiner kompakten Gr\u00f6\u00dfe &#8211; 36x29x17 cm | Mit seiner 0,04 Zoll d\u00fcnnen und langlebigen Konstruktion eignet sich dieser Schrank ideal f\u00fcr Wohnungen, Eigentumswohnungen und kleine Unternehmen und bietet einen sicheren Ort f\u00fcr die Langzeitlagerung.<\/p>\n<p><img loading=\"lazy\" decoding=\"async\" class=\"alignnone wp-image-5047\" src=\"https:\/\/isopllc.com\/usa\/wp-content\/uploads\/sites\/4\/2023\/06\/6d581a96-7d79-4318-ace2-7057cd2fcdb0.__CR00800600_PT0_SX800_V1___.jpg\" alt=\"\" width=\"443\" height=\"332\" \/><\/p>\n<h1 class=\"aplus-h1 aplus-module-1-heading a-text-bold\">Feuerwehrstation<\/h1>\n<p class=\"aplus-p2 aplus-module-1-description\">F\u00fcr den Fall eines pl\u00f6tzlichen Brandes in Ihrem Zuhause oder Gesch\u00e4ft steht Ihnen ein spezieller Platz f\u00fcr Ihren Feuerl\u00f6scher oder Ihre Leiter zur Verf\u00fcgung, sodass Sie ihn immer griffbereit haben, wenn er am meisten ben\u00f6tigt wird.<\/p>\n<p><img loading=\"lazy\" decoding=\"async\" class=\"alignnone wp-image-4545\" src=\"https:\/\/isopllc.com\/usa\/wp-content\/uploads\/sites\/4\/2021\/12\/Built-In-Fire-Escape-Ladder-2-Story-13ft-Retractable-Ladders-Fire-Ladder-for-Homes-Include-Aluminum-Box-Snap-Hooks-and-2-Anchors-Set6.jpg\" alt=\"\" width=\"427\" height=\"427\" \/><\/p>\n<h1 class=\"aplus-h1 aplus-module-1-heading a-text-bold\">Professioneller Top-Rope-Anker<\/h1>\n<p>Kletterankerschrauben-Set, bestehend aus 2 St\u00fcck Aufh\u00e4ngeplatten und 2 St\u00fcck Dehnschrauben, Bolzenmuttern und Unterlegscheiben. Aufh\u00e4ngeplatten f\u00fcr permanenten Ankerpunkt.<\/p>\n<p>Mit dem Set k\u00f6nnen Sie die Box an einer Wand befestigen. Sie halten nicht nur die Box, sondern verf\u00fcgen auch \u00fcber Befestigungs\u00f6sen f\u00fcr zwei Karabiner, mit denen Sie eine Strickleiter daran einh\u00e4ngen k\u00f6nnen, um vom Fenster herunterzusteigen.<\/p>\n<\/div>\n","protected":false},"excerpt":{"rendered":"[embed]https:\/\/youtu.be\/gUuReQ_k-Uw[\/embed]\n<p id=\"title\" class=\"a-size-large a-spacing-none\" style=\"text-align: center;\">Feuer-Evakuierungsstation \u2013 Rote Box f\u00fcr Brandschutzartikel \u2013 mit Haken f\u00fcr L\u00f6schdecke und Feuerl\u00f6scher \u2013 36 * 29 * 17 cm \u2013 Wandschrank<\/p>\n<p style=\"text-align: center;\">KOSTENLOSE LIEFERUNG INNERHALB VON 3-7 TAGEN<\/p>\n<h4 style=\"text-align: center;\"><strong>KAUFEN SIE ES AN<\/strong><\/h4>\n<p><a href=\"https:\/\/www.amazon.de\/dp\/B0BZYJ6FX6?ref=myi_title_dp\"><img loading=\"lazy\" decoding=\"async\" class=\"aligncenter wp-image-1040 size-full\" src=\"https:\/\/isopllc.com\/de\/wp-content\/uploads\/sites\/3\/2020\/01\/amazon-button9.png\" alt=\"\" width=\"160\" height=\"59\" \/><\/a><\/p>\n<p>&nbsp;<\/p>\n","protected":false},"featured_media":4937,"comment_status":"open","ping_status":"closed","template":"","meta":[],"product_brand":[],"product_cat":[341,339],"product_tag":[209,208,210],"class_list":{"0":"post-4924","1":"product","2":"type-product","3":"status-publish","4":"has-post-thumbnail","6":"product_cat-aufbewahrungsbox-fuer-feuerleitern","7":"product_cat-zubehoer-fuer-feuerleitern","8":"product_tag-aed-defibrillator-station","9":"product_tag-feuer-evakuierungsstation","10":"product_tag-sicherheit","12":"first","13":"instock","14":"shipping-taxable","15":"purchasable","16":"product-type-simple"},"_links":{"self":[{"href":"https:\/\/isopllc.com\/at\/wp-json\/wp\/v2\/product\/4924","targetHints":{"allow":["GET"]}}],"collection":[{"href":"https:\/\/isopllc.com\/at\/wp-json\/wp\/v2\/product"}],"about":[{"href":"https:\/\/isopllc.com\/at\/wp-json\/wp\/v2\/types\/product"}],"replies":[{"embeddable":true,"href":"https:\/\/isopllc.com\/at\/wp-json\/wp\/v2\/comments?post=4924"}],"wp:featuredmedia":[{"embeddable":true,"href":"https:\/\/isopllc.com\/at\/wp-json\/wp\/v2\/media\/4937"}],"wp:attachment":[{"href":"https:\/\/isopllc.com\/at\/wp-json\/wp\/v2\/media?parent=4924"}],"wp:term":[{"taxonomy":"product_brand","embeddable":true,"href":"https:\/\/isopllc.com\/at\/wp-json\/wp\/v2\/product_brand?post=4924"},{"taxonomy":"product_cat","embeddable":true,"href":"https:\/\/isopllc.com\/at\/wp-json\/wp\/v2\/product_cat?post=4924"},{"taxonomy":"product_tag","embeddable":true,"href":"https:\/\/isopllc.com\/at\/wp-json\/wp\/v2\/product_tag?post=4924"}],"curies":[{"name":"wp","href":"https:\/\/api.w.org\/{rel}","templated":true}]}}