{"id":4962,"date":"2023-12-05T16:16:34","date_gmt":"2023-12-05T16:16:34","guid":{"rendered":"https:\/\/isopllc.com\/at\/?post_type=product&#038;p=4962"},"modified":"2025-07-01T10:50:04","modified_gmt":"2025-07-01T10:50:04","slug":"isop-travel-versteckter-taschenguertel-fuer-geld","status":"publish","type":"product","link":"https:\/\/isopllc.com\/at\/product\/isop-travel-versteckter-taschenguertel-fuer-geld\/","title":{"rendered":"ISOP Travel versteckter Tascheng\u00fcrtel f\u00fcr Geld"},"content":{"rendered":"<h1 id=\"title\" class=\"a-size-large a-spacing-none\">ISOP Travel versteckter Tascheng\u00fcrtel f\u00fcr Geld | Ultimative \u00dcberlebenswerkzeuge im Lieferumfang enthalten | Sicherheit Schwarzer G\u00fcrtel &#8211; Bargeld | Sichere Geldb\u00f6rse mit Diebstahlschutz<\/h1>\n<p>Die Nylon-G\u00fcrtel verf\u00fcgt \u00fcber 4 Rei\u00dfverschlusstaschen mit den Gr\u00f6\u00dfen von 11 cm, in denen wir eine S\u00e4belkarte, eine Drahts\u00e4ge, einen Kompass, eine W\u00e4rmedecke, ein Antiseptikum und ausreichend Platz f\u00fcr Ihr Geld und sogar Kreditkarten platziert haben. Im Falle eines \u00dcberfalls bleiben Ihre Karten und Ihr Geld sicher, und die Survival-Werkzeuge k\u00f6nnen Ihr Leben in Notfallsituationen wie dem Verirren beim Wandern, Br\u00e4nden oder Erdbeben retten.<\/p>\n<p>Normalerweise hat man w\u00e4hrend einer Katastrophe keine Zeit, einen speziell vorbereiteten Survival-Rucksack oder ein Erste-Hilfe-Set zu schnappen, aber Ihr G\u00fcrtel ist fast immer bei Ihnen, oder? Daher sind Sie bereits f\u00fcr solche Notfallsituationen ger\u00fcstet. Der G\u00fcrtel wird besonders empfohlen f\u00fcr Reisen, Wandern, Klettern und alle Arten von Outdoor-Abenteuern. Dieser G\u00fcrtel kann auch als Tourniquet verwendet werden.<\/p>\n<p><img loading=\"lazy\" decoding=\"async\" class=\"alignnone size-full wp-image-5230\" src=\"https:\/\/isopllc.com\/usa\/wp-content\/uploads\/sites\/4\/2023\/12\/travel-belt1-1.jpg\" alt=\"travel belt\" width=\"300\" height=\"300\" \/><\/p>\n<p><strong>Sicherheit:<\/strong> Ein G\u00fcrteltasche ist so konzipiert, dass sie eng am K\u00f6rper getragen wird und eine diskrete und sichere M\u00f6glichkeit bietet, Wertgegenst\u00e4nde wie Bargeld, Reisep\u00e4sse und Kreditkarten zu transportieren. Dies reduziert das Risiko von Taschendiebst\u00e4hlen, insbesondere in \u00fcberf\u00fcllten oder touristischen Gebieten.<\/p>\n<p><strong>Freih\u00e4ndige Bequemlichkeit:<\/strong> Im Gegensatz zu traditionellen Geldb\u00f6rsen oder Handtaschen erm\u00f6glicht eine G\u00fcrteltasche Reisenden, freih\u00e4ndig unterwegs zu sein. Dies ist besonders n\u00fctzlich beim Navigieren durch Flugh\u00e4fen, \u00fcberf\u00fcllte Stra\u00dfen oder bei verschiedenen Aktivit\u00e4ten, ohne st\u00e4ndig auf pers\u00f6nliche Gegenst\u00e4nde achten zu m\u00fcssen.<\/p>\n<p><strong>Versteckte Aufbewahrung:<\/strong> Das schlanke Design einer G\u00fcrteltasche erm\u00f6glicht eine versteckte Aufbewahrung unter der Kleidung und bietet eine zus\u00e4tzliche Sicherheitsebene. Sie ist weniger auff\u00e4llig als das Tragen einer traditionellen Geldb\u00f6rse, was es potenziellen Dieben erschwert, sie zu identifizieren und ins Visier zu nehmen.<\/p>\n<p><img loading=\"lazy\" decoding=\"async\" class=\"alignnone size-full wp-image-5231\" src=\"https:\/\/isopllc.com\/usa\/wp-content\/uploads\/sites\/4\/2023\/12\/travel-belt1-2.jpg\" alt=\"Travel belt\" width=\"300\" height=\"300\" \/><\/p>\n<p><strong>Organisation:<\/strong> Viele G\u00fcrteltaschen verf\u00fcgen \u00fcber mehrere F\u00e4cher und Rei\u00dfverschlusstaschen, die eine organisierte Aufbewahrung f\u00fcr verschiedene Gegenst\u00e4nde bieten. Dies hilft Reisenden, ihre Essentials wie Bargeld, Karten und Dokumente ordentlich getrennt und leicht zug\u00e4nglich zu halten.<\/p>\n<p><strong>Angenehm zu tragen:<\/strong> G\u00fcrteltaschen bestehen in der Regel aus leichtem und atmungsaktivem Material, was sie f\u00fcr l\u00e4ngere Zeitr\u00e4ume angenehm zu tragen macht. Dies ist besonders wichtig f\u00fcr Reisende, die neue Ziele erkunden, wo sie sich f\u00fcr l\u00e4ngere Zeitr\u00e4ume fortbewegen k\u00f6nnen.<\/p>\n<p><strong>Vielseitigkeit:<\/strong> G\u00fcrteltaschen sind vielseitig und k\u00f6nnen auf verschiedene Arten getragen werden &#8211; um die Taille, unter der Kleidung oder sogar \u00fcber der Brust. Diese Anpassungsf\u00e4higkeit erm\u00f6glicht es Reisenden, den Stil zu w\u00e4hlen, der ihren Komfort- und Sicherheitspr\u00e4ferenzen entspricht.<\/p>\n<p><img loading=\"lazy\" decoding=\"async\" class=\"alignnone size-full wp-image-5232\" src=\"https:\/\/isopllc.com\/usa\/wp-content\/uploads\/sites\/4\/2023\/12\/travel-belt1-3.jpg\" alt=\"Travel Belt\" width=\"300\" height=\"300\" \/><\/p>\n<div class=\"celwidget aplus-module premium-module-4-two-column-images aplus-premium\" data-csa-c-id=\"15yl7x-eio1n0-m9lh6n-socwzs\" data-cel-widget=\"aplus-premium-module-4-two-column-images\">\n<div class=\"a-section a-spacing-none premium-aplus premium-aplus-module-4 aplus-container-1\">\n<div class=\"a-section a-spacing-none premium-aplus-two-column\">\n<div class=\"a-section a-spacing-none premium-aplus-column\">\n<div class=\"a-section a-spacing-none column-description\">\n<div class=\"celwidget aplus-module module-9 aplus-standard\">\n<div class=\"aplus-module-wrapper\">\n<div class=\"\">\n<p><strong>Reisefreundliches Design:<\/strong> Viele G\u00fcrteltaschen sind mit Blick auf Reisen konzipiert und verf\u00fcgen \u00fcber RFID-Blockierungstechnologie zum Schutz vor elektronischem Diebstahl, strapazierf\u00e4hige Materialien und verstellbare Riemen, um unterschiedliche K\u00f6rperformen zu ber\u00fccksichtigen.<\/p>\n<p><strong>Schneller Zugriff:<\/strong> Mit in einer G\u00fcrteltasche aufbewahrten Gegenst\u00e4nden haben Reisende schnellen und einfachen Zugriff auf das Wesentliche, ohne in einer Tasche herumkramen zu m\u00fcssen. Dies ist besonders vorteilhaft beim Durchlaufen von Flughafensicherheitskontrollen oder bei schnellen Transaktionen.<\/p>\n<p><strong>Sicherheitsgef\u00fchl:<\/strong> Das Tragen einer G\u00fcrteltasche kann Reisenden ein Gef\u00fchl der Sicherheit vermitteln, da sie wissen, dass ihre wichtigen Dokumente und Wertsachen sicher und bequem aufbewahrt sind. Dies verbessert das gesamte Reiseerlebnis, indem der Stress im Zusammenhang mit der \u00dcberwachung von Habseligkeiten minimiert wird.<\/p>\n<p><strong>Diskreter Stil:<\/strong> G\u00fcrteltaschen sind darauf ausgelegt, dezent zu sein und nahtlos mit der Kleidung zu verschmelzen. Dieses Design mit niedrigem Profil erm\u00f6glicht es Reisenden, ein stilvolles und unauff\u00e4lliges Erscheinungsbild zu bewahren, w\u00e4hrend sie das Notwendigste in Reichweite behalten.<\/p>\n<p>Insgesamt ist eine G\u00fcrteltasche ein praktisches und sicheres Accessoire, das das Reiseerlebnis verbessert, indem es eine bequeme und organisierte M\u00f6glichkeit bietet, wichtige Gegenst\u00e4nde zu tragen, w\u00e4hrend das Risiko von Diebstahl minimiert wird.<\/p>\n<\/div>\n<\/div>\n<\/div>\n<\/div>\n<\/div>\n<div class=\"a-section a-spacing-none premium-aplus-column\">\n<div class=\"a-section a-spacing-none column-description\">\n<p class=\"aplus-p3\">\n<\/div>\n<\/div>\n<\/div>\n<\/div>\n<\/div>\n","protected":false},"excerpt":{"rendered":"[embed]https:\/\/youtu.be\/Fn_2lp0dL7o[\/embed]\n<p id=\"title\" class=\"a-size-large a-spacing-none\" style=\"text-align: center;\">ISOP Travel versteckter Tascheng\u00fcrtel f\u00fcr Geld | Ultimative \u00dcberlebenswerkzeuge im Lieferumfang enthalten | Sicherheit Schwarzer G\u00fcrtel &#8211; Bargeld | Sichere Geldb\u00f6rse mit Diebstahlschutz<\/p>\n<p style=\"text-align: center;\">KOSTENLOSE LIEFERUNG INNERHALB VON 3-7 TAGEN<\/p>\n<h4 style=\"text-align: center;\"><strong>KAUFEN SIE ES AN<\/strong><\/h4>\n<p><a href=\"https:\/\/www.amazon.de\/dp\/B0CFH3W3Y8?ref=myi_title_dp&amp;th=1\"><img loading=\"lazy\" decoding=\"async\" class=\"aligncenter wp-image-1040 size-full\" src=\"https:\/\/isopllc.com\/de\/wp-content\/uploads\/sites\/3\/2020\/01\/amazon-button9.png\" alt=\"\" width=\"160\" height=\"59\" \/><\/a><\/p>\n","protected":false},"featured_media":4963,"comment_status":"open","ping_status":"closed","template":"","meta":[],"product_brand":[],"product_cat":[335],"product_tag":[280,281,279],"class_list":{"0":"post-4962","1":"product","2":"type-product","3":"status-publish","4":"has-post-thumbnail","6":"product_cat-rettungs-und-ueberlebenssets","7":"product_tag-reisegeldguertel","8":"product_tag-sicherheitstasche","9":"product_tag-versteckter-taschenguertel","11":"first","12":"instock","13":"shipping-taxable","14":"purchasable","15":"product-type-simple"},"_links":{"self":[{"href":"https:\/\/isopllc.com\/at\/wp-json\/wp\/v2\/product\/4962","targetHints":{"allow":["GET"]}}],"collection":[{"href":"https:\/\/isopllc.com\/at\/wp-json\/wp\/v2\/product"}],"about":[{"href":"https:\/\/isopllc.com\/at\/wp-json\/wp\/v2\/types\/product"}],"replies":[{"embeddable":true,"href":"https:\/\/isopllc.com\/at\/wp-json\/wp\/v2\/comments?post=4962"}],"wp:featuredmedia":[{"embeddable":true,"href":"https:\/\/isopllc.com\/at\/wp-json\/wp\/v2\/media\/4963"}],"wp:attachment":[{"href":"https:\/\/isopllc.com\/at\/wp-json\/wp\/v2\/media?parent=4962"}],"wp:term":[{"taxonomy":"product_brand","embeddable":true,"href":"https:\/\/isopllc.com\/at\/wp-json\/wp\/v2\/product_brand?post=4962"},{"taxonomy":"product_cat","embeddable":true,"href":"https:\/\/isopllc.com\/at\/wp-json\/wp\/v2\/product_cat?post=4962"},{"taxonomy":"product_tag","embeddable":true,"href":"https:\/\/isopllc.com\/at\/wp-json\/wp\/v2\/product_tag?post=4962"}],"curies":[{"name":"wp","href":"https:\/\/api.w.org\/{rel}","templated":true}]}}