{"id":4990,"date":"2023-12-30T15:20:04","date_gmt":"2023-12-30T15:20:04","guid":{"rendered":"https:\/\/isopllc.com\/at\/?post_type=product&#038;p=4990"},"modified":"2025-07-13T08:01:29","modified_gmt":"2025-07-13T08:01:29","slug":"isop-aed-defibrillator-aufbewahrungsschrank","status":"publish","type":"product","link":"https:\/\/isopllc.com\/at\/product\/isop-aed-defibrillator-aufbewahrungsschrank\/","title":{"rendered":"AED-Defibrillator-Aufbewahrungsschrank | AED-Schrank"},"content":{"rendered":"<h1 class=\"a-size-large a-spacing-none\"><span class=\"a-size-large product-title-word-break\">ISOP AED-Defibrillator-Aufbewahrungsschrank | Wandmontierte Erste-Hilfe-Box <\/span><span id=\"productTitle\" class=\"a-size-large product-title-word-break\">| AED-Schrank<\/span><\/h1>\n<p><img loading=\"lazy\" decoding=\"async\" class=\"alignnone wp-image-5252\" src=\"https:\/\/isopllc.com\/usa\/wp-content\/uploads\/sites\/4\/2023\/12\/AED-7.jpg\" alt=\"AED\" width=\"634\" height=\"196\" \/><\/p>\n<div class=\"a-section a-spacing-none aplus-module-section aplus-text-section\">\n<p class=\"description\">Ausgestattet mit Schnappverschl\u00fcssen, um alle AED-Defibrillatoren zu passen, bietet der AED-Schrank sicheren Stauraum f\u00fcr Ihren Defibrillator, bereit zur Verwendung. Die rote Aufschrift &#8222;AED&#8220; macht jeden darauf aufmerksam, befindet sich am Unfallort, vertiefte T\u00fcrgriffe, das ausgekl\u00fcgelte Schnappverschluss-Design erm\u00f6glicht es Ihnen, schnell Leben zu retten. Unser AED-Schrank ist intelligent f\u00fcr schnellen Zugriff konzipiert. Installieren Sie ihn an einem leicht zug\u00e4nglichen Ort, um sicherzustellen, dass der Defibrillator schnell abgerufen werden kann, wenn Sekunden am wichtigsten sind.<\/p>\n<p class=\"description\"><strong><span class=\"a-text-bold\">Universelle Anwendbarkeit:\u00a0<\/span><\/strong>Speziell f\u00fcr den universellen Gebrauch entwickelt, ist dieser AED-Schrank ideal f\u00fcr Krankenh\u00e4user, Kliniken, Rettungsfahrzeuge, Institutionen und verschiedene Umgebungen geeignet. Er erf\u00fcllt die Aufbewahrungsanforderungen f\u00fcr Defibrillatoren, die nur f\u00fcr geschulte Fachleute zug\u00e4nglich sind, und erh\u00f6ht die Sicherheit in vielf\u00e4ltigen Umgebungen.<\/p>\n<p class=\"description\"><strong><span class=\"a-text-bold\">Bequemer Hohlraumgriff:<\/span>\u00a0<\/strong>Mit einem benutzerfreundlichen Hohlraumgriff gew\u00e4hrleistet der AED-Schrank m\u00fchelosen und sofortigen Zugriff auf den gelagerten Defibrillator. Das unverschlossene Design beseitigt Verz\u00f6gerungen beim Erreichen des AED in kritischen Momenten. Investieren Sie in den AED-Schrank f\u00fcr eine nahtlose Kombination von Zug\u00e4nglichkeit, Sicherheit und Transparenz. Steigern Sie Ihre Vorbereitung mit unserer zuverl\u00e4ssigen AED-Aufbewahrungsl\u00f6sung und stellen Sie sicher, dass lebensrettende Ausr\u00fcstung immer griffbereit ist, wenn es darauf ankommt.<\/p>\n<p class=\"description\">Au\u00dferdem kann diese Aluminiumbox als Aufbewahrungsort f\u00fcr verschiedene Arten von Ger\u00e4ten wie eine Feuerleiter, ein Erste-Hilfe-Set und einfach zum Lagern von Waren dienen.<\/p>\n<p class=\"description\"><em><span class=\"a-text-italic\">35,8 x 17,8 x 40 cm | 3.63 KG<\/span><\/em><\/p>\n<p class=\"description\"><em><span class=\"a-text-italic\">Hergestellt aus industrietauglichem Eisen<\/span><\/em><\/p>\n<p class=\"description\"><em><span class=\"a-text-italic\">Transparentes Acrylfenster und rote Elemente zur einfachen Identifizierung<\/span><\/em><\/p>\n<p class=\"description\"><em><span class=\"a-text-italic\">Es gibt vier L\u00f6cher f\u00fcr die Installation auf der R\u00fcckseite der Einheit<\/span><\/em><\/p>\n<p class=\"description\"><em><span class=\"a-text-italic\">Universeller AED-Wandschrank f\u00fcr alle AED-Ger\u00e4te.<\/span><\/em><\/p>\n<p><img loading=\"lazy\" decoding=\"async\" class=\"alignnone wp-image-5253\" src=\"https:\/\/isopllc.com\/usa\/wp-content\/uploads\/sites\/4\/2023\/12\/AED-8.jpg\" alt=\"AED\" width=\"631\" height=\"195\" \/><\/p>\n<p data-start=\"244\" data-end=\"399\"><strong data-start=\"244\" data-end=\"399\">Wandschrank f\u00fcr AED-Defibrillator \u2013 Rostfreier Aufbewahrungsschrank f\u00fcr Innen- und Au\u00dfenbereich, Ideal f\u00fcr Spit\u00e4ler, Firmen &amp; \u00f6ffentliche Einrichtungen<\/strong><\/p>\n<p data-start=\"401\" data-end=\"739\">Dieser hochwertige <strong data-start=\"420\" data-end=\"459\">Wandschrank f\u00fcr AED-Defibrillatoren<\/strong> bietet eine <strong data-start=\"472\" data-end=\"535\">sichere, wetterfeste und rostresistente Aufbewahrungsl\u00f6sung<\/strong>, sowohl im <strong data-start=\"547\" data-end=\"563\">Innenbereich<\/strong> als auch <strong data-start=\"573\" data-end=\"586\">im Freien<\/strong>. Hergestellt aus langlebigem Material mit verst\u00e4rkter Struktur, sch\u00fctzt der Schrank lebensrettende Ger\u00e4te vor Schmutz, Witterung und unbefugtem Zugriff.<\/p>\n<p data-start=\"741\" data-end=\"941\">Ideal f\u00fcr <strong data-start=\"751\" data-end=\"779\">Krankenh\u00e4user (Spit\u00e4ler)<\/strong>, <strong data-start=\"781\" data-end=\"795\">Arztpraxen<\/strong>, <strong data-start=\"797\" data-end=\"812\">B\u00fcrogeb\u00e4ude<\/strong>, <strong data-start=\"814\" data-end=\"830\">Sportst\u00e4tten<\/strong>, <strong data-start=\"832\" data-end=\"843\">Schulen<\/strong> oder <strong data-start=\"849\" data-end=\"871\">\u00f6ffentliche Pl\u00e4tze<\/strong> \u2013 \u00fcberall dort, wo <strong data-start=\"891\" data-end=\"923\">schneller Zugriff im Notfall<\/strong> entscheidend ist.<\/p>\n<p data-start=\"943\" data-end=\"1413\"><strong data-start=\"946\" data-end=\"1006\">G\u00fcnstig erh\u00e4ltlich im Gro\u00dfhandel oder direkt \u00fcber Amazon<\/strong> \u2013 perfekt f\u00fcr Gro\u00dfbestellungen und Wiederverk\u00e4ufer.<br data-start=\"1058\" data-end=\"1061\" \/><strong data-start=\"1063\" data-end=\"1089\">Rostfreie Konstruktion<\/strong> f\u00fcr maximale Haltbarkeit im Au\u00dfenbereich<br data-start=\"1130\" data-end=\"1133\" \/><strong data-start=\"1135\" data-end=\"1173\">Geeignet f\u00fcr Innen- &amp; Au\u00dfeneinsatz<\/strong> \u2013 vielseitige Wandmontage m\u00f6glich<br data-start=\"1207\" data-end=\"1210\" \/><strong data-start=\"1212\" data-end=\"1256\" data-is-only-node=\"\">Standardgr\u00f6\u00dfe f\u00fcr die meisten AED-Ger\u00e4te<\/strong><br data-start=\"1256\" data-end=\"1259\" \/><strong data-start=\"1261\" data-end=\"1303\">Schl\u00fcssel- oder schl\u00fcsselloser Zugriff<\/strong> f\u00fcr unterschiedliche Sicherheitsanforderungen<br data-start=\"1349\" data-end=\"1352\" \/><strong data-start=\"1354\" data-end=\"1413\">Top-Wahl f\u00fcr \u00f6ffentliche AED-Stationen und Notfallzonen<\/strong><\/p>\n<p data-start=\"1415\" data-end=\"1595\">Sichern Sie sich diesen <strong data-start=\"1439\" data-end=\"1491\">qualitativen und dennoch preiswerten AED-Schrank<\/strong> \u2013 ideal f\u00fcr jede Organisation, die auf Sicherheit, Zuverl\u00e4ssigkeit und einfache Installation Wert legt.<\/p>\n<hr data-start=\"1597\" data-end=\"1600\" \/>\n<p data-start=\"1602\" data-end=\"1722\" data-is-last-node=\"\" data-is-only-node=\"\">\n<\/div>\n","protected":false},"excerpt":{"rendered":"[embed]https:\/\/www.youtube.com\/shorts\/M65A5eMPJkk[\/embed]\n<p id=\"title\" class=\"a-size-large a-spacing-none\" style=\"text-align: center;\"><span id=\"productTitle\" class=\"a-size-large product-title-word-break\">ISOP AED-Defibrillator-Aufbewahrungsschrank | Wandmontierte Erste-Hilfe-Box<\/span><\/p>\n<p style=\"text-align: center;\">KOSTENLOSE LIEFERUNG INNERHALB VON 3-7 TAGEN<\/p>\n<h4 style=\"text-align: center;\"><strong>KAUFEN SIE ES AN<\/strong><\/h4>\n<p><a href=\"https:\/\/www.amazon.de\/ISOP-AED-1-AED-Defibrillator-Aufbewahrungsschrank-Wandmontierte-Erste-Hilfe-Box\/dp\/B0CN18ZB44\/ref=sr_1_1?dib=eyJ2IjoiMSJ9.rs1VL2lBEtKE0mLzm_xBFw.13LnqiIijV-Q4RseLdgdAD0iy9qHKfEdvFGHUZeZRd0&amp;dib_tag=se&amp;keywords=AED-Defibrillator-Aufbewahrungsschrank&amp;qid=1705805380&amp;refinements=p_78%3AB0CN18ZB44&amp;sr=8-1\"><img loading=\"lazy\" decoding=\"async\" class=\"aligncenter wp-image-1040 size-full\" src=\"https:\/\/isopllc.com\/at\/wp-content\/uploads\/sites\/13\/2020\/01\/amazon-button9.png\" alt=\"\" width=\"160\" height=\"59\" \/><\/a><\/p>\n","protected":false},"featured_media":5025,"comment_status":"open","ping_status":"closed","template":"","meta":[],"product_brand":[],"product_cat":[341,335,339],"product_tag":[250,251,252],"class_list":{"0":"post-4990","1":"product","2":"type-product","3":"status-publish","4":"has-post-thumbnail","6":"product_cat-aufbewahrungsbox-fuer-feuerleitern","7":"product_cat-rettungs-und-ueberlebenssets","8":"product_cat-zubehoer-fuer-feuerleitern","9":"product_tag-aed-defibrillator-schrank","10":"product_tag-aufbewahrungsschrank","11":"product_tag-sicherheitsschrank","13":"first","14":"instock","15":"shipping-taxable","16":"purchasable","17":"product-type-simple"},"_links":{"self":[{"href":"https:\/\/isopllc.com\/at\/wp-json\/wp\/v2\/product\/4990","targetHints":{"allow":["GET"]}}],"collection":[{"href":"https:\/\/isopllc.com\/at\/wp-json\/wp\/v2\/product"}],"about":[{"href":"https:\/\/isopllc.com\/at\/wp-json\/wp\/v2\/types\/product"}],"replies":[{"embeddable":true,"href":"https:\/\/isopllc.com\/at\/wp-json\/wp\/v2\/comments?post=4990"}],"wp:featuredmedia":[{"embeddable":true,"href":"https:\/\/isopllc.com\/at\/wp-json\/wp\/v2\/media\/5025"}],"wp:attachment":[{"href":"https:\/\/isopllc.com\/at\/wp-json\/wp\/v2\/media?parent=4990"}],"wp:term":[{"taxonomy":"product_brand","embeddable":true,"href":"https:\/\/isopllc.com\/at\/wp-json\/wp\/v2\/product_brand?post=4990"},{"taxonomy":"product_cat","embeddable":true,"href":"https:\/\/isopllc.com\/at\/wp-json\/wp\/v2\/product_cat?post=4990"},{"taxonomy":"product_tag","embeddable":true,"href":"https:\/\/isopllc.com\/at\/wp-json\/wp\/v2\/product_tag?post=4990"}],"curies":[{"name":"wp","href":"https:\/\/api.w.org\/{rel}","templated":true}]}}