{"id":5044,"date":"2024-05-17T06:53:22","date_gmt":"2024-05-17T06:53:22","guid":{"rendered":"https:\/\/isopllc.com\/at\/?post_type=product&#038;p=5044"},"modified":"2025-11-02T08:41:19","modified_gmt":"2025-11-02T08:41:19","slug":"feuerleiter-10-m-3-stoeckig","status":"publish","type":"product","link":"https:\/\/isopllc.com\/at\/product\/feuerleiter-10-m-3-stoeckig\/","title":{"rendered":"Feuerleiter 10 m 3-st\u00f6ckig | Robuste und Wetterfeste Fluchtleiter f\u00fcr Notfall und Rettung"},"content":{"rendered":"<div class=\"celwidget aplus-module module-4 aplus-standard\" data-csa-c-id=\"6mnb1z-9dwrl2-ic24uv-jd1phn\" data-cel-widget=\"aplus-module-4\">\n<div class=\"a-expander-collapsed-height a-row a-expander-container a-expander-partial-collapse-container\" aria-live=\"polite\" data-a-expander-name=\"aplus-module-expander\" data-a-expander-collapsed-height=\"700\">\n<div class=\"a-expander-content a-expander-partial-collapse-content\" aria-expanded=\"false\">\n<div class=\"aplus-module-wrapper apm-fixed-width\">\n<div class=\"apm-spacing\">\n<div class=\"apm-floatleft apm-fixed-width\">\n<div id=\"title_feature_div\" class=\"celwidget\" data-feature-name=\"title\" data-csa-c-id=\"m5t5xw-wzxd1-od319-pyb58o\" data-cel-widget=\"title_feature_div\">\n<div id=\"titleSection\" class=\"a-section a-spacing-none\">\n<div id=\"title_feature_div\" class=\"celwidget\" data-feature-name=\"title\" data-csa-c-id=\"m5t5xw-wzxd1-od319-pyb58o\" data-cel-widget=\"title_feature_div\">\n<div id=\"titleSection\" class=\"a-section a-spacing-none\">\n<h2 id=\"title\" class=\"a-size-large a-spacing-none\" style=\"text-align: left\">Feuerleiter 10 m 3-st\u00f6ckig | Inklusive Anker | Strickleiter-Feuerleiter f\u00fcr H\u00e4user im 3 Stock | Tragbar, faltbar und kompakt | Notleiter geeignet f\u00fcr Balkon &amp; Fenster<\/h2>\n<\/div>\n<\/div>\n<\/div>\n<\/div>\n<\/div>\n<\/div>\n<\/div>\n<\/div>\n<\/div>\n<\/div>\n<div class=\"celwidget aplus-module module-9 aplus-standard\" data-csa-c-id=\"kgh8ns-6rdhac-l4uce3-redgno\" data-cel-widget=\"aplus-module-9\">\n<div class=\"a-expander-collapsed-height a-row a-expander-container a-expander-partial-collapse-container\" aria-live=\"polite\" data-a-expander-name=\"aplus-module-expander\" data-a-expander-collapsed-height=\"700\">\n<div class=\"a-expander-content a-expander-partial-collapse-content\" aria-expanded=\"false\">\n<div class=\"aplus-module-wrapper apm-fixed-width\">\n<div class=\"apm-spacing apm-fixed-width\">\n<div class=\"celwidget aplus-module module-9 aplus-standard\" style=\"text-align: left\" data-csa-c-id=\"6rrkxj-o9oo3p-2dk8kw-v8mrts\" data-cel-widget=\"aplus-module-9\">\n<div class=\"a-expander-collapsed-height a-row a-expander-container a-expander-partial-collapse-container\" aria-live=\"polite\" data-a-expander-name=\"aplus-module-expander\" data-a-expander-collapsed-height=\"700\">\n<div class=\"a-expander-content a-expander-partial-collapse-content\" aria-expanded=\"false\">\n<div class=\"aplus-module-wrapper apm-fixed-width\">\n<div class=\"apm-spacing apm-fixed-width\"><\/div>\n<\/div>\n<\/div>\n<\/div>\n<\/div>\n<div class=\"celwidget aplus-module module-2 aplus-standard\" data-csa-c-id=\"czdp8c-vpt42n-ub22e6-8qlfjz\" data-cel-widget=\"aplus-module-2\">\n<div class=\"a-expander-collapsed-height a-row a-expander-container a-expander-partial-collapse-container\" aria-live=\"polite\" data-a-expander-name=\"aplus-module-expander\" data-a-expander-collapsed-height=\"700\">\n<div class=\"a-expander-content a-expander-partial-collapse-content\" aria-expanded=\"false\">\n<div class=\"aplus-module-wrapper apm-floatnone apm-fixed-width\">\n<div class=\"apm-sidemodule apm-spacing\">\n<div class=\"apm-sidemodule-textright\">\n<div class=\"a-expander-content a-expander-partial-collapse-content\" aria-expanded=\"false\">\n<div class=\"aplus-module-wrapper apm-fixed-width\">\n<div class=\"apm-spacing apm-fixed-width\">\n<div class=\"celwidget aplus-module module-9 aplus-standard\" data-csa-c-id=\"emkbnl-11vq23-1incdi-lfo9yf\" data-cel-widget=\"aplus-module-9\">\n<div class=\"aplus-module-wrapper apm-fixed-width\">\n<div class=\"apm-spacing apm-fixed-width\">\n<div id=\"aplus_feature_div\" class=\"celwidget\" data-feature-name=\"aplus\" data-csa-c-type=\"widget\" data-csa-c-content-id=\"aplus\" data-csa-c-slot-id=\"aplus_feature_div\" data-csa-c-asin=\"\" data-csa-c-is-in-initial-active-row=\"false\" data-csa-c-id=\"ebpnh7-v23cw7-lv803-rp18f9\" data-cel-widget=\"aplus_feature_div\">\n<div id=\"aplus\" class=\"a-section a-spacing-large bucket\">\n<div class=\"aplus-v2 desktop celwidget\" data-csa-c-id=\"322z1i-fsajov-ud7fia-k0knjv\" data-cel-widget=\"aplus\">\n<div class=\"celwidget aplus-module module-9 aplus-standard\" data-csa-c-id=\"e5nyxf-jpncv6-ubo24v-ozeiyw\" data-cel-widget=\"aplus-module-9\">\n<div class=\"aplus-module-wrapper apm-fixed-width\">\n<div class=\"apm-spacing apm-fixed-width\">\n<h3 class=\"a-spacing-small\">Warum sollten Sie sich f\u00fcr unsere Feuerleitern entscheiden?<\/h3>\n<p><img decoding=\"async\" class=\"a-spacing-mini\" src=\"https:\/\/m.media-amazon.com\/images\/S\/aplus-media-library-service-media\/0c3c254d-684e-4313-bc9f-ae4b4b7e7ee7.__CR0,0,300,300_PT0_SX300_V1___.jpg\" alt=\"professional ladder\" data-src=\"https:\/\/m.media-amazon.com\/images\/S\/aplus-media-library-service-media\/0c3c254d-684e-4313-bc9f-ae4b4b7e7ee7.__CR0,0,300,300_PT0_SX300_V1___.jpg\" \/><\/p>\n<h3>Breite Anwendung<\/h3>\n<p>Kann als Feuerleiter oder Notfallleiter verwendet werden; Kann auch als Dachbodenbunker, Dachbodenleiter, Wandleiter und sogar als dauerhafte Leiter usw. dienen.<\/p>\n<p><img decoding=\"async\" class=\"a-spacing-mini\" style=\"font-weight: 600\" src=\"https:\/\/m.media-amazon.com\/images\/S\/aplus-media-library-service-media\/94e0f1b0-d713-4663-a172-3e35c4090aaa.__CR0,0,1000,1000_PT0_SX300_V1___.jpg\" alt=\"Gentle to hands\" data-src=\"https:\/\/m.media-amazon.com\/images\/S\/aplus-media-library-service-media\/94e0f1b0-d713-4663-a172-3e35c4090aaa.__CR0,0,1000,1000_PT0_SX300_V1___.jpg\" \/><\/p>\n<h3>Sanft zu den H\u00e4nden<\/h3>\n<p>Bei der Entwicklung dieser Leitern haben wir die M\u00e4ngel unserer Mitbewerber ber\u00fccksichtigt. Die anderen beschweren sich oft dar\u00fcber, dass sich Benutzer beim Benutzen der Leitersprossen die H\u00e4nde schneiden, weil die Aluminiumsprossen scharf sind. Wir haben dies ber\u00fccksichtigt und unsere Leitern haben keine scharfen Ecken und sind sowohl f\u00fcr Erwachsene als auch f\u00fcr Kinder sicher.<\/p>\n<p><img decoding=\"async\" class=\"a-spacing-mini\" style=\"font-weight: 600\" src=\"https:\/\/m.media-amazon.com\/images\/S\/aplus-media\/sc\/27f9c708-c858-49c0-96f7-815dd0fa4f9a.__CR0,0,1000,1000_PT0_SX300_V1___.jpg\" alt=\"Wide application\" data-src=\"https:\/\/m.media-amazon.com\/images\/S\/aplus-media\/sc\/27f9c708-c858-49c0-96f7-815dd0fa4f9a.__CR0,0,1000,1000_PT0_SX300_V1___.jpg\" \/><\/p>\n<h3>Integrierte Riemen<\/h3>\n<p>Auch hier ist beim Vergleich unserer Leitern mit Wettbewerbern zu beachten, dass unsere Leitern im Gegensatz zu anderen vom oberen Ende bis zum unteren Ende aus einem St\u00fcck Gurtband bestehen, das dank einer speziellen patentierten Technologie bis zu 1200 Pfund (!) aush\u00e4lt. W\u00e4hrend die Gurtleitern der Konkurrenz in Einzelteilen gen\u00e4ht sind, ist dies unserer Meinung nach unzuverl\u00e4ssig.<\/p>\n<p><img decoding=\"async\" class=\"a-spacing-mini\" src=\"https:\/\/m.media-amazon.com\/images\/S\/aplus-media-library-service-media\/0816345a-5da9-4a58-b7e9-417c78f7767b.__CR0,0,300,300_PT0_SX300_V1___.jpg\" alt=\"For window or balcony\" data-src=\"https:\/\/m.media-amazon.com\/images\/S\/aplus-media-library-service-media\/0816345a-5da9-4a58-b7e9-417c78f7767b.__CR0,0,300,300_PT0_SX300_V1___.jpg\" \/><\/p>\n<\/div>\n<div>Wird mit einer Aufbewahrungstasche geliefert.<\/div>\n<div><\/div>\n<div><img decoding=\"async\" class=\"a-spacing-mini\" style=\"font-weight: 600\" src=\"https:\/\/m.media-amazon.com\/images\/S\/aplus-media\/sc\/42cab632-a2d0-40fd-a2dd-280d531bf010.__CR282,0,1000,1000_PT0_SX300_V1___.jpg\" alt=\"For window or balcony\" data-src=\"https:\/\/m.media-amazon.com\/images\/S\/aplus-media\/sc\/42cab632-a2d0-40fd-a2dd-280d531bf010.__CR282,0,1000,1000_PT0_SX300_V1___.jpg\" \/><\/div>\n<\/div>\n<\/div>\n<div><\/div>\n<div class=\"celwidget aplus-module module-9 aplus-standard\" data-csa-c-id=\"e5nyxf-jpncv6-ubo24v-ozeiyw\" data-cel-widget=\"aplus-module-9\">\n<h3>Stabilisatoren<\/h3>\n<p>Die Sprossen unserer Leitern verf\u00fcgen \u00fcber Stabilisatoren, die daf\u00fcr sorgen, dass die Leitern nicht fest an der Wand haften, sondern fest an der Wand anliegen und so den Abstieg aus dem zweiten oder dritten Stock erheblich erleichtern.<\/p>\n<h3>Anti-Rutsch-Sprossen<\/h3>\n<p>Ein spezielles Muster auf der Oberfl\u00e4che der Sprossen macht den Abstieg aus der Wohnung bei jedem Wetter rutschfest.<\/p>\n<p><img decoding=\"async\" class=\"a-spacing-mini\" style=\"font-weight: 600\" src=\"https:\/\/m.media-amazon.com\/images\/S\/aplus-media\/sc\/8b1ba6ce-d84f-4314-b98a-95d063fc3e5e.__CR500,0,1000,1000_PT0_SX300_V1___.jpg\" alt=\"For window or balcony\" data-src=\"https:\/\/m.media-amazon.com\/images\/S\/aplus-media\/sc\/8b1ba6ce-d84f-4314-b98a-95d063fc3e5e.__CR500,0,1000,1000_PT0_SX300_V1___.jpg\" \/><\/p>\n<\/div>\n<h3>Wetterfest<\/h3>\n<p>Die spezielle Pulverbeschichtung sch\u00fctzt die Sprossen vor Rost und das Polyestergewebe ist \u00e4u\u00dferst wasser- und schneebest\u00e4ndig, sodass unsere Feuerleitern wetterbest\u00e4ndig sind.<\/p>\n<h3>Zertifiziert<\/h3>\n<p>Unsere Leitern sind im Gegensatz zu allen \u00e4hnlichen auf dem Markt nach der Qualit\u00e4tsnorm EN 131 zertifiziert. Es ist besser, sein Leben einem Produkt anzuvertrauen, das alle notwendigen Tests bestanden hat, als einem etwas g\u00fcnstigeren Artikel, der aus fragw\u00fcrdigem Material besteht.<\/p>\n<p><img loading=\"lazy\" decoding=\"async\" class=\"alignnone size-medium wp-image-5281\" src=\"https:\/\/isopllc.com\/at\/wp-content\/uploads\/sites\/13\/2024\/05\/14-300x300.jpg\" alt=\"Zertifiziert Feuerleiter 10 m\" width=\"300\" height=\"300\" srcset=\"https:\/\/isopllc.com\/at\/wp-content\/uploads\/sites\/13\/2024\/05\/14-300x300.jpg 300w, https:\/\/isopllc.com\/at\/wp-content\/uploads\/sites\/13\/2024\/05\/14-1024x1024.jpg 1024w, https:\/\/isopllc.com\/at\/wp-content\/uploads\/sites\/13\/2024\/05\/14-150x150.jpg 150w, https:\/\/isopllc.com\/at\/wp-content\/uploads\/sites\/13\/2024\/05\/14-768x768.jpg 768w, https:\/\/isopllc.com\/at\/wp-content\/uploads\/sites\/13\/2024\/05\/14-1000x1000.jpg 1000w, https:\/\/isopllc.com\/at\/wp-content\/uploads\/sites\/13\/2024\/05\/14-416x416.jpg 416w, https:\/\/isopllc.com\/at\/wp-content\/uploads\/sites\/13\/2024\/05\/14-100x100.jpg 100w, https:\/\/isopllc.com\/at\/wp-content\/uploads\/sites\/13\/2024\/05\/14.jpg 1080w\" sizes=\"auto, (max-width: 300px) 100vw, 300px\" \/><\/p>\n<h3>Wiederverwendbar<\/h3>\n<p>Unsere Leitern sind wiederverwendbar und lassen sich im Gegensatz zu anderen Leitern, die entsorgt werden m\u00fcssen, leicht reparieren. Bei richtiger Lagerung k\u00f6nnen sie jahrelang halten!<\/p>\n<div class=\"celwidget aplus-module module-9 aplus-standard\" data-csa-c-id=\"ed8g21-z6tdjn-xdkwve-myvqs7\" data-cel-widget=\"aplus-module-9\">\n<div class=\"aplus-module-wrapper apm-fixed-width\">\n<div class=\"apm-spacing apm-fixed-width\"><\/div>\n<\/div>\n<div><img decoding=\"async\" class=\"a-spacing-mini\" style=\"font-weight: 600\" src=\"https:\/\/m.media-amazon.com\/images\/S\/aplus-media-library-service-media\/69e20463-8535-4185-ad23-2d11f4e0e445.__CR188,0,1125,1125_PT0_SX300_V1___.jpg\" alt=\"carabiners\" data-src=\"https:\/\/m.media-amazon.com\/images\/S\/aplus-media-library-service-media\/69e20463-8535-4185-ad23-2d11f4e0e445.__CR188,0,1125,1125_PT0_SX300_V1___.jpg\" \/><\/div>\n<\/div>\n<\/div>\n<\/div>\n<div>\n<h3>Robuste Karabiner<\/h3>\n<p>Zu den Leitern geh\u00f6ren verchromte Karabiner mit einer Bruchfestigkeit von 11KN.<\/p>\n<p><img decoding=\"async\" class=\"a-spacing-mini\" style=\"font-weight: 600\" src=\"https:\/\/m.media-amazon.com\/images\/S\/aplus-media-library-service-media\/c3b3fb51-597d-4234-91a3-95fb43b58226.__CR0,0,300,300_PT0_SX300_V1___.jpg\" alt=\"ladder\" data-src=\"https:\/\/m.media-amazon.com\/images\/S\/aplus-media-library-service-media\/c3b3fb51-597d-4234-91a3-95fb43b58226.__CR0,0,300,300_PT0_SX300_V1___.jpg\" \/><\/p>\n<\/div>\n<h3>Variation von 3 Gr\u00f6\u00dfen<\/h3>\n<p>Wir bieten unsere Leitern in 3 Gr\u00f6\u00dfen an: Feuerleiter f\u00fcr 2-st\u00f6ckige H\u00e4user und Feuerleiter f\u00fcr 3-4-st\u00f6ckige H\u00e4user.<\/p>\n<div id=\"aplus\" class=\"a-section a-spacing-large bucket\">\n<div class=\"aplus-v2 desktop celwidget\" data-csa-c-id=\"322z1i-fsajov-ud7fia-k0knjv\" data-cel-widget=\"aplus\">\n<div class=\"celwidget aplus-module module-9 aplus-standard\" data-csa-c-id=\"i3wpnb-ql0ty0-e1ad7b-5zlqlt\" data-cel-widget=\"aplus-module-9\">\n<div class=\"aplus-module-wrapper apm-fixed-width\">\n<div class=\"apm-spacing apm-fixed-width\"><img decoding=\"async\" class=\"a-spacing-mini\" style=\"font-weight: 600\" src=\"https:\/\/m.media-amazon.com\/images\/S\/aplus-media-library-service-media\/3e3631ef-bf95-4934-bd5d-2881c8d8d8c7.__CR0,0,300,300_PT0_SX300_V1___.jpg\" alt=\"Climbing anchor bolts set\" data-src=\"https:\/\/m.media-amazon.com\/images\/S\/aplus-media-library-service-media\/3e3631ef-bf95-4934-bd5d-2881c8d8d8c7.__CR0,0,300,300_PT0_SX300_V1___.jpg\" \/><\/div>\n<\/div>\n<div><\/div>\n<div>Kletterankerschrauben-Set, bestehend aus 2 St\u00fcck Aufh\u00e4ngeplatten und 2 St\u00fcck Dehnschrauben. Schraubenmuttern und Unterlegscheiben sind im Lieferumfang enthalten<\/div>\n<div><\/div>\n<\/div>\n<\/div>\n<div><img decoding=\"async\" class=\"a-spacing-mini\" src=\"https:\/\/m.media-amazon.com\/images\/S\/aplus-media-library-service-media\/ac107527-31f7-4d80-b674-40b8002414d7.__CR0,0,300,300_PT0_SX300_V1___.jpg\" alt=\"Climbing anchor bolts set\" data-src=\"https:\/\/m.media-amazon.com\/images\/S\/aplus-media-library-service-media\/ac107527-31f7-4d80-b674-40b8002414d7.__CR0,0,300,300_PT0_SX300_V1___.jpg\" \/><\/div>\n<\/div>\n<div><\/div>\n<\/div>\n<\/div>\n<\/div>\n<\/div>\n<\/div>\n<div>Aufh\u00e4ngeplatten f\u00fcr permanenten Ankerpunkt. Befestigungs\u00f6se f\u00fcr zwei Karabiner.<\/div>\n<div><\/div>\n<\/div>\n<div><img decoding=\"async\" class=\"a-spacing-mini\" style=\"font-weight: 600\" src=\"https:\/\/m.media-amazon.com\/images\/S\/aplus-media-library-service-media\/3536bb7e-bf8c-4956-95aa-18f0bec05cc5.__CR0,0,300,300_PT0_SX300_V1___.jpg\" alt=\"Climbing anchor bolts set\" data-src=\"https:\/\/m.media-amazon.com\/images\/S\/aplus-media-library-service-media\/3536bb7e-bf8c-4956-95aa-18f0bec05cc5.__CR0,0,300,300_PT0_SX300_V1___.jpg\" \/><\/div>\n<div><\/div>\n<div>Hergestellt aus hochwertigem und langlebigem Edelstahlmaterial. Leicht, geeignet zum Bergsteigen, Klettern, H\u00f6hlenforschung und anderen Outdoor-Aktivit\u00e4ten.<\/div>\n<div><\/div>\n<\/div>\n<div>\n<div id=\"aplus_feature_div\" class=\"celwidget\" data-feature-name=\"aplus\" data-csa-c-type=\"widget\" data-csa-c-content-id=\"aplus\" data-csa-c-slot-id=\"aplus_feature_div\" data-csa-c-asin=\"\" data-csa-c-is-in-initial-active-row=\"false\" data-csa-c-id=\"ebpnh7-v23cw7-lv803-rp18f9\" data-cel-widget=\"aplus_feature_div\">\n<p><img loading=\"lazy\" decoding=\"async\" class=\"alignnone wp-image-5273\" src=\"https:\/\/isopllc.com\/de\/wp-content\/uploads\/sites\/3\/2023\/09\/Feuerleiter.png\" alt=\"\" width=\"300\" height=\"300\" \/><\/p>\n<\/div>\n<p>Unsere Leitern sind in allen renommierten Charts vertreten und werden von diesen Herausgebern unter den Top 5 bewertet.<\/p>\n<p>Ebenfalls erh\u00e4ltlich in <a href=\"https:\/\/isopllc.com\/at\/product\/feuerrettungsleiter-4-m-zweistoeckige-haeuser\/\"><strong>4 m<\/strong><\/a> | <a href=\"https:\/\/isopllc.com\/at\/product\/feuerleiter-3-fach-8-m-mit-befestigungsmaterial-kletteranker\/\"><strong>8 m<\/strong><\/a><\/p>\n<\/div>\n<div class=\"a-expander-content a-expander-partial-collapse-content\" aria-expanded=\"false\">\n<div><\/div>\n<\/div>\n<\/div>\n<\/div>\n<\/div>\n<\/div>\n<\/div>\n<\/div>\n<\/div>\n<\/div>\n<\/div>\n<\/div>\n<\/div>\n","protected":false},"excerpt":{"rendered":"[embed]https:\/\/www.youtube.com\/watch?v=xVIlpHe3gxg[\/embed]\n<p class=\"mceTemp\" style=\"text-align: center\"><span class=\"a-size-large product-title-word-break\"><span style=\"vertical-align: inherit\">ISOP Feuerleiter 10 m 3-st\u00f6ckig | Inklusive Anker | Strickleiter-Feuerleiter f\u00fcr H\u00e4user im 4. Stock | Tragbar, faltbar und kompakt | Notleiter geeignet f\u00fcr Balkon &amp; Fenster<\/span><\/span><\/p>\n<p style=\"text-align: center\"><span style=\"vertical-align: inherit\">KOSTENLOSE LIEFERUNG INNERHALB VON 3-7 TAGEN<\/span><\/p>\n<h4 style=\"text-align: center\"><strong><span style=\"vertical-align: inherit\">KAUFEN SIE ES AUF<\/span><\/strong><\/h4>\n<p style=\"text-align: center\"><a href=\"http:\/\/https:\/\/www.amazon.de\/dp\/B09ZLD2RGF\/ref=sr_1_1?dib=eyJ2IjoiMSJ9.gO_QdEmKOtmzyBaSx4v2fQ.2osAb1Cf-SnSalOS_56MoRT6rZ-M0aTMWLTSBJkRUjM&amp;dib_tag=se&amp;keywords=isop%2Bfeuerleitertreppe%2B10m%2B3%2Betagen&amp;qid=1715752013&amp;refinements=p_78%3AB09ZLD2RGF&amp;sr=8-1&amp;ufe=app_do%3Aamzn1.fos.335e368b-29e8-4542-bb58-939a88195e78&amp;th=1\"><img loading=\"lazy\" decoding=\"async\" class=\"aligncenter wp-image-1040 size-full\" src=\"https:\/\/isopllc.com\/de\/wp-content\/uploads\/sites\/3\/2020\/01\/amazon-button9.png\" alt=\"\" width=\"160\" height=\"59\" \/><\/a><\/p>\n","protected":false},"featured_media":5046,"comment_status":"open","ping_status":"closed","template":"","meta":[],"product_brand":[],"product_cat":[346,344,342],"product_tag":[45,85,195],"class_list":{"0":"post-5044","1":"product","2":"type-product","3":"status-publish","4":"has-post-thumbnail","6":"product_cat-feuerleitern-4-stoeckig","7":"product_cat-feuerleitern-mit-abstandshaltern","8":"product_cat-wandleitern","9":"product_tag-feuerleiter","10":"product_tag-rettungsleiter","11":"product_tag-sicherheitsleiter","13":"first","14":"instock","15":"shipping-taxable","16":"purchasable","17":"product-type-simple"},"_links":{"self":[{"href":"https:\/\/isopllc.com\/at\/wp-json\/wp\/v2\/product\/5044","targetHints":{"allow":["GET"]}}],"collection":[{"href":"https:\/\/isopllc.com\/at\/wp-json\/wp\/v2\/product"}],"about":[{"href":"https:\/\/isopllc.com\/at\/wp-json\/wp\/v2\/types\/product"}],"replies":[{"embeddable":true,"href":"https:\/\/isopllc.com\/at\/wp-json\/wp\/v2\/comments?post=5044"}],"wp:featuredmedia":[{"embeddable":true,"href":"https:\/\/isopllc.com\/at\/wp-json\/wp\/v2\/media\/5046"}],"wp:attachment":[{"href":"https:\/\/isopllc.com\/at\/wp-json\/wp\/v2\/media?parent=5044"}],"wp:term":[{"taxonomy":"product_brand","embeddable":true,"href":"https:\/\/isopllc.com\/at\/wp-json\/wp\/v2\/product_brand?post=5044"},{"taxonomy":"product_cat","embeddable":true,"href":"https:\/\/isopllc.com\/at\/wp-json\/wp\/v2\/product_cat?post=5044"},{"taxonomy":"product_tag","embeddable":true,"href":"https:\/\/isopllc.com\/at\/wp-json\/wp\/v2\/product_tag?post=5044"}],"curies":[{"name":"wp","href":"https:\/\/api.w.org\/{rel}","templated":true}]}}