{"id":5097,"date":"2024-08-10T16:45:33","date_gmt":"2024-08-10T16:45:33","guid":{"rendered":"https:\/\/isopllc.com\/at\/?post_type=product&#038;p=5097"},"modified":"2025-11-16T17:20:51","modified_gmt":"2025-11-16T17:20:51","slug":"isop-feuerloescherschrank-aus-kunststoff-klein-fuer-25-kg","status":"publish","type":"product","link":"https:\/\/isopllc.com\/at\/product\/isop-feuerloescherschrank-aus-kunststoff-klein-fuer-25-kg\/","title":{"rendered":"ISOP Feuerl\u00f6scherschrank aus Kunststoff Klein f\u00fcr 2,5 kg"},"content":{"rendered":"<h1 id=\"title\" class=\"a-size-large a-spacing-none\">ISOP Feuerl\u00f6scherschrank aus Kunststoff Klein f\u00fcr 2,5 kg &#8211; Feuerl\u00f6scherbox &#8211; Notfall-Feuerl\u00f6scherbox f\u00fcr den Au\u00dfenbereich Montiert &#8211; Feuerl\u00f6schermontage &#8211; Feuerl\u00f6schergeh\u00e4use &#8211; Box f\u00fcr Feuerl\u00f6scher<\/h1>\n<div class=\"celwidget aplus-module premium-module-4-two-column-images aplus-premium\" data-csa-c-id=\"15yl7x-eio1n0-m9lh6n-socwzs\" data-cel-widget=\"aplus-premium-module-4-two-column-images\">\n<div class=\"a-section a-spacing-none premium-aplus premium-aplus-module-4 aplus-container-1\">\n<div class=\"a-section a-spacing-none premium-aplus-two-column\">\n<div class=\"a-section a-spacing-none premium-aplus-column\">\n<div class=\"a-section a-spacing-none column-description\">\n<div class=\"celwidget aplus-module premium-module-4-two-column-images aplus-premium\">\n<div class=\"a-section a-spacing-none premium-aplus premium-aplus-module-4\">\n<div class=\"a-section a-spacing-none premium-aplus-two-column\">\n<div class=\"a-section a-spacing-none premium-aplus-column\"><\/div>\n<\/div>\n<\/div>\n<\/div>\n<div class=\"celwidget aplus-module premium-module-4-two-column-images aplus-premium\" data-csa-c-id=\"15yl7x-eio1n0-m9lh6n-socwzs\" data-cel-widget=\"aplus-premium-module-4-two-column-images\">\n<div class=\"a-section a-spacing-none premium-aplus premium-aplus-module-4 aplus-container-1\">\n<div class=\"a-section a-spacing-none premium-aplus-two-column\">\n<div class=\"a-section a-spacing-none premium-aplus-column\">\n<div class=\"a-section a-spacing-none column-description\">\n<div class=\"celwidget aplus-module module-9 aplus-standard\">\n<div class=\"aplus-module-wrapper\">\n<div class=\"\">\n<p class=\"a-text-center\"><img loading=\"lazy\" decoding=\"async\" class=\"alignnone size-full wp-image-5095\" src=\"https:\/\/isopllc.com\/at\/wp-content\/uploads\/sites\/13\/2024\/08\/pvs-M-size-1.jpg\" alt=\"Feuerl\u00f6scher Kunststoffbox\" width=\"300\" height=\"300\" srcset=\"https:\/\/isopllc.com\/at\/wp-content\/uploads\/sites\/13\/2024\/08\/pvs-M-size-1.jpg 300w, https:\/\/isopllc.com\/at\/wp-content\/uploads\/sites\/13\/2024\/08\/pvs-M-size-1-150x150.jpg 150w, https:\/\/isopllc.com\/at\/wp-content\/uploads\/sites\/13\/2024\/08\/pvs-M-size-1-100x100.jpg 100w, https:\/\/isopllc.com\/at\/wp-content\/uploads\/sites\/13\/2024\/08\/pvs-M-size-1-60x60.jpg 60w, https:\/\/isopllc.com\/at\/wp-content\/uploads\/sites\/13\/2024\/08\/pvs-M-size-1-90x90.jpg 90w\" sizes=\"auto, (max-width: 300px) 100vw, 300px\" \/><\/p>\n<h4 class=\"a-spacing-mini\">Robuste Konstruktion<\/h4>\n<p class=\"a-spacing-base\">Hergestellt aus hochwertigem, schlagfestem Kunststoff, ist die ISOP PVC Feuerl\u00f6scher Box daf\u00fcr gemacht, herausfordernden Umgebungen standzuhalten. Ihr langlebiges Design sch\u00fctzt Ihren Feuerl\u00f6scher vor physischen Sch\u00e4den, rauen Wetterbedingungen und UV-Strahlung und sorgt daf\u00fcr, dass er \u00fcber die Zeit einsatzbereit und zuverl\u00e4ssig bleibt.<\/p>\n<p>&nbsp;<\/p>\n<p class=\"a-text-center\"><img loading=\"lazy\" decoding=\"async\" class=\"alignnone size-full wp-image-5094\" src=\"https:\/\/isopllc.com\/at\/wp-content\/uploads\/sites\/13\/2024\/08\/pvs-M-size-2.jpg\" alt=\"Feuerl\u00f6scher Kunststoffbox\" width=\"300\" height=\"300\" srcset=\"https:\/\/isopllc.com\/at\/wp-content\/uploads\/sites\/13\/2024\/08\/pvs-M-size-2.jpg 300w, https:\/\/isopllc.com\/at\/wp-content\/uploads\/sites\/13\/2024\/08\/pvs-M-size-2-150x150.jpg 150w, https:\/\/isopllc.com\/at\/wp-content\/uploads\/sites\/13\/2024\/08\/pvs-M-size-2-100x100.jpg 100w, https:\/\/isopllc.com\/at\/wp-content\/uploads\/sites\/13\/2024\/08\/pvs-M-size-2-60x60.jpg 60w, https:\/\/isopllc.com\/at\/wp-content\/uploads\/sites\/13\/2024\/08\/pvs-M-size-2-90x90.jpg 90w\" sizes=\"auto, (max-width: 300px) 100vw, 300px\" \/><\/p>\n<h4 class=\"a-spacing-mini\">Gro\u00dfe Kapazit\u00e4t<\/h4>\n<p class=\"a-spacing-base\">Entwickelt, um gr\u00f6\u00dfere Feuerl\u00f6scher mit 5 kg oder 10 lb zu passen, bietet dieser PVC Feuerl\u00f6scher-Kabinet gen\u00fcgend Platz f\u00fcr eine Vielzahl von Feuerl\u00f6scher-Modellen und -Typen. Die gro\u00dfz\u00fcgige Kapazit\u00e4t garantiert breite Anwendbarkeit und Eignung f\u00fcr unterschiedliche Sicherheitsbed\u00fcrfnisse.<\/p>\n<p>&nbsp;<\/p>\n<p class=\"a-text-center\"><img loading=\"lazy\" decoding=\"async\" class=\"alignnone size-full wp-image-5093\" src=\"https:\/\/isopllc.com\/at\/wp-content\/uploads\/sites\/13\/2024\/08\/pvs-M-size-3.jpg\" alt=\"Feuerl\u00f6scher Kunststoffbox\" width=\"300\" height=\"300\" srcset=\"https:\/\/isopllc.com\/at\/wp-content\/uploads\/sites\/13\/2024\/08\/pvs-M-size-3.jpg 300w, https:\/\/isopllc.com\/at\/wp-content\/uploads\/sites\/13\/2024\/08\/pvs-M-size-3-150x150.jpg 150w, https:\/\/isopllc.com\/at\/wp-content\/uploads\/sites\/13\/2024\/08\/pvs-M-size-3-100x100.jpg 100w, https:\/\/isopllc.com\/at\/wp-content\/uploads\/sites\/13\/2024\/08\/pvs-M-size-3-60x60.jpg 60w, https:\/\/isopllc.com\/at\/wp-content\/uploads\/sites\/13\/2024\/08\/pvs-M-size-3-90x90.jpg 90w\" sizes=\"auto, (max-width: 300px) 100vw, 300px\" \/><\/p>\n<h4 class=\"a-spacing-mini\">M\u00fchelose Installation<\/h4>\n<p class=\"a-spacing-base\">Der PVC Feuerl\u00f6scher-Kabinet verf\u00fcgt \u00fcber vorgebohrte Montagel\u00f6cher f\u00fcr eine einfache und sichere Wandmontage. Der unkomplizierte Installationsprozess stellt sicher, dass Ihr Feuerl\u00f6scher immer an einem optimalen Standort ist, bereit f\u00fcr den sofortigen Zugriff im Notfall.<\/p>\n<p>&nbsp;<\/p>\n<\/div>\n<\/div>\n<\/div>\n<div class=\"celwidget aplus-module module-9 aplus-standard\">\n<div class=\"aplus-module-wrapper\">\n<div class=\"\">\n<p class=\"a-text-center\"><img loading=\"lazy\" decoding=\"async\" class=\"alignnone size-full wp-image-5092\" src=\"https:\/\/isopllc.com\/at\/wp-content\/uploads\/sites\/13\/2024\/08\/pvs-M-size-4.jpg\" alt=\"Feuerl\u00f6scher Kunststoffbox\" width=\"300\" height=\"300\" srcset=\"https:\/\/isopllc.com\/at\/wp-content\/uploads\/sites\/13\/2024\/08\/pvs-M-size-4.jpg 300w, https:\/\/isopllc.com\/at\/wp-content\/uploads\/sites\/13\/2024\/08\/pvs-M-size-4-150x150.jpg 150w, https:\/\/isopllc.com\/at\/wp-content\/uploads\/sites\/13\/2024\/08\/pvs-M-size-4-100x100.jpg 100w, https:\/\/isopllc.com\/at\/wp-content\/uploads\/sites\/13\/2024\/08\/pvs-M-size-4-60x60.jpg 60w, https:\/\/isopllc.com\/at\/wp-content\/uploads\/sites\/13\/2024\/08\/pvs-M-size-4-90x90.jpg 90w\" sizes=\"auto, (max-width: 300px) 100vw, 300px\" \/><\/p>\n<h4 class=\"a-spacing-mini\">Sicher und Zug\u00e4nglich<\/h4>\n<p class=\"a-spacing-base\">Der ISOP PVC Feuerl\u00f6scher-Kabinet ist mit einem robusten Schlossmechanismus ausgestattet, der den Feuerl\u00f6scher fest an seinem Platz h\u00e4lt, um ein versehentliches Verrutschen zu verhindern, w\u00e4hrend er gleichzeitig schnellen und einfachen Zugriff erm\u00f6glicht, wenn n\u00f6tig. Dieses Merkmal sorgt daf\u00fcr, dass der L\u00f6scher sowohl sicher als auch zug\u00e4nglich ist, was die Gesamtsicherheit erh\u00f6ht.<\/p>\n<p>&nbsp;<\/p>\n<p class=\"a-text-center\"><img loading=\"lazy\" decoding=\"async\" class=\"alignnone size-full wp-image-5091\" src=\"https:\/\/isopllc.com\/at\/wp-content\/uploads\/sites\/13\/2024\/08\/pvs-M-size-5.jpg\" alt=\"Feuerl\u00f6scher Kunststoffbox\" width=\"300\" height=\"300\" srcset=\"https:\/\/isopllc.com\/at\/wp-content\/uploads\/sites\/13\/2024\/08\/pvs-M-size-5.jpg 300w, https:\/\/isopllc.com\/at\/wp-content\/uploads\/sites\/13\/2024\/08\/pvs-M-size-5-150x150.jpg 150w, https:\/\/isopllc.com\/at\/wp-content\/uploads\/sites\/13\/2024\/08\/pvs-M-size-5-100x100.jpg 100w, https:\/\/isopllc.com\/at\/wp-content\/uploads\/sites\/13\/2024\/08\/pvs-M-size-5-60x60.jpg 60w, https:\/\/isopllc.com\/at\/wp-content\/uploads\/sites\/13\/2024\/08\/pvs-M-size-5-90x90.jpg 90w\" sizes=\"auto, (max-width: 300px) 100vw, 300px\" \/><\/p>\n<h4 class=\"a-spacing-mini\">Klarer Sichtfenster<\/h4>\n<p class=\"a-spacing-base\">Ein transparentes, splitterfreies Sichtfenster erm\u00f6glicht schnelle visuelle Pr\u00fcfungen des Status des Feuerl\u00f6schers, ohne die PVC Feuerl\u00f6scherkabine \u00f6ffnen zu m\u00fcssen. Dieses praktische Merkmal erlaubt routinem\u00e4\u00dfige Kontrollen und gew\u00e4hrleistet, dass der L\u00f6scher immer einsatzbereit ist.<\/p>\n<p>&nbsp;<\/p>\n<p class=\"a-text-center\"><img loading=\"lazy\" decoding=\"async\" class=\"alignnone size-full wp-image-5090\" src=\"https:\/\/isopllc.com\/at\/wp-content\/uploads\/sites\/13\/2024\/08\/pvs-M-size-6.jpg\" alt=\"Feuerl\u00f6scher Kunststoffbox\" width=\"300\" height=\"300\" srcset=\"https:\/\/isopllc.com\/at\/wp-content\/uploads\/sites\/13\/2024\/08\/pvs-M-size-6.jpg 300w, https:\/\/isopllc.com\/at\/wp-content\/uploads\/sites\/13\/2024\/08\/pvs-M-size-6-150x150.jpg 150w, https:\/\/isopllc.com\/at\/wp-content\/uploads\/sites\/13\/2024\/08\/pvs-M-size-6-100x100.jpg 100w, https:\/\/isopllc.com\/at\/wp-content\/uploads\/sites\/13\/2024\/08\/pvs-M-size-6-60x60.jpg 60w, https:\/\/isopllc.com\/at\/wp-content\/uploads\/sites\/13\/2024\/08\/pvs-M-size-6-90x90.jpg 90w\" sizes=\"auto, (max-width: 300px) 100vw, 300px\" \/><\/p>\n<h4 class=\"a-spacing-mini\">Wetterfest<\/h4>\n<p class=\"a-spacing-base\">Ideal f\u00fcr Au\u00dfenumgebungen, ist der PVC Feuerl\u00f6scher-Kabinet so konzipiert, dass er Ihren Feuerl\u00f6scher vor Regen, Staub und UV-Strahlen sch\u00fctzt. Seine wetterfesten Eigenschaften sorgen daf\u00fcr, dass der L\u00f6scher unabh\u00e4ngig von \u00e4u\u00dferen Einfl\u00fcssen in optimalem Zustand bleibt.<\/p>\n<\/div>\n<\/div>\n<\/div>\n<\/div>\n<\/div>\n<\/div>\n<\/div>\n<\/div>\n<\/div>\n<\/div>\n<\/div>\n<\/div>\n<\/div>\n","protected":false},"excerpt":{"rendered":"[embed]https:\/\/www.youtube.com\/shorts\/_Zq_WWXati8[\/embed]\n<p id=\"title\" class=\"a-size-large a-spacing-none\" style=\"text-align: center\">ISOP Feuerl\u00f6scherschrank aus Kunststoff Klein f\u00fcr 2,5 kg &#8211; Feuerl\u00f6scherbox &#8211; Notfall-Feuerl\u00f6scherbox f\u00fcr den Au\u00dfenbereich Montiert &#8211; Feuerl\u00f6schermontage &#8211; Feuerl\u00f6schergeh\u00e4use &#8211; Box f\u00fcr Feuerl\u00f6scher<\/p>\n<p style=\"text-align: center\">KOSTENLOSE LIEFERUNG INNERHALB VON 3-7 TAGEN<\/p>\n<h4 style=\"text-align: center\"><strong>KAUFEN SIE ES AN<\/strong><\/h4>\n<p><a href=\"https:\/\/www.amazon.de\/dp\/B0D7J7LJ33\/ref=sr_1_1?__mk_de_DE=%C3%85M%C3%85%C5%BD%C3%95%C3%91&amp;dib=eyJ2IjoiMSJ9.hG-I-hkPXbPPgCp4lGqzuw.zYV7vwYOKUAEWVL4jUuC3oykZOFP3Usk_ZiR_pXuZbY&amp;dib_tag=se&amp;keywords=ISOP%20Feuerl%C3%B6scher%20Kunststoffbox&amp;qid=1722949954&amp;s=diy&amp;sr=1-1&amp;th=1\"><img loading=\"lazy\" decoding=\"async\" class=\"aligncenter wp-image-1040 size-full\" src=\"https:\/\/isopllc.com\/at\/wp-content\/uploads\/sites\/13\/2020\/01\/amazon-button9.png\" alt=\"\" width=\"160\" height=\"59\" \/><\/a><\/p>\n","protected":false},"featured_media":5089,"comment_status":"open","ping_status":"closed","template":"","meta":[],"product_brand":[],"product_cat":[334,339],"product_tag":[264,265,252],"class_list":{"0":"post-5097","1":"product","2":"type-product","3":"status-publish","4":"has-post-thumbnail","6":"product_cat-feuerloescherhalterungen","7":"product_cat-zubehoer-fuer-feuerleitern","8":"product_tag-feuerloescherschrank-kunststoff","9":"product_tag-kleinformat","10":"product_tag-sicherheitsschrank","12":"first","13":"instock","14":"shipping-taxable","15":"purchasable","16":"product-type-simple"},"_links":{"self":[{"href":"https:\/\/isopllc.com\/at\/wp-json\/wp\/v2\/product\/5097","targetHints":{"allow":["GET"]}}],"collection":[{"href":"https:\/\/isopllc.com\/at\/wp-json\/wp\/v2\/product"}],"about":[{"href":"https:\/\/isopllc.com\/at\/wp-json\/wp\/v2\/types\/product"}],"replies":[{"embeddable":true,"href":"https:\/\/isopllc.com\/at\/wp-json\/wp\/v2\/comments?post=5097"}],"wp:featuredmedia":[{"embeddable":true,"href":"https:\/\/isopllc.com\/at\/wp-json\/wp\/v2\/media\/5089"}],"wp:attachment":[{"href":"https:\/\/isopllc.com\/at\/wp-json\/wp\/v2\/media?parent=5097"}],"wp:term":[{"taxonomy":"product_brand","embeddable":true,"href":"https:\/\/isopllc.com\/at\/wp-json\/wp\/v2\/product_brand?post=5097"},{"taxonomy":"product_cat","embeddable":true,"href":"https:\/\/isopllc.com\/at\/wp-json\/wp\/v2\/product_cat?post=5097"},{"taxonomy":"product_tag","embeddable":true,"href":"https:\/\/isopllc.com\/at\/wp-json\/wp\/v2\/product_tag?post=5097"}],"curies":[{"name":"wp","href":"https:\/\/api.w.org\/{rel}","templated":true}]}}