{"id":5098,"date":"2024-08-10T16:57:59","date_gmt":"2024-08-10T16:57:59","guid":{"rendered":"https:\/\/isopllc.com\/at\/?post_type=product&#038;p=5098"},"modified":"2025-07-21T08:13:27","modified_gmt":"2025-07-21T08:13:27","slug":"isop-2-stufen-klappleiter-aluminium","status":"publish","type":"product","link":"https:\/\/isopllc.com\/at\/product\/isop-2-stufen-klappleiter-aluminium\/","title":{"rendered":"ISOP 2-Stufen Klappleiter Aluminium | Leichte und Stabile"},"content":{"rendered":"<h1 class=\"a-spacing-small\">ISOP 2-Stufen Klappleiter Aluminium | Wei\u00dfe faltbare Stehleiter zwei Stufen | Rutschsichere Stufen | Langlebig, leicht &amp; kompakt | Stehleiter f\u00fcr Haushalt | Garage oder B\u00fcro<\/h1>\n<div class=\"celwidget aplus-module premium-module-4-two-column-images aplus-premium\" data-csa-c-id=\"15yl7x-eio1n0-m9lh6n-socwzs\" data-cel-widget=\"aplus-premium-module-4-two-column-images\">\n<div class=\"a-section a-spacing-none premium-aplus premium-aplus-module-4 aplus-container-1\">\n<div class=\"a-section a-spacing-none premium-aplus-two-column\">\n<div class=\"a-section a-spacing-none premium-aplus-column\">\n<div class=\"a-section a-spacing-none column-description\">\n<div class=\"celwidget aplus-module premium-module-4-two-column-images aplus-premium\">\n<div class=\"a-section a-spacing-none premium-aplus premium-aplus-module-4\">\n<div class=\"a-section a-spacing-none premium-aplus-two-column\">\n<div class=\"a-section a-spacing-none premium-aplus-column\"><\/div>\n<\/div>\n<\/div>\n<\/div>\n<div class=\"celwidget aplus-module premium-module-4-two-column-images aplus-premium\" data-csa-c-id=\"15yl7x-eio1n0-m9lh6n-socwzs\" data-cel-widget=\"aplus-premium-module-4-two-column-images\">\n<div class=\"a-section a-spacing-none premium-aplus premium-aplus-module-4 aplus-container-1\">\n<div class=\"a-section a-spacing-none premium-aplus-two-column\">\n<div class=\"a-section a-spacing-none premium-aplus-column\">\n<div class=\"a-section a-spacing-none column-description\">\n<div class=\"celwidget aplus-module module-9 aplus-standard\">\n<div class=\"aplus-module-wrapper\">\n<div class=\"\"><\/div>\n<\/div>\n<\/div>\n<div class=\"celwidget aplus-module module-9 aplus-standard\">\n<div class=\"aplus-module-wrapper\">\n<div class=\"\">\n<p class=\"a-text-center\"><img loading=\"lazy\" decoding=\"async\" class=\"alignnone size-full wp-image-5116\" src=\"https:\/\/isopllc.com\/at\/wp-content\/uploads\/sites\/13\/2024\/08\/stepp-ladder-2-steps-1.jpg\" alt=\"Klappleiter Aluminium\" width=\"300\" height=\"300\" srcset=\"https:\/\/isopllc.com\/at\/wp-content\/uploads\/sites\/13\/2024\/08\/stepp-ladder-2-steps-1.jpg 300w, https:\/\/isopllc.com\/at\/wp-content\/uploads\/sites\/13\/2024\/08\/stepp-ladder-2-steps-1-150x150.jpg 150w, https:\/\/isopllc.com\/at\/wp-content\/uploads\/sites\/13\/2024\/08\/stepp-ladder-2-steps-1-100x100.jpg 100w, https:\/\/isopllc.com\/at\/wp-content\/uploads\/sites\/13\/2024\/08\/stepp-ladder-2-steps-1-60x60.jpg 60w, https:\/\/isopllc.com\/at\/wp-content\/uploads\/sites\/13\/2024\/08\/stepp-ladder-2-steps-1-90x90.jpg 90w\" sizes=\"auto, (max-width: 300px) 100vw, 300px\" \/><\/p>\n<p class=\"a-spacing-base\">Die ISOP 2-Stufen Klappleiter ist die perfekte Erg\u00e4nzung f\u00fcr jeden Haushalt, jede Garage oder jedes B\u00fcro. Diese wei\u00dfe faltbare Leiter besteht aus hochwertigem Aluminium, was sie langlebig, leicht und kompakt f\u00fcr einfache Lagerung und Transport macht. Mit rutschsicheren Stufen k\u00f6nnen Sie sich beim Benutzen dieser zweistufigen Leiter sicher und wohl f\u00fchlen.<\/p>\n<p>&nbsp;<\/p>\n<p class=\"a-text-center\"><img loading=\"lazy\" decoding=\"async\" class=\"alignnone size-full wp-image-5115\" src=\"https:\/\/isopllc.com\/at\/wp-content\/uploads\/sites\/13\/2024\/08\/stepp-ladder-2-steps-2.jpg\" alt=\"Klappleiter Aluminium\" width=\"300\" height=\"300\" srcset=\"https:\/\/isopllc.com\/at\/wp-content\/uploads\/sites\/13\/2024\/08\/stepp-ladder-2-steps-2.jpg 300w, https:\/\/isopllc.com\/at\/wp-content\/uploads\/sites\/13\/2024\/08\/stepp-ladder-2-steps-2-150x150.jpg 150w, https:\/\/isopllc.com\/at\/wp-content\/uploads\/sites\/13\/2024\/08\/stepp-ladder-2-steps-2-100x100.jpg 100w, https:\/\/isopllc.com\/at\/wp-content\/uploads\/sites\/13\/2024\/08\/stepp-ladder-2-steps-2-60x60.jpg 60w, https:\/\/isopllc.com\/at\/wp-content\/uploads\/sites\/13\/2024\/08\/stepp-ladder-2-steps-2-90x90.jpg 90w\" sizes=\"auto, (max-width: 300px) 100vw, 300px\" \/><\/p>\n<p class=\"a-spacing-base\">Die robuste Konstruktion sorgt f\u00fcr Stabilit\u00e4t und Sicherheit, w\u00e4hrend Sie nach Artikeln auf hohen Regalen greifen, Gl\u00fchbirnen wechseln oder Haushaltsaufgaben erledigen. Diese Stehleiter ist f\u00fcr Komfort und Benutzerfreundlichkeit konzipiert, mit einem einfachen Faltmechanismus, der eine schnelle und einfache Montage und Demontage erm\u00f6glicht. Die kompakte Gr\u00f6\u00dfe macht sie ideal f\u00fcr kleine R\u00e4ume und eine einfache Lagerung, wenn sie nicht verwendet wird.<\/p>\n<p>&nbsp;<\/p>\n<p class=\"a-text-center\"><img loading=\"lazy\" decoding=\"async\" class=\"alignnone size-full wp-image-5114\" src=\"https:\/\/isopllc.com\/at\/wp-content\/uploads\/sites\/13\/2024\/08\/stepp-ladder-2-steps-3.jpeg\" alt=\"Klappleiter Aluminium\" width=\"300\" height=\"300\" srcset=\"https:\/\/isopllc.com\/at\/wp-content\/uploads\/sites\/13\/2024\/08\/stepp-ladder-2-steps-3.jpeg 300w, https:\/\/isopllc.com\/at\/wp-content\/uploads\/sites\/13\/2024\/08\/stepp-ladder-2-steps-3-150x150.jpeg 150w, https:\/\/isopllc.com\/at\/wp-content\/uploads\/sites\/13\/2024\/08\/stepp-ladder-2-steps-3-100x100.jpeg 100w, https:\/\/isopllc.com\/at\/wp-content\/uploads\/sites\/13\/2024\/08\/stepp-ladder-2-steps-3-60x60.jpeg 60w, https:\/\/isopllc.com\/at\/wp-content\/uploads\/sites\/13\/2024\/08\/stepp-ladder-2-steps-3-90x90.jpeg 90w\" sizes=\"auto, (max-width: 300px) 100vw, 300px\" \/><\/p>\n<p class=\"a-spacing-base\">Ob Sie eine zuverl\u00e4ssige Leiter f\u00fcr allt\u00e4gliche Aufgaben im Haus ben\u00f6tigen oder eine tragbare Option f\u00fcr unterwegs, die ISOP 2-Stufen Klappleiter ist eine vielseitige und praktische L\u00f6sung. R\u00fcsten Sie Ihr Zuhause oder Ihren Arbeitsplatz mit dieser funktionalen und stilvollen Leiter noch heute auf.<\/p>\n<\/div>\n<\/div>\n<\/div>\n<\/div>\n<\/div>\n<\/div>\n<\/div>\n<\/div>\n<\/div>\n<\/div>\n<\/div>\n<\/div>\n<\/div>\n","protected":false},"excerpt":{"rendered":"<p class=\"a-spacing-small\" style=\"text-align: center\">ISOP 2-Stufen Klappleiter Aluminium | Wei\u00dfe faltbare Stehleiter zwei Stufen | Rutschsichere Stufen | Langlebig, leicht &amp; kompakt | Stehleiter f\u00fcr Haushalt | Garage oder B\u00fcro<\/p>\n<p style=\"text-align: center\">KOSTENLOSE LIEFERUNG INNERHALB VON 3-7 TAGEN<\/p>\n<h4 style=\"text-align: center\"><strong>KAUFEN SIE ES AN<\/strong><\/h4>\n<p><a href=\"https:\/\/www.amazon.de\/dp\/B0D4HMFYKP\/ref=sr_1_1?__mk_de_DE=%C3%85M%C3%85%C5%BD%C3%95%C3%91&amp;crid=2U2FWL6NL0DH4&amp;dib=eyJ2IjoiMSJ9.cxBCZWYlEki35yUaJz-1Pw.i10f4UHeMuR0SjtWLr5MAGFlp5CWmqZaKkvOqXQnY18&amp;dib_tag=se&amp;keywords=ISOP%202-Stufen-Klappleiter%20aus%20Aluminium&amp;qid=1722846639&amp;refresh=1&amp;s=kitchen&amp;sprefix=b0d4hmfykp%2Ckitchen%2C553&amp;sr=1-1\"><img loading=\"lazy\" decoding=\"async\" class=\"aligncenter wp-image-1040 size-full\" src=\"https:\/\/isopllc.com\/at\/wp-content\/uploads\/sites\/13\/2020\/01\/amazon-button9.png\" alt=\"\" width=\"160\" height=\"59\" \/><\/a><\/p>\n","protected":false},"featured_media":5104,"comment_status":"open","ping_status":"closed","template":"","meta":[],"product_brand":[],"product_cat":[336],"product_tag":[246,245,244],"class_list":{"0":"post-5098","1":"product","2":"type-product","3":"status-publish","4":"has-post-thumbnail","6":"product_cat-trittleitern","7":"product_tag-2-stufenleiter","8":"product_tag-aluminiumleiter","9":"product_tag-klappleiter","11":"first","12":"instock","13":"shipping-taxable","14":"purchasable","15":"product-type-simple"},"_links":{"self":[{"href":"https:\/\/isopllc.com\/at\/wp-json\/wp\/v2\/product\/5098","targetHints":{"allow":["GET"]}}],"collection":[{"href":"https:\/\/isopllc.com\/at\/wp-json\/wp\/v2\/product"}],"about":[{"href":"https:\/\/isopllc.com\/at\/wp-json\/wp\/v2\/types\/product"}],"replies":[{"embeddable":true,"href":"https:\/\/isopllc.com\/at\/wp-json\/wp\/v2\/comments?post=5098"}],"wp:featuredmedia":[{"embeddable":true,"href":"https:\/\/isopllc.com\/at\/wp-json\/wp\/v2\/media\/5104"}],"wp:attachment":[{"href":"https:\/\/isopllc.com\/at\/wp-json\/wp\/v2\/media?parent=5098"}],"wp:term":[{"taxonomy":"product_brand","embeddable":true,"href":"https:\/\/isopllc.com\/at\/wp-json\/wp\/v2\/product_brand?post=5098"},{"taxonomy":"product_cat","embeddable":true,"href":"https:\/\/isopllc.com\/at\/wp-json\/wp\/v2\/product_cat?post=5098"},{"taxonomy":"product_tag","embeddable":true,"href":"https:\/\/isopllc.com\/at\/wp-json\/wp\/v2\/product_tag?post=5098"}],"curies":[{"name":"wp","href":"https:\/\/api.w.org\/{rel}","templated":true}]}}