{"id":5118,"date":"2024-08-10T17:04:33","date_gmt":"2024-08-10T17:04:33","guid":{"rendered":"https:\/\/isopllc.com\/at\/?post_type=product&#038;p=5118"},"modified":"2025-07-21T08:13:25","modified_gmt":"2025-07-21T08:13:25","slug":"isop-3-stufenleiter-weiss","status":"publish","type":"product","link":"https:\/\/isopllc.com\/at\/product\/isop-3-stufenleiter-weiss\/","title":{"rendered":"ISOP 3-Stufenleiter Wei\u00df | Robust und Platzsparend"},"content":{"rendered":"<h1 id=\"title\" class=\"a-size-large a-spacing-none\"><span id=\"productTitle\" class=\"a-size-large product-title-word-break\">ISOP 3-Stufenleiter Wei\u00df | Klapp-Leiter | Breite rutschfeste Trittstufe 220 kg stabile Leiter | Leicht Tragbar Kompakt &#8211; Stehleiter 3 Stufen &#8211; Aluminium-Trittleiter<\/span><\/h1>\n<div class=\"celwidget aplus-module premium-module-4-two-column-images aplus-premium\" data-csa-c-id=\"15yl7x-eio1n0-m9lh6n-socwzs\" data-cel-widget=\"aplus-premium-module-4-two-column-images\">\n<div class=\"a-section a-spacing-none premium-aplus premium-aplus-module-4 aplus-container-1\">\n<div class=\"a-section a-spacing-none premium-aplus-two-column\">\n<div class=\"a-section a-spacing-none premium-aplus-column\">\n<div class=\"a-section a-spacing-none column-description\">\n<div class=\"celwidget aplus-module premium-module-4-two-column-images aplus-premium\">\n<div class=\"a-section a-spacing-none premium-aplus premium-aplus-module-4\">\n<div class=\"a-section a-spacing-none premium-aplus-two-column\">\n<div class=\"a-section a-spacing-none premium-aplus-column\"><\/div>\n<\/div>\n<\/div>\n<\/div>\n<div class=\"celwidget aplus-module premium-module-4-two-column-images aplus-premium\" data-csa-c-id=\"15yl7x-eio1n0-m9lh6n-socwzs\" data-cel-widget=\"aplus-premium-module-4-two-column-images\">\n<div class=\"a-section a-spacing-none premium-aplus premium-aplus-module-4 aplus-container-1\">\n<div class=\"a-section a-spacing-none premium-aplus-two-column\">\n<div class=\"a-section a-spacing-none premium-aplus-column\">\n<div class=\"a-section a-spacing-none column-description\">\n<div class=\"celwidget aplus-module module-9 aplus-standard\">\n<div class=\"aplus-module-wrapper\">\n<div class=\"\"><\/div>\n<\/div>\n<\/div>\n<div class=\"celwidget aplus-module module-9 aplus-standard\">\n<div class=\"aplus-module-wrapper\">\n<div class=\"\">\n<p class=\"a-text-center\"><img loading=\"lazy\" decoding=\"async\" class=\"alignnone size-full wp-image-5107\" src=\"https:\/\/isopllc.com\/at\/wp-content\/uploads\/sites\/13\/2024\/08\/stepp-ladder-3-steps-6.jpeg\" alt=\"Klappleiter Aluminium\" width=\"300\" height=\"300\" srcset=\"https:\/\/isopllc.com\/at\/wp-content\/uploads\/sites\/13\/2024\/08\/stepp-ladder-3-steps-6.jpeg 300w, https:\/\/isopllc.com\/at\/wp-content\/uploads\/sites\/13\/2024\/08\/stepp-ladder-3-steps-6-150x150.jpeg 150w, https:\/\/isopllc.com\/at\/wp-content\/uploads\/sites\/13\/2024\/08\/stepp-ladder-3-steps-6-100x100.jpeg 100w, https:\/\/isopllc.com\/at\/wp-content\/uploads\/sites\/13\/2024\/08\/stepp-ladder-3-steps-6-60x60.jpeg 60w, https:\/\/isopllc.com\/at\/wp-content\/uploads\/sites\/13\/2024\/08\/stepp-ladder-3-steps-6-90x90.jpeg 90w\" sizes=\"auto, (max-width: 300px) 100vw, 300px\" \/><\/p>\n<p class=\"a-spacing-base\">Jetzt pr\u00e4sentieren wir die ultimative 3-Stufen Klappleiter Wei\u00df f\u00fcr all Ihre t\u00e4glichen Bed\u00fcrfnisse. Diese zuverl\u00e4ssige und vielseitige Aluminiumleiter ist so konzipiert, dass sie Ihr Leben erleichtert. Mit einem soliden und stabilen Gef\u00fchl k\u00f6nnen Sie mit Vertrauen klettern, da Sie sicher und gesch\u00fctzt sind. Die leichte Aluminiumkonstruktion macht es einfach, sie herumzutragen, w\u00e4hrend die breiten Stufen garantieren, dass Sie selbst bei l\u00e4ngerer Nutzung sicheren Halt haben.<\/p>\n<p>&nbsp;<\/p>\n<p class=\"a-text-center\"><img loading=\"lazy\" decoding=\"async\" class=\"alignnone size-full wp-image-5106\" src=\"https:\/\/isopllc.com\/at\/wp-content\/uploads\/sites\/13\/2024\/08\/stepp-ladder-3-steps-7.jpg\" alt=\"Klappleiter Aluminium\" width=\"300\" height=\"300\" srcset=\"https:\/\/isopllc.com\/at\/wp-content\/uploads\/sites\/13\/2024\/08\/stepp-ladder-3-steps-7.jpg 300w, https:\/\/isopllc.com\/at\/wp-content\/uploads\/sites\/13\/2024\/08\/stepp-ladder-3-steps-7-150x150.jpg 150w, https:\/\/isopllc.com\/at\/wp-content\/uploads\/sites\/13\/2024\/08\/stepp-ladder-3-steps-7-100x100.jpg 100w, https:\/\/isopllc.com\/at\/wp-content\/uploads\/sites\/13\/2024\/08\/stepp-ladder-3-steps-7-60x60.jpg 60w, https:\/\/isopllc.com\/at\/wp-content\/uploads\/sites\/13\/2024\/08\/stepp-ladder-3-steps-7-90x90.jpg 90w\" sizes=\"auto, (max-width: 300px) 100vw, 300px\" \/><\/p>\n<p class=\"a-spacing-base\">Die Leiter entfaltet sich sanft und l\u00e4sst sich sicher in der offenen Position verriegeln, und wenn Sie fertig sind, l\u00e4sst sie sich kompakt f\u00fcr eine problemlose Lagerung zusammenklappen. Perfekt, um hohe Regale zu erreichen oder auf Stauraum zuzugreifen; diese Leiter ist ein Muss f\u00fcr jeden DIY-Enthusiasten oder f\u00fcr jeden, der eine zuverl\u00e4ssige Leiter f\u00fcr Haushaltsarbeiten ben\u00f6tigt.<\/p>\n<p>&nbsp;<\/p>\n<p class=\"a-text-center\"><img loading=\"lazy\" decoding=\"async\" class=\"alignnone size-full wp-image-5105\" src=\"https:\/\/isopllc.com\/at\/wp-content\/uploads\/sites\/13\/2024\/08\/stepp-ladder-3-steps-8.jpg\" alt=\"Klappleiter Aluminium\" width=\"300\" height=\"300\" srcset=\"https:\/\/isopllc.com\/at\/wp-content\/uploads\/sites\/13\/2024\/08\/stepp-ladder-3-steps-8.jpg 300w, https:\/\/isopllc.com\/at\/wp-content\/uploads\/sites\/13\/2024\/08\/stepp-ladder-3-steps-8-150x150.jpg 150w, https:\/\/isopllc.com\/at\/wp-content\/uploads\/sites\/13\/2024\/08\/stepp-ladder-3-steps-8-100x100.jpg 100w, https:\/\/isopllc.com\/at\/wp-content\/uploads\/sites\/13\/2024\/08\/stepp-ladder-3-steps-8-60x60.jpg 60w, https:\/\/isopllc.com\/at\/wp-content\/uploads\/sites\/13\/2024\/08\/stepp-ladder-3-steps-8-90x90.jpg 90w\" sizes=\"auto, (max-width: 300px) 100vw, 300px\" \/><\/p>\n<p class=\"a-spacing-base\">Geben Sie sich nicht mit weniger als dem Besten zufrieden. Investieren Sie in diese qualitativ hochwertige Leiter und erleben Sie den Unterschied selbst. Verabschieden Sie sich von wackeligen, unzuverl\u00e4ssigen Leitern und begr\u00fc\u00dfen Sie Komfort und Seelenfrieden. Sichern Sie sich noch heute diese 3-Stufen Aluminiumleiter und bringen Sie Ihre Heimwerkerprojekte auf neue H\u00f6hen.<\/p>\n<\/div>\n<\/div>\n<\/div>\n<\/div>\n<\/div>\n<\/div>\n<\/div>\n<\/div>\n<\/div>\n<\/div>\n<\/div>\n<\/div>\n<\/div>\n","protected":false},"excerpt":{"rendered":"<p id=\"title\" class=\"a-size-large a-spacing-none\" style=\"text-align: center\"><span id=\"productTitle\" class=\"a-size-large product-title-word-break\">ISOP 3-Stufenleiter Wei\u00df | Klapp-Leiter | Breite rutschfeste Trittstufe 220 kg stabile Leiter | Leicht Tragbar Kompakt &#8211; Stehleiter 3 Stufen &#8211; Aluminium-Trittleiter<\/span><\/p>\n<p style=\"text-align: center\">KOSTENLOSE LIEFERUNG INNERHALB VON 3-7 TAGEN<\/p>\n<h4 style=\"text-align: center\"><strong>KAUFEN SIE ES AN<\/strong><\/h4>\n<p><a href=\"https:\/\/www.amazon.de\/dp\/B0D4HL355J\/ref=sr_1_1?__mk_de_DE=%C3%85M%C3%85%C5%BD%C3%95%C3%91&amp;crid=3JUZRA95JTEVW&amp;dib=eyJ2IjoiMSJ9.nLZSBaRI4DrAjV6Zi0RaJQ.nt8LEuCtsw1_seMjC9iGfA-7iaUqjaCdMG0BOaOiV78&amp;dib_tag=se&amp;keywords=ISOP%203-Stufenleiter%20Wei%C3%9F&amp;qid=1722938001&amp;s=kitchen&amp;sprefix=%2Ckitchen%2C237&amp;sr=1-1\"><img loading=\"lazy\" decoding=\"async\" class=\"aligncenter wp-image-1040 size-full\" src=\"https:\/\/isopllc.com\/at\/wp-content\/uploads\/sites\/13\/2020\/01\/amazon-button9.png\" alt=\"\" width=\"160\" height=\"59\" \/><\/a><\/p>\n","protected":false},"featured_media":5113,"comment_status":"open","ping_status":"closed","template":"","meta":[],"product_brand":[],"product_cat":[336],"product_tag":[247,248,195,249],"class_list":{"0":"post-5118","1":"product","2":"type-product","3":"status-publish","4":"has-post-thumbnail","6":"product_cat-trittleitern","7":"product_tag-3-stufenleiter","8":"product_tag-leiter","9":"product_tag-sicherheitsleiter","10":"product_tag-weiss","12":"first","13":"instock","14":"shipping-taxable","15":"purchasable","16":"product-type-simple"},"_links":{"self":[{"href":"https:\/\/isopllc.com\/at\/wp-json\/wp\/v2\/product\/5118","targetHints":{"allow":["GET"]}}],"collection":[{"href":"https:\/\/isopllc.com\/at\/wp-json\/wp\/v2\/product"}],"about":[{"href":"https:\/\/isopllc.com\/at\/wp-json\/wp\/v2\/types\/product"}],"replies":[{"embeddable":true,"href":"https:\/\/isopllc.com\/at\/wp-json\/wp\/v2\/comments?post=5118"}],"wp:featuredmedia":[{"embeddable":true,"href":"https:\/\/isopllc.com\/at\/wp-json\/wp\/v2\/media\/5113"}],"wp:attachment":[{"href":"https:\/\/isopllc.com\/at\/wp-json\/wp\/v2\/media?parent=5118"}],"wp:term":[{"taxonomy":"product_brand","embeddable":true,"href":"https:\/\/isopllc.com\/at\/wp-json\/wp\/v2\/product_brand?post=5118"},{"taxonomy":"product_cat","embeddable":true,"href":"https:\/\/isopllc.com\/at\/wp-json\/wp\/v2\/product_cat?post=5118"},{"taxonomy":"product_tag","embeddable":true,"href":"https:\/\/isopllc.com\/at\/wp-json\/wp\/v2\/product_tag?post=5118"}],"curies":[{"name":"wp","href":"https:\/\/api.w.org\/{rel}","templated":true}]}}