{"id":5178,"date":"2025-04-16T02:51:30","date_gmt":"2025-04-16T02:51:30","guid":{"rendered":"https:\/\/isopllc.com\/at\/?post_type=product&#038;p=5178"},"modified":"2025-07-21T08:20:10","modified_gmt":"2025-07-21T08:20:10","slug":"wiederverwendbare-notleiter-4-stoeckig-10-m","status":"publish","type":"product","link":"https:\/\/isopllc.com\/at\/product\/wiederverwendbare-notleiter-4-stoeckig-10-m\/","title":{"rendered":"Wiederverwendbare Notleiter 4-St\u00f6ckig 10m | Zuverl\u00e4ssige Flucht- und Rettungsleiter"},"content":{"rendered":"<div>\n<h2 id=\"title\" class=\"a-size-large a-spacing-none\"><span id=\"productTitle\" class=\"a-size-large product-title-word-break\">Notleiter 4-st\u00f6ckig 10 m | Wiederverwendbare Notleiter | Karabinerhaken im Lieferumfang enthalten \u2013 Leicht und langlebig bis zu 200 kg | Notfallausr\u00fcstung | Kletterstrickleiter<\/span><\/h2>\n<h3>Wiederverwendbare Notleiter 4-st\u00f6ckig 10 m<\/h3>\n<p>In Notf\u00e4llen z\u00e4hlt jede Sekunde. Ob Feuer, Rauchentwicklung, Erdbeben oder ein anderer unvorhersehbarer Vorfall \u2013 der normale Fluchtweg \u00fcber das Treppenhaus kann schnell versperrt sein. In solchen Situationen kann eine <strong data-start=\"596\" data-end=\"609\">Notleiter<\/strong> den entscheidenden Unterschied machen. Unsere <strong data-start=\"656\" data-end=\"684\">10 Meter lange Notleiter 4-st\u00f6ckig<\/strong>\u00a0ist speziell f\u00fcr den Einsatz in Geb\u00e4uden mit bis zu <strong data-start=\"737\" data-end=\"757\">vier Stockwerken<\/strong> konzipiert und bietet eine <strong data-start=\"785\" data-end=\"843\">schnelle, sichere und zuverl\u00e4ssige Rettungsm\u00f6glichkeit<\/strong>.<\/p>\n<\/div>\n<div>\n<div class=\"celwidget aplus-module module-4 aplus-standard\" data-csa-c-id=\"whszte-d1ne31-4utxm0-wdtd3p\" data-cel-widget=\"aplus-module-4\">\n<div class=\"a-expander-collapsed-height a-row a-expander-container a-expander-partial-collapse-container\" aria-live=\"polite\" data-a-expander-name=\"aplus-module-expander\" data-a-expander-collapsed-height=\"700\">\n<div class=\"a-expander-content a-expander-partial-collapse-content\" aria-expanded=\"false\">\n<div class=\"aplus-module-wrapper apm-fixed-width\">\n<div class=\"apm-spacing\">\n<div class=\"apm-floatleft apm-fixed-width\">\n<h3 class=\"a-spacing-small\">12 Gr\u00fcnde, warum Sie uns w\u00e4hlen sollten<\/h3>\n<p><img loading=\"lazy\" decoding=\"async\" class=\"\" src=\"https:\/\/m.media-amazon.com\/images\/S\/aplus-media\/sc\/0484a226-8be6-4965-8b8a-062de5498c97.__CR0,0,600,600_PT0_SX220_V1___.jpg\" alt=\"Leicht\" width=\"300\" height=\"300\" data-src=\"https:\/\/m.media-amazon.com\/images\/S\/aplus-media\/sc\/0484a226-8be6-4965-8b8a-062de5498c97.__CR0,0,600,600_PT0_SX220_V1___.jpg\" \/><\/p>\n<h4 class=\"a-spacing-mini\">Leicht<\/h4>\n<p class=\"a-size-small\">Dies ist die leichteste Leiter auf dem Markt. Das Gewicht einer 3 m Leiter betr\u00e4gt nur 2,4 lb \/ 1 kg.<\/p>\n<p><img loading=\"lazy\" decoding=\"async\" class=\"\" src=\"https:\/\/m.media-amazon.com\/images\/S\/aplus-media\/sc\/74a6e3c1-c8e9-4370-82e8-2ece837c08f7.__CR0,0,1000,1000_PT0_SX220_V1___.jpg\" alt=\"Stark und stabil\" width=\"300\" height=\"300\" data-src=\"https:\/\/m.media-amazon.com\/images\/S\/aplus-media\/sc\/74a6e3c1-c8e9-4370-82e8-2ece837c08f7.__CR0,0,1000,1000_PT0_SX220_V1___.jpg\" \/><\/p>\n<h4 class=\"a-spacing-mini\">Stark und stabil<\/h4>\n<p>Hohe Belastbarkeit \u2013 bis zu 200\u202fkg<br \/>\nDie Strickleiter ist f\u00fcr eine maximale Tragkraft von 200\u202fkg ausgelegt. Das bedeutet, dass sie problemlos auch von Personen mit Ausr\u00fcstung oder beim gleichzeitigen Abstieg mehrerer Personen genutzt werden kann. Durch die stabile Verarbeitung gibt sie dem Nutzer beim Abstieg ein sicheres Gef\u00fchl \u2013 auch in hektischen Momenten.<\/p>\n<p class=\"a-size-small\">Einer der gro\u00dfen Vorteile unserer Notleiter 4-st\u00f6ckig ist, dass die Hauptgurte aus Nylon von unten nach oben einst\u00fcckig sind und nicht aus vern\u00e4hten Teilen wie z. Und auch die f\u00fcr die Sprossen verwendeten Materialien wie Fiberglas und Basaltfaser machen diese Gurtleiter viel stabiler als Einweg-Aluminiumleitern.<\/p>\n<p><img loading=\"lazy\" decoding=\"async\" class=\"\" src=\"https:\/\/m.media-amazon.com\/images\/S\/aplus-media\/sc\/a31e0885-9da9-4fe2-a571-e1558cab0393.__CR0,0,600,600_PT0_SX220_V1___.jpg\" alt=\"Verwicklung frei\" width=\"300\" height=\"300\" data-src=\"https:\/\/m.media-amazon.com\/images\/S\/aplus-media\/sc\/a31e0885-9da9-4fe2-a571-e1558cab0393.__CR0,0,600,600_PT0_SX220_V1___.jpg\" \/><\/p>\n<h4 class=\"a-spacing-mini\">Verwicklung frei<\/h4>\n<p class=\"a-size-small\">Unsere Gurtbandleitern lassen sich nach Gebrauch einfach wieder in die Aufbewahrungstasche verstauen. Mit einem Gewicht von nur wenigen Kilogramm l\u00e4sst sich die Rettungsleiter problemlos transportieren und verstauen. Sie passt in jede Abstellkammer, unter das Bett oder in den Kofferraum eines Fahrzeugs. Im Notfall ist sie sofort griffbereit \u2013 und das ist entscheidend.<\/p>\n<p class=\"a-size-small\">Kein Verheddern bei der Montage.<\/p>\n<div class=\"apm-spacing\"><img loading=\"lazy\" decoding=\"async\" class=\"alignnone wp-image-5442\" src=\"https:\/\/isopllc.com\/de\/wp-content\/uploads\/sites\/3\/2021\/07\/Black-ladder-dimencions.jpg\" alt=\"Fluchtleiter\" width=\"296\" height=\"296\" \/><\/div>\n<div><\/div>\n<\/div>\n<\/div>\n<\/div>\n<div>\n<h4 class=\"a-spacing-mini\">L\u00e4nge<\/h4>\n<p class=\"a-size-small\">Unsere Rettungsgurtleitern k\u00f6nnen f\u00fcr eine gr\u00f6\u00dfere L\u00e4nge miteinander verbunden werden.<\/p>\n<p><img loading=\"lazy\" decoding=\"async\" class=\"\" src=\"https:\/\/m.media-amazon.com\/images\/S\/aplus-media\/sc\/6625ab17-5247-415b-a353-7a0e3ca2bb1d.__CR0,0,1000,1000_PT0_SX220_V1___.jpg\" alt=\"Wetterresistent\" width=\"300\" height=\"300\" data-src=\"https:\/\/m.media-amazon.com\/images\/S\/aplus-media\/sc\/6625ab17-5247-415b-a353-7a0e3ca2bb1d.__CR0,0,1000,1000_PT0_SX220_V1___.jpg\" \/><\/p>\n<h4 class=\"a-spacing-mini\">Wetterresistent<\/h4>\n<p class=\"a-size-small\">Die Notleiter 4-st\u00f6ckig besteht aus widerstandsf\u00e4higem Nylonseil in Kombination mit stabilen Metallsprossen, die auch bei h\u00e4ufiger Benutzung und unterschiedlichen Wetterbedingungen ihre Form und Funktion behalten. Das verwendete Material ist UV-best\u00e4ndig, wasserabweisend und rostfrei. Dank ihrer Wiederverwendbarkeit eignet sich diese Leiter sowohl f\u00fcr private Haushalte als auch f\u00fcr Unternehmen, Schulen oder Hotels.<\/p>\n<p><img loading=\"lazy\" decoding=\"async\" class=\"\" src=\"https:\/\/m.media-amazon.com\/images\/S\/aplus-media\/sc\/b1929708-9dad-44c2-a6ed-070474464c51.__CR0,0,1000,1000_PT0_SX220_V1___.jpg\" alt=\"Kompakt\" width=\"300\" height=\"300\" data-src=\"https:\/\/m.media-amazon.com\/images\/S\/aplus-media\/sc\/b1929708-9dad-44c2-a6ed-070474464c51.__CR0,0,1000,1000_PT0_SX220_V1___.jpg\" \/><\/p>\n<h4 class=\"a-spacing-mini\">Kompakt<\/h4>\n<p class=\"a-size-small\">Kompaktere Notleiter 4-st\u00f6ckig k\u00f6nnen Sie sich nicht vorstellen. Die gesamte Leiter passt in Ihre Handfl\u00e4che. Sie nehmen nicht viel Platz ein, k\u00f6nnen \u00fcberall verstaut werden, z. B. unter dem Bett im Schlafzimmer, auf dem Balkon und auf dem Dach.<\/p>\n<p><img loading=\"lazy\" decoding=\"async\" class=\"\" src=\"https:\/\/m.media-amazon.com\/images\/S\/aplus-media\/sc\/91d8e70e-82c2-457c-9c48-019a2fbff56a.__CR1282,342,714,714_PT0_SX220_V1___.png\" alt=\"Multifunktionalit\u00e4t\" width=\"300\" height=\"300\" data-src=\"https:\/\/m.media-amazon.com\/images\/S\/aplus-media\/sc\/91d8e70e-82c2-457c-9c48-019a2fbff56a.__CR1282,342,714,714_PT0_SX220_V1___.png\" \/><\/p>\n<h4 class=\"a-spacing-mini\">Rutschfeste Sprossen<\/h4>\n<p class=\"a-size-small\">Gurtmaterial ist bekanntlich viel weniger rutschig als jedes andere harte Material wie Aluminium, Metall oder Kunststoff.<\/p>\n<p><img decoding=\"async\" class=\"\" src=\"https:\/\/m.media-amazon.com\/images\/S\/aplus-media-library-service-media\/bc97ce2b-ad5a-488d-ae16-2dc4054da697.__CR0,0,1906,1906_PT0_SX220_V1___.jpeg\" alt=\"Multi-purpose\" data-src=\"https:\/\/m.media-amazon.com\/images\/S\/aplus-media-library-service-media\/bc97ce2b-ad5a-488d-ae16-2dc4054da697.__CR0,0,1906,1906_PT0_SX220_V1___.jpeg\" \/><\/p>\n<\/div>\n<\/div>\n<\/div>\n<\/div>\n<div>\n<h4 class=\"a-spacing-mini\">Vielseitig einsetzbar<\/h4>\n<p>Die ISOP-Gurtbandleiter kann als Feuerleiter, f\u00fcr Notf\u00e4lle sowie f\u00fcr Kinder auf dem Spielplatz oder f\u00fcr ein Baumhaus verwendet werden, Schulen, B\u00fcros, Werkst\u00e4tten oder Ferienh\u00e4usern bietet sie eine sinnvolle Erg\u00e4nzung zur bestehenden Sicherheitsausstattung. Sie ist eine gro\u00dfartige Leiter f\u00fcr Yachten, Schiffe und Boote. Superleicht, superstark; die Wasserbest\u00e4ndigkeit macht sie auf jedem Segelboot unersetzlich.<\/p>\n<p>Auch diese Rettungsleiter ist ideal f\u00fcr Brunnen oder H\u00f6hlen.<\/p>\n<p><img loading=\"lazy\" decoding=\"async\" class=\"\" src=\"https:\/\/m.media-amazon.com\/images\/S\/aplus-media\/sc\/0ce14b90-f644-4e71-9958-a603ab85be7a.__CR0,0,800,800_PT0_SX220_V1___.jpg\" alt=\"Karabiner\" width=\"300\" height=\"300\" data-src=\"https:\/\/m.media-amazon.com\/images\/S\/aplus-media\/sc\/0ce14b90-f644-4e71-9958-a603ab85be7a.__CR0,0,800,800_PT0_SX220_V1___.jpg\" \/><\/p>\n<h4 class=\"a-spacing-mini\">Karabiner<\/h4>\n<p class=\"a-size-small\">Professionelle 11kn verchromte Karabinerhaken im Lieferumfang enthalten. Die mitgelieferten <strong data-start=\"911\" data-end=\"942\">hochwertigen Karabinerhaken<\/strong> erm\u00f6glichen eine schnelle und unkomplizierte Befestigung der Leiter an Fensterrahmen, Balkongel\u00e4ndern oder anderen stabilen Strukturen. So ist sie in wenigen Sekunden einsatzbereit \u2013 auch unter Stress oder in Paniksituationen. Die Karabiner bestehen aus robustem Stahl und garantieren maximale Sicherheit beim Einstieg.<\/p>\n<p><img loading=\"lazy\" decoding=\"async\" class=\"\" src=\"https:\/\/m.media-amazon.com\/images\/S\/aplus-media\/sc\/91fd5669-769f-4880-a4f6-2c1fa7823109.__CR130,0,720,720_PT0_SX220_V1___.png\" alt=\"Wasserdichte Tasche\" width=\"300\" height=\"300\" data-src=\"https:\/\/m.media-amazon.com\/images\/S\/aplus-media\/sc\/91fd5669-769f-4880-a4f6-2c1fa7823109.__CR130,0,720,720_PT0_SX220_V1___.png\" \/><\/p>\n<h4 class=\"a-spacing-mini\">Wasserdichte Tasche<\/h4>\n<p class=\"a-size-small\">Coole Designer Strandtasche ist im Set enthalten.<\/p>\n<h4 class=\"\" data-start=\"2774\" data-end=\"2815\">Sicherheit f\u00fcr die ganze Familie<\/h4>\n<p class=\"\" data-start=\"2816\" data-end=\"3120\">Dank der durchdachten Bauweise ist die Leiter sowohl f\u00fcr <strong data-start=\"2873\" data-end=\"2907\">Erwachsene als auch f\u00fcr Kinder<\/strong> geeignet. Die Sprossen sind rutschfest und bieten auch kleineren F\u00fc\u00dfen sicheren Halt. Besonders in Haushalten mit Kindern oder \u00e4lteren Menschen ist es beruhigend, eine sichere Fluchtm\u00f6glichkeit zur Hand zu haben.<\/p>\n<h4>Ihre Sicherheitsversicherung im Ernstfall<\/h4>\n<p>Diese <a href=\"https:\/\/isopllc.com\/\">Notleiter 4-st\u00f6ckig<\/a> ist eine lohnenswerte Investition in Ihre pers\u00f6nliche Sicherheit und die Ihrer Familie, Kollegen oder G\u00e4ste. Sie ist zuverl\u00e4ssig, stabil, einfach zu bedienen und wiederverwendbar. In kritischen Momenten erm\u00f6glicht sie eine schnelle Evakuierung und kann Leben retten.<\/p>\n<p>Egal ob im Wohnhaus, B\u00fcrogeb\u00e4ude oder auf Reisen \u2013 mit dieser Notleiter 4-st\u00f6ckig sind Sie f\u00fcr den Ernstfall gewappnet.<\/p>\n<p>Lieferumfang:<\/p>\n<p>1x Notleiter, 10\u202fm L\u00e4nge<\/p>\n<p>2x Karabinerhaken<\/p>\n<p>1x Aufbewahrungstasche<\/p>\n<p>1x Benutzeranleitung (mehrsprachig)<\/p>\n<\/div>\n<\/div>\n","protected":false},"excerpt":{"rendered":"[embed]https:\/\/youtu.be\/9aivkjUGbFY[\/embed]\n<p id=\"title\" class=\"a-size-large a-spacing-none\" style=\"text-align: center\"><span id=\"productTitle\" class=\"a-size-large product-title-word-break\">Notleiter 4-st\u00f6ckig 10 m | Wiederverwendbare Notleiter | Karabinerhaken im Lieferumfang enthalten \u2013 Leicht und langlebig bis zu 200 kg | Notfallausr\u00fcstung | Kletterstrickleiter<\/span><\/p>\n<p style=\"text-align: center\"><span style=\"vertical-align: inherit\">KOSTENLOSE LIEFERUNG INNERHALB VON 3-7 TAGEN<\/span><\/p>\n<h4 style=\"text-align: center\"><strong><span style=\"vertical-align: inherit\">KAUFEN SIE ES AUF<\/span><\/strong><\/h4>\n<p style=\"text-align: center\"><a href=\"https:\/\/www.amazon.de\/dp\/B0D9VR2VNX\/ref=sr_1_1?__mk_de_DE=%C3%85M%C3%85%C5%BD%C3%95%C3%91&amp;dib=eyJ2IjoiMSJ9.2cOa240DgS7z1TT9QGBQ3A.3WX13H8W2gJEaTA6_jsrZObFwfOucjcFd-GA7QokgF8&amp;dib_tag=se&amp;keywords=Wiederverwendbare%2BNotleiter%2B4-st%C3%B6ckig%2B&amp;qid=1744528177&amp;s=kitchen&amp;sr=1-1&amp;th=1\"><img loading=\"lazy\" decoding=\"async\" class=\"aligncenter wp-image-1040 size-full\" src=\"https:\/\/isopllc.com\/at\/wp-content\/uploads\/sites\/13\/2020\/01\/amazon-button9.png\" alt=\"\" width=\"160\" height=\"59\" \/><\/a><\/p>\n","protected":false},"featured_media":5146,"comment_status":"open","ping_status":"closed","template":"","meta":[],"product_brand":[],"product_cat":[346,343],"product_tag":[],"class_list":{"0":"post-5178","1":"product","2":"type-product","3":"status-publish","4":"has-post-thumbnail","6":"product_cat-feuerleitern-4-stoeckig","7":"product_cat-feuerrettungsleitern","9":"first","10":"instock","11":"shipping-taxable","12":"purchasable","13":"product-type-simple"},"_links":{"self":[{"href":"https:\/\/isopllc.com\/at\/wp-json\/wp\/v2\/product\/5178","targetHints":{"allow":["GET"]}}],"collection":[{"href":"https:\/\/isopllc.com\/at\/wp-json\/wp\/v2\/product"}],"about":[{"href":"https:\/\/isopllc.com\/at\/wp-json\/wp\/v2\/types\/product"}],"replies":[{"embeddable":true,"href":"https:\/\/isopllc.com\/at\/wp-json\/wp\/v2\/comments?post=5178"}],"wp:featuredmedia":[{"embeddable":true,"href":"https:\/\/isopllc.com\/at\/wp-json\/wp\/v2\/media\/5146"}],"wp:attachment":[{"href":"https:\/\/isopllc.com\/at\/wp-json\/wp\/v2\/media?parent=5178"}],"wp:term":[{"taxonomy":"product_brand","embeddable":true,"href":"https:\/\/isopllc.com\/at\/wp-json\/wp\/v2\/product_brand?post=5178"},{"taxonomy":"product_cat","embeddable":true,"href":"https:\/\/isopllc.com\/at\/wp-json\/wp\/v2\/product_cat?post=5178"},{"taxonomy":"product_tag","embeddable":true,"href":"https:\/\/isopllc.com\/at\/wp-json\/wp\/v2\/product_tag?post=5178"}],"curies":[{"name":"wp","href":"https:\/\/api.w.org\/{rel}","templated":true}]}}