{"id":5196,"date":"2025-04-16T03:56:56","date_gmt":"2025-04-16T03:56:56","guid":{"rendered":"https:\/\/isopllc.com\/at\/?post_type=product&#038;p=5196"},"modified":"2025-07-18T06:40:13","modified_gmt":"2025-07-18T06:40:13","slug":"outdoor-wandmontierte-feuerleiter-8m","status":"publish","type":"product","link":"https:\/\/isopllc.com\/at\/product\/outdoor-wandmontierte-feuerleiter-8m\/","title":{"rendered":"Outdoor-wandmontierte Feuerleiter 8 m \u2013 Stabile Notleiter f\u00fcr den Au\u00dfenbereich"},"content":{"rendered":"<h1 id=\"title\" class=\"a-size-large a-spacing-none\"><span id=\"productTitle\" class=\"a-size-large product-title-word-break\">Outdoor-Wandmontierte Feuerleiter f\u00fcr 3-st\u00f6ckiges Haus 8m | Wasserdichte Feuerleiter | Feste Notleiter, die an einem Fenster oder Balkon installiert ist, bereit f\u00fcr die Evakuierung<\/span><\/h1>\n<div class=\"celwidget aplus-module module-9 aplus-standard\">\n<div class=\"aplus-module-wrapper\">\n<div class=\"\">\n<h3 class=\"a-spacing-small\">Wir pr\u00e4sentieren Ihnen eine einzigartige 3-st\u00f6ckige Feuerleiter, die mehrere Probleme anspricht, die bei fast allen auf dem Markt verf\u00fcgbaren Feuerleitern zu finden sind!<\/h3>\n<\/div>\n<\/div>\n<\/div>\n<div class=\"celwidget aplus-module module-9 aplus-standard\">\n<div class=\"aplus-module-wrapper\">\n<div class=\"\">\n<p><img loading=\"lazy\" decoding=\"async\" class=\"size-medium wp-image-5183\" src=\"https:\/\/isopllc.com\/at\/wp-content\/uploads\/sites\/13\/2025\/04\/wall-mounted-ladder7-300x300.jpg\" alt=\"Dauerhafte Feuerleiter\" width=\"300\" height=\"300\" srcset=\"https:\/\/isopllc.com\/at\/wp-content\/uploads\/sites\/13\/2025\/04\/wall-mounted-ladder7-300x300.jpg 300w, https:\/\/isopllc.com\/at\/wp-content\/uploads\/sites\/13\/2025\/04\/wall-mounted-ladder7-150x150.jpg 150w, https:\/\/isopllc.com\/at\/wp-content\/uploads\/sites\/13\/2025\/04\/wall-mounted-ladder7-416x416.jpg 416w, https:\/\/isopllc.com\/at\/wp-content\/uploads\/sites\/13\/2025\/04\/wall-mounted-ladder7-100x100.jpg 100w, https:\/\/isopllc.com\/at\/wp-content\/uploads\/sites\/13\/2025\/04\/wall-mounted-ladder7-60x60.jpg 60w, https:\/\/isopllc.com\/at\/wp-content\/uploads\/sites\/13\/2025\/04\/wall-mounted-ladder7-90x90.jpg 90w, https:\/\/isopllc.com\/at\/wp-content\/uploads\/sites\/13\/2025\/04\/wall-mounted-ladder7.jpg 500w\" sizes=\"auto, (max-width: 300px) 100vw, 300px\" \/><\/p>\n<p class=\"a-spacing-base\">Geschwindigkeit und Einfachheit \u2013 Die 3-st\u00f6ckige Outdoor-Wandmontierte Feuerleiter 8 m ist dauerhaft an der Wand befestigt, entweder im Inneren oder au\u00dfen an der Wohnung, und immer einsatzbereit. Unsere Leiter entfaltet sich mit einer einzigen Handbewegung in nur 1 Sekunde! Keine andere Feuerleiter auf dem Markt bietet einen so sofortigen Zugang zum Entkommen aus einem brennenden Raum. Alle anderen Leitern m\u00fcssen aus einer Tasche oder Box genommen, sicher an etwas befestigt, aus dem Fenster geworfen werden, und erst dann kann der Abstieg beginnen \u2013 und das alles in Rauch, Panik und m\u00f6glicherweise in v\u00f6lliger Dunkelheit.<\/p>\n<p class=\"a-text-center\"><img loading=\"lazy\" decoding=\"async\" class=\"alignnone size-medium wp-image-4978\" src=\"https:\/\/isopllc.com\/at\/wp-content\/uploads\/sites\/13\/2023\/12\/wall-rungs-10_2-300x279.jpg\" alt=\"\" width=\"300\" height=\"279\" srcset=\"https:\/\/isopllc.com\/at\/wp-content\/uploads\/sites\/13\/2023\/12\/wall-rungs-10_2-300x279.jpg 300w, https:\/\/isopllc.com\/at\/wp-content\/uploads\/sites\/13\/2023\/12\/wall-rungs-10_2-768x714.jpg 768w, https:\/\/isopllc.com\/at\/wp-content\/uploads\/sites\/13\/2023\/12\/wall-rungs-10_2-416x387.jpg 416w, https:\/\/isopllc.com\/at\/wp-content\/uploads\/sites\/13\/2023\/12\/wall-rungs-10_2-65x60.jpg 65w, https:\/\/isopllc.com\/at\/wp-content\/uploads\/sites\/13\/2023\/12\/wall-rungs-10_2-97x90.jpg 97w, https:\/\/isopllc.com\/at\/wp-content\/uploads\/sites\/13\/2023\/12\/wall-rungs-10_2.jpg 900w\" sizes=\"auto, (max-width: 300px) 100vw, 300px\" \/><\/p>\n<p class=\"a-spacing-base\">Stabilit\u00e4t \u2013 Sie ist au\u00dfergew\u00f6hnlich stabil, da sie St\u00fctzen hat, die verhindern, dass sie zu nah an der Wand ist, wodurch sie so stabil wie eine fest montierte Eisenleiter ist. Sie schwankt nicht in alle Richtungen wie eine typische billige Seilleiter.<\/p>\n<p class=\"a-spacing-base\">Platzsparend \u2013 Sie nimmt im Inneren der Wohnung keinen Platz ein, da sie an der Au\u00dfenwand unter einem Fenster oder Balkon montiert werden kann.<\/p>\n<p class=\"a-text-center\"><img loading=\"lazy\" decoding=\"async\" class=\"alignnone size-full wp-image-5190\" src=\"https:\/\/isopllc.com\/at\/wp-content\/uploads\/sites\/13\/2025\/04\/wall-mounted-ladder9.jpeg\" alt=\"Feuerleiter f\u00fcr zwei Geschosse\" width=\"300\" height=\"300\" srcset=\"https:\/\/isopllc.com\/at\/wp-content\/uploads\/sites\/13\/2025\/04\/wall-mounted-ladder9.jpeg 300w, https:\/\/isopllc.com\/at\/wp-content\/uploads\/sites\/13\/2025\/04\/wall-mounted-ladder9-150x150.jpeg 150w, https:\/\/isopllc.com\/at\/wp-content\/uploads\/sites\/13\/2025\/04\/wall-mounted-ladder9-100x100.jpeg 100w, https:\/\/isopllc.com\/at\/wp-content\/uploads\/sites\/13\/2025\/04\/wall-mounted-ladder9-60x60.jpeg 60w, https:\/\/isopllc.com\/at\/wp-content\/uploads\/sites\/13\/2025\/04\/wall-mounted-ladder9-90x90.jpeg 90w\" sizes=\"auto, (max-width: 300px) 100vw, 300px\" \/><\/p>\n<p class=\"a-spacing-base\">Wasserdicht \u2013 V\u00f6llig aus wasserdichten Materialien gefertigt, versagt sie nicht wie andere Feuerleitern von Mitbewerbern.<\/p>\n<p class=\"a-spacing-base\">Wiederverwendbar \u2013 Die h\u00e4ngende Leiter wurde f\u00fcr mehrfachen Gebrauch entwickelt, da alle Materialien extrem langlebig und auf ihre Festigkeit getestet sind.<\/p>\n<p class=\"a-spacing-base\">Diebstahlschutz \u2013 Nach dem Abstieg von der 3-st\u00f6ckigen Outdoor-Wandmontierte Feuerleiter 8 m k\u00f6nnen Sie sie wieder nach oben ziehen, um zu verhindern, dass Diebe sie benutzen.<\/p>\n<p><img loading=\"lazy\" decoding=\"async\" class=\"alignnone size-full wp-image-5194\" src=\"https:\/\/isopllc.com\/at\/wp-content\/uploads\/sites\/13\/2025\/04\/c4bc4c42-e6a5-406b-be6c-1d0376ef1a60.__CR0010801080_PT0_SX300_V1___.jpeg\" alt=\"Leiter f\u00fcr Evakuierung\" width=\"300\" height=\"300\" srcset=\"https:\/\/isopllc.com\/at\/wp-content\/uploads\/sites\/13\/2025\/04\/c4bc4c42-e6a5-406b-be6c-1d0376ef1a60.__CR0010801080_PT0_SX300_V1___.jpeg 300w, https:\/\/isopllc.com\/at\/wp-content\/uploads\/sites\/13\/2025\/04\/c4bc4c42-e6a5-406b-be6c-1d0376ef1a60.__CR0010801080_PT0_SX300_V1___-150x150.jpeg 150w, https:\/\/isopllc.com\/at\/wp-content\/uploads\/sites\/13\/2025\/04\/c4bc4c42-e6a5-406b-be6c-1d0376ef1a60.__CR0010801080_PT0_SX300_V1___-100x100.jpeg 100w, https:\/\/isopllc.com\/at\/wp-content\/uploads\/sites\/13\/2025\/04\/c4bc4c42-e6a5-406b-be6c-1d0376ef1a60.__CR0010801080_PT0_SX300_V1___-60x60.jpeg 60w, https:\/\/isopllc.com\/at\/wp-content\/uploads\/sites\/13\/2025\/04\/c4bc4c42-e6a5-406b-be6c-1d0376ef1a60.__CR0010801080_PT0_SX300_V1___-90x90.jpeg 90w\" sizes=\"auto, (max-width: 300px) 100vw, 300px\" \/><\/p>\n<\/div>\n<\/div>\n<\/div>\n<div class=\"celwidget aplus-module module-9 aplus-standard\">\n<div class=\"aplus-module-wrapper\">\n<div class=\"\">\n<p class=\"a-spacing-base\">Die wandmontierte Outdoor-Wandmontierte Feuerleiter\u00a0 3-st\u00f6ckige 8 m ist an der Wand befestigt, wobei nur die erste Sprosse fixiert ist, w\u00e4hrend der Rest sich leicht entfaltet und zur\u00fcckgezogen werden kann. Dies erm\u00f6glicht es Ihnen, sie zu verwenden, ohne wertvolle Sekunden w\u00e4hrend eines Brandnotfalls zu verlieren.<\/p>\n<p class=\"a-text-center\"><img loading=\"lazy\" decoding=\"async\" class=\"alignnone size-medium wp-image-5176\" src=\"https:\/\/isopllc.com\/at\/wp-content\/uploads\/sites\/13\/2025\/03\/wall-mounted-ladder4-1-300x300.jpg\" alt=\"Machen Sie Ihr Zuhause feuerfest\" width=\"300\" height=\"300\" srcset=\"https:\/\/isopllc.com\/at\/wp-content\/uploads\/sites\/13\/2025\/03\/wall-mounted-ladder4-1-300x300.jpg 300w, https:\/\/isopllc.com\/at\/wp-content\/uploads\/sites\/13\/2025\/03\/wall-mounted-ladder4-1-1024x1024.jpg 1024w, https:\/\/isopllc.com\/at\/wp-content\/uploads\/sites\/13\/2025\/03\/wall-mounted-ladder4-1-150x150.jpg 150w, https:\/\/isopllc.com\/at\/wp-content\/uploads\/sites\/13\/2025\/03\/wall-mounted-ladder4-1-768x768.jpg 768w, https:\/\/isopllc.com\/at\/wp-content\/uploads\/sites\/13\/2025\/03\/wall-mounted-ladder4-1-1000x1000.jpg 1000w, https:\/\/isopllc.com\/at\/wp-content\/uploads\/sites\/13\/2025\/03\/wall-mounted-ladder4-1-416x416.jpg 416w, https:\/\/isopllc.com\/at\/wp-content\/uploads\/sites\/13\/2025\/03\/wall-mounted-ladder4-1-100x100.jpg 100w, https:\/\/isopllc.com\/at\/wp-content\/uploads\/sites\/13\/2025\/03\/wall-mounted-ladder4-1-60x60.jpg 60w, https:\/\/isopllc.com\/at\/wp-content\/uploads\/sites\/13\/2025\/03\/wall-mounted-ladder4-1-90x90.jpg 90w, https:\/\/isopllc.com\/at\/wp-content\/uploads\/sites\/13\/2025\/03\/wall-mounted-ladder4-1.jpg 1200w\" sizes=\"auto, (max-width: 300px) 100vw, 300px\" \/><\/p>\n<p class=\"a-spacing-base\">Da sie universell ist, k\u00f6nnen Sie diese Outdoor-Wandmontierte Feuerleiter f\u00fcr 3-st\u00f6ckige H\u00e4user 8 m \u00fcberall verwenden, sei es in einem Brunnen, auf einem Dach, in einem Bunker oder in mehrst\u00f6ckigen Geb\u00e4uden. Im Gegensatz zu anderen Outdoor-Wandmontierte Feuerleiter k\u00f6nnen diese nicht von Dieben verwendet werden; Sie ziehen sie einfach zur\u00fcck, sobald Sie abgestiegen sind. Alle Teile sind aus rostfreien Materialien wie Edelstahl gefertigt, und das Gewebe besteht aus einem seltenen wasserabweisenden Material.<\/p>\n<p class=\"a-text-center\"><img loading=\"lazy\" decoding=\"async\" class=\"alignnone size-full wp-image-5191\" src=\"https:\/\/isopllc.com\/at\/wp-content\/uploads\/sites\/13\/2025\/04\/wall-mounted-ladder10.jpeg\" alt=\"H\u00e4ngende Leiter\" width=\"300\" height=\"300\" srcset=\"https:\/\/isopllc.com\/at\/wp-content\/uploads\/sites\/13\/2025\/04\/wall-mounted-ladder10.jpeg 300w, https:\/\/isopllc.com\/at\/wp-content\/uploads\/sites\/13\/2025\/04\/wall-mounted-ladder10-150x150.jpeg 150w, https:\/\/isopllc.com\/at\/wp-content\/uploads\/sites\/13\/2025\/04\/wall-mounted-ladder10-100x100.jpeg 100w, https:\/\/isopllc.com\/at\/wp-content\/uploads\/sites\/13\/2025\/04\/wall-mounted-ladder10-60x60.jpeg 60w, https:\/\/isopllc.com\/at\/wp-content\/uploads\/sites\/13\/2025\/04\/wall-mounted-ladder10-90x90.jpeg 90w\" sizes=\"auto, (max-width: 300px) 100vw, 300px\" \/><\/p>\n<p>Anwendungsanleitung:<\/p>\n<p>1) Befestigen Sie die erste Sprosse an einer Au\u00dfenwand unter dem Fenster (oder optional an einer Innenwand).<\/p>\n<p>2) Entfalten Sie w\u00e4hrend der Benutzung die Sicherungsabdeckung des Gewebes und werfen Sie die Leiter nach unten.<\/p>\n<p>3) Benutzen Sie beide H\u00e4nde an den Sprossen und steigen Sie langsam ab.<\/p>\n<p><img loading=\"lazy\" decoding=\"async\" class=\"alignnone size-full wp-image-5192\" src=\"https:\/\/isopllc.com\/at\/wp-content\/uploads\/sites\/13\/2025\/04\/wall-mounted-ladder11.jpeg\" alt=\"Externe Leiter\" width=\"300\" height=\"300\" srcset=\"https:\/\/isopllc.com\/at\/wp-content\/uploads\/sites\/13\/2025\/04\/wall-mounted-ladder11.jpeg 300w, https:\/\/isopllc.com\/at\/wp-content\/uploads\/sites\/13\/2025\/04\/wall-mounted-ladder11-150x150.jpeg 150w, https:\/\/isopllc.com\/at\/wp-content\/uploads\/sites\/13\/2025\/04\/wall-mounted-ladder11-100x100.jpeg 100w, https:\/\/isopllc.com\/at\/wp-content\/uploads\/sites\/13\/2025\/04\/wall-mounted-ladder11-60x60.jpeg 60w, https:\/\/isopllc.com\/at\/wp-content\/uploads\/sites\/13\/2025\/04\/wall-mounted-ladder11-90x90.jpeg 90w\" sizes=\"auto, (max-width: 300px) 100vw, 300px\" \/><\/p>\n<\/div>\n<\/div>\n<\/div>\n<div class=\"celwidget aplus-module module-9 aplus-standard\">\n<div class=\"aplus-module-wrapper\">\n<div class=\"\">\n<p class=\"a-spacing-base\">Outdoor-Wandmontierte Feuerleiter 8 m sind verwicklungsfrei, kompakt, wiederverwendbar, haben unterschiedliche L\u00e4ngen, sind leicht, f\u00fcr den Innen- und Au\u00dfenbereich geeignet, multifunktional und langlebig. Die beste Wahl f\u00fcr die Brandsicherheit Ihrer Familie. Permanent montierte Leitern f\u00fcr die Flucht sind ein kritisches Sicherheitsmerkmal, das einen zuverl\u00e4ssigen und zug\u00e4nglichen Fluchtweg w\u00e4hrend Brandnotf\u00e4llen bieten soll. Sie sind sicher an einem Geb\u00e4ude befestigt, sodass sie immer bereit zur Nutzung sind.<\/p>\n<p class=\"a-text-center\"><img loading=\"lazy\" decoding=\"async\" class=\"alignnone size-full wp-image-5193\" src=\"https:\/\/isopllc.com\/at\/wp-content\/uploads\/sites\/13\/2025\/04\/wall-mounted-ladder12.jpeg\" alt=\"\" width=\"300\" height=\"300\" srcset=\"https:\/\/isopllc.com\/at\/wp-content\/uploads\/sites\/13\/2025\/04\/wall-mounted-ladder12.jpeg 300w, https:\/\/isopllc.com\/at\/wp-content\/uploads\/sites\/13\/2025\/04\/wall-mounted-ladder12-150x150.jpeg 150w, https:\/\/isopllc.com\/at\/wp-content\/uploads\/sites\/13\/2025\/04\/wall-mounted-ladder12-100x100.jpeg 100w, https:\/\/isopllc.com\/at\/wp-content\/uploads\/sites\/13\/2025\/04\/wall-mounted-ladder12-60x60.jpeg 60w, https:\/\/isopllc.com\/at\/wp-content\/uploads\/sites\/13\/2025\/04\/wall-mounted-ladder12-90x90.jpeg 90w\" sizes=\"auto, (max-width: 300px) 100vw, 300px\" \/><\/p>\n<p>Wohnnutzung: Bietet einen Notausgang f\u00fcr Einfamilienh\u00e4user, insbesondere f\u00fcr mehrst\u00f6ckige Geb\u00e4ude.<\/p>\n<p>Gewerbliche Geb\u00e4ude: Stellt die Einhaltung von Brandschutzvorschriften sicher und erleichtert eine sichere Evakuierung f\u00fcr Mitarbeiter und Besucher.<\/p>\n<p class=\"a-text-center\"><img loading=\"lazy\" decoding=\"async\" class=\"alignnone size-medium wp-image-5167\" src=\"https:\/\/isopllc.com\/at\/wp-content\/uploads\/sites\/13\/2025\/03\/Feuerleiter-300x300.png\" alt=\"Feuerleitern\" width=\"300\" height=\"300\" srcset=\"https:\/\/isopllc.com\/at\/wp-content\/uploads\/sites\/13\/2025\/03\/Feuerleiter-300x300.png 300w, https:\/\/isopllc.com\/at\/wp-content\/uploads\/sites\/13\/2025\/03\/Feuerleiter-1024x1024.png 1024w, https:\/\/isopllc.com\/at\/wp-content\/uploads\/sites\/13\/2025\/03\/Feuerleiter-150x150.png 150w, https:\/\/isopllc.com\/at\/wp-content\/uploads\/sites\/13\/2025\/03\/Feuerleiter-768x768.png 768w, https:\/\/isopllc.com\/at\/wp-content\/uploads\/sites\/13\/2025\/03\/Feuerleiter-1000x1000.png 1000w, https:\/\/isopllc.com\/at\/wp-content\/uploads\/sites\/13\/2025\/03\/Feuerleiter-416x416.png 416w, https:\/\/isopllc.com\/at\/wp-content\/uploads\/sites\/13\/2025\/03\/Feuerleiter-100x100.png 100w, https:\/\/isopllc.com\/at\/wp-content\/uploads\/sites\/13\/2025\/03\/Feuerleiter-60x60.png 60w, https:\/\/isopllc.com\/at\/wp-content\/uploads\/sites\/13\/2025\/03\/Feuerleiter-90x90.png 90w, https:\/\/isopllc.com\/at\/wp-content\/uploads\/sites\/13\/2025\/03\/Feuerleiter.png 1080w\" sizes=\"auto, (max-width: 300px) 100vw, 300px\" \/><\/p>\n<p>Industriestandorte: Bietet schnelle Fluchtwege in Fabriken, Lagerr\u00e4umen oder \u00e4hnlichen Umgebungen.<\/p>\n<p>Krankenh\u00e4user und Schulen: Bietet einen sicheren Fluchtweg f\u00fcr gef\u00e4hrdete Bev\u00f6lkerungsgruppen, wie Patienten und Sch\u00fcler.<\/p>\n<p>Hotels und Hochh\u00e4user: Kritisch f\u00fcr die der Sicherheit von G\u00e4sten und Bewohnern in Notf\u00e4llen.<\/p>\n<p><img loading=\"lazy\" decoding=\"async\" class=\"alignnone size-medium wp-image-5351\" src=\"https:\/\/isopllc.com\/at\/wp-content\/uploads\/sites\/13\/2025\/04\/Certified-EN131-300x300.jpg\" alt=\"Zertifiziert Dauerhafte Feuerleiter\" width=\"300\" height=\"300\" srcset=\"https:\/\/isopllc.com\/at\/wp-content\/uploads\/sites\/13\/2025\/04\/Certified-EN131-300x300.jpg 300w, https:\/\/isopllc.com\/at\/wp-content\/uploads\/sites\/13\/2025\/04\/Certified-EN131-150x150.jpg 150w, https:\/\/isopllc.com\/at\/wp-content\/uploads\/sites\/13\/2025\/04\/Certified-EN131-768x768.jpg 768w, https:\/\/isopllc.com\/at\/wp-content\/uploads\/sites\/13\/2025\/04\/Certified-EN131-416x416.jpg 416w, https:\/\/isopllc.com\/at\/wp-content\/uploads\/sites\/13\/2025\/04\/Certified-EN131-100x100.jpg 100w, https:\/\/isopllc.com\/at\/wp-content\/uploads\/sites\/13\/2025\/04\/Certified-EN131-60x60.jpg 60w, https:\/\/isopllc.com\/at\/wp-content\/uploads\/sites\/13\/2025\/04\/Certified-EN131-90x90.jpg 90w, https:\/\/isopllc.com\/at\/wp-content\/uploads\/sites\/13\/2025\/04\/Certified-EN131.jpg 900w\" sizes=\"auto, (max-width: 300px) 100vw, 300px\" \/><\/p>\n<p>Zertifiziert<br \/>\nUnsere Leitern sind im Gegensatz zu allen \u00e4hnlichen auf dem Markt nach der Qualit\u00e4tsnorm EN 131 zertifiziert. Es ist besser, sein Leben einem Produkt anzuvertrauen, das alle notwendigen Tests bestanden hat, als einem etwas g\u00fcnstigeren Artikel, der aus fragw\u00fcrdigem Material besteht.<\/p>\n<p>Ebenfalls erh\u00e4ltlich in <a href=\"https:\/\/isopllc.com\/at\/product\/dauerhafte-feuerleiter-fuer-zwei-geschosse\/\"><strong>4 m.<\/strong><\/a><\/p>\n<\/div>\n<\/div>\n<\/div>\n","protected":false},"excerpt":{"rendered":"[embed]https:\/\/youtu.be\/7Ojk0fAWS5Y?si=FPgZu1wdWNQD5krM[\/embed]\n<p id=\"title\" class=\"a-size-large a-spacing-none\" style=\"text-align: center\"><span id=\"productTitle\" class=\"a-size-large product-title-word-break\">Outdoor-Wandmontierte Feuerleiter f\u00fcr 3-st\u00f6ckiges Haus 8m | Wasserdichte Feuerleiter | Feste Notleiter, die an einem Fenster oder Balkon installiert ist, bereit f\u00fcr die Evakuierung<\/span><\/p>\n<p style=\"text-align: center\">KOSTENLOSE LIEFERUNG INNERHALB VON 3-7 TAGEN<\/p>\n<h4 style=\"text-align: center\"><strong>KAUFEN SIE ES AN<\/strong><\/h4>\n<p><a href=\"https:\/\/www.amazon.de\/dp\/B0D8J3XHKR\/ref=sr_1_1?__mk_de_DE=%C3%85M%C3%85%C5%BD%C3%95%C3%91&amp;crid=25HF0KQK6WJGM&amp;dib=eyJ2IjoiMSJ9.FppElR5DPe3UD2ugflYbag.zUvkdmLKfIa7qAvY7UbYXQU3LBLOEtqQ-pxuaALQuKM&amp;dib_tag=se&amp;keywords=Outdoor-Wandmontierte%2BFeuerleiter%2Bf%C3%BCr%2B3-st%C3%B6ckiges%2BHaus&amp;qid=1744776732&amp;s=kitchen&amp;sprefix=b0d8j3xhkr%2Ckitchen%2C366&amp;sr=1-1&amp;th=1\"><img loading=\"lazy\" decoding=\"async\" class=\"aligncenter wp-image-1040 size-full\" src=\"https:\/\/isopllc.com\/at\/wp-content\/uploads\/sites\/13\/2020\/01\/amazon-button9.png\" alt=\"\" width=\"160\" height=\"59\" \/><\/a><\/p>\n","protected":false},"featured_media":5185,"comment_status":"open","ping_status":"closed","template":"","meta":[],"product_brand":[],"product_cat":[347,344,342],"product_tag":[196,284,283,282],"class_list":{"0":"post-5196","1":"product","2":"type-product","3":"status-publish","4":"has-post-thumbnail","6":"product_cat-feuerleitern-3-stoeckig","7":"product_cat-feuerleitern-mit-abstandshaltern","8":"product_cat-wandleitern","9":"product_tag-kletterausruestung","10":"product_tag-kletterwand-zubehoer","11":"product_tag-sprossen","12":"product_tag-wand-sprossen","14":"first","15":"instock","16":"shipping-taxable","17":"purchasable","18":"product-type-variable"},"_links":{"self":[{"href":"https:\/\/isopllc.com\/at\/wp-json\/wp\/v2\/product\/5196","targetHints":{"allow":["GET"]}}],"collection":[{"href":"https:\/\/isopllc.com\/at\/wp-json\/wp\/v2\/product"}],"about":[{"href":"https:\/\/isopllc.com\/at\/wp-json\/wp\/v2\/types\/product"}],"replies":[{"embeddable":true,"href":"https:\/\/isopllc.com\/at\/wp-json\/wp\/v2\/comments?post=5196"}],"wp:featuredmedia":[{"embeddable":true,"href":"https:\/\/isopllc.com\/at\/wp-json\/wp\/v2\/media\/5185"}],"wp:attachment":[{"href":"https:\/\/isopllc.com\/at\/wp-json\/wp\/v2\/media?parent=5196"}],"wp:term":[{"taxonomy":"product_brand","embeddable":true,"href":"https:\/\/isopllc.com\/at\/wp-json\/wp\/v2\/product_brand?post=5196"},{"taxonomy":"product_cat","embeddable":true,"href":"https:\/\/isopllc.com\/at\/wp-json\/wp\/v2\/product_cat?post=5196"},{"taxonomy":"product_tag","embeddable":true,"href":"https:\/\/isopllc.com\/at\/wp-json\/wp\/v2\/product_tag?post=5196"}],"curies":[{"name":"wp","href":"https:\/\/api.w.org\/{rel}","templated":true}]}}