{"id":5235,"date":"2025-05-08T01:28:50","date_gmt":"2025-05-08T01:28:50","guid":{"rendered":"https:\/\/isopllc.com\/at\/?post_type=product&#038;p=5235"},"modified":"2025-11-16T17:18:35","modified_gmt":"2025-11-16T17:18:35","slug":"4-sprossige-feste-leiter","status":"publish","type":"product","link":"https:\/\/isopllc.com\/at\/product\/4-sprossige-feste-leiter\/","title":{"rendered":"4-Sprossige Feste Leiter \u2013 Stabile und Sichere Kletterhilfe"},"content":{"rendered":"<h2 id=\"title\" class=\"a-size-large a-spacing-none\"><span id=\"productTitle\" class=\"a-size-large product-title-word-break\">4-Sprossige Feste Leiter \u2013 Kellerschacht-Fluchtleiter \u2013 Metallleiter mit 4 Stufen f\u00fcr Wohnmobil-Dachboden-Etagenbett<\/span><\/h2>\n<p><img loading=\"lazy\" decoding=\"async\" class=\"alignnone wp-image-5671\" src=\"https:\/\/isopllc.com\/usa\/wp-content\/uploads\/sites\/4\/2025\/03\/permanent-step-5-rungs-1.jpg\" alt=\"5-Step Wall-Mounted Ladder\" width=\"464\" height=\"287\" \/><\/p>\n<p>Wenn Sie auf der Suche nach einer vielseitigen, platzsparenden und langlebigen Leiter sind, die sicheren Zugang zu Dachb\u00f6den, Etagenbetten und Ausstiegsfenstern bietet, ist diese <a href=\"https:\/\/isopllc.com\/\">4-Sprossige Feste Leiter<\/a>\u00a0die perfekte L\u00f6sung. Diese an der Wand befestigte Leiter wurde f\u00fcr Stabilit\u00e4t und Bequemlichkeit entwickelt und bietet einen sicheren und einfachen Auf- und Abstieg, was sie zur idealen Wahl f\u00fcr Wohnungen, Lofts und dekorative Einrichtungen macht.<\/p>\n<h4 data-start=\"2677\" data-end=\"2719\">Einfache Installation und Wartung<\/h4>\n<p data-start=\"2720\" data-end=\"3111\">Diese 4-Sprossige Feste Leiter wird mit allen erforderlichen Teilen f\u00fcr eine problemlose Installation geliefert. Befolgen Sie einfach die mitgelieferten Anweisungen, um die Treppe sicher an der gew\u00fcnschten Wandoberfl\u00e4che zu befestigen. Die robuste Metallkonstruktion sorgt daf\u00fcr, dass die 4-Sprossige Feste Leiter nur minimale Wartung erfordert. Dank ihrer rost- und korrosionsbest\u00e4ndigen Eigenschaften eignet sie sich f\u00fcr den Innen- und Halbau\u00dfeneinsatz.<\/p>\n<p><img loading=\"lazy\" decoding=\"async\" class=\"alignnone wp-image-5672\" src=\"https:\/\/isopllc.com\/usa\/wp-content\/uploads\/sites\/4\/2025\/03\/permanent-step-5-rungs-2.jpg\" alt=\"Wall-Fixed Stairs\" width=\"330\" height=\"330\" \/><\/p>\n<p>Diese 4-stufigen wandmontierten Leitern f\u00fcgen sich nahtlos in jedes Innen- oder Au\u00dfenambiente ein.<\/p>\n<p><img loading=\"lazy\" decoding=\"async\" class=\"alignnone size-full wp-image-5216\" src=\"https:\/\/isopllc.com\/at\/wp-content\/uploads\/sites\/13\/2025\/05\/permanent-step-4-rungs2.jpeg\" alt=\"Kellerschacht-Fluchtleiter\" width=\"300\" height=\"300\" srcset=\"https:\/\/isopllc.com\/at\/wp-content\/uploads\/sites\/13\/2025\/05\/permanent-step-4-rungs2.jpeg 300w, https:\/\/isopllc.com\/at\/wp-content\/uploads\/sites\/13\/2025\/05\/permanent-step-4-rungs2-150x150.jpeg 150w, https:\/\/isopllc.com\/at\/wp-content\/uploads\/sites\/13\/2025\/05\/permanent-step-4-rungs2-100x100.jpeg 100w, https:\/\/isopllc.com\/at\/wp-content\/uploads\/sites\/13\/2025\/05\/permanent-step-4-rungs2-60x60.jpeg 60w, https:\/\/isopllc.com\/at\/wp-content\/uploads\/sites\/13\/2025\/05\/permanent-step-4-rungs2-90x90.jpeg 90w\" sizes=\"auto, (max-width: 300px) 100vw, 300px\" \/><\/p>\n<h4 data-start=\"1034\" data-end=\"1086\">Vielseitige Nutzung f\u00fcr verschiedene Anwendungen<\/h4>\n<p data-start=\"1087\" data-end=\"1170\">Diese 4-Sprossige Feste Leiter ist f\u00fcr verschiedene Verwendungszwecke konzipiert, darunter:<\/p>\n<ul data-start=\"1171\" data-end=\"1670\">\n<li data-start=\"1171\" data-end=\"1256\"><strong data-start=\"1173\" data-end=\"1190\">Zugang zum Dachboden: Ideal, um Dachb\u00f6den sicher zu erreichen, ohne Bodenfl\u00e4che zu beanspruchen.<\/strong><\/li>\n<li data-start=\"1171\" data-end=\"1256\"><strong data-start=\"1173\" data-end=\"1190\">Notausstiegsfenster: Sorgt f\u00fcr schnelle und einfache Fluchtwege in Notsituationen.<\/strong><\/li>\n<li data-start=\"1171\" data-end=\"1256\"><strong data-start=\"1173\" data-end=\"1190\">Etagenbetten: Bietet einen sicheren und stabilen Zugang zu Etagenbetten f\u00fcr Kinder und Erwachsene.<\/strong><\/li>\n<li data-start=\"1171\" data-end=\"1256\"><strong data-start=\"1173\" data-end=\"1190\">Dekoration &amp; Lagerung: Perfekt f\u00fcr minimalistisches und industrielles Dekor sowie zum Erreichen hoher Regale in Wohnr\u00e4umen.<\/strong><\/li>\n<li data-start=\"1171\" data-end=\"1256\"><strong data-start=\"1173\" data-end=\"1190\">Verwendung in Garage und Werkstatt: Kann in Garagen oder Werkst\u00e4tten installiert werden, um auf h\u00f6her gelegene Bereiche zuzugreifen.<\/strong><\/li>\n<\/ul>\n<p>Dar\u00fcber hinaus eignen sie sich f\u00fcr Wohnmobile, Boote und Schiffe.<\/p>\n<p><img loading=\"lazy\" decoding=\"async\" class=\"alignnone size-full wp-image-5214\" src=\"https:\/\/isopllc.com\/at\/wp-content\/uploads\/sites\/13\/2025\/05\/permanent-step-4-rungs.jpeg\" alt=\"Metallleiter\" width=\"300\" height=\"300\" srcset=\"https:\/\/isopllc.com\/at\/wp-content\/uploads\/sites\/13\/2025\/05\/permanent-step-4-rungs.jpeg 300w, https:\/\/isopllc.com\/at\/wp-content\/uploads\/sites\/13\/2025\/05\/permanent-step-4-rungs-150x150.jpeg 150w, https:\/\/isopllc.com\/at\/wp-content\/uploads\/sites\/13\/2025\/05\/permanent-step-4-rungs-100x100.jpeg 100w, https:\/\/isopllc.com\/at\/wp-content\/uploads\/sites\/13\/2025\/05\/permanent-step-4-rungs-60x60.jpeg 60w, https:\/\/isopllc.com\/at\/wp-content\/uploads\/sites\/13\/2025\/05\/permanent-step-4-rungs-90x90.jpeg 90w\" sizes=\"auto, (max-width: 300px) 100vw, 300px\" \/><\/p>\n<div class=\"celwidget aplus-module premium-module-4-two-column-images aplus-premium\" data-csa-c-id=\"15yl7x-eio1n0-m9lh6n-socwzs\" data-cel-widget=\"aplus-premium-module-4-two-column-images\">\n<div class=\"a-section a-spacing-none premium-aplus premium-aplus-module-4 aplus-container-1\">\n<div class=\"a-section a-spacing-none premium-aplus-two-column\">\n<div class=\"a-section a-spacing-none premium-aplus-column\">\n<div class=\"a-section a-spacing-none column-description\">\n<div class=\"celwidget aplus-module module-9 aplus-standard\">\n<div class=\"aplus-module-wrapper\">\n<div class=\"\">\n<p class=\"a-spacing-base\">Die Verwendung von korrosionsbest\u00e4ndigen Materialien gew\u00e4hrleistet eine langlebige Haltbarkeit.<\/p>\n<\/div>\n<\/div>\n<\/div>\n<p><img loading=\"lazy\" decoding=\"async\" class=\"alignnone wp-image-5668 size-full\" src=\"https:\/\/isopllc.com\/usa\/wp-content\/uploads\/sites\/4\/2025\/03\/permanent-step-5-rungs-10.jpeg\" alt=\"5 step ladder\" width=\"300\" height=\"300\" \/><\/p>\n<h4 data-start=\"543\" data-end=\"587\">Langlebige &amp; robuste Konstruktion<\/h4>\n<p data-start=\"588\" data-end=\"1032\">Die aus hochwertigem Metall gefertigte 4-Sprossen-Leiter h\u00e4lt dem t\u00e4glichen Gebrauch stand und ist dabei sehr robust und zuverl\u00e4ssig. Das wandmontierte Design gew\u00e4hrleistet eine feste und sichere Installation und eliminiert das Risiko des Wackelns oder der Instabilit\u00e4t. Ganz gleich, ob Sie die Leiter f\u00fcr den regelm\u00e4\u00dfigen Zugang zum Dachboden, f\u00fcr die Sicherheit von Etagenbetten oder f\u00fcr Fluchtwege aus Fenstern ben\u00f6tigen, diese Leiter ist so konstruiert, dass sie jahrelang mit minimaler Wartung auskommt.<\/p>\n<p>Robuste Konstruktion: Die aus robusten Materialien wie verzinktem Stahl oder Aluminium gefertigten 4-Sprossige Feste Leiter sind auf Langlebigkeit ausgelegt und k\u00f6nnen ein hohes Gewicht tragen.<\/p>\n<p><img loading=\"lazy\" decoding=\"async\" class=\"alignnone wp-image-5669 size-full\" src=\"https:\/\/isopllc.com\/usa\/wp-content\/uploads\/sites\/4\/2025\/03\/permanent-step-5-rungs-11.jpeg\" alt=\"ladder for wall 5 step\" width=\"300\" height=\"300\" \/><\/p>\n<h4 data-start=\"1672\" data-end=\"1715\">Platzsparendes &amp; Wandbefestigtes Design<\/h4>\n<p data-start=\"1716\" data-end=\"2193\">Im Gegensatz zu sperrigen herk\u00f6mmlichen Leitern bleibt dieses wandmontierte Modell sicher an der Wand befestigt und ist damit eine effiziente, platzsparende L\u00f6sung. Ganz gleich, ob Sie einen kleinen Wohnraum, einen Dachboden oder einen kompakten Lagerraum haben, diese Leiter hilft Ihnen, den Platz auf dem Boden zu maximieren und bietet gleichzeitig einen bequemen Zugang zu h\u00f6her gelegenen R\u00e4umen. Ihr schlankes und minimalistisches Design f\u00fcgt sich gut in moderne Innenr\u00e4ume ein und macht sie zu einer ausgezeichneten dekorativen und funktionalen Erg\u00e4nzung f\u00fcr jedes Zuhause.<\/p>\n<p data-start=\"1716\" data-end=\"2193\">Ultra-Schutz 4-Sprossige Feste Leiter: Bekannt f\u00fcr ihre robuste Konstruktion und ihre rutschhemmenden Eigenschaften, die sie zu einer zuverl\u00e4ssigen Wahl f\u00fcr Kellerfenstersch\u00e4chte machen.<\/p>\n<p><img loading=\"lazy\" decoding=\"async\" class=\"alignnone size-full wp-image-5215\" src=\"https:\/\/isopllc.com\/at\/wp-content\/uploads\/sites\/13\/2025\/05\/permanent-step-4-rungs1.jpeg\" alt=\"Wandbefestigte Leitern\" width=\"300\" height=\"300\" srcset=\"https:\/\/isopllc.com\/at\/wp-content\/uploads\/sites\/13\/2025\/05\/permanent-step-4-rungs1.jpeg 300w, https:\/\/isopllc.com\/at\/wp-content\/uploads\/sites\/13\/2025\/05\/permanent-step-4-rungs1-150x150.jpeg 150w, https:\/\/isopllc.com\/at\/wp-content\/uploads\/sites\/13\/2025\/05\/permanent-step-4-rungs1-100x100.jpeg 100w, https:\/\/isopllc.com\/at\/wp-content\/uploads\/sites\/13\/2025\/05\/permanent-step-4-rungs1-60x60.jpeg 60w, https:\/\/isopllc.com\/at\/wp-content\/uploads\/sites\/13\/2025\/05\/permanent-step-4-rungs1-90x90.jpeg 90w\" sizes=\"auto, (max-width: 300px) 100vw, 300px\" \/><\/p>\n<h4 data-start=\"2195\" data-end=\"2236\">Sicherer Vierstufiger Zugang<\/h4>\n<p data-start=\"2237\" data-end=\"2675\">Die 4 gleichm\u00e4\u00dfig verteilten Sprossen sorgen f\u00fcr einen bequemen und sicheren Aufstieg, so dass Benutzer aller Altersgruppen m\u00fchelos auf- und absteigen k\u00f6nnen. Jede Sprosse ist mit einer rutschfesten Oberfl\u00e4che ausgestattet, die das Risiko von Ausrutschen und St\u00fcrzen verringert. Der stabile Metallrahmen sorgt f\u00fcr eine bessere Gewichtsabst\u00fctzung und eignet sich daher sowohl f\u00fcr Kinder als auch f\u00fcr Erwachsene. Au\u00dferdem verhindert die Wandbefestigung ein Verrutschen, was die Sicherheit weiter erh\u00f6ht.<\/p>\n<p>Die Benutzer haben diese Leitern f\u00fcr ihre Haltbarkeit und Funktionalit\u00e4t gelobt. Sie erw\u00e4hnten, dass die 4-stufige Leiter langlebig ist und ein Gewicht von mindestens 90 kg tragen kann, was ihre robuste Bauweise unterstreicht.<\/p>\n<p><img loading=\"lazy\" decoding=\"async\" class=\"alignnone size-full wp-image-5208\" src=\"https:\/\/isopllc.com\/at\/wp-content\/uploads\/sites\/13\/2025\/05\/permanent-step-3-rungs3.jpeg\" alt=\"Eingebaute Leiter\" width=\"300\" height=\"300\" srcset=\"https:\/\/isopllc.com\/at\/wp-content\/uploads\/sites\/13\/2025\/05\/permanent-step-3-rungs3.jpeg 300w, https:\/\/isopllc.com\/at\/wp-content\/uploads\/sites\/13\/2025\/05\/permanent-step-3-rungs3-150x150.jpeg 150w, https:\/\/isopllc.com\/at\/wp-content\/uploads\/sites\/13\/2025\/05\/permanent-step-3-rungs3-100x100.jpeg 100w, https:\/\/isopllc.com\/at\/wp-content\/uploads\/sites\/13\/2025\/05\/permanent-step-3-rungs3-60x60.jpeg 60w, https:\/\/isopllc.com\/at\/wp-content\/uploads\/sites\/13\/2025\/05\/permanent-step-3-rungs3-90x90.jpeg 90w\" sizes=\"auto, (max-width: 300px) 100vw, 300px\" \/><\/p>\n<h4 data-start=\"3113\" data-end=\"3158\">Stilvolles industrielles und modernes Design<\/h4>\n<p data-start=\"3159\" data-end=\"3582\">Abgesehen von ihren funktionalen Vorteilen ist diese an der Wand befestigte Leiter auch ein stilvolles und modernes Dekorationsst\u00fcck. Die glatte Metalloberfl\u00e4che verleiht H\u00e4usern, Lofts und Wohnungen eine industrielle \u00c4sthetik und macht sie zu einer attraktiven und zugleich praktischen Erg\u00e4nzung Ihres Wohnraums. Ob zur Aufbewahrung, Dekoration oder Sicherheit, diese Leiter wertet jeden Raum optisch und funktional auf.<\/p>\n<p>Das minimalistische Design f\u00fcgt sich nahtlos in moderne Innenr\u00e4ume ein und bietet sowohl Funktionalit\u00e4t als auch \u00e4sthetische Aufwertung.<\/p>\n<p><img loading=\"lazy\" decoding=\"async\" class=\"alignnone size-medium wp-image-5218\" src=\"https:\/\/isopllc.com\/at\/wp-content\/uploads\/sites\/13\/2025\/05\/permanent-step-4-rungs4-300x300.jpg\" alt=\"Eingebaute Leiter\" width=\"300\" height=\"300\" srcset=\"https:\/\/isopllc.com\/at\/wp-content\/uploads\/sites\/13\/2025\/05\/permanent-step-4-rungs4-300x300.jpg 300w, https:\/\/isopllc.com\/at\/wp-content\/uploads\/sites\/13\/2025\/05\/permanent-step-4-rungs4-1024x1022.jpg 1024w, https:\/\/isopllc.com\/at\/wp-content\/uploads\/sites\/13\/2025\/05\/permanent-step-4-rungs4-150x150.jpg 150w, https:\/\/isopllc.com\/at\/wp-content\/uploads\/sites\/13\/2025\/05\/permanent-step-4-rungs4-768x766.jpg 768w, https:\/\/isopllc.com\/at\/wp-content\/uploads\/sites\/13\/2025\/05\/permanent-step-4-rungs4-1000x998.jpg 1000w, https:\/\/isopllc.com\/at\/wp-content\/uploads\/sites\/13\/2025\/05\/permanent-step-4-rungs4-416x415.jpg 416w, https:\/\/isopllc.com\/at\/wp-content\/uploads\/sites\/13\/2025\/05\/permanent-step-4-rungs4-100x100.jpg 100w, https:\/\/isopllc.com\/at\/wp-content\/uploads\/sites\/13\/2025\/05\/permanent-step-4-rungs4-60x60.jpg 60w, https:\/\/isopllc.com\/at\/wp-content\/uploads\/sites\/13\/2025\/05\/permanent-step-4-rungs4-90x90.jpg 90w, https:\/\/isopllc.com\/at\/wp-content\/uploads\/sites\/13\/2025\/05\/permanent-step-4-rungs4.jpg 1500w\" sizes=\"auto, (max-width: 300px) 100vw, 300px\" \/><\/p>\n<h4>Perfekt f\u00fcr H\u00e4user, Lofts und kleine R\u00e4ume<\/h4>\n<p data-start=\"4193\" data-end=\"4478\">Ganz gleich, ob Sie eine praktische Zugangsl\u00f6sung f\u00fcr enge R\u00e4ume oder ein dekoratives Element f\u00fcr Ihr Zuhause ben\u00f6tigen, diese vierstufiger Metallleiter ist ein absolutes Must-have. Ihre Vielseitigkeit, Haltbarkeit und Sicherheit machen sie zur ersten Wahl f\u00fcr Hausbesitzer, Designer und Bauherren.<\/p>\n<h3 data-start=\"4480\" data-end=\"4513\">Warum diese Permanente 4-Sprossige Feste Leiter w\u00e4hlen?<\/h3>\n<ul data-start=\"4514\" data-end=\"4816\">\n<li data-start=\"4514\" data-end=\"4588\"><strong data-start=\"4516\" data-end=\"4531\">Spart Platz und bietet gleichzeitig einen sicheren und stabilen Zugang zum Klettern.<\/strong><\/li>\n<li data-start=\"4514\" data-end=\"4588\"><strong data-start=\"4516\" data-end=\"4531\">Vielseitig verwendbar f\u00fcr Dachb\u00f6den, Etagenbetten, Fenster und modernes Heimdekor.<\/strong><\/li>\n<li data-start=\"4514\" data-end=\"4588\"><strong data-start=\"4516\" data-end=\"4531\">Hochwertige Metallkonstruktion gew\u00e4hrleistet Haltbarkeit und langfristige Leistung.<\/strong><\/li>\n<li data-start=\"4514\" data-end=\"4588\"><strong data-start=\"4516\" data-end=\"4531\">Einfach zu installieren mit einem eleganten und minimalistischen Erscheinungsbild.<\/strong><\/li>\n<\/ul>\n<p data-start=\"4818\" data-end=\"4927\" data-is-last-node=\"\" data-is-only-node=\"\">\ud83d\uded2Verbessern Sie die Funktionalit\u00e4t und Sicherheit Ihres Zuhauses &#8211; bestellen Sie Ihre 4-Sprossige Feste Leiter noch heute bei Amazon! \u00a0\ud83d\ude80<\/p>\n<p>Auch erh\u00e4ltlich mit\u00a0 <a href=\"https:\/\/isopllc.com\/at\/product\/permanente-2-stufige-gesicherte-leiter\/\"><strong>2 Sprossen<\/strong><\/a>\u00a0 |\u00a0 <a href=\"https:\/\/isopllc.com\/at\/product\/stationaere-eingebaute-leiter-3-sprossen\/\"><strong>3 Sprossen<\/strong><\/a>\u00a0 |\u00a0<a href=\"https:\/\/isopllc.com\/at\/product\/5-sprossige-wandmontierte-stehleiter\/\"><strong> 5 Sprossen.<\/strong><\/a><\/p>\n<\/div>\n<\/div>\n<\/div>\n<\/div>\n<\/div>\n","protected":false},"excerpt":{"rendered":"[embed]https:\/\/www.youtube.com\/watch?v=6xCJWP-p9pw[\/embed]\n[embed]https:\/\/www.youtube.com\/shorts\/pLAZ0v-5fRs[\/embed]\n<p id=\"title\" class=\"a-size-large a-spacing-none\" style=\"text-align: center\"><span id=\"productTitle\" class=\"a-size-large product-title-word-break\"><br \/>\n4-Sprossige Feste Leiter \u2013 Kellerschacht-Fluchtleiter \u2013 Metallleiter mit 4 Stufen f\u00fcr Wohnmobil-Dachboden-Etagenbett<\/span><\/p>\n<p style=\"text-align: center\">KOSTENLOSE LIEFERUNG INNERHALB VON 3-7 TAGEN<\/p>\n<h4 style=\"text-align: center\"><strong>KAUFEN SIE ES AN<\/strong><\/h4>\n<p><a href=\"https:\/\/www.amazon.de\/dp\/B0DV36BPDQ\/ref=sr_1_1?__mk_de_DE=%C3%85M%C3%85%C5%BD%C3%95%C3%91&amp;crid=2SX27BXUITV7B&amp;dib=eyJ2IjoiMSJ9.JXtTcVeaOhh_MLlyOGJuow.OA0qNRh_LFmMYqX05dn2RStNBerJwSBCDnRtkq9IqgQ&amp;dib_tag=se&amp;keywords=Sprossige+Feste+Leiter+Kellerschacht-Fluchtleiter+Metallleiter&amp;qid=1746668293&amp;s=kitchen&amp;sprefix=b0dv36bpdq%2Ckitchen%2C351&amp;sr=1-1&amp;th=1\"><img loading=\"lazy\" decoding=\"async\" class=\"aligncenter wp-image-1040 size-full\" src=\"https:\/\/isopllc.com\/at\/wp-content\/uploads\/sites\/13\/2020\/01\/amazon-button9.png\" alt=\"\" width=\"160\" height=\"59\" \/><\/a><\/p>\n","protected":false},"featured_media":5217,"comment_status":"open","ping_status":"closed","template":"","meta":[],"product_brand":[],"product_cat":[336,342],"product_tag":[196,284,283,282],"class_list":{"0":"post-5235","1":"product","2":"type-product","3":"status-publish","4":"has-post-thumbnail","6":"product_cat-trittleitern","7":"product_cat-wandleitern","8":"product_tag-kletterausruestung","9":"product_tag-kletterwand-zubehoer","10":"product_tag-sprossen","11":"product_tag-wand-sprossen","13":"first","14":"instock","15":"shipping-taxable","16":"purchasable","17":"product-type-variable"},"_links":{"self":[{"href":"https:\/\/isopllc.com\/at\/wp-json\/wp\/v2\/product\/5235","targetHints":{"allow":["GET"]}}],"collection":[{"href":"https:\/\/isopllc.com\/at\/wp-json\/wp\/v2\/product"}],"about":[{"href":"https:\/\/isopllc.com\/at\/wp-json\/wp\/v2\/types\/product"}],"replies":[{"embeddable":true,"href":"https:\/\/isopllc.com\/at\/wp-json\/wp\/v2\/comments?post=5235"}],"wp:featuredmedia":[{"embeddable":true,"href":"https:\/\/isopllc.com\/at\/wp-json\/wp\/v2\/media\/5217"}],"wp:attachment":[{"href":"https:\/\/isopllc.com\/at\/wp-json\/wp\/v2\/media?parent=5235"}],"wp:term":[{"taxonomy":"product_brand","embeddable":true,"href":"https:\/\/isopllc.com\/at\/wp-json\/wp\/v2\/product_brand?post=5235"},{"taxonomy":"product_cat","embeddable":true,"href":"https:\/\/isopllc.com\/at\/wp-json\/wp\/v2\/product_cat?post=5235"},{"taxonomy":"product_tag","embeddable":true,"href":"https:\/\/isopllc.com\/at\/wp-json\/wp\/v2\/product_tag?post=5235"}],"curies":[{"name":"wp","href":"https:\/\/api.w.org\/{rel}","templated":true}]}}