{"id":5302,"date":"2025-07-02T08:28:40","date_gmt":"2025-07-02T08:28:40","guid":{"rendered":"https:\/\/isopllc.com\/at\/?post_type=product&#038;p=5302"},"modified":"2025-07-21T08:19:51","modified_gmt":"2025-07-21T08:19:51","slug":"aluminiumschrank-fuer-feuerleiter-3-stoeckig","status":"publish","type":"product","link":"https:\/\/isopllc.com\/at\/product\/aluminiumschrank-fuer-feuerleiter-3-stoeckig\/","title":{"rendered":"Aluminiumschrank f\u00fcr Feuerleiter 3-St\u00f6ckig | Platzsparend und Sicher"},"content":{"rendered":"<div class=\"celwidget aplus-module module-11\">\n<div class=\"a-expander-collapsed-height a-row a-expander-container a-expander-partial-collapse-container\" aria-live=\"polite\" data-a-expander-name=\"aplus-module-expander\" data-a-expander-collapsed-height=\"360\">\n<div class=\"a-expander-content a-expander-partial-collapse-content\" aria-expanded=\"false\">\n<div class=\"aplus-module-wrapper apm-spacing apm-floatnone\">\n<div class=\"apm-sidemodule aplus-module-content\">\n<div class=\"apm-hero-image\">\n<h2 id=\"title\" class=\"a-size-large a-spacing-none\">Aluminiumschrank f\u00fcr Feuerleiter | Universeller Zugriffskasten f\u00fcr Feuerleiter 3-st\u00f6ckig | f\u00fcr Innen- und Au\u00dfenbereich | Montagematerial inkl. | Wandmontage Aufbewahrung Feuerleitern | 38 x 28 x 13 cm<\/h2>\n<article class=\"text-token-text-primary w-full\" dir=\"auto\" data-testid=\"conversation-turn-20\" data-scroll-anchor=\"false\">\n<div class=\"text-base my-auto mx-auto py-5 [--thread-content-margin:--spacing(4)] @[37rem]:[--thread-content-margin:--spacing(6)] @[72rem]:[--thread-content-margin:--spacing(16)] px-(--thread-content-margin)\">\n<div class=\"[--thread-content-max-width:32rem] @[34rem]:[--thread-content-max-width:40rem] @[64rem]:[--thread-content-max-width:48rem] mx-auto flex max-w-(--thread-content-max-width) flex-1 text-base gap-4 md:gap-5 lg:gap-6 group\/turn-messages focus-visible:outline-hidden\">\n<div class=\"group\/conversation-turn relative flex w-full min-w-0 flex-col agent-turn\">\n<div class=\"relative flex-col gap-1 md:gap-3\">\n<div class=\"flex max-w-full flex-col grow\">\n<div class=\"min-h-8 text-message relative flex w-full flex-col items-end gap-2 text-start break-words whitespace-normal [.text-message+&amp;]:mt-5\" dir=\"auto\" data-message-author-role=\"assistant\" data-message-id=\"28d91943-e2df-426f-92f1-742a0e3da1eb\" data-message-model-slug=\"gpt-4o\">\n<div class=\"flex w-full flex-col gap-1 empty:hidden first:pt-[3px]\">\n<div class=\"markdown prose dark:prose-invert w-full break-words light\">\n<p data-start=\"0\" data-end=\"565\" data-is-last-node=\"\" data-is-only-node=\"\">Stellen Sie sicher, dass Ihr Zuhause, Ihre Wohnung, Schule oder Ihr Arbeitsplatz f\u00fcr eine Notfallevakuierung vorbereitet ist \u2013 mit diesem Aluminiumschrank f\u00fcr Feuerleitern. Es handelt sich um einen robusten, eleganten und speziell entwickelten universellen Zugriffskasten, der sowohl f\u00fcr Innen- als auch f\u00fcr Au\u00dfenbereiche geeignet ist. Dieser an der Wand montierbare Aufbewahrungsschrank bietet im Falle eines Brandes oder anderer Gefahrensituationen einen schnellen und entscheidenden Zugang zu Notfall-Fluchtleitern, wenn eine rasche Evakuierung erforderlich ist.<\/p>\n<\/div>\n<\/div>\n<\/div>\n<\/div>\n<div class=\"flex min-h-[46px] justify-start\"><\/div>\n<\/div>\n<\/div>\n<\/div>\n<\/div>\n<\/article>\n<\/div>\n<\/div>\n<\/div>\n<\/div>\n<\/div>\n<\/div>\n<div class=\"celwidget aplus-module module-9\">\n<div class=\"a-expander-collapsed-height a-row a-expander-container a-expander-partial-collapse-container\" aria-live=\"polite\" data-a-expander-name=\"aplus-module-expander\" data-a-expander-collapsed-height=\"700\">\n<div class=\"a-expander-content a-expander-partial-collapse-content a-expander-content-expanded\" aria-expanded=\"true\">\n<div class=\"aplus-module-wrapper\">\n<div class=\"apm-spacing apm-fixed-width\">\n<div class=\"celwidget aplus-module module-4 aplus-standard\" data-csa-c-id=\"6mnb1z-9dwrl2-ic24uv-jd1phn\" data-cel-widget=\"aplus-module-4\">\n<div class=\"a-expander-collapsed-height a-row a-expander-container a-expander-partial-collapse-container\" aria-live=\"polite\" data-a-expander-name=\"aplus-module-expander\" data-a-expander-collapsed-height=\"700\">\n<div class=\"a-expander-content a-expander-partial-collapse-content\" aria-expanded=\"false\">\n<div class=\"aplus-module-wrapper apm-fixed-width\">\n<div class=\"apm-spacing\">\n<div class=\"apm-floatleft apm-fixed-width\">\n<div id=\"title_feature_div\" class=\"celwidget\" data-feature-name=\"title\" data-csa-c-id=\"m5t5xw-wzxd1-od319-pyb58o\" data-cel-widget=\"title_feature_div\">\n<div id=\"titleSection\" class=\"a-section a-spacing-none\">\n<div id=\"title_feature_div\" class=\"celwidget\" data-feature-name=\"title\" data-csa-c-id=\"m5t5xw-wzxd1-od319-pyb58o\" data-cel-widget=\"title_feature_div\">\n<div id=\"titleSection\" class=\"a-section a-spacing-none\">\n<p><img loading=\"lazy\" decoding=\"async\" class=\"alignnone size-medium wp-image-5308\" src=\"https:\/\/isopllc.com\/at\/wp-content\/uploads\/sites\/13\/2025\/07\/ladder-box-300x300.jpg\" alt=\"3-tier aluminum cabinet\" width=\"300\" height=\"300\" srcset=\"https:\/\/isopllc.com\/at\/wp-content\/uploads\/sites\/13\/2025\/07\/ladder-box-300x300.jpg 300w, https:\/\/isopllc.com\/at\/wp-content\/uploads\/sites\/13\/2025\/07\/ladder-box-1024x1024.jpg 1024w, https:\/\/isopllc.com\/at\/wp-content\/uploads\/sites\/13\/2025\/07\/ladder-box-150x150.jpg 150w, https:\/\/isopllc.com\/at\/wp-content\/uploads\/sites\/13\/2025\/07\/ladder-box-768x768.jpg 768w, https:\/\/isopllc.com\/at\/wp-content\/uploads\/sites\/13\/2025\/07\/ladder-box-1536x1536.jpg 1536w, https:\/\/isopllc.com\/at\/wp-content\/uploads\/sites\/13\/2025\/07\/ladder-box-2048x2048.jpg 2048w, https:\/\/isopllc.com\/at\/wp-content\/uploads\/sites\/13\/2025\/07\/ladder-box-1000x1000.jpg 1000w, https:\/\/isopllc.com\/at\/wp-content\/uploads\/sites\/13\/2025\/07\/ladder-box-416x416.jpg 416w, https:\/\/isopllc.com\/at\/wp-content\/uploads\/sites\/13\/2025\/07\/ladder-box-100x100.jpg 100w\" sizes=\"auto, (max-width: 300px) 100vw, 300px\" \/><\/p>\n<h4 data-start=\"1398\" data-end=\"1475\">Hochwertige Aluminiumkonstruktion f\u00fcr Langlebigkeit im Innen- und Au\u00dfenbereich<\/h4>\n<p data-start=\"1476\" data-end=\"1981\">Hergestellt aus hochfestem, eloxiertem Aluminium ist dieser Schrank auf Langlebigkeit, Korrosionsbest\u00e4ndigkeit und Widerstandsf\u00e4higkeit ausgelegt. Im Gegensatz zu Kunststoffalternativen oder Schr\u00e4nken aus minderwertigem Stahl ist dieses Modell wetterfest und eignet sich ideal f\u00fcr den Au\u00dfeneinsatz \u2013 perfekt f\u00fcr Balkone, Feuertreppen oder Veranden. Im Innenbereich f\u00fcgt er sich dezent in W\u00e4nde, Hauswirtschaftsr\u00e4ume oder Treppenh\u00e4user ein und bewahrt dabei eine moderne Optik, w\u00e4hrend er gleichzeitig maximale Einsatzbereitschaft im Brandfall gew\u00e4hrleistet.<\/p>\n<\/div>\n<\/div>\n<ul>\n<li>Kompaktes Design<\/li>\n<li>Robuste Eisenkonstruktion<\/li>\n<li>Acrylglas (sicherer als normales Glas im Notfall)<\/li>\n<li>Einfache Wandmontage<\/li>\n<li>\n<div class=\"relative flex-col gap-1 md:gap-3\">\n<div class=\"flex max-w-full flex-col grow\">\n<div class=\"min-h-8 text-message relative flex w-full flex-col items-end gap-2 text-start break-words whitespace-normal [.text-message+&amp;]:mt-5\" dir=\"auto\" data-message-author-role=\"assistant\" data-message-id=\"03e51b4a-acbc-4f04-9bc5-452481db775e\" data-message-model-slug=\"gpt-4o\">\n<div class=\"flex w-full flex-col gap-1 empty:hidden first:pt-[3px]\">\n<div class=\"markdown prose dark:prose-invert w-full break-words light\">\n<p data-start=\"0\" data-end=\"153\" data-is-last-node=\"\" data-is-only-node=\"\">Schnell auffindbar im Ernstfall<\/p>\n<\/div>\n<\/div>\n<\/div>\n<\/div>\n<div class=\"flex min-h-[46px] justify-start\"><\/div>\n<\/div>\n<\/li>\n<\/ul>\n<\/div>\n<\/div>\n<\/div>\n<\/div>\n<\/div>\n<\/div>\n<\/div>\n<\/div>\n<div class=\"celwidget aplus-module module-9 aplus-standard\" data-csa-c-id=\"kgh8ns-6rdhac-l4uce3-redgno\" data-cel-widget=\"aplus-module-9\">\n<div class=\"a-expander-collapsed-height a-row a-expander-container a-expander-partial-collapse-container\" aria-live=\"polite\" data-a-expander-name=\"aplus-module-expander\" data-a-expander-collapsed-height=\"700\">\n<div class=\"a-expander-content a-expander-partial-collapse-content\" aria-expanded=\"false\">\n<div class=\"aplus-module-wrapper apm-fixed-width\">\n<div class=\"apm-spacing apm-fixed-width\">\n<div class=\"celwidget aplus-module module-9 aplus-standard\" data-csa-c-id=\"6rrkxj-o9oo3p-2dk8kw-v8mrts\" data-cel-widget=\"aplus-module-9\">\n<div class=\"a-expander-collapsed-height a-row a-expander-container a-expander-partial-collapse-container\" aria-live=\"polite\" data-a-expander-name=\"aplus-module-expander\" data-a-expander-collapsed-height=\"700\">\n<div class=\"a-expander-content a-expander-partial-collapse-content\" aria-expanded=\"false\">\n<div class=\"aplus-module-wrapper apm-fixed-width\">\n<div class=\"apm-spacing apm-fixed-width\">\n<p><img loading=\"lazy\" decoding=\"async\" class=\"alignnone size-medium wp-image-5305\" src=\"https:\/\/isopllc.com\/at\/wp-content\/uploads\/sites\/13\/2025\/07\/Aluminium-storage-for-fire-rescue-stuff-300x300.jpg\" alt=\"3-tier aluminum cabinet\" width=\"300\" height=\"300\" srcset=\"https:\/\/isopllc.com\/at\/wp-content\/uploads\/sites\/13\/2025\/07\/Aluminium-storage-for-fire-rescue-stuff-300x300.jpg 300w, https:\/\/isopllc.com\/at\/wp-content\/uploads\/sites\/13\/2025\/07\/Aluminium-storage-for-fire-rescue-stuff-150x150.jpg 150w, https:\/\/isopllc.com\/at\/wp-content\/uploads\/sites\/13\/2025\/07\/Aluminium-storage-for-fire-rescue-stuff-768x768.jpg 768w, https:\/\/isopllc.com\/at\/wp-content\/uploads\/sites\/13\/2025\/07\/Aluminium-storage-for-fire-rescue-stuff-416x416.jpg 416w, https:\/\/isopllc.com\/at\/wp-content\/uploads\/sites\/13\/2025\/07\/Aluminium-storage-for-fire-rescue-stuff-100x100.jpg 100w, https:\/\/isopllc.com\/at\/wp-content\/uploads\/sites\/13\/2025\/07\/Aluminium-storage-for-fire-rescue-stuff.jpg 900w\" sizes=\"auto, (max-width: 300px) 100vw, 300px\" \/><\/p>\n<\/div>\n<p data-start=\"0\" data-end=\"121\">Eisenschrank f\u00fcr Feuerl\u00f6scher sorgt daf\u00fcr, dass Ihr Feuerl\u00f6scher oder Ihre Fluchtleiter im Notfall leicht zug\u00e4nglich ist.<\/p>\n<p data-start=\"123\" data-end=\"375\" data-is-last-node=\"\" data-is-only-node=\"\">Dank seiner kompakten Gr\u00f6\u00dfe (38 x 28 x 13 cm, 1 mm dick) und robusten Bauweise ist dieser Schrank ideal f\u00fcr Wohnungen, Eigentumswohnungen und kleine Unternehmen geeignet und bietet einen sicheren und gesch\u00fctzten Platz f\u00fcr die langfristige Aufbewahrung.<\/p>\n<div class=\"relative flex-col gap-1 md:gap-3\">\n<div class=\"flex max-w-full flex-col grow\">\n<div class=\"min-h-8 text-message relative flex w-full flex-col items-end gap-2 text-start break-words whitespace-normal [.text-message+&amp;]:mt-5\" dir=\"auto\" data-message-author-role=\"assistant\" data-message-id=\"816f77a1-f1d9-45ff-956a-05c6205b3c06\" data-message-model-slug=\"gpt-4o\">\n<div class=\"flex w-full flex-col gap-1 empty:hidden first:pt-[3px]\">\n<div class=\"markdown prose dark:prose-invert w-full break-words light\">\n<h3 data-start=\"0\" data-end=\"23\">Feuerausr\u00fcstungsstation<\/h3>\n<\/div>\n<\/div>\n<\/div>\n<\/div>\n<\/div>\n<p>Im Falle eines pl\u00f6tzlichen Brandes in Haus oder Betrieb bietet dieser Schrank einen festen Platz f\u00fcr Ihren Feuerl\u00f6scher oder Ihre Fluchtleiter \u2013 stets griffbereit, wenn es am wichtigsten ist.<\/p>\n<\/div>\n<p><img loading=\"lazy\" decoding=\"async\" class=\"alignnone size-medium wp-image-5307\" src=\"https:\/\/isopllc.com\/at\/wp-content\/uploads\/sites\/13\/2025\/07\/fire-safety-set-1-300x300.jpg\" alt=\"aluminum cabinet\" width=\"300\" height=\"300\" srcset=\"https:\/\/isopllc.com\/at\/wp-content\/uploads\/sites\/13\/2025\/07\/fire-safety-set-1-300x300.jpg 300w, https:\/\/isopllc.com\/at\/wp-content\/uploads\/sites\/13\/2025\/07\/fire-safety-set-1-1024x1024.jpg 1024w, https:\/\/isopllc.com\/at\/wp-content\/uploads\/sites\/13\/2025\/07\/fire-safety-set-1-150x150.jpg 150w, https:\/\/isopllc.com\/at\/wp-content\/uploads\/sites\/13\/2025\/07\/fire-safety-set-1-768x768.jpg 768w, https:\/\/isopllc.com\/at\/wp-content\/uploads\/sites\/13\/2025\/07\/fire-safety-set-1-1000x1000.jpg 1000w, https:\/\/isopllc.com\/at\/wp-content\/uploads\/sites\/13\/2025\/07\/fire-safety-set-1-416x416.jpg 416w, https:\/\/isopllc.com\/at\/wp-content\/uploads\/sites\/13\/2025\/07\/fire-safety-set-1-100x100.jpg 100w, https:\/\/isopllc.com\/at\/wp-content\/uploads\/sites\/13\/2025\/07\/fire-safety-set-1.jpg 1500w\" sizes=\"auto, (max-width: 300px) 100vw, 300px\" \/><\/p>\n<div class=\"celwidget aplus-module premium-module-1-image-text aplus-premium\">\n<div class=\"a-section a-spacing-none premium-aplus premium-aplus-module-1\">\n<div class=\"a-section a-spacing-none aplus-module-section aplus-text-section aplus-container-2\">\n<h3 class=\"aplus-h1 aplus-heading a-text-bold\">Professioneller oberer Seilanker<\/h3>\n<p>Set mit Kletterankerbolzen, enth\u00e4lt 2 Aufh\u00e4ngeplatten, 2 Spreizanker, Schraubenmuttern und Flachscheiben. Die Aufh\u00e4ngeplatten dienen als dauerhafter Befestigungspunkt.<\/p>\n<p>Das Set erm\u00f6glicht die Befestigung des Kastens an der Wand. Es h\u00e4lt nicht nur den Kasten, sondern die Befestigungs\u00f6sen, die f\u00fcr zwei Karabiner ausgelegt sind, erm\u00f6glichen auch das Einh\u00e4ngen einer Strickleiter, um vom Fenster abzusteigen.<\/p>\n<h4 data-start=\"3908\" data-end=\"3948\">Vielseitig f\u00fcr verschiedene Einsatzbereiche<\/h4>\n<p>Ideal f\u00fcr:<\/p>\n<ul>\n<li>Mehrst\u00f6ckige Wohnh\u00e4user<\/li>\n<li>Wohnungen und Hochh\u00e4user<\/li>\n<li>Studentenwohnheime<\/li>\n<li>Kindertagesst\u00e4tten und Kinderg\u00e4rten<\/li>\n<li>Krankenh\u00e4user und Pflegeheime<\/li>\n<li>Hotels, Hostels und Airbnbs<\/li>\n<li>Gewerbliche B\u00fcrogeb\u00e4ude<\/li>\n<li>Lagerhallen mit Zwischengeschossen<\/li>\n<\/ul>\n<p>\u00dcberall dort, wo Menschen \u00fcber dem Erdboden schlafen, arbeiten oder sich versammeln, bietet dieser Schrank eine unauff\u00e4llige und wirkungsvolle Sicherheitsl\u00f6sung.<\/p>\n<\/div>\n<\/div>\n<\/div>\n<div class=\"celwidget aplus-module premium-module-15-text aplus-premium\">\n<div class=\"a-section a-spacing-none premium-aplus premium-aplus-module-15\">\n<div class=\"a-section a-spacing-none premium-aplus-15-heading\">\n<h3 class=\"premium-aplus-15-heading-text a-text-bold\">Warum glauben wir, dass es besser ist, einen Zugangskasten f\u00fcr die Notfallleiter zu kaufen?<\/h3>\n<\/div>\n<div class=\"a-section a-spacing-none\">\n<p>Aus mehreren Gr\u00fcnden!<\/p>\n<ol>\n<li>Indem Sie den Kasten mit Ankern an der Wand (unter dem Fenster oder auf dem Balkon) befestigen, k\u00f6nnen Sie die Leiter sofort an den Anker\u00f6sen anbringen. Im Notfall werfen Sie einfach die Leiter aus dem Fenster und beginnen sofort abzusteigen, ohne wertvolle Sekunden in Verwirrung zu verlieren, wo die Leiter befestigt werden soll.<\/li>\n<li>Den Kasten k\u00f6nnen Sie sowohl innen als auch au\u00dfen am Haus anbringen. Au\u00dfen hat man den Vorteil, dass kein Platz im Haus verloren geht und das Raumdesign nicht beeintr\u00e4chtigt wird, gleichzeitig ist er gut zug\u00e4nglich, wenn er neben einem Fenster oder auf dem Balkon montiert ist.<\/li>\n<li>Auch von innen ist es praktisch, da er stets griffbereit ist und dieses wichtige lebensrettende Material in Sichtweite bleibt, sodass keine Zeit bei der Suche im Brandfall verloren geht.<\/li>\n<li>Wir halten es f\u00fcr sehr sicher, die Leitern an den Kletterankern im Inneren des Kastens zu befestigen, da diese eine Belastung von 25 kN aushalten \u2013 mehr als alles andere in Ihrem Zuhause, einschlie\u00dflich Fensterrahmen oder Balkonstangen.<\/li>\n<\/ol>\n<p data-start=\"0\" data-end=\"21\"><img loading=\"lazy\" decoding=\"async\" class=\"alignnone size-medium wp-image-5309\" src=\"https:\/\/isopllc.com\/at\/wp-content\/uploads\/sites\/13\/2025\/07\/fire-equipment-box-300x300.jpg\" alt=\"\" width=\"300\" height=\"300\" srcset=\"https:\/\/isopllc.com\/at\/wp-content\/uploads\/sites\/13\/2025\/07\/fire-equipment-box-300x300.jpg 300w, https:\/\/isopllc.com\/at\/wp-content\/uploads\/sites\/13\/2025\/07\/fire-equipment-box-1024x1024.jpg 1024w, https:\/\/isopllc.com\/at\/wp-content\/uploads\/sites\/13\/2025\/07\/fire-equipment-box-150x150.jpg 150w, https:\/\/isopllc.com\/at\/wp-content\/uploads\/sites\/13\/2025\/07\/fire-equipment-box-768x768.jpg 768w, https:\/\/isopllc.com\/at\/wp-content\/uploads\/sites\/13\/2025\/07\/fire-equipment-box-1536x1536.jpg 1536w, https:\/\/isopllc.com\/at\/wp-content\/uploads\/sites\/13\/2025\/07\/fire-equipment-box-2048x2048.jpg 2048w, https:\/\/isopllc.com\/at\/wp-content\/uploads\/sites\/13\/2025\/07\/fire-equipment-box-1000x1000.jpg 1000w, https:\/\/isopllc.com\/at\/wp-content\/uploads\/sites\/13\/2025\/07\/fire-equipment-box-416x416.jpg 416w, https:\/\/isopllc.com\/at\/wp-content\/uploads\/sites\/13\/2025\/07\/fire-equipment-box-100x100.jpg 100w, https:\/\/isopllc.com\/at\/wp-content\/uploads\/sites\/13\/2025\/07\/fire-equipment-box-60x60.jpg 60w, https:\/\/isopllc.com\/at\/wp-content\/uploads\/sites\/13\/2025\/07\/fire-equipment-box-90x90.jpg 90w\" sizes=\"auto, (max-width: 300px) 100vw, 300px\" \/><\/p>\n<p>Aluminiumschrank f\u00fcr Feuerleiter 3-st\u00f6ckig<\/p>\n<p>Dieser Aluminiumschrank wurde speziell f\u00fcr die sichere Aufbewahrung von Feuerleitern in mehrst\u00f6ckigen Geb\u00e4uden entwickelt. Mit seiner robusten und wetterfesten Konstruktion aus hochwertigem, eloxiertem Aluminium bietet er optimalen Schutz vor Korrosion und anderen Umwelteinfl\u00fcssen \u2013 sowohl im Innen- als auch im Au\u00dfenbereich. Der Schrank eignet sich ideal f\u00fcr den Einsatz an Balkonen, Fensterbereichen oder Treppenh\u00e4usern und gew\u00e4hrleistet im Notfall schnellen und sicheren Zugriff auf die Fluchtleiter.<\/p>\n<p>Dank seiner kompakten Ma\u00dfe von 38 x 28 x 13 cm nimmt der Schrank nur wenig Platz ein, l\u00e4sst sich aber dennoch problemlos an der Wand montieren. Die einfache Wandbefestigung erfolgt mithilfe von mitgelieferten Ankerbolzen, die f\u00fcr eine stabile und dauerhafte Verankerung sorgen. Zus\u00e4tzlich sind Befestigungs\u00f6sen vorhanden, die das schnelle Einh\u00e4ngen der Feuerleiter erm\u00f6glichen, sodass im Ernstfall keine wertvolle Zeit verloren geht.<\/p>\n<p>Der Aluminiumschrank f\u00fcr Feuerleiter 3-st\u00f6ckig bietet nicht nur Schutz und Funktionalit\u00e4t, sondern f\u00fcgt sich durch sein schlichtes, modernes Design auch unauff\u00e4llig in verschiedenste Geb\u00e4udearchitekturen ein. Ob Wohnhaus, Schule, B\u00fcrogeb\u00e4ude oder Hotel \u2013 dieses Produkt gew\u00e4hrleistet zuverl\u00e4ssige Sicherheit und schnelle Einsatzbereitschaft, wenn es darauf ankommt.<\/p>\n<p>Durch die Verwendung von hochwertigen Materialien und durchdachten Details \u00fcberzeugt der Schrank durch Langlebigkeit und einfache Handhabung. Er ist die optimale L\u00f6sung f\u00fcr alle, die im Ernstfall schnell und sicher evakuieren m\u00f6chten und dabei auf Qualit\u00e4t und Funktionalit\u00e4t setzen.<\/p>\n<p><span style=\"vertical-align: inherit\"><span style=\"vertical-align: inherit\">Auch in <a href=\"https:\/\/isopllc.com\/at\/product\/aluminiumschrank-fuer-feuerleiter-universal-zugangsbox-fuer-feuerloescher\/\"><strong>kleiner <\/strong><\/a>Gr\u00f6\u00dfe erh\u00e4ltlich.<\/span><\/span><\/p>\n<\/div>\n<\/div>\n<\/div>\n<div class=\"apm-spacing apm-fixed-width\"><\/div>\n<\/div>\n<\/div>\n<\/div>\n<\/div>\n<\/div>\n<\/div>\n<\/div>\n<\/div>\n<\/div>\n<\/div>\n<\/div>\n<\/div>\n<\/div>\n","protected":false},"excerpt":{"rendered":"[embed]https:\/\/youtu.be\/lg2kjhGf4h8[\/embed]\n<p>&nbsp;<\/p>\n<p style=\"text-align: center\"><span style=\"vertical-align: inherit\"><span style=\"vertical-align: inherit\">Aluminum Fire Escape Cabinet | Universal 3-Tier Fire Escape Access Box | For Indoor and Outdoor Use | Mounting Hardware Included | Wall Mounted Fire Escape Storage | 38 x 28 x 13 cm<\/span><\/span><\/p>\n<p style=\"text-align: center\"><span style=\"vertical-align: inherit\"><span style=\"vertical-align: inherit\">FREE DELIVERY IN 3-7 DAYS<\/span><\/span><\/p>\n<p style=\"text-align: center\"><strong><span style=\"vertical-align: inherit\"><span style=\"vertical-align: inherit\">BUY NOW<\/span><\/span><\/strong><\/p>\n<p><a href=\"https:\/\/www.amazon.de\/Aluminiumschrank-Feuerleiter-Universal-Zugangskasten-Montagezubeh%C3%B6r-Feuersicherheitsleitern\/dp\/B0DGQH5PZ2\/ref=sr_1_1?__mk_de_DE=%C3%85M%C3%85%C5%BD%C3%95%C3%91&amp;crid=1URT5TR1XM4LY&amp;dib=eyJ2IjoiMSJ9.Ce7cFwH7uEI8-ATISVLlsQ.HcMe72o2t7ruKW4Altl2u-WuAH3Egf9bF-I1HCVx19I&amp;dib_tag=se&amp;keywords=Aluminiumschrank%2Bf%C3%BCr%2BFeuerleiter&amp;qid=1751446389&amp;s=kitchen&amp;sprefix=b0dgqh5pz2%2Ckitchen%2C488&amp;sr=1-1&amp;th=1\"><img loading=\"lazy\" decoding=\"async\" class=\"aligncenter wp-image-1040 size-full\" src=\"https:\/\/isopllc.com\/uk\/wp-content\/uploads\/sites\/2\/2020\/01\/amazon-button9.png\" alt=\"\" width=\"160\" height=\"59\" \/><\/a><\/p>\n<p>&nbsp;<\/p>\n","protected":false},"featured_media":5303,"comment_status":"open","ping_status":"closed","template":"","meta":[],"product_brand":[],"product_cat":[339,341],"product_tag":[],"class_list":{"0":"post-5302","1":"product","2":"type-product","3":"status-publish","4":"has-post-thumbnail","6":"product_cat-zubehoer-fuer-feuerleitern","7":"product_cat-aufbewahrungsbox-fuer-feuerleitern","9":"first","10":"instock","11":"shipping-taxable","12":"purchasable","13":"product-type-simple"},"_links":{"self":[{"href":"https:\/\/isopllc.com\/at\/wp-json\/wp\/v2\/product\/5302","targetHints":{"allow":["GET"]}}],"collection":[{"href":"https:\/\/isopllc.com\/at\/wp-json\/wp\/v2\/product"}],"about":[{"href":"https:\/\/isopllc.com\/at\/wp-json\/wp\/v2\/types\/product"}],"replies":[{"embeddable":true,"href":"https:\/\/isopllc.com\/at\/wp-json\/wp\/v2\/comments?post=5302"}],"wp:featuredmedia":[{"embeddable":true,"href":"https:\/\/isopllc.com\/at\/wp-json\/wp\/v2\/media\/5303"}],"wp:attachment":[{"href":"https:\/\/isopllc.com\/at\/wp-json\/wp\/v2\/media?parent=5302"}],"wp:term":[{"taxonomy":"product_brand","embeddable":true,"href":"https:\/\/isopllc.com\/at\/wp-json\/wp\/v2\/product_brand?post=5302"},{"taxonomy":"product_cat","embeddable":true,"href":"https:\/\/isopllc.com\/at\/wp-json\/wp\/v2\/product_cat?post=5302"},{"taxonomy":"product_tag","embeddable":true,"href":"https:\/\/isopllc.com\/at\/wp-json\/wp\/v2\/product_tag?post=5302"}],"curies":[{"name":"wp","href":"https:\/\/api.w.org\/{rel}","templated":true}]}}