{"id":5508,"date":"2025-08-01T21:09:03","date_gmt":"2025-08-01T21:09:03","guid":{"rendered":"https:\/\/isopllc.com\/at\/?post_type=product&#038;p=5508"},"modified":"2025-11-16T17:15:13","modified_gmt":"2025-11-16T17:15:13","slug":"feuerloescherabdeckung-grosse-groesse-6er-pack-schutzhuelle","status":"publish","type":"product","link":"https:\/\/isopllc.com\/at\/product\/feuerloescherabdeckung-grosse-groesse-6er-pack-schutzhuelle\/","title":{"rendered":"Feuerl\u00f6scherabdeckung Gro\u00dfe Gr\u00f6\u00dfe 6er-Pack | Schutzh\u00fclle"},"content":{"rendered":"<h2 data-start=\"86\" data-end=\"290\">Feuerl\u00f6scherabdeckung Gro\u00dfe Gr\u00f6\u00dfe 6er-Pack \u2013 Staub- und Kratzschutzabdeckung \u2013 Transparente Feuerl\u00f6scherschutzh\u00fclle \u2013 Wasserdichte, wetterfeste Schutzabdeckung \u2013 f\u00fcr Feuerl\u00f6scher bis zu 4,5 kg (10 lbs)<\/h2>\n<p data-start=\"292\" data-end=\"543\">Sch\u00fctzen Sie Ihre Feuerl\u00f6scher mit diesem 6er-Pack gro\u00dfer transparenter Abdeckungen. Wasserdicht, staubdicht und wetterfest passt diese Feuerl\u00f6scherabdeckung f\u00fcr Feuerl\u00f6scher bis zu 4,5 kg (10 lbs) und sorgt f\u00fcr langfristigen, zuverl\u00e4ssigen Schutz.<\/p>\n<ul>\n<li>Robuster Schutz: Hergestellt aus dickem, verschlei\u00dffestem und wasserdichtem PVC ist diese Feuerl\u00f6scherabdeckung f\u00fcr den Einsatz unter rauen Bedingungen ausgelegt. Ob in Industrie, Gewerbe oder Wohnbereichen \u2013 sie bietet langlebige Haltbarkeit und zuverl\u00e4ssigen Schutz.<\/li>\n<li>Hohe Sichtbarkeit: In leuchtendem Notfallrot gestaltet, verf\u00fcgt sie \u00fcber einen reflektierenden Sicherheitsstreifen, schwarzen Aufdruck und schwarze Einfassung, um maximale Sichtbarkeit bei Notf\u00e4llen oder Stromausf\u00e4llen zu gew\u00e4hrleisten.<\/li>\n<li data-start=\"545\" data-end=\"815\">Universelle Passform &amp; Gr\u00f6\u00dfen: Erh\u00e4ltlich in gro\u00dfen und gro\u00dfen Gr\u00f6\u00dfen, passend f\u00fcr verschiedene Feuerl\u00f6schermodelle. Dieses Modell ist speziell f\u00fcr Feuerl\u00f6scher von 1 bis 2 kg (bis zu 5 lbs) ausgelegt und eignet sich ideal f\u00fcr den Einsatz zu Hause, im B\u00fcro oder im Fahrzeug.<\/li>\n<li data-start=\"545\" data-end=\"815\">Klares Sichtfenster: Ausgestattet mit einem gro\u00dfen transparenten Fenster erm\u00f6glicht diese Abdeckung schnelle und einfache Sichtpr\u00fcfungen des Druckmessers und des Feuerl\u00f6schertyps \u2013 so bleibt Ihre Ausr\u00fcstung jederzeit vorschriftskonform, sichtbar und einsatzbereit, ohne die Abdeckung entfernen zu m\u00fcssen.<\/li>\n<\/ul>\n<p><img loading=\"lazy\" decoding=\"async\" class=\"alignnone size-medium wp-image-5520\" src=\"https:\/\/isopllc.com\/at\/wp-content\/uploads\/sites\/13\/2025\/08\/Fire-extinguisher-300x275.jpg\" alt=\"Feuerl\u00f6scher Schutzh\u00fclle\" width=\"300\" height=\"275\" srcset=\"https:\/\/isopllc.com\/at\/wp-content\/uploads\/sites\/13\/2025\/08\/Fire-extinguisher-300x275.jpg 300w, https:\/\/isopllc.com\/at\/wp-content\/uploads\/sites\/13\/2025\/08\/Fire-extinguisher-1024x937.jpg 1024w, https:\/\/isopllc.com\/at\/wp-content\/uploads\/sites\/13\/2025\/08\/Fire-extinguisher-768x703.jpg 768w, https:\/\/isopllc.com\/at\/wp-content\/uploads\/sites\/13\/2025\/08\/Fire-extinguisher-1000x915.jpg 1000w, https:\/\/isopllc.com\/at\/wp-content\/uploads\/sites\/13\/2025\/08\/Fire-extinguisher-416x381.jpg 416w, https:\/\/isopllc.com\/at\/wp-content\/uploads\/sites\/13\/2025\/08\/Fire-extinguisher.jpg 1500w\" sizes=\"auto, (max-width: 300px) 100vw, 300px\" \/><\/p>\n<h3 data-start=\"0\" data-end=\"23\">Einfache Installation<\/h3>\n<article class=\"text-token-text-primary w-full focus:outline-none scroll-mt-[calc(var(--header-height)+min(200px,max(70px,20svh)))]\" dir=\"auto\" data-testid=\"conversation-turn-240\" data-scroll-anchor=\"true\" data-turn=\"assistant\">\n<div class=\"text-base my-auto mx-auto pb-10 [--thread-content-margin:--spacing(4)] @[37rem]:[--thread-content-margin:--spacing(6)] @[72rem]:[--thread-content-margin:--spacing(16)] px-(--thread-content-margin)\">\n<div class=\"[--thread-content-max-width:32rem] @[34rem]:[--thread-content-max-width:40rem] @[64rem]:[--thread-content-max-width:48rem] mx-auto max-w-(--thread-content-max-width) flex-1 group\/turn-messages focus-visible:outline-hidden relative flex w-full min-w-0 flex-col agent-turn\">\n<div class=\"flex max-w-full flex-col grow\">\n<div class=\"min-h-8 text-message relative flex w-full flex-col items-end gap-2 text-start break-words whitespace-normal [.text-message+&amp;]:mt-5\" dir=\"auto\" data-message-author-role=\"assistant\" data-message-id=\"5890fd27-8628-4d66-b6d6-7187baf6eb53\" data-message-model-slug=\"gpt-4o\">\n<div class=\"flex w-full flex-col gap-1 empty:hidden first:pt-[3px]\">\n<div class=\"markdown prose dark:prose-invert w-full break-words light\">\n<p data-start=\"25\" data-end=\"412\" data-is-last-node=\"\" data-is-only-node=\"\">Der Klettverschluss (Hook-and-Loop) erm\u00f6glicht eine sichere und werkzeugfreie Befestigung. Die Abdeckung ist leicht und faltbar, sodass sie sich einfach lagern oder f\u00fcr den Transport mitnehmen l\u00e4sst. Perfekt geeignet f\u00fcr den Einsatz in B\u00fcros, Lagerhallen, Fabriken, Fahrzeugen, \u00f6ffentlichen Geb\u00e4uden und Haus-Notfallsets und bietet in verschiedenen Umgebungen einen zuverl\u00e4ssigen Schutz.<\/p>\n<p data-start=\"25\" data-end=\"412\" data-is-last-node=\"\" data-is-only-node=\"\"><img loading=\"lazy\" decoding=\"async\" class=\"alignnone size-medium wp-image-5513\" src=\"https:\/\/isopllc.com\/at\/wp-content\/uploads\/sites\/13\/2025\/08\/Extinguisher-hold-300x245.jpg\" alt=\"Feuerl\u00f6scherabdeckung gro\u00df\" width=\"300\" height=\"245\" srcset=\"https:\/\/isopllc.com\/at\/wp-content\/uploads\/sites\/13\/2025\/08\/Extinguisher-hold-300x245.jpg 300w, https:\/\/isopllc.com\/at\/wp-content\/uploads\/sites\/13\/2025\/08\/Extinguisher-hold-1024x836.jpg 1024w, https:\/\/isopllc.com\/at\/wp-content\/uploads\/sites\/13\/2025\/08\/Extinguisher-hold-768x627.jpg 768w, https:\/\/isopllc.com\/at\/wp-content\/uploads\/sites\/13\/2025\/08\/Extinguisher-hold-1000x816.jpg 1000w, https:\/\/isopllc.com\/at\/wp-content\/uploads\/sites\/13\/2025\/08\/Extinguisher-hold-416x339.jpg 416w, https:\/\/isopllc.com\/at\/wp-content\/uploads\/sites\/13\/2025\/08\/Extinguisher-hold.jpg 1500w\" sizes=\"auto, (max-width: 300px) 100vw, 300px\" \/><\/p>\n<h3 data-start=\"137\" data-end=\"169\">Kundenliebling &amp; Top-Bewertung<\/h3>\n<p data-start=\"171\" data-end=\"513\">Von Nutzern f\u00fcr seine au\u00dfergew\u00f6hnliche Qualit\u00e4t, einfache Handhabung und langanhaltende Haltbarkeit gelobt, ist diese Feuerl\u00f6scherabdeckung sowohl bei Profis als auch bei Privatpersonen eine bevorzugte Wahl. Sie ist die ideale L\u00f6sung f\u00fcr Gro\u00dfabnehmer, Ersthelfer, Sicherheitsexperten und alle, die zuverl\u00e4ssigen Schutz im Notfall ben\u00f6tigen.<\/p>\n<p data-start=\"515\" data-end=\"802\">Egal, ob Sie die beste Feuerl\u00f6scherabdeckung in Ihrer N\u00e4he suchen, einen kosteng\u00fcnstigen, aber robusten Schutz oder eine zuverl\u00e4ssige wasserdichte H\u00fclle f\u00fcr den Notfall \u2013 diese strapazierf\u00e4hige Abdeckung bietet konstante Leistung und sorgt f\u00fcr Sicherheit sowie ein beruhigendes Gef\u00fchl.<\/p>\n<p data-start=\"515\" data-end=\"802\"><img loading=\"lazy\" decoding=\"async\" class=\"alignnone size-medium wp-image-5512\" src=\"https:\/\/isopllc.com\/at\/wp-content\/uploads\/sites\/13\/2025\/08\/extinguisher-cover-300x300.jpg\" alt=\"Feuerl\u00f6scherabdeckung klein\" width=\"300\" height=\"300\" srcset=\"https:\/\/isopllc.com\/at\/wp-content\/uploads\/sites\/13\/2025\/08\/extinguisher-cover-300x300.jpg 300w, https:\/\/isopllc.com\/at\/wp-content\/uploads\/sites\/13\/2025\/08\/extinguisher-cover-150x150.jpg 150w, https:\/\/isopllc.com\/at\/wp-content\/uploads\/sites\/13\/2025\/08\/extinguisher-cover-416x416.jpg 416w, https:\/\/isopllc.com\/at\/wp-content\/uploads\/sites\/13\/2025\/08\/extinguisher-cover-100x100.jpg 100w, https:\/\/isopllc.com\/at\/wp-content\/uploads\/sites\/13\/2025\/08\/extinguisher-cover.jpg 679w\" sizes=\"auto, (max-width: 300px) 100vw, 300px\" \/><\/p>\n<div id=\"title_feature_div\" class=\"celwidget\" data-feature-name=\"title\" data-csa-c-type=\"widget\" data-csa-c-content-id=\"title\" data-csa-c-slot-id=\"title_feature_div\" data-csa-c-asin=\"B0FCSQ681J\" data-csa-c-is-in-initial-active-row=\"false\" data-csa-c-id=\"1cunwh-ofahev-lo8i79-q4f8mn\" data-cel-widget=\"title_feature_div\">\n<div id=\"titleSection\" class=\"a-section a-spacing-none\">\n<div class=\"pointer-events-none h-px w-px\" aria-hidden=\"true\" data-edge=\"true\">\n<p data-start=\"104\" data-end=\"641\">Stellen Sie sicher, dass Ihre Feuerl\u00f6scher jederzeit einsatzbereit und gut gesch\u00fctzt sind \u2013 mit diesem Set aus 6 robusten Feuerl\u00f6scherabdeckungen. Diese 6er-Packung gro\u00dfer transparenter Abdeckungen ist f\u00fcr Feuerl\u00f6scher bis zu 4,5 kg (10 lbs \/ 1\u20132 kg) geeignet und bietet zuverl\u00e4ssigen Schutz vor Staub, Schmutz, Kratzern, UV-Strahlen und Feuchtigkeit \u2013 sowohl im Innen- als auch im Au\u00dfenbereich. Ideal f\u00fcr den Einsatz in gewerblichen, industriellen und privaten Bereichen vereinen sie praktische Funktionalit\u00e4t mit ansprechender Optik.<\/p>\n<p data-start=\"643\" data-end=\"1261\">Jede Abdeckung besteht aus dickem, verschlei\u00dffestem und wasserdichtem PVC, das selbst rauen Bedingungen standh\u00e4lt. F\u00fcr eine lange Lebensdauer konzipiert, eignen sie sich hervorragend f\u00fcr stark frequentierte Bereiche wie Fabriken, Lagerhallen, \u00f6ffentliche Geb\u00e4ude, Garagen oder Baustellen sowie f\u00fcr h\u00e4usliche Sicherheitssets. Die leuchtend rote Farbe mit reflektierendem Sicherheitsstreifen und schwarzer Bedruckung sorgt daf\u00fcr, dass Ihre Feuerl\u00f6scher im Notfall gut sichtbar sind. Das auff\u00e4llige Design erh\u00f6ht die Aufmerksamkeit und erleichtert das Auffinden des Feuerl\u00f6schers auch bei schlechten Lichtverh\u00e4ltnissen.<\/p>\n<p data-start=\"175\" data-end=\"588\"><img loading=\"lazy\" decoding=\"async\" class=\"alignnone size-medium wp-image-5514\" src=\"https:\/\/isopllc.com\/at\/wp-content\/uploads\/sites\/13\/2025\/08\/Fire-extinguisher-cover-1-300x300.jpg\" alt=\"Staub- und Kratzschutzabdeckung\" width=\"300\" height=\"300\" srcset=\"https:\/\/isopllc.com\/at\/wp-content\/uploads\/sites\/13\/2025\/08\/Fire-extinguisher-cover-1-300x300.jpg 300w, https:\/\/isopllc.com\/at\/wp-content\/uploads\/sites\/13\/2025\/08\/Fire-extinguisher-cover-1-1024x1024.jpg 1024w, https:\/\/isopllc.com\/at\/wp-content\/uploads\/sites\/13\/2025\/08\/Fire-extinguisher-cover-1-150x150.jpg 150w, https:\/\/isopllc.com\/at\/wp-content\/uploads\/sites\/13\/2025\/08\/Fire-extinguisher-cover-1-768x768.jpg 768w, https:\/\/isopllc.com\/at\/wp-content\/uploads\/sites\/13\/2025\/08\/Fire-extinguisher-cover-1-1000x1000.jpg 1000w, https:\/\/isopllc.com\/at\/wp-content\/uploads\/sites\/13\/2025\/08\/Fire-extinguisher-cover-1-416x416.jpg 416w, https:\/\/isopllc.com\/at\/wp-content\/uploads\/sites\/13\/2025\/08\/Fire-extinguisher-cover-1-100x100.jpg 100w, https:\/\/isopllc.com\/at\/wp-content\/uploads\/sites\/13\/2025\/08\/Fire-extinguisher-cover-1.jpg 1500w\" sizes=\"auto, (max-width: 300px) 100vw, 300px\" \/><\/p>\n<p data-start=\"1263\" data-end=\"1860\">Ein gro\u00dfes transparentes Sichtfenster erm\u00f6glicht schnelle und bequeme Sichtpr\u00fcfungen des Druckmessers und des Typs des Feuerl\u00f6schers \u2013 so bleiben Sie jederzeit vorschriftsgem\u00e4\u00df und einsatzbereit, ohne die Abdeckung entfernen zu m\u00fcssen. Dieses Angebot bezieht sich auf die gro\u00dfe Ausf\u00fchrung, die f\u00fcr Feuerl\u00f6scher bis zu 4,5 kg geeignet ist. Ein Klettverschluss-System sorgt f\u00fcr eine sichere und passgenaue Befestigung und erm\u00f6glicht gleichzeitig ein schnelles Entfernen im Notfall. Leicht und faltbar lassen sich die Abdeckungen einfach lagern oder transportieren, wenn sie nicht in Gebrauch sind.<\/p>\n<p data-start=\"1212\" data-end=\"1451\">Perfekt geeignet f\u00fcr den Einsatz in Wohnungen, B\u00fcros, Schulen, Hotels, Fahrzeugen und \u00f6ffentlichen Bereichen. Diese Abdeckungen bieten Sicherheit und gew\u00e4hrleisten, dass Ihre Ger\u00e4te gesch\u00fctzt und stets gut sichtbar sind. Diese hoch bewertete Feuerl\u00f6scherabdeckung ist die bevorzugte Wahl von Sicherheitsfachkr\u00e4ften, Ersthelfern und Unternehmen. Robust, wetterfest und benutzerfreundlich \u2013 eine praktische Investition in Sicherheit und Gesetzeskonformit\u00e4t.<\/p>\n<\/div>\n<\/div>\n<\/div>\n<p data-start=\"296\" data-end=\"546\">Auch erh\u00e4ltlich in folgenden Ausf\u00fchrungen:<\/p>\n<p data-start=\"515\" data-end=\"802\"><strong><a href=\"https:\/\/isopllc.com\/at\/product\/feuerloescherabdeckung-kleine-groesse-2er-pack-schutzabdeckung\/\">Kleine Gr\u00f6\u00dfe 2er-Pack\u00a0<\/a> \u00a0|\u00a0 \u00a0<a href=\"https:\/\/isopllc.com\/at\/product\/feuerloescherabdeckung-kleine-groesse-6er%e2%80%91pack-schutzabdeckung\/\">Klein Gr\u00f6\u00dfe 6er-Pack<\/a>\u00a0 \u00a0|\u00a0 <a href=\"https:\/\/isopllc.com\/at\/?post_type=product&amp;p=5509&amp;preview=true\">Gro\u00dfe Gr\u00f6\u00dfe 2er-Pack<\/a><\/strong><\/p>\n<\/div>\n<\/div>\n<\/div>\n<\/div>\n<\/div>\n<\/div>\n<\/article>\n","protected":false},"excerpt":{"rendered":"[embed]https:\/\/www.youtube.com\/watch?v=CPDSmMW-vhw[\/embed]\n<p data-start=\"292\" data-end=\"543\">Sch\u00fctzen Sie Ihre Feuerl\u00f6scher mit diesem 6er-Pack gro\u00dfer transparenter Abdeckungen. Wasserdicht, staubdicht und wetterfest passt diese Feuerl\u00f6scherabdeckung f\u00fcr Feuerl\u00f6scher bis zu 4,5 kg (10 lbs) und sorgt f\u00fcr langfristigen, zuverl\u00e4ssigen Schutz.<\/p>\n<ul>\n<li>Robuster Schutz: Hergestellt aus dickem, verschlei\u00dffestem und wasserdichtem PVC ist diese Feuerl\u00f6scherabdeckung f\u00fcr den Einsatz unter rauen Bedingungen ausgelegt. Ob in Industrie, Gewerbe oder Wohnbereichen \u2013 sie bietet langlebige Haltbarkeit und zuverl\u00e4ssigen Schutz.<\/li>\n<li>Hohe Sichtbarkeit: In leuchtendem Notfallrot gestaltet, verf\u00fcgt sie \u00fcber einen reflektierenden Sicherheitsstreifen, schwarzen Aufdruck und schwarze Einfassung, um maximale Sichtbarkeit bei Notf\u00e4llen oder Stromausf\u00e4llen zu gew\u00e4hrleisten.<\/li>\n<li data-start=\"545\" data-end=\"815\">Universelle Passform &amp; Gr\u00f6\u00dfen: Erh\u00e4ltlich in gro\u00dfen und gro\u00dfen Gr\u00f6\u00dfen, passend f\u00fcr verschiedene Feuerl\u00f6schermodelle. Dieses Modell ist speziell f\u00fcr Feuerl\u00f6scher von 1 bis 2 kg (bis zu 5 lbs) ausgelegt und eignet sich ideal f\u00fcr den Einsatz zu Hause, im B\u00fcro oder im Fahrzeug.<\/li>\n<li data-start=\"545\" data-end=\"815\">Klares Sichtfenster: Ausgestattet mit einem gro\u00dfen transparenten Fenster erm\u00f6glicht diese Abdeckung schnelle und einfache Sichtpr\u00fcfungen des Druckmessers und des Feuerl\u00f6schertyps \u2013 so bleibt Ihre Ausr\u00fcstung jederzeit vorschriftskonform, sichtbar und einsatzbereit, ohne die Abdeckung entfernen zu m\u00fcssen.<\/li>\n<\/ul>\n","protected":false},"featured_media":5516,"comment_status":"open","ping_status":"closed","template":"","meta":[],"product_brand":[],"product_cat":[334],"product_tag":[],"class_list":{"0":"post-5508","1":"product","2":"type-product","3":"status-publish","4":"has-post-thumbnail","6":"product_cat-feuerloescherhalterungen","8":"first","9":"instock","10":"shipping-taxable","11":"purchasable","12":"product-type-variable"},"_links":{"self":[{"href":"https:\/\/isopllc.com\/at\/wp-json\/wp\/v2\/product\/5508","targetHints":{"allow":["GET"]}}],"collection":[{"href":"https:\/\/isopllc.com\/at\/wp-json\/wp\/v2\/product"}],"about":[{"href":"https:\/\/isopllc.com\/at\/wp-json\/wp\/v2\/types\/product"}],"replies":[{"embeddable":true,"href":"https:\/\/isopllc.com\/at\/wp-json\/wp\/v2\/comments?post=5508"}],"wp:featuredmedia":[{"embeddable":true,"href":"https:\/\/isopllc.com\/at\/wp-json\/wp\/v2\/media\/5516"}],"wp:attachment":[{"href":"https:\/\/isopllc.com\/at\/wp-json\/wp\/v2\/media?parent=5508"}],"wp:term":[{"taxonomy":"product_brand","embeddable":true,"href":"https:\/\/isopllc.com\/at\/wp-json\/wp\/v2\/product_brand?post=5508"},{"taxonomy":"product_cat","embeddable":true,"href":"https:\/\/isopllc.com\/at\/wp-json\/wp\/v2\/product_cat?post=5508"},{"taxonomy":"product_tag","embeddable":true,"href":"https:\/\/isopllc.com\/at\/wp-json\/wp\/v2\/product_tag?post=5508"}],"curies":[{"name":"wp","href":"https:\/\/api.w.org\/{rel}","templated":true}]}}