{"id":5547,"date":"2025-09-05T06:48:25","date_gmt":"2025-09-05T06:48:25","guid":{"rendered":"https:\/\/isopllc.com\/at\/?post_type=product&#038;p=5547"},"modified":"2026-01-04T22:45:19","modified_gmt":"2026-01-04T22:45:19","slug":"kollapsbare-verlaengerungsleiter-2-6-m","status":"publish","type":"product","link":"https:\/\/isopllc.com\/at\/product\/kollapsbare-verlaengerungsleiter-2-6-m\/","title":{"rendered":"Kollapsbare Verl\u00e4ngerungsleiter 2.6 m | Leichte &amp; Langlebige Teleskopleiter"},"content":{"rendered":"<div id=\"title_feature_div\" class=\"celwidget\" data-feature-name=\"title\" data-csa-c-type=\"widget\" data-csa-c-content-id=\"title\" data-csa-c-slot-id=\"title_feature_div\" data-csa-c-asin=\"B0FCYT9SV6\" data-csa-c-is-in-initial-active-row=\"false\" data-csa-c-id=\"wnzk20-lron7g-8z88xl-s1tbsb\" data-cel-widget=\"title_feature_div\">\n<div id=\"titleSection\" class=\"a-section a-spacing-none\">\n<h1 data-start=\"0\" data-end=\"178\">Kollapsbare Verl\u00e4ngerungsleiter | Kompakt, Leicht &amp; Langlebig f\u00fcr Zuhause &amp; Arbeit | Tragbare Stehleiter 2.6 m | Multifunktionale Stehleiter | Faltbar, Belastbar &amp; Zertifiziert<\/h1>\n<p>Die Kollapsbare Verl\u00e4ngerungsleiter ist der ideale Helfer f\u00fcr Haus, Garten und Beruf. Dank ihrer kompakten und faltbaren Bauweise l\u00e4sst sie sich platzsparend verstauen und m\u00fchelos transportieren. Mit einer maximalen L\u00e4nge von 2.6 m bietet sie vielseitige Einsatzm\u00f6glichkeiten \u2013 ob beim Renovieren, Reinigen, f\u00fcr Handwerksarbeiten oder im Au\u00dfenbereich.<\/p>\n<p data-start=\"39\" data-end=\"186\">Diese tragbare 2.6 m Kletterleiter ist eine robuste, faltbare und zertifizierte Mehrzweckleiter \u2013 perfekt f\u00fcr Zuhause, Arbeit und DIY-Projekte.<\/p>\n<\/div>\n<\/div>\n<div id=\"bylineInfo_feature_div\" class=\"celwidget\" data-feature-name=\"bylineInfo\" data-csa-c-type=\"widget\" data-csa-c-content-id=\"bylineInfo\" data-csa-c-slot-id=\"bylineInfo_feature_div\" data-csa-c-asin=\"B0FCYT9SV6\" data-csa-c-is-in-initial-active-row=\"false\" data-csa-c-id=\"x4qcmb-ga3w6m-bobdn-deypyg\" data-cel-widget=\"bylineInfo_feature_div\">\n<ul class=\"a-unordered-list a-vertical a-spacing-mini\">\n<li class=\"a-spacing-mini\"><span class=\"a-list-item\">Leichtes &amp; Langlebiges Design \u2013 Gefertigt aus hochwertigen Materialien, ist diese teleskopische Kollapsbare Verl\u00e4ngerungsleiter leicht zu transportieren und dennoch robust genug f\u00fcr den langfristigen Einsatz.<\/span><\/li>\n<li class=\"a-spacing-mini\">Zertifizierte Sicherheit, der Sie vertrauen k\u00f6nnen \u2013 Vollst\u00e4ndig zertifiziert nach Sicherheitsstandards, empfohlen von Profis und Heimwerkern gleicherma\u00dfen<\/li>\n<li class=\"a-spacing-mini\">Platzsparend &amp; Kompakt \u2013 Das teleskopische Design l\u00e4sst sich schnell zusammenklappen und spart Platz in Garage, Transporter oder Zuhause \u2013 ideal f\u00fcr Innen- und Au\u00dfeneinsatz<\/li>\n<li>Multifunktional \u2013 Gepr\u00fcfte Qualit\u00e4t, einsetzbar als Stehleiter, Anlegeleiter oder flexible Arbeitsleiter.<\/li>\n<li class=\"a-spacing-mini\">Von Tausenden vertraut \u2013 Mit Top-Bewertungen gilt diese ISOP Kollapsbare Verl\u00e4ngerungsleiter als eine der besten Leitern f\u00fcr private und professionelle Nutzung<\/li>\n<\/ul>\n<p><img loading=\"lazy\" decoding=\"async\" class=\"size-medium wp-image-5548 aligncenter\" src=\"https:\/\/isopllc.com\/at\/wp-content\/uploads\/sites\/13\/2025\/09\/Telescopic-ladders-300x124.jpg\" alt=\"Mehrzweckleiter\" width=\"300\" height=\"124\" srcset=\"https:\/\/isopllc.com\/at\/wp-content\/uploads\/sites\/13\/2025\/09\/Telescopic-ladders-300x124.jpg 300w, https:\/\/isopllc.com\/at\/wp-content\/uploads\/sites\/13\/2025\/09\/Telescopic-ladders-1024x422.jpg 1024w, https:\/\/isopllc.com\/at\/wp-content\/uploads\/sites\/13\/2025\/09\/Telescopic-ladders-768x316.jpg 768w, https:\/\/isopllc.com\/at\/wp-content\/uploads\/sites\/13\/2025\/09\/Telescopic-ladders-1000x412.jpg 1000w, https:\/\/isopllc.com\/at\/wp-content\/uploads\/sites\/13\/2025\/09\/Telescopic-ladders-416x171.jpg 416w, https:\/\/isopllc.com\/at\/wp-content\/uploads\/sites\/13\/2025\/09\/Telescopic-ladders.jpg 1447w\" sizes=\"auto, (max-width: 300px) 100vw, 300px\" \/><\/p>\n<div class=\"apm-flex-item-third-width\">\n<p>Perfekt f\u00fcr DIY &amp; Professionellen Einsatz \u2013 H\u00f6chst empfohlen f\u00fcr Handwerker, Bauunternehmer und Hausbesitzer \u2013 ideal zum Streichen, Reinigen, Reparieren und mehr.<br data-start=\"1474\" data-end=\"1477\" \/>Leicht, aber Stabil \u2013 Wiegt weniger als herk\u00f6mmliche Leitern, tr\u00e4gt aber schwere Lasten \u2013 kompakt, faltbar und leicht \u00fcberallhin mitzunehmen.<\/p>\n<\/div>\n<div class=\"apm-flex-item-third-width\">\n<p><img loading=\"lazy\" decoding=\"async\" class=\"size-medium wp-image-5549 aligncenter\" src=\"https:\/\/isopllc.com\/at\/wp-content\/uploads\/sites\/13\/2025\/09\/Telescopoic-ladders-2-300x300.jpg\" alt=\"Klappleiter\" width=\"300\" height=\"300\" srcset=\"https:\/\/isopllc.com\/at\/wp-content\/uploads\/sites\/13\/2025\/09\/Telescopoic-ladders-2-300x300.jpg 300w, https:\/\/isopllc.com\/at\/wp-content\/uploads\/sites\/13\/2025\/09\/Telescopoic-ladders-2-1024x1024.jpg 1024w, https:\/\/isopllc.com\/at\/wp-content\/uploads\/sites\/13\/2025\/09\/Telescopoic-ladders-2-150x150.jpg 150w, https:\/\/isopllc.com\/at\/wp-content\/uploads\/sites\/13\/2025\/09\/Telescopoic-ladders-2-768x768.jpg 768w, https:\/\/isopllc.com\/at\/wp-content\/uploads\/sites\/13\/2025\/09\/Telescopoic-ladders-2-1000x1000.jpg 1000w, https:\/\/isopllc.com\/at\/wp-content\/uploads\/sites\/13\/2025\/09\/Telescopoic-ladders-2-416x416.jpg 416w, https:\/\/isopllc.com\/at\/wp-content\/uploads\/sites\/13\/2025\/09\/Telescopoic-ladders-2-100x100.jpg 100w, https:\/\/isopllc.com\/at\/wp-content\/uploads\/sites\/13\/2025\/09\/Telescopoic-ladders-2.jpg 1500w\" sizes=\"auto, (max-width: 300px) 100vw, 300px\" \/><\/p>\n<div class=\"apm-flex-item-third-width\">\n<p>Verbessern Sie Ihre Heimwerker- und Arbeitsprojekte mit dieser platzsparenden 2.6 m Teleskopleiter. Aus hochwertigem, langlebigem Aluminium gefertigt, bietet sie St\u00e4rke und Leichtigkeit zugleich und ist einfach zu tragen und zu handhaben. Das teleskopische Design l\u00e4sst sich auf volle 8 Stufen ausziehen und kompakt einfahren \u2013 ideal zur Aufbewahrung in Schr\u00e4nken, Garagen oder Kofferr\u00e4umen<\/p>\n<\/div>\n<div class=\"apm-flex-item-third-width\">\n<div class=\"celwidget aplus-module module-9 aplus-standard\" data-csa-c-id=\"log2zb-47c0ec-28uu0d-le5pjp\" data-cel-widget=\"aplus-module-9\">\n<div class=\"aplus-module-wrapper apm-fixed-width apm-spacing\">\n<div class=\"apm-flex\">\n<div class=\"apm-flex-item-third-width\">\n<p data-start=\"2014\" data-end=\"2365\">Sowohl f\u00fcr Innen- als auch Au\u00dfeneins\u00e4tze geeignet, sorgt diese faltbare Leiter mit rutschfesten Stufen und sicheren Verriegelungsmechanismen f\u00fcr Stabilit\u00e4t und Sicherheit bei Arbeiten in der H\u00f6he. Ob f\u00fcr Hausarbeiten, Malerarbeiten oder professionelle Nutzung \u2013 diese vielseitige Klappleiter vereint Sicherheit, Mobilit\u00e4t und Langlebigkeit in einem.<\/p>\n<\/div>\n<\/div>\n<\/div>\n<div><img loading=\"lazy\" decoding=\"async\" class=\"size-medium wp-image-5550 aligncenter\" src=\"https:\/\/isopllc.com\/at\/wp-content\/uploads\/sites\/13\/2025\/09\/Telescopic-ladders-5-291x300.jpg\" alt=\"Leichte Teleskopleiter\" width=\"291\" height=\"300\" srcset=\"https:\/\/isopllc.com\/at\/wp-content\/uploads\/sites\/13\/2025\/09\/Telescopic-ladders-5-291x300.jpg 291w, https:\/\/isopllc.com\/at\/wp-content\/uploads\/sites\/13\/2025\/09\/Telescopic-ladders-5-994x1024.jpg 994w, https:\/\/isopllc.com\/at\/wp-content\/uploads\/sites\/13\/2025\/09\/Telescopic-ladders-5-768x791.jpg 768w, https:\/\/isopllc.com\/at\/wp-content\/uploads\/sites\/13\/2025\/09\/Telescopic-ladders-5-971x1000.jpg 971w, https:\/\/isopllc.com\/at\/wp-content\/uploads\/sites\/13\/2025\/09\/Telescopic-ladders-5-416x429.jpg 416w, https:\/\/isopllc.com\/at\/wp-content\/uploads\/sites\/13\/2025\/09\/Telescopic-ladders-5.jpg 1456w\" sizes=\"auto, (max-width: 291px) 100vw, 291px\" \/><\/div>\n<\/div>\n<div class=\"celwidget aplus-module module-9 aplus-standard\" data-csa-c-id=\"30spr6-s664hy-iei3iy-t8zj36\" data-cel-widget=\"aplus-module-9\">\n<div class=\"aplus-module-wrapper apm-fixed-width apm-spacing\">\n<div class=\"apm-flex\">\n<div class=\"apm-flex-item-third-width\">\n<div class=\"apm-flex-item-third-width\">\n<p data-start=\"2367\" data-end=\"2751\">Mit Fokus auf Anwendersicherheit ist die Leiter mit einem verst\u00e4rkten Verriegelungssystem an jeder Stufe ausgestattet, das unbeabsichtigtes Einklappen verhindert. Breite, rutschfeste Sprossen bieten sicheren Halt, w\u00e4hrend gummierte F\u00fc\u00dfe Stabilit\u00e4t auf verschiedenen Untergr\u00fcnden gew\u00e4hrleisten \u2013 ob Beton, Fliesen oder unebenes Gel\u00e4nde. Sie k\u00f6nnen jeden Schritt sorgenfrei erklimmen.<\/p>\n<\/div>\n<div class=\"apm-flex-item-third-width\">\n<p><img loading=\"lazy\" decoding=\"async\" class=\"size-medium wp-image-5551 aligncenter\" src=\"https:\/\/isopllc.com\/at\/wp-content\/uploads\/sites\/13\/2025\/09\/telescopic-ladder-8ft-300x300.jpg\" alt=\"Kollapsbare Verl\u00e4ngerungsleiter\" width=\"300\" height=\"300\" srcset=\"https:\/\/isopllc.com\/at\/wp-content\/uploads\/sites\/13\/2025\/09\/telescopic-ladder-8ft-300x300.jpg 300w, https:\/\/isopllc.com\/at\/wp-content\/uploads\/sites\/13\/2025\/09\/telescopic-ladder-8ft-1024x1024.jpg 1024w, https:\/\/isopllc.com\/at\/wp-content\/uploads\/sites\/13\/2025\/09\/telescopic-ladder-8ft-150x150.jpg 150w, https:\/\/isopllc.com\/at\/wp-content\/uploads\/sites\/13\/2025\/09\/telescopic-ladder-8ft-768x768.jpg 768w, https:\/\/isopllc.com\/at\/wp-content\/uploads\/sites\/13\/2025\/09\/telescopic-ladder-8ft-1000x1000.jpg 1000w, https:\/\/isopllc.com\/at\/wp-content\/uploads\/sites\/13\/2025\/09\/telescopic-ladder-8ft-416x416.jpg 416w, https:\/\/isopllc.com\/at\/wp-content\/uploads\/sites\/13\/2025\/09\/telescopic-ladder-8ft-100x100.jpg 100w, https:\/\/isopllc.com\/at\/wp-content\/uploads\/sites\/13\/2025\/09\/telescopic-ladder-8ft.jpg 1500w\" sizes=\"auto, (max-width: 300px) 100vw, 300px\" \/><\/p>\n<div class=\"apm-flex-item-third-width\">\n<p data-start=\"2753\" data-end=\"3108\">Die teleskopische Funktion spart nicht nur Platz, sondern ist auch effizient. Ziehen Sie nur die ben\u00f6tigten Stufen aus \u2013 ob f\u00fcr niedrige Regale oder den Zugang zum Dach. Die Ein-Knopf-R\u00fcckzugfunktion erm\u00f6glicht ein sanftes und kontrolliertes Zusammenklappen, reduziert das Risiko von Fingerquetschungen und macht das Verstauen schnell und unkompliziert.<\/p>\n<\/div>\n<div class=\"apm-flex-item-third-width\">\n<div class=\"celwidget aplus-module module-9 aplus-standard\" data-csa-c-id=\"30spr6-s664hy-iei3iy-t8zj36\" data-cel-widget=\"aplus-module-9\">\n<div class=\"aplus-module-wrapper apm-fixed-width apm-spacing\">\n<div class=\"apm-flex\">\n<div class=\"apm-flex-item-third-width\">\n<p data-start=\"3110\" data-end=\"3453\">Ob Hausbesitzer, Handwerker oder Bauunternehmer \u2013 diese Leiter passt sich Ihren Bed\u00fcrfnissen an. Nutzen Sie sie zum Reinigen von Dachrinnen, Wechseln von Lampen, Dekorieren oder sogar f\u00fcr Camping und Wohnmobilzugang. Dank ihres kompakten Formats und geringen Gewichts (nur wenige Kilogramm) ist sie ein zuverl\u00e4ssiger Begleiter f\u00fcr unterwegs.<\/p>\n<p data-start=\"3110\" data-end=\"3453\">Die multifunktionale Nutzung macht sie zu einem flexiblen Allrounder: als Anlegeleiter, Stehleiter oder kompakte L\u00f6sung f\u00fcr unterwegs. Damit ist sie die perfekte Kombination aus Sicherheit, Komfort und Vielseitigkeit \u2013 sowohl f\u00fcr den privaten als auch den professionellen Gebrauch.<\/p>\n<\/div>\n<\/div>\n<\/div>\n<\/div>\n<div class=\"celwidget aplus-module module-5 aplus-standard\" data-csa-c-id=\"izuqf-n9m07c-3lqvk2-32ovqg\" data-cel-widget=\"aplus-module-5\">\n<div class=\"aplus-module-wrapper apm-fixed-width\">\n<div class=\"apm-spacing aplus-module-content\">\n<div class=\"apm-tablemodule\">\n<p>Auch in weiteren Gr\u00f6\u00dfen erh\u00e4ltlich:<\/p>\n<p><b><a href=\"https:\/\/isopllc.com\/at\/product\/kompakte-langlebige-leiter-3-2-m-10-stufen\/\">3.2 m<\/a>\u00a0 |\u00a0<a href=\"https:\/\/isopllc.com\/at\/product\/zertifizierte-teleskopleiter-3-6-m-leicht\/\"> 3.6 m<\/a>\u00a0 |\u00a0 <a href=\"https:\/\/isopllc.com\/at\/product\/aluminium-teleskopleiter-4-6-m-13-stufen\/\">4.6 m<\/a><\/b><\/p>\n<\/div>\n<\/div>\n<\/div>\n<\/div>\n<\/div>\n<\/div>\n<\/div>\n<\/div>\n<\/div>\n<\/div>\n<\/div>\n<\/div>\n<\/div>\n","protected":false},"excerpt":{"rendered":"<div id=\"title_feature_div\" class=\"celwidget\" data-feature-name=\"title\" data-csa-c-type=\"widget\" data-csa-c-content-id=\"title\" data-csa-c-slot-id=\"title_feature_div\" data-csa-c-asin=\"B0FCYT9SV6\" data-csa-c-is-in-initial-active-row=\"false\" data-csa-c-id=\"wnzk20-lron7g-8z88xl-s1tbsb\" data-cel-widget=\"title_feature_div\">\n<div id=\"titleSection\" class=\"a-section a-spacing-none\">\n<h3 style=\"text-align: center;\" data-start=\"0\" data-end=\"178\">Kollapsbare Verl\u00e4ngerungsleiter | Kompakt, Leicht &amp; Langlebig f\u00fcr Zuhause &amp; Arbeit | Tragbare Stehleiter 2.6 m | Multifunktionale Stehleiter | Faltbar, Belastbar &amp; Zertifiziert<\/h3>\n<p style=\"text-align: center;\" data-start=\"39\" data-end=\"186\">Diese tragbare 2.6 m Kletterleiter ist eine robuste, faltbare und zertifizierte Mehrzweckleiter \u2013 perfekt f\u00fcr Zuhause, Arbeit und DIY-Projekte.<\/p>\n<\/div>\n<\/div>\n<div id=\"bylineInfo_feature_div\" class=\"celwidget\" data-feature-name=\"bylineInfo\" data-csa-c-type=\"widget\" data-csa-c-content-id=\"bylineInfo\" data-csa-c-slot-id=\"bylineInfo_feature_div\" data-csa-c-asin=\"B0FCYT9SV6\" data-csa-c-is-in-initial-active-row=\"false\" data-csa-c-id=\"x4qcmb-ga3w6m-bobdn-deypyg\" data-cel-widget=\"bylineInfo_feature_div\">\n<ul class=\"a-unordered-list a-vertical a-spacing-mini\">\n<li class=\"a-spacing-mini\"><span class=\"a-list-item\">Leichtes &amp; Langlebiges Design \u2013 Gefertigt aus hochwertigen Materialien, ist diese teleskopische Kollapsbare Verl\u00e4ngerungsleiter leicht zu transportieren und dennoch robust genug f\u00fcr den langfristigen Einsatz.<\/span><\/li>\n<li class=\"a-spacing-mini\">Zertifizierte Sicherheit, der Sie vertrauen k\u00f6nnen \u2013 Vollst\u00e4ndig zertifiziert nach Sicherheitsstandards, empfohlen von Profis und Heimwerkern gleicherma\u00dfen<\/li>\n<li class=\"a-spacing-mini\">Platzsparend &amp; Kompakt \u2013 Das teleskopische Design l\u00e4sst sich schnell zusammenklappen und spart Platz in Garage, Transporter oder Zuhause \u2013 ideal f\u00fcr Innen- und Au\u00dfeneinsatz<\/li>\n<li class=\"a-spacing-mini\">Von Tausenden vertraut \u2013 Mit Top-Bewertungen gilt diese ISOP Kollapsbare Verl\u00e4ngerungsleiter als eine der besten Leitern f\u00fcr private und professionelle Nutzung<\/li>\n<\/ul>\n<p><a href=\"https:\/\/www.amazon.de\/dp\/B0FCYT9SV6\/ref=sr_1_2?__mk_de_DE=%C3%85M%C3%85%C5%BD%C3%95%C3%91&amp;crid=357KMEZNIU2A3&amp;dib=eyJ2IjoiMSJ9.JRMUnsUd-ympl17MI1cYKg.q5WaWiRXLvu7eXUcgoUMoj2Z_7rHDeK5Ifssc8AEw3E&amp;dib_tag=se&amp;keywords=Kollapsbare%20Verl%C3%A4ngerungsleiter&amp;qid=1756878627&amp;s=diy&amp;sprefix=b0fcyt9sv6%2Cdiy%2C200&amp;sr=1-2&amp;ufe=app_do%3Aamzn1.fos.897f7637-cfe4-44bf-9f94-1525e7bc9c76\"><img loading=\"lazy\" decoding=\"async\" class=\"aligncenter wp-image-1040 size-full\" src=\"https:\/\/isopllc.com\/de\/wp-content\/uploads\/sites\/3\/2020\/01\/amazon-button9.png\" alt=\"\" width=\"160\" height=\"59\" \/><\/a><\/p>\n<\/div>\n","protected":false},"featured_media":5552,"comment_status":"open","ping_status":"closed","template":"","meta":[],"product_brand":[],"product_cat":[353,336],"product_tag":[],"class_list":{"0":"post-5547","1":"product","2":"type-product","3":"status-publish","4":"has-post-thumbnail","6":"product_cat-teleskopleitern","7":"product_cat-trittleitern","9":"first","10":"instock","11":"shipping-taxable","12":"purchasable","13":"product-type-simple"},"_links":{"self":[{"href":"https:\/\/isopllc.com\/at\/wp-json\/wp\/v2\/product\/5547","targetHints":{"allow":["GET"]}}],"collection":[{"href":"https:\/\/isopllc.com\/at\/wp-json\/wp\/v2\/product"}],"about":[{"href":"https:\/\/isopllc.com\/at\/wp-json\/wp\/v2\/types\/product"}],"replies":[{"embeddable":true,"href":"https:\/\/isopllc.com\/at\/wp-json\/wp\/v2\/comments?post=5547"}],"wp:featuredmedia":[{"embeddable":true,"href":"https:\/\/isopllc.com\/at\/wp-json\/wp\/v2\/media\/5552"}],"wp:attachment":[{"href":"https:\/\/isopllc.com\/at\/wp-json\/wp\/v2\/media?parent=5547"}],"wp:term":[{"taxonomy":"product_brand","embeddable":true,"href":"https:\/\/isopllc.com\/at\/wp-json\/wp\/v2\/product_brand?post=5547"},{"taxonomy":"product_cat","embeddable":true,"href":"https:\/\/isopllc.com\/at\/wp-json\/wp\/v2\/product_cat?post=5547"},{"taxonomy":"product_tag","embeddable":true,"href":"https:\/\/isopllc.com\/at\/wp-json\/wp\/v2\/product_tag?post=5547"}],"curies":[{"name":"wp","href":"https:\/\/api.w.org\/{rel}","templated":true}]}}