{"id":5315,"date":"2025-05-21T10:41:26","date_gmt":"2025-05-21T10:41:26","guid":{"rendered":"https:\/\/isopllc.com\/be\/?page_id=5315"},"modified":"2025-05-21T10:41:32","modified_gmt":"2025-05-21T10:41:32","slug":"vente-en-gros","status":"publish","type":"page","link":"https:\/\/isopllc.com\/be\/vente-en-gros\/","title":{"rendered":"Vente en gros"},"content":{"rendered":"\n<p>Si vous souhaitez acheter plus de 20 unit\u00e9s d\u2019un m\u00eame produit, vous \u00eates \u00e9ligible \u00e0 une offre de vente en gros.<\/p>\n\n\n\n<p>Veuillez nous contacter avec votre commande, et nous vous proposerons une offre sp\u00e9ciale.<\/p>\n\n\n\n<p>Envoyez-nous un <a href=\"mailto:isopllc@gmail.com\">e-mail<\/a> ou laissez un message ci-dessous :<\/p>\n\n\n<div class=\"wpforms-container wpforms-container-full wpforms-block wpforms-block-85d35e60-55bf-4ef2-9f52-804133775c66\" id=\"wpforms-4662\"><form id=\"wpforms-form-4662\" class=\"wpforms-validate wpforms-form wpforms-ajax-form\" data-formid=\"4662\" method=\"post\" enctype=\"multipart\/form-data\" action=\"\/be\/wp-json\/wp\/v2\/pages\/5315\" data-token=\"8f8f65e981fe01dbabee8149a66d3eaa\" data-token-time=\"1775557100\"><noscript class=\"wpforms-error-noscript\">Veuillez activer JavaScript dans votre navigateur pour remplir ce formulaire.<\/noscript><div class=\"wpforms-field-container\"><div id=\"wpforms-4662-field_2-container\" class=\"wpforms-field wpforms-field-name\" data-field-id=\"2\"><label class=\"wpforms-field-label\" for=\"wpforms-4662-field_2\">Nom <span class=\"wpforms-required-label\">*<\/span><\/label><input type=\"text\" id=\"wpforms-4662-field_2\" class=\"wpforms-field-medium wpforms-field-required\" name=\"wpforms[fields][2]\" required><\/div><div id=\"wpforms-4662-field_3-container\" class=\"wpforms-field wpforms-field-email\" data-field-id=\"3\"><label class=\"wpforms-field-label\" for=\"wpforms-4662-field_3\">E-mail <span class=\"wpforms-required-label\">*<\/span><\/label><input type=\"email\" id=\"wpforms-4662-field_3\" class=\"wpforms-field-medium wpforms-field-required\" name=\"wpforms[fields][3]\" spellcheck=\"false\" required><\/div><div id=\"wpforms-4662-field_6-container\" class=\"wpforms-field wpforms-field-textarea\" data-field-id=\"6\"><label class=\"wpforms-field-label\" for=\"wpforms-4662-field_6\">Commentaire ou message <span class=\"wpforms-required-label\">*<\/span><\/label><textarea id=\"wpforms-4662-field_6\" class=\"wpforms-field-medium wpforms-field-required\" name=\"wpforms[fields][6]\" required><\/textarea><\/div><\/div><!-- .wpforms-field-container --><div class=\"wpforms-recaptcha-container wpforms-is-recaptcha wpforms-is-recaptcha-type-invisible\" ><div class=\"g-recaptcha\" data-sitekey=\"6LcfxDYqAAAAAOl_SmnVi9ioJKmVBOPMdWHhhWBq\" data-size=\"invisible\"><\/div><\/div><div class=\"wpforms-submit-container\" ><input type=\"hidden\" name=\"wpforms[id]\" value=\"4662\"><input type=\"hidden\" name=\"page_title\" value=\"\"><input type=\"hidden\" name=\"page_url\" value=\"https:\/\/isopllc.com\/be\/wp-json\/wp\/v2\/pages\/5315\"><input type=\"hidden\" name=\"url_referer\" value=\"\"><button type=\"submit\" name=\"wpforms[submit]\" id=\"wpforms-submit-4662\" class=\"wpforms-submit\" data-alt-text=\"Envoi...\" data-submit-text=\"Envoyer\" aria-live=\"assertive\" value=\"wpforms-submit\">Envoyer<\/button><img loading=\"lazy\" decoding=\"async\" src=\"https:\/\/isopllc.com\/be\/wp-content\/plugins\/wpforms-lite\/assets\/images\/submit-spin.svg\" class=\"wpforms-submit-spinner\" style=\"display: none;\" width=\"26\" height=\"26\" alt=\"Chargement en cours\"><\/div><\/form><\/div>  <!-- .wpforms-container -->","protected":false},"excerpt":{"rendered":"<p>Si vous souhaitez acheter plus de 20 unit\u00e9s d\u2019un m\u00eame produit, vous \u00eates \u00e9ligible \u00e0 une offre de vente en gros. Veuillez nous contacter avec votre commande, et nous vous proposerons une offre sp\u00e9ciale. Envoyez-nous un e-mail ou laissez un message ci-dessous :<\/p>\n","protected":false},"author":2,"featured_media":0,"parent":0,"menu_order":0,"comment_status":"closed","ping_status":"closed","template":"","meta":{"footnotes":""},"class_list":["post-5315","page","type-page","status-publish","hentry"],"_links":{"self":[{"href":"https:\/\/isopllc.com\/be\/wp-json\/wp\/v2\/pages\/5315","targetHints":{"allow":["GET"]}}],"collection":[{"href":"https:\/\/isopllc.com\/be\/wp-json\/wp\/v2\/pages"}],"about":[{"href":"https:\/\/isopllc.com\/be\/wp-json\/wp\/v2\/types\/page"}],"author":[{"embeddable":true,"href":"https:\/\/isopllc.com\/be\/wp-json\/wp\/v2\/users\/2"}],"replies":[{"embeddable":true,"href":"https:\/\/isopllc.com\/be\/wp-json\/wp\/v2\/comments?post=5315"}],"version-history":[{"count":0,"href":"https:\/\/isopllc.com\/be\/wp-json\/wp\/v2\/pages\/5315\/revisions"}],"wp:attachment":[{"href":"https:\/\/isopllc.com\/be\/wp-json\/wp\/v2\/media?parent=5315"}],"curies":[{"name":"wp","href":"https:\/\/api.w.org\/{rel}","templated":true}]}}