{"id":1296,"date":"2020-01-30T06:31:07","date_gmt":"2020-01-30T06:31:07","guid":{"rendered":"https:\/\/rightfoodonly.com\/?post_type=product&#038;p=1296"},"modified":"2025-07-07T01:16:36","modified_gmt":"2025-07-07T01:16:36","slug":"dispositif-devacuation-dincendie","status":"publish","type":"product","link":"https:\/\/isopllc.com\/be\/product\/dispositif-devacuation-dincendie\/","title":{"rendered":"Sac D&rsquo;\u00e9vacuation D&rsquo;incendie Pour Animaux Domestiques Jusqu&rsquo;\u00e0 35 kg"},"content":{"rendered":"<div>Sac D&rsquo;\u00e9vacuation D&rsquo;incendie Pour Animaux Domestiques<\/div>\n<div class=\"apm-leftimage\"><img decoding=\"async\" class=\"a-spacing-mini\" src=\"https:\/\/m.media-amazon.com\/images\/S\/aplus-media\/sc\/a56ab54f-4fd8-48cd-a8ca-f0d9d2017a99.__CR0,0,300,400_PT0_SX300_V1___.jpg\" alt=\"evacuation device\" data-src=\"https:\/\/m.media-amazon.com\/images\/S\/aplus-media\/sc\/a56ab54f-4fd8-48cd-a8ca-f0d9d2017a99.__CR0,0,300,400_PT0_SX300_V1___.jpg\" \/><\/div>\n<div>\n<h3 class=\"a-spacing-mini\">Assurez-vous que votre petit ange reste en s\u00e9curit\u00e9 en cas d&rsquo;incendie!<\/h3>\n<h4 class=\"a-spacing-mini a-color-secondary a-text-italic\">Pr\u00e9sentation de l&rsquo;ultime dispositif d&rsquo;\u00e9vacuation d&rsquo;urgence pour les enfants ou les animaux de compagnie, offert par ISOP!<\/h4>\n<p class=\"a-spacing-base\">Vivez-vous au 5\u00e8me \u00e9tage et vous inqui\u00e9tez-vous de la s\u00e9curit\u00e9 de vos enfants en cas d&rsquo;incendie?<\/p>\n<p class=\"a-spacing-base\">Souhaitez-vous mieux dormir en sachant que votre enfant ou votre animal de compagnie pourrait s&rsquo;\u00e9chapper rapidement en toute s\u00e9curit\u00e9 \u00e0 l&rsquo;ext\u00e9rieur du b\u00e2timent?<\/p>\n<p class=\"a-spacing-base\">Ce sac d&rsquo;\u00e9vacuation en forme de sac \u00e0 dos donc en cas d&rsquo;urgence, il vous permet de placer un b\u00e9b\u00e9 ou un animal de compagnie \u00e0 l&rsquo;int\u00e9rieur il suffit de le mettre et de le sortir ou de l&rsquo;abaisser depuis une fen\u00eatre \u00e0 l&rsquo;aide d&rsquo;une corde robuste.<\/p>\n<div class=\"amp-centerthirdcol-listbox\">\n<div class=\"a-box a-spacing-small a-color-alternate-background apm-listbox amp-centerthirdcol-listbox\">\n<div class=\"a-box-inner\">\n<p><strong><span class=\"a-list-item\"><span class=\"a-size-base\">Emmenez votre enfant du danger \u00e0 la s\u00e9curit\u00e9 en 3 \u00e9tapes!<\/span><\/span><\/strong><\/p>\n<ul class=\"a-unordered-list a-vertical\">\n<li><span class=\"a-list-item\"><span class=\"a-size-base\">D\u00e9pliez le dispositif d&rsquo;\u00e9vacuation d&rsquo;urgence en cas d&rsquo;incendie<\/span><\/span><\/li>\n<li><span class=\"a-list-item\"><span class=\"a-size-base\">Placez un oreiller \u00e0 l&rsquo;int\u00e9rieur et votre enfant ou animal de compagnie dessus<\/span><\/span><\/li>\n<li><span class=\"a-list-item\"><span class=\"a-size-base\">Abaisser le sac avec son pr\u00e9cieux contenu de l&rsquo;ext\u00e9rieur du b\u00e2timent, jusqu&rsquo;au sol<\/span><\/span><\/li>\n<\/ul>\n<\/div>\n<\/div>\n<\/div>\n<\/div>\n<div class=\"apm-rightthirdcol\">\n<div class=\"apm-rightthirdcol-inner\">\n<p><img decoding=\"async\" class=\"a-spacing-mini\" src=\"https:\/\/m.media-amazon.com\/images\/S\/aplus-media\/sc\/5af7d162-4b01-455c-ad43-02f5466af8c4.__CR0,0,350,175_PT0_SX350_V1___.jpg\" alt=\"evacuation device\" data-src=\"https:\/\/m.media-amazon.com\/images\/S\/aplus-media\/sc\/5af7d162-4b01-455c-ad43-02f5466af8c4.__CR0,0,350,175_PT0_SX350_V1___.jpg\" \/><\/p>\n<h3 class=\"a-color-secondary\">Peu importe si vous habitez au 1er ou au 5e \u00e9tage, votre enfant arrivera en toute s\u00e9curit\u00e9 au sol, loin des incendies mortels et de la fum\u00e9e suffocante.<\/h3>\n<p class=\"a-spacing-small a-size-small a-color-secondary\">Vous n\u2019avez plus besoin de perdre le sommeil pour la s\u00e9curit\u00e9 de votre petit ange!<\/p>\n<p class=\"a-spacing-small a-size-small a-color-secondary\">Chez ISOP, nous vous proposons depuis longtemps le meilleur de l&rsquo;\u00e9quipement d&rsquo;\u00e9vacuation en cas d&rsquo;incendie. Nos \u00e9chelles de secours, nos sacs \u00e0 incendie nous ont valu la confiance de nos pr\u00e9cieux clients.<\/p>\n<p class=\"a-spacing-small a-size-small a-color-secondary\">Pourquoi choisir le sac d&rsquo;\u00e9vacuation d&rsquo;urgence ISOP?<\/p>\n<div class=\"a-box a-spacing-small a-color-alternate-background apm-listbox\">\n<div class=\"a-box-inner\">\n<ul class=\"a-unordered-list a-vertical\">\n<li><span class=\"a-list-item\"><span class=\"a-size-base\">Livr\u00e9 avec la corde r\u00e9sistante GRATUITE de 15 m<\/span><\/span><\/li>\n<li>Id\u00e9al pour les maisons jusqu&rsquo;au 5\u00e8me \u00e9tage<\/li>\n<li><span class=\"a-list-item\"><span class=\"a-size-base\">Grande fa\u00e7ade en mesh enduit de PVC pour une meilleure circulation de l&rsquo;air<\/span><\/span><\/li>\n<li><span class=\"a-list-item\"><span class=\"a-size-base\">Facile \u00e0 ranger dans la pochette de rangement pratique<\/span><\/span><\/li>\n<li><span class=\"a-list-item\"><span class=\"a-size-base\">Compl\u00e9tez votre trousse d&rsquo;outils d&rsquo;urgence!<\/span><\/span><\/li>\n<li><span class=\"a-list-item\"><span class=\"a-size-base\">Recommand\u00e9 pour les enfants jusqu&rsquo;\u00e0 35 kg.<\/span><\/span><\/li>\n<li><span class=\"a-list-item\"><span class=\"a-size-base\">\u00c0 utiliser \u00e0 vos risques et p\u00e9rils.<\/span><\/span><\/li>\n<\/ul>\n<\/div>\n<\/div>\n<\/div>\n<\/div>\n<div class=\"apm-centerthirdcol apm-wrap\">\n<div class=\"amp-centerthirdcol-listbox\">\n<div class=\"a-box a-spacing-small a-color-alternate-background apm-listbox amp-centerthirdcol-listbox\">\n<div class=\"a-box-inner\">\n<ul>\n<li><strong>Sac d&rsquo;\u00e9vacuation pour animaux en cas d&rsquo;incendie<\/strong><\/li>\n<li><strong>Sac de secours incendie pour animaux domestiques<\/strong><\/li>\n<li><strong>Kit d&rsquo;\u00e9vacuation incendie pour animaux<\/strong><\/li>\n<li><strong>Sac de transport s\u00e9curis\u00e9 pour animaux en urgence<\/strong><\/li>\n<li><strong>Sac pour animaux en cas d&rsquo;\u00e9vacuation incendie<\/strong><\/li>\n<li><strong>Sac de survie pour animaux domestiques<\/strong><\/li>\n<li><strong>Sac anti-incendie pour animaux de compagnie<\/strong><\/li>\n<li><strong>\u00c9quipement d&rsquo;urgence pour \u00e9vacuation d&rsquo;animaux<\/strong><\/li>\n<li><strong>Sac pour \u00e9vacuation rapide des animaux<\/strong><\/li>\n<li><strong>Sac pratique pour animaux en situation d&rsquo;incendie<\/strong><\/li>\n<li><strong>Sac d&rsquo;\u00e9vacuation pour chiens et chats<\/strong><\/li>\n<li><strong>Sac d&rsquo;urgence incendie pour petits animaux<\/strong><\/li>\n<li><strong>Sac de transport pour \u00e9vacuation en cas d&rsquo;incendie<\/strong><\/li>\n<li><strong>Sac pour sauver les animaux lors d&rsquo;un incendie<\/strong><\/li>\n<li><strong>Sac de s\u00e9curit\u00e9 pour animaux en urgence incendie<\/strong><\/li>\n<li><strong>Kit de secours pour animaux en cas d&rsquo;incendie<\/strong><\/li>\n<li><strong>Sac transportable pour animaux en situation de crise<\/strong><\/li>\n<li><strong>Sac d&rsquo;urgence anti-incendie pour animaux domestiques<\/strong><\/li>\n<li><strong>Sac pour animaux pour fuite rapide incendie<\/strong><\/li>\n<li><strong>Sac sp\u00e9cial animaux pour situation d&rsquo;\u00e9vacuation incendie<\/strong><\/li>\n<li>Il est essentiel d&rsquo;avoir un <strong>sac d&rsquo;\u00e9vacuation pour animaux en cas d&rsquo;incendie<\/strong> \u00e0 la maison pour garantir la s\u00e9curit\u00e9 de vos compagnons \u00e0 quatre pattes. En situation d&rsquo;urgence, chaque seconde compte, et ce sac sp\u00e9cialement con\u00e7u permet d&rsquo;\u00e9vacuer rapidement et en toute s\u00e9curit\u00e9 vos animaux. Gr\u00e2ce \u00e0 son design pratique et r\u00e9sistant, il offre une solution fiable pour prot\u00e9ger vos animaux de compagnie lors d&rsquo;incendies ou d&rsquo;autres situations critiques. Pr\u00e9voir ce type d&rsquo;\u00e9quipement \u00e0 l&rsquo;avance peut faire toute la diff\u00e9rence pour sauver leurs vies. Avoir un <strong>sac d&rsquo;\u00e9vacuation pour animaux en cas d&rsquo;incendie<\/strong> est une pr\u00e9caution indispensable pour assurer leur protection en cas de danger, vous permettant d&rsquo;agir rapidement et efficacement pour sauver vos compagnons.<\/li>\n<\/ul>\n<div class=\"flex max-w-full flex-col grow\">\n<div class=\"min-h-8 text-message relative flex w-full flex-col items-end gap-2 text-start break-words whitespace-normal [.text-message+&amp;]:mt-5\" dir=\"auto\" data-message-author-role=\"assistant\" data-message-id=\"a8c6cc44-c52e-4dcd-90f9-54d37398f398\" data-message-model-slug=\"gpt-4o\">\n<div class=\"flex w-full flex-col gap-1 empty:hidden first:pt-[3px]\">\n<div class=\"markdown prose dark:prose-invert w-full break-words light\">\n<p data-start=\"49\" data-end=\"194\" data-is-last-node=\"\" data-is-only-node=\"\">\u00c9galement disponible en <a href=\"https:\/\/isopllc.com\/be\/product\/sac-devacuation-durgence-pour-enfants\/\"><strong>grande taille.<\/strong><\/a><\/p>\n<\/div>\n<\/div>\n<\/div>\n<\/div>\n<\/div>\n<\/div>\n<\/div>\n<\/div>\n","protected":false},"excerpt":{"rendered":"<div id=\"title_feature_div\" class=\"celwidget\" data-feature-name=\"title\" data-csa-c-id=\"4adzbx-i38dgg-8woucj-jscjhu\" data-cel-widget=\"title_feature_div\">\n<div id=\"titleSection\" class=\"a-section a-spacing-none\">\n[embed]https:\/\/youtu.be\/O2AS1YwnotA[\/embed]\n<p class=\"a-size-large a-spacing-none\" style=\"text-align: center\"><span class=\"a-size-large product-title-word-break\">Sac D&rsquo;\u00e9vacuation D&rsquo;urgence \u00e0 Travers Les Fen\u00eatres ou la Corde du Balcon 15 m et Mousqueton Inclus | <\/span><span class=\"a-list-item\">Dimensions: 45 \/ 48 \/ 25 cm | <\/span><span class=\"a-size-large product-title-word-break\">Pour Enfants ou Animaux Domestiques Jusqu&rsquo;\u00e0 35 kg<\/span><\/p>\n<\/div>\n<\/div>\n<p style=\"text-align: center\">LIVRAISON GRATUITE SOUS 3-7 JOURS<\/p>\n<h4 style=\"text-align: center\">ACHETER SUR<\/h4>\n<p><a href=\"https:\/\/www.amazon.fr\/Dispositif-D%C3%A9vacuation-Dincendie-Enfants-Domestiques\/dp\/B07RQH4NNR\/?maas=maas_adg_17EF2178F207E6DCBA9F829C20E9184A_afap_abs&amp;ref_=aa_maas&amp;ref=sr_1_1&amp;dchild=1&amp;keywords=Sac+D%27%C3%A9vacuation+D%27incendie+pour+animaux&amp;qid=1603190219&amp;sr=8-1\"><img loading=\"lazy\" decoding=\"async\" class=\"wp-image-1040 size-full aligncenter\" src=\"https:\/\/rightfoodonly.com\/wp-content\/uploads\/amazon-button9.png\" alt=\"\" width=\"160\" height=\"59\" \/><\/a><\/p>\n<p>&nbsp;<\/p>\n","protected":false},"featured_media":4289,"comment_status":"open","ping_status":"closed","template":"","meta":[],"product_brand":[],"product_cat":[177],"product_tag":[163,102,72,40,162,39,71],"class_list":{"0":"post-1296","1":"product","2":"type-product","3":"status-publish","4":"has-post-thumbnail","6":"product_cat-echelles-de-secours-pour-animaux","7":"product_tag-animaux","8":"product_tag-enfants","9":"product_tag-incendie","10":"product_tag-protection","11":"product_tag-sac-evacuation","12":"product_tag-securite","13":"product_tag-urgence","15":"first","16":"instock","17":"shipping-taxable","18":"purchasable","19":"product-type-variable"},"_links":{"self":[{"href":"https:\/\/isopllc.com\/be\/wp-json\/wp\/v2\/product\/1296","targetHints":{"allow":["GET"]}}],"collection":[{"href":"https:\/\/isopllc.com\/be\/wp-json\/wp\/v2\/product"}],"about":[{"href":"https:\/\/isopllc.com\/be\/wp-json\/wp\/v2\/types\/product"}],"replies":[{"embeddable":true,"href":"https:\/\/isopllc.com\/be\/wp-json\/wp\/v2\/comments?post=1296"}],"wp:featuredmedia":[{"embeddable":true,"href":"https:\/\/isopllc.com\/be\/wp-json\/wp\/v2\/media\/4289"}],"wp:attachment":[{"href":"https:\/\/isopllc.com\/be\/wp-json\/wp\/v2\/media?parent=1296"}],"wp:term":[{"taxonomy":"product_brand","embeddable":true,"href":"https:\/\/isopllc.com\/be\/wp-json\/wp\/v2\/product_brand?post=1296"},{"taxonomy":"product_cat","embeddable":true,"href":"https:\/\/isopllc.com\/be\/wp-json\/wp\/v2\/product_cat?post=1296"},{"taxonomy":"product_tag","embeddable":true,"href":"https:\/\/isopllc.com\/be\/wp-json\/wp\/v2\/product_tag?post=1296"}],"curies":[{"name":"wp","href":"https:\/\/api.w.org\/{rel}","templated":true}]}}