{"id":4131,"date":"2020-07-22T12:50:06","date_gmt":"2020-07-22T12:50:06","guid":{"rendered":"https:\/\/isopllc.com\/uk\/?post_type=product&#038;p=4131"},"modified":"2025-07-01T15:17:54","modified_gmt":"2025-07-01T15:17:54","slug":"harnais-descalade-complet-avec-laniere","status":"publish","type":"product","link":"https:\/\/isopllc.com\/be\/product\/harnais-descalade-complet-avec-laniere\/","title":{"rendered":"Harnais d&rsquo;escalade complet avec lani\u00e8re"},"content":{"rendered":"<div class=\"celwidget aplus-module module-9\" data-csa-c-id=\"5i3k2o-iwg12t-vjy4y1-v4ie8a\" data-cel-widget=\"aplus-module-9\">\n<div class=\"a-expander-collapsed-height a-row a-expander-container a-expander-partial-collapse-container\" data-a-expander-name=\"aplus-module-expander\" data-a-expander-collapsed-height=\"700\">\n<div class=\"a-expander-content a-expander-partial-collapse-content\">\n<div class=\"aplus-module-wrapper\">\n<div class=\"apm-spacing apm-fixed-width\">\n<h2 style=\"text-align: center\">Harnais d&rsquo;escalade complet avec lani\u00e8re<\/h2>\n<p><img decoding=\"async\" class=\"a-spacing-mini aligncenter\" style=\"font-weight: 600\" src=\"https:\/\/m.media-amazon.com\/images\/S\/aplus-media\/sc\/db7f0e66-e002-4b10-a8a5-4f942daa9088.__CR0,0,600,600_PT0_SX300_V1___.jpg\" alt=\"harness\" data-src=\"https:\/\/m.media-amazon.com\/images\/S\/aplus-media\/sc\/db7f0e66-e002-4b10-a8a5-4f942daa9088.__CR0,0,600,600_PT0_SX300_V1___.jpg\" \/><\/p>\n<h4 class=\"a-spacing-mini\" style=\"text-align: center\">Un harnais d&rsquo;escalade professionnel<\/h4>\n<p style=\"text-align: center\">est d\u00e9finitivement un must dans le sac \u00e0 dos de tout aventurier qui se respecte, car c&rsquo;est le seul moyen de le prot\u00e9ger des accidents non d\u00e9sir\u00e9s ou des trag\u00e9dies possibles.<\/p>\n<p style=\"text-align: center\">Quand il s&rsquo;agit d&rsquo;accessoires d&rsquo;escalade de qualit\u00e9 sup\u00e9rieure, ISOP a exactement ce que vous cherchez!<\/p>\n<p><img decoding=\"async\" class=\"a-spacing-mini aligncenter\" style=\"font-weight: 600\" src=\"https:\/\/m.media-amazon.com\/images\/S\/aplus-media\/sc\/f4699974-e35d-4727-b2d8-c9c46b66bc79.__CR0,0,600,600_PT0_SX300_V1___.jpg\" alt=\"buckle\" data-src=\"https:\/\/m.media-amazon.com\/images\/S\/aplus-media\/sc\/f4699974-e35d-4727-b2d8-c9c46b66bc79.__CR0,0,600,600_PT0_SX300_V1___.jpg\" \/><\/p>\n<h4 class=\"a-spacing-mini\" style=\"text-align: center\">Pourquoi ce produit est-il fait pour vous?<\/h4>\n<p style=\"text-align: center\">Ce harnais de s\u00e9curit\u00e9 complet contre les chutes a une conception extra-robuste et est con\u00e7u pour votre confort.<\/p>\n<p style=\"text-align: center\">Les bretelles r\u00e9glables offrent un ajustement parfait de ce harnais de taille libre, tandis que la fibre durable vous assurera d&rsquo;avoir le bon soutien dans toutes sortes de situations d&rsquo;escalade!<\/p>\n<p><img decoding=\"async\" class=\"a-spacing-mini aligncenter\" src=\"https:\/\/m.media-amazon.com\/images\/S\/aplus-media\/sc\/4046dc91-05a7-4377-a9af-ef2e2ca312a9.__CR0,0,600,600_PT0_SX300_V1___.jpg\" alt=\"harness with lanyard\" data-src=\"https:\/\/m.media-amazon.com\/images\/S\/aplus-media\/sc\/4046dc91-05a7-4377-a9af-ef2e2ca312a9.__CR0,0,600,600_PT0_SX300_V1___.jpg\" \/><\/p>\n<h4 class=\"a-spacing-mini\" style=\"text-align: center\">Certaines des fonctionnalit\u00e9s \u00e9tonnantes de ce produit:<\/h4>\n<p style=\"text-align: center\">Polyvalent, peut \u00eatre utilis\u00e9 pour l&rsquo;escalade, l&rsquo;escalade dans les arbres, le sauvetage en cas d&rsquo;incendie, l&rsquo;escalade en salle, etc.<\/p>\n<p style=\"text-align: center\">Fibre de polyester de haute qualit\u00e9, extra-durable;<\/p>\n<p style=\"text-align: center\">Bretelles r\u00e9glables avec anneau en D arri\u00e8re coulissant;<\/p>\n<p style=\"text-align: center\">Les boucles fendues sur la taille et les cuissardes se fixent sans torsion;<\/p>\n<p style=\"text-align: center\">Portant \u00e9lev\u00e9;<\/p>\n<p style=\"text-align: center\">Id\u00e9al pour les grimpeurs d\u00e9butants et avanc\u00e9s.<\/p>\n<\/div>\n<\/div>\n<div><\/div>\n<\/div>\n<\/div>\n<\/div>\n<div class=\"celwidget aplus-module module-12\" data-csa-c-id=\"nk558w-x4t1x9-98lomy-rxwa1\" data-cel-widget=\"aplus-module-12\">\n<div class=\"a-expander-collapsed-height a-row a-expander-container a-expander-partial-collapse-container\" data-a-expander-name=\"aplus-module-expander\" data-a-expander-collapsed-height=\"360\">\n<div class=\"a-expander-content a-expander-partial-collapse-content\">\n<div class=\"aplus-module-wrapper apm-spacing apm-floatnone\">\n<div class=\"apm-sidemodule aplus-module-content\">\n<div class=\"apm-hero-image\"><img decoding=\"async\" class=\"\" src=\"https:\/\/m.media-amazon.com\/images\/S\/aplus-media\/sc\/b2ce0b46-0c95-4365-8c61-a5fd05505e58.__CR0,0,970,300_PT0_SX970_V1___.jpg\" alt=\"belt-harness\" data-src=\"https:\/\/m.media-amazon.com\/images\/S\/aplus-media\/sc\/b2ce0b46-0c95-4365-8c61-a5fd05505e58.__CR0,0,970,300_PT0_SX970_V1___.jpg\" \/><\/div>\n<\/div>\n<\/div>\n<\/div>\n<\/div>\n<\/div>\n","protected":false},"excerpt":{"rendered":"<h2 style=\"text-align: center\">Harnais d&rsquo;escalade complet avec lani\u00e8re<\/h2>\n<p style=\"text-align: center\">LIVRAISON GRATUITE SOUS 3-7 JOURS<\/p>\n<h4 style=\"text-align: center\">ACHETER SUR<\/h4>\n<p><a href=\"https:\/\/www.amazon.fr\/Harnais-s%C3%A9curit%C3%A9-complet-positionnement-individuelle\/dp\/B086MWBSYF\/?maas=maas_adg_1B00B7BEEEFF99C4E13885F4CBCFFBEE_afap_abs&amp;ref_=aa_maas&amp;ref=sr_1_1&amp;dchild=1&amp;keywords=harnais+de+s%C3%A9curit%C3%A9&amp;qid=1603110659&amp;sr=8-1\"><img loading=\"lazy\" decoding=\"async\" class=\"wp-image-1040 size-full aligncenter\" src=\"https:\/\/rightfoodonly.com\/wp-content\/uploads\/amazon-button9.png\" alt=\"\" width=\"160\" height=\"59\" \/><\/a><\/p>\n<p>&nbsp;<\/p>\n","protected":false},"featured_media":4288,"comment_status":"open","ping_status":"closed","template":"","meta":[],"product_brand":[],"product_cat":[178],"product_tag":[111,109,41,108,110,39],"class_list":{"0":"post-4131","1":"product","2":"type-product","3":"status-publish","4":"has-post-thumbnail","6":"product_cat-accessoires-pour-echelles-de-secours","7":"product_tag-alpinisme","8":"product_tag-complet","9":"product_tag-equipement","10":"product_tag-harnais-descalade","11":"product_tag-laniere","12":"product_tag-securite","14":"first","15":"instock","16":"shipping-taxable","17":"purchasable","18":"product-type-simple"},"_links":{"self":[{"href":"https:\/\/isopllc.com\/be\/wp-json\/wp\/v2\/product\/4131","targetHints":{"allow":["GET"]}}],"collection":[{"href":"https:\/\/isopllc.com\/be\/wp-json\/wp\/v2\/product"}],"about":[{"href":"https:\/\/isopllc.com\/be\/wp-json\/wp\/v2\/types\/product"}],"replies":[{"embeddable":true,"href":"https:\/\/isopllc.com\/be\/wp-json\/wp\/v2\/comments?post=4131"}],"wp:featuredmedia":[{"embeddable":true,"href":"https:\/\/isopllc.com\/be\/wp-json\/wp\/v2\/media\/4288"}],"wp:attachment":[{"href":"https:\/\/isopllc.com\/be\/wp-json\/wp\/v2\/media?parent=4131"}],"wp:term":[{"taxonomy":"product_brand","embeddable":true,"href":"https:\/\/isopllc.com\/be\/wp-json\/wp\/v2\/product_brand?post=4131"},{"taxonomy":"product_cat","embeddable":true,"href":"https:\/\/isopllc.com\/be\/wp-json\/wp\/v2\/product_cat?post=4131"},{"taxonomy":"product_tag","embeddable":true,"href":"https:\/\/isopllc.com\/be\/wp-json\/wp\/v2\/product_tag?post=4131"}],"curies":[{"name":"wp","href":"https:\/\/api.w.org\/{rel}","templated":true}]}}