{"id":4149,"date":"2020-07-23T00:03:11","date_gmt":"2020-07-23T00:03:11","guid":{"rendered":"https:\/\/isopllc.com\/uk\/?post_type=product&#038;p=4149"},"modified":"2025-07-01T15:17:20","modified_gmt":"2025-07-01T15:17:20","slug":"corde-descalade-15m-8mm","status":"publish","type":"product","link":"https:\/\/isopllc.com\/be\/product\/corde-descalade-15m-8mm\/","title":{"rendered":"ISOP Corde d&rsquo;escalade pour activit\u00e9s de Plein air 15 m"},"content":{"rendered":"<p>ISOP Corde d&rsquo;escalade pour activit\u00e9s de Plein air 15 m &#8211; Entra\u00eenement &#8211; Exercice &#8211; Multifonctionnel<\/p>\n<div class=\"celwidget aplus-module 3p-module-b\" data-csa-c-id=\"nowmhf-2y3beb-44u65e-yyx98q\" data-cel-widget=\"aplus-3p-module-b\">\n<div class=\"aplus-3p-fixed-width\">\n<p><img decoding=\"async\" class=\"a-spacing-base\" src=\"https:\/\/m.media-amazon.com\/images\/S\/aplus-media\/sc\/2139ab74-3bba-4e4d-9e48-bd89cc9a627f.__CR0,0,1191,737_PT0_SX970_V1___.jpg\" alt=\"rope\" data-src=\"https:\/\/m.media-amazon.com\/images\/S\/aplus-media\/sc\/2139ab74-3bba-4e4d-9e48-bd89cc9a627f.__CR0,0,1191,737_PT0_SX970_V1___.jpg\" \/><\/p>\n<h3 class=\"a-spacing-mini\">ISOP Corde d&rsquo;escalade int\u00e9rieure ext\u00e9rieure<\/h3>\n<p class=\"a-spacing-base\">Haute r\u00e9sistance \u00e0 l&rsquo;humidit\u00e9, faible allongement et haute r\u00e9sistance, corde d&rsquo;escalade ext\u00e9rieure avec deux crochets \u00e0 ressort. Une corde en polyester Deux mousquetons en m\u00e9tal Polyester haute r\u00e9sistance avec 12 noyaux. Tr\u00e8s solide et durable, r\u00e9sistant \u00e0 la d\u00e9chirure, \u00e0 la d\u00e9coloration.<\/p>\n<ul class=\"a-unordered-list a-vertical\">\n<li><span class=\"a-list-item\">Largement utilis\u00e9: \u00e9vasion, survie au feu, soutien, escalade, randonn\u00e9e, camping, descente, protection technique, p\u00eache, longe, accessoires pour tr\u00e9pieds, entra\u00eenement, travaux a\u00e9riens, sp\u00e9l\u00e9ologie, rappel, SRT, etc.<\/span><\/li>\n<li><span class=\"a-list-item\">Les cordes polyvalentes l\u00e9g\u00e8res ISOP sont id\u00e9ales pour les travaux de sauvetage, la sp\u00e9l\u00e9ologie, la randonn\u00e9e, la descente en rappel, l&rsquo;escalade, le travail dans les arbres, les cordes de s\u00e9curit\u00e9 int\u00e9rieure et ext\u00e9rieure, l&rsquo;escalade sur des lignes fixes avec des contremarches et la traction de charges.<\/span><\/li>\n<li><span class=\"a-list-item\">Diam\u00e8tre 8 mm, r\u00e9sistance \u00e0 la traction 10 kN (environ 1,15 t), en corde de polyester renforc\u00e9e, 12 cordes \u00e0 \u00e2me pleine &#8211; douceur mod\u00e9r\u00e9e et forte capacit\u00e9 de liaison.<\/span><\/li>\n<li><span class=\"a-list-item\">Cordes statiques, longueur 10 m | 15m | 23m. Diam\u00e8tre 8 mm<\/span><\/li>\n<\/ul>\n<p><img decoding=\"async\" class=\"a-spacing-mini alignleft\" style=\"font-weight: 600\" src=\"https:\/\/m.media-amazon.com\/images\/S\/aplus-media\/sc\/e7c2fbd5-c25f-4e0e-a5e8-a6cb9ed414a8.__CR0,6,444,444_PT0_SX300_V1___.jpg\" alt=\"rope carabiner\" data-src=\"https:\/\/m.media-amazon.com\/images\/S\/aplus-media\/sc\/e7c2fbd5-c25f-4e0e-a5e8-a6cb9ed414a8.__CR0,6,444,444_PT0_SX300_V1___.jpg\" \/><img decoding=\"async\" class=\"a-spacing-mini alignleft\" src=\"https:\/\/m.media-amazon.com\/images\/S\/aplus-media\/sc\/bd5e2b88-9be2-4b18-997f-132ecc5b4c79.__CR0,0,375,375_PT0_SX300_V1___.jpg\" alt=\"rope in use\" data-src=\"https:\/\/m.media-amazon.com\/images\/S\/aplus-media\/sc\/bd5e2b88-9be2-4b18-997f-132ecc5b4c79.__CR0,0,375,375_PT0_SX300_V1___.jpg\" \/><\/p>\n<p><img decoding=\"async\" class=\"a-spacing-mini alignleft\" src=\"https:\/\/m.media-amazon.com\/images\/S\/aplus-media\/sc\/25108dab-00f3-4339-9d10-6ece0d3ecf3a.__CR0,0,474,474_PT0_SX300_V1___.jpg\" alt=\"rope\" data-src=\"https:\/\/m.media-amazon.com\/images\/S\/aplus-media\/sc\/25108dab-00f3-4339-9d10-6ece0d3ecf3a.__CR0,0,474,474_PT0_SX300_V1___.jpg\" \/><\/p>\n<\/div>\n<\/div>\n<div class=\"celwidget aplus-module module-9\" data-csa-c-id=\"yrxrkz-2df20p-aecg9q-sln8nr\" data-cel-widget=\"aplus-module-9\">\n<div class=\"a-expander-collapsed-height a-row a-expander-container a-expander-partial-collapse-container\" data-a-expander-name=\"aplus-module-expander\" data-a-expander-collapsed-height=\"700\">\n<div class=\"a-expander-content a-expander-partial-collapse-content\">\n<div class=\"aplus-module-wrapper\">\n<div class=\"apm-spacing apm-fixed-width\"><\/div>\n<\/div>\n<\/div>\n<\/div>\n<\/div>\n","protected":false},"excerpt":{"rendered":"<p style=\"text-align: center\">ISOP Corde d&rsquo;escalade pour activit\u00e9s de Plein air 15 m &#8211; Entra\u00eenement &#8211; Exercice &#8211; Multifonctionnel<\/p>\n<p style=\"text-align: center\">LIVRAISON GRATUITE SOUS 3-7 JOURS<\/p>\n<h4 style=\"text-align: center\">ACHETER SUR<\/h4>\n<p><a href=\"https:\/\/www.amazon.fr\/ISOP-Corde-descalade-activit%C3%A9s-Plein\/dp\/B0866XRKLL\/ref=sr_1_1?dchild=1&amp;keywords=Corde+d%27escalade&amp;qid=1603094320&amp;sr=8-1\"><img loading=\"lazy\" decoding=\"async\" class=\"wp-image-1040 size-full aligncenter\" src=\"https:\/\/rightfoodonly.com\/wp-content\/uploads\/amazon-button9.png\" alt=\"\" width=\"160\" height=\"59\" \/><\/a><\/p>\n<p>&nbsp;<\/p>\n","protected":false},"featured_media":4286,"comment_status":"open","ping_status":"closed","template":"","meta":[],"product_brand":[],"product_cat":[174],"product_tag":[132,78,128,49,133,39,131],"class_list":{"0":"post-4149","1":"product","2":"type-product","3":"status-publish","4":"has-post-thumbnail","6":"product_cat-kits-de-sauvetage-et-de-survie","7":"product_tag-activites","8":"product_tag-aventure","9":"product_tag-corde-descalade","10":"product_tag-isop","11":"product_tag-plein-air","12":"product_tag-securite","13":"product_tag-sport","15":"first","16":"outofstock","17":"shipping-taxable","18":"purchasable","19":"product-type-simple"},"_links":{"self":[{"href":"https:\/\/isopllc.com\/be\/wp-json\/wp\/v2\/product\/4149","targetHints":{"allow":["GET"]}}],"collection":[{"href":"https:\/\/isopllc.com\/be\/wp-json\/wp\/v2\/product"}],"about":[{"href":"https:\/\/isopllc.com\/be\/wp-json\/wp\/v2\/types\/product"}],"replies":[{"embeddable":true,"href":"https:\/\/isopllc.com\/be\/wp-json\/wp\/v2\/comments?post=4149"}],"wp:featuredmedia":[{"embeddable":true,"href":"https:\/\/isopllc.com\/be\/wp-json\/wp\/v2\/media\/4286"}],"wp:attachment":[{"href":"https:\/\/isopllc.com\/be\/wp-json\/wp\/v2\/media?parent=4149"}],"wp:term":[{"taxonomy":"product_brand","embeddable":true,"href":"https:\/\/isopllc.com\/be\/wp-json\/wp\/v2\/product_brand?post=4149"},{"taxonomy":"product_cat","embeddable":true,"href":"https:\/\/isopllc.com\/be\/wp-json\/wp\/v2\/product_cat?post=4149"},{"taxonomy":"product_tag","embeddable":true,"href":"https:\/\/isopllc.com\/be\/wp-json\/wp\/v2\/product_tag?post=4149"}],"curies":[{"name":"wp","href":"https:\/\/api.w.org\/{rel}","templated":true}]}}