{"id":4235,"date":"2020-09-03T03:04:14","date_gmt":"2020-09-03T03:04:14","guid":{"rendered":"https:\/\/isopllc.com\/uk\/?post_type=product&#038;p=4235"},"modified":"2025-07-01T15:10:38","modified_gmt":"2025-07-01T15:10:38","slug":"echelle-de-corde-descalade-pour-enfants-2m","status":"publish","type":"product","link":"https:\/\/isopllc.com\/be\/product\/echelle-de-corde-descalade-pour-enfants-2m\/","title":{"rendered":"ISOP \u00c9chelle de corde \u00e0 grimper pour enfants | 2 m"},"content":{"rendered":"<h2 id=\"title\" class=\"a-size-large a-spacing-none\" style=\"text-align: center;\"><img decoding=\"async\" class=\"\" style=\"font-size: 16px;\" src=\"https:\/\/m.media-amazon.com\/images\/S\/aplus-media\/sc\/a9713dd0-c5a7-490e-a2d7-7ebe73f6a04f.__CR0,0,970,300_PT0_SX970_V1___.jpg\" alt=\"indoor outdoor\" data-src=\"https:\/\/m.media-amazon.com\/images\/S\/aplus-media\/sc\/a9713dd0-c5a7-490e-a2d7-7ebe73f6a04f.__CR0,0,970,300_PT0_SX970_V1___.jpg\" \/><\/h2>\n<div class=\"celwidget aplus-module module-12\">\n<div class=\"a-expander-collapsed-height a-row a-expander-container a-expander-partial-collapse-container\" data-a-expander-name=\"aplus-module-expander\" data-a-expander-collapsed-height=\"360\">\n<div class=\"a-expander-content a-expander-partial-collapse-content\">\n<div class=\"aplus-module-wrapper apm-spacing apm-floatnone\">\n<div class=\"apm-sidemodule aplus-module-content\">\n<div><\/div>\n<\/div>\n<\/div>\n<\/div>\n<\/div>\n<\/div>\n<div class=\"celwidget aplus-module module-1\">\n<div class=\"a-expander-collapsed-height a-row a-expander-container a-expander-partial-collapse-container\" data-a-expander-name=\"aplus-module-expander\" data-a-expander-collapsed-height=\"700\">\n<div class=\"a-expander-content a-expander-partial-collapse-content\">\n<div class=\"aplus-module-wrapper apm-fixed-width\">\n<div class=\"apm-spacing apm-wrap\">\n<div class=\"apm-floatleft apm-wrap\">\n<div class=\"apm-centerthirdcol apm-wrap\">\n<h3 class=\"a-spacing-mini\" style=\"text-align: center;\">ISOP Accessoires d&rsquo;ext\u00e9rieur &#8211; \u00c9chelle de corde d&rsquo;escalade pour enfants avec mousquetons | \u00c9chelle de corde pivotante | Jouets d&rsquo;escalade pour enfants pour balan\u00e7oire 2 m<\/h3>\n<div class=\"celwidget aplus-module module-9 aplus-standard\" data-csa-c-id=\"s4fow4-3kqyiv-2x62wp-whu6u0\" data-cel-widget=\"aplus-module-9\">\n<div class=\"a-expander-collapsed-height a-row a-expander-container a-expander-partial-collapse-container\" data-a-expander-name=\"aplus-module-expander\" data-a-expander-collapsed-height=\"700\">\n<div class=\"a-expander-content a-expander-partial-collapse-content\">\n<div class=\"aplus-module-wrapper apm-fixed-width\">\n<div class=\"apm-spacing apm-fixed-width\">\n<h3 class=\"a-spacing-small\">POURQUOI NOUS CHOISIR<\/h3>\n<p><img decoding=\"async\" class=\"a-spacing-mini\" src=\"https:\/\/m.media-amazon.com\/images\/S\/aplus-media\/sc\/d82a1e3e-a900-400f-bdc7-88edbf99815e.__CR0,33,467,467_PT0_SX300_V1___.jpg\" alt=\"EXTREMELY DURABLE \" data-src=\"https:\/\/m.media-amazon.com\/images\/S\/aplus-media\/sc\/d82a1e3e-a900-400f-bdc7-88edbf99815e.__CR0,33,467,467_PT0_SX300_V1___.jpg\" \/><\/p>\n<h4 class=\"a-spacing-mini\">EXTR\u00caMEMENT DURABLE<\/h4>\n<p>Pour nos \u00e9chelles qui portent un \u00e9l\u00e9phant, des b\u00e2tons en bois d&rsquo;un diam\u00e8tre de 2,5 cm et des cordes en nylon sont utilis\u00e9s! pas seulement les enfants.<\/p>\n<p><img decoding=\"async\" class=\"a-spacing-mini\" src=\"https:\/\/m.media-amazon.com\/images\/S\/aplus-media\/sc\/4604e7fb-7786-4a3c-a69a-de2cfa6981c3.__CR0,0,1000,1000_PT0_SX300_V1___.jpg\" alt=\"Rope ladder\" data-src=\"https:\/\/m.media-amazon.com\/images\/S\/aplus-media\/sc\/4604e7fb-7786-4a3c-a69a-de2cfa6981c3.__CR0,0,1000,1000_PT0_SX300_V1___.jpg\" \/><\/p>\n<h4 class=\"a-spacing-mini\">R\u00c9SISTANT AUX INTEMP\u00c9RIES<\/h4>\n<p>Les mat\u00e9riaux utilis\u00e9s pour les \u00e9chelles de corde \u00e0 grimper pour les enfants de 2 m permettent de r\u00e9sister \u00e0 toutes les conditions m\u00e9t\u00e9orologiques.<\/p>\n<p><img decoding=\"async\" class=\"a-spacing-mini\" src=\"https:\/\/m.media-amazon.com\/images\/S\/aplus-media\/sc\/6f8fabcf-0a0b-4280-9baa-ddc10f50f697.__CR0,0,1000,1000_PT0_SX300_V1___.jpg\" alt=\"MULTI USE\" data-src=\"https:\/\/m.media-amazon.com\/images\/S\/aplus-media\/sc\/6f8fabcf-0a0b-4280-9baa-ddc10f50f697.__CR0,0,1000,1000_PT0_SX300_V1___.jpg\" \/><\/p>\n<h4 class=\"a-spacing-mini\">MULTIFONCTION<\/h4>\n<p>Ces dispositifs de jeu pour \u00e9chelle d&rsquo;arbre sont durables, l\u00e9gers et portables, ils peuvent donc \u00eatre utilis\u00e9s non seulement pour les enfants et pas seulement comme partie d&rsquo;une aire de jeux, mais \u00e9galement comme \u00e9chelle de grenier, \u00e9chelle de grenier, \u00e9chelle d&rsquo;escalade, \u00e9chelle de s\u00e9curit\u00e9, \u00e9chelle de secours. \u00c9chelle de bateau, sortez furtivement de la chambre au deuxi\u00e8me \u00e9tage et ainsi de suite.<\/p>\n<p><img decoding=\"async\" class=\"a-spacing-mini\" src=\"https:\/\/m.media-amazon.com\/images\/S\/aplus-media\/sc\/17d6b901-16b9-43e1-82ca-f4dc630b4be9.__CR0,0,1000,1000_PT0_SX300_V1___.jpg\" alt=\"lightweight\" data-src=\"https:\/\/m.media-amazon.com\/images\/S\/aplus-media\/sc\/17d6b901-16b9-43e1-82ca-f4dc630b4be9.__CR0,0,1000,1000_PT0_SX300_V1___.jpg\" \/><\/p>\n<h4 class=\"a-spacing-mini\">LUMI\u00c8RE<\/h4>\n<p>Par rapport aux analogues fabriqu\u00e9s \u00e0 partir d&rsquo;\u00e9chelles de corde, nos \u00e9chelles en bois sont beaucoup plus l\u00e9g\u00e8res, par exemple, une \u00e9chelle de 5 m ne p\u00e8se que 2,5 kg.<\/p>\n<\/div>\n<\/div>\n<div><img decoding=\"async\" class=\"a-spacing-mini\" src=\"https:\/\/m.media-amazon.com\/images\/S\/aplus-media\/sc\/ea94af7c-a9af-41fa-9454-4f92481a28dd.__CR0,0,1500,1500_PT0_SX300_V1___.jpg\" alt=\"INDOOR AND OUTDOOR\" data-src=\"https:\/\/m.media-amazon.com\/images\/S\/aplus-media\/sc\/ea94af7c-a9af-41fa-9454-4f92481a28dd.__CR0,0,1500,1500_PT0_SX300_V1___.jpg\" \/><\/div>\n<div>\n<h4 class=\"a-spacing-mini\">\u00c0 L&rsquo;INT\u00c9RIEUR ET \u00c0 L&rsquo;EXT\u00c9RIEUR<\/h4>\n<p>Nos \u00e9chelles en bois peuvent \u00eatre utilis\u00e9es aussi bien \u00e0 l&rsquo;ext\u00e9rieur dans le jardin qu&rsquo;\u00e0 l&rsquo;int\u00e9rieur d&rsquo;une pi\u00e8ce. Pour ce faire, utilisez simplement les mousquetons attach\u00e9s \u00e0 la vente. Au fait, seules nos \u00e9chelles sont livr\u00e9es avec des clips et des mousquetons!<\/p>\n<p><img decoding=\"async\" class=\"a-spacing-mini\" src=\"https:\/\/m.media-amazon.com\/images\/S\/aplus-media\/sc\/39fbd97a-64cf-40ac-a60b-6a4ab47004a0.__CR0,0,1000,1000_PT0_SX300_V1___.jpg\" alt=\"compact\" data-src=\"https:\/\/m.media-amazon.com\/images\/S\/aplus-media\/sc\/39fbd97a-64cf-40ac-a60b-6a4ab47004a0.__CR0,0,1000,1000_PT0_SX300_V1___.jpg\" \/><\/p>\n<h4 class=\"a-spacing-mini\">COMPACT ET PORTABLE<\/h4>\n<p>Prend tr\u00e8s peu de place. Peut \u00eatre rang\u00e9 sous un lit, dans un placard ou m\u00eame sur une \u00e9tag\u00e8re.<\/p>\n<\/div>\n<\/div>\n<\/div>\n<\/div>\n<div class=\"celwidget aplus-module module-9 aplus-standard\" data-csa-c-id=\"79cf65-3w5lq7-82ebkk-8qm0ii\" data-cel-widget=\"aplus-module-9\">\n<div class=\"a-expander-collapsed-height a-row a-expander-container a-expander-partial-collapse-container\" data-a-expander-name=\"aplus-module-expander\" data-a-expander-collapsed-height=\"700\">\n<div class=\"a-expander-content a-expander-partial-collapse-content\">\n<div class=\"aplus-module-wrapper apm-fixed-width\">\n<div class=\"apm-spacing apm-fixed-width\"><img decoding=\"async\" class=\"a-spacing-mini\" src=\"https:\/\/m.media-amazon.com\/images\/S\/aplus-media\/sc\/c5e53092-548a-4ab6-a5a9-6819fe9ace42.__CR0,0,1000,1000_PT0_SX300_V1___.jpg\" alt=\"available 6.5ft (2m) 10ft (3m) and 16ft (5m)\" data-src=\"https:\/\/m.media-amazon.com\/images\/S\/aplus-media\/sc\/c5e53092-548a-4ab6-a5a9-6819fe9ace42.__CR0,0,1000,1000_PT0_SX300_V1___.jpg\" \/><\/div>\n<div>\n<h4 class=\"a-spacing-mini\">3 TAILLES<\/h4>\n<p>Disponible 2 m, 3 m et 5 m.<\/p>\n<\/div>\n<\/div>\n<div><img decoding=\"async\" class=\"a-spacing-mini\" src=\"https:\/\/m.media-amazon.com\/images\/S\/aplus-media\/sc\/4ee58deb-dd1b-4047-8ab7-b31abe407442.__CR35,444,556,556_PT0_SX300_V1___.jpg\" alt=\"BEST QUALITY\" data-src=\"https:\/\/m.media-amazon.com\/images\/S\/aplus-media\/sc\/4ee58deb-dd1b-4047-8ab7-b31abe407442.__CR35,444,556,556_PT0_SX300_V1___.jpg\" \/><\/div>\n<div>\n<h4 class=\"a-spacing-mini\">MEILLEURE QUALIT\u00c9<\/h4>\n<p>Nous sommes fiers du fait que pendant toute la p\u00e9riode de vente, il n&rsquo;y a pas eu une seule plainte selon laquelle ces \u00e9chelles \u00e9taient de mauvaise qualit\u00e9 et ne faisaient pas de retour en raison de la mauvaise qualit\u00e9!<\/p>\n<p><img decoding=\"async\" class=\"a-spacing-mini\" src=\"https:\/\/m.media-amazon.com\/images\/S\/aplus-media\/sc\/cd00c6cd-5e11-4614-9738-2e71964ac8c8.__CR0,0,1000,1000_PT0_SX300_V1___.jpg\" alt=\"Rope Ladder\" data-src=\"https:\/\/m.media-amazon.com\/images\/S\/aplus-media\/sc\/cd00c6cd-5e11-4614-9738-2e71964ac8c8.__CR0,0,1000,1000_PT0_SX300_V1___.jpg\" \/><\/p>\n<p>Nous vous recommandons d&rsquo;acheter des \u00e9chelles aupr\u00e8s d&rsquo;une entreprise sp\u00e9cialis\u00e9e dans leur fabrication car il s&rsquo;agit d&rsquo;un produit de s\u00e9curit\u00e9. ISOP est l&rsquo;une des rares entreprises \u00e0 proposer une large gamme d&rsquo;\u00e9chelles de sa propre usine de fabrication.<\/p>\n<\/div>\n<\/div>\n<\/div>\n<\/div>\n<\/div>\n<\/div>\n<\/div>\n<\/div>\n<\/div>\n<\/div>\n<\/div>\n","protected":false},"excerpt":{"rendered":"[embed]https:\/\/youtu.be\/nn0aB3S8o_g?si=thz0ZOe8lPElC9Yk[\/embed]\n<p style=\"text-align: center;\">ISOP Accessoires d&rsquo;ext\u00e9rieur | \u00c9chelle de corde \u00e0 grimper pour enfants 2 m<\/p>\n<p style=\"text-align: center;\">LIVRAISON GRATUITE SOUS 3-7 JOURS<\/p>\n<h4 style=\"text-align: center;\">ACHETER SUR<\/h4>\n<p><a href=\"https:\/\/www.amazon.fr\/ISOP-%C3%89quipement-mousquetons-descalade-balan%C3%A7oire\/dp\/B08CZDHL15\/ref=sr_1_1?__mk_fr_FR=%C3%85M%C3%85%C5%BD%C3%95%C3%91&amp;dchild=1&amp;keywords=%C3%89chelle%20de%20corde&amp;qid=1624632126&amp;s=sports&amp;sr=1-1\"><img loading=\"lazy\" decoding=\"async\" class=\"wp-image-1040 size-full aligncenter\" src=\"https:\/\/rightfoodonly.com\/wp-content\/uploads\/amazon-button9.png\" alt=\"\" width=\"160\" height=\"59\" \/><\/a><\/p>\n<p>&nbsp;<\/p>\n","protected":false},"featured_media":4283,"comment_status":"open","ping_status":"closed","template":"","meta":[],"product_brand":[],"product_cat":[179],"product_tag":[103,76,102,140,49,39],"class_list":{"0":"post-4235","1":"product","2":"type-product","3":"status-publish","4":"has-post-thumbnail","6":"product_cat-echelles-de-corde-pour-enfants","7":"product_tag-activite-physique","8":"product_tag-echelle-de-corde","9":"product_tag-enfants","10":"product_tag-grimper","11":"product_tag-isop","12":"product_tag-securite","14":"first","15":"instock","16":"shipping-taxable","17":"purchasable","18":"product-type-simple"},"_links":{"self":[{"href":"https:\/\/isopllc.com\/be\/wp-json\/wp\/v2\/product\/4235","targetHints":{"allow":["GET"]}}],"collection":[{"href":"https:\/\/isopllc.com\/be\/wp-json\/wp\/v2\/product"}],"about":[{"href":"https:\/\/isopllc.com\/be\/wp-json\/wp\/v2\/types\/product"}],"replies":[{"embeddable":true,"href":"https:\/\/isopllc.com\/be\/wp-json\/wp\/v2\/comments?post=4235"}],"wp:featuredmedia":[{"embeddable":true,"href":"https:\/\/isopllc.com\/be\/wp-json\/wp\/v2\/media\/4283"}],"wp:attachment":[{"href":"https:\/\/isopllc.com\/be\/wp-json\/wp\/v2\/media?parent=4235"}],"wp:term":[{"taxonomy":"product_brand","embeddable":true,"href":"https:\/\/isopllc.com\/be\/wp-json\/wp\/v2\/product_brand?post=4235"},{"taxonomy":"product_cat","embeddable":true,"href":"https:\/\/isopllc.com\/be\/wp-json\/wp\/v2\/product_cat?post=4235"},{"taxonomy":"product_tag","embeddable":true,"href":"https:\/\/isopllc.com\/be\/wp-json\/wp\/v2\/product_tag?post=4235"}],"curies":[{"name":"wp","href":"https:\/\/api.w.org\/{rel}","templated":true}]}}