{"id":4405,"date":"2021-06-01T01:57:43","date_gmt":"2021-06-01T01:57:43","guid":{"rendered":"https:\/\/isopllc.com\/fr\/?post_type=product&#038;p=4405"},"modified":"2025-08-10T09:58:57","modified_gmt":"2025-08-10T09:58:57","slug":"echelles-de-secours-isop-4-m","status":"publish","type":"product","link":"https:\/\/isopllc.com\/be\/product\/echelles-de-secours-isop-4-m\/","title":{"rendered":"\u00c9chelles de secours ISOP 4 m | \u00c9chelles R\u00e9tractables pour Maisons \u00e0 2\u00c9tages"},"content":{"rendered":"<div class=\"celwidget aplus-module module-4 aplus-standard\" data-csa-c-id=\"6mnb1z-9dwrl2-ic24uv-jd1phn\" data-cel-widget=\"aplus-module-4\">\n<div class=\"a-expander-collapsed-height a-row a-expander-container a-expander-partial-collapse-container\" data-a-expander-name=\"aplus-module-expander\" data-a-expander-collapsed-height=\"700\">\n<div class=\"a-expander-content a-expander-partial-collapse-content\">\n<div class=\"aplus-module-wrapper apm-fixed-width\">\n<div class=\"apm-spacing\">\n<div class=\"apm-floatleft apm-fixed-width\">\n<div id=\"title_feature_div\" class=\"celwidget\" data-feature-name=\"title\" data-csa-c-id=\"m5t5xw-wzxd1-od319-pyb58o\" data-cel-widget=\"title_feature_div\">\n<div id=\"titleSection\" class=\"a-section a-spacing-none\">\n<div id=\"title_feature_div\" class=\"celwidget\" data-feature-name=\"title\" data-csa-c-id=\"m5t5xw-wzxd1-od319-pyb58o\" data-cel-widget=\"title_feature_div\">\n<div id=\"titleSection\" class=\"a-section a-spacing-none\">\n<h2 class=\"a-size-large a-spacing-none\" style=\"text-align: left;\">\u00c9chelles de secours ISOP 4 m | \u00c9chelles R\u00e9tractables pour Maisons \u00e0 2\u00c9tages | Compact et portable | \u00c9chelle de corde adapt\u00e9e \u00e0 l&rsquo;\u00e9vasion de balcon et de fen\u00eatres<\/h2>\n<\/div>\n<\/div>\n<\/div>\n<\/div>\n<\/div>\n<\/div>\n<\/div>\n<\/div>\n<\/div>\n<\/div>\n<div class=\"celwidget aplus-module module-9 aplus-standard\" data-csa-c-id=\"kgh8ns-6rdhac-l4uce3-redgno\" data-cel-widget=\"aplus-module-9\">\n<div class=\"a-expander-collapsed-height a-row a-expander-container a-expander-partial-collapse-container\" data-a-expander-name=\"aplus-module-expander\" data-a-expander-collapsed-height=\"700\">\n<div class=\"a-expander-content a-expander-partial-collapse-content\">\n<div class=\"aplus-module-wrapper apm-fixed-width\">\n<div class=\"apm-spacing apm-fixed-width\">\n<div class=\"celwidget aplus-module module-9 aplus-standard\" style=\"text-align: left;\" data-csa-c-id=\"6rrkxj-o9oo3p-2dk8kw-v8mrts\" data-cel-widget=\"aplus-module-9\">\n<div class=\"a-expander-collapsed-height a-row a-expander-container a-expander-partial-collapse-container\" data-a-expander-name=\"aplus-module-expander\" data-a-expander-collapsed-height=\"700\">\n<div class=\"a-expander-content a-expander-partial-collapse-content\">\n<div class=\"aplus-module-wrapper apm-fixed-width\">\n<div class=\"apm-spacing apm-fixed-width\">\n<h3 class=\"a-spacing-small\"><span style=\"vertical-align: inherit;\">10 raisons pour lesquelles choisir nos \u00e9chelles de secours<\/span><\/h3>\n<p><img loading=\"lazy\" decoding=\"async\" class=\"alignnone size-medium wp-image-4917\" src=\"https:\/\/isopllc.com\/be\/wp-content\/uploads\/sites\/15\/2021\/06\/hooks-size-416x416-\u043a\u043e\u043f\u0438\u044f-2-300x300.jpg\" alt=\"\" width=\"300\" height=\"300\" \/><\/p>\n<h3><span class=\"a-text-bold\"><span style=\"vertical-align: inherit;\">Pour fen\u00eatre ou balcon<\/span><\/span><\/h3>\n<p><span style=\"vertical-align: inherit;\">Nous incluons dans le kit d&rsquo;escalier de secours un ensemble de crochets pour escalier de secours des fen\u00eatres, qui sont fix\u00e9s au cadre de la fen\u00eatre ainsi que des mousquetons professionnels de 11kn pour attacher l&rsquo;\u00e9chelle aux barres de balcon. Un sac \u00e9tanche de 15L pour le kayak est \u00e9galement fourni afin que vous puissiez ranger l&rsquo;\u00e9chelle sur le balcon ou dans l&rsquo;entrep\u00f4t.<\/span><\/p>\n<h3><span class=\"a-text-bold\"><span style=\"vertical-align: inherit;\">Large application<\/span><\/span><\/h3>\n<p><span style=\"vertical-align: inherit;\">Peut \u00eatre utilis\u00e9 comme \u00e9chelle de secours ou d&rsquo;urgence\u00a0; peut \u00e9galement servir de bunker de grenier, d&rsquo;\u00e9chelles de grenier, d&rsquo;\u00e9chelle murale et m\u00eame d&rsquo;\u00e9chelle permanente, etc.<\/span><\/p>\n<p><img decoding=\"async\" class=\"a-spacing-mini\" src=\"https:\/\/m.media-amazon.com\/images\/S\/aplus-media\/sc\/d4cc9639-a61a-4b3c-b1c6-a62967c917dd.__CR145,0,1000,1000_PT0_SX300_V1___.jpg\" alt=\"\u00c9chelons antid\u00e9rapants\" data-src=\"https:\/\/m.media-amazon.com\/images\/S\/aplus-media\/sc\/d4cc9639-a61a-4b3c-b1c6-a62967c917dd.__CR145,0,1000,1000_PT0_SX300_V1___.jpg\" \/><\/p>\n<h3><span class=\"a-text-bold\"><span style=\"vertical-align: inherit;\">Doux pour les mains<\/span><\/span><\/h3>\n<p><span style=\"vertical-align: inherit;\">Lors de la cr\u00e9ation de ces \u00e9chelles, nous avons tenu compte des d\u00e9fauts de nos concurrents. Les best-sellers tels que first alert et kidde ont beaucoup de plaintes sur le fait que lors de l&rsquo;utilisation de leurs \u00e9chelles, les \u00e9chelons coupent les mains des utilisateurs parce que les \u00e9chelons en aluminium sont tranchants. Nous en avons tenu compte et nos \u00e9chelles n&rsquo;ont pas d&rsquo;angles pointus et elles peuvent \u00eatre utilis\u00e9es en toute s\u00e9curit\u00e9 par les adultes et les enfants.<\/span><\/p>\n<p><img decoding=\"async\" class=\"a-spacing-mini\" src=\"https:\/\/m.media-amazon.com\/images\/S\/aplus-media\/sc\/27f9c708-c858-49c0-96f7-815dd0fa4f9a.__CR0,0,1000,1000_PT0_SX300_V1___.jpg\" alt=\"Large application\" data-src=\"https:\/\/m.media-amazon.com\/images\/S\/aplus-media\/sc\/27f9c708-c858-49c0-96f7-815dd0fa4f9a.__CR0,0,1000,1000_PT0_SX300_V1___.jpg\" \/><\/p>\n<h3><span class=\"a-text-bold\"><span style=\"vertical-align: inherit;\">Bretelles int\u00e9grales<\/span><\/span><\/h3>\n<p><span style=\"vertical-align: inherit;\">Encore une fois, en comparant nos \u00e9chelles \u00e0 nos concurrents, il faut noter que, contrairement aux autres, du haut vers le bas nos \u00e9chelles sont constitu\u00e9es d&rsquo;une seule pi\u00e8ce de sangle pouvant supporter plus d&rsquo;une 44 livres (!) Gr\u00e2ce \u00e0 une technologie sp\u00e9ciale brevet\u00e9e. Alors que les \u00e9chelles en sangle des concurrents sont cousues en morceaux, ce qui \u00e0 notre avis n&rsquo;est pas fiable.<\/span><\/p>\n<p><img decoding=\"async\" class=\"a-spacing-mini\" style=\"font-weight: 600;\" src=\"https:\/\/m.media-amazon.com\/images\/S\/aplus-media\/sc\/356bd330-dfc1-425b-a881-6c9754ac57f2.__CR14,0,810,810_PT0_SX300_V1___.jpg\" alt=\"Pour fen\u00eatre ou balcon\" data-src=\"https:\/\/m.media-amazon.com\/images\/S\/aplus-media\/sc\/356bd330-dfc1-425b-a881-6c9754ac57f2.__CR14,0,810,810_PT0_SX300_V1___.jpg\" \/><\/p>\n<\/div>\n<div><\/div>\n<\/div>\n<div>\n<h3><span class=\"a-text-bold\"><span style=\"vertical-align: inherit;\">Livr\u00e9 avec un sac \u00e9tanche professionnel.<\/span><\/span><\/h3>\n<p><span style=\"vertical-align: inherit;\">\u00c9chelle de 13 pieds accompagn\u00e9e d&rsquo;un sac de plage \u00e9tanche d&rsquo;une capacit\u00e9 de 10 L.<\/span><\/p>\n<p><span style=\"vertical-align: inherit;\">\u00c9chelle de 25 pieds accompagn\u00e9e d&rsquo;un sac de rangement \u00e9tanche d&rsquo;une capacit\u00e9 de 15 L.<\/span><\/p>\n<p><img decoding=\"async\" class=\"a-spacing-mini\" src=\"https:\/\/m.media-amazon.com\/images\/S\/aplus-media\/sc\/42cab632-a2d0-40fd-a2dd-280d531bf010.__CR282,0,1000,1000_PT0_SX300_V1___.jpg\" alt=\"Pour fen\u00eatre ou balcon\" data-src=\"https:\/\/m.media-amazon.com\/images\/S\/aplus-media\/sc\/42cab632-a2d0-40fd-a2dd-280d531bf010.__CR282,0,1000,1000_PT0_SX300_V1___.jpg\" \/><\/p>\n<h3><span class=\"a-text-bold\"><span style=\"vertical-align: inherit;\">Stabilisateurs<\/span><\/span><\/h3>\n<p><span style=\"vertical-align: inherit;\">Les \u00e9chelons de nos \u00e9chelles ont des stabilisateurs qui permettent aux \u00e9chelles de ne pas adh\u00e9rer \u00e9troitement au mur mais de rester solides contre celui-ci et donc de faciliter grandement la descente du deuxi\u00e8me ou troisi\u00e8me \u00e9tage.<\/span><\/p>\n<h3><span class=\"a-text-bold\"><span style=\"vertical-align: inherit;\">\u00c9chelons antid\u00e9rapants<\/span><\/span><\/h3>\n<p><span style=\"vertical-align: inherit;\">Un motif sp\u00e9cial \u00e0 la surface des \u00e9chelons rend la descente de l&rsquo;appartement antid\u00e9rapante par tous les temps.<\/span><\/p>\n<p><img decoding=\"async\" class=\"a-spacing-mini\" src=\"https:\/\/m.media-amazon.com\/images\/S\/aplus-media\/sc\/8b1ba6ce-d84f-4314-b98a-95d063fc3e5e.__CR500,0,1000,1000_PT0_SX300_V1___.jpg\" alt=\"Pour fen\u00eatre ou balcon\" data-src=\"https:\/\/m.media-amazon.com\/images\/S\/aplus-media\/sc\/8b1ba6ce-d84f-4314-b98a-95d063fc3e5e.__CR500,0,1000,1000_PT0_SX300_V1___.jpg\" \/><\/p>\n<h3><span class=\"a-text-bold\"><span style=\"vertical-align: inherit;\">Imperm\u00e9abiliser<\/span><\/span><\/h3>\n<p><span style=\"vertical-align: inherit;\">La peinture en poudre sp\u00e9ciale prot\u00e8ge les \u00e9chelons contre la rouille et la sangle en polyester est tr\u00e8s r\u00e9sistante \u00e0 l&rsquo;eau ou \u00e0 la neige, nos \u00e9chelles de secours sont donc r\u00e9sistantes aux intemp\u00e9ries.<\/span><\/p>\n<h3><span class=\"a-text-bold\"><span style=\"vertical-align: inherit;\">R\u00e9utilisable<\/span><\/span><\/h3>\n<p><span style=\"vertical-align: inherit;\">Nos \u00e9chelles sont r\u00e9utilisables, contrairement \u00e0 celles de nos concurrents. Avec un stockage ad\u00e9quat, ils peuvent durer des ann\u00e9es!<\/span><\/p>\n<\/div>\n<p><img decoding=\"async\" src=\"https:\/\/m.media-amazon.com\/images\/S\/aplus-media-library-service-media\/e7c18d47-cc80-4010-b87d-269b3e2c59af.__CR0,0,300,300_PT0_SX300_V1___.jpg\" alt=\"BOX\" \/><\/p>\n<h3><span class=\"a-text-bold\">Portable<\/span><\/h3>\n<p>Contient un coffret cadeau de couleur bois naturel.<\/p>\n<p><img decoding=\"async\" src=\"https:\/\/m.media-amazon.com\/images\/S\/aplus-media-library-service-media\/69e20463-8535-4185-ad23-2d11f4e0e445.__CR188,0,1125,1125_PT0_SX300_V1___.jpg\" alt=\"CARABINERS\" \/><\/p>\n<h3><span class=\"a-text-bold\">Mousquetons robustes<\/span><\/h3>\n<p>Les \u00e9chelles sont \u00e9quip\u00e9es de mousquetons chrom\u00e9s d&rsquo;une r\u00e9sistance \u00e0 la rupture de 11KN.<\/p>\n<\/div>\n<\/div>\n<\/div>\n<div class=\"celwidget aplus-module module-2 aplus-standard\" data-csa-c-id=\"czdp8c-vpt42n-ub22e6-8qlfjz\" data-cel-widget=\"aplus-module-2\">\n<div class=\"a-expander-collapsed-height a-row a-expander-container a-expander-partial-collapse-container\" data-a-expander-name=\"aplus-module-expander\" data-a-expander-collapsed-height=\"700\">\n<div class=\"a-expander-content a-expander-partial-collapse-content\">\n<div class=\"aplus-module-wrapper apm-floatnone apm-fixed-width\">\n<div class=\"apm-sidemodule apm-spacing\">\n<div class=\"apm-sidemodule-imageleft\" style=\"text-align: left;\"><img decoding=\"async\" class=\"\" src=\"https:\/\/m.media-amazon.com\/images\/S\/aplus-media\/sc\/55dfe070-7172-4b34-b379-6ab49b743dd1.__CR226,0,1000,1000_PT0_SX300_V1___.jpg\" alt=\"Variante de 2 tailles\" data-src=\"https:\/\/m.media-amazon.com\/images\/S\/aplus-media\/sc\/55dfe070-7172-4b34-b379-6ab49b743dd1.__CR226,0,1000,1000_PT0_SX300_V1___.jpg\" \/><\/div>\n<div class=\"apm-sidemodule-textright\">\n<h3 style=\"text-align: left;\"><span class=\"a-text-bold\"><span style=\"vertical-align: inherit;\">Variante de 2 tailles<\/span><\/span><\/h3>\n<p style=\"text-align: left;\"><span style=\"vertical-align: inherit;\">Nous proposons 2 tailles de nos \u00e9chelles &#8211; \u00e9chelle de secours \u00e0 2 \u00e9tages et \u00e9chelle de secours \u00e0 3 \u00e9tages.<\/span><img decoding=\"async\" src=\"https:\/\/m.media-amazon.com\/images\/S\/aplus-media-library-service-media\/61ca9365-0475-4008-8f82-2ab2190ad52b.__CR0,0,300,300_PT0_SX300_V1___.jpg\" alt=\"Maison m\u00e8re professionnelle\" \/><\/p>\n<h3 style=\"text-align: left;\"><span class=\"a-text-bold\"><span style=\"vertical-align: inherit;\">Entreprise d&rsquo;\u00e9chelle professionnelle<\/span><\/span><\/h3>\n<p style=\"text-align: left;\"><span style=\"vertical-align: inherit;\">Nous vous recommandons d&rsquo;acheter des \u00e9chelles aupr\u00e8s d&rsquo;une entreprise sp\u00e9cialis\u00e9e dans les \u00e9chelles, car il s&rsquo;agit d&rsquo;un produit de s\u00e9curit\u00e9.<\/span><\/p>\n<p style=\"text-align: left;\"><span style=\"vertical-align: inherit;\">Et ISOP est l&rsquo;une des rares entreprises \u00e0 proposer une large s\u00e9lection d&rsquo;\u00e9chelles diff\u00e9rentes \u00e0 partir de sa propre usine de fabrication.<\/span><\/p>\n<\/div>\n<\/div>\n<\/div>\n<\/div>\n<\/div>\n<\/div>\n<\/div>\n<\/div>\n<\/div>\n<\/div>\n<\/div>\n","protected":false},"excerpt":{"rendered":"[embed]https:\/\/youtu.be\/oMfZAYSbNX4[\/embed]\n<p id=\"title\" class=\"a-size-large a-spacing-none\" style=\"text-align: center;\">\u00c9chelles de secours ISOP 4 m | \u00c9chelles r\u00e9tractables pour maisons \u00e0 2 \u00e9tages | Compact et portable | \u00c9chelle de corde adapt\u00e9e \u00e0 l&rsquo;\u00e9vasion de balcon et de fen\u00eatres<\/p>\n<p style=\"text-align: center;\"><span style=\"vertical-align: inherit;\">LIVRAISON GRATUITE SOUS 3-7 JOURS<\/span><\/p>\n<h4 style=\"text-align: center;\"><strong><span style=\"vertical-align: inherit;\">ACHETER SUR<\/span><\/strong><\/h4>\n<p style=\"text-align: center;\"><a href=\"https:\/\/www.amazon.fr\/dp\/B08LBSSYLB\/?maas=maas_adg_42C6DCCBD287CBD2DD2CB3809ED65518_afap_abs&amp;ref_=aa_maas&amp;ref=sr_1_1&amp;__mk_fr_FR=%C3%85M%C3%85%C5%BD%C3%95%C3%91&amp;dchild=1&amp;keywords=%C3%89chelles%20de%20Secours%204%20m&amp;qid=1624633604&amp;s=hi&amp;sr=1-1&amp;th=1\"><img loading=\"lazy\" decoding=\"async\" class=\"wp-image-1040 size-full aligncenter\" src=\"https:\/\/rightfoodonly.com\/wp-content\/uploads\/amazon-button9.png\" alt=\"\" width=\"160\" height=\"59\" \/><\/a><\/p>\n<p>&nbsp;<\/p>\n","protected":false},"featured_media":5012,"comment_status":"open","ping_status":"closed","template":"","meta":[],"product_brand":[],"product_cat":[188,187,183],"product_tag":[104,41,72,49,39],"class_list":{"0":"post-4405","1":"product","2":"type-product","3":"status-publish","4":"has-post-thumbnail","6":"product_cat-echelles-de-secours-a-1-niveau","7":"product_cat-echelles-de-secours-a-2-niveaux","8":"product_cat-echelles-de-secours-avec-entretoises","9":"product_tag-echelles-de-secours","10":"product_tag-equipement","11":"product_tag-incendie","12":"product_tag-isop","13":"product_tag-securite","15":"first","16":"instock","17":"shipping-taxable","18":"purchasable","19":"product-type-simple"},"_links":{"self":[{"href":"https:\/\/isopllc.com\/be\/wp-json\/wp\/v2\/product\/4405","targetHints":{"allow":["GET"]}}],"collection":[{"href":"https:\/\/isopllc.com\/be\/wp-json\/wp\/v2\/product"}],"about":[{"href":"https:\/\/isopllc.com\/be\/wp-json\/wp\/v2\/types\/product"}],"replies":[{"embeddable":true,"href":"https:\/\/isopllc.com\/be\/wp-json\/wp\/v2\/comments?post=4405"}],"wp:featuredmedia":[{"embeddable":true,"href":"https:\/\/isopllc.com\/be\/wp-json\/wp\/v2\/media\/5012"}],"wp:attachment":[{"href":"https:\/\/isopllc.com\/be\/wp-json\/wp\/v2\/media?parent=4405"}],"wp:term":[{"taxonomy":"product_brand","embeddable":true,"href":"https:\/\/isopllc.com\/be\/wp-json\/wp\/v2\/product_brand?post=4405"},{"taxonomy":"product_cat","embeddable":true,"href":"https:\/\/isopllc.com\/be\/wp-json\/wp\/v2\/product_cat?post=4405"},{"taxonomy":"product_tag","embeddable":true,"href":"https:\/\/isopllc.com\/be\/wp-json\/wp\/v2\/product_tag?post=4405"}],"curies":[{"name":"wp","href":"https:\/\/api.w.org\/{rel}","templated":true}]}}