{"id":4449,"date":"2021-07-14T13:28:45","date_gmt":"2021-07-14T13:28:45","guid":{"rendered":"https:\/\/isopllc.com\/fr\/?post_type=product&#038;p=4449"},"modified":"2025-08-10T09:57:28","modified_gmt":"2025-08-10T09:57:28","slug":"echelle-de-toit-4-m","status":"publish","type":"product","link":"https:\/\/isopllc.com\/be\/product\/echelle-de-toit-4-m\/","title":{"rendered":"\u00c9chelle de Toit\u00a04 m | \u00c9chelle de Secours pour Les Maisons \u00e0 2 Etages"},"content":{"rendered":"<div class=\"celwidget aplus-module module-4 aplus-standard\" data-csa-c-id=\"50qscj-nsntqj-fluarl-124tzy\" data-cel-widget=\"aplus-module-4\">\n<div class=\"a-expander-collapsed-height a-row a-expander-container a-expander-partial-collapse-container\" data-a-expander-name=\"aplus-module-expander\" data-a-expander-collapsed-height=\"700\">\n<div class=\"a-expander-content a-expander-partial-collapse-content\">\n<div class=\"aplus-module-wrapper apm-fixed-width\">\n<div class=\"apm-spacing\">\n<div class=\"apm-floatleft apm-fixed-width\">\n<h2 id=\"title\" class=\"a-size-large a-spacing-none\">\u00c9chelle de Toit 4 m | \u00c9chelle de Corde pour Enfants ou Adultes | \u00c9chelle de Secours pour Les Maisons \u00e0 2 Etages | Mousquetons INCL.<\/h2>\n<h3 class=\"a-spacing-small\">12 raisons pour lesquelles nous choisir<\/h3>\n<p><img decoding=\"async\" class=\"\" src=\"https:\/\/m.media-amazon.com\/images\/S\/aplus-media\/sc\/0484a226-8be6-4965-8b8a-062de5498c97.__CR0,0,600,600_PT0_SX220_V1___.jpg\" alt=\"Poids l\u00e9ger\" data-src=\"https:\/\/m.media-amazon.com\/images\/S\/aplus-media\/sc\/0484a226-8be6-4965-8b8a-062de5498c97.__CR0,0,600,600_PT0_SX220_V1___.jpg\" \/><\/p>\n<p data-start=\"0\" data-end=\"309\">L\u2019\u00e9chelle de toit 4 m est sp\u00e9cialement con\u00e7ue pour assurer une \u00e9vacuation rapide et s\u00e9curis\u00e9e des maisons \u00e0 deux \u00e9tages en cas d\u2019urgence. Cette \u00e9chelle de secours constitue un \u00e9quipement essentiel pour les foyers souhaitant renforcer leur s\u00e9curit\u00e9 face aux risques d\u2019incendie ou autres situations d\u2019urgence.<\/p>\n<h4 class=\"a-spacing-mini\">Poids l\u00e9ger<\/h4>\n<p class=\"a-size-small\">C&rsquo;est l&rsquo;\u00e9chelle la plus l\u00e9g\u00e8re disponible sur le march\u00e9. Le poids d&rsquo;une \u00e9chelle de 3 m n&rsquo;est que de 1 kg.<\/p>\n<p><img loading=\"lazy\" decoding=\"async\" class=\"\" src=\"https:\/\/m.media-amazon.com\/images\/S\/aplus-media\/sc\/74a6e3c1-c8e9-4370-82e8-2ece837c08f7.__CR0,0,1000,1000_PT0_SX220_V1___.jpg\" alt=\"Fort et stable\" width=\"220\" height=\"220\" data-src=\"https:\/\/m.media-amazon.com\/images\/S\/aplus-media\/sc\/74a6e3c1-c8e9-4370-82e8-2ece837c08f7.__CR0,0,1000,1000_PT0_SX220_V1___.jpg\" \/><\/p>\n<p data-start=\"311\" data-end=\"618\">Fabriqu\u00e9e avec des mat\u00e9riaux robustes et durables, cette \u00e9chelle est con\u00e7ue pour r\u00e9sister aux conditions ext\u00e9rieures tout en garantissant une utilisation fiable et s\u00e9curis\u00e9e. Son design pratique permet une installation facile sur la toiture, offrant un acc\u00e8s rapide et s\u00fbr pour descendre en cas de besoin.<\/p>\n<h4 class=\"a-spacing-mini\">Fort et stable<\/h4>\n<p class=\"a-size-small\">L&rsquo;un des grands avantages de notre \u00e9chelle en sangle de sauvetage est que les principales sangles en nylon sont int\u00e9gr\u00e9es de bas en haut et ne sont pas constitu\u00e9es de pi\u00e8ces cousues comme par exemple les \u00e9chelles \u00ab\u00a0kidde\u00a0\u00bb ou \u00ab\u00a0premi\u00e8re alerte\u00a0\u00bb, par cons\u00e9quent, elle est exceptionnellement robuste.\u00a0De plus, les mat\u00e9riaux utilis\u00e9s pour les \u00e9chelons tels que la fibre de verre et la fibre de basalte rendent cette \u00e9chelle \u00e0 sangles beaucoup plus solide que les \u00e9chelles jetables en aluminium.<\/p>\n<p><img decoding=\"async\" class=\"\" src=\"https:\/\/m.media-amazon.com\/images\/S\/aplus-media\/sc\/a31e0885-9da9-4fe2-a571-e1558cab0393.__CR0,0,600,600_PT0_SX220_V1___.jpg\" alt=\"Sans enchev\u00eatrement\" data-src=\"https:\/\/m.media-amazon.com\/images\/S\/aplus-media\/sc\/a31e0885-9da9-4fe2-a571-e1558cab0393.__CR0,0,600,600_PT0_SX220_V1___.jpg\" \/><\/p>\n<h4 class=\"a-spacing-mini\">Sans enchev\u00eatrement<\/h4>\n<p class=\"a-size-small\">Nos \u00e9chelles en sangle sont faciles \u00e0 ranger dans le sac de rangement apr\u00e8s utilisation.<\/p>\n<p class=\"a-size-small\">Aucun enchev\u00eatrement lors de l&rsquo;assemblage.<\/p>\n<p><img loading=\"lazy\" decoding=\"async\" class=\"\" src=\"https:\/\/m.media-amazon.com\/images\/S\/aplus-media-library-service-media\/89ce4a71-aad8-4e11-9943-b5105b8856ed.__CR0,0,600,600_PT0_SX300_V1___.jpg\" alt=\"Polen\" width=\"220\" height=\"220\" \/><\/p>\n<h4 class=\"a-spacing-mini\">Fabriqu\u00e9 en Pologne<\/h4>\n<p>Vous pouvez \u00eatre s\u00fbr de la qualit\u00e9!<\/p>\n<div class=\"apm-spacing\"><img decoding=\"async\" class=\"\" src=\"https:\/\/m.media-amazon.com\/images\/S\/aplus-media\/sc\/393ac846-c55d-4d1f-b20c-d83de7de6999.__CR0,0,1000,1000_PT0_SX220_V1___.jpg\" alt=\"Longueur\" data-src=\"https:\/\/m.media-amazon.com\/images\/S\/aplus-media\/sc\/393ac846-c55d-4d1f-b20c-d83de7de6999.__CR0,0,1000,1000_PT0_SX220_V1___.jpg\" \/><\/div>\n<div>\n<p data-start=\"887\" data-end=\"1119\">Id\u00e9ale pour les maisons \u00e0 deux \u00e9tages, cette \u00e9chelle de toit est un outil indispensable pour prot\u00e9ger votre famille. Elle r\u00e9pond aux normes de s\u00e9curit\u00e9 en vigueur et convient aussi bien pour un usage r\u00e9sidentiel que professionnel.<\/p>\n<\/div>\n<div><\/div>\n<\/div>\n<\/div>\n<\/div>\n<div>\n<h4 class=\"a-spacing-mini\">Longueur<\/h4>\n<p class=\"a-size-small\">Nos \u00e9chelles en sangle de sauvetage peuvent \u00eatre assembl\u00e9es pour une longueur accrue.<\/p>\n<p><img decoding=\"async\" class=\"\" style=\"font-weight: 600;\" src=\"https:\/\/m.media-amazon.com\/images\/S\/aplus-media\/sc\/6625ab17-5247-415b-a353-7a0e3ca2bb1d.__CR0,0,1000,1000_PT0_SX220_V1___.jpg\" alt=\"R\u00e9sistant aux intemp\u00e9ries\" data-src=\"https:\/\/m.media-amazon.com\/images\/S\/aplus-media\/sc\/6625ab17-5247-415b-a353-7a0e3ca2bb1d.__CR0,0,1000,1000_PT0_SX220_V1___.jpg\" \/><\/p>\n<h4 class=\"a-spacing-mini\">R\u00e9sistant aux intemp\u00e9ries<\/h4>\n<p class=\"a-size-small\">Le mat\u00e9riau lui-m\u00eame est une sangle en polyester, ainsi que des fils coll\u00e9s en nylon UV professionnels, qui offrent une r\u00e9sistance \u00e0 toutes les intemp\u00e9ries, m\u00eame dans l&rsquo;eau.\u00a0Par cons\u00e9quent, ils peuvent \u00eatre utilis\u00e9s comme \u00e9chelle de bateau ou \u00e9chelle marine.\u00a0Faible capacit\u00e9 d&rsquo;absorption d&rsquo;humidit\u00e9, r\u00e9sistant \u00e0 l&rsquo;abrasion, r\u00e9sistant aux dommages caus\u00e9s par l&rsquo;huile et de nombreux produits chimiques, doux et \u00e0 s\u00e9chage rapide.<\/p>\n<p><img decoding=\"async\" class=\"\" src=\"https:\/\/m.media-amazon.com\/images\/S\/aplus-media\/sc\/b1929708-9dad-44c2-a6ed-070474464c51.__CR0,0,1000,1000_PT0_SX220_V1___.jpg\" alt=\"Compact\" data-src=\"https:\/\/m.media-amazon.com\/images\/S\/aplus-media\/sc\/b1929708-9dad-44c2-a6ed-070474464c51.__CR0,0,1000,1000_PT0_SX220_V1___.jpg\" \/><\/p>\n<h4 class=\"a-spacing-mini\">Compact<\/h4>\n<p class=\"a-size-small\">Vous ne pouvez pas imaginer des \u00e9chelles plus compactes.\u00a0L&rsquo;\u00e9chelle enti\u00e8re tient dans votre paume.\u00a0Ils ne prennent pas beaucoup de place, peuvent \u00eatre rang\u00e9s n&rsquo;importe o\u00f9 comme sous le lit dans la chambre, sur le balcon et sur le toit.<\/p>\n<p><img decoding=\"async\" class=\"\" src=\"https:\/\/m.media-amazon.com\/images\/S\/aplus-media\/sc\/91d8e70e-82c2-457c-9c48-019a2fbff56a.__CR1282,342,714,714_PT0_SX220_V1___.png\" alt=\"Multifonctionnalit\u00e9\" data-src=\"https:\/\/m.media-amazon.com\/images\/S\/aplus-media\/sc\/91d8e70e-82c2-457c-9c48-019a2fbff56a.__CR1282,342,714,714_PT0_SX220_V1___.png\" \/><\/p>\n<p data-start=\"620\" data-end=\"885\">L\u2019\u00e9chelle de secours 4 m est l\u00e9g\u00e8re et compacte, ce qui facilite son rangement dans un espace r\u00e9duit lorsqu\u2019elle n\u2019est pas utilis\u00e9e. Son syst\u00e8me de fixation s\u00e9curis\u00e9 assure une bonne stabilit\u00e9 pendant l\u2019\u00e9vacuation, r\u00e9duisant les risques de glissades ou de chutes.<\/p>\n<h4 class=\"a-spacing-mini\">Barreaux antid\u00e9rapants<\/h4>\n<p class=\"a-size-small\">Le mat\u00e9riau de la sangle est connu pour \u00eatre beaucoup moins glissant que tout autre mat\u00e9riau dur tel que l&rsquo;aluminium, le m\u00e9tal ou le plastique.<\/p>\n<\/div>\n<\/div>\n<\/div>\n<\/div>\n<div class=\"celwidget aplus-module module-4 aplus-standard\" data-csa-c-id=\"g1sz5y-85s18u-4a69wq-q2zaeh\" data-cel-widget=\"aplus-module-4\">\n<div class=\"a-expander-collapsed-height a-row a-expander-container a-expander-partial-collapse-container\" data-a-expander-name=\"aplus-module-expander\" data-a-expander-collapsed-height=\"700\">\n<div class=\"a-expander-content a-expander-partial-collapse-content\">\n<div class=\"aplus-module-wrapper apm-fixed-width\">\n<div class=\"apm-spacing\">\n<div class=\"apm-floatleft apm-fixed-width\">\n<div class=\"apm-spacing\"><img decoding=\"async\" class=\"\" src=\"https:\/\/m.media-amazon.com\/images\/S\/aplus-media\/sc\/88500a1b-9a49-4721-a955-87e6a78287e3.__CR0,0,1000,1000_PT0_SX220_V1___.jpg\" alt=\"Multifonctionnalit\u00e9\" data-src=\"https:\/\/m.media-amazon.com\/images\/S\/aplus-media\/sc\/88500a1b-9a49-4721-a955-87e6a78287e3.__CR0,0,1000,1000_PT0_SX220_V1___.jpg\" \/><\/div>\n<div>\n<h4 class=\"a-spacing-mini\">Multifonctionnalit\u00e9<\/h4>\n<p class=\"a-size-small\">Les \u00e9chelles de sauvetage ISOP peuvent \u00eatre utilis\u00e9es aussi bien pour une sortie de secours et pour les urgences que pour les enfants dans la cour de r\u00e9cr\u00e9ation ou pour une cabane dans les arbres.<\/p>\n<\/div>\n<\/div>\n<\/div>\n<\/div>\n<div><img decoding=\"async\" class=\"\" style=\"font-weight: 600;\" src=\"https:\/\/m.media-amazon.com\/images\/S\/aplus-media\/sc\/0ce14b90-f644-4e71-9958-a603ab85be7a.__CR0,0,800,800_PT0_SX220_V1___.jpg\" alt=\"Mousquetons\" data-src=\"https:\/\/m.media-amazon.com\/images\/S\/aplus-media\/sc\/0ce14b90-f644-4e71-9958-a603ab85be7a.__CR0,0,800,800_PT0_SX220_V1___.jpg\" \/><\/div>\n<div>\n<h4 class=\"a-spacing-mini\">Mousquetons<\/h4>\n<p class=\"a-size-small\">Mousquetons professionnels chrom\u00e9s 11kn inclus.<\/p>\n<\/div>\n<div><img decoding=\"async\" class=\"\" src=\"https:\/\/m.media-amazon.com\/images\/S\/aplus-media\/sc\/91fd5669-769f-4880-a4f6-2c1fa7823109.__CR130,0,720,720_PT0_SX220_V1___.png\" alt=\"Sac \u00e9tanche\" data-src=\"https:\/\/m.media-amazon.com\/images\/S\/aplus-media\/sc\/91fd5669-769f-4880-a4f6-2c1fa7823109.__CR130,0,720,720_PT0_SX220_V1___.png\" \/><\/div>\n<div>\n<p data-start=\"1121\" data-end=\"1403\">Avec cette \u00e9chelle, vous disposez d\u2019une solution fiable et pratique pour garantir une issue de secours efficace en cas d\u2019incendie ou autre situation d\u2019urgence. Offrez-vous la tranquillit\u00e9 d\u2019esprit en \u00e9quipant votre maison d\u2019une \u00e9chelle de secours performante et facile \u00e0 utiliser.<\/p>\n<\/div>\n<div>\n<h4 class=\"a-spacing-mini\">Sac \u00e9tanche<\/h4>\n<p class=\"a-size-small\">Un sac de plage design cool est inclus dans l&rsquo;ensemble.<\/p>\n<\/div>\n<\/div>\n<\/div>\n<\/div>\n<div class=\"celwidget aplus-module module-4 aplus-standard\" data-csa-c-id=\"4avcfx-8eklsy-kt15jf-se1w13\" data-cel-widget=\"aplus-module-4\">\n<div class=\"a-expander-collapsed-height a-row a-expander-container a-expander-partial-collapse-container\" data-a-expander-name=\"aplus-module-expander\" data-a-expander-collapsed-height=\"700\">\n<div class=\"a-expander-content a-expander-partial-collapse-content\">\n<div class=\"aplus-module-wrapper apm-fixed-width\">\n<div class=\"apm-spacing\">\n<div class=\"apm-floatleft apm-fixed-width\">\n<div class=\"apm-spacing\">Tailles \u00e9galement disponibles :<br \/>\n<strong><a href=\"https:\/\/isopllc.com\/be\/product\/echelle-pour-enfants-2-m\/\">2 m\u00a0<\/a> |\u00a0<a href=\"https:\/\/isopllc.com\/be\/product\/echelle-dextension-3-m\/\"> 3 m<\/a>\u00a0 |\u00a0 <a href=\"https:\/\/isopllc.com\/be\/product\/echelle-devacuation-durgence-5-m\/\">5 m<\/a>\u00a0 |\u00a0 <a href=\"https:\/\/isopllc.com\/be\/product\/echelle-de-secours-incendie-3-etage\/\">8 m<\/a>\u00a0 | <a href=\"https:\/\/isopllc.com\/be\/product\/echelle-durgence-4-etages-10-m\/\">10 m\u00a0<\/a> |\u00a0 <a href=\"https:\/\/isopllc.com\/be\/product\/echelle-de-secours-4-etages-de-15-m\/\">15 m\u00a0<\/a><\/strong><\/div>\n<\/div>\n<\/div>\n<\/div>\n<\/div>\n<\/div>\n<\/div>\n","protected":false},"excerpt":{"rendered":"[embed]https:\/\/youtu.be\/ds0NrYq7vck[\/embed]\n<p id=\"title\" class=\"a-size-large a-spacing-none\" style=\"text-align: center;\">\u00c9chelle de Toit 4 m | \u00c9chelle de Corde pour Enfants ou Adultes | \u00c9chelle de Secours pour Les Maisons \u00e0 2 Etages | Mousquetons INCL.<\/p>\n<p style=\"text-align: center;\"><span style=\"vertical-align: inherit;\">LIVRAISON GRATUITE SOUS 3-7 JOURS<\/span><\/p>\n<h4 style=\"text-align: center;\"><strong><span style=\"vertical-align: inherit;\">ACHETER SUR<\/span><\/strong><\/h4>\n<p style=\"text-align: center;\"><a href=\"https:\/\/www.amazon.fr\/%C3%89chelle-ISOP-Enfants-Adultes-Mousquetons\/dp\/B08NZM1G2K\/?maas=maas_adg_B393B74F9919520EF7AA591C831162B4_afap_abs&amp;ref_=aa_maas&amp;ref=sr_1_1&amp;__mk_fr_FR=%C3%85M%C3%85%C5%BD%C3%95%C3%91&amp;dchild=1&amp;keywords=%C3%89chelle%20de%20Toit&amp;qid=1628175433&amp;sr=8-1\"><img loading=\"lazy\" decoding=\"async\" class=\"wp-image-1040 size-full aligncenter\" src=\"https:\/\/rightfoodonly.com\/wp-content\/uploads\/amazon-button9.png\" alt=\"\" width=\"160\" height=\"59\" \/><\/a><\/p>\n<p>&nbsp;<\/p>\n","protected":false},"featured_media":4579,"comment_status":"open","ping_status":"closed","template":"","meta":[],"product_brand":[],"product_cat":[182,188,187],"product_tag":[100,41,72,40,39],"class_list":{"0":"post-4449","1":"product","2":"type-product","3":"status-publish","4":"has-post-thumbnail","6":"product_cat-echelles-de-secours","7":"product_cat-echelles-de-secours-a-1-niveau","8":"product_cat-echelles-de-secours-a-2-niveaux","9":"product_tag-echelle-de-toit","10":"product_tag-equipement","11":"product_tag-incendie","12":"product_tag-protection","13":"product_tag-securite","15":"first","16":"instock","17":"shipping-taxable","18":"purchasable","19":"product-type-simple"},"_links":{"self":[{"href":"https:\/\/isopllc.com\/be\/wp-json\/wp\/v2\/product\/4449","targetHints":{"allow":["GET"]}}],"collection":[{"href":"https:\/\/isopllc.com\/be\/wp-json\/wp\/v2\/product"}],"about":[{"href":"https:\/\/isopllc.com\/be\/wp-json\/wp\/v2\/types\/product"}],"replies":[{"embeddable":true,"href":"https:\/\/isopllc.com\/be\/wp-json\/wp\/v2\/comments?post=4449"}],"wp:featuredmedia":[{"embeddable":true,"href":"https:\/\/isopllc.com\/be\/wp-json\/wp\/v2\/media\/4579"}],"wp:attachment":[{"href":"https:\/\/isopllc.com\/be\/wp-json\/wp\/v2\/media?parent=4449"}],"wp:term":[{"taxonomy":"product_brand","embeddable":true,"href":"https:\/\/isopllc.com\/be\/wp-json\/wp\/v2\/product_brand?post=4449"},{"taxonomy":"product_cat","embeddable":true,"href":"https:\/\/isopllc.com\/be\/wp-json\/wp\/v2\/product_cat?post=4449"},{"taxonomy":"product_tag","embeddable":true,"href":"https:\/\/isopllc.com\/be\/wp-json\/wp\/v2\/product_tag?post=4449"}],"curies":[{"name":"wp","href":"https:\/\/api.w.org\/{rel}","templated":true}]}}