{"id":4451,"date":"2021-07-14T16:25:19","date_gmt":"2021-07-14T16:25:19","guid":{"rendered":"https:\/\/isopllc.com\/fr\/?post_type=product&#038;p=4451"},"modified":"2025-08-10T09:44:33","modified_gmt":"2025-08-10T09:44:33","slug":"echelle-de-secours-incendie-3-etage","status":"publish","type":"product","link":"https:\/\/isopllc.com\/be\/product\/echelle-de-secours-incendie-3-etage\/","title":{"rendered":"\u00c9chelle de Secours Incendie 3 Etage | 8 m | Compact et Portable"},"content":{"rendered":"<div class=\"celwidget aplus-module module-4 aplus-standard\" data-csa-c-id=\"50qscj-nsntqj-fluarl-124tzy\" data-cel-widget=\"aplus-module-4\">\n<div class=\"a-expander-collapsed-height a-row a-expander-container a-expander-partial-collapse-container\" data-a-expander-name=\"aplus-module-expander\" data-a-expander-collapsed-height=\"700\">\n<div class=\"a-expander-content a-expander-partial-collapse-content\">\n<div class=\"aplus-module-wrapper apm-fixed-width\">\n<div class=\"apm-spacing\">\n<div class=\"apm-floatleft apm-fixed-width\">\n<h2 id=\"title\" class=\"a-size-large a-spacing-none\">\u00c9chelle de Secours Incendie 3 Etage 7,5 m | \u00c9chelle en Sangle avec Mousquetons | L\u00e9ger | Compact et Portable | \u00c9chelle de Corde de S\u00e9curit\u00e9 Multifonctionnelle et R\u00e9sistante aux Intemp\u00e9ries<\/h2>\n<h3 class=\"a-spacing-small\">12 raisons pour lesquelles nous choisir<\/h3>\n<p><img decoding=\"async\" class=\"\" src=\"https:\/\/m.media-amazon.com\/images\/S\/aplus-media\/sc\/0484a226-8be6-4965-8b8a-062de5498c97.__CR0,0,600,600_PT0_SX220_V1___.jpg\" alt=\"Poids l\u00e9ger\" data-src=\"https:\/\/m.media-amazon.com\/images\/S\/aplus-media\/sc\/0484a226-8be6-4965-8b8a-062de5498c97.__CR0,0,600,600_PT0_SX220_V1___.jpg\" \/><\/p>\n<p data-start=\"0\" data-end=\"395\">L\u2019\u00e9chelle d\u2019\u00e9vacuation d\u2019urgence 5 m\u00e8tres est un \u00e9quipement essentiel pour toute situation n\u00e9cessitant une sortie rapide et s\u00e9curis\u00e9e des b\u00e2timents. Con\u00e7ue sp\u00e9cialement pour les interventions d\u2019urgence, cette \u00e9chelle permet une \u00e9vacuation efficace depuis les \u00e9tages sup\u00e9rieurs, garantissant la s\u00e9curit\u00e9 des occupants lors d\u2019incendies, de catastrophes naturelles ou d\u2019autres situations critiques.<\/p>\n<h4 class=\"a-spacing-mini\">Poids l\u00e9ger<\/h4>\n<p class=\"a-size-small\">C&rsquo;est l&rsquo;\u00e9chelle la plus l\u00e9g\u00e8re disponible sur le march\u00e9. Le poids d&rsquo;une \u00e9chelle de 3 m n&rsquo;est que de 1 kg.<\/p>\n<p><img loading=\"lazy\" decoding=\"async\" class=\"\" src=\"https:\/\/m.media-amazon.com\/images\/S\/aplus-media\/sc\/74a6e3c1-c8e9-4370-82e8-2ece837c08f7.__CR0,0,1000,1000_PT0_SX220_V1___.jpg\" alt=\"Fort et stable\" width=\"220\" height=\"220\" data-src=\"https:\/\/m.media-amazon.com\/images\/S\/aplus-media\/sc\/74a6e3c1-c8e9-4370-82e8-2ece837c08f7.__CR0,0,1000,1000_PT0_SX220_V1___.jpg\" \/><\/p>\n<p data-start=\"397\" data-end=\"802\">Fabriqu\u00e9e avec des mat\u00e9riaux r\u00e9sistants et durables, cette \u00e9chelle d\u2019\u00e9vacuation offre une robustesse optimale tout en restant l\u00e9g\u00e8re et facile \u00e0 manipuler. Sa longueur de 5 m\u00e8tres est id\u00e9ale pour atteindre confortablement des fen\u00eatres ou balcons situ\u00e9s jusqu\u2019au deuxi\u00e8me ou troisi\u00e8me \u00e9tage, ce qui en fait un outil indispensable pour les habitations, les bureaux, les \u00e9coles ou les \u00e9tablissements publics.<\/p>\n<h4 class=\"a-spacing-mini\">Fort et stable<\/h4>\n<p class=\"a-size-small\">L&rsquo;un des grands avantages de notre \u00e9chelle en sangle de sauvetage est que les principales sangles en nylon sont int\u00e9gr\u00e9es de bas en haut et ne sont pas constitu\u00e9es de pi\u00e8ces cousues comme par exemple les \u00e9chelles \u00ab\u00a0kidde\u00a0\u00bb ou \u00ab\u00a0premi\u00e8re alerte\u00a0\u00bb, par cons\u00e9quent, elle est exceptionnellement robuste.\u00a0De plus, les mat\u00e9riaux utilis\u00e9s pour les \u00e9chelons tels que la fibre de verre et la fibre de basalte rendent cette \u00e9chelle \u00e0 sangles beaucoup plus solide que les \u00e9chelles jetables en aluminium.<\/p>\n<p><img decoding=\"async\" class=\"\" src=\"https:\/\/m.media-amazon.com\/images\/S\/aplus-media\/sc\/a31e0885-9da9-4fe2-a571-e1558cab0393.__CR0,0,600,600_PT0_SX220_V1___.jpg\" alt=\"Sans enchev\u00eatrement\" data-src=\"https:\/\/m.media-amazon.com\/images\/S\/aplus-media\/sc\/a31e0885-9da9-4fe2-a571-e1558cab0393.__CR0,0,600,600_PT0_SX220_V1___.jpg\" \/><\/p>\n<p data-start=\"804\" data-end=\"1122\">L\u2019\u00e9chelle est \u00e9quip\u00e9e de crochets s\u00e9curis\u00e9s qui facilitent son installation rapide et stable sur diff\u00e9rentes surfaces, assurant ainsi une fixation fiable pendant l\u2019utilisation. De plus, son design compact permet de la ranger facilement, sans encombrer l\u2019espace, tout en \u00e9tant imm\u00e9diatement accessible en cas de besoin.<\/p>\n<h4 class=\"a-spacing-mini\">Sans enchev\u00eatrement<\/h4>\n<p class=\"a-size-small\">Nos \u00e9chelles en sangle sont faciles \u00e0 ranger dans le sac de rangement apr\u00e8s utilisation.<\/p>\n<p class=\"a-size-small\">Aucun enchev\u00eatrement lors de l&rsquo;assemblage.<\/p>\n<p data-start=\"0\" data-end=\"427\">L\u2019\u00c9chelle de Secours Incendie 3 \u00e9tages est un dispositif essentiel pour garantir une \u00e9vacuation rapide et s\u00e9curis\u00e9e en cas d\u2019urgence. Con\u00e7ue pour atteindre jusqu\u2019\u00e0 trois \u00e9tages, cette \u00e9chelle de secours offre une solution fiable pour les maisons, immeubles et bureaux. Sa conception <strong data-start=\"283\" data-end=\"306\">compact et portable<\/strong> permet un rangement facile dans un placard, sous un lit ou dans un coffre, afin d\u2019\u00eatre pr\u00eate \u00e0 l\u2019emploi \u00e0 tout moment.<\/p>\n<p><img loading=\"lazy\" decoding=\"async\" class=\"\" src=\"https:\/\/m.media-amazon.com\/images\/S\/aplus-media-library-service-media\/89ce4a71-aad8-4e11-9943-b5105b8856ed.__CR0,0,600,600_PT0_SX300_V1___.jpg\" alt=\"Polen\" width=\"220\" height=\"220\" \/><\/p>\n<h4 class=\"a-spacing-mini\">Fabriqu\u00e9 en Pologne<\/h4>\n<p>Vous pouvez \u00eatre s\u00fbr de la qualit\u00e9!<\/p>\n<div class=\"apm-spacing\"><img decoding=\"async\" class=\"\" src=\"https:\/\/m.media-amazon.com\/images\/S\/aplus-media\/sc\/393ac846-c55d-4d1f-b20c-d83de7de6999.__CR0,0,1000,1000_PT0_SX220_V1___.jpg\" alt=\"Longueur\" data-src=\"https:\/\/m.media-amazon.com\/images\/S\/aplus-media\/sc\/393ac846-c55d-4d1f-b20c-d83de7de6999.__CR0,0,1000,1000_PT0_SX220_V1___.jpg\" \/><\/div>\n<div><\/div>\n<\/div>\n<\/div>\n<\/div>\n<div>\n<h4 class=\"a-spacing-mini\">Longueur<\/h4>\n<p class=\"a-size-small\">Nos \u00e9chelles en sangle de sauvetage peuvent \u00eatre assembl\u00e9es pour une longueur accrue.<\/p>\n<p><img decoding=\"async\" class=\"\" style=\"font-weight: 600;\" src=\"https:\/\/m.media-amazon.com\/images\/S\/aplus-media\/sc\/6625ab17-5247-415b-a353-7a0e3ca2bb1d.__CR0,0,1000,1000_PT0_SX220_V1___.jpg\" alt=\"R\u00e9sistant aux intemp\u00e9ries\" data-src=\"https:\/\/m.media-amazon.com\/images\/S\/aplus-media\/sc\/6625ab17-5247-415b-a353-7a0e3ca2bb1d.__CR0,0,1000,1000_PT0_SX220_V1___.jpg\" \/><\/p>\n<p data-start=\"429\" data-end=\"687\">Fabriqu\u00e9e avec des mat\u00e9riaux r\u00e9sistants et durables, l\u2019\u00e9chelle de secours assure une solidit\u00e9 optimale tout en restant l\u00e9g\u00e8re pour un d\u00e9ploiement rapide. Les marches antid\u00e9rapantes offrent une prise ferme, m\u00eame en situation de panique ou par mauvais temps.<\/p>\n<h4 class=\"a-spacing-mini\">R\u00e9sistant aux intemp\u00e9ries<\/h4>\n<p class=\"a-size-small\">Le mat\u00e9riau lui-m\u00eame est une sangle en polyester, ainsi que des fils coll\u00e9s en nylon UV professionnels, qui offrent une r\u00e9sistance \u00e0 toutes les intemp\u00e9ries, m\u00eame dans l&rsquo;eau.\u00a0Par cons\u00e9quent, ils peuvent \u00eatre utilis\u00e9s comme \u00e9chelle de bateau ou \u00e9chelle marine.\u00a0Faible capacit\u00e9 d&rsquo;absorption d&rsquo;humidit\u00e9, r\u00e9sistant \u00e0 l&rsquo;abrasion, r\u00e9sistant aux dommages caus\u00e9s par l&rsquo;huile et de nombreux produits chimiques, doux et \u00e0 s\u00e9chage rapide.<\/p>\n<p><img decoding=\"async\" class=\"\" src=\"https:\/\/m.media-amazon.com\/images\/S\/aplus-media\/sc\/b1929708-9dad-44c2-a6ed-070474464c51.__CR0,0,1000,1000_PT0_SX220_V1___.jpg\" alt=\"Compact\" data-src=\"https:\/\/m.media-amazon.com\/images\/S\/aplus-media\/sc\/b1929708-9dad-44c2-a6ed-070474464c51.__CR0,0,1000,1000_PT0_SX220_V1___.jpg\" \/><\/p>\n<p data-start=\"689\" data-end=\"944\">Gr\u00e2ce \u00e0 sa structure portable, elle peut \u00eatre transport\u00e9e facilement et utilis\u00e9e dans diff\u00e9rents environnements. L\u2019installation est simple : il suffit de fixer les crochets aux rebords de la fen\u00eatre ou du balcon, puis de d\u00e9ployer l\u2019\u00e9chelle jusqu\u2019au sol.<\/p>\n<h4 class=\"a-spacing-mini\">Compact<\/h4>\n<p class=\"a-size-small\">Vous ne pouvez pas imaginer des \u00e9chelles plus compactes.\u00a0L&rsquo;\u00e9chelle enti\u00e8re tient dans votre paume.\u00a0Ils ne prennent pas beaucoup de place, peuvent \u00eatre rang\u00e9s n&rsquo;importe o\u00f9 comme sous le lit dans la chambre, sur le balcon et sur le toit.<\/p>\n<p><img decoding=\"async\" class=\"\" src=\"https:\/\/m.media-amazon.com\/images\/S\/aplus-media\/sc\/91d8e70e-82c2-457c-9c48-019a2fbff56a.__CR1282,342,714,714_PT0_SX220_V1___.png\" alt=\"Multifonctionnalit\u00e9\" data-src=\"https:\/\/m.media-amazon.com\/images\/S\/aplus-media\/sc\/91d8e70e-82c2-457c-9c48-019a2fbff56a.__CR1282,342,714,714_PT0_SX220_V1___.png\" \/><\/p>\n<h4 class=\"a-spacing-mini\">Barreaux antid\u00e9rapants<\/h4>\n<p class=\"a-size-small\">Le mat\u00e9riau de la sangle est connu pour \u00eatre beaucoup moins glissant que tout autre mat\u00e9riau dur tel que l&rsquo;aluminium, le m\u00e9tal ou le plastique.<\/p>\n<\/div>\n<\/div>\n<\/div>\n<\/div>\n<div class=\"celwidget aplus-module module-4 aplus-standard\" data-csa-c-id=\"g1sz5y-85s18u-4a69wq-q2zaeh\" data-cel-widget=\"aplus-module-4\">\n<div class=\"a-expander-collapsed-height a-row a-expander-container a-expander-partial-collapse-container\" data-a-expander-name=\"aplus-module-expander\" data-a-expander-collapsed-height=\"700\">\n<div class=\"a-expander-content a-expander-partial-collapse-content\">\n<div class=\"aplus-module-wrapper apm-fixed-width\">\n<div class=\"apm-spacing\">\n<div class=\"apm-floatleft apm-fixed-width\">\n<div class=\"apm-spacing\"><img decoding=\"async\" class=\"\" src=\"https:\/\/m.media-amazon.com\/images\/S\/aplus-media\/sc\/88500a1b-9a49-4721-a955-87e6a78287e3.__CR0,0,1000,1000_PT0_SX220_V1___.jpg\" alt=\"Multifonctionnalit\u00e9\" data-src=\"https:\/\/m.media-amazon.com\/images\/S\/aplus-media\/sc\/88500a1b-9a49-4721-a955-87e6a78287e3.__CR0,0,1000,1000_PT0_SX220_V1___.jpg\" \/><\/div>\n<div>\n<h4 class=\"a-spacing-mini\">Multifonctionnalit\u00e9<\/h4>\n<p class=\"a-size-small\">Les \u00e9chelles de sauvetage ISOP peuvent \u00eatre utilis\u00e9es aussi bien pour une sortie de secours et pour les urgences que pour les enfants dans la cour de r\u00e9cr\u00e9ation ou pour une cabane dans les arbres.<\/p>\n<\/div>\n<\/div>\n<\/div>\n<\/div>\n<div><img decoding=\"async\" class=\"\" style=\"font-weight: 600;\" src=\"https:\/\/m.media-amazon.com\/images\/S\/aplus-media\/sc\/0ce14b90-f644-4e71-9958-a603ab85be7a.__CR0,0,800,800_PT0_SX220_V1___.jpg\" alt=\"Mousquetons\" data-src=\"https:\/\/m.media-amazon.com\/images\/S\/aplus-media\/sc\/0ce14b90-f644-4e71-9958-a603ab85be7a.__CR0,0,800,800_PT0_SX220_V1___.jpg\" \/><\/div>\n<div>\n<h4 class=\"a-spacing-mini\">Mousquetons<\/h4>\n<p class=\"a-size-small\">Mousquetons professionnels chrom\u00e9s 11kn inclus.<\/p>\n<\/div>\n<div><img decoding=\"async\" class=\"\" src=\"https:\/\/m.media-amazon.com\/images\/S\/aplus-media\/sc\/91fd5669-769f-4880-a4f6-2c1fa7823109.__CR130,0,720,720_PT0_SX220_V1___.png\" alt=\"Sac \u00e9tanche\" data-src=\"https:\/\/m.media-amazon.com\/images\/S\/aplus-media\/sc\/91fd5669-769f-4880-a4f6-2c1fa7823109.__CR130,0,720,720_PT0_SX220_V1___.png\" \/><\/div>\n<div>\n<h4 class=\"a-spacing-mini\">Sac \u00e9tanche<\/h4>\n<p class=\"a-size-small\">Un sac de plage design cool est inclus dans l&rsquo;ensemble.<\/p>\n<\/div>\n<\/div>\n<\/div>\n<\/div>\n<div class=\"celwidget aplus-module module-4 aplus-standard\" data-csa-c-id=\"4avcfx-8eklsy-kt15jf-se1w13\" data-cel-widget=\"aplus-module-4\">\n<div class=\"a-expander-collapsed-height a-row a-expander-container a-expander-partial-collapse-container\" data-a-expander-name=\"aplus-module-expander\" data-a-expander-collapsed-height=\"700\">\n<div class=\"a-expander-content a-expander-partial-collapse-content\">\n<div class=\"aplus-module-wrapper apm-fixed-width\">\n<div class=\"apm-spacing\">\n<div class=\"apm-floatleft apm-fixed-width\">\n<div class=\"apm-spacing\">Que ce soit pour un usage r\u00e9sidentiel ou professionnel, cette \u00e9chelle de secours 3 \u00e9tages, \u00e0 la fois compacte et portable, est un \u00e9quipement indispensable pour assurer la s\u00e9curit\u00e9 de votre famille, de vos coll\u00e8gues ou de toute personne se trouvant dans le b\u00e2timent. Sa conception ing\u00e9nieuse permet de l\u2019utiliser facilement en cas d\u2019urgence, tout en offrant une grande fiabilit\u00e9 et une robustesse \u00e0 toute \u00e9preuve. En plus de sa facilit\u00e9 d\u2019utilisation, elle se distingue par son encombrement minimal, ce qui permet de la ranger ais\u00e9ment sans occuper beaucoup d\u2019espace. Ainsi, elle repr\u00e9sente une solution de s\u00e9curit\u00e9 pratique, efficace et essentielle pour toute situation d\u2019\u00e9vacuation rapide.<\/div>\n<\/div>\n<div>\nTailles \u00e9galement disponibles :<br \/>\n<strong><a href=\"https:\/\/isopllc.com\/be\/product\/echelle-pour-enfants-2-m\/\">2 m<\/a>\u00a0 |\u00a0 <a href=\"https:\/\/isopllc.com\/be\/product\/echelle-dextension-3-m\/\">3 m<\/a>\u00a0 |\u00a0 <a href=\"https:\/\/isopllc.com\/be\/product\/echelle-de-toit-4-m\/\">4 m<\/a>\u00a0 |\u00a0<a href=\"https:\/\/isopllc.com\/be\/product\/echelle-devacuation-durgence-5-m\/\"> 5 m<\/a>\u00a0 | <a href=\"https:\/\/isopllc.com\/be\/product\/echelle-durgence-4-etages-10-m\/\">10 m<\/a>\u00a0 |\u00a0 <a href=\"https:\/\/isopllc.com\/be\/product\/echelle-de-secours-4-etages-de-15-m\/\">15 m\u00a0<\/a><\/strong><\/div>\n<\/div>\n<\/div>\n<\/div>\n<\/div>\n<\/div>\n","protected":false},"excerpt":{"rendered":"[embed]https:\/\/youtu.be\/ds0NrYq7vck[\/embed]\n<p id=\"title\" class=\"a-size-large a-spacing-none\" style=\"text-align: center;\">\u00c9chelle de Secours Incendie 3 Etage 7,5 m | \u00c9chelle en Sangle avec Mousquetons | L\u00e9ger | Compact et Portable | \u00c9chelle de Corde de S\u00e9curit\u00e9 Multifonctionnelle et R\u00e9sistante aux Intemp\u00e9ries<\/p>\n<p style=\"text-align: center;\"><span style=\"vertical-align: inherit;\">LIVRAISON GRATUITE SOUS 3-7 JOURS<\/span><\/p>\n<h4 style=\"text-align: center;\"><strong><span style=\"vertical-align: inherit;\">ACHETER SUR<\/span><\/strong><\/h4>\n<p style=\"text-align: center;\"><a href=\"https:\/\/www.amazon.fr\/Incendie-Mousquetons-Multifonctionnelle-R%C3%A9sistante-Intemp%C3%A9ries\/dp\/B08NZM8V7Z\/?maas=maas_adg_EAC7DDD5EC905A631F222796423F761F_afap_abs&amp;ref_=aa_maas&amp;ref=sr_1_1&amp;__mk_fr_FR=%C3%85M%C3%85%C5%BD%C3%95%C3%91&amp;dchild=1&amp;keywords=%C3%89chelle%20de%20Secours%20Incendie&amp;qid=1628175227&amp;sr=8-1\"><img loading=\"lazy\" decoding=\"async\" class=\"wp-image-1040 size-full aligncenter\" src=\"https:\/\/rightfoodonly.com\/wp-content\/uploads\/amazon-button9.png\" alt=\"\" width=\"160\" height=\"59\" \/><\/a><\/p>\n<p>&nbsp;<\/p>\n","protected":false},"featured_media":4579,"comment_status":"open","ping_status":"closed","template":"","meta":[],"product_brand":[],"product_cat":[182,186],"product_tag":[62,41,72,40,39],"class_list":{"0":"post-4451","1":"product","2":"type-product","3":"status-publish","4":"has-post-thumbnail","6":"product_cat-echelles-de-secours","7":"product_cat-echelles-de-secours-a-3-niveaux","8":"product_tag-echelle-de-secours","9":"product_tag-equipement","10":"product_tag-incendie","11":"product_tag-protection","12":"product_tag-securite","14":"first","15":"instock","16":"shipping-taxable","17":"purchasable","18":"product-type-simple"},"_links":{"self":[{"href":"https:\/\/isopllc.com\/be\/wp-json\/wp\/v2\/product\/4451","targetHints":{"allow":["GET"]}}],"collection":[{"href":"https:\/\/isopllc.com\/be\/wp-json\/wp\/v2\/product"}],"about":[{"href":"https:\/\/isopllc.com\/be\/wp-json\/wp\/v2\/types\/product"}],"replies":[{"embeddable":true,"href":"https:\/\/isopllc.com\/be\/wp-json\/wp\/v2\/comments?post=4451"}],"wp:featuredmedia":[{"embeddable":true,"href":"https:\/\/isopllc.com\/be\/wp-json\/wp\/v2\/media\/4579"}],"wp:attachment":[{"href":"https:\/\/isopllc.com\/be\/wp-json\/wp\/v2\/media?parent=4451"}],"wp:term":[{"taxonomy":"product_brand","embeddable":true,"href":"https:\/\/isopllc.com\/be\/wp-json\/wp\/v2\/product_brand?post=4451"},{"taxonomy":"product_cat","embeddable":true,"href":"https:\/\/isopllc.com\/be\/wp-json\/wp\/v2\/product_cat?post=4451"},{"taxonomy":"product_tag","embeddable":true,"href":"https:\/\/isopllc.com\/be\/wp-json\/wp\/v2\/product_tag?post=4451"}],"curies":[{"name":"wp","href":"https:\/\/api.w.org\/{rel}","templated":true}]}}