{"id":4508,"date":"2021-10-17T09:04:15","date_gmt":"2021-10-17T09:04:15","guid":{"rendered":"https:\/\/isopllc.com\/fr\/?post_type=product&#038;p=4508"},"modified":"2025-07-01T15:08:03","modified_gmt":"2025-07-01T15:08:03","slug":"crochets-dancrage-boulon-a-expansion-et-crochet-dancrage-fixe-1","status":"publish","type":"product","link":"https:\/\/isopllc.com\/be\/product\/crochets-dancrage-boulon-a-expansion-et-crochet-dancrage-fixe-1\/","title":{"rendered":"Crochets d&rsquo;ancrage &#8211; Boulon \u00e0 expansion et crochet d&rsquo;ancrage FIXE 1"},"content":{"rendered":"<div class=\"celwidget aplus-module module-4 aplus-standard\" data-csa-c-id=\"50qscj-nsntqj-fluarl-124tzy\" data-cel-widget=\"aplus-module-4\">\n<div class=\"a-expander-collapsed-height a-row a-expander-container a-expander-partial-collapse-container\" data-a-expander-name=\"aplus-module-expander\" data-a-expander-collapsed-height=\"700\">\n<div class=\"a-expander-content a-expander-partial-collapse-content\">\n<div class=\"aplus-module-wrapper apm-fixed-width\">\n<div class=\"apm-spacing\">\n<div class=\"apm-floatleft apm-fixed-width\">\n<div id=\"title_feature_div\" class=\"celwidget\" data-feature-name=\"title\" data-csa-c-id=\"418dr-63tei0-ubem89-iz98xq\">\n<div id=\"titleSection\" class=\"a-section a-spacing-none\">\n<h2 id=\"title\" class=\"a-size-large a-spacing-none\"><span id=\"productTitle\" class=\"a-size-large product-title-word-break\">Crochets d&rsquo;ancrage &#8211; Boulon \u00e0 expansion et crochet d&rsquo;ancrage FIXE 1<\/span><\/h2>\n<\/div>\n<\/div>\n<div id=\"qpeTitleTag_feature_div\" class=\"celwidget\" data-feature-name=\"qpeTitleTag\" data-csa-c-id=\"tzpz0q-4yuagj-673f89-t7p7vl\">\n<div class=\"celwidget aplus-module launchpad-brand-description-left aplus-standard\" data-csa-c-id=\"s65hxw-muyvg1-xmnyjh-gvex1s\" data-cel-widget=\"aplus-launchpad-brand-description-left\">\n<div class=\"a-section launchpad-module launchpad-module-brand-description-left\">\n<div class=\"a-section launchpad-text-left-justify\">\n<p>P\u00e8se 110g avec de l&rsquo;acier inoxydable 316, la force principale de l&rsquo;axe est de 25KN. S\u00e9curit\u00e9 avec boulon d&rsquo;expansion et rondelle.<\/p>\n<p>Longueur: 10,8 cm, Diam\u00e8tre des boulons: 10 mm<\/p>\n<p>Ancre professionnelle de corde sup\u00e9rieure pour l&rsquo;escalade, la descente, la descente en rappel. Boulon de suspension int\u00e9rieur pour hamac, balan\u00e7oire, yoga a\u00e9rien, sac de frappe, etc.<\/p>\n<p>Les \u00e9crous et les rondelles plates sont inclus.<\/p>\n<p>\u0152illet de fixation con\u00e7u pour deux mousquetons, r\u00e9sistance \u00e0 la charge maximale: 25KN.<\/p>\n<p><img decoding=\"async\" class=\"a-spacing-mini\" src=\"https:\/\/m.media-amazon.com\/images\/S\/aplus-media\/sc\/c1461251-7159-4918-b4be-539b5fbc6fef.__CR102,192,1023,1023_PT0_SX300_V1___.jpg\" alt=\"anchors\" data-src=\"https:\/\/m.media-amazon.com\/images\/S\/aplus-media\/sc\/c1461251-7159-4918-b4be-539b5fbc6fef.__CR102,192,1023,1023_PT0_SX300_V1___.jpg\" \/><\/p>\n<p>Ensemble de boulons d&rsquo;ancrage d&rsquo;escalade, comprend 2 plaques de suspension et 2 boulons d&rsquo;expansion. Les \u00e9crous de boulon et les rondelles plates sont inclus.<\/p>\n<p><img decoding=\"async\" class=\"a-spacing-mini\" style=\"font-weight: 600;\" src=\"https:\/\/m.media-amazon.com\/images\/S\/aplus-media\/sc\/33bded85-93cb-4ce1-831e-7cb570381cd9.__CR89,328,937,937_PT180_SX300_V1___.jpg\" alt=\"Safety with expansion bolt and washer\" data-src=\"https:\/\/m.media-amazon.com\/images\/S\/aplus-media\/sc\/33bded85-93cb-4ce1-831e-7cb570381cd9.__CR89,328,937,937_PT180_SX300_V1___.jpg\" \/><\/p>\n<p>Plaques de suspension pour point d&rsquo;ancrage permanent. \u0152illet de fixation con\u00e7u pour deux mousquetons.<\/p>\n<\/div>\n<p><img decoding=\"async\" class=\"a-spacing-mini\" src=\"https:\/\/m.media-amazon.com\/images\/S\/aplus-media\/sc\/bbfd73cc-0ee8-48e1-955b-2c56b6016412.__CR74,24,312,312_PT0_SX300_V1___.jpg\" alt=\"rock climbing wall attachment\" data-src=\"https:\/\/m.media-amazon.com\/images\/S\/aplus-media\/sc\/bbfd73cc-0ee8-48e1-955b-2c56b6016412.__CR74,24,312,312_PT0_SX300_V1___.jpg\" \/><\/p>\n<p>Fabriqu\u00e9 en acier inoxydable de haute qualit\u00e9 et durable. L\u00e9ger, adapt\u00e9 \u00e0 l&rsquo;alpinisme, \u00e0 l&rsquo;escalade, \u00e0 la sp\u00e9l\u00e9ologie et \u00e0 d&rsquo;autres activit\u00e9s de plein air.<\/p>\n<\/div>\n<\/div>\n<\/div>\n<\/div>\n<\/div>\n<\/div>\n<\/div>\n<\/div>\n<\/div>\n","protected":false},"excerpt":{"rendered":"<div id=\"title_feature_div\" class=\"celwidget\" data-feature-name=\"title\" data-csa-c-id=\"418dr-63tei0-ubem89-iz98xq\" data-cel-widget=\"title_feature_div\">\n<div id=\"titleSection\" class=\"a-section a-spacing-none\">\n<p id=\"title\" class=\"a-size-large a-spacing-none\" style=\"text-align: center;\"><span id=\"productTitle\" class=\"a-size-large product-title-word-break\">Crochets d&rsquo;ancrage &#8211; Boulon \u00e0 expansion et crochet d&rsquo;ancrage FIXE 1<\/span><\/p>\n<\/div>\n<\/div>\n<p style=\"text-align: center;\"><span style=\"vertical-align: inherit;\">LIVRAISON GRATUITE SOUS 3-7 JOURS<\/span><\/p>\n<h4 style=\"text-align: center;\"><strong><span style=\"vertical-align: inherit;\">ACHETER SUR<\/span><\/strong><\/h4>\n<p style=\"text-align: center;\"><a href=\"https:\/\/www.amazon.fr\/Crochets-dancrage-Boulon-expansion-crochet\/dp\/B07P978JW5\/ref=sr_1_1?__mk_fr_FR=%C3%85M%C3%85%C5%BD%C3%95%C3%91&amp;dchild=1&amp;keywords=Crochets%20d%27ancrage&amp;qid=1634461682&amp;qsid=262-7688772-1270269&amp;s=hi&amp;sr=1-1&amp;sres=B07P978JW5\"><img loading=\"lazy\" decoding=\"async\" class=\"wp-image-1040 size-full aligncenter\" src=\"https:\/\/rightfoodonly.com\/wp-content\/uploads\/amazon-button9.png\" alt=\"\" width=\"160\" height=\"59\" \/><\/a><\/p>\n<p>&nbsp;<\/p>\n","protected":false},"featured_media":4509,"comment_status":"open","ping_status":"closed","template":"","meta":[],"product_brand":[],"product_cat":[178],"product_tag":[55,56,54,41,57,39],"class_list":{"0":"post-4508","1":"product","2":"type-product","3":"status-publish","4":"has-post-thumbnail","6":"product_cat-accessoires-pour-echelles-de-secours","7":"product_tag-boulon-a-expansion","8":"product_tag-crochet-dancrage","9":"product_tag-crochets-dancrage","10":"product_tag-equipement","11":"product_tag-fixe-1","12":"product_tag-securite","14":"first","15":"instock","16":"shipping-taxable","17":"purchasable","18":"product-type-simple"},"_links":{"self":[{"href":"https:\/\/isopllc.com\/be\/wp-json\/wp\/v2\/product\/4508","targetHints":{"allow":["GET"]}}],"collection":[{"href":"https:\/\/isopllc.com\/be\/wp-json\/wp\/v2\/product"}],"about":[{"href":"https:\/\/isopllc.com\/be\/wp-json\/wp\/v2\/types\/product"}],"replies":[{"embeddable":true,"href":"https:\/\/isopllc.com\/be\/wp-json\/wp\/v2\/comments?post=4508"}],"wp:featuredmedia":[{"embeddable":true,"href":"https:\/\/isopllc.com\/be\/wp-json\/wp\/v2\/media\/4509"}],"wp:attachment":[{"href":"https:\/\/isopllc.com\/be\/wp-json\/wp\/v2\/media?parent=4508"}],"wp:term":[{"taxonomy":"product_brand","embeddable":true,"href":"https:\/\/isopllc.com\/be\/wp-json\/wp\/v2\/product_brand?post=4508"},{"taxonomy":"product_cat","embeddable":true,"href":"https:\/\/isopllc.com\/be\/wp-json\/wp\/v2\/product_cat?post=4508"},{"taxonomy":"product_tag","embeddable":true,"href":"https:\/\/isopllc.com\/be\/wp-json\/wp\/v2\/product_tag?post=4508"}],"curies":[{"name":"wp","href":"https:\/\/api.w.org\/{rel}","templated":true}]}}