{"id":4732,"date":"2023-01-18T14:20:14","date_gmt":"2023-01-18T14:20:14","guid":{"rendered":"https:\/\/isopllc.com\/be\/?post_type=product&#038;p=4732"},"modified":"2025-08-10T09:06:28","modified_gmt":"2025-08-10T09:06:28","slug":"kit-de-survie-durgence","status":"publish","type":"product","link":"https:\/\/isopllc.com\/be\/product\/kit-de-survie-durgence\/","title":{"rendered":"Kit de survie d&rsquo;urgence | \u00c9quipement de survie d&rsquo;urgence"},"content":{"rendered":"<div class=\"celwidget aplus-module premium-module-3-four-column-images aplus-premium\" data-csa-c-id=\"5x7ui9-ius50c-ssm1r8-66oj1i\" data-cel-widget=\"aplus-premium-module-3-four-column-images\">\n<div class=\"a-section a-spacing-none premium-aplus premium-aplus-module-3 aplus-container-1\">\n<div class=\"celwidget aplus-module premium-module-3-four-column-images aplus-premium\" data-csa-c-id=\"5x7ui9-ius50c-ssm1r8-66oj1i\" data-cel-widget=\"aplus-premium-module-3-four-column-images\">\n<h1 class=\"a-section a-spacing-none premium-aplus premium-aplus-module-3 aplus-container-1\">Kit de survie d&rsquo;urgence | Kit de survie militaire | \u00c9quipement de survie d&rsquo;urgence et \u00e9quipement de p\u00eache pour le camping, la randonn\u00e9e, la chasse, l&rsquo;aventure en plein air | Outils de survie avec lampe de poche sifflet bracelet d&rsquo;urgence<\/h1>\n<\/div>\n<\/div>\n<\/div>\n<div class=\"celwidget aplus-module premium-module-4-two-column-images aplus-premium\" data-csa-c-id=\"15yl7x-eio1n0-m9lh6n-socwzs\" data-cel-widget=\"aplus-premium-module-4-two-column-images\">\n<div class=\"a-section a-spacing-none premium-aplus premium-aplus-module-4 aplus-container-1\">\n<div class=\"a-section a-spacing-none premium-aplus-two-column\">\n<div class=\"a-section a-spacing-none premium-aplus-column\">\n<div class=\"a-section a-spacing-none column-description\">\n<div class=\"celwidget aplus-module premium-module-15-text aplus-premium\" data-csa-c-id=\"bnb6tm-tysnie-sthwlh-4mqwnf\" data-cel-widget=\"aplus-premium-module-15-text\">\n<div class=\"a-section a-spacing-none premium-aplus premium-aplus-module-15\">\n<div class=\"a-section a-spacing-none\">\n<div id=\"aplus_feature_div\" class=\"celwidget\" data-feature-name=\"aplus\" data-csa-c-type=\"widget\" data-csa-c-content-id=\"aplus\" data-csa-c-slot-id=\"aplus_feature_div\" data-csa-c-asin=\"\" data-csa-c-is-in-initial-active-row=\"false\" data-csa-c-id=\"hrjqk3-olh6i-2zbtsj-fsbg4i\">\n<div id=\"aplus\" class=\"a-section a-spacing-large bucket\">\n<div class=\"aplus-v2 desktop celwidget\" data-csa-c-id=\"7p6bth-t6s03-mu9bah-t86rud\">\n<div class=\"celwidget aplus-module premium-module-1-image-text aplus-premium\" data-csa-c-id=\"w4g4q0-i5pch3-n1vxz6-j29p3m\">\n<div class=\"a-section a-spacing-none premium-aplus premium-aplus-module-1 aplus-container-1\">\n<div class=\"a-section a-spacing-none aplus-display-table\">\n<div class=\"a-section a-spacing-none aplus-module-section aplus-display-table-cell aplus-text-section-left\">\n<div id=\"aplus_feature_div\" class=\"celwidget\" data-feature-name=\"aplus\" data-csa-c-type=\"widget\" data-csa-c-content-id=\"aplus\" data-csa-c-slot-id=\"aplus_feature_div\" data-csa-c-asin=\"\" data-csa-c-is-in-initial-active-row=\"false\" data-csa-c-id=\"hrjqk3-olh6i-2zbtsj-fsbg4i\">\n<div id=\"aplus\" class=\"a-section a-spacing-large bucket\">\n<div class=\"aplus-v2 desktop celwidget\" data-csa-c-id=\"7p6bth-t6s03-mu9bah-t86rud\">\n<div class=\"celwidget aplus-module premium-module-1-image-text aplus-premium\" data-csa-c-id=\"w4g4q0-i5pch3-n1vxz6-j29p3m\">\n<div class=\"a-section a-spacing-none premium-aplus premium-aplus-module-1 aplus-container-1\">\n<div class=\"a-section a-spacing-none aplus-display-table\">\n<div class=\"a-section a-spacing-none aplus-module-section aplus-display-table-cell aplus-text-section-left\">\n<div id=\"aplus_feature_div\" class=\"celwidget\" data-feature-name=\"aplus\" data-csa-c-type=\"widget\" data-csa-c-content-id=\"aplus\" data-csa-c-slot-id=\"aplus_feature_div\" data-csa-c-asin=\"\" data-csa-c-is-in-initial-active-row=\"false\" data-csa-c-id=\"werwrh-oppmo3-svcp6d-fhfg25\" data-cel-widget=\"aplus_feature_div\">\n<div id=\"aplus\" class=\"a-section a-spacing-large bucket\">\n<div class=\"aplus-v2 desktop celwidget\" data-csa-c-id=\"7xtdo9-r4wrro-f3nno8-bwxukn\" data-cel-widget=\"aplus\">\n<div class=\"celwidget aplus-module premium-module-1-image-text aplus-premium\" data-csa-c-id=\"2rlhkz-8y7w7x-cqhx54-3sn8qp\" data-cel-widget=\"aplus-premium-module-1-image-text\">\n<div class=\"a-section a-spacing-none premium-aplus premium-aplus-module-1 aplus-container-1\">\n<div class=\"a-section a-spacing-none aplus-display-table\">\n<div class=\"a-section a-spacing-none aplus-module-section aplus-display-table-cell aplus-text-section-left\">\n<p class=\"aplus-p2 aplus-module-1-description\">\n<\/div>\n<div class=\"a-section a-spacing-none aplus-module-section aplus-display-table-cell aplus-image-section\"><img decoding=\"async\" class=\"\" src=\"https:\/\/m.media-amazon.com\/images\/S\/aplus-media-library-service-media\/040643e9-74cb-41eb-b1fc-1c6259247f60.__CR0,0,800,600_PT0_SX800_V1___.jpg\" alt=\"Emergency Survival Kit\" data-src=\"https:\/\/m.media-amazon.com\/images\/S\/aplus-media-library-service-media\/040643e9-74cb-41eb-b1fc-1c6259247f60.__CR0,0,800,600_PT0_SX800_V1___.jpg\" \/><\/div>\n<div>\n<h1 class=\"aplus-h1 aplus-module-1-heading a-text-bold\">Nous vous pr\u00e9sentons le kit de survie ISOP le mieux \u00e9quip\u00e9 pour toutes les occasions<\/h1>\n<p class=\"aplus-p2 aplus-module-1-description\">Tremblement de terre, incendie ou inondation, cet ensemble vous aidera \u00e0 survivre. M\u00eame si vous vous retrouvez sur une \u00eele d\u00e9serte comme Robinson Cruso\u00e9, vous aurez tous les outils pour survivre. Ci-dessous, nous vous pr\u00e9sentons chaque \u00e9l\u00e9ment de l&rsquo;ensemble que nous avons scrupuleusement s\u00e9lectionn\u00e9 s\u00e9par\u00e9ment et vous expliquons toutes les applications possibles de chaque produit, qui, soit dit en passant, sont non seulement utiles dans les situations d&rsquo;urgence, mais aussi dans la vie quotidienne, le camping, l&rsquo;escalade dans la montagne ou la randonn\u00e9e en famille.<\/p>\n<\/div>\n<\/div>\n<\/div>\n<\/div>\n<div class=\"celwidget aplus-module premium-module-4-two-column-images aplus-premium\" data-csa-c-id=\"ptm5mu-ovnfo3-2bizob-7qtr4k\" data-cel-widget=\"aplus-premium-module-4-two-column-images\">\n<div class=\"a-section a-spacing-none premium-aplus premium-aplus-module-4 aplus-container-1\">\n<div class=\"a-section a-spacing-none premium-aplus-two-column\">\n<div class=\"a-section a-spacing-none premium-aplus-column\">\n<div class=\"a-section a-spacing-none {'column-image'}\"><img decoding=\"async\" class=\"\" src=\"https:\/\/m.media-amazon.com\/images\/S\/aplus-media-library-service-media\/2c5841b2-ca84-4686-aff4-e5dcad44de3e.__CR0,0,650,350_PT0_SX650_V1___.jpg\" alt=\"Emergency Survival Kit | Military Survival Kit \" data-src=\"https:\/\/m.media-amazon.com\/images\/S\/aplus-media-library-service-media\/2c5841b2-ca84-4686-aff4-e5dcad44de3e.__CR0,0,650,350_PT0_SX650_V1___.jpg\" \/><\/div>\n<div class=\"a-section a-spacing-none column-heading\">\n<h1 class=\"aplus-h3 a-text-bold\">Kit de survie d&rsquo;urgence | Kit de survie militaire<\/h1>\n<\/div>\n<div class=\"a-section a-spacing-none column-description\">\n<p class=\"aplus-p3\">Le kit tactique mis \u00e0 jour polyvalent est un kit de survie d&rsquo;urgence multi-professionnel 21 en 1 qui comprend un \u00e9quipement de survie en plein air essentiel pour le camping, la p\u00eache, la chasse, les voyages \u00e0 moto, les excursions en pleine nature, la randonn\u00e9e et les sc\u00e9narios de survie. C&rsquo;est une surprise incroyable et un gadget pour tout le monde.<\/p>\n<\/div>\n<\/div>\n<div class=\"a-section a-spacing-none premium-aplus-column\">\n<div class=\"a-section a-spacing-none {'column-image'}\"><img decoding=\"async\" class=\"\" src=\"https:\/\/m.media-amazon.com\/images\/S\/aplus-media-library-service-media\/90587192-739f-468d-8e4f-30e9c7944395.__CR0,0,650,350_PT0_SX650_V1___.jpg\" alt=\"Emergency Survival Gear &amp; Fishing Equipment for Camping Hiking Hunting Outdoor Adventure \" data-src=\"https:\/\/m.media-amazon.com\/images\/S\/aplus-media-library-service-media\/90587192-739f-468d-8e4f-30e9c7944395.__CR0,0,650,350_PT0_SX650_V1___.jpg\" \/><\/div>\n<div class=\"a-section a-spacing-none column-heading\">\n<h1 class=\"aplus-h3 a-text-bold\">Outils de survie avec lampe de poche sifflet bracelet<\/h1>\n<\/div>\n<div class=\"a-section a-spacing-none column-description\">\n<p class=\"aplus-p3\">L&rsquo;ensemble de survie d&rsquo;urgence comprend : une couverture d&rsquo;urgence, une torche, une cuill\u00e8re polyvalente, un ensemble de p\u00eache, une scie \u00e0 fil, un clip pour bouteille d&rsquo;eau, un bracelet en paracorde, un allume-feu en silex, une carte sabre, une sarbacane, une corde \u00e0 feu, un sifflet, un couteau polyvalent, des crochets d&rsquo;escalade, une boussole, des \u00e9pingles de s\u00fbret\u00e9 , stylo tactique et \u00e9tui antichoc.<\/p>\n<\/div>\n<\/div>\n<\/div>\n<\/div>\n<\/div>\n<div class=\"celwidget aplus-module premium-module-4-two-column-images aplus-premium\" data-csa-c-id=\"ujf5z8-whexhd-hnk56z-8ldfmh\" data-cel-widget=\"aplus-premium-module-4-two-column-images\">\n<div class=\"a-section a-spacing-none premium-aplus premium-aplus-module-4 aplus-container-1\">\n<div class=\"a-section a-spacing-none premium-aplus-two-column\">\n<div class=\"a-section a-spacing-none premium-aplus-column\">\n<div class=\"a-section a-spacing-none {'column-image'}\"><img decoding=\"async\" class=\"\" src=\"https:\/\/m.media-amazon.com\/images\/S\/aplus-media-library-service-media\/b5058cd4-d615-4f08-af36-65a0fd6f2f8a.__CR0,0,650,350_PT0_SX650_V1___.jpg\" alt=\"Survival Tools with Emergency Bracelet Whistle Flashlight\" data-src=\"https:\/\/m.media-amazon.com\/images\/S\/aplus-media-library-service-media\/b5058cd4-d615-4f08-af36-65a0fd6f2f8a.__CR0,0,650,350_PT0_SX650_V1___.jpg\" \/><\/div>\n<div class=\"a-section a-spacing-none column-heading\">\n<h1 class=\"aplus-h3 a-text-bold\">\u00c9quipement de survie d&rsquo;urgence et \u00e9quipement de p\u00eache<\/h1>\n<\/div>\n<div class=\"a-section a-spacing-none column-description\">\n<p class=\"aplus-p3\">Vous pouvez survivre \u00e0 une catastrophe naturelle avec ce kit de survie. Le compagnon de camping id\u00e9al pour \u00eatre pr\u00eat \u00e0 toute situation est cet article. Prot\u00e9gez-vous dans toute situation d&rsquo;urgence. Parfait pour le camping, la randonn\u00e9e, les aventures, la survie et en cas d&rsquo;urgence. Livr\u00e9 dans une bo\u00eete antichoc et facile \u00e0 transporter.<\/p>\n<\/div>\n<\/div>\n<div class=\"a-section a-spacing-none premium-aplus-column\">\n<div class=\"a-section a-spacing-none {'column-image'}\"><img decoding=\"async\" class=\"\" src=\"https:\/\/m.media-amazon.com\/images\/S\/aplus-media-library-service-media\/a03308c4-5304-421a-a370-686b59f30d97.__CR0,0,650,350_PT0_SX650_V1___.jpg\" alt=\"Emergency Survival Kit \" data-src=\"https:\/\/m.media-amazon.com\/images\/S\/aplus-media-library-service-media\/a03308c4-5304-421a-a370-686b59f30d97.__CR0,0,650,350_PT0_SX650_V1___.jpg\" \/><\/div>\n<div class=\"a-section a-spacing-none column-heading\">\n<h1 class=\"aplus-h3 a-text-bold\">Camping Randonn\u00e9e Chasse Plein air Aventure<\/h1>\n<\/div>\n<div class=\"a-section a-spacing-none column-description\">\n<p class=\"aplus-p3\">Pendant la randonn\u00e9e, le camping, la chasse, la p\u00eache, le trekking ou les aventures, il vous aide \u00e9galement \u00e0 rester en s\u00e9curit\u00e9. Ce kit de survie transmettra plus pr\u00e9cis\u00e9ment votre affection. Si cela ne r\u00e9pond pas \u00e0 vos attentes ou si vous rencontrez des probl\u00e8mes, veuillez nous contacter et nous vous aiderons.<\/p>\n<\/div>\n<\/div>\n<\/div>\n<\/div>\n<\/div>\n<\/div>\n<\/div>\n<\/div>\n<\/div>\n<\/div>\n<\/div>\n<\/div>\n<\/div>\n<\/div>\n<\/div>\n<\/div>\n<\/div>\n<\/div>\n<\/div>\n<\/div>\n<\/div>\n<\/div>\n<\/div>\n<\/div>\n<\/div>\n<\/div>\n<\/div>\n<\/div>\n<\/div>\n<\/div>\n","protected":false},"excerpt":{"rendered":"[embed]https:\/\/youtu.be\/tDR0TzfzfCA?si=iMysPrgNU2g4Z9Wl[\/embed]\n<p class=\"a-section a-spacing-none premium-aplus premium-aplus-module-3 aplus-container-1\" style=\"text-align: center;\">Kit de survie d&rsquo;urgence | Kit de survie militaire | \u00c9quipement de survie d&rsquo;urgence et \u00e9quipement de p\u00eache pour le camping, la randonn\u00e9e, la chasse, l&rsquo;aventure en plein air | Outils de survie avec lampe de poche sifflet bracelet d&rsquo;urgence<\/p>\n<p style=\"text-align: center;\">LIVRAISON GRATUITE SOUS 3-7 JOURS<\/p>\n<h4 style=\"text-align: center;\"><strong>ACHETEZ-LE SUR<\/strong><\/h4>\n<p><a href=\"https:\/\/www.amazon.com.be\/dp\/B0BPP3VJ3G?ref=myi_title_dp\"><img loading=\"lazy\" decoding=\"async\" class=\"aligncenter wp-image-1040 size-full\" src=\"https:\/\/isopllc.com\/be\/wp-content\/uploads\/sites\/15\/2020\/01\/amazon-button9.png\" alt=\"\" width=\"160\" height=\"59\" \/><\/a><\/p>\n","protected":false},"featured_media":4738,"comment_status":"open","ping_status":"closed","template":"","meta":[],"product_brand":[],"product_cat":[174],"product_tag":[157,156],"class_list":{"0":"post-4732","1":"product","2":"type-product","3":"status-publish","4":"has-post-thumbnail","6":"product_cat-kits-de-sauvetage-et-de-survie","7":"product_tag-durgence","8":"product_tag-kit-de-survie","10":"first","11":"instock","12":"shipping-taxable","13":"purchasable","14":"product-type-simple"},"_links":{"self":[{"href":"https:\/\/isopllc.com\/be\/wp-json\/wp\/v2\/product\/4732","targetHints":{"allow":["GET"]}}],"collection":[{"href":"https:\/\/isopllc.com\/be\/wp-json\/wp\/v2\/product"}],"about":[{"href":"https:\/\/isopllc.com\/be\/wp-json\/wp\/v2\/types\/product"}],"replies":[{"embeddable":true,"href":"https:\/\/isopllc.com\/be\/wp-json\/wp\/v2\/comments?post=4732"}],"wp:featuredmedia":[{"embeddable":true,"href":"https:\/\/isopllc.com\/be\/wp-json\/wp\/v2\/media\/4738"}],"wp:attachment":[{"href":"https:\/\/isopllc.com\/be\/wp-json\/wp\/v2\/media?parent=4732"}],"wp:term":[{"taxonomy":"product_brand","embeddable":true,"href":"https:\/\/isopllc.com\/be\/wp-json\/wp\/v2\/product_brand?post=4732"},{"taxonomy":"product_cat","embeddable":true,"href":"https:\/\/isopllc.com\/be\/wp-json\/wp\/v2\/product_cat?post=4732"},{"taxonomy":"product_tag","embeddable":true,"href":"https:\/\/isopllc.com\/be\/wp-json\/wp\/v2\/product_tag?post=4732"}],"curies":[{"name":"wp","href":"https:\/\/api.w.org\/{rel}","templated":true}]}}