{"id":4775,"date":"2023-01-27T15:21:55","date_gmt":"2023-01-27T15:21:55","guid":{"rendered":"https:\/\/isopllc.com\/be\/?post_type=product&#038;p=4775"},"modified":"2025-08-10T09:02:51","modified_gmt":"2025-08-10T09:02:51","slug":"rechaud-de-randonnee-et-tasse-a-cafe-pliable","status":"publish","type":"product","link":"https:\/\/isopllc.com\/be\/product\/rechaud-de-randonnee-et-tasse-a-cafe-pliable\/","title":{"rendered":"R\u00e9chaud de Randonn\u00e9e et Tasse \u00e0 Caf\u00e9 Pliable | R\u00e9chaud de Camping Portable"},"content":{"rendered":"<div class=\"celwidget aplus-module premium-module-3-four-column-images aplus-premium\" data-csa-c-id=\"5x7ui9-ius50c-ssm1r8-66oj1i\" data-cel-widget=\"aplus-premium-module-3-four-column-images\">\n<h1 class=\"a-section a-spacing-none premium-aplus premium-aplus-module-3 aplus-container-1\">R\u00e9chaud de randonn\u00e9e et tasse \u00e0 caf\u00e9 pliable &#8211; R\u00e9chaud de Camping Portable &#8211; Petit r\u00e9chaud \u00e0 br\u00fbleur unique pour bidon de carburant &#8211; Mini chaudi\u00e8re de poche pour la randonn\u00e9e et la cuisson au gaz &#8211; Compatible avec 4 types courants de combustibles de r\u00e9chaud de camping<\/h1>\n<\/div>\n<div class=\"celwidget aplus-module premium-module-4-two-column-images aplus-premium\" data-csa-c-id=\"c2v7oo-xov140-stsvaj-fyaclr\" data-cel-widget=\"aplus-premium-module-4-two-column-images\">\n<div class=\"a-section a-spacing-none premium-aplus premium-aplus-module-4 aplus-container-1\">\n<div class=\"a-section a-spacing-none premium-aplus-two-column\">\n<div class=\"a-section a-spacing-none premium-aplus-column\">\n<div class=\"a-section a-spacing-none {'column-image'}\"><img decoding=\"async\" class=\"\" src=\"https:\/\/m.media-amazon.com\/images\/S\/aplus-media-library-service-media\/b2d9490f-a40f-4e8c-8db4-e99a05f9a2bc.__CR59,18,657,354_PT0_SX650_V1___.jpg\" alt=\"Small Stove Single Burner for Fuel Canister\" data-src=\"https:\/\/m.media-amazon.com\/images\/S\/aplus-media-library-service-media\/b2d9490f-a40f-4e8c-8db4-e99a05f9a2bc.__CR59,18,657,354_PT0_SX650_V1___.jpg\" \/><\/div>\n<div class=\"a-section a-spacing-none column-heading\"><\/div>\n<div class=\"a-section a-spacing-none column-description\">\n<p class=\"aplus-p3\">Le r\u00e9chaud compact Primus d&rsquo;ISOP est id\u00e9al pour les voyages ou le camping. Cela arrive souvent lorsqu&rsquo;on est en montagne ou dans la nature on a envie d&rsquo;une tasse de th\u00e9 ou de caf\u00e9 chaud, avec notre mini r\u00e9chaud et une tasse on vous en fournira.<\/p>\n<p data-start=\"0\" data-end=\"414\">Le r\u00e9chaud de randonn\u00e9e et tasse \u00e0 caf\u00e9 pliable est l\u2019accessoire indispensable pour tous les amateurs de plein air, de trekking et de camping. Con\u00e7u pour allier praticit\u00e9 et performance, ce r\u00e9chaud portable vous permet de pr\u00e9parer facilement vos repas ou boissons chaudes, o\u00f9 que vous soyez. Sa conception l\u00e9g\u00e8re et compacte le rend facile \u00e0 transporter dans votre sac \u00e0 dos, sans encombrer votre \u00e9quipement.<\/p>\n<\/div>\n<\/div>\n<div class=\"a-section a-spacing-none premium-aplus-column\">\n<div class=\"a-section a-spacing-none {'column-image'}\"><img decoding=\"async\" class=\"\" src=\"https:\/\/m.media-amazon.com\/images\/S\/aplus-media-library-service-media\/faa31d46-35b8-4347-b136-6915e89a2bdb.__CR0,0,650,350_PT0_SX650_V1___.jpg\" alt=\"Collapsible Cup for Travel - Silicone Camping Mug\" data-src=\"https:\/\/m.media-amazon.com\/images\/S\/aplus-media-library-service-media\/faa31d46-35b8-4347-b136-6915e89a2bdb.__CR0,0,650,350_PT0_SX650_V1___.jpg\" \/><\/div>\n<div class=\"a-section a-spacing-none column-heading\"><\/div>\n<div class=\"a-section a-spacing-none column-description\">\n<p class=\"aplus-p3\">La tasse pliable pour voyager est compos\u00e9e d&rsquo;un mat\u00e9riau en silicone de qualit\u00e9 alimentaire, qui est assez s\u00fbr \u00e0 utiliser sans additifs nocifs. Pas de plastique, pas de produits chimiques bizarres et rien que vous ne vouliez pas dans votre corps. Juste toi et ta boisson pr\u00e9f\u00e9r\u00e9e. Le r\u00e9chaud de randonn\u00e9e avec tasse \u00e0 caf\u00e9 pliable est parfait pour vos aventures en ext\u00e9rieur. L\u00e9ger, compact et simple \u00e0 transporter, il se glisse ais\u00e9ment dans un sac \u00e0 dos, offrant un maximum de praticit\u00e9 sans encombrement. Fabriqu\u00e9 avec des mat\u00e9riaux durables et performants, il garantit une utilisation fiable, m\u00eame en conditions extr\u00eames. La tasse pliable en silicone alimentaire optimise l\u2019espace de rangement tout en assurant la s\u00e9curit\u00e9 alimentaire.<\/p>\n<\/div>\n<\/div>\n<\/div>\n<\/div>\n<\/div>\n<div class=\"celwidget aplus-module premium-module-4-two-column-images aplus-premium\" data-csa-c-id=\"x4ph9p-q838io-prcyjw-2cnwk\" data-cel-widget=\"aplus-premium-module-4-two-column-images\">\n<div class=\"a-section a-spacing-none premium-aplus premium-aplus-module-4 aplus-container-1\">\n<div class=\"a-section a-spacing-none premium-aplus-two-column\">\n<div class=\"a-section a-spacing-none premium-aplus-column\">\n<div class=\"a-section a-spacing-none {'column-image'}\"><img decoding=\"async\" class=\"\" src=\"https:\/\/m.media-amazon.com\/images\/S\/aplus-media-library-service-media\/9a39e5ee-03de-46e9-8a9a-72cdfe8e652c.__CR0,0,650,350_PT0_SX650_V1___.jpg\" alt=\"Camping Stove\" data-src=\"https:\/\/m.media-amazon.com\/images\/S\/aplus-media-library-service-media\/9a39e5ee-03de-46e9-8a9a-72cdfe8e652c.__CR0,0,650,350_PT0_SX650_V1___.jpg\" \/><\/div>\n<div class=\"a-section a-spacing-none column-heading\"><\/div>\n<div class=\"a-section a-spacing-none column-description\">\n<p class=\"aplus-p3\">M\u00eame assis sur la v\u00e9randa \u00e0 la maison ou dans le jardin et ayant envie d&rsquo;un caf\u00e9 ou d&rsquo;un th\u00e9 chaud, vous n&rsquo;avez pas besoin de courir \u00e0 la maison et de rester pr\u00e8s de la bouilloire jusqu&rsquo;\u00e0 ce qu&rsquo;elle bout, avec l&rsquo;aide de notre r\u00e9chaud Primus, vous pouvez faire du th\u00e9 directement sur le place. Id\u00e9al pour chauffer de l\u2019eau, pr\u00e9parer un caf\u00e9, une soupe ou un repas simple, ce r\u00e9chaud est compatible avec diff\u00e9rents types de combustibles, selon vos besoins et pr\u00e9f\u00e9rences. Sa stabilit\u00e9 renforc\u00e9e, son allumage facile et sa conception compacte en font un compagnon indispensable pour vos sorties en pleine nature.<\/p>\n<\/div>\n<\/div>\n<div class=\"a-section a-spacing-none premium-aplus-column\">\n<div class=\"a-section a-spacing-none {'column-image'}\"><img decoding=\"async\" class=\"\" src=\"https:\/\/m.media-amazon.com\/images\/S\/aplus-media-library-service-media\/2089eee2-c4f6-43a7-b0b4-ec4f2f557636.__CR0,69,750,404_PT0_SX650_V1___.jpg\" alt=\"fuel mini stove\" data-src=\"https:\/\/m.media-amazon.com\/images\/S\/aplus-media-library-service-media\/2089eee2-c4f6-43a7-b0b4-ec4f2f557636.__CR0,69,750,404_PT0_SX650_V1___.jpg\" \/><\/div>\n<div>\n<p>Fabriqu\u00e9 avec des mat\u00e9riaux r\u00e9sistants \u00e0 la chaleur et \u00e0 la corrosion, ce r\u00e9chaud garantit une utilisation durable et fiable, m\u00eame dans des conditions ext\u00e9rieures exigeantes telles que le vent, l\u2019humidit\u00e9 ou les temp\u00e9ratures basses. Sa conception robuste assure une excellente performance en toutes circonstances, vous permettant de pr\u00e9parer vos boissons et repas en toute tranquillit\u00e9. La tasse \u00e0 caf\u00e9 pliable incluse est r\u00e9alis\u00e9e en silicone alimentaire de haute qualit\u00e9, offrant \u00e0 la fois un gain de place optimal et une s\u00e9curit\u00e9 totale pour la consommation, tout en \u00e9tant facile \u00e0 nettoyer.<\/p>\n<p>Que ce soit pour une randonn\u00e9e, un bivouac, un voyage en camping-car, une exp\u00e9dition de p\u00eache ou une simple sortie nature, ce r\u00e9chaud de camping portable avec tasse pliable vous permettra de profiter de repas et boissons chauds partout, facilement et confortablement, pour une exp\u00e9rience en plein air encore plus agr\u00e9able.<\/p>\n<\/div>\n<div class=\"a-section a-spacing-none column-heading\">\n<div class=\"pointer-events-none h-px w-px\" aria-hidden=\"true\" data-edge=\"true\"><\/div>\n<\/div>\n<div class=\"a-section a-spacing-none column-description\">\n<p>Il est compact, l\u00e9ger, pliable et tr\u00e8s r\u00e9sistant. Essentiellement \u00e9ternel. Dans un sac \u00e0 dos de randonn\u00e9e, il ne prend quasiment pas de place et est indispensable \u00e0 tout kit de survie !<\/p>\n<p>Le r\u00e9servoir de gaz n&rsquo;est pas inclus.<\/p>\n<\/div>\n<\/div>\n<\/div>\n<\/div>\n<\/div>\n","protected":false},"excerpt":{"rendered":"<p id=\"reconcile-item-title\" class=\"text-weight-bold\" style=\"text-align: center;\">R\u00e9chaud de randonn\u00e9e et tasse \u00e0 caf\u00e9 pliable &#8211; R\u00e9chaud de camping portable &#8211; Petit r\u00e9chaud \u00e0 br\u00fbleur unique pour bidon de carburant &#8211; Mini chaudi\u00e8re de poche pour la randonn\u00e9e et la cuisson au gaz &#8211; Compatible avec 4 types courants de combustibles de r\u00e9chaud de camping<\/p>\n<p style=\"text-align: center;\">LIVRAISON GRATUITE SOUS 3-7 JOURS<\/p>\n<h4 style=\"text-align: center;\"><strong>ACHETEZ-LE SUR<\/strong><\/h4>\n<p><a href=\"https:\/\/www.amazon.com.be\/dp\/B0BNQJ4CVJ?ref=myi_title_dp\"><img loading=\"lazy\" decoding=\"async\" class=\"aligncenter wp-image-1040 size-full\" src=\"https:\/\/isopllc.com\/be\/wp-content\/uploads\/sites\/15\/2020\/01\/amazon-button9.png\" alt=\"\" width=\"160\" height=\"59\" \/><\/a><\/p>\n","protected":false},"featured_media":4776,"comment_status":"open","ping_status":"closed","template":"","meta":[],"product_brand":[],"product_cat":[174],"product_tag":[78,41,122,160,107,161],"class_list":{"0":"post-4775","1":"product","2":"type-product","3":"status-publish","4":"has-post-thumbnail","6":"product_cat-kits-de-sauvetage-et-de-survie","7":"product_tag-aventure","8":"product_tag-equipement","9":"product_tag-pliable","10":"product_tag-rechaud-de-randonnee","11":"product_tag-survie","12":"product_tag-tasse-a-cafe","14":"first","15":"instock","16":"shipping-taxable","17":"purchasable","18":"product-type-simple"},"_links":{"self":[{"href":"https:\/\/isopllc.com\/be\/wp-json\/wp\/v2\/product\/4775","targetHints":{"allow":["GET"]}}],"collection":[{"href":"https:\/\/isopllc.com\/be\/wp-json\/wp\/v2\/product"}],"about":[{"href":"https:\/\/isopllc.com\/be\/wp-json\/wp\/v2\/types\/product"}],"replies":[{"embeddable":true,"href":"https:\/\/isopllc.com\/be\/wp-json\/wp\/v2\/comments?post=4775"}],"wp:featuredmedia":[{"embeddable":true,"href":"https:\/\/isopllc.com\/be\/wp-json\/wp\/v2\/media\/4776"}],"wp:attachment":[{"href":"https:\/\/isopllc.com\/be\/wp-json\/wp\/v2\/media?parent=4775"}],"wp:term":[{"taxonomy":"product_brand","embeddable":true,"href":"https:\/\/isopllc.com\/be\/wp-json\/wp\/v2\/product_brand?post=4775"},{"taxonomy":"product_cat","embeddable":true,"href":"https:\/\/isopllc.com\/be\/wp-json\/wp\/v2\/product_cat?post=4775"},{"taxonomy":"product_tag","embeddable":true,"href":"https:\/\/isopllc.com\/be\/wp-json\/wp\/v2\/product_tag?post=4775"}],"curies":[{"name":"wp","href":"https:\/\/api.w.org\/{rel}","templated":true}]}}