{"id":4786,"date":"2023-01-27T15:25:05","date_gmt":"2023-01-27T15:25:05","guid":{"rendered":"https:\/\/isopllc.com\/be\/?post_type=product&#038;p=4786"},"modified":"2025-07-01T15:05:26","modified_gmt":"2025-07-01T15:05:26","slug":"ensemble-rechaud-de-camping-et-tasse-de-voyage-isop","status":"publish","type":"product","link":"https:\/\/isopllc.com\/be\/product\/ensemble-rechaud-de-camping-et-tasse-de-voyage-isop\/","title":{"rendered":"Ensemble r\u00e9chaud de camping et tasse de voyage ISOP"},"content":{"rendered":"<h1 class=\"a-section a-spacing-none premium-aplus premium-aplus-module-3 aplus-container-1\">ISOP R\u00e9chaud de camping et tasse de voyage &#8211; Mini r\u00e9chaud portable Tasse \u00e0 caf\u00e9 de voyage &#8211; R\u00e9chaud de camping\/randonn\u00e9e\/randonn\u00e9e anti-d\u00e9versement &#8211; R\u00e9chaud \u00e0 alcool en acier inoxydable et tasse pliable pour voyage &#8211; Tasse de camping en silicone<\/h1>\n<div class=\"celwidget aplus-module premium-module-4-two-column-images aplus-premium\" data-csa-c-id=\"sdy05b-vrb5mv-3tmwc5-k338fj\">\n<div class=\"a-section a-spacing-none premium-aplus premium-aplus-module-4 aplus-container-1\">\n<div class=\"a-section a-spacing-none premium-aplus-two-column\">\n<div class=\"a-section a-spacing-none premium-aplus-column\">\n<div class=\"a-section a-spacing-none {'column-image'}\"><img decoding=\"async\" class=\"\" src=\"https:\/\/m.media-amazon.com\/images\/S\/aplus-media-library-service-media\/9bc7ce8d-f977-4807-9523-6a597f759391.__CR0,0,650,350_PT0_SX650_V1___.jpg\" alt=\"Camping Stove &amp; Travel Mug Set - Mini Portable Stove Travel Coffee Mug\" data-src=\"https:\/\/m.media-amazon.com\/images\/S\/aplus-media-library-service-media\/9bc7ce8d-f977-4807-9523-6a597f759391.__CR0,0,650,350_PT0_SX650_V1___.jpg\" \/><\/div>\n<div class=\"a-section a-spacing-none column-heading\"><\/div>\n<div class=\"a-section a-spacing-none column-description\">\n<p class=\"aplus-p3\">Le br\u00fbleur de camping robuste et stable est fabriqu\u00e9 en acier inoxydable durable. L&rsquo;alcool est vers\u00e9 dans le r\u00e9servoir central du mini r\u00e9chaud de camping, puis allum\u00e9. Les vapeurs s&rsquo;\u00e9chappent d&rsquo;un anneau de petits trous pour cr\u00e9er un beau feu uniforme. \u00c9teignez en remettant doucement le capuchon sur les flammes et en les \u00e9touffant.<\/p>\n<\/div>\n<\/div>\n<div class=\"a-section a-spacing-none premium-aplus-column\">\n<div class=\"a-section a-spacing-none {'column-image'}\"><img decoding=\"async\" class=\"\" src=\"https:\/\/m.media-amazon.com\/images\/S\/aplus-media-library-service-media\/faa31d46-35b8-4347-b136-6915e89a2bdb.__CR0,0,650,350_PT0_SX650_V1___.jpg\" alt=\"Collapsible Cup for Travel - Silicone Camping Mug\" data-src=\"https:\/\/m.media-amazon.com\/images\/S\/aplus-media-library-service-media\/faa31d46-35b8-4347-b136-6915e89a2bdb.__CR0,0,650,350_PT0_SX650_V1___.jpg\" \/><\/div>\n<div class=\"a-section a-spacing-none column-heading\"><\/div>\n<div class=\"a-section a-spacing-none column-description\">\n<p class=\"aplus-p3\">La tasse pliable pour voyager est compos\u00e9e d&rsquo;un mat\u00e9riau en silicone de qualit\u00e9 alimentaire, qui est assez s\u00fbr \u00e0 utiliser sans additifs nocifs. Pas de plastique, pas de produits chimiques bizarres et rien que vous ne vouliez pas dans votre corps. Juste toi et ta boisson pr\u00e9f\u00e9r\u00e9e.<\/p>\n<\/div>\n<\/div>\n<\/div>\n<\/div>\n<\/div>\n<div class=\"celwidget aplus-module premium-module-4-two-column-images aplus-premium\" data-csa-c-id=\"e5hmvm-44h78t-crc2qp-99d5vq\">\n<div class=\"a-section a-spacing-none premium-aplus premium-aplus-module-4 aplus-container-1\">\n<div class=\"a-section a-spacing-none premium-aplus-two-column\">\n<div class=\"a-section a-spacing-none premium-aplus-column\">\n<div class=\"a-section a-spacing-none {'column-image'}\"><img decoding=\"async\" class=\"\" src=\"https:\/\/m.media-amazon.com\/images\/S\/aplus-media-library-service-media\/b07733d2-7a18-4f2b-8ebc-2c79dfd37612.__CR0,0,650,350_PT0_SX650_V1___.jpg\" alt=\"Camping Stove &amp; Travel Mug Set - Mini Portable Stove Travel Coffee Mug\" data-src=\"https:\/\/m.media-amazon.com\/images\/S\/aplus-media-library-service-media\/b07733d2-7a18-4f2b-8ebc-2c79dfd37612.__CR0,0,650,350_PT0_SX650_V1___.jpg\" \/><\/div>\n<div class=\"a-section a-spacing-none column-heading\"><\/div>\n<div class=\"a-section a-spacing-none column-description\">\n<p class=\"aplus-p3\">Vous pouvez faire un barbecue n&rsquo;importe o\u00f9 et n&rsquo;importe quand \u00e0 l&rsquo;ext\u00e9rieur en utilisant ce mini r\u00e9chaud de camping \u00e0 contr\u00f4le de temp\u00e9rature variable. La poign\u00e9e pliable sur le r\u00e9gulateur de flamme aide \u00e0 contr\u00f4ler et \u00e0 maintenir la temp\u00e9rature en fonction de vos besoins. La tasse \u00e0 caf\u00e9 micro-ondable est id\u00e9ale pour le caf\u00e9 froid ou le th\u00e9 chaud pendant ces aventures.<\/p>\n<\/div>\n<\/div>\n<div class=\"a-section a-spacing-none premium-aplus-column\">\n<div class=\"a-section a-spacing-none {'column-image'}\"><img decoding=\"async\" class=\"\" src=\"https:\/\/m.media-amazon.com\/images\/S\/aplus-media-library-service-media\/1564a539-8573-458e-bd63-ed68d7c76394.__CR0,0,650,350_PT0_SX650_V1___.jpg\" alt=\"Camping Stove &amp; Travel Mug Set - Mini Portable Stove Travel Coffee Mug\" data-src=\"https:\/\/m.media-amazon.com\/images\/S\/aplus-media-library-service-media\/1564a539-8573-458e-bd63-ed68d7c76394.__CR0,0,650,350_PT0_SX650_V1___.jpg\" \/><\/div>\n<div class=\"a-section a-spacing-none column-heading\"><\/div>\n<div class=\"a-section a-spacing-none column-description\">\n<p class=\"aplus-p3\">Ce r\u00e9chaud d&rsquo;urgence est un outil de base qui peut s&rsquo;av\u00e9rer tr\u00e8s utile en cas d&rsquo;urgence. Voyagez avec notre ensemble de br\u00fbleurs de r\u00e9chaud d&rsquo;ext\u00e9rieur portable et l\u00e9ger pour profiter des frissons de l&rsquo;hiver dans les montagnes. Convient pour le camping, la randonn\u00e9e, le pique-nique, le barbecue, la survie en plein air, les voyages en voiture, la vie en van et l&rsquo;aventure.<\/p>\n<\/div>\n<\/div>\n<\/div>\n<\/div>\n<\/div>\n","protected":false},"excerpt":{"rendered":"<p id=\"reconcile-item-title\" class=\"text-weight-bold\" style=\"text-align: center;\">ISOP R\u00e9chaud de camping et tasse de voyage &#8211; Mini r\u00e9chaud portable Tasse \u00e0 caf\u00e9 de voyage &#8211; R\u00e9chaud de camping\/randonn\u00e9e\/randonn\u00e9e anti-d\u00e9versement &#8211; R\u00e9chaud \u00e0 alcool en acier inoxydable et tasse pliable pour voyage &#8211; Tasse de camping en silicone<\/p>\n<p style=\"text-align: center;\">LIVRAISON GRATUITE SOUS 3-7 JOURS<\/p>\n<h4 style=\"text-align: center;\"><strong>ACHETEZ-LE SUR<\/strong><a href=\"https:\/\/www.amazon.com.be\/dp\/B0BNQJ1H8P?ref=myi_title_dp\"><img loading=\"lazy\" decoding=\"async\" class=\"aligncenter wp-image-1040 size-full\" src=\"https:\/\/isopllc.com\/be\/wp-content\/uploads\/sites\/15\/2020\/01\/amazon-button9.png\" alt=\"\" width=\"160\" height=\"59\" \/><\/a><\/h4>\n","protected":false},"featured_media":4787,"comment_status":"open","ping_status":"closed","template":"","meta":[],"product_brand":[],"product_cat":[174],"product_tag":[78,41,49,105,107,106],"class_list":{"0":"post-4786","1":"product","2":"type-product","3":"status-publish","4":"has-post-thumbnail","6":"product_cat-kits-de-sauvetage-et-de-survie","7":"product_tag-aventure","8":"product_tag-equipement","9":"product_tag-isop","10":"product_tag-rechaud-de-camping","11":"product_tag-survie","12":"product_tag-tasse-de-voyage","14":"first","15":"instock","16":"shipping-taxable","17":"purchasable","18":"product-type-simple"},"_links":{"self":[{"href":"https:\/\/isopllc.com\/be\/wp-json\/wp\/v2\/product\/4786","targetHints":{"allow":["GET"]}}],"collection":[{"href":"https:\/\/isopllc.com\/be\/wp-json\/wp\/v2\/product"}],"about":[{"href":"https:\/\/isopllc.com\/be\/wp-json\/wp\/v2\/types\/product"}],"replies":[{"embeddable":true,"href":"https:\/\/isopllc.com\/be\/wp-json\/wp\/v2\/comments?post=4786"}],"wp:featuredmedia":[{"embeddable":true,"href":"https:\/\/isopllc.com\/be\/wp-json\/wp\/v2\/media\/4787"}],"wp:attachment":[{"href":"https:\/\/isopllc.com\/be\/wp-json\/wp\/v2\/media?parent=4786"}],"wp:term":[{"taxonomy":"product_brand","embeddable":true,"href":"https:\/\/isopllc.com\/be\/wp-json\/wp\/v2\/product_brand?post=4786"},{"taxonomy":"product_cat","embeddable":true,"href":"https:\/\/isopllc.com\/be\/wp-json\/wp\/v2\/product_cat?post=4786"},{"taxonomy":"product_tag","embeddable":true,"href":"https:\/\/isopllc.com\/be\/wp-json\/wp\/v2\/product_tag?post=4786"}],"curies":[{"name":"wp","href":"https:\/\/api.w.org\/{rel}","templated":true}]}}