{"id":4832,"date":"2023-03-11T14:46:25","date_gmt":"2023-03-11T14:46:25","guid":{"rendered":"https:\/\/isopllc.com\/be\/?post_type=product&#038;p=4832"},"modified":"2025-08-10T08:56:40","modified_gmt":"2025-08-10T08:56:40","slug":"survie-durgence","status":"publish","type":"product","link":"https:\/\/isopllc.com\/be\/product\/survie-durgence\/","title":{"rendered":"Survie d&rsquo;urgence | Outils de Survie avec \u00c9quipement d&rsquo;Urgence"},"content":{"rendered":"<h1 id=\"title\" class=\"a-size-large a-spacing-none\"><span id=\"productTitle\" class=\"a-size-large product-title-word-break\">Survie d&rsquo;urgence | \u00c9quipement de survie pour le camping, la randonn\u00e9e, la chasse, les aventures en plein air | Outils de survie avec \u00e9quipement d&rsquo;urgence<\/span><\/h1>\n<h2>Nous vous pr\u00e9sentons le sac \u00e0 dos de survie le mieux \u00e9quip\u00e9 pour toutes les occasions<\/h2>\n<p>Tremblement de terre, incendie ou inondation, cet ensemble vous aidera \u00e0 survivre. M\u00eame si vous vous retrouvez sur une \u00eele d\u00e9serte comme Robinson Cruso\u00e9, vous aurez tous les outils pour survivre. Ci-dessous, nous vous pr\u00e9sentons chaque \u00e9l\u00e9ment de l&rsquo;ensemble que nous avons scrupuleusement s\u00e9lectionn\u00e9 s\u00e9par\u00e9ment et vous expliquons toutes les applications possibles de chaque produit, qui, soit dit en passant, sont non seulement utiles dans les situations d&rsquo;urgence, mais aussi dans la vie quotidienne, le camping, l&rsquo;escalade dans la montagne ou la randonn\u00e9e en famille.<\/p>\n<p><img loading=\"lazy\" decoding=\"async\" class=\"alignnone size-medium wp-image-4829\" src=\"https:\/\/isopllc.com\/be\/wp-content\/uploads\/sites\/15\/2023\/01\/Emergency-Survival-Kit-_-Emergency-Survival-Backpack-First-Aid-Equipment-for-Camping-Hiking-Outdoor-_-Survival-Emergency-Tools-for-Any-Occasion-_-Survival-Backpack-Full-of-Gear-2-300x300.jpg\" alt=\"\" width=\"300\" height=\"300\" srcset=\"https:\/\/isopllc.com\/be\/wp-content\/uploads\/sites\/15\/2023\/01\/Emergency-Survival-Kit-_-Emergency-Survival-Backpack-First-Aid-Equipment-for-Camping-Hiking-Outdoor-_-Survival-Emergency-Tools-for-Any-Occasion-_-Survival-Backpack-Full-of-Gear-2-300x300.jpg 300w, https:\/\/isopllc.com\/be\/wp-content\/uploads\/sites\/15\/2023\/01\/Emergency-Survival-Kit-_-Emergency-Survival-Backpack-First-Aid-Equipment-for-Camping-Hiking-Outdoor-_-Survival-Emergency-Tools-for-Any-Occasion-_-Survival-Backpack-Full-of-Gear-2-150x150.jpg 150w, https:\/\/isopllc.com\/be\/wp-content\/uploads\/sites\/15\/2023\/01\/Emergency-Survival-Kit-_-Emergency-Survival-Backpack-First-Aid-Equipment-for-Camping-Hiking-Outdoor-_-Survival-Emergency-Tools-for-Any-Occasion-_-Survival-Backpack-Full-of-Gear-2-768x768.jpg 768w, https:\/\/isopllc.com\/be\/wp-content\/uploads\/sites\/15\/2023\/01\/Emergency-Survival-Kit-_-Emergency-Survival-Backpack-First-Aid-Equipment-for-Camping-Hiking-Outdoor-_-Survival-Emergency-Tools-for-Any-Occasion-_-Survival-Backpack-Full-of-Gear-2-416x416.jpg 416w, https:\/\/isopllc.com\/be\/wp-content\/uploads\/sites\/15\/2023\/01\/Emergency-Survival-Kit-_-Emergency-Survival-Backpack-First-Aid-Equipment-for-Camping-Hiking-Outdoor-_-Survival-Emergency-Tools-for-Any-Occasion-_-Survival-Backpack-Full-of-Gear-2-100x100.jpg 100w, https:\/\/isopllc.com\/be\/wp-content\/uploads\/sites\/15\/2023\/01\/Emergency-Survival-Kit-_-Emergency-Survival-Backpack-First-Aid-Equipment-for-Camping-Hiking-Outdoor-_-Survival-Emergency-Tools-for-Any-Occasion-_-Survival-Backpack-Full-of-Gear-2.jpg 900w\" sizes=\"auto, (max-width: 300px) 100vw, 300px\" \/><\/p>\n<h2>Sac \u00e0 dos de survie d&rsquo;urgence<\/h2>\n<p>Le kit tactique mis \u00e0 jour polyvalent est un kit de survie d&rsquo;urgence multi-professionnel 32 en 1 qui comprend un \u00e9quipement de survie en plein air essentiel pour le camping, la p\u00eache, la chasse, les voyages en moto, les excursions en pleine nature, la randonn\u00e9e et les sc\u00e9narios de survie. C&rsquo;est une surprise incroyable et un gadget pour tout le monde.<\/p>\n<p><img loading=\"lazy\" decoding=\"async\" class=\"alignnone size-medium wp-image-4852\" src=\"https:\/\/isopllc.com\/be\/wp-content\/uploads\/sites\/15\/2023\/03\/IMG-2855-1-225x300.jpg\" alt=\"\" width=\"225\" height=\"300\" srcset=\"https:\/\/isopllc.com\/be\/wp-content\/uploads\/sites\/15\/2023\/03\/IMG-2855-1-225x300.jpg 225w, https:\/\/isopllc.com\/be\/wp-content\/uploads\/sites\/15\/2023\/03\/IMG-2855-1-768x1024.jpg 768w, https:\/\/isopllc.com\/be\/wp-content\/uploads\/sites\/15\/2023\/03\/IMG-2855-1-750x1000.jpg 750w, https:\/\/isopllc.com\/be\/wp-content\/uploads\/sites\/15\/2023\/03\/IMG-2855-1-416x555.jpg 416w, https:\/\/isopllc.com\/be\/wp-content\/uploads\/sites\/15\/2023\/03\/IMG-2855-1.jpg 1020w\" sizes=\"auto, (max-width: 225px) 100vw, 225px\" \/><\/p>\n<h2>Mat\u00e9riaux de haute qualit\u00e9<\/h2>\n<p>Les mat\u00e9riaux de la plus haute qualit\u00e9 et r\u00e9sistants aux intemp\u00e9ries sont utilis\u00e9s pour fabriquer tous les \u00e9quipements de survie d&rsquo;urgence. Vous pouvez continuer \u00e0 survivre avec l&rsquo;\u00e9quipement pour les fournitures d&rsquo;urgence m\u00eame apr\u00e8s une utilisation prolong\u00e9e, ce qui vous permet de profiter de l&rsquo;occasion pour faire du camping, partir \u00e0 l&rsquo;aventure ou escalader une montagne.<\/p>\n<p><img loading=\"lazy\" decoding=\"async\" class=\"alignnone size-medium wp-image-4828\" src=\"https:\/\/isopllc.com\/be\/wp-content\/uploads\/sites\/15\/2023\/01\/Emergency-Survival-Kit-_-Emergency-Survival-Backpack-First-Aid-Equipment-for-Camping-Hiking-Outdoor-_-Survival-Emergency-Tools-for-Any-Occasion-_-Survival-Backpack-Full-of-Gear-4-300x300.jpg\" alt=\"\" width=\"300\" height=\"300\" srcset=\"https:\/\/isopllc.com\/be\/wp-content\/uploads\/sites\/15\/2023\/01\/Emergency-Survival-Kit-_-Emergency-Survival-Backpack-First-Aid-Equipment-for-Camping-Hiking-Outdoor-_-Survival-Emergency-Tools-for-Any-Occasion-_-Survival-Backpack-Full-of-Gear-4-300x300.jpg 300w, https:\/\/isopllc.com\/be\/wp-content\/uploads\/sites\/15\/2023\/01\/Emergency-Survival-Kit-_-Emergency-Survival-Backpack-First-Aid-Equipment-for-Camping-Hiking-Outdoor-_-Survival-Emergency-Tools-for-Any-Occasion-_-Survival-Backpack-Full-of-Gear-4-150x150.jpg 150w, https:\/\/isopllc.com\/be\/wp-content\/uploads\/sites\/15\/2023\/01\/Emergency-Survival-Kit-_-Emergency-Survival-Backpack-First-Aid-Equipment-for-Camping-Hiking-Outdoor-_-Survival-Emergency-Tools-for-Any-Occasion-_-Survival-Backpack-Full-of-Gear-4-768x768.jpg 768w, https:\/\/isopllc.com\/be\/wp-content\/uploads\/sites\/15\/2023\/01\/Emergency-Survival-Kit-_-Emergency-Survival-Backpack-First-Aid-Equipment-for-Camping-Hiking-Outdoor-_-Survival-Emergency-Tools-for-Any-Occasion-_-Survival-Backpack-Full-of-Gear-4-416x416.jpg 416w, https:\/\/isopllc.com\/be\/wp-content\/uploads\/sites\/15\/2023\/01\/Emergency-Survival-Kit-_-Emergency-Survival-Backpack-First-Aid-Equipment-for-Camping-Hiking-Outdoor-_-Survival-Emergency-Tools-for-Any-Occasion-_-Survival-Backpack-Full-of-Gear-4-100x100.jpg 100w, https:\/\/isopllc.com\/be\/wp-content\/uploads\/sites\/15\/2023\/01\/Emergency-Survival-Kit-_-Emergency-Survival-Backpack-First-Aid-Equipment-for-Camping-Hiking-Outdoor-_-Survival-Emergency-Tools-for-Any-Occasion-_-Survival-Backpack-Full-of-Gear-4.jpg 900w\" sizes=\"auto, (max-width: 300px) 100vw, 300px\" \/><\/p>\n<h2>\u00c9quipement de survie d&rsquo;urgence et \u00e9quipement de p\u00eache<\/h2>\n<p>Vous pouvez survivre \u00e0 une catastrophe naturelle avec ce sac \u00e0 dos de survie. Le compagnon de camping id\u00e9al pour toutes les situations est cet ensemble. Prot\u00e9gez-vous dans toute situation d&rsquo;urgence. Parfait pour le camping, la randonn\u00e9e, les aventures, la survie et en cas d&rsquo;urgence. Soigneusement emball\u00e9 dans un sac \u00e0 dos imperm\u00e9able et facile \u00e0 transporter.<img loading=\"lazy\" decoding=\"async\" class=\"alignnone size-medium wp-image-4830\" src=\"https:\/\/isopllc.com\/be\/wp-content\/uploads\/sites\/15\/2023\/01\/Emergency-Survival-Kit-_-Emergency-Survival-Backpack-First-Aid-Equipment-for-Camping-Hiking-Outdoor-_-Survival-Emergency-Tools-for-Any-Occasion-_-Survival-Backpack-Full-of-Gear-1-300x300.jpg\" alt=\"\" width=\"300\" height=\"300\" srcset=\"https:\/\/isopllc.com\/be\/wp-content\/uploads\/sites\/15\/2023\/01\/Emergency-Survival-Kit-_-Emergency-Survival-Backpack-First-Aid-Equipment-for-Camping-Hiking-Outdoor-_-Survival-Emergency-Tools-for-Any-Occasion-_-Survival-Backpack-Full-of-Gear-1-300x300.jpg 300w, https:\/\/isopllc.com\/be\/wp-content\/uploads\/sites\/15\/2023\/01\/Emergency-Survival-Kit-_-Emergency-Survival-Backpack-First-Aid-Equipment-for-Camping-Hiking-Outdoor-_-Survival-Emergency-Tools-for-Any-Occasion-_-Survival-Backpack-Full-of-Gear-1-150x150.jpg 150w, https:\/\/isopllc.com\/be\/wp-content\/uploads\/sites\/15\/2023\/01\/Emergency-Survival-Kit-_-Emergency-Survival-Backpack-First-Aid-Equipment-for-Camping-Hiking-Outdoor-_-Survival-Emergency-Tools-for-Any-Occasion-_-Survival-Backpack-Full-of-Gear-1-768x768.jpg 768w, https:\/\/isopllc.com\/be\/wp-content\/uploads\/sites\/15\/2023\/01\/Emergency-Survival-Kit-_-Emergency-Survival-Backpack-First-Aid-Equipment-for-Camping-Hiking-Outdoor-_-Survival-Emergency-Tools-for-Any-Occasion-_-Survival-Backpack-Full-of-Gear-1-416x416.jpg 416w, https:\/\/isopllc.com\/be\/wp-content\/uploads\/sites\/15\/2023\/01\/Emergency-Survival-Kit-_-Emergency-Survival-Backpack-First-Aid-Equipment-for-Camping-Hiking-Outdoor-_-Survival-Emergency-Tools-for-Any-Occasion-_-Survival-Backpack-Full-of-Gear-1-100x100.jpg 100w, https:\/\/isopllc.com\/be\/wp-content\/uploads\/sites\/15\/2023\/01\/Emergency-Survival-Kit-_-Emergency-Survival-Backpack-First-Aid-Equipment-for-Camping-Hiking-Outdoor-_-Survival-Emergency-Tools-for-Any-Occasion-_-Survival-Backpack-Full-of-Gear-1.jpg 900w\" sizes=\"auto, (max-width: 300px) 100vw, 300px\" \/><\/p>\n<h2>Camping Randonn\u00e9e Chasse Plein air Aventure<\/h2>\n<p>Pendant la randonn\u00e9e, le camping, la chasse, la p\u00eache, le trekking ou les aventures, il vous aide \u00e9galement \u00e0 rester en s\u00e9curit\u00e9. Ce sac \u00e0 dos de survie transmettra plus pr\u00e9cis\u00e9ment votre affection. Si cela ne r\u00e9pond pas \u00e0 vos attentes ou si vous rencontrez des probl\u00e8mes, veuillez nous contacter et nous vous aiderons.<\/p>\n<p><img loading=\"lazy\" decoding=\"async\" class=\"alignnone size-medium wp-image-4826\" src=\"https:\/\/isopllc.com\/be\/wp-content\/uploads\/sites\/15\/2023\/01\/Emergency-Survival-Kit-_-Emergency-Survival-Backpack-First-Aid-Equipment-for-Camping-Hiking-Outdoor-_-Survival-Emergency-Tools-for-Any-Occasion-_-Survival-Backpack-Full-of-Gear-5-300x300.jpg\" alt=\"\" width=\"300\" height=\"300\" srcset=\"https:\/\/isopllc.com\/be\/wp-content\/uploads\/sites\/15\/2023\/01\/Emergency-Survival-Kit-_-Emergency-Survival-Backpack-First-Aid-Equipment-for-Camping-Hiking-Outdoor-_-Survival-Emergency-Tools-for-Any-Occasion-_-Survival-Backpack-Full-of-Gear-5-300x300.jpg 300w, https:\/\/isopllc.com\/be\/wp-content\/uploads\/sites\/15\/2023\/01\/Emergency-Survival-Kit-_-Emergency-Survival-Backpack-First-Aid-Equipment-for-Camping-Hiking-Outdoor-_-Survival-Emergency-Tools-for-Any-Occasion-_-Survival-Backpack-Full-of-Gear-5-150x150.jpg 150w, https:\/\/isopllc.com\/be\/wp-content\/uploads\/sites\/15\/2023\/01\/Emergency-Survival-Kit-_-Emergency-Survival-Backpack-First-Aid-Equipment-for-Camping-Hiking-Outdoor-_-Survival-Emergency-Tools-for-Any-Occasion-_-Survival-Backpack-Full-of-Gear-5-768x768.jpg 768w, https:\/\/isopllc.com\/be\/wp-content\/uploads\/sites\/15\/2023\/01\/Emergency-Survival-Kit-_-Emergency-Survival-Backpack-First-Aid-Equipment-for-Camping-Hiking-Outdoor-_-Survival-Emergency-Tools-for-Any-Occasion-_-Survival-Backpack-Full-of-Gear-5-416x416.jpg 416w, https:\/\/isopllc.com\/be\/wp-content\/uploads\/sites\/15\/2023\/01\/Emergency-Survival-Kit-_-Emergency-Survival-Backpack-First-Aid-Equipment-for-Camping-Hiking-Outdoor-_-Survival-Emergency-Tools-for-Any-Occasion-_-Survival-Backpack-Full-of-Gear-5-100x100.jpg 100w, https:\/\/isopllc.com\/be\/wp-content\/uploads\/sites\/15\/2023\/01\/Emergency-Survival-Kit-_-Emergency-Survival-Backpack-First-Aid-Equipment-for-Camping-Hiking-Outdoor-_-Survival-Emergency-Tools-for-Any-Occasion-_-Survival-Backpack-Full-of-Gear-5.jpg 900w\" sizes=\"auto, (max-width: 300px) 100vw, 300px\" \/><\/p>\n<p>Notre ensemble de sac \u00e0 dos d&rsquo;urgence professionnel comprend : une trousse de premiers soins, des gants, un bracelet de survie, une carte sabre, une scie \u00e0 fil, une couverture d&rsquo;urgence, une tente d&rsquo;urgence, un imperm\u00e9able, une torche, une pelle, un garrot de combat, un r\u00e9chaud portable, une tasse pliable, un ensemble de p\u00eache, une banque d&rsquo;alimentation, un moustique. filet a\u00e9rien, \u00e9pingles de s\u00fbret\u00e9, couteau polyvalent, pinces multifonctionnelles, cuill\u00e8re polyvalente, b\u00e2ton lumineux, filtre \u00e0 eau et sac \u00e0 eau, masque facial, allume-feu, mini pot, miroir, gilet r\u00e9fl\u00e9chissant, brassards de natation, attaches de c\u00e2ble.<\/p>\n","protected":false},"excerpt":{"rendered":"<p id=\"title\" class=\"a-size-large a-spacing-none\" style=\"text-align: center;\"><span id=\"productTitle\" class=\"a-size-large product-title-word-break\">Survie d&rsquo;urgence | \u00c9quipement de survie pour le camping, la randonn\u00e9e, la chasse, les aventures en plein air | Outils de survie avec \u00e9quipement d&rsquo;urgence<\/span><\/p>\n<p style=\"text-align: center;\">LIVRAISON GRATUITE SOUS 3-7 JOURS<\/p>\n<h4 style=\"text-align: center;\"><strong>ACHETEZ-LE SUR<\/strong><\/h4>\n<p><a href=\"https:\/\/www.amazon.com.be\/dp\/B0BPP2F6GJ?ref=myi_title_dp\"><img loading=\"lazy\" decoding=\"async\" class=\"aligncenter wp-image-1040 size-full\" src=\"https:\/\/isopllc.com\/be\/wp-content\/uploads\/sites\/15\/2020\/01\/amazon-button9.png\" alt=\"\" width=\"160\" height=\"59\" \/><\/a><\/p>\n","protected":false},"featured_media":4857,"comment_status":"open","ping_status":"closed","template":"","meta":[],"product_brand":[],"product_cat":[174],"product_tag":[41,40,39,107,71],"class_list":{"0":"post-4832","1":"product","2":"type-product","3":"status-publish","4":"has-post-thumbnail","6":"product_cat-kits-de-sauvetage-et-de-survie","7":"product_tag-equipement","8":"product_tag-protection","9":"product_tag-securite","10":"product_tag-survie","11":"product_tag-urgence","13":"first","14":"instock","15":"shipping-taxable","16":"purchasable","17":"product-type-simple"},"_links":{"self":[{"href":"https:\/\/isopllc.com\/be\/wp-json\/wp\/v2\/product\/4832","targetHints":{"allow":["GET"]}}],"collection":[{"href":"https:\/\/isopllc.com\/be\/wp-json\/wp\/v2\/product"}],"about":[{"href":"https:\/\/isopllc.com\/be\/wp-json\/wp\/v2\/types\/product"}],"replies":[{"embeddable":true,"href":"https:\/\/isopllc.com\/be\/wp-json\/wp\/v2\/comments?post=4832"}],"wp:featuredmedia":[{"embeddable":true,"href":"https:\/\/isopllc.com\/be\/wp-json\/wp\/v2\/media\/4857"}],"wp:attachment":[{"href":"https:\/\/isopllc.com\/be\/wp-json\/wp\/v2\/media?parent=4832"}],"wp:term":[{"taxonomy":"product_brand","embeddable":true,"href":"https:\/\/isopllc.com\/be\/wp-json\/wp\/v2\/product_brand?post=4832"},{"taxonomy":"product_cat","embeddable":true,"href":"https:\/\/isopllc.com\/be\/wp-json\/wp\/v2\/product_cat?post=4832"},{"taxonomy":"product_tag","embeddable":true,"href":"https:\/\/isopllc.com\/be\/wp-json\/wp\/v2\/product_tag?post=4832"}],"curies":[{"name":"wp","href":"https:\/\/api.w.org\/{rel}","templated":true}]}}