{"id":4834,"date":"2023-03-29T08:39:03","date_gmt":"2023-03-29T08:39:03","guid":{"rendered":"https:\/\/isopllc.com\/be\/?post_type=product&#038;p=4834"},"modified":"2025-08-10T08:54:36","modified_gmt":"2025-08-10T08:54:36","slug":"isop-poignee-auxiliaire-pour-grille-appareil-de-lit-reglable-echelle-de-lit-3-poignees-levier-de-corde-de-traction-de-securite-pour-adultes-personnes-agees-handicapes","status":"publish","type":"product","link":"https:\/\/isopllc.com\/be\/product\/isop-poignee-auxiliaire-pour-grille-appareil-de-lit-reglable-echelle-de-lit-3-poignees-levier-de-corde-de-traction-de-securite-pour-adultes-personnes-agees-handicapes\/","title":{"rendered":"ISOP | Poign\u00e9e Auxiliaire pour Grille | \u00c9chelle de lit 3 Poign\u00e9es"},"content":{"rendered":"<h1 class=\"a-size-large a-spacing-none\"><span class=\"a-size-large product-title-word-break\">ISOP | Poign\u00e9e auxiliaire pour Grille | Appareil de lit r\u00e9glable | <\/span><span id=\"productTitle\" class=\"a-size-large product-title-word-break\">\u00c9chelle de lit 3 poign\u00e9es\u00a0 <\/span><span id=\"productTitle\" class=\"a-size-large product-title-word-break\">| Levier de Corde de Traction de s\u00e9curit\u00e9 pour Adultes, Personnes \u00e2g\u00e9es, handicap\u00e9s<\/span><\/h1>\n<p><img loading=\"lazy\" decoding=\"async\" class=\"alignnone size-medium wp-image-4840\" src=\"https:\/\/isopllc.com\/be\/wp-content\/uploads\/sites\/15\/2023\/03\/Adjustable-Bed-Assistance-Device-2-300x300.jpg\" alt=\"\" width=\"300\" height=\"300\" srcset=\"https:\/\/isopllc.com\/be\/wp-content\/uploads\/sites\/15\/2023\/03\/Adjustable-Bed-Assistance-Device-2-300x300.jpg 300w, https:\/\/isopllc.com\/be\/wp-content\/uploads\/sites\/15\/2023\/03\/Adjustable-Bed-Assistance-Device-2-150x150.jpg 150w, https:\/\/isopllc.com\/be\/wp-content\/uploads\/sites\/15\/2023\/03\/Adjustable-Bed-Assistance-Device-2-768x768.jpg 768w, https:\/\/isopllc.com\/be\/wp-content\/uploads\/sites\/15\/2023\/03\/Adjustable-Bed-Assistance-Device-2-416x416.jpg 416w, https:\/\/isopllc.com\/be\/wp-content\/uploads\/sites\/15\/2023\/03\/Adjustable-Bed-Assistance-Device-2-100x100.jpg 100w, https:\/\/isopllc.com\/be\/wp-content\/uploads\/sites\/15\/2023\/03\/Adjustable-Bed-Assistance-Device-2.jpg 900w\" sizes=\"auto, (max-width: 300px) 100vw, 300px\" \/><\/p>\n<p>Pour aider les personnes souffrant de blessures \u00e0 la colonne vert\u00e9brale, de faiblesse du bas du corps et d&rsquo;amplitude de mouvement limit\u00e9e, l&rsquo;\u00e9chelle de lit permet aux personnes de se mettre facilement en position assise.<\/p>\n<p><img loading=\"lazy\" decoding=\"async\" class=\"alignnone size-medium wp-image-4842\" src=\"https:\/\/isopllc.com\/be\/wp-content\/uploads\/sites\/15\/2023\/03\/Adjustable-Bed-Assistance-Device-1-300x300.jpg\" alt=\"\" width=\"300\" height=\"300\" srcset=\"https:\/\/isopllc.com\/be\/wp-content\/uploads\/sites\/15\/2023\/03\/Adjustable-Bed-Assistance-Device-1-300x300.jpg 300w, https:\/\/isopllc.com\/be\/wp-content\/uploads\/sites\/15\/2023\/03\/Adjustable-Bed-Assistance-Device-1-150x150.jpg 150w, https:\/\/isopllc.com\/be\/wp-content\/uploads\/sites\/15\/2023\/03\/Adjustable-Bed-Assistance-Device-1-768x768.jpg 768w, https:\/\/isopllc.com\/be\/wp-content\/uploads\/sites\/15\/2023\/03\/Adjustable-Bed-Assistance-Device-1-416x416.jpg 416w, https:\/\/isopllc.com\/be\/wp-content\/uploads\/sites\/15\/2023\/03\/Adjustable-Bed-Assistance-Device-1-100x100.jpg 100w, https:\/\/isopllc.com\/be\/wp-content\/uploads\/sites\/15\/2023\/03\/Adjustable-Bed-Assistance-Device-1.jpg 900w\" sizes=\"auto, (max-width: 300px) 100vw, 300px\" \/><\/p>\n<p>Construite avec une sangle durable qui supporte jusqu&rsquo;\u00e0 300 livres, l&rsquo;\u00e9chelle de lit robuste permet de s&rsquo;asseoir facilement dans le lit pour les personnes qui se remettent d&rsquo;une chirurgie, ainsi que pour celles qui sont enceintes ou qui souffrent de probl\u00e8mes de dos.<\/p>\n<p><img loading=\"lazy\" decoding=\"async\" class=\"alignnone size-medium wp-image-4838\" src=\"https:\/\/isopllc.com\/be\/wp-content\/uploads\/sites\/15\/2023\/03\/Bed-Rail-Assist-Handle-3-300x300.jpg\" alt=\"\" width=\"300\" height=\"300\" srcset=\"https:\/\/isopllc.com\/be\/wp-content\/uploads\/sites\/15\/2023\/03\/Bed-Rail-Assist-Handle-3-300x300.jpg 300w, https:\/\/isopllc.com\/be\/wp-content\/uploads\/sites\/15\/2023\/03\/Bed-Rail-Assist-Handle-3-150x150.jpg 150w, https:\/\/isopllc.com\/be\/wp-content\/uploads\/sites\/15\/2023\/03\/Bed-Rail-Assist-Handle-3-768x768.jpg 768w, https:\/\/isopllc.com\/be\/wp-content\/uploads\/sites\/15\/2023\/03\/Bed-Rail-Assist-Handle-3-416x416.jpg 416w, https:\/\/isopllc.com\/be\/wp-content\/uploads\/sites\/15\/2023\/03\/Bed-Rail-Assist-Handle-3-100x100.jpg 100w, https:\/\/isopllc.com\/be\/wp-content\/uploads\/sites\/15\/2023\/03\/Bed-Rail-Assist-Handle-3.jpg 900w\" sizes=\"auto, (max-width: 300px) 100vw, 300px\" \/><\/p>\n<p>S&rsquo;installe facilement sur n&rsquo;importe quel cadre de lit en faisant un n\u0153ud. L&rsquo;\u00e9chelle est facile \u00e0 enlever et est portable pour une assistance suppl\u00e9mentaire en voyage ainsi qu&rsquo;\u00e0 la maison.<\/p>\n<p><img loading=\"lazy\" decoding=\"async\" class=\"alignnone size-medium wp-image-4839\" src=\"https:\/\/isopllc.com\/be\/wp-content\/uploads\/sites\/15\/2023\/03\/Adjustable-Bed-Assistance-Device-3-300x300.jpg\" alt=\"\" width=\"300\" height=\"300\" srcset=\"https:\/\/isopllc.com\/be\/wp-content\/uploads\/sites\/15\/2023\/03\/Adjustable-Bed-Assistance-Device-3-300x300.jpg 300w, https:\/\/isopllc.com\/be\/wp-content\/uploads\/sites\/15\/2023\/03\/Adjustable-Bed-Assistance-Device-3-150x150.jpg 150w, https:\/\/isopllc.com\/be\/wp-content\/uploads\/sites\/15\/2023\/03\/Adjustable-Bed-Assistance-Device-3-768x768.jpg 768w, https:\/\/isopllc.com\/be\/wp-content\/uploads\/sites\/15\/2023\/03\/Adjustable-Bed-Assistance-Device-3-416x416.jpg 416w, https:\/\/isopllc.com\/be\/wp-content\/uploads\/sites\/15\/2023\/03\/Adjustable-Bed-Assistance-Device-3-100x100.jpg 100w, https:\/\/isopllc.com\/be\/wp-content\/uploads\/sites\/15\/2023\/03\/Adjustable-Bed-Assistance-Device-3.jpg 900w\" sizes=\"auto, (max-width: 300px) 100vw, 300px\" \/><\/p>\n<p>Les 3 poign\u00e9es robustes sont rembourr\u00e9es et offrent une prise antid\u00e9rapante lors de la mont\u00e9e ou de la descente dans le lit. Chaque manche antid\u00e9rapant mesure 15,2 cm de long pour offrir une prise confortable. Les trois poign\u00e9es sont espac\u00e9es de 27,9 cm pour une assistance optimale \u00e0 la mont\u00e9e.<img loading=\"lazy\" decoding=\"async\" class=\"alignnone size-medium wp-image-4843\" src=\"https:\/\/isopllc.com\/be\/wp-content\/uploads\/sites\/15\/2023\/03\/Bed-Rail-Assist-Handle-1-300x300.jpg\" alt=\"\" width=\"300\" height=\"300\" srcset=\"https:\/\/isopllc.com\/be\/wp-content\/uploads\/sites\/15\/2023\/03\/Bed-Rail-Assist-Handle-1-300x300.jpg 300w, https:\/\/isopllc.com\/be\/wp-content\/uploads\/sites\/15\/2023\/03\/Bed-Rail-Assist-Handle-1-150x150.jpg 150w, https:\/\/isopllc.com\/be\/wp-content\/uploads\/sites\/15\/2023\/03\/Bed-Rail-Assist-Handle-1-768x768.jpg 768w, https:\/\/isopllc.com\/be\/wp-content\/uploads\/sites\/15\/2023\/03\/Bed-Rail-Assist-Handle-1-416x416.jpg 416w, https:\/\/isopllc.com\/be\/wp-content\/uploads\/sites\/15\/2023\/03\/Bed-Rail-Assist-Handle-1-100x100.jpg 100w, https:\/\/isopllc.com\/be\/wp-content\/uploads\/sites\/15\/2023\/03\/Bed-Rail-Assist-Handle-1.jpg 900w\" sizes=\"auto, (max-width: 300px) 100vw, 300px\" \/><\/p>\n<p>&nbsp;<\/p>\n","protected":false},"excerpt":{"rendered":"<p id=\"title\" class=\"a-size-large a-spacing-none\" style=\"text-align: center;\">ISOP &#8211; Poign\u00e9e auxiliaire pour Grille | Appareil de lit r\u00e9glable | \u00c9chelle de lit 3 poign\u00e9es | Levier de Corde de Traction de s\u00e9curit\u00e9 pour Adultes, Personnes \u00e2g\u00e9es, handicap\u00e9s<\/p>\n<p style=\"text-align: center;\">LIVRAISON GRATUITE SOUS 3-7 JOURS<\/p>\n<h4 style=\"text-align: center;\"><strong>ACHETEZ-LE SUR<\/strong><a href=\"https:\/\/www.amazon.com.be\/dp\/B0BVMJMG18?ref=myi_title_dp\"><img loading=\"lazy\" decoding=\"async\" class=\"aligncenter wp-image-1040 size-full\" src=\"https:\/\/isopllc.com\/be\/wp-content\/uploads\/sites\/15\/2020\/01\/amazon-button9.png\" alt=\"\" width=\"160\" height=\"59\" \/><\/a><\/h4>\n","protected":false},"featured_media":4844,"comment_status":"open","ping_status":"closed","template":"","meta":[],"product_brand":[],"product_cat":[174],"product_tag":[41,113,49,112,39],"class_list":{"0":"post-4834","1":"product","2":"type-product","3":"status-publish","4":"has-post-thumbnail","6":"product_cat-kits-de-sauvetage-et-de-survie","7":"product_tag-equipement","8":"product_tag-grille","9":"product_tag-isop","10":"product_tag-poignee-auxiliaire","11":"product_tag-securite","13":"first","14":"instock","15":"shipping-taxable","16":"purchasable","17":"product-type-simple"},"_links":{"self":[{"href":"https:\/\/isopllc.com\/be\/wp-json\/wp\/v2\/product\/4834","targetHints":{"allow":["GET"]}}],"collection":[{"href":"https:\/\/isopllc.com\/be\/wp-json\/wp\/v2\/product"}],"about":[{"href":"https:\/\/isopllc.com\/be\/wp-json\/wp\/v2\/types\/product"}],"replies":[{"embeddable":true,"href":"https:\/\/isopllc.com\/be\/wp-json\/wp\/v2\/comments?post=4834"}],"wp:featuredmedia":[{"embeddable":true,"href":"https:\/\/isopllc.com\/be\/wp-json\/wp\/v2\/media\/4844"}],"wp:attachment":[{"href":"https:\/\/isopllc.com\/be\/wp-json\/wp\/v2\/media?parent=4834"}],"wp:term":[{"taxonomy":"product_brand","embeddable":true,"href":"https:\/\/isopllc.com\/be\/wp-json\/wp\/v2\/product_brand?post=4834"},{"taxonomy":"product_cat","embeddable":true,"href":"https:\/\/isopllc.com\/be\/wp-json\/wp\/v2\/product_cat?post=4834"},{"taxonomy":"product_tag","embeddable":true,"href":"https:\/\/isopllc.com\/be\/wp-json\/wp\/v2\/product_tag?post=4834"}],"curies":[{"name":"wp","href":"https:\/\/api.w.org\/{rel}","templated":true}]}}