{"id":4861,"date":"2023-06-12T04:55:45","date_gmt":"2023-06-12T04:55:45","guid":{"rendered":"https:\/\/isopllc.com\/be\/?post_type=product&#038;p=4861"},"modified":"2025-08-10T08:52:44","modified_gmt":"2025-08-10T08:52:44","slug":"boite-dacces-universel-pour-extincteur","status":"publish","type":"product","link":"https:\/\/isopllc.com\/be\/product\/boite-dacces-universel-pour-extincteur\/","title":{"rendered":"Bo\u00eete d&rsquo;acc\u00e8s pour L&rsquo;\u00e9chelle d&rsquo;incendie | Armoire en Aluminium Pour \u00e9chelle"},"content":{"rendered":"<div class=\"celwidget aplus-module module-4 aplus-standard\" data-csa-c-id=\"6mnb1z-9dwrl2-ic24uv-jd1phn\" data-cel-widget=\"aplus-module-4\">\n<div class=\"a-expander-collapsed-height a-row a-expander-container a-expander-partial-collapse-container\" aria-live=\"polite\" data-a-expander-name=\"aplus-module-expander\" data-a-expander-collapsed-height=\"700\">\n<div class=\"a-expander-content a-expander-partial-collapse-content\" aria-expanded=\"false\">\n<div class=\"aplus-module-wrapper apm-fixed-width\">\n<div class=\"apm-spacing\">\n<div class=\"apm-floatleft apm-fixed-width\">\n<div id=\"title_feature_div\" class=\"celwidget\" data-feature-name=\"title\" data-csa-c-id=\"m5t5xw-wzxd1-od319-pyb58o\" data-cel-widget=\"title_feature_div\">\n<div id=\"titleSection\" class=\"a-section a-spacing-none\">\n<div id=\"title_feature_div\" class=\"celwidget\" data-feature-name=\"title\" data-csa-c-id=\"m5t5xw-wzxd1-od319-pyb58o\" data-cel-widget=\"title_feature_div\">\n<div id=\"titleSection\" class=\"a-section a-spacing-none\">\n<h2 id=\"reconcile-item-title\" class=\"text-weight-bold\">Bo\u00eete d&rsquo;acc\u00e8s pour L&rsquo;\u00e9chelle d&rsquo;incendie &#8211; Armoire en aluminium pour \u00e9chelle de secours\/bo\u00eete d&rsquo;acc\u00e8s universel pour extincteur<\/h2>\n<p><img decoding=\"async\" class=\"a-spacing-mini\" src=\"https:\/\/m.media-amazon.com\/images\/S\/aplus-media-library-service-media\/e15241a0-08f0-49b7-9104-3cbeb027e2cc.__CR0,0,1000,1000_PT0_SX300_V1___.jpg\" alt=\"aluminum box\" data-src=\"https:\/\/m.media-amazon.com\/images\/S\/aplus-media-library-service-media\/e15241a0-08f0-49b7-9104-3cbeb027e2cc.__CR0,0,1000,1000_PT0_SX300_V1___.jpg\" \/><\/p>\n<\/div>\n<\/div>\n<ul>\n<li>Design compact<\/li>\n<li>Construction en fer robuste<\/li>\n<li>Verre acrylique (qui est plus s\u00fbr que le verre standard en cas d&rsquo;urgence)<\/li>\n<li>Se monte facilement sur un mur<\/li>\n<li>Facile \u00e0 trouver en cas de besoin<\/li>\n<\/ul>\n<\/div>\n<\/div>\n<\/div>\n<\/div>\n<\/div>\n<\/div>\n<\/div>\n<\/div>\n<div class=\"celwidget aplus-module module-9 aplus-standard\" data-csa-c-id=\"kgh8ns-6rdhac-l4uce3-redgno\" data-cel-widget=\"aplus-module-9\">\n<div class=\"a-expander-collapsed-height a-row a-expander-container a-expander-partial-collapse-container\" aria-live=\"polite\" data-a-expander-name=\"aplus-module-expander\" data-a-expander-collapsed-height=\"700\">\n<div class=\"a-expander-content a-expander-partial-collapse-content\" aria-expanded=\"false\">\n<div class=\"aplus-module-wrapper apm-fixed-width\">\n<div class=\"apm-spacing apm-fixed-width\">\n<div class=\"celwidget aplus-module module-9 aplus-standard\" data-csa-c-id=\"6rrkxj-o9oo3p-2dk8kw-v8mrts\" data-cel-widget=\"aplus-module-9\">\n<div class=\"a-expander-collapsed-height a-row a-expander-container a-expander-partial-collapse-container\" aria-live=\"polite\" data-a-expander-name=\"aplus-module-expander\" data-a-expander-collapsed-height=\"700\">\n<div class=\"a-expander-content a-expander-partial-collapse-content\" aria-expanded=\"false\">\n<div class=\"aplus-module-wrapper apm-fixed-width\">\n<div class=\"apm-spacing apm-fixed-width\">\n<p><img decoding=\"async\" class=\"a-spacing-mini\" src=\"https:\/\/m.media-amazon.com\/images\/S\/aplus-media-library-service-media\/eb357252-9807-4881-a43c-3cc4db2103d8.__CR0,0,1000,1000_PT0_SX300_V1___.jpg\" alt=\"alumnium box for fire extinguisher fire escape ladder\" data-src=\"https:\/\/m.media-amazon.com\/images\/S\/aplus-media-library-service-media\/eb357252-9807-4881-a43c-3cc4db2103d8.__CR0,0,1000,1000_PT0_SX300_V1___.jpg\" \/><\/p>\n<\/div>\n<p>L&rsquo;armoire d&rsquo;extincteur en fer garde votre extincteur ou votre \u00e9chelle de secours facilement accessible en cas d&rsquo;urgence.<\/p>\n<p>En raison de sa taille compacte (36\u00a0x\u00a026\u00a0x\u00a013\u00a0cm, 1\u00a0mm d&rsquo;\u00e9paisseur)\u00a0et de sa construction durable, cette armoire est id\u00e9ale pour les appartements, les condos et les petites entreprises, et elle offre un endroit s\u00fbr et s\u00e9curis\u00e9 pour le stockage \u00e0 long terme.<\/p>\n<p><img decoding=\"async\" class=\"a-spacing-mini\" src=\"https:\/\/m.media-amazon.com\/images\/S\/aplus-media-library-service-media\/3806abe5-8aab-4c85-9449-dfe77f5144ae.__CR0,0,1000,1000_PT0_SX300_V1___.jpg\" alt=\"aluminum box\" data-src=\"https:\/\/m.media-amazon.com\/images\/S\/aplus-media-library-service-media\/3806abe5-8aab-4c85-9449-dfe77f5144ae.__CR0,0,1000,1000_PT0_SX300_V1___.jpg\" \/><\/p>\n<p>En cas d&rsquo;incendie soudain \u00e0 la maison ou au travail, fournissez un endroit d\u00e9sign\u00e9 pour votre extincteur ou votre \u00e9chelle en le gardant \u00e0 proximit\u00e9 et pr\u00eat quand il est le plus n\u00e9cessaire.<\/p>\n<\/div>\n<p><strong>Bo\u00eete d&rsquo;acc\u00e8s pour l&rsquo;\u00e9chelle d&rsquo;incendie \u2013 Vente en gros et au d\u00e9tail<\/strong><\/p>\n<p>D\u00e9couvrez notre <strong>bo\u00eete d&rsquo;acc\u00e8s pour l&rsquo;\u00e9chelle d&rsquo;incendie<\/strong>, id\u00e9ale pour le rangement s\u00e9curis\u00e9 et l&rsquo;acc\u00e8s rapide en cas d&rsquo;urgence. Con\u00e7ue en mat\u00e9riaux robustes et r\u00e9sistants, cette bo\u00eete prot\u00e8ge efficacement votre \u00e9chelle de secours contre les dommages et les intemp\u00e9ries.<\/p>\n<p>Parfaite pour les maisons, bureaux, \u00e9coles ou espaces publics, cette solution garantit une \u00e9vacuation rapide et fiable. Gr\u00e2ce \u00e0 son design compact et facile \u00e0 installer, elle s&rsquo;adapte \u00e0 tout type d&rsquo;environnement.<\/p>\n<p>Nous proposons des options de vente en gros pour les professionnels et des achats au d\u00e9tail pour les particuliers. Investissez dans la s\u00e9curit\u00e9 avec cette bo\u00eete d&rsquo;acc\u00e8s indispensable pour prot\u00e9ger vos \u00e9quipements et vos proches. <strong>Commandez d\u00e8s maintenant<\/strong> et profitez d&rsquo;une solution pratique et durable pour votre s\u00e9curit\u00e9 incendie.<\/p>\n<p>\u00c9galement disponible en <a href=\"https:\/\/isopllc.com\/be\/product\/armoire-en-aluminium-pour-echelle-de-secours-3-etages\/\"><strong>grande taille.<\/strong><\/a><\/p>\n<\/div>\n<\/div>\n<\/div>\n<\/div>\n<\/div>\n<\/div>\n<\/div>\n<\/div>\n","protected":false},"excerpt":{"rendered":"[embed]https:\/\/youtu.be\/D0bwKWsrPbM[\/embed]\n<p id=\"reconcile-item-title\" class=\"text-weight-bold\" style=\"text-align: center;\">Armoire en aluminium pour \u00e9chelle de secours\/bo\u00eete d&rsquo;acc\u00e8s universel pour extincteur<\/p>\n<p style=\"text-align: center;\">LIVRAISON GRATUITE SOUS 3-7 JOURS<\/p>\n<h4 style=\"text-align: center;\"><strong>ACHETEZ-LE SUR<\/strong><a href=\"https:\/\/www.amazon.com.be\/Armoire-aluminium-pour-%C3%A9chelle-dincendie\/dp\/B0DGQH5PZ2\/ref=sr_1_1?crid=2XLB0HUD2FG2S&amp;dib=eyJ2IjoiMSJ9.Ce7cFwH7uEI8-ATISVLlsQ.Re3gbTmHba2fT65KA4gQWfr_lfb5SVV8bax_IAiw334&amp;dib_tag=se&amp;keywords=Armoire%2Ben%2Baluminium%2Bpour%2B%C3%A9chelle%2Bd%27incendie&amp;qid=1751526696&amp;sprefix=b0dgqh5pz2%2Caps%2C237&amp;sr=8-1&amp;th=1\"><img loading=\"lazy\" decoding=\"async\" class=\"aligncenter wp-image-1040 size-full\" src=\"https:\/\/isopllc.com\/be\/wp-content\/uploads\/sites\/15\/2020\/01\/amazon-button9.png\" alt=\"\" width=\"160\" height=\"59\" \/><\/a><\/h4>\n","protected":false},"featured_media":4862,"comment_status":"open","ping_status":"closed","template":"","meta":[],"product_brand":[],"product_cat":[178,180],"product_tag":[44,41,45,40,39],"class_list":{"0":"post-4861","1":"product","2":"type-product","3":"status-publish","4":"has-post-thumbnail","6":"product_cat-accessoires-pour-echelles-de-secours","7":"product_cat-coffre-de-rangement-pour-echelles-de-secours","8":"product_tag-boite-dacces-universel","9":"product_tag-equipement","10":"product_tag-extincteur","11":"product_tag-protection","12":"product_tag-securite","14":"first","15":"instock","16":"shipping-taxable","17":"purchasable","18":"product-type-simple"},"_links":{"self":[{"href":"https:\/\/isopllc.com\/be\/wp-json\/wp\/v2\/product\/4861","targetHints":{"allow":["GET"]}}],"collection":[{"href":"https:\/\/isopllc.com\/be\/wp-json\/wp\/v2\/product"}],"about":[{"href":"https:\/\/isopllc.com\/be\/wp-json\/wp\/v2\/types\/product"}],"replies":[{"embeddable":true,"href":"https:\/\/isopllc.com\/be\/wp-json\/wp\/v2\/comments?post=4861"}],"wp:featuredmedia":[{"embeddable":true,"href":"https:\/\/isopllc.com\/be\/wp-json\/wp\/v2\/media\/4862"}],"wp:attachment":[{"href":"https:\/\/isopllc.com\/be\/wp-json\/wp\/v2\/media?parent=4861"}],"wp:term":[{"taxonomy":"product_brand","embeddable":true,"href":"https:\/\/isopllc.com\/be\/wp-json\/wp\/v2\/product_brand?post=4861"},{"taxonomy":"product_cat","embeddable":true,"href":"https:\/\/isopllc.com\/be\/wp-json\/wp\/v2\/product_cat?post=4861"},{"taxonomy":"product_tag","embeddable":true,"href":"https:\/\/isopllc.com\/be\/wp-json\/wp\/v2\/product_tag?post=4861"}],"curies":[{"name":"wp","href":"https:\/\/api.w.org\/{rel}","templated":true}]}}