{"id":4888,"date":"2023-06-12T05:03:14","date_gmt":"2023-06-12T05:03:14","guid":{"rendered":"https:\/\/isopllc.com\/be\/?post_type=product&#038;p=4888"},"modified":"2025-11-02T09:39:05","modified_gmt":"2025-11-02T09:39:05","slug":"echelle-de-secours-incendie-3-etages-8-m-avec-materiel-de-montage-ancres-descalade","status":"publish","type":"product","link":"https:\/\/isopllc.com\/be\/product\/echelle-de-secours-incendie-3-etages-8-m-avec-materiel-de-montage-ancres-descalade\/","title":{"rendered":"\u00c9chelle de secours incendie 3 \u00e9tages (8 m) | Ancrages inclus"},"content":{"rendered":"<div class=\"celwidget aplus-module module-4 aplus-standard\" data-csa-c-id=\"6mnb1z-9dwrl2-ic24uv-jd1phn\" data-cel-widget=\"aplus-module-4\">\n<div class=\"a-expander-collapsed-height a-row a-expander-container a-expander-partial-collapse-container\" aria-live=\"polite\" data-a-expander-name=\"aplus-module-expander\" data-a-expander-collapsed-height=\"700\">\n<div class=\"a-expander-content a-expander-partial-collapse-content\" aria-expanded=\"false\">\n<div class=\"aplus-module-wrapper apm-fixed-width\">\n<div class=\"apm-spacing\">\n<div class=\"apm-floatleft apm-fixed-width\">\n<div id=\"title_feature_div\" class=\"celwidget\" data-feature-name=\"title\" data-csa-c-id=\"m5t5xw-wzxd1-od319-pyb58o\" data-cel-widget=\"title_feature_div\">\n<div id=\"titleSection\" class=\"a-section a-spacing-none\">\n<div id=\"title_feature_div\" class=\"celwidget\" data-feature-name=\"title\" data-csa-c-id=\"m5t5xw-wzxd1-od319-pyb58o\" data-cel-widget=\"title_feature_div\">\n<div id=\"titleSection\" class=\"a-section a-spacing-none\">\n<div id=\"title_feature_div\" class=\"celwidget\" data-feature-name=\"title\" data-csa-c-type=\"widget\" data-csa-c-content-id=\"title\" data-csa-c-slot-id=\"title_feature_div\" data-csa-c-asin=\"B08LBSSYLB\" data-csa-c-is-in-initial-active-row=\"false\" data-csa-c-id=\"17ru46-17y14b-n67b8m-2oxpt\" data-cel-widget=\"title_feature_div\">\n<div id=\"titleSection\" class=\"a-section a-spacing-none\">\n<h2 id=\"title\" class=\"a-size-large a-spacing-none\">\u00c9chelle de Secours Incendie 3 \u00e9tages 8m | Ancrages inclus | Escalier de secours avec \u00e9chelle de corde pour maisons 3e \u00e9tage | Portable, pliable et compact | \u00c9chelle d&rsquo;urgence adapt\u00e9e au balcon et aux fen\u00eatres<\/h2>\n<\/div>\n<\/div>\n<\/div>\n<\/div>\n<\/div>\n<\/div>\n<\/div>\n<\/div>\n<\/div>\n<\/div>\n<\/div>\n<\/div>\n<div class=\"celwidget aplus-module module-9 aplus-standard\" data-csa-c-id=\"kgh8ns-6rdhac-l4uce3-redgno\" data-cel-widget=\"aplus-module-9\">\n<div class=\"a-expander-collapsed-height a-row a-expander-container a-expander-partial-collapse-container\" aria-live=\"polite\" data-a-expander-name=\"aplus-module-expander\" data-a-expander-collapsed-height=\"700\">\n<div class=\"a-expander-content a-expander-partial-collapse-content\" aria-expanded=\"false\">\n<div class=\"aplus-module-wrapper apm-fixed-width\">\n<div class=\"apm-spacing apm-fixed-width\">\n<div class=\"celwidget aplus-module module-9 aplus-standard\" data-csa-c-id=\"6rrkxj-o9oo3p-2dk8kw-v8mrts\" data-cel-widget=\"aplus-module-9\">\n<div class=\"a-expander-collapsed-height a-row a-expander-container a-expander-partial-collapse-container\" aria-live=\"polite\" data-a-expander-name=\"aplus-module-expander\" data-a-expander-collapsed-height=\"700\">\n<div class=\"a-expander-content a-expander-partial-collapse-content\" aria-expanded=\"false\">\n<div class=\"aplus-module-wrapper apm-fixed-width\">\n<div class=\"apm-spacing apm-fixed-width\"><\/div>\n<\/div>\n<\/div>\n<\/div>\n<\/div>\n<div class=\"celwidget aplus-module module-2 aplus-standard\" data-csa-c-id=\"czdp8c-vpt42n-ub22e6-8qlfjz\" data-cel-widget=\"aplus-module-2\">\n<div class=\"a-expander-collapsed-height a-row a-expander-container a-expander-partial-collapse-container\" aria-live=\"polite\" data-a-expander-name=\"aplus-module-expander\" data-a-expander-collapsed-height=\"700\">\n<div class=\"a-expander-content a-expander-partial-collapse-content\" aria-expanded=\"false\">\n<div class=\"aplus-module-wrapper apm-floatnone apm-fixed-width\">\n<div class=\"apm-sidemodule apm-spacing\">\n<div class=\"apm-sidemodule-textright\">\n<div class=\"celwidget aplus-module module-9 aplus-standard\">\n<div class=\"a-expander-collapsed-height a-row a-expander-container a-expander-partial-collapse-container\" data-a-expander-name=\"aplus-module-expander\" data-a-expander-collapsed-height=\"700\">\n<div class=\"a-expander-content a-expander-partial-collapse-content\" aria-expanded=\"false\">\n<div class=\"aplus-module-wrapper apm-fixed-width\">\n<div class=\"apm-spacing apm-fixed-width\">\n<div class=\"celwidget aplus-module module-9 aplus-standard\" data-csa-c-id=\"emkbnl-11vq23-1incdi-lfo9yf\" data-cel-widget=\"aplus-module-9\">\n<div class=\"aplus-module-wrapper apm-fixed-width\">\n<div class=\"apm-spacing apm-fixed-width\"><\/div>\n<\/div>\n<\/div>\n<div class=\"celwidget aplus-module module-2 aplus-standard\" data-csa-c-id=\"u15ifx-f00ln-jvos6j-opfbnn\" data-cel-widget=\"aplus-module-2\">\n<div class=\"aplus-module-wrapper apm-floatnone apm-fixed-width\">\n<div class=\"apm-sidemodule apm-spacing\">\n<div class=\"apm-sidemodule-textright\">\n<div class=\"aplus-module-wrapper apm-fixed-width\">\n<div class=\"apm-spacing apm-fixed-width\">\n<div class=\"celwidget aplus-module module-9 aplus-standard\" data-csa-c-id=\"emkbnl-11vq23-1incdi-lfo9yf\" data-cel-widget=\"aplus-module-9\">\n<div class=\"aplus-module-wrapper apm-fixed-width\">\n<div class=\"apm-spacing apm-fixed-width\">\n<div id=\"aplus_feature_div\" class=\"celwidget\" data-feature-name=\"aplus\" data-csa-c-type=\"widget\" data-csa-c-content-id=\"aplus\" data-csa-c-slot-id=\"aplus_feature_div\" data-csa-c-asin=\"\" data-csa-c-is-in-initial-active-row=\"false\" data-csa-c-id=\"ebpnh7-v23cw7-lv803-rp18f9\" data-cel-widget=\"aplus_feature_div\">\n<div id=\"aplus\" class=\"a-section a-spacing-large bucket\">\n<div class=\"aplus-v2 desktop celwidget\" data-csa-c-id=\"322z1i-fsajov-ud7fia-k0knjv\" data-cel-widget=\"aplus\">\n<div class=\"celwidget aplus-module module-9 aplus-standard\" data-csa-c-id=\"e5nyxf-jpncv6-ubo24v-ozeiyw\" data-cel-widget=\"aplus-module-9\">\n<div class=\"aplus-module-wrapper apm-fixed-width\">\n<div class=\"apm-spacing apm-fixed-width\">\n<h3 class=\"a-spacing-small\">Pourquoi choisir nos \u00e9chelles de secours<\/h3>\n<p><img decoding=\"async\" class=\"a-spacing-mini\" src=\"https:\/\/m.media-amazon.com\/images\/S\/aplus-media-library-service-media\/0c3c254d-684e-4313-bc9f-ae4b4b7e7ee7.__CR0,0,300,300_PT0_SX300_V1___.jpg\" alt=\"professional ladder\" data-src=\"https:\/\/m.media-amazon.com\/images\/S\/aplus-media-library-service-media\/0c3c254d-684e-4313-bc9f-ae4b4b7e7ee7.__CR0,0,300,300_PT0_SX300_V1___.jpg\" \/><\/p>\n<h3>Application large<\/h3>\n<p>Peut \u00eatre utilis\u00e9 comme \u00e9chelle d&rsquo;\u00e9vacuation en cas d&rsquo;incendie ou d&rsquo;urgence\u00a0; peut \u00e9galement servir de bunker de grenier, d&rsquo;\u00e9chelles de grenier, d&rsquo;\u00e9chelle murale et m\u00eame d&rsquo;\u00e9chelle permanente, etc.<\/p>\n<p><img decoding=\"async\" class=\"a-spacing-mini\" style=\"font-weight: 600\" src=\"https:\/\/m.media-amazon.com\/images\/S\/aplus-media-library-service-media\/94e0f1b0-d713-4663-a172-3e35c4090aaa.__CR0,0,1000,1000_PT0_SX300_V1___.jpg\" alt=\"Gentle to hands\" data-src=\"https:\/\/m.media-amazon.com\/images\/S\/aplus-media-library-service-media\/94e0f1b0-d713-4663-a172-3e35c4090aaa.__CR0,0,1000,1000_PT0_SX300_V1___.jpg\" \/><\/p>\n<p data-start=\"344\" data-end=\"612\">Fabriqu\u00e9e avec des mat\u00e9riaux r\u00e9sistants et durables, cette \u00e9chelle supporte de lourdes charges tout en restant l\u00e9g\u00e8re et facile \u00e0 manipuler. Les \u00e9chelons antid\u00e9rapants assurent une bonne adh\u00e9rence, m\u00eame en conditions humides, r\u00e9duisant ainsi les risques de glissade.<\/p>\n<h3>Doux pour les mains<\/h3>\n<p>Lors de la cr\u00e9ation de ces \u00e9chelles, nous avons pris en compte les d\u00e9fauts de nos concurrents. Les autres, comme first alert et kidde, se plaignent beaucoup du fait que lors de l&rsquo;utilisation de leurs \u00e9chelles, les \u00e9chelons coupent les mains des utilisateurs car les \u00e9chelons en aluminium sont tranchants. Nous en avons tenu compte et nos \u00e9chelles n&rsquo;ont pas de coins pointus et elles sont sans danger pour les adultes et les enfants.<\/p>\n<p><img decoding=\"async\" class=\"a-spacing-mini\" style=\"font-weight: 600\" src=\"https:\/\/m.media-amazon.com\/images\/S\/aplus-media\/sc\/27f9c708-c858-49c0-96f7-815dd0fa4f9a.__CR0,0,1000,1000_PT0_SX300_V1___.jpg\" alt=\"Wide application\" data-src=\"https:\/\/m.media-amazon.com\/images\/S\/aplus-media\/sc\/27f9c708-c858-49c0-96f7-815dd0fa4f9a.__CR0,0,1000,1000_PT0_SX300_V1___.jpg\" \/><\/p>\n<h3>Bretelles int\u00e9grales<\/h3>\n<p>Encore une fois, en comparant nos \u00e9chelles aux concurrents, il convient de noter que du haut vers le bas, nos \u00e9chelles sont constitu\u00e9es d&rsquo;une seule pi\u00e8ce de sangle pouvant supporter jusqu&rsquo;\u00e0 1200 livres (!) Gr\u00e2ce \u00e0 une technologie brevet\u00e9e sp\u00e9ciale. Alors que les \u00e9chelles en sangle des concurrents sont cousues en morceaux, ce qui, \u00e0 notre avis, n&rsquo;est pas fiable.<\/p>\n<p><img decoding=\"async\" class=\"a-spacing-mini\" src=\"https:\/\/m.media-amazon.com\/images\/S\/aplus-media-library-service-media\/0816345a-5da9-4a58-b7e9-417c78f7767b.__CR0,0,300,300_PT0_SX300_V1___.jpg\" alt=\"For window or balcony\" data-src=\"https:\/\/m.media-amazon.com\/images\/S\/aplus-media-library-service-media\/0816345a-5da9-4a58-b7e9-417c78f7767b.__CR0,0,300,300_PT0_SX300_V1___.jpg\" \/><\/p>\n<\/div>\n<div>Livr\u00e9 avec un sac de rangement.<\/div>\n<div><\/div>\n<div><img decoding=\"async\" class=\"a-spacing-mini\" style=\"font-weight: 600\" src=\"https:\/\/m.media-amazon.com\/images\/S\/aplus-media\/sc\/42cab632-a2d0-40fd-a2dd-280d531bf010.__CR282,0,1000,1000_PT0_SX300_V1___.jpg\" alt=\"For window or balcony\" data-src=\"https:\/\/m.media-amazon.com\/images\/S\/aplus-media\/sc\/42cab632-a2d0-40fd-a2dd-280d531bf010.__CR282,0,1000,1000_PT0_SX300_V1___.jpg\" \/><\/div>\n<\/div>\n<\/div>\n<div><\/div>\n<div class=\"celwidget aplus-module module-9 aplus-standard\" data-csa-c-id=\"e5nyxf-jpncv6-ubo24v-ozeiyw\" data-cel-widget=\"aplus-module-9\">\n<h3>Stabilisateurs<\/h3>\n<p>Les \u00e9chelons de nos \u00c9chelle de secours incendie 3 \u00e9tages ont des stabilisateurs qui permettent aux \u00e9chelles de ne pas adh\u00e9rer fermement au mur mais de rester solide contre celui-ci et donc de faciliter grandement la descente du deuxi\u00e8me ou du troisi\u00e8me \u00e9tage.<\/p>\n<h3>\u00c9chelons antid\u00e9rapants<\/h3>\n<p>Un motif sp\u00e9cial sur la surface des \u00e9chelons rend la descente de l&rsquo;appartement antid\u00e9rapante par tous les temps.<\/p>\n<p><img decoding=\"async\" class=\"a-spacing-mini\" style=\"font-weight: 600\" src=\"https:\/\/m.media-amazon.com\/images\/S\/aplus-media\/sc\/8b1ba6ce-d84f-4314-b98a-95d063fc3e5e.__CR500,0,1000,1000_PT0_SX300_V1___.jpg\" alt=\"For window or balcony\" data-src=\"https:\/\/m.media-amazon.com\/images\/S\/aplus-media\/sc\/8b1ba6ce-d84f-4314-b98a-95d063fc3e5e.__CR500,0,1000,1000_PT0_SX300_V1___.jpg\" \/><\/p>\n<\/div>\n<h3>Imperm\u00e9abiliser<\/h3>\n<p>La peinture sp\u00e9ciale enduite de poudre prot\u00e8ge les \u00e9chelons contre la rouille et la sangle en polyester est tr\u00e8s r\u00e9sistante \u00e0 l&rsquo;eau ou \u00e0 la neige, c&rsquo;est pourquoi nos \u00e9chelles de secours sont r\u00e9sistantes aux intemp\u00e9ries.<\/p>\n<h3>R\u00e9utilisable<\/h3>\n<p>Nos \u00c9chelle de secours incendie 3 \u00e9tages sont r\u00e9utilisables, de plus elles se fixent facilement. Avec un stockage appropri\u00e9, ils peuvent durer des ann\u00e9es !<\/p>\n<div class=\"celwidget aplus-module module-9 aplus-standard\" data-csa-c-id=\"ed8g21-z6tdjn-xdkwve-myvqs7\" data-cel-widget=\"aplus-module-9\">\n<div class=\"aplus-module-wrapper apm-fixed-width\">\n<div class=\"apm-spacing apm-fixed-width\"><img decoding=\"async\" class=\"a-spacing-mini\" style=\"font-weight: 600\" src=\"https:\/\/m.media-amazon.com\/images\/S\/aplus-media-library-service-media\/e7c18d47-cc80-4010-b87d-269b3e2c59af.__CR0,0,300,300_PT0_SX300_V1___.jpg\" alt=\"box\" data-src=\"https:\/\/m.media-amazon.com\/images\/S\/aplus-media-library-service-media\/e7c18d47-cc80-4010-b87d-269b3e2c59af.__CR0,0,300,300_PT0_SX300_V1___.jpg\" \/><\/div>\n<div>\n<h3><span class=\"a-text-bold\">Portable<\/span><\/h3>\n<p>Comprend une bo\u00eete cadeau de couleur bois naturel.<\/p>\n<\/div>\n<\/div>\n<div><img decoding=\"async\" class=\"a-spacing-mini\" style=\"font-weight: 600\" src=\"https:\/\/m.media-amazon.com\/images\/S\/aplus-media-library-service-media\/69e20463-8535-4185-ad23-2d11f4e0e445.__CR188,0,1125,1125_PT0_SX300_V1___.jpg\" alt=\"carabiners\" data-src=\"https:\/\/m.media-amazon.com\/images\/S\/aplus-media-library-service-media\/69e20463-8535-4185-ad23-2d11f4e0e445.__CR188,0,1125,1125_PT0_SX300_V1___.jpg\" \/><\/div>\n<div>\n<p data-start=\"614\" data-end=\"938\">Les ancrages inclus permettent une fixation solide et rapide \u00e0 une fen\u00eatre, un balcon ou un point d\u2019ancrage pr\u00e9vu, garantissant la stabilit\u00e9 de l\u2019\u00e9chelle pendant son utilisation. Sa conception compacte permet un rangement facile dans un placard, sous un lit ou pr\u00e8s d\u2019une issue, afin d\u2019\u00eatre pr\u00eate \u00e0 l\u2019emploi \u00e0 tout moment.<\/p>\n<\/div>\n<\/div>\n<\/div>\n<\/div>\n<div>\n<h3>Mousquetons robustes<\/h3>\n<p>Les \u00e9chelles comprennent des mousquetons chrom\u00e9s avec une r\u00e9sistance \u00e0 la rupture de 11KN.<\/p>\n<p><img decoding=\"async\" class=\"a-spacing-mini\" style=\"font-weight: 600\" src=\"https:\/\/m.media-amazon.com\/images\/S\/aplus-media-library-service-media\/c3b3fb51-597d-4234-91a3-95fb43b58226.__CR0,0,300,300_PT0_SX300_V1___.jpg\" alt=\"ladder\" data-src=\"https:\/\/m.media-amazon.com\/images\/S\/aplus-media-library-service-media\/c3b3fb51-597d-4234-91a3-95fb43b58226.__CR0,0,300,300_PT0_SX300_V1___.jpg\" \/><\/p>\n<\/div>\n<h3>Variation de 3 tailles<\/h3>\n<p>Nous proposons 3 tailles d&rsquo;\u00e9chelles : \u00e9chelle de secours \u00e0 2 \u00e9tages et \u00e9chelle de secours \u00e0 3-4 \u00e9tages.<\/p>\n<div id=\"aplus\" class=\"a-section a-spacing-large bucket\">\n<div class=\"aplus-v2 desktop celwidget\" data-csa-c-id=\"322z1i-fsajov-ud7fia-k0knjv\" data-cel-widget=\"aplus\">\n<div class=\"celwidget aplus-module module-9 aplus-standard\" data-csa-c-id=\"i3wpnb-ql0ty0-e1ad7b-5zlqlt\" data-cel-widget=\"aplus-module-9\">\n<div class=\"aplus-module-wrapper apm-fixed-width\">\n<div class=\"apm-spacing apm-fixed-width\"><img decoding=\"async\" class=\"a-spacing-mini\" style=\"font-weight: 600\" src=\"https:\/\/m.media-amazon.com\/images\/S\/aplus-media-library-service-media\/3e3631ef-bf95-4934-bd5d-2881c8d8d8c7.__CR0,0,300,300_PT0_SX300_V1___.jpg\" alt=\"Climbing anchor bolts set\" data-src=\"https:\/\/m.media-amazon.com\/images\/S\/aplus-media-library-service-media\/3e3631ef-bf95-4934-bd5d-2881c8d8d8c7.__CR0,0,300,300_PT0_SX300_V1___.jpg\" \/><\/div>\n<\/div>\n<div><\/div>\n<div>Ensemble de boulons d&rsquo;ancrage d&rsquo;escalade, comprend 2 plaques de suspension et 2 boulons d&rsquo;expansion. Les \u00e9crous de boulon et les rondelles plates sont inclus<\/div>\n<div><\/div>\n<\/div>\n<\/div>\n<div><img decoding=\"async\" class=\"a-spacing-mini\" src=\"https:\/\/m.media-amazon.com\/images\/S\/aplus-media-library-service-media\/ac107527-31f7-4d80-b674-40b8002414d7.__CR0,0,300,300_PT0_SX300_V1___.jpg\" alt=\"Climbing anchor bolts set\" data-src=\"https:\/\/m.media-amazon.com\/images\/S\/aplus-media-library-service-media\/ac107527-31f7-4d80-b674-40b8002414d7.__CR0,0,300,300_PT0_SX300_V1___.jpg\" \/><\/div>\n<\/div>\n<div><\/div>\n<\/div>\n<\/div>\n<\/div>\n<\/div>\n<\/div>\n<div>Plaques de suspension pour point d&rsquo;ancrage permanent. \u0152illet d&rsquo;attache con\u00e7u pour deux mousquetons.<\/div>\n<div><\/div>\n<\/div>\n<div><img decoding=\"async\" class=\"a-spacing-mini\" style=\"font-weight: 600\" src=\"https:\/\/m.media-amazon.com\/images\/S\/aplus-media-library-service-media\/3536bb7e-bf8c-4956-95aa-18f0bec05cc5.__CR0,0,300,300_PT0_SX300_V1___.jpg\" alt=\"Climbing anchor bolts set\" data-src=\"https:\/\/m.media-amazon.com\/images\/S\/aplus-media-library-service-media\/3536bb7e-bf8c-4956-95aa-18f0bec05cc5.__CR0,0,300,300_PT0_SX300_V1___.jpg\" \/><\/div>\n<div><\/div>\n<div>Fabriqu\u00e9 en acier inoxydable de haute qualit\u00e9 et durable. L\u00e9ger, adapt\u00e9 \u00e0 l&rsquo;alpinisme, \u00e0 l&rsquo;escalade, \u00e0 la sp\u00e9l\u00e9ologie et \u00e0 d&rsquo;autres activit\u00e9s de plein air.<\/div>\n<div>\n<p data-start=\"0\" data-end=\"342\">L\u2019\u00e9chelle de secours incendie 3 \u00e9tages (8 m) avec ancrages inclus est un dispositif essentiel pour assurer une \u00e9vacuation rapide et s\u00e9curis\u00e9e en cas d\u2019urgence. Con\u00e7ue pour couvrir la hauteur de trois \u00e9tages, elle offre une solution fiable pour s\u2019\u00e9chapper en toute s\u00e9curit\u00e9 d\u2019un b\u00e2timent lors d\u2019un incendie ou d\u2019une autre situation critique.<\/p>\n<p data-start=\"344\" data-end=\"612\">\u00c9galement disponible en <strong><a href=\"https:\/\/isopllc.com\/be\/product\/echelle-de-sauvetage-incendie-4-m\/\">4 m<\/a> | <a href=\"https:\/\/isopllc.com\/be\/product\/echelle-de-corde-de-secours-isop-10-m-avec-ancrages-de-montage\/\">10 m<\/a><\/strong><\/p>\n<\/div>\n<div><\/div>\n<\/div>\n<\/div>\n<\/div>\n<\/div>\n<\/div>\n<\/div>\n<\/div>\n<\/div>\n<\/div>\n<\/div>\n<\/div>\n<\/div>\n<\/div>\n<\/div>\n<\/div>\n<\/div>\n<\/div>\n<\/div>\n<\/div>\n<\/div>\n","protected":false},"excerpt":{"rendered":"[embed]https:\/\/youtu.be\/oMfZAYSbNX4[\/embed]\n<p id=\"title\" class=\"a-size-large a-spacing-none\" style=\"text-align: center\">\u00c9chelle de secours 8 m 3 \u00e9tages | Ancrages inclus | Escalier de secours avec \u00e9chelle de corde pour maisons 3e \u00e9tage | Portable, pliable et compact | \u00c9chelle d&rsquo;urgence adapt\u00e9e au balcon et aux fen\u00eatres<\/p>\n<p style=\"text-align: center\">LIVRAISON GRATUITE SOUS 3-7 JOURS<\/p>\n<h4 style=\"text-align: center\"><strong>ACHETEZ-LE SUR<\/strong><a href=\"https:\/\/www.amazon.com.be\/dp\/B0BDKXLBKC?ref=myi_title_dp\"><img loading=\"lazy\" decoding=\"async\" class=\"aligncenter wp-image-1040 size-full\" src=\"https:\/\/isopllc.com\/be\/wp-content\/uploads\/sites\/15\/2020\/01\/amazon-button9.png\" alt=\"\" width=\"160\" height=\"59\" \/><\/a><\/h4>\n","protected":false},"featured_media":4889,"comment_status":"open","ping_status":"closed","template":"","meta":[],"product_brand":[],"product_cat":[186,183,181],"product_tag":[93,62,41,72,92,39],"class_list":{"0":"post-4888","1":"product","2":"type-product","3":"status-publish","4":"has-post-thumbnail","6":"product_cat-echelles-de-secours-a-3-niveaux","7":"product_cat-echelles-de-secours-avec-entretoises","8":"product_cat-echelles-murales","9":"product_tag-ancres-descalade","10":"product_tag-echelle-de-secours","11":"product_tag-equipement","12":"product_tag-incendie","13":"product_tag-materiel-de-montage","14":"product_tag-securite","16":"first","17":"instock","18":"shipping-taxable","19":"purchasable","20":"product-type-simple"},"_links":{"self":[{"href":"https:\/\/isopllc.com\/be\/wp-json\/wp\/v2\/product\/4888","targetHints":{"allow":["GET"]}}],"collection":[{"href":"https:\/\/isopllc.com\/be\/wp-json\/wp\/v2\/product"}],"about":[{"href":"https:\/\/isopllc.com\/be\/wp-json\/wp\/v2\/types\/product"}],"replies":[{"embeddable":true,"href":"https:\/\/isopllc.com\/be\/wp-json\/wp\/v2\/comments?post=4888"}],"wp:featuredmedia":[{"embeddable":true,"href":"https:\/\/isopllc.com\/be\/wp-json\/wp\/v2\/media\/4889"}],"wp:attachment":[{"href":"https:\/\/isopllc.com\/be\/wp-json\/wp\/v2\/media?parent=4888"}],"wp:term":[{"taxonomy":"product_brand","embeddable":true,"href":"https:\/\/isopllc.com\/be\/wp-json\/wp\/v2\/product_brand?post=4888"},{"taxonomy":"product_cat","embeddable":true,"href":"https:\/\/isopllc.com\/be\/wp-json\/wp\/v2\/product_cat?post=4888"},{"taxonomy":"product_tag","embeddable":true,"href":"https:\/\/isopllc.com\/be\/wp-json\/wp\/v2\/product_tag?post=4888"}],"curies":[{"name":"wp","href":"https:\/\/api.w.org\/{rel}","templated":true}]}}