{"id":5018,"date":"2023-12-05T16:50:47","date_gmt":"2023-12-05T16:50:47","guid":{"rendered":"https:\/\/isopllc.com\/be\/?post_type=product&#038;p=5018"},"modified":"2025-07-01T15:00:38","modified_gmt":"2025-07-01T15:00:38","slug":"isop-travel-ceinture-de-poche-cachee-pour-largent","status":"publish","type":"product","link":"https:\/\/isopllc.com\/be\/product\/isop-travel-ceinture-de-poche-cachee-pour-largent\/","title":{"rendered":"ISOP Travel Ceinture de Poche Cach\u00e9e pour L&rsquo;argent"},"content":{"rendered":"<h1 id=\"title\" class=\"a-size-large a-spacing-none\">ISOP Travel Ceinture de Poche Cach\u00e9e pour L&rsquo;argent | Outils de Survie ultimes Inclus | Ceinture Noire de s\u00e9curit\u00e9 \u2013 Argent Liquide<\/h1>\n<p>La ceinture en nylon est dot\u00e9e de 4 poches zipp\u00e9es de 11 cm dans lesquelles nous avons plac\u00e9 une carte-sabre, une scie \u00e0 fil, une boussole, une couverture thermique, une lingette antiseptique, et il y a \u00e9galement suffisamment d&rsquo;espace pour votre argent et m\u00eame vos cartes de cr\u00e9dit. En cas de vol, vos cartes et votre argent resteront en s\u00e9curit\u00e9, et les outils de survie peuvent vous sauver la vie dans des situations d&rsquo;urgence telles que se perdre en randonn\u00e9e, des incendies ou des tremblements de terre.<\/p>\n<p>En g\u00e9n\u00e9ral, pendant une catastrophe, vous n&rsquo;aurez pas le temps de saisir un sac de survie sp\u00e9cialement pr\u00e9par\u00e9 ou une trousse de premiers secours, mais votre ceinture est presque toujours sur vous, n&rsquo;est-ce pas ? Ainsi, vous serez d\u00e9j\u00e0 \u00e9quip\u00e9 pour de telles situations d&rsquo;urgence. La ceinture est particuli\u00e8rement recommand\u00e9e \u00e0 emporter lors de voyages, de randonn\u00e9es, d&rsquo;escalades et de toutes sortes d&rsquo;aventures en plein air. Cette ceinture peut \u00e9galement \u00eatre utilis\u00e9e comme un garrot.<\/p>\n<p><img loading=\"lazy\" decoding=\"async\" class=\"alignnone size-full wp-image-5230\" src=\"https:\/\/isopllc.com\/usa\/wp-content\/uploads\/sites\/4\/2023\/12\/travel-belt1-1.jpg\" alt=\"travel belt\" width=\"300\" height=\"300\" \/><\/p>\n<p><strong>S\u00e9curit\u00e9 :<\/strong> Une ceinture \u00e0 poches est con\u00e7ue pour \u00eatre port\u00e9e pr\u00e8s du corps, offrant une mani\u00e8re discr\u00e8te et s\u00e9curis\u00e9e de transporter des objets de valeur tels que de l&rsquo;argent, des passeports et des cartes de cr\u00e9dit. Cela r\u00e9duit le risque de vol \u00e0 la tire, surtout dans des zones bond\u00e9es ou touristiques.<\/p>\n<p><strong>Confort mains libres :<\/strong> Contrairement aux portefeuilles ou sacs \u00e0 main traditionnels, une ceinture \u00e0 poches permet aux voyageurs d&rsquo;avoir les mains libres. C&rsquo;est particuli\u00e8rement utile lors de la navigation dans les a\u00e9roports, les rues bond\u00e9es, ou lors de diverses activit\u00e9s sans avoir constamment \u00e0 tenir ses effets personnels.<\/p>\n<p><strong>Stockage dissimul\u00e9 :<\/strong> Le design mince d&rsquo;une ceinture \u00e0 poches permet un stockage dissimul\u00e9 sous les v\u00eatements, ajoutant une couche de s\u00e9curit\u00e9 suppl\u00e9mentaire. Elle est moins visible que le port d&rsquo;un portefeuille traditionnel, rendant plus difficile l&rsquo;identification et le ciblage par d&rsquo;\u00e9ventuels voleurs.<\/p>\n<p><img loading=\"lazy\" decoding=\"async\" class=\"alignnone size-full wp-image-5231\" src=\"https:\/\/isopllc.com\/usa\/wp-content\/uploads\/sites\/4\/2023\/12\/travel-belt1-2.jpg\" alt=\"Travel belt\" width=\"300\" height=\"300\" \/><\/p>\n<p><strong>Organisation :<\/strong> De nombreuses ceintures \u00e0 poches sont \u00e9quip\u00e9es de multiples compartiments et de poches zipp\u00e9es, offrant un rangement organis\u00e9 pour diff\u00e9rents articles. Cela aide les voyageurs \u00e0 maintenir leurs essentiels tels que de l&rsquo;argent, des cartes et des documents, soigneusement s\u00e9par\u00e9s et facilement accessibles.<\/p>\n<p><strong>Confort de port :<\/strong> Les ceintures \u00e0 poches sont g\u00e9n\u00e9ralement fabriqu\u00e9es \u00e0 partir de mat\u00e9riaux l\u00e9gers et respirants, les rendant confortables \u00e0 porter pendant de longues p\u00e9riodes. C&rsquo;est particuli\u00e8rement important pour les voyageurs explorant de nouvelles destinations o\u00f9 ils peuvent \u00eatre en mouvement pendant de longues dur\u00e9es.<\/p>\n<p><strong>Polyvalence :<\/strong> Les ceintures \u00e0 poches sont polyvalentes et peuvent \u00eatre port\u00e9es de diff\u00e9rentes mani\u00e8res &#8211; autour de la taille, sous les v\u00eatements, ou m\u00eame en travers de la poitrine. Cette adaptabilit\u00e9 permet aux voyageurs de choisir le style qui correspond \u00e0 leurs pr\u00e9f\u00e9rences en termes de confort et de s\u00e9curit\u00e9.<\/p>\n<p><img loading=\"lazy\" decoding=\"async\" class=\"alignnone size-full wp-image-5232\" src=\"https:\/\/isopllc.com\/usa\/wp-content\/uploads\/sites\/4\/2023\/12\/travel-belt1-3.jpg\" alt=\"Travel Belt\" width=\"300\" height=\"300\" \/><\/p>\n<div class=\"celwidget aplus-module premium-module-4-two-column-images aplus-premium\" data-csa-c-id=\"15yl7x-eio1n0-m9lh6n-socwzs\" data-cel-widget=\"aplus-premium-module-4-two-column-images\">\n<div class=\"a-section a-spacing-none premium-aplus premium-aplus-module-4 aplus-container-1\">\n<div class=\"a-section a-spacing-none premium-aplus-two-column\">\n<div class=\"a-section a-spacing-none premium-aplus-column\">\n<div class=\"a-section a-spacing-none column-description\">\n<div class=\"celwidget aplus-module module-9 aplus-standard\">\n<div class=\"aplus-module-wrapper\">\n<div class=\"\">\n<p><strong>Conception adapt\u00e9e aux voyages :<\/strong> De nombreuses ceintures \u00e0 poches sont con\u00e7ues en pensant au voyage, int\u00e9grant une technologie de blocage RFID pour se prot\u00e9ger contre le vol \u00e9lectronique, des mat\u00e9riaux durables, et des sangles ajustables pour s&rsquo;adapter \u00e0 diff\u00e9rentes tailles de corps.<\/p>\n<p><strong>Acc\u00e8s rapide :<\/strong> Avec des articles stock\u00e9s dans une ceinture \u00e0 poches, les voyageurs peuvent acc\u00e9der rapidement et facilement \u00e0 leurs essentiels sans fouiller dans un sac. C&rsquo;est particuli\u00e8rement avantageux lors du passage de la s\u00e9curit\u00e9 \u00e0 l&rsquo;a\u00e9roport ou lors de transactions rapides.<\/p>\n<p><strong>S\u00e9r\u00e9nit\u00e9 :<\/strong> Le port d&rsquo;une ceinture \u00e0 poches peut offrir aux voyageurs une tranquillit\u00e9 d&rsquo;esprit, sachant que leurs documents importants et leurs objets de valeur sont stock\u00e9s de mani\u00e8re s\u00e9curis\u00e9e et pratique. Cela am\u00e9liore l&rsquo;exp\u00e9rience globale du voyage en r\u00e9duisant le stress li\u00e9 \u00e0 la surveillance des affaires.<\/p>\n<p><strong>Style discret :<\/strong> Les ceintures \u00e0 poches sont con\u00e7ues pour \u00eatre discr\u00e8tes et se fondre harmonieusement avec les v\u00eatements. Cette conception \u00e0 profil bas permet aux voyageurs de conserver une apparence \u00e9l\u00e9gante et peu remarquable tout en ayant leurs essentiels \u00e0 port\u00e9e de main.<\/p>\n<p>En r\u00e9sum\u00e9, une ceinture \u00e0 poches est un accessoire pratique et s\u00e9curis\u00e9 qui am\u00e9liore l&rsquo;exp\u00e9rience de voyage en fournissant un moyen pratique et organis\u00e9 de transporter des objets importants tout en minimisant le risque de vol.<\/p>\n<\/div>\n<\/div>\n<\/div>\n<\/div>\n<\/div>\n<\/div>\n<\/div>\n<\/div>\n","protected":false},"excerpt":{"rendered":"[embed]https:\/\/youtu.be\/2pr4yzX16Q4[\/embed]\n<p id=\"title\" class=\"a-size-large a-spacing-none\" style=\"text-align: center;\">ISOP Travel Ceinture de Poche Cach\u00e9e pour L&rsquo;argent | Outils de Survie ultimes Inclus | Ceinture Noire de s\u00e9curit\u00e9 \u2013 Argent Liquide<\/p>\n<p style=\"text-align: center;\">LIVRAISON GRATUITE SOUS 3-7 JOURS<\/p>\n<h4 style=\"text-align: center;\"><strong>ACHETEZ-LE SUR<\/strong><a href=\"https:\/\/www.amazon.com.be\/dp\/B0CFH3W3Y8?ref=myi_title_dp\"><img loading=\"lazy\" decoding=\"async\" class=\"aligncenter wp-image-1040 size-full\" src=\"https:\/\/isopllc.com\/be\/wp-content\/uploads\/sites\/15\/2020\/01\/amazon-button9.png\" alt=\"\" width=\"160\" height=\"59\" \/><\/a><\/h4>\n","protected":false},"featured_media":5019,"comment_status":"open","ping_status":"closed","template":"","meta":[],"product_brand":[],"product_cat":[174],"product_tag":[155,153,41,49,39,154],"class_list":{"0":"post-5018","1":"product","2":"type-product","3":"status-publish","4":"has-post-thumbnail","6":"product_cat-kits-de-sauvetage-et-de-survie","7":"product_tag-argent","8":"product_tag-ceinture-de-poche-cachee","9":"product_tag-equipement","10":"product_tag-isop","11":"product_tag-securite","12":"product_tag-voyage","14":"first","15":"instock","16":"shipping-taxable","17":"purchasable","18":"product-type-simple"},"_links":{"self":[{"href":"https:\/\/isopllc.com\/be\/wp-json\/wp\/v2\/product\/5018","targetHints":{"allow":["GET"]}}],"collection":[{"href":"https:\/\/isopllc.com\/be\/wp-json\/wp\/v2\/product"}],"about":[{"href":"https:\/\/isopllc.com\/be\/wp-json\/wp\/v2\/types\/product"}],"replies":[{"embeddable":true,"href":"https:\/\/isopllc.com\/be\/wp-json\/wp\/v2\/comments?post=5018"}],"wp:featuredmedia":[{"embeddable":true,"href":"https:\/\/isopllc.com\/be\/wp-json\/wp\/v2\/media\/5019"}],"wp:attachment":[{"href":"https:\/\/isopllc.com\/be\/wp-json\/wp\/v2\/media?parent=5018"}],"wp:term":[{"taxonomy":"product_brand","embeddable":true,"href":"https:\/\/isopllc.com\/be\/wp-json\/wp\/v2\/product_brand?post=5018"},{"taxonomy":"product_cat","embeddable":true,"href":"https:\/\/isopllc.com\/be\/wp-json\/wp\/v2\/product_cat?post=5018"},{"taxonomy":"product_tag","embeddable":true,"href":"https:\/\/isopllc.com\/be\/wp-json\/wp\/v2\/product_tag?post=5018"}],"curies":[{"name":"wp","href":"https:\/\/api.w.org\/{rel}","templated":true}]}}