{"id":5098,"date":"2024-05-23T15:18:10","date_gmt":"2024-05-23T15:18:10","guid":{"rendered":"https:\/\/isopllc.com\/be\/?post_type=product&#038;p=5098"},"modified":"2025-07-22T08:19:05","modified_gmt":"2025-07-22T08:19:05","slug":"echelle-de-secours-murale-pour-3-etages-7-5-metres","status":"publish","type":"product","link":"https:\/\/isopllc.com\/be\/product\/echelle-de-secours-murale-pour-3-etages-7-5-metres\/","title":{"rendered":"\u00c9chelle de Secours Murale pour 3 \u00e9tages 7.5 m | Rope Escape System Pour Protection et Acc\u00e8s"},"content":{"rendered":"<h1 id=\"title\" class=\"a-size-large a-spacing-none\">\u00c9chelle de Secours Murale pour 3 \u00e9tages 7.5 m\u00e8tres | \u00c9chelle D&rsquo;\u00e9vacuation d&rsquo;urgence pour Les Maisons incluant Une Bo\u00eete de Rangement en Aluminium et Un Ensemble d&rsquo;ancrage pour l&rsquo;escalade<\/h1>\n<p>&nbsp;<\/p>\n<h3 class=\"a-spacing-small\">Pourquoi choisir nos \u00e9chelles de secours<\/h3>\n<p><img loading=\"lazy\" decoding=\"async\" class=\"alignnone wp-image-5119\" src=\"https:\/\/isopllc.com\/fr\/wp-content\/uploads\/sites\/6\/2024\/05\/alubox1.jpg\" alt=\"alubox\" width=\"297\" height=\"312\" \/><\/p>\n<p>&nbsp;<\/p>\n<p>L&rsquo;armoire d&rsquo;\u00e9chelle d&rsquo;\u00e9vacuation en fer permet d&rsquo;acc\u00e9der facilement \u00e0 votre \u00e9chelle d&rsquo;\u00e9vacuation en cas d&rsquo;urgence.<\/p>\n<p>En raison de sa taille compacte (33 x 43 cm, 1 mm d&rsquo;\u00e9paisseur) et de sa construction durable, cette armoire est id\u00e9ale pour les appartements, les condos et les petites entreprises, et elle offre un endroit s\u00fbr et s\u00e9curis\u00e9 pour le stockage \u00e0 long terme.<\/p>\n<p>&nbsp;<\/p>\n<p><img decoding=\"async\" class=\"a-spacing-mini\" src=\"https:\/\/m.media-amazon.com\/images\/S\/aplus-media\/sc\/d4cc9639-a61a-4b3c-b1c6-a62967c917dd.__CR145,0,1000,1000_PT0_SX300_V1___.jpg\" alt=\"Anti Slip Rungs\" data-src=\"https:\/\/m.media-amazon.com\/images\/S\/aplus-media\/sc\/d4cc9639-a61a-4b3c-b1c6-a62967c917dd.__CR145,0,1000,1000_PT0_SX300_V1___.jpg\" \/><\/p>\n<h3><span class=\"a-text-bold\">Doux pour les mains<\/span><\/h3>\n<p><span class=\"JLqJ4b ChMk0b\" data-language-for-alternatives=\"fr\" data-language-to-translate-into=\"en\" data-phrase-index=\"8\" data-number-of-phrases=\"11\"><span class=\"Q4iAWc\">Lors de la cr\u00e9ation de ces \u00e9chelles, nous avons pris en compte les d\u00e9fauts de nos concurrents.<\/span><\/span> <span class=\"JLqJ4b ChMk0b\" data-language-for-alternatives=\"fr\" data-language-to-translate-into=\"en\" data-phrase-index=\"9\" data-number-of-phrases=\"11\"><span class=\"Q4iAWc\">Les best-sellers tels que first alert et kidde se plaignent beaucoup du fait que lors de l&rsquo;utilisation de leurs \u00e9chelles, les \u00e9chelons coupent les mains des utilisateurs car les \u00e9chelons en aluminium sont tranchants.<\/span><\/span> <span class=\"JLqJ4b ChMk0b\" data-language-for-alternatives=\"fr\" data-language-to-translate-into=\"en\" data-phrase-index=\"10\" data-number-of-phrases=\"11\"><span class=\"Q4iAWc\">Nous en avons tenu compte et nos \u00e9chelles n&rsquo;ont pas de coins pointus et elles sont sans danger pour les adultes et les enfants.<\/span><\/span><\/p>\n<p><img decoding=\"async\" class=\"a-spacing-mini\" src=\"https:\/\/m.media-amazon.com\/images\/S\/aplus-media\/sc\/27f9c708-c858-49c0-96f7-815dd0fa4f9a.__CR0,0,1000,1000_PT0_SX300_V1___.jpg\" alt=\"Wide application\" data-src=\"https:\/\/m.media-amazon.com\/images\/S\/aplus-media\/sc\/27f9c708-c858-49c0-96f7-815dd0fa4f9a.__CR0,0,1000,1000_PT0_SX300_V1___.jpg\" \/><\/p>\n<h3><span class=\"a-text-bold\">Bretelles int\u00e9grales<\/span><\/h3>\n<p>Encore une fois, en comparant nos \u00e9chelles aux concurrents, il convient de noter que, contrairement \u00e0 d&rsquo;autres, de haut en bas, nos \u00e9chelles sont constitu\u00e9es d&rsquo;un seul morceau de sangle qui peut supporter plus d&rsquo;une 44 livres (!) Gr\u00e2ce \u00e0 une technologie sp\u00e9ciale brevet\u00e9e. Alors que les \u00e9chelles en sangle des concurrents sont cousues en morceaux, ce qui, \u00e0 notre avis, n&rsquo;est pas fiable.<\/p>\n<p><img decoding=\"async\" src=\"https:\/\/m.media-amazon.com\/images\/S\/aplus-media-library-service-media\/3e3631ef-bf95-4934-bd5d-2881c8d8d8c7.__CR0,0,300,300_PT0_SX300_V1___.jpg\" alt=\"For window or balcony\" \/><\/p>\n<p>Livr\u00e9 avec un jeu de boulons d&rsquo;ancrage d&rsquo;escalade, 2 plaques de suspension et 2 boulons d&rsquo;expansion. Les \u00e9crous de boulon et les rondelles plates sont inclus.<\/p>\n<p><img decoding=\"async\" class=\"a-spacing-mini\" src=\"https:\/\/m.media-amazon.com\/images\/S\/aplus-media\/sc\/42cab632-a2d0-40fd-a2dd-280d531bf010.__CR282,0,1000,1000_PT0_SX300_V1___.jpg\" alt=\"For window or balcony\" data-src=\"https:\/\/m.media-amazon.com\/images\/S\/aplus-media\/sc\/42cab632-a2d0-40fd-a2dd-280d531bf010.__CR282,0,1000,1000_PT0_SX300_V1___.jpg\" \/><\/p>\n<h3><span class=\"a-text-bold\">Stabilisateurs<\/span><\/h3>\n<p>Les \u00e9chelons de nos \u00e9chelles ont des stabilisateurs qui permettent aux \u00e9chelles de ne pas adh\u00e9rer fermement au mur mais de rester solide contre celui-ci et donc de faciliter grandement la descente du deuxi\u00e8me ou du troisi\u00e8me \u00e9tage.<\/p>\n<h3><span class=\"a-text-bold\">\u00c9chelons antid\u00e9rapants<\/span><\/h3>\n<p>Un motif sp\u00e9cial sur la surface des \u00e9chelons rend la descente de l&rsquo;appartement antid\u00e9rapante par tous les temps.<\/p>\n<p><img decoding=\"async\" class=\"a-spacing-mini\" src=\"https:\/\/m.media-amazon.com\/images\/S\/aplus-media\/sc\/8b1ba6ce-d84f-4314-b98a-95d063fc3e5e.__CR500,0,1000,1000_PT0_SX300_V1___.jpg\" alt=\"For window or balcony\" data-src=\"https:\/\/m.media-amazon.com\/images\/S\/aplus-media\/sc\/8b1ba6ce-d84f-4314-b98a-95d063fc3e5e.__CR500,0,1000,1000_PT0_SX300_V1___.jpg\" \/><\/p>\n<h3><span class=\"a-text-bold\">Imperm\u00e9abiliser<\/span><\/h3>\n<p>La peinture sp\u00e9ciale enduite de poudre prot\u00e8ge les \u00e9chelons contre la rouille et la sangle en polyester est tr\u00e8s r\u00e9sistante \u00e0 l&rsquo;eau ou \u00e0 la neige, c&rsquo;est pourquoi nos \u00e9chelles de secours sont r\u00e9sistantes aux intemp\u00e9ries.<\/p>\n<h3><span class=\"a-text-bold\">R\u00e9utilisable<\/span><\/h3>\n<p>Nos \u00e9chelles sont r\u00e9utilisables, contrairement \u00e0 celles des concurrents. Avec un stockage appropri\u00e9, ils peuvent durer des ann\u00e9es !<\/p>\n<p><img decoding=\"async\" src=\"https:\/\/m.media-amazon.com\/images\/S\/aplus-media-library-service-media\/9565f831-9888-4144-a36f-5e092ddb895b.__CR0,0,300,300_PT0_SX300_V1___.jpg\" alt=\"carabiners\" \/><\/p>\n<h3><span class=\"a-text-bold\">Mousquetons robustes<\/span><\/h3>\n<p>Les \u00e9chelles comprennent des mousquetons chrom\u00e9s avec une r\u00e9sistance \u00e0 la rupture de 11KN.<\/p>\n<p><img decoding=\"async\" class=\"\" src=\"https:\/\/m.media-amazon.com\/images\/S\/aplus-media\/sc\/55dfe070-7172-4b34-b379-6ab49b743dd1.__CR226,0,1000,1000_PT0_SX300_V1___.jpg\" alt=\"Variation of 2 sizes\" data-src=\"https:\/\/m.media-amazon.com\/images\/S\/aplus-media\/sc\/55dfe070-7172-4b34-b379-6ab49b743dd1.__CR226,0,1000,1000_PT0_SX300_V1___.jpg\" \/><\/p>\n<h3><span class=\"a-text-bold\">Entreprise d&rsquo;\u00e9chelle professionnelle<\/span><\/h3>\n<p>Nous vous recommandons d&rsquo;acheter des \u00e9chelles aupr\u00e8s d&rsquo;une entreprise sp\u00e9cialis\u00e9e dans les \u00e9chelles, car il s&rsquo;agit d&rsquo;un produit de s\u00e9curit\u00e9.<\/p>\n<p>Et ISOP est l&rsquo;une des rares entreprises \u00e0 proposer une large s\u00e9lection d&rsquo;\u00e9chelles diff\u00e9rentes \u00e0 partir de sa propre usine de fabrication.<\/p>\n<p><img decoding=\"async\" src=\"https:\/\/m.media-amazon.com\/images\/S\/aplus-media-library-service-media\/0c3c254d-684e-4313-bc9f-ae4b4b7e7ee7.__CR0,0,300,300_PT0_SX300_V1___.jpg\" alt=\"professional ladder\" \/><\/p>\n<h3><span class=\"a-text-bold\">Entreprise d&rsquo;\u00e9chelle professionnelle<\/span><\/h3>\n<p>Nous vous recommandons d&rsquo;acheter des \u00e9chelles aupr\u00e8s d&rsquo;une entreprise sp\u00e9cialis\u00e9e dans les \u00e9chelles, car il s&rsquo;agit d&rsquo;un produit de s\u00e9curit\u00e9.<\/p>\n<p>Et ISOP est l&rsquo;une des rares entreprises \u00e0 proposer une large s\u00e9lection d&rsquo;\u00e9chelles diff\u00e9rentes \u00e0 partir de sa propre usine de fabrication.<\/p>\n<p><img loading=\"lazy\" decoding=\"async\" class=\"alignnone wp-image-5099\" src=\"https:\/\/isopllc.com\/fr\/wp-content\/uploads\/sites\/6\/2024\/04\/Echelle-durgence.png\" alt=\"E\u0301chelle d'urgence\" width=\"295\" height=\"295\" \/><\/p>\n<p>Nos \u00e9chelles figurent dans tous les classements r\u00e9put\u00e9s et sont class\u00e9es dans le top 5 selon ces \u00e9diteurs.<\/p>\n","protected":false},"excerpt":{"rendered":"[embed]https:\/\/youtu.be\/oMfZAYSbNX4[\/embed]\n<p id=\"title\" class=\"a-size-large a-spacing-none\" style=\"text-align: center;\">\u00c9chelle de Secours Murale pour 3 \u00e9tages 7.5 m\u00e8tres | \u00c9chelle D&rsquo;\u00e9vacuation d&rsquo;urgence pour Les Maisons incluant Une Bo\u00eete de Rangement en Aluminium et Un Ensemble d&rsquo;ancrage pour l&rsquo;escalade<\/p>\n<p style=\"text-align: center;\">LIVRAISON GRATUITE SOUS 3-7 JOURS<\/p>\n<h4 style=\"text-align: center;\"><strong>ACHETEZ-LE SUR<\/strong><\/h4>\n<p><a href=\"https:\/\/www.amazon.com.be\/dp\/B08MC9LH29\/ref=sr_1_1?dib=eyJ2IjoiMSJ9.qN9MNFWCP8opd3OJfLm8gA.yZSegj7RCx_fac04OR1kGOk3hV_wxS8P6LHqqAcAZLU&amp;dib_tag=se&amp;keywords=%C3%89chelle+de+Secours+Murale+pour+3+%C3%A9tages+7.5+m%C3%A8tres&amp;qid=1716477757&amp;s=home&amp;sr=1-1&amp;th=1https:\/\/www.amazon.fr\/dp\/B0CZWFYMY4\/ref=sr_1_1?__mk_fr_FR=%C3%85M%C3%85%C5%BD%C3%95%C3%91&amp;crid=2PK11TZW8GBV3&amp;dib=eyJ2IjoiMSJ9.0ojAM7vjzZieBEL9bAojLg.0WMMew1N3Q7skCiBMqHkll8etnsBZKUHtEdH0iGfG9o&amp;dib_tag=se&amp;keywords=%C3%89chelle%20de%20Secours%20Murale%20pour%203%20%C3%A9tages%207.5%20m%C3%A8tres&amp;qid=1716476875&amp;refresh=1&amp;s=kitchen&amp;sprefix=b09g1pv5rs%2Ckitchen%2C342&amp;sr=1-1&amp;th=1\"><img loading=\"lazy\" decoding=\"async\" class=\"aligncenter wp-image-1040 size-full\" src=\"https:\/\/isopllc.com\/be\/wp-content\/uploads\/sites\/15\/2020\/01\/amazon-button9.png\" alt=\"\" width=\"160\" height=\"59\" \/><\/a><\/p>\n","protected":false},"featured_media":5099,"comment_status":"open","ping_status":"closed","template":"","meta":[],"product_brand":[],"product_cat":[186,183,181],"product_tag":[73,62,94,72,40,39],"class_list":{"0":"post-5098","1":"product","2":"type-product","3":"status-publish","4":"has-post-thumbnail","6":"product_cat-echelles-de-secours-a-3-niveaux","7":"product_cat-echelles-de-secours-avec-entretoises","8":"product_cat-echelles-murales","9":"product_tag-3-etages","10":"product_tag-echelle-de-secours","11":"product_tag-echelle-de-secours-murale","12":"product_tag-incendie","13":"product_tag-protection","14":"product_tag-securite","16":"first","17":"instock","18":"shipping-taxable","19":"purchasable","20":"product-type-simple"},"_links":{"self":[{"href":"https:\/\/isopllc.com\/be\/wp-json\/wp\/v2\/product\/5098","targetHints":{"allow":["GET"]}}],"collection":[{"href":"https:\/\/isopllc.com\/be\/wp-json\/wp\/v2\/product"}],"about":[{"href":"https:\/\/isopllc.com\/be\/wp-json\/wp\/v2\/types\/product"}],"replies":[{"embeddable":true,"href":"https:\/\/isopllc.com\/be\/wp-json\/wp\/v2\/comments?post=5098"}],"wp:featuredmedia":[{"embeddable":true,"href":"https:\/\/isopllc.com\/be\/wp-json\/wp\/v2\/media\/5099"}],"wp:attachment":[{"href":"https:\/\/isopllc.com\/be\/wp-json\/wp\/v2\/media?parent=5098"}],"wp:term":[{"taxonomy":"product_brand","embeddable":true,"href":"https:\/\/isopllc.com\/be\/wp-json\/wp\/v2\/product_brand?post=5098"},{"taxonomy":"product_cat","embeddable":true,"href":"https:\/\/isopllc.com\/be\/wp-json\/wp\/v2\/product_cat?post=5098"},{"taxonomy":"product_tag","embeddable":true,"href":"https:\/\/isopllc.com\/be\/wp-json\/wp\/v2\/product_tag?post=5098"}],"curies":[{"name":"wp","href":"https:\/\/api.w.org\/{rel}","templated":true}]}}