{"id":5133,"date":"2024-08-12T07:54:06","date_gmt":"2024-08-12T07:54:06","guid":{"rendered":"https:\/\/isopllc.com\/be\/?post_type=product&#038;p=5133"},"modified":"2025-11-16T17:36:38","modified_gmt":"2025-11-16T17:36:38","slug":"boite-en-plastique-isop-pour-extincteur-grand-format-de-5-kg","status":"publish","type":"product","link":"https:\/\/isopllc.com\/be\/product\/boite-en-plastique-isop-pour-extincteur-grand-format-de-5-kg\/","title":{"rendered":"Bo\u00eeter pour Extincteur Grand 5 kg |  Coffret de Protection Murale R\u00e9sistante"},"content":{"rendered":"<h1 id=\"title\" class=\"a-size-large a-spacing-none\">Bo\u00eeter pour Extincteur Grand ISOP pour Format de 5 kg &#8211; Armoire D&rsquo;extincteur Int\u00e9rieure\/Ext\u00e9rieure &#8211; Armoire Murale D&rsquo;extincteur &#8211; Montage d&rsquo;extincteur<\/h1>\n<div class=\"celwidget aplus-module premium-module-4-two-column-images aplus-premium\" data-csa-c-id=\"15yl7x-eio1n0-m9lh6n-socwzs\" data-cel-widget=\"aplus-premium-module-4-two-column-images\">\n<div class=\"a-section a-spacing-none premium-aplus premium-aplus-module-4 aplus-container-1\">\n<div class=\"a-section a-spacing-none premium-aplus-two-column\">\n<div class=\"a-section a-spacing-none premium-aplus-column\">\n<div class=\"a-section a-spacing-none column-description\">\n<div class=\"celwidget aplus-module module-9 aplus-standard\">\n<div class=\"aplus-module-wrapper\">\n<div class=\"\">\n<p class=\"a-text-center\"><img loading=\"lazy\" decoding=\"async\" class=\"alignnone size-full wp-image-5139\" src=\"https:\/\/isopllc.com\/be\/wp-content\/uploads\/sites\/15\/2024\/08\/PVC-Large1.jpg\" alt=\"Bo\u00eete en Plastique pour Extincteur\" width=\"300\" height=\"300\" srcset=\"https:\/\/isopllc.com\/be\/wp-content\/uploads\/sites\/15\/2024\/08\/PVC-Large1.jpg 300w, https:\/\/isopllc.com\/be\/wp-content\/uploads\/sites\/15\/2024\/08\/PVC-Large1-150x150.jpg 150w, https:\/\/isopllc.com\/be\/wp-content\/uploads\/sites\/15\/2024\/08\/PVC-Large1-100x100.jpg 100w\" sizes=\"auto, (max-width: 300px) 100vw, 300px\" \/><\/p>\n<h4 class=\"a-spacing-mini\">Construction Robuste<\/h4>\n<p class=\"a-spacing-base\">Fabriqu\u00e9 en plastique de haute qualit\u00e9 et r\u00e9sistant aux impacts, la bo\u00eete \u00e0 extincteurs ISOP en PVC est con\u00e7ue pour r\u00e9sister \u00e0 des environnements difficiles. Son design durable assure que votre extincteur est prot\u00e9g\u00e9 contre les dommages physiques, les conditions m\u00e9t\u00e9orologiques s\u00e9v\u00e8res et l&rsquo;exposition aux UV, maintenant sa disponibilit\u00e9 et sa fiabilit\u00e9 au fil du temps.<\/p>\n<p>&nbsp;<\/p>\n<p class=\"a-text-center\"><img loading=\"lazy\" decoding=\"async\" class=\"alignnone size-full wp-image-5138\" src=\"https:\/\/isopllc.com\/be\/wp-content\/uploads\/sites\/15\/2024\/08\/PVC-Large2.jpg\" alt=\"Bo\u00eete en Plastique pour Extincteur\" width=\"300\" height=\"300\" srcset=\"https:\/\/isopllc.com\/be\/wp-content\/uploads\/sites\/15\/2024\/08\/PVC-Large2.jpg 300w, https:\/\/isopllc.com\/be\/wp-content\/uploads\/sites\/15\/2024\/08\/PVC-Large2-150x150.jpg 150w, https:\/\/isopllc.com\/be\/wp-content\/uploads\/sites\/15\/2024\/08\/PVC-Large2-100x100.jpg 100w\" sizes=\"auto, (max-width: 300px) 100vw, 300px\" \/><\/p>\n<h4 class=\"a-spacing-mini\">Grande Capacit\u00e9<\/h4>\n<p class=\"a-spacing-base\">Con\u00e7u pour s&rsquo;adapter \u00e0 des extincteurs plus grands de 5 kg ou 10 lb, ce cabinet d&rsquo;extincteur en PVC offre un espace suffisant pour une vari\u00e9t\u00e9 de mod\u00e8les et types d&rsquo;extincteurs. La capacit\u00e9 g\u00e9n\u00e9reuse garantit une large applicabilit\u00e9 et une ad\u00e9quation aux diff\u00e9rents besoins de s\u00e9curit\u00e9.<\/p>\n<p>&nbsp;<\/p>\n<p class=\"a-text-center\"><img loading=\"lazy\" decoding=\"async\" class=\"alignnone size-full wp-image-5137\" src=\"https:\/\/isopllc.com\/be\/wp-content\/uploads\/sites\/15\/2024\/08\/PVC-Large3.jpg\" alt=\"Bo\u00eete en Plastique pour Extincteur\" width=\"300\" height=\"300\" srcset=\"https:\/\/isopllc.com\/be\/wp-content\/uploads\/sites\/15\/2024\/08\/PVC-Large3.jpg 300w, https:\/\/isopllc.com\/be\/wp-content\/uploads\/sites\/15\/2024\/08\/PVC-Large3-150x150.jpg 150w, https:\/\/isopllc.com\/be\/wp-content\/uploads\/sites\/15\/2024\/08\/PVC-Large3-100x100.jpg 100w\" sizes=\"auto, (max-width: 300px) 100vw, 300px\" \/><\/p>\n<h4 class=\"a-spacing-mini\">Installation Facile<\/h4>\n<p class=\"a-spacing-base\">Le cabinet d&rsquo;extincteur en PVC est dot\u00e9 de trous de montage pr\u00e9-perc\u00e9s pour un montage mural facile et s\u00e9curis\u00e9. Le processus d&rsquo;installation simple garantit que votre extincteur est toujours dans un endroit optimal, pr\u00eat \u00e0 un acc\u00e8s imm\u00e9diat lors des urgences.<\/p>\n<p>&nbsp;<\/p>\n<\/div>\n<\/div>\n<\/div>\n<div class=\"celwidget aplus-module module-9 aplus-standard\">\n<div class=\"aplus-module-wrapper\">\n<div class=\"\">\n<p class=\"a-text-center\"><img loading=\"lazy\" decoding=\"async\" class=\"alignnone size-full wp-image-5136\" src=\"https:\/\/isopllc.com\/be\/wp-content\/uploads\/sites\/15\/2024\/08\/PVC-Large4.jpg\" alt=\"Bo\u00eete en Plastique pour Extincteur\" width=\"300\" height=\"300\" srcset=\"https:\/\/isopllc.com\/be\/wp-content\/uploads\/sites\/15\/2024\/08\/PVC-Large4.jpg 300w, https:\/\/isopllc.com\/be\/wp-content\/uploads\/sites\/15\/2024\/08\/PVC-Large4-150x150.jpg 150w, https:\/\/isopllc.com\/be\/wp-content\/uploads\/sites\/15\/2024\/08\/PVC-Large4-100x100.jpg 100w\" sizes=\"auto, (max-width: 300px) 100vw, 300px\" \/><\/p>\n<h4 class=\"a-spacing-mini\">Securis\u00e9 et Accessible<\/h4>\n<p class=\"a-spacing-base\">Le cabinet d&rsquo;extincteur en PVC ISOP est \u00e9quip\u00e9 d&rsquo;un robuste m\u00e9canisme de verrouillage qui maintient l&rsquo;extincteur fermement en place, \u00e9vitant tout d\u00e9placement accidentel tout en permettant un acc\u00e8s rapide et facile en cas de besoin. Cette fonctionnalit\u00e9 assure que l&rsquo;extincteur est \u00e0 la fois s\u00e9curis\u00e9 et accessible, renfor\u00e7ant ainsi la s\u00e9curit\u00e9 globale.<\/p>\n<p>&nbsp;<\/p>\n<p class=\"a-text-center\"><img loading=\"lazy\" decoding=\"async\" class=\"alignnone size-full wp-image-5135\" src=\"https:\/\/isopllc.com\/be\/wp-content\/uploads\/sites\/15\/2024\/08\/PVC-Large5.jpg\" alt=\"Bo\u00eete en Plastique pour Extincteur\" width=\"300\" height=\"300\" srcset=\"https:\/\/isopllc.com\/be\/wp-content\/uploads\/sites\/15\/2024\/08\/PVC-Large5.jpg 300w, https:\/\/isopllc.com\/be\/wp-content\/uploads\/sites\/15\/2024\/08\/PVC-Large5-150x150.jpg 150w, https:\/\/isopllc.com\/be\/wp-content\/uploads\/sites\/15\/2024\/08\/PVC-Large5-100x100.jpg 100w\" sizes=\"auto, (max-width: 300px) 100vw, 300px\" \/><\/p>\n<h4 class=\"a-spacing-mini\">Fen\u00eatre de Visualisation Claire<\/h4>\n<p class=\"a-spacing-base\">Une fen\u00eatre de visualisation transparente et incassable permet des inspections visuelles rapides de l&rsquo;\u00e9tat de l&rsquo;extincteur sans avoir besoin d&rsquo;ouvrir le cabinet d&rsquo;extincteur en PVC. Cette fonctionnalit\u00e9 pratique permet des contr\u00f4les de routine et garantit que l&rsquo;extincteur est toujours pr\u00eat \u00e0 l&#8217;emploi.<\/p>\n<p>&nbsp;<\/p>\n<p class=\"a-text-center\"><img loading=\"lazy\" decoding=\"async\" class=\"alignnone size-full wp-image-5134\" src=\"https:\/\/isopllc.com\/be\/wp-content\/uploads\/sites\/15\/2024\/08\/PVC-Large6.jpg\" alt=\"Bo\u00eete en Plastique pour Extincteur\" width=\"300\" height=\"300\" srcset=\"https:\/\/isopllc.com\/be\/wp-content\/uploads\/sites\/15\/2024\/08\/PVC-Large6.jpg 300w, https:\/\/isopllc.com\/be\/wp-content\/uploads\/sites\/15\/2024\/08\/PVC-Large6-150x150.jpg 150w, https:\/\/isopllc.com\/be\/wp-content\/uploads\/sites\/15\/2024\/08\/PVC-Large6-100x100.jpg 100w\" sizes=\"auto, (max-width: 300px) 100vw, 300px\" \/><\/p>\n<h4 class=\"a-spacing-mini\">R\u00e9sistant aux Intemp\u00e9ries<\/h4>\n<p class=\"a-spacing-base\">d\u00e9al pour les environnements ext\u00e9rieurs, le cabinet d&rsquo;extincteur en PVC est con\u00e7u pour prot\u00e9ger votre extincteur de la pluie, de la poussi\u00e8re et des UV. Ses propri\u00e9t\u00e9s r\u00e9sistantes aux intemp\u00e9ries garantissent que l&rsquo;extincteur reste dans un \u00e9tat optimal, ind\u00e9pendamment des \u00e9l\u00e9ments externes.<\/p>\n<\/div>\n<p>Notre <strong>armoire \u00e0 extincteur<\/strong> constitue une solution parfaite pour s\u00e9curiser vos espaces. Ce <strong>bo\u00eetier pour extincteur<\/strong>, fabriqu\u00e9 avec des mat\u00e9riaux solides et r\u00e9sistants, garantit une protection optimale de vos dispositifs de s\u00e9curit\u00e9 incendie. Dot\u00e9 d\u2019un design \u00e9l\u00e9gant et pratique, ce <strong>coffret extincteur<\/strong> s\u2019adapte harmonieusement \u00e0 tous les environnements, qu\u2019il s\u2019agisse de bureaux, de maisons ou d\u2019ateliers. Gr\u00e2ce \u00e0 cette armoire, le <strong>rangement extincteur<\/strong> est \u00e0 la fois organis\u00e9 et accessible, permettant une intervention rapide en cas de besoin. Facile \u00e0 installer et polyvalente, elle r\u00e9pond aussi bien aux attentes des particuliers qu\u2019\u00e0 celles des professionnels, assurant une protection fiable et efficace au quotidien.<\/p>\n<\/div>\n<\/div>\n<\/div>\n<\/div>\n<\/div>\n<\/div>\n<\/div>\n","protected":false},"excerpt":{"rendered":"[embed]https:\/\/www.youtube.com\/shorts\/_Zq_WWXati8[\/embed]\n<h4 id=\"title\" class=\"a-size-large a-spacing-none\">Bo\u00eeter pour Extincteur Grand pour Format de 5 kg &#8211; Armoire D&rsquo;extincteur Int\u00e9rieure\/Ext\u00e9rieure &#8211; Armoire Murale D&rsquo;extincteur &#8211; Montage d&rsquo;extincteur<\/h4>\n<p style=\"text-align: center\">LIVRAISON GRATUITE SOUS 3 \u00c0 7 JOURS<\/p>\n<h4 style=\"text-align: center\"><strong>ACHETEZ-LE SUR<\/strong><\/h4>\n<h4 style=\"text-align: center\"><a href=\"https:\/\/www.amazon.com.be\/dp\/B0D7J7LJ33\/ref=sr_1_1?crid=1BCGBYICC21CE&amp;dib=eyJ2IjoiMSJ9.FmGlA_2k_TSwPG6q3wM4Nw.5EkfMWR0wRVrMVlYyT6px1DIOZ971_XSzLssEfS1QzU&amp;dib_tag=se&amp;keywords=ISOP%20Extincteur%20En%20Plastic&amp;qid=1723449060&amp;s=home-improvement&amp;sprefix=%2Chome-improvement%2C866&amp;sr=1-1&amp;th=1\"><img loading=\"lazy\" decoding=\"async\" class=\"aligncenter wp-image-1040 size-full\" src=\"https:\/\/isopllc.com\/be\/wp-content\/uploads\/sites\/15\/2020\/01\/amazon-button9.png\" alt=\"\" width=\"160\" height=\"59\" \/><\/a><\/h4>\n","protected":false},"featured_media":5142,"comment_status":"open","ping_status":"closed","template":"","meta":[],"product_brand":[],"product_cat":[178,173],"product_tag":[48,172,45,50,49,40,39],"class_list":{"0":"post-5133","1":"product","2":"type-product","3":"status-publish","4":"has-post-thumbnail","6":"product_cat-accessoires-pour-echelles-de-secours","7":"product_cat-supports-pour-extincteurs","8":"product_tag-boite-en-plastique","9":"product_tag-boiter-pour-extincteur","10":"product_tag-extincteur","11":"product_tag-grand-format","12":"product_tag-isop","13":"product_tag-protection","14":"product_tag-securite","16":"first","17":"instock","18":"shipping-taxable","19":"purchasable","20":"product-type-simple"},"_links":{"self":[{"href":"https:\/\/isopllc.com\/be\/wp-json\/wp\/v2\/product\/5133","targetHints":{"allow":["GET"]}}],"collection":[{"href":"https:\/\/isopllc.com\/be\/wp-json\/wp\/v2\/product"}],"about":[{"href":"https:\/\/isopllc.com\/be\/wp-json\/wp\/v2\/types\/product"}],"replies":[{"embeddable":true,"href":"https:\/\/isopllc.com\/be\/wp-json\/wp\/v2\/comments?post=5133"}],"wp:featuredmedia":[{"embeddable":true,"href":"https:\/\/isopllc.com\/be\/wp-json\/wp\/v2\/media\/5142"}],"wp:attachment":[{"href":"https:\/\/isopllc.com\/be\/wp-json\/wp\/v2\/media?parent=5133"}],"wp:term":[{"taxonomy":"product_brand","embeddable":true,"href":"https:\/\/isopllc.com\/be\/wp-json\/wp\/v2\/product_brand?post=5133"},{"taxonomy":"product_cat","embeddable":true,"href":"https:\/\/isopllc.com\/be\/wp-json\/wp\/v2\/product_cat?post=5133"},{"taxonomy":"product_tag","embeddable":true,"href":"https:\/\/isopllc.com\/be\/wp-json\/wp\/v2\/product_tag?post=5133"}],"curies":[{"name":"wp","href":"https:\/\/api.w.org\/{rel}","templated":true}]}}